{"id":23411,"date":"2024-10-06T18:03:06","date_gmt":"2024-10-06T15:03:06","guid":{"rendered":"https:\/\/nirigs.com\/produit\/mars-barre-de-chcocolat-fourre-au-nougat-et-caramel-51-g\/"},"modified":"2025-02-02T14:38:14","modified_gmt":"2025-02-02T11:38:14","slug":"mars-barre-de-chcocolat-fourre-au-nougat-et-caramel-51-g","status":"publish","type":"product","link":"https:\/\/nirigs.com\/ar\/product\/mars-barre-de-chcocolat-fourre-au-nougat-et-caramel-51-g\/","title":{"rendered":"Mars &#8211; Barre de chcocolat fourr\u00e9 au nougat et caramel &#8211; 51 g"},"content":{"rendered":"<p>Les barres chocolat\u00e9es MARS\u00ae sont un m\u00e9lange irr\u00e9sistible de chocolat, de caramel et de nougat. La barre de chocolat MARS\u00ae originale, qui a fait ses preuves, a \u00e9t\u00e9 cr\u00e9\u00e9e par Forrest Mars en 1932 et est depuis lors un produit tr\u00e8s appr\u00e9ci\u00e9.<\/p>\n<h4>\u0645\u0643\u0648\u0646\u0627\u062a :<\/h4>\n<p>SUCRE, SIROP DE GLUCOSE, LAIT \u00c9CR\u00c9M\u00c9 EN POUDRE, BEURRE DE CACAO, P\u00c2TE DE CACAO, HUILE DE TOURNESOL, GRAISSE DE LAIT, LACTOSE ET PROT\u00c9INES DE LACTOS\u00c9RUM (DE LAIT), POUDRE DE LACTOS\u00c9RUM (DE LAIT), GRAISSE DE PALME, CACAO D\u00c9GRAISS\u00c9, EXTRAIT DE MALT D&rsquo;ORGE, \u00c9MULSIFIANT (L\u00c9CITHINE DE SOJA), SEL, BLANC D&rsquo;\u0152UF EN POUDRE, PROT\u00c9INES DE LAIT, EXTRAIT NATUREL DE VANILLE, LE CHOCOLAT AU LAIT CONTIENT DES EXTRAITS SECS DE LAIT \u00c0 HAUTEUR DE 14% MINIMUM,<\/p>\n<p><strong>LE CHOCOLAT AU LAIT CONTIENT DES GRAISSES V\u00c9G\u00c9TALES EN PLUS DU BEURRE DE CACAO.<\/strong><\/p>\n<p><strong>PEUT CONTENIR : ARACHIDE.<\/strong><\/p>","protected":false},"excerpt":{"rendered":"<p>Les barres chocolat\u00e9es MARS\u00ae sont un m\u00e9lange irr\u00e9sistible de chocolat, de caramel et de nougat. La barre de chocolat MARS\u00ae<\/p>","protected":false},"featured_media":23570,"comment_status":"open","ping_status":"closed","template":"","meta":[],"pwb-brand":[1159],"product_brand":[],"product_cat":[1155,1126,275],"product_tag":[],"class_list":{"0":"post-23411","1":"product","2":"type-product","3":"status-publish","4":"has-post-thumbnail","6":"pwb-brand-mars","7":"product_cat-barres-et-tablettes-de-chocolat","8":"product_cat-en-cas-et-friandises","9":"product_cat-epicerie","11":"first","12":"instock","13":"shipping-taxable","14":"purchasable","15":"product-type-simple"},"yoast_head":"<!-- This site is optimized with the Yoast SEO plugin v27.4 - https:\/\/yoast.com\/product\/yoast-seo-wordpress\/ -->\n<title>Mars - Barre de chcocolat fourr\u00e9 au nougat et caramel - 51 g - NIRIGS<\/title>\n<meta name=\"robots\" content=\"index, follow, max-snippet:-1, max-image-preview:large, max-video-preview:-1\" \/>\n<link rel=\"canonical\" href=\"https:\/\/nirigs.com\/ar\/product\/mars-barre-de-chcocolat-fourre-au-nougat-et-caramel-51-g\/\" \/>\n<meta property=\"og:locale\" content=\"ar_AR\" \/>\n<meta property=\"og:type\" content=\"article\" \/>\n<meta property=\"og:title\" content=\"Mars - Barre de chcocolat fourr\u00e9 au nougat et caramel - 51 g - NIRIGS\" \/>\n<meta property=\"og:description\" content=\"Les barres chocolat\u00e9es MARS\u00ae sont un m\u00e9lange irr\u00e9sistible de chocolat, de caramel et de nougat. La barre de chocolat MARS\u00ae\" \/>\n<meta property=\"og:url\" content=\"https:\/\/nirigs.com\/ar\/product\/mars-barre-de-chcocolat-fourre-au-nougat-et-caramel-51-g\/\" \/>\n<meta property=\"og:site_name\" content=\"NIRIGS\" \/>\n<meta property=\"article:modified_time\" content=\"2025-02-02T11:38:14+00:00\" \/>\n<meta property=\"og:image\" content=\"https:\/\/nirigs.com\/wp-content\/uploads\/2024\/10\/Mars-Barre-de-chcocolat-fourre-au-nougat-et-caramel-51-g.jpg\" \/>\n\t<meta property=\"og:image:width\" content=\"1000\" \/>\n\t<meta property=\"og:image:height\" content=\"1000\" \/>\n\t<meta property=\"og:image:type\" content=\"image\/jpeg\" \/>\n<meta name=\"twitter:card\" content=\"summary_large_image\" \/>\n<meta name=\"twitter:label1\" content=\"\u0648\u0642\u062a \u0627\u0644\u0642\u0631\u0627\u0621\u0629 \u0627\u0644\u0645\u064f\u0642\u062f\u0651\u0631\" \/>\n\t<meta name=\"twitter:data1\" content=\"\u062f\u0642\u064a\u0642\u0629 \u0648\u0627\u062d\u062f\u0629\" \/>\n<script type=\"application\/ld+json\" class=\"yoast-schema-graph\">{\"@context\":\"https:\\\/\\\/schema.org\",\"@graph\":[{\"@type\":\"WebPage\",\"@id\":\"https:\\\/\\\/nirigs.com\\\/ar\\\/product\\\/mars-barre-de-chcocolat-fourre-au-nougat-et-caramel-51-g\\\/\",\"url\":\"https:\\\/\\\/nirigs.com\\\/ar\\\/product\\\/mars-barre-de-chcocolat-fourre-au-nougat-et-caramel-51-g\\\/\",\"name\":\"Mars - Barre de chcocolat fourr\u00e9 au nougat et caramel - 51 g - NIRIGS\",\"isPartOf\":{\"@id\":\"https:\\\/\\\/nirigs.com\\\/#website\"},\"primaryImageOfPage\":{\"@id\":\"https:\\\/\\\/nirigs.com\\\/ar\\\/product\\\/mars-barre-de-chcocolat-fourre-au-nougat-et-caramel-51-g\\\/#primaryimage\"},\"image\":{\"@id\":\"https:\\\/\\\/nirigs.com\\\/ar\\\/product\\\/mars-barre-de-chcocolat-fourre-au-nougat-et-caramel-51-g\\\/#primaryimage\"},\"thumbnailUrl\":\"https:\\\/\\\/nirigs.com\\\/wp-content\\\/uploads\\\/2024\\\/10\\\/Mars-Barre-de-chcocolat-fourre-au-nougat-et-caramel-51-g.jpg\",\"datePublished\":\"2024-10-06T15:03:06+00:00\",\"dateModified\":\"2025-02-02T11:38:14+00:00\",\"breadcrumb\":{\"@id\":\"https:\\\/\\\/nirigs.com\\\/ar\\\/product\\\/mars-barre-de-chcocolat-fourre-au-nougat-et-caramel-51-g\\\/#breadcrumb\"},\"inLanguage\":\"ar\",\"potentialAction\":[{\"@type\":\"ReadAction\",\"target\":[\"https:\\\/\\\/nirigs.com\\\/ar\\\/product\\\/mars-barre-de-chcocolat-fourre-au-nougat-et-caramel-51-g\\\/\"]}]},{\"@type\":\"ImageObject\",\"inLanguage\":\"ar\",\"@id\":\"https:\\\/\\\/nirigs.com\\\/ar\\\/product\\\/mars-barre-de-chcocolat-fourre-au-nougat-et-caramel-51-g\\\/#primaryimage\",\"url\":\"https:\\\/\\\/nirigs.com\\\/wp-content\\\/uploads\\\/2024\\\/10\\\/Mars-Barre-de-chcocolat-fourre-au-nougat-et-caramel-51-g.jpg\",\"contentUrl\":\"https:\\\/\\\/nirigs.com\\\/wp-content\\\/uploads\\\/2024\\\/10\\\/Mars-Barre-de-chcocolat-fourre-au-nougat-et-caramel-51-g.jpg\",\"width\":1000,\"height\":1000},{\"@type\":\"BreadcrumbList\",\"@id\":\"https:\\\/\\\/nirigs.com\\\/ar\\\/product\\\/mars-barre-de-chcocolat-fourre-au-nougat-et-caramel-51-g\\\/#breadcrumb\",\"itemListElement\":[{\"@type\":\"ListItem\",\"position\":1,\"name\":\"Home\",\"item\":\"https:\\\/\\\/nirigs.com\\\/\"},{\"@type\":\"ListItem\",\"position\":2,\"name\":\"Parcourir\",\"item\":\"https:\\\/\\\/nirigs.com\\\/boutique\\\/\"},{\"@type\":\"ListItem\",\"position\":3,\"name\":\"Mars &#8211; Barre de chcocolat fourr\u00e9 au nougat et caramel &#8211; 51 g\"}]},{\"@type\":\"WebSite\",\"@id\":\"https:\\\/\\\/nirigs.com\\\/#website\",\"url\":\"https:\\\/\\\/nirigs.com\\\/\",\"name\":\"Nirigs.com\",\"description\":\"Simplifiez vos achats du quotidien \u00e0 Djibouti\",\"publisher\":{\"@id\":\"https:\\\/\\\/nirigs.com\\\/#organization\"},\"potentialAction\":[{\"@type\":\"SearchAction\",\"target\":{\"@type\":\"EntryPoint\",\"urlTemplate\":\"https:\\\/\\\/nirigs.com\\\/?s={search_term_string}\"},\"query-input\":{\"@type\":\"PropertyValueSpecification\",\"valueRequired\":true,\"valueName\":\"search_term_string\"}}],\"inLanguage\":\"ar\"},{\"@type\":\"Organization\",\"@id\":\"https:\\\/\\\/nirigs.com\\\/#organization\",\"name\":\"Nirigs\",\"url\":\"https:\\\/\\\/nirigs.com\\\/\",\"logo\":{\"@type\":\"ImageObject\",\"inLanguage\":\"ar\",\"@id\":\"https:\\\/\\\/nirigs.com\\\/#\\\/schema\\\/logo\\\/image\\\/\",\"url\":\"https:\\\/\\\/nirigs.com\\\/wp-content\\\/uploads\\\/2025\\\/04\\\/Design-sans-titre-27.png\",\"contentUrl\":\"https:\\\/\\\/nirigs.com\\\/wp-content\\\/uploads\\\/2025\\\/04\\\/Design-sans-titre-27.png\",\"width\":500,\"height\":500,\"caption\":\"Nirigs\"},\"image\":{\"@id\":\"https:\\\/\\\/nirigs.com\\\/#\\\/schema\\\/logo\\\/image\\\/\"}}]}<\/script>\n<!-- \/ Yoast SEO plugin. -->","yoast_head_json":{"title":"Mars - Barre de chcocolat fourr\u00e9 au nougat et caramel - 51 g - NIRIGS","robots":{"index":"index","follow":"follow","max-snippet":"max-snippet:-1","max-image-preview":"max-image-preview:large","max-video-preview":"max-video-preview:-1"},"canonical":"https:\/\/nirigs.com\/ar\/product\/mars-barre-de-chcocolat-fourre-au-nougat-et-caramel-51-g\/","og_locale":"ar_AR","og_type":"article","og_title":"Mars - Barre de chcocolat fourr\u00e9 au nougat et caramel - 51 g - NIRIGS","og_description":"Les barres chocolat\u00e9es MARS\u00ae sont un m\u00e9lange irr\u00e9sistible de chocolat, de caramel et de nougat. La barre de chocolat MARS\u00ae","og_url":"https:\/\/nirigs.com\/ar\/product\/mars-barre-de-chcocolat-fourre-au-nougat-et-caramel-51-g\/","og_site_name":"NIRIGS","article_modified_time":"2025-02-02T11:38:14+00:00","og_image":[{"width":1000,"height":1000,"url":"https:\/\/nirigs.com\/wp-content\/uploads\/2024\/10\/Mars-Barre-de-chcocolat-fourre-au-nougat-et-caramel-51-g.jpg","type":"image\/jpeg"}],"twitter_card":"summary_large_image","twitter_misc":{"\u0648\u0642\u062a \u0627\u0644\u0642\u0631\u0627\u0621\u0629 \u0627\u0644\u0645\u064f\u0642\u062f\u0651\u0631":"\u062f\u0642\u064a\u0642\u0629 \u0648\u0627\u062d\u062f\u0629"},"schema":{"@context":"https:\/\/schema.org","@graph":[{"@type":"WebPage","@id":"https:\/\/nirigs.com\/ar\/product\/mars-barre-de-chcocolat-fourre-au-nougat-et-caramel-51-g\/","url":"https:\/\/nirigs.com\/ar\/product\/mars-barre-de-chcocolat-fourre-au-nougat-et-caramel-51-g\/","name":"Mars - Barre de chcocolat fourr\u00e9 au nougat et caramel - 51 g - NIRIGS","isPartOf":{"@id":"https:\/\/nirigs.com\/#website"},"primaryImageOfPage":{"@id":"https:\/\/nirigs.com\/ar\/product\/mars-barre-de-chcocolat-fourre-au-nougat-et-caramel-51-g\/#primaryimage"},"image":{"@id":"https:\/\/nirigs.com\/ar\/product\/mars-barre-de-chcocolat-fourre-au-nougat-et-caramel-51-g\/#primaryimage"},"thumbnailUrl":"https:\/\/nirigs.com\/wp-content\/uploads\/2024\/10\/Mars-Barre-de-chcocolat-fourre-au-nougat-et-caramel-51-g.jpg","datePublished":"2024-10-06T15:03:06+00:00","dateModified":"2025-02-02T11:38:14+00:00","breadcrumb":{"@id":"https:\/\/nirigs.com\/ar\/product\/mars-barre-de-chcocolat-fourre-au-nougat-et-caramel-51-g\/#breadcrumb"},"inLanguage":"ar","potentialAction":[{"@type":"ReadAction","target":["https:\/\/nirigs.com\/ar\/product\/mars-barre-de-chcocolat-fourre-au-nougat-et-caramel-51-g\/"]}]},{"@type":"ImageObject","inLanguage":"ar","@id":"https:\/\/nirigs.com\/ar\/product\/mars-barre-de-chcocolat-fourre-au-nougat-et-caramel-51-g\/#primaryimage","url":"https:\/\/nirigs.com\/wp-content\/uploads\/2024\/10\/Mars-Barre-de-chcocolat-fourre-au-nougat-et-caramel-51-g.jpg","contentUrl":"https:\/\/nirigs.com\/wp-content\/uploads\/2024\/10\/Mars-Barre-de-chcocolat-fourre-au-nougat-et-caramel-51-g.jpg","width":1000,"height":1000},{"@type":"BreadcrumbList","@id":"https:\/\/nirigs.com\/ar\/product\/mars-barre-de-chcocolat-fourre-au-nougat-et-caramel-51-g\/#breadcrumb","itemListElement":[{"@type":"ListItem","position":1,"name":"Home","item":"https:\/\/nirigs.com\/"},{"@type":"ListItem","position":2,"name":"Parcourir","item":"https:\/\/nirigs.com\/boutique\/"},{"@type":"ListItem","position":3,"name":"Mars &#8211; Barre de chcocolat fourr\u00e9 au nougat et caramel &#8211; 51 g"}]},{"@type":"WebSite","@id":"https:\/\/nirigs.com\/#website","url":"https:\/\/nirigs.com\/","name":"Nirigs.com","description":"Simplifiez vos achats du quotidien \u00e0 Djibouti","publisher":{"@id":"https:\/\/nirigs.com\/#organization"},"potentialAction":[{"@type":"SearchAction","target":{"@type":"EntryPoint","urlTemplate":"https:\/\/nirigs.com\/?s={search_term_string}"},"query-input":{"@type":"PropertyValueSpecification","valueRequired":true,"valueName":"search_term_string"}}],"inLanguage":"ar"},{"@type":"Organization","@id":"https:\/\/nirigs.com\/#organization","name":"\u0646\u064a\u0631\u064a\u062c\u0633","url":"https:\/\/nirigs.com\/","logo":{"@type":"ImageObject","inLanguage":"ar","@id":"https:\/\/nirigs.com\/#\/schema\/logo\/image\/","url":"https:\/\/nirigs.com\/wp-content\/uploads\/2025\/04\/Design-sans-titre-27.png","contentUrl":"https:\/\/nirigs.com\/wp-content\/uploads\/2025\/04\/Design-sans-titre-27.png","width":500,"height":500,"caption":"Nirigs"},"image":{"@id":"https:\/\/nirigs.com\/#\/schema\/logo\/image\/"}}]}},"brands":[{"id":1159,"name":"Mars","slug":"mars"}],"_links":{"self":[{"href":"https:\/\/nirigs.com\/ar\/wp-json\/wp\/v2\/product\/23411","targetHints":{"allow":["GET"]}}],"collection":[{"href":"https:\/\/nirigs.com\/ar\/wp-json\/wp\/v2\/product"}],"about":[{"href":"https:\/\/nirigs.com\/ar\/wp-json\/wp\/v2\/types\/product"}],"replies":[{"embeddable":true,"href":"https:\/\/nirigs.com\/ar\/wp-json\/wp\/v2\/comments?post=23411"}],"version-history":[{"count":3,"href":"https:\/\/nirigs.com\/ar\/wp-json\/wp\/v2\/product\/23411\/revisions"}],"predecessor-version":[{"id":23568,"href":"https:\/\/nirigs.com\/ar\/wp-json\/wp\/v2\/product\/23411\/revisions\/23568"}],"wp:featuredmedia":[{"embeddable":true,"href":"https:\/\/nirigs.com\/ar\/wp-json\/wp\/v2\/media\/23570"}],"wp:attachment":[{"href":"https:\/\/nirigs.com\/ar\/wp-json\/wp\/v2\/media?parent=23411"}],"wp:term":[{"taxonomy":"pwb-brand","embeddable":true,"href":"https:\/\/nirigs.com\/ar\/wp-json\/wp\/v2\/pwb-brand?post=23411"},{"taxonomy":"product_brand","embeddable":true,"href":"https:\/\/nirigs.com\/ar\/wp-json\/wp\/v2\/product_brand?post=23411"},{"taxonomy":"product_cat","embeddable":true,"href":"https:\/\/nirigs.com\/ar\/wp-json\/wp\/v2\/product_cat?post=23411"},{"taxonomy":"product_tag","embeddable":true,"href":"https:\/\/nirigs.com\/ar\/wp-json\/wp\/v2\/product_tag?post=23411"}],"curies":[{"name":"wp","href":"https:\/\/api.w.org\/{rel}","templated":true}]}}