{"id":23408,"date":"2024-10-06T18:03:05","date_gmt":"2024-10-06T15:03:05","guid":{"rendered":"https:\/\/nirigs.com\/produit\/nestle-crunch-chocolat-blanc-et-cereales-croustillantes-100-g\/"},"modified":"2025-03-16T11:13:26","modified_gmt":"2025-03-16T08:13:26","slug":"nestle-crunch-chocolat-blanc-et-cereales-croustillantes-100-g","status":"publish","type":"product","link":"https:\/\/nirigs.com\/ar\/product\/nestle-crunch-chocolat-blanc-et-cereales-croustillantes-100-g\/","title":{"rendered":"Nestl\u00e9 &#8211; Crunch &#8211; Chocolat blanc et c\u00e9r\u00e9ales croustillantes &#8211; 100 g"},"content":{"rendered":"<p>D\u00e9couvrez le go\u00fbt d\u00e9licieusement irr\u00e9sistible du chocolat blanc Nestl\u00e9 Crunch. Compos\u00e9e de 100 g de chocolat blanc cr\u00e9meux de haute qualit\u00e9, cette friandise promet une sensation gustative. Le chocolat est infus\u00e9 de morceaux de riz croustillants, cr\u00e9ant un d\u00e9licieux croquant \u00e0 chaque bouch\u00e9e. Chaque bouch\u00e9e de cette friandise pr\u00e9f\u00e9r\u00e9e des Britanniques offre un m\u00e9lange exquis de douceur et de texture. Il est parfait pour ceux qui ont envie d&rsquo;un en-cas luxueux ou qui souhaitent ajouter une touche gourmande \u00e0 leurs pr\u00e9parations culinaires. Cette tablette de chocolat blanc t\u00e9moigne de l&rsquo;engagement de Nestl\u00e9 en mati\u00e8re de qualit\u00e9 et de saveur. Savourez le contraste all\u00e9chant entre l&rsquo;onctuosit\u00e9 du chocolat et le croustillant du riz. Plus qu&rsquo;une simple tablette de chocolat, c&rsquo;est une exp\u00e9rience. Plongez dans le monde du chocolat blanc Nestl\u00e9 Crunch, o\u00f9 le plaisir rencontre le croquant. Faites plaisir \u00e0 vos sens et satisfaites votre gourmandise d\u00e8s aujourd&rsquo;hui.<\/p>\n<div class=\"product-content__title\">\n<h4 class=\"product-content__title-text c-text c-text--size-m c-text--style-p c-text--bold\">\u0645\u0643\u0648\u0646\u0627\u062a<\/h4>\n<\/div>\n<div class=\"product-content__content c-text c-text--size-s c-text--style-p\">\n<div>Ingr\u00e9dients: Sucre, beurre de cacao*, LAIT entier en poudre, c\u00e9r\u00e9ales croustillantes (10%) farine de riz, sucre, concentr\u00e9 de prot\u00e9ines de PETIT-LAIT, poudre \u00e0 lever (carbonates de sodium), huile de tournesol, sel, ar\u00f4me naturel de vanille, sirop de glucose, \u00e9mulsifiant (l\u00e9cithines), ar\u00f4me naturel de vanille. Peut contenir : FRUITS A COQUE.<\/div>\n<\/div>","protected":false},"excerpt":{"rendered":"<p>D\u00e9couvrez le go\u00fbt d\u00e9licieusement irr\u00e9sistible du chocolat blanc Nestl\u00e9 Crunch. Compos\u00e9e de 100 g de chocolat blanc cr\u00e9meux de haute<\/p>","protected":false},"featured_media":23584,"comment_status":"open","ping_status":"closed","template":"","meta":[],"pwb-brand":[1161],"product_brand":[],"product_cat":[1155,1126,275],"product_tag":[],"class_list":{"0":"post-23408","1":"product","2":"type-product","3":"status-publish","4":"has-post-thumbnail","6":"pwb-brand-nestle","7":"product_cat-barres-et-tablettes-de-chocolat","8":"product_cat-en-cas-et-friandises","9":"product_cat-epicerie","11":"first","12":"instock","13":"shipping-taxable","14":"purchasable","15":"product-type-simple"},"yoast_head":"<!-- This site is optimized with the Yoast SEO plugin v27.1.1 - https:\/\/yoast.com\/product\/yoast-seo-wordpress\/ -->\n<title>Nestl\u00e9 - Crunch - Chocolat blanc et c\u00e9r\u00e9ales croustillantes - 100 g - NIRIGS<\/title>\n<meta name=\"robots\" content=\"index, follow, max-snippet:-1, max-image-preview:large, max-video-preview:-1\" \/>\n<link rel=\"canonical\" href=\"https:\/\/nirigs.com\/ar\/product\/nestle-crunch-chocolat-blanc-et-cereales-croustillantes-100-g\/\" \/>\n<meta property=\"og:locale\" content=\"ar_AR\" \/>\n<meta property=\"og:type\" content=\"article\" \/>\n<meta property=\"og:title\" content=\"Nestl\u00e9 - Crunch - Chocolat blanc et c\u00e9r\u00e9ales croustillantes - 100 g - NIRIGS\" \/>\n<meta property=\"og:description\" content=\"D\u00e9couvrez le go\u00fbt d\u00e9licieusement irr\u00e9sistible du chocolat blanc Nestl\u00e9 Crunch. Compos\u00e9e de 100 g de chocolat blanc cr\u00e9meux de haute\" \/>\n<meta property=\"og:url\" content=\"https:\/\/nirigs.com\/ar\/product\/nestle-crunch-chocolat-blanc-et-cereales-croustillantes-100-g\/\" \/>\n<meta property=\"og:site_name\" content=\"NIRIGS\" \/>\n<meta property=\"article:modified_time\" content=\"2025-03-16T08:13:26+00:00\" \/>\n<meta property=\"og:image\" content=\"https:\/\/nirigs.com\/wp-content\/uploads\/2024\/10\/Nestle-Crunch-Chocolat-blanc-et-cereales-croustillantes-100-g.jpg\" \/>\n\t<meta property=\"og:image:width\" content=\"1000\" \/>\n\t<meta property=\"og:image:height\" content=\"1000\" \/>\n\t<meta property=\"og:image:type\" content=\"image\/jpeg\" \/>\n<meta name=\"twitter:card\" content=\"summary_large_image\" \/>\n<meta name=\"twitter:label1\" content=\"\u0648\u0642\u062a \u0627\u0644\u0642\u0631\u0627\u0621\u0629 \u0627\u0644\u0645\u064f\u0642\u062f\u0651\u0631\" \/>\n\t<meta name=\"twitter:data1\" content=\"\u062f\u0642\u064a\u0642\u0629 \u0648\u0627\u062d\u062f\u0629\" \/>\n<script type=\"application\/ld+json\" class=\"yoast-schema-graph\">{\"@context\":\"https:\/\/schema.org\",\"@graph\":[{\"@type\":\"WebPage\",\"@id\":\"https:\/\/nirigs.com\/ar\/product\/nestle-crunch-chocolat-blanc-et-cereales-croustillantes-100-g\/\",\"url\":\"https:\/\/nirigs.com\/ar\/product\/nestle-crunch-chocolat-blanc-et-cereales-croustillantes-100-g\/\",\"name\":\"Nestl\u00e9 - Crunch - Chocolat blanc et c\u00e9r\u00e9ales croustillantes - 100 g - NIRIGS\",\"isPartOf\":{\"@id\":\"https:\/\/nirigs.com\/#website\"},\"primaryImageOfPage\":{\"@id\":\"https:\/\/nirigs.com\/ar\/product\/nestle-crunch-chocolat-blanc-et-cereales-croustillantes-100-g\/#primaryimage\"},\"image\":{\"@id\":\"https:\/\/nirigs.com\/ar\/product\/nestle-crunch-chocolat-blanc-et-cereales-croustillantes-100-g\/#primaryimage\"},\"thumbnailUrl\":\"https:\/\/nirigs.com\/wp-content\/uploads\/2024\/10\/Nestle-Crunch-Chocolat-blanc-et-cereales-croustillantes-100-g.jpg\",\"datePublished\":\"2024-10-06T15:03:05+00:00\",\"dateModified\":\"2025-03-16T08:13:26+00:00\",\"breadcrumb\":{\"@id\":\"https:\/\/nirigs.com\/ar\/product\/nestle-crunch-chocolat-blanc-et-cereales-croustillantes-100-g\/#breadcrumb\"},\"inLanguage\":\"ar\",\"potentialAction\":[{\"@type\":\"ReadAction\",\"target\":[\"https:\/\/nirigs.com\/ar\/product\/nestle-crunch-chocolat-blanc-et-cereales-croustillantes-100-g\/\"]}]},{\"@type\":\"ImageObject\",\"inLanguage\":\"ar\",\"@id\":\"https:\/\/nirigs.com\/ar\/product\/nestle-crunch-chocolat-blanc-et-cereales-croustillantes-100-g\/#primaryimage\",\"url\":\"https:\/\/nirigs.com\/wp-content\/uploads\/2024\/10\/Nestle-Crunch-Chocolat-blanc-et-cereales-croustillantes-100-g.jpg\",\"contentUrl\":\"https:\/\/nirigs.com\/wp-content\/uploads\/2024\/10\/Nestle-Crunch-Chocolat-blanc-et-cereales-croustillantes-100-g.jpg\",\"width\":1000,\"height\":1000},{\"@type\":\"BreadcrumbList\",\"@id\":\"https:\/\/nirigs.com\/ar\/product\/nestle-crunch-chocolat-blanc-et-cereales-croustillantes-100-g\/#breadcrumb\",\"itemListElement\":[{\"@type\":\"ListItem\",\"position\":1,\"name\":\"Home\",\"item\":\"https:\/\/nirigs.com\/\"},{\"@type\":\"ListItem\",\"position\":2,\"name\":\"Parcourir\",\"item\":\"https:\/\/nirigs.com\/boutique\/\"},{\"@type\":\"ListItem\",\"position\":3,\"name\":\"Nestl\u00e9 &#8211; Crunch &#8211; Chocolat blanc et c\u00e9r\u00e9ales croustillantes &#8211; 100 g\"}]},{\"@type\":\"WebSite\",\"@id\":\"https:\/\/nirigs.com\/#website\",\"url\":\"https:\/\/nirigs.com\/\",\"name\":\"Nirigs.com\",\"description\":\"Simplifiez vos achats du quotidien \u00e0 Djibouti\",\"publisher\":{\"@id\":\"https:\/\/nirigs.com\/#organization\"},\"potentialAction\":[{\"@type\":\"SearchAction\",\"target\":{\"@type\":\"EntryPoint\",\"urlTemplate\":\"https:\/\/nirigs.com\/?s={search_term_string}\"},\"query-input\":{\"@type\":\"PropertyValueSpecification\",\"valueRequired\":true,\"valueName\":\"search_term_string\"}}],\"inLanguage\":\"ar\"},{\"@type\":\"Organization\",\"@id\":\"https:\/\/nirigs.com\/#organization\",\"name\":\"Nirigs\",\"url\":\"https:\/\/nirigs.com\/\",\"logo\":{\"@type\":\"ImageObject\",\"inLanguage\":\"ar\",\"@id\":\"https:\/\/nirigs.com\/#\/schema\/logo\/image\/\",\"url\":\"https:\/\/nirigs.com\/wp-content\/uploads\/2025\/04\/Design-sans-titre-27.png\",\"contentUrl\":\"https:\/\/nirigs.com\/wp-content\/uploads\/2025\/04\/Design-sans-titre-27.png\",\"width\":500,\"height\":500,\"caption\":\"Nirigs\"},\"image\":{\"@id\":\"https:\/\/nirigs.com\/#\/schema\/logo\/image\/\"}}]}<\/script>\n<!-- \/ Yoast SEO plugin. -->","yoast_head_json":{"title":"Nestl\u00e9 - Crunch - Chocolat blanc et c\u00e9r\u00e9ales croustillantes - 100 g - NIRIGS","robots":{"index":"index","follow":"follow","max-snippet":"max-snippet:-1","max-image-preview":"max-image-preview:large","max-video-preview":"max-video-preview:-1"},"canonical":"https:\/\/nirigs.com\/ar\/product\/nestle-crunch-chocolat-blanc-et-cereales-croustillantes-100-g\/","og_locale":"ar_AR","og_type":"article","og_title":"Nestl\u00e9 - Crunch - Chocolat blanc et c\u00e9r\u00e9ales croustillantes - 100 g - NIRIGS","og_description":"D\u00e9couvrez le go\u00fbt d\u00e9licieusement irr\u00e9sistible du chocolat blanc Nestl\u00e9 Crunch. Compos\u00e9e de 100 g de chocolat blanc cr\u00e9meux de haute","og_url":"https:\/\/nirigs.com\/ar\/product\/nestle-crunch-chocolat-blanc-et-cereales-croustillantes-100-g\/","og_site_name":"NIRIGS","article_modified_time":"2025-03-16T08:13:26+00:00","og_image":[{"width":1000,"height":1000,"url":"https:\/\/nirigs.com\/wp-content\/uploads\/2024\/10\/Nestle-Crunch-Chocolat-blanc-et-cereales-croustillantes-100-g.jpg","type":"image\/jpeg"}],"twitter_card":"summary_large_image","twitter_misc":{"\u0648\u0642\u062a \u0627\u0644\u0642\u0631\u0627\u0621\u0629 \u0627\u0644\u0645\u064f\u0642\u062f\u0651\u0631":"\u062f\u0642\u064a\u0642\u0629 \u0648\u0627\u062d\u062f\u0629"},"schema":{"@context":"https:\/\/schema.org","@graph":[{"@type":"WebPage","@id":"https:\/\/nirigs.com\/ar\/product\/nestle-crunch-chocolat-blanc-et-cereales-croustillantes-100-g\/","url":"https:\/\/nirigs.com\/ar\/product\/nestle-crunch-chocolat-blanc-et-cereales-croustillantes-100-g\/","name":"Nestl\u00e9 - Crunch - Chocolat blanc et c\u00e9r\u00e9ales croustillantes - 100 g - NIRIGS","isPartOf":{"@id":"https:\/\/nirigs.com\/#website"},"primaryImageOfPage":{"@id":"https:\/\/nirigs.com\/ar\/product\/nestle-crunch-chocolat-blanc-et-cereales-croustillantes-100-g\/#primaryimage"},"image":{"@id":"https:\/\/nirigs.com\/ar\/product\/nestle-crunch-chocolat-blanc-et-cereales-croustillantes-100-g\/#primaryimage"},"thumbnailUrl":"https:\/\/nirigs.com\/wp-content\/uploads\/2024\/10\/Nestle-Crunch-Chocolat-blanc-et-cereales-croustillantes-100-g.jpg","datePublished":"2024-10-06T15:03:05+00:00","dateModified":"2025-03-16T08:13:26+00:00","breadcrumb":{"@id":"https:\/\/nirigs.com\/ar\/product\/nestle-crunch-chocolat-blanc-et-cereales-croustillantes-100-g\/#breadcrumb"},"inLanguage":"ar","potentialAction":[{"@type":"ReadAction","target":["https:\/\/nirigs.com\/ar\/product\/nestle-crunch-chocolat-blanc-et-cereales-croustillantes-100-g\/"]}]},{"@type":"ImageObject","inLanguage":"ar","@id":"https:\/\/nirigs.com\/ar\/product\/nestle-crunch-chocolat-blanc-et-cereales-croustillantes-100-g\/#primaryimage","url":"https:\/\/nirigs.com\/wp-content\/uploads\/2024\/10\/Nestle-Crunch-Chocolat-blanc-et-cereales-croustillantes-100-g.jpg","contentUrl":"https:\/\/nirigs.com\/wp-content\/uploads\/2024\/10\/Nestle-Crunch-Chocolat-blanc-et-cereales-croustillantes-100-g.jpg","width":1000,"height":1000},{"@type":"BreadcrumbList","@id":"https:\/\/nirigs.com\/ar\/product\/nestle-crunch-chocolat-blanc-et-cereales-croustillantes-100-g\/#breadcrumb","itemListElement":[{"@type":"ListItem","position":1,"name":"Home","item":"https:\/\/nirigs.com\/"},{"@type":"ListItem","position":2,"name":"Parcourir","item":"https:\/\/nirigs.com\/boutique\/"},{"@type":"ListItem","position":3,"name":"Nestl\u00e9 &#8211; Crunch &#8211; Chocolat blanc et c\u00e9r\u00e9ales croustillantes &#8211; 100 g"}]},{"@type":"WebSite","@id":"https:\/\/nirigs.com\/#website","url":"https:\/\/nirigs.com\/","name":"Nirigs.com","description":"Simplifiez vos achats du quotidien \u00e0 Djibouti","publisher":{"@id":"https:\/\/nirigs.com\/#organization"},"potentialAction":[{"@type":"SearchAction","target":{"@type":"EntryPoint","urlTemplate":"https:\/\/nirigs.com\/?s={search_term_string}"},"query-input":{"@type":"PropertyValueSpecification","valueRequired":true,"valueName":"search_term_string"}}],"inLanguage":"ar"},{"@type":"Organization","@id":"https:\/\/nirigs.com\/#organization","name":"\u0646\u064a\u0631\u064a\u062c\u0633","url":"https:\/\/nirigs.com\/","logo":{"@type":"ImageObject","inLanguage":"ar","@id":"https:\/\/nirigs.com\/#\/schema\/logo\/image\/","url":"https:\/\/nirigs.com\/wp-content\/uploads\/2025\/04\/Design-sans-titre-27.png","contentUrl":"https:\/\/nirigs.com\/wp-content\/uploads\/2025\/04\/Design-sans-titre-27.png","width":500,"height":500,"caption":"Nirigs"},"image":{"@id":"https:\/\/nirigs.com\/#\/schema\/logo\/image\/"}}]}},"brands":[{"id":1161,"name":"Nestl\u00e9","slug":"nestle"}],"_links":{"self":[{"href":"https:\/\/nirigs.com\/ar\/wp-json\/wp\/v2\/product\/23408","targetHints":{"allow":["GET"]}}],"collection":[{"href":"https:\/\/nirigs.com\/ar\/wp-json\/wp\/v2\/product"}],"about":[{"href":"https:\/\/nirigs.com\/ar\/wp-json\/wp\/v2\/types\/product"}],"replies":[{"embeddable":true,"href":"https:\/\/nirigs.com\/ar\/wp-json\/wp\/v2\/comments?post=23408"}],"version-history":[{"count":2,"href":"https:\/\/nirigs.com\/ar\/wp-json\/wp\/v2\/product\/23408\/revisions"}],"predecessor-version":[{"id":23582,"href":"https:\/\/nirigs.com\/ar\/wp-json\/wp\/v2\/product\/23408\/revisions\/23582"}],"wp:featuredmedia":[{"embeddable":true,"href":"https:\/\/nirigs.com\/ar\/wp-json\/wp\/v2\/media\/23584"}],"wp:attachment":[{"href":"https:\/\/nirigs.com\/ar\/wp-json\/wp\/v2\/media?parent=23408"}],"wp:term":[{"taxonomy":"pwb-brand","embeddable":true,"href":"https:\/\/nirigs.com\/ar\/wp-json\/wp\/v2\/pwb-brand?post=23408"},{"taxonomy":"product_brand","embeddable":true,"href":"https:\/\/nirigs.com\/ar\/wp-json\/wp\/v2\/product_brand?post=23408"},{"taxonomy":"product_cat","embeddable":true,"href":"https:\/\/nirigs.com\/ar\/wp-json\/wp\/v2\/product_cat?post=23408"},{"taxonomy":"product_tag","embeddable":true,"href":"https:\/\/nirigs.com\/ar\/wp-json\/wp\/v2\/product_tag?post=23408"}],"curies":[{"name":"wp","href":"https:\/\/api.w.org\/{rel}","templated":true}]}}