{"id":23406,"date":"2024-10-06T18:03:05","date_gmt":"2024-10-06T15:03:05","guid":{"rendered":"https:\/\/nirigs.com\/produit\/milka-chocolat-au-lait-du-pays-alpin-avec-daim-100-g\/"},"modified":"2025-02-02T14:40:34","modified_gmt":"2025-02-02T11:40:34","slug":"milka-chocolat-au-lait-du-pays-alpin-avec-daim-100-g","status":"publish","type":"product","link":"https:\/\/nirigs.com\/ar\/product\/milka-chocolat-au-lait-du-pays-alpin-avec-daim-100-g\/","title":{"rendered":"Milka &#8211; Chocolat au lait du pays alpin avec daim &#8211; 100 g"},"content":{"rendered":"<p>D\u00e9couvrez Milka Daim, une alliance surprenante et unique entre le tendre chocolat au lait Milka et les irr\u00e9sistibles \u00e9clats de caramel croquant Daim. Pour un moment de pur plaisir et de d\u00e9tente \u00e0 d\u00e9guster en famille!<\/p>\n<div class=\"product-content__title\">\n<h4 class=\"product-content__title-text c-text c-text--size-m c-text--style-p c-text--bold\">\u0645\u0643\u0648\u0646\u0627\u062a<\/h4>\n<\/div>\n<div class=\"product-content__content c-text c-text--size-s c-text--style-p\">\n<div>Sucre, beurre de cacao, p\u00e2te de cacao, LAIT\u00a0\u00e9cr\u00e9m\u00e9 en poudre, lactos\u00e9rum en poudre (de\u00a0LAIT), huile de palme,\u00a0BEURRE\u00a0concentr\u00e9,\u00a0AMANDES\u00a0(1 %),\u00a0LAIT\u00a0\u00e9cr\u00e9m\u00e9 concentr\u00e9 sucr\u00e9, \u00e9mulsifiant (l\u00e9cithines de\u00a0SOJA), p\u00e2te de\u00a0NOISETTE, sel, perm\u00e9at de lactos\u00e9rum (de\u00a0LAIT), ar\u00f4mes. PEUT CONTENIR\u00a0BL\u00c9.<\/div>\n<\/div>","protected":false},"excerpt":{"rendered":"<p>D\u00e9couvrez Milka Daim, une alliance surprenante et unique entre le tendre chocolat au lait Milka et les irr\u00e9sistibles \u00e9clats de<\/p>","protected":false},"featured_media":23596,"comment_status":"open","ping_status":"closed","template":"","meta":[],"pwb-brand":[1162],"product_brand":[],"product_cat":[1155,1126,275],"product_tag":[],"class_list":{"0":"post-23406","1":"product","2":"type-product","3":"status-publish","4":"has-post-thumbnail","6":"pwb-brand-milka","7":"product_cat-barres-et-tablettes-de-chocolat","8":"product_cat-en-cas-et-friandises","9":"product_cat-epicerie","11":"first","12":"instock","13":"shipping-taxable","14":"purchasable","15":"product-type-simple"},"yoast_head":"<!-- This site is optimized with the Yoast SEO plugin v27.4 - https:\/\/yoast.com\/product\/yoast-seo-wordpress\/ -->\n<title>Milka - Chocolat au lait du pays alpin avec daim - 100 g - NIRIGS<\/title>\n<meta name=\"robots\" content=\"index, follow, max-snippet:-1, max-image-preview:large, max-video-preview:-1\" \/>\n<link rel=\"canonical\" href=\"https:\/\/nirigs.com\/ar\/product\/milka-chocolat-au-lait-du-pays-alpin-avec-daim-100-g\/\" \/>\n<meta property=\"og:locale\" content=\"ar_AR\" \/>\n<meta property=\"og:type\" content=\"article\" \/>\n<meta property=\"og:title\" content=\"Milka - Chocolat au lait du pays alpin avec daim - 100 g - NIRIGS\" \/>\n<meta property=\"og:description\" content=\"D\u00e9couvrez Milka Daim, une alliance surprenante et unique entre le tendre chocolat au lait Milka et les irr\u00e9sistibles \u00e9clats de\" \/>\n<meta property=\"og:url\" content=\"https:\/\/nirigs.com\/ar\/product\/milka-chocolat-au-lait-du-pays-alpin-avec-daim-100-g\/\" \/>\n<meta property=\"og:site_name\" content=\"NIRIGS\" \/>\n<meta property=\"article:modified_time\" content=\"2025-02-02T11:40:34+00:00\" \/>\n<meta property=\"og:image\" content=\"https:\/\/nirigs.com\/wp-content\/uploads\/2024\/10\/Milka-Chocolat-au-lait-du-pays-alpin-avec-daim-100-g.jpg\" \/>\n\t<meta property=\"og:image:width\" content=\"1000\" \/>\n\t<meta property=\"og:image:height\" content=\"1000\" \/>\n\t<meta property=\"og:image:type\" content=\"image\/jpeg\" \/>\n<meta name=\"twitter:card\" content=\"summary_large_image\" \/>\n<script type=\"application\/ld+json\" class=\"yoast-schema-graph\">{\"@context\":\"https:\\\/\\\/schema.org\",\"@graph\":[{\"@type\":\"WebPage\",\"@id\":\"https:\\\/\\\/nirigs.com\\\/product\\\/milka-chocolat-au-lait-du-pays-alpin-avec-daim-100-g\\\/\",\"url\":\"https:\\\/\\\/nirigs.com\\\/product\\\/milka-chocolat-au-lait-du-pays-alpin-avec-daim-100-g\\\/\",\"name\":\"Milka - Chocolat au lait du pays alpin avec daim - 100 g - NIRIGS\",\"isPartOf\":{\"@id\":\"https:\\\/\\\/nirigs.com\\\/#website\"},\"primaryImageOfPage\":{\"@id\":\"https:\\\/\\\/nirigs.com\\\/product\\\/milka-chocolat-au-lait-du-pays-alpin-avec-daim-100-g\\\/#primaryimage\"},\"image\":{\"@id\":\"https:\\\/\\\/nirigs.com\\\/product\\\/milka-chocolat-au-lait-du-pays-alpin-avec-daim-100-g\\\/#primaryimage\"},\"thumbnailUrl\":\"https:\\\/\\\/nirigs.com\\\/wp-content\\\/uploads\\\/2024\\\/10\\\/Milka-Chocolat-au-lait-du-pays-alpin-avec-daim-100-g.jpg\",\"datePublished\":\"2024-10-06T15:03:05+00:00\",\"dateModified\":\"2025-02-02T11:40:34+00:00\",\"breadcrumb\":{\"@id\":\"https:\\\/\\\/nirigs.com\\\/product\\\/milka-chocolat-au-lait-du-pays-alpin-avec-daim-100-g\\\/#breadcrumb\"},\"inLanguage\":\"ar\",\"potentialAction\":[{\"@type\":\"ReadAction\",\"target\":[\"https:\\\/\\\/nirigs.com\\\/product\\\/milka-chocolat-au-lait-du-pays-alpin-avec-daim-100-g\\\/\"]}]},{\"@type\":\"ImageObject\",\"inLanguage\":\"ar\",\"@id\":\"https:\\\/\\\/nirigs.com\\\/product\\\/milka-chocolat-au-lait-du-pays-alpin-avec-daim-100-g\\\/#primaryimage\",\"url\":\"https:\\\/\\\/nirigs.com\\\/wp-content\\\/uploads\\\/2024\\\/10\\\/Milka-Chocolat-au-lait-du-pays-alpin-avec-daim-100-g.jpg\",\"contentUrl\":\"https:\\\/\\\/nirigs.com\\\/wp-content\\\/uploads\\\/2024\\\/10\\\/Milka-Chocolat-au-lait-du-pays-alpin-avec-daim-100-g.jpg\",\"width\":1000,\"height\":1000},{\"@type\":\"BreadcrumbList\",\"@id\":\"https:\\\/\\\/nirigs.com\\\/product\\\/milka-chocolat-au-lait-du-pays-alpin-avec-daim-100-g\\\/#breadcrumb\",\"itemListElement\":[{\"@type\":\"ListItem\",\"position\":1,\"name\":\"Home\",\"item\":\"https:\\\/\\\/nirigs.com\\\/\"},{\"@type\":\"ListItem\",\"position\":2,\"name\":\"Parcourir\",\"item\":\"https:\\\/\\\/nirigs.com\\\/boutique\\\/\"},{\"@type\":\"ListItem\",\"position\":3,\"name\":\"Milka &#8211; Chocolat au lait du pays alpin avec daim &#8211; 100 g\"}]},{\"@type\":\"WebSite\",\"@id\":\"https:\\\/\\\/nirigs.com\\\/#website\",\"url\":\"https:\\\/\\\/nirigs.com\\\/\",\"name\":\"Nirigs.com\",\"description\":\"Simplifiez vos achats du quotidien \u00e0 Djibouti\",\"publisher\":{\"@id\":\"https:\\\/\\\/nirigs.com\\\/#organization\"},\"potentialAction\":[{\"@type\":\"SearchAction\",\"target\":{\"@type\":\"EntryPoint\",\"urlTemplate\":\"https:\\\/\\\/nirigs.com\\\/?s={search_term_string}\"},\"query-input\":{\"@type\":\"PropertyValueSpecification\",\"valueRequired\":true,\"valueName\":\"search_term_string\"}}],\"inLanguage\":\"ar\"},{\"@type\":\"Organization\",\"@id\":\"https:\\\/\\\/nirigs.com\\\/#organization\",\"name\":\"Nirigs\",\"url\":\"https:\\\/\\\/nirigs.com\\\/\",\"logo\":{\"@type\":\"ImageObject\",\"inLanguage\":\"ar\",\"@id\":\"https:\\\/\\\/nirigs.com\\\/#\\\/schema\\\/logo\\\/image\\\/\",\"url\":\"https:\\\/\\\/nirigs.com\\\/wp-content\\\/uploads\\\/2025\\\/04\\\/Design-sans-titre-27.png\",\"contentUrl\":\"https:\\\/\\\/nirigs.com\\\/wp-content\\\/uploads\\\/2025\\\/04\\\/Design-sans-titre-27.png\",\"width\":500,\"height\":500,\"caption\":\"Nirigs\"},\"image\":{\"@id\":\"https:\\\/\\\/nirigs.com\\\/#\\\/schema\\\/logo\\\/image\\\/\"}}]}<\/script>\n<!-- \/ Yoast SEO plugin. -->","yoast_head_json":{"title":"Milka - Chocolat au lait du pays alpin avec daim - 100 g - NIRIGS","robots":{"index":"index","follow":"follow","max-snippet":"max-snippet:-1","max-image-preview":"max-image-preview:large","max-video-preview":"max-video-preview:-1"},"canonical":"https:\/\/nirigs.com\/ar\/product\/milka-chocolat-au-lait-du-pays-alpin-avec-daim-100-g\/","og_locale":"ar_AR","og_type":"article","og_title":"Milka - Chocolat au lait du pays alpin avec daim - 100 g - NIRIGS","og_description":"D\u00e9couvrez Milka Daim, une alliance surprenante et unique entre le tendre chocolat au lait Milka et les irr\u00e9sistibles \u00e9clats de","og_url":"https:\/\/nirigs.com\/ar\/product\/milka-chocolat-au-lait-du-pays-alpin-avec-daim-100-g\/","og_site_name":"NIRIGS","article_modified_time":"2025-02-02T11:40:34+00:00","og_image":[{"width":1000,"height":1000,"url":"https:\/\/nirigs.com\/wp-content\/uploads\/2024\/10\/Milka-Chocolat-au-lait-du-pays-alpin-avec-daim-100-g.jpg","type":"image\/jpeg"}],"twitter_card":"summary_large_image","schema":{"@context":"https:\/\/schema.org","@graph":[{"@type":"WebPage","@id":"https:\/\/nirigs.com\/product\/milka-chocolat-au-lait-du-pays-alpin-avec-daim-100-g\/","url":"https:\/\/nirigs.com\/product\/milka-chocolat-au-lait-du-pays-alpin-avec-daim-100-g\/","name":"Milka - Chocolat au lait du pays alpin avec daim - 100 g - NIRIGS","isPartOf":{"@id":"https:\/\/nirigs.com\/#website"},"primaryImageOfPage":{"@id":"https:\/\/nirigs.com\/product\/milka-chocolat-au-lait-du-pays-alpin-avec-daim-100-g\/#primaryimage"},"image":{"@id":"https:\/\/nirigs.com\/product\/milka-chocolat-au-lait-du-pays-alpin-avec-daim-100-g\/#primaryimage"},"thumbnailUrl":"https:\/\/nirigs.com\/wp-content\/uploads\/2024\/10\/Milka-Chocolat-au-lait-du-pays-alpin-avec-daim-100-g.jpg","datePublished":"2024-10-06T15:03:05+00:00","dateModified":"2025-02-02T11:40:34+00:00","breadcrumb":{"@id":"https:\/\/nirigs.com\/product\/milka-chocolat-au-lait-du-pays-alpin-avec-daim-100-g\/#breadcrumb"},"inLanguage":"ar","potentialAction":[{"@type":"ReadAction","target":["https:\/\/nirigs.com\/product\/milka-chocolat-au-lait-du-pays-alpin-avec-daim-100-g\/"]}]},{"@type":"ImageObject","inLanguage":"ar","@id":"https:\/\/nirigs.com\/product\/milka-chocolat-au-lait-du-pays-alpin-avec-daim-100-g\/#primaryimage","url":"https:\/\/nirigs.com\/wp-content\/uploads\/2024\/10\/Milka-Chocolat-au-lait-du-pays-alpin-avec-daim-100-g.jpg","contentUrl":"https:\/\/nirigs.com\/wp-content\/uploads\/2024\/10\/Milka-Chocolat-au-lait-du-pays-alpin-avec-daim-100-g.jpg","width":1000,"height":1000},{"@type":"BreadcrumbList","@id":"https:\/\/nirigs.com\/product\/milka-chocolat-au-lait-du-pays-alpin-avec-daim-100-g\/#breadcrumb","itemListElement":[{"@type":"ListItem","position":1,"name":"Home","item":"https:\/\/nirigs.com\/"},{"@type":"ListItem","position":2,"name":"Parcourir","item":"https:\/\/nirigs.com\/boutique\/"},{"@type":"ListItem","position":3,"name":"Milka &#8211; Chocolat au lait du pays alpin avec daim &#8211; 100 g"}]},{"@type":"WebSite","@id":"https:\/\/nirigs.com\/#website","url":"https:\/\/nirigs.com\/","name":"Nirigs.com","description":"Simplifiez vos achats du quotidien \u00e0 Djibouti","publisher":{"@id":"https:\/\/nirigs.com\/#organization"},"potentialAction":[{"@type":"SearchAction","target":{"@type":"EntryPoint","urlTemplate":"https:\/\/nirigs.com\/?s={search_term_string}"},"query-input":{"@type":"PropertyValueSpecification","valueRequired":true,"valueName":"search_term_string"}}],"inLanguage":"ar"},{"@type":"Organization","@id":"https:\/\/nirigs.com\/#organization","name":"\u0646\u064a\u0631\u064a\u062c\u0633","url":"https:\/\/nirigs.com\/","logo":{"@type":"ImageObject","inLanguage":"ar","@id":"https:\/\/nirigs.com\/#\/schema\/logo\/image\/","url":"https:\/\/nirigs.com\/wp-content\/uploads\/2025\/04\/Design-sans-titre-27.png","contentUrl":"https:\/\/nirigs.com\/wp-content\/uploads\/2025\/04\/Design-sans-titre-27.png","width":500,"height":500,"caption":"Nirigs"},"image":{"@id":"https:\/\/nirigs.com\/#\/schema\/logo\/image\/"}}]}},"brands":[{"id":1162,"name":"Milka","slug":"milka"}],"_links":{"self":[{"href":"https:\/\/nirigs.com\/ar\/wp-json\/wp\/v2\/product\/23406","targetHints":{"allow":["GET"]}}],"collection":[{"href":"https:\/\/nirigs.com\/ar\/wp-json\/wp\/v2\/product"}],"about":[{"href":"https:\/\/nirigs.com\/ar\/wp-json\/wp\/v2\/types\/product"}],"replies":[{"embeddable":true,"href":"https:\/\/nirigs.com\/ar\/wp-json\/wp\/v2\/comments?post=23406"}],"version-history":[{"count":2,"href":"https:\/\/nirigs.com\/ar\/wp-json\/wp\/v2\/product\/23406\/revisions"}],"predecessor-version":[{"id":23594,"href":"https:\/\/nirigs.com\/ar\/wp-json\/wp\/v2\/product\/23406\/revisions\/23594"}],"wp:featuredmedia":[{"embeddable":true,"href":"https:\/\/nirigs.com\/ar\/wp-json\/wp\/v2\/media\/23596"}],"wp:attachment":[{"href":"https:\/\/nirigs.com\/ar\/wp-json\/wp\/v2\/media?parent=23406"}],"wp:term":[{"taxonomy":"pwb-brand","embeddable":true,"href":"https:\/\/nirigs.com\/ar\/wp-json\/wp\/v2\/pwb-brand?post=23406"},{"taxonomy":"product_brand","embeddable":true,"href":"https:\/\/nirigs.com\/ar\/wp-json\/wp\/v2\/product_brand?post=23406"},{"taxonomy":"product_cat","embeddable":true,"href":"https:\/\/nirigs.com\/ar\/wp-json\/wp\/v2\/product_cat?post=23406"},{"taxonomy":"product_tag","embeddable":true,"href":"https:\/\/nirigs.com\/ar\/wp-json\/wp\/v2\/product_tag?post=23406"}],"curies":[{"name":"wp","href":"https:\/\/api.w.org\/{rel}","templated":true}]}}