{"id":23404,"date":"2024-10-06T18:03:04","date_gmt":"2024-10-06T15:03:04","guid":{"rendered":"https:\/\/nirigs.com\/produit\/casino-biscuits-cigarettes-gourmandes-180-g\/"},"modified":"2025-02-02T14:40:49","modified_gmt":"2025-02-02T11:40:49","slug":"casino-biscuits-cigarettes-gourmandes-180-g","status":"publish","type":"product","link":"https:\/\/nirigs.com\/ar\/product\/casino-biscuits-cigarettes-gourmandes-180-g\/","title":{"rendered":"Casino &#8211; Biscuits cigarettes gourmandes &#8211; 180 g"},"content":{"rendered":"<p>\u0627\u0644 <strong>Biscuits Cigarettes Gourmandes de Casino<\/strong> (180 g) sont des douceurs d\u00e9licates et croustillantes, id\u00e9ales pour sublimer vos desserts ou pour un plaisir gourmand \u00e0 tout moment de la journ\u00e9e. Leurs fines couches l\u00e9g\u00e8res et croquantes offrent une texture parfaite pour accompagner une glace, une mousse, ou tout simplement une tasse de caf\u00e9 ou de th\u00e9. Ces biscuits traditionnels, \u00e9galement appel\u00e9s \u00ab\u00a0cigarettes russes\u00a0\u00bb, sont confectionn\u00e9s avec soin pour apporter une touche \u00e9l\u00e9gante \u00e0 chaque bouch\u00e9e.<\/p>\n<h4>\u0645\u0643\u0648\u0646\u0627\u062a<\/h4>\n<p>Sucre &#8211; farine de bl\u00e9 &#8211; graisses et huile v\u00e9g\u00e9tales (palme, coco, colza) &#8211; blanc d&rsquo;oeuf &#8211; lait \u00e9cr\u00e9m\u00e9 en poudre &#8211; sel &#8211; \u00e9mulsifiant : mono &#8211; et diglyc\u00e9rides d&rsquo;acides gras &#8211; ar\u00f4me naturel. traces de fruits \u00e0 coque.<\/p>","protected":false},"excerpt":{"rendered":"<p>Les Biscuits Cigarettes Gourmandes de Casino (180 g) sont des douceurs d\u00e9licates et croustillantes, id\u00e9ales pour sublimer vos desserts ou<\/p>","protected":false},"featured_media":23609,"comment_status":"open","ping_status":"closed","template":"","meta":[],"pwb-brand":[843],"product_brand":[],"product_cat":[1164,1126,275,1163],"product_tag":[],"class_list":{"0":"post-23404","1":"product","2":"type-product","3":"status-publish","4":"has-post-thumbnail","6":"pwb-brand-casino","7":"product_cat-biscuits-snacks","8":"product_cat-en-cas-et-friandises","9":"product_cat-epicerie","10":"product_cat-snacks","12":"first","13":"instock","14":"shipping-taxable","15":"purchasable","16":"product-type-simple"},"yoast_head":"<!-- This site is optimized with the Yoast SEO plugin v27.1.1 - https:\/\/yoast.com\/product\/yoast-seo-wordpress\/ -->\n<title>Casino - Biscuits cigarettes gourmandes - 180 g - NIRIGS<\/title>\n<meta name=\"robots\" content=\"index, follow, max-snippet:-1, max-image-preview:large, max-video-preview:-1\" \/>\n<link rel=\"canonical\" href=\"https:\/\/nirigs.com\/ar\/product\/casino-biscuits-cigarettes-gourmandes-180-g\/\" \/>\n<meta property=\"og:locale\" content=\"ar_AR\" \/>\n<meta property=\"og:type\" content=\"article\" \/>\n<meta property=\"og:title\" content=\"Casino - Biscuits cigarettes gourmandes - 180 g - NIRIGS\" \/>\n<meta property=\"og:description\" content=\"Les Biscuits Cigarettes Gourmandes de Casino (180 g) sont des douceurs d\u00e9licates et croustillantes, id\u00e9ales pour sublimer vos desserts ou\" \/>\n<meta property=\"og:url\" content=\"https:\/\/nirigs.com\/ar\/product\/casino-biscuits-cigarettes-gourmandes-180-g\/\" \/>\n<meta property=\"og:site_name\" content=\"NIRIGS\" \/>\n<meta property=\"article:modified_time\" content=\"2025-02-02T11:40:49+00:00\" \/>\n<meta property=\"og:image\" content=\"https:\/\/nirigs.com\/wp-content\/uploads\/2024\/10\/Casino-Biscuits-cigarettes-gourmandes-180-g.jpg\" \/>\n\t<meta property=\"og:image:width\" content=\"1000\" \/>\n\t<meta property=\"og:image:height\" content=\"1000\" \/>\n\t<meta property=\"og:image:type\" content=\"image\/jpeg\" \/>\n<meta name=\"twitter:card\" content=\"summary_large_image\" \/>\n<meta name=\"twitter:label1\" content=\"\u0648\u0642\u062a \u0627\u0644\u0642\u0631\u0627\u0621\u0629 \u0627\u0644\u0645\u064f\u0642\u062f\u0651\u0631\" \/>\n\t<meta name=\"twitter:data1\" content=\"\u062f\u0642\u064a\u0642\u0629 \u0648\u0627\u062d\u062f\u0629\" \/>\n<script type=\"application\/ld+json\" class=\"yoast-schema-graph\">{\"@context\":\"https:\/\/schema.org\",\"@graph\":[{\"@type\":\"WebPage\",\"@id\":\"https:\/\/nirigs.com\/en\/product\/casino-biscuits-cigarettes-gourmandes-180-g\/\",\"url\":\"https:\/\/nirigs.com\/en\/product\/casino-biscuits-cigarettes-gourmandes-180-g\/\",\"name\":\"Casino - Biscuits cigarettes gourmandes - 180 g - NIRIGS\",\"isPartOf\":{\"@id\":\"https:\/\/nirigs.com\/#website\"},\"primaryImageOfPage\":{\"@id\":\"https:\/\/nirigs.com\/en\/product\/casino-biscuits-cigarettes-gourmandes-180-g\/#primaryimage\"},\"image\":{\"@id\":\"https:\/\/nirigs.com\/en\/product\/casino-biscuits-cigarettes-gourmandes-180-g\/#primaryimage\"},\"thumbnailUrl\":\"https:\/\/nirigs.com\/wp-content\/uploads\/2024\/10\/Casino-Biscuits-cigarettes-gourmandes-180-g.jpg\",\"datePublished\":\"2024-10-06T15:03:04+00:00\",\"dateModified\":\"2025-02-02T11:40:49+00:00\",\"breadcrumb\":{\"@id\":\"https:\/\/nirigs.com\/en\/product\/casino-biscuits-cigarettes-gourmandes-180-g\/#breadcrumb\"},\"inLanguage\":\"ar\",\"potentialAction\":[{\"@type\":\"ReadAction\",\"target\":[\"https:\/\/nirigs.com\/en\/product\/casino-biscuits-cigarettes-gourmandes-180-g\/\"]}]},{\"@type\":\"ImageObject\",\"inLanguage\":\"ar\",\"@id\":\"https:\/\/nirigs.com\/en\/product\/casino-biscuits-cigarettes-gourmandes-180-g\/#primaryimage\",\"url\":\"https:\/\/nirigs.com\/wp-content\/uploads\/2024\/10\/Casino-Biscuits-cigarettes-gourmandes-180-g.jpg\",\"contentUrl\":\"https:\/\/nirigs.com\/wp-content\/uploads\/2024\/10\/Casino-Biscuits-cigarettes-gourmandes-180-g.jpg\",\"width\":1000,\"height\":1000},{\"@type\":\"BreadcrumbList\",\"@id\":\"https:\/\/nirigs.com\/en\/product\/casino-biscuits-cigarettes-gourmandes-180-g\/#breadcrumb\",\"itemListElement\":[{\"@type\":\"ListItem\",\"position\":1,\"name\":\"Home\",\"item\":\"https:\/\/nirigs.com\/\"},{\"@type\":\"ListItem\",\"position\":2,\"name\":\"Parcourir\",\"item\":\"https:\/\/nirigs.com\/boutique\/\"},{\"@type\":\"ListItem\",\"position\":3,\"name\":\"Casino &#8211; Biscuits cigarettes gourmandes &#8211; 180 g\"}]},{\"@type\":\"WebSite\",\"@id\":\"https:\/\/nirigs.com\/#website\",\"url\":\"https:\/\/nirigs.com\/\",\"name\":\"Nirigs.com\",\"description\":\"Simplifiez vos achats du quotidien \u00e0 Djibouti\",\"publisher\":{\"@id\":\"https:\/\/nirigs.com\/#organization\"},\"potentialAction\":[{\"@type\":\"SearchAction\",\"target\":{\"@type\":\"EntryPoint\",\"urlTemplate\":\"https:\/\/nirigs.com\/?s={search_term_string}\"},\"query-input\":{\"@type\":\"PropertyValueSpecification\",\"valueRequired\":true,\"valueName\":\"search_term_string\"}}],\"inLanguage\":\"ar\"},{\"@type\":\"Organization\",\"@id\":\"https:\/\/nirigs.com\/#organization\",\"name\":\"Nirigs\",\"url\":\"https:\/\/nirigs.com\/\",\"logo\":{\"@type\":\"ImageObject\",\"inLanguage\":\"ar\",\"@id\":\"https:\/\/nirigs.com\/#\/schema\/logo\/image\/\",\"url\":\"https:\/\/nirigs.com\/wp-content\/uploads\/2025\/04\/Design-sans-titre-27.png\",\"contentUrl\":\"https:\/\/nirigs.com\/wp-content\/uploads\/2025\/04\/Design-sans-titre-27.png\",\"width\":500,\"height\":500,\"caption\":\"Nirigs\"},\"image\":{\"@id\":\"https:\/\/nirigs.com\/#\/schema\/logo\/image\/\"}}]}<\/script>\n<!-- \/ Yoast SEO plugin. -->","yoast_head_json":{"title":"Casino - Biscuits cigarettes gourmandes - 180 g - NIRIGS","robots":{"index":"index","follow":"follow","max-snippet":"max-snippet:-1","max-image-preview":"max-image-preview:large","max-video-preview":"max-video-preview:-1"},"canonical":"https:\/\/nirigs.com\/ar\/product\/casino-biscuits-cigarettes-gourmandes-180-g\/","og_locale":"ar_AR","og_type":"article","og_title":"Casino - Biscuits cigarettes gourmandes - 180 g - NIRIGS","og_description":"Les Biscuits Cigarettes Gourmandes de Casino (180 g) sont des douceurs d\u00e9licates et croustillantes, id\u00e9ales pour sublimer vos desserts ou","og_url":"https:\/\/nirigs.com\/ar\/product\/casino-biscuits-cigarettes-gourmandes-180-g\/","og_site_name":"NIRIGS","article_modified_time":"2025-02-02T11:40:49+00:00","og_image":[{"width":1000,"height":1000,"url":"https:\/\/nirigs.com\/wp-content\/uploads\/2024\/10\/Casino-Biscuits-cigarettes-gourmandes-180-g.jpg","type":"image\/jpeg"}],"twitter_card":"summary_large_image","twitter_misc":{"\u0648\u0642\u062a \u0627\u0644\u0642\u0631\u0627\u0621\u0629 \u0627\u0644\u0645\u064f\u0642\u062f\u0651\u0631":"\u062f\u0642\u064a\u0642\u0629 \u0648\u0627\u062d\u062f\u0629"},"schema":{"@context":"https:\/\/schema.org","@graph":[{"@type":"WebPage","@id":"https:\/\/nirigs.com\/en\/product\/casino-biscuits-cigarettes-gourmandes-180-g\/","url":"https:\/\/nirigs.com\/en\/product\/casino-biscuits-cigarettes-gourmandes-180-g\/","name":"Casino - Biscuits cigarettes gourmandes - 180 g - NIRIGS","isPartOf":{"@id":"https:\/\/nirigs.com\/#website"},"primaryImageOfPage":{"@id":"https:\/\/nirigs.com\/en\/product\/casino-biscuits-cigarettes-gourmandes-180-g\/#primaryimage"},"image":{"@id":"https:\/\/nirigs.com\/en\/product\/casino-biscuits-cigarettes-gourmandes-180-g\/#primaryimage"},"thumbnailUrl":"https:\/\/nirigs.com\/wp-content\/uploads\/2024\/10\/Casino-Biscuits-cigarettes-gourmandes-180-g.jpg","datePublished":"2024-10-06T15:03:04+00:00","dateModified":"2025-02-02T11:40:49+00:00","breadcrumb":{"@id":"https:\/\/nirigs.com\/en\/product\/casino-biscuits-cigarettes-gourmandes-180-g\/#breadcrumb"},"inLanguage":"ar","potentialAction":[{"@type":"ReadAction","target":["https:\/\/nirigs.com\/en\/product\/casino-biscuits-cigarettes-gourmandes-180-g\/"]}]},{"@type":"ImageObject","inLanguage":"ar","@id":"https:\/\/nirigs.com\/en\/product\/casino-biscuits-cigarettes-gourmandes-180-g\/#primaryimage","url":"https:\/\/nirigs.com\/wp-content\/uploads\/2024\/10\/Casino-Biscuits-cigarettes-gourmandes-180-g.jpg","contentUrl":"https:\/\/nirigs.com\/wp-content\/uploads\/2024\/10\/Casino-Biscuits-cigarettes-gourmandes-180-g.jpg","width":1000,"height":1000},{"@type":"BreadcrumbList","@id":"https:\/\/nirigs.com\/en\/product\/casino-biscuits-cigarettes-gourmandes-180-g\/#breadcrumb","itemListElement":[{"@type":"ListItem","position":1,"name":"Home","item":"https:\/\/nirigs.com\/"},{"@type":"ListItem","position":2,"name":"Parcourir","item":"https:\/\/nirigs.com\/boutique\/"},{"@type":"ListItem","position":3,"name":"Casino &#8211; Biscuits cigarettes gourmandes &#8211; 180 g"}]},{"@type":"WebSite","@id":"https:\/\/nirigs.com\/#website","url":"https:\/\/nirigs.com\/","name":"Nirigs.com","description":"Simplifiez vos achats du quotidien \u00e0 Djibouti","publisher":{"@id":"https:\/\/nirigs.com\/#organization"},"potentialAction":[{"@type":"SearchAction","target":{"@type":"EntryPoint","urlTemplate":"https:\/\/nirigs.com\/?s={search_term_string}"},"query-input":{"@type":"PropertyValueSpecification","valueRequired":true,"valueName":"search_term_string"}}],"inLanguage":"ar"},{"@type":"Organization","@id":"https:\/\/nirigs.com\/#organization","name":"\u0646\u064a\u0631\u064a\u062c\u0633","url":"https:\/\/nirigs.com\/","logo":{"@type":"ImageObject","inLanguage":"ar","@id":"https:\/\/nirigs.com\/#\/schema\/logo\/image\/","url":"https:\/\/nirigs.com\/wp-content\/uploads\/2025\/04\/Design-sans-titre-27.png","contentUrl":"https:\/\/nirigs.com\/wp-content\/uploads\/2025\/04\/Design-sans-titre-27.png","width":500,"height":500,"caption":"Nirigs"},"image":{"@id":"https:\/\/nirigs.com\/#\/schema\/logo\/image\/"}}]}},"brands":[{"id":843,"name":"\u0643\u0627\u0632\u064a\u0646\u0648","slug":"casino"}],"_links":{"self":[{"href":"https:\/\/nirigs.com\/ar\/wp-json\/wp\/v2\/product\/23404","targetHints":{"allow":["GET"]}}],"collection":[{"href":"https:\/\/nirigs.com\/ar\/wp-json\/wp\/v2\/product"}],"about":[{"href":"https:\/\/nirigs.com\/ar\/wp-json\/wp\/v2\/types\/product"}],"replies":[{"embeddable":true,"href":"https:\/\/nirigs.com\/ar\/wp-json\/wp\/v2\/comments?post=23404"}],"version-history":[{"count":1,"href":"https:\/\/nirigs.com\/ar\/wp-json\/wp\/v2\/product\/23404\/revisions"}],"predecessor-version":[{"id":23608,"href":"https:\/\/nirigs.com\/ar\/wp-json\/wp\/v2\/product\/23404\/revisions\/23608"}],"wp:featuredmedia":[{"embeddable":true,"href":"https:\/\/nirigs.com\/ar\/wp-json\/wp\/v2\/media\/23609"}],"wp:attachment":[{"href":"https:\/\/nirigs.com\/ar\/wp-json\/wp\/v2\/media?parent=23404"}],"wp:term":[{"taxonomy":"pwb-brand","embeddable":true,"href":"https:\/\/nirigs.com\/ar\/wp-json\/wp\/v2\/pwb-brand?post=23404"},{"taxonomy":"product_brand","embeddable":true,"href":"https:\/\/nirigs.com\/ar\/wp-json\/wp\/v2\/product_brand?post=23404"},{"taxonomy":"product_cat","embeddable":true,"href":"https:\/\/nirigs.com\/ar\/wp-json\/wp\/v2\/product_cat?post=23404"},{"taxonomy":"product_tag","embeddable":true,"href":"https:\/\/nirigs.com\/ar\/wp-json\/wp\/v2\/product_tag?post=23404"}],"curies":[{"name":"wp","href":"https:\/\/api.w.org\/{rel}","templated":true}]}}