{"id":23392,"date":"2024-10-06T18:02:59","date_gmt":"2024-10-06T15:02:59","guid":{"rendered":"https:\/\/nirigs.com\/produit\/casino-mention-bien-chocolat-au-lait-x12-biscuits-150-g\/"},"modified":"2025-02-02T14:43:05","modified_gmt":"2025-02-02T11:43:05","slug":"casino-mention-bien-chocolat-au-lait-x12-biscuits-150-g","status":"publish","type":"product","link":"https:\/\/nirigs.com\/ar\/product\/casino-mention-bien-chocolat-au-lait-x12-biscuits-150-g\/","title":{"rendered":"Casino &#8211; Mention bien chocolat au lait x12 biscuits &#8211; 150 g"},"content":{"rendered":"<p>Savourez le plaisir gourmand avec les biscuits <strong>Mention bien<\/strong> de Casino, garnis d&rsquo;une couche g\u00e9n\u00e9reuse de chocolat au lait. Ces biscuits croquants et fondants sont parfaits pour une pause gourmande, \u00e0 emporter partout gr\u00e2ce \u00e0 leur format pocket. Pratique et id\u00e9al pour les collations ou les pauses caf\u00e9, chaque paquet contient 12 biscuits individuels pour un total de 150 g.<\/p>\n<h4><strong>\u0645\u0643\u0648\u0646\u0627\u062a :<\/strong><\/h4>\n<p>Farine de bl\u00e9, sucre, chocolat au lait (sucre, lait entier en poudre, beurre de cacao, p\u00e2te de cacao), huile de palme, cacao maigre en poudre, poudre \u00e0 lever (carbonate d&rsquo;ammonium, carbonate de sodium), sel.<\/p>\n<h4><strong>\u0645\u0633\u0628\u0628\u0627\u062a \u0627\u0644\u062d\u0633\u0627\u0633\u064a\u0629:<\/strong><\/h4>\n<p>Contient du lait, du gluten, et peut contenir des traces de fruits \u00e0 coque.<\/p>","protected":false},"excerpt":{"rendered":"<p>Savourez le plaisir gourmand avec les biscuits Mention bien de Casino, garnis d&rsquo;une couche g\u00e9n\u00e9reuse de chocolat au lait. Ces<\/p>","protected":false},"featured_media":23644,"comment_status":"open","ping_status":"closed","template":"","meta":[],"pwb-brand":[843],"product_brand":[],"product_cat":[1164,1126,275,1163],"product_tag":[],"class_list":{"0":"post-23392","1":"product","2":"type-product","3":"status-publish","4":"has-post-thumbnail","6":"pwb-brand-casino","7":"product_cat-biscuits-snacks","8":"product_cat-en-cas-et-friandises","9":"product_cat-epicerie","10":"product_cat-snacks","12":"first","13":"instock","14":"shipping-taxable","15":"purchasable","16":"product-type-simple"},"yoast_head":"<!-- This site is optimized with the Yoast SEO plugin v27.1.1 - https:\/\/yoast.com\/product\/yoast-seo-wordpress\/ -->\n<title>Casino - Mention bien chocolat au lait x12 biscuits - 150 g - NIRIGS<\/title>\n<meta name=\"robots\" content=\"index, follow, max-snippet:-1, max-image-preview:large, max-video-preview:-1\" \/>\n<link rel=\"canonical\" href=\"https:\/\/nirigs.com\/ar\/product\/casino-mention-bien-chocolat-au-lait-x12-biscuits-150-g\/\" \/>\n<meta property=\"og:locale\" content=\"ar_AR\" \/>\n<meta property=\"og:type\" content=\"article\" \/>\n<meta property=\"og:title\" content=\"Casino - Mention bien chocolat au lait x12 biscuits - 150 g - NIRIGS\" \/>\n<meta property=\"og:description\" content=\"Savourez le plaisir gourmand avec les biscuits Mention bien de Casino, garnis d&rsquo;une couche g\u00e9n\u00e9reuse de chocolat au lait. Ces\" \/>\n<meta property=\"og:url\" content=\"https:\/\/nirigs.com\/ar\/product\/casino-mention-bien-chocolat-au-lait-x12-biscuits-150-g\/\" \/>\n<meta property=\"og:site_name\" content=\"NIRIGS\" \/>\n<meta property=\"article:modified_time\" content=\"2025-02-02T11:43:05+00:00\" \/>\n<meta property=\"og:image\" content=\"https:\/\/nirigs.com\/wp-content\/uploads\/2024\/10\/Casino-Mention-bien-chocolat-au-lait-x12-biscuits-150-g.jpg\" \/>\n\t<meta property=\"og:image:width\" content=\"1000\" \/>\n\t<meta property=\"og:image:height\" content=\"1000\" \/>\n\t<meta property=\"og:image:type\" content=\"image\/jpeg\" \/>\n<meta name=\"twitter:card\" content=\"summary_large_image\" \/>\n<meta name=\"twitter:label1\" content=\"\u0648\u0642\u062a \u0627\u0644\u0642\u0631\u0627\u0621\u0629 \u0627\u0644\u0645\u064f\u0642\u062f\u0651\u0631\" \/>\n\t<meta name=\"twitter:data1\" content=\"\u062f\u0642\u064a\u0642\u0629 \u0648\u0627\u062d\u062f\u0629\" \/>\n<script type=\"application\/ld+json\" class=\"yoast-schema-graph\">{\"@context\":\"https:\/\/schema.org\",\"@graph\":[{\"@type\":\"WebPage\",\"@id\":\"https:\/\/nirigs.com\/product\/casino-mention-bien-chocolat-au-lait-x12-biscuits-150-g\/\",\"url\":\"https:\/\/nirigs.com\/product\/casino-mention-bien-chocolat-au-lait-x12-biscuits-150-g\/\",\"name\":\"Casino - Mention bien chocolat au lait x12 biscuits - 150 g - NIRIGS\",\"isPartOf\":{\"@id\":\"https:\/\/nirigs.com\/#website\"},\"primaryImageOfPage\":{\"@id\":\"https:\/\/nirigs.com\/product\/casino-mention-bien-chocolat-au-lait-x12-biscuits-150-g\/#primaryimage\"},\"image\":{\"@id\":\"https:\/\/nirigs.com\/product\/casino-mention-bien-chocolat-au-lait-x12-biscuits-150-g\/#primaryimage\"},\"thumbnailUrl\":\"https:\/\/nirigs.com\/wp-content\/uploads\/2024\/10\/Casino-Mention-bien-chocolat-au-lait-x12-biscuits-150-g.jpg\",\"datePublished\":\"2024-10-06T15:02:59+00:00\",\"dateModified\":\"2025-02-02T11:43:05+00:00\",\"breadcrumb\":{\"@id\":\"https:\/\/nirigs.com\/product\/casino-mention-bien-chocolat-au-lait-x12-biscuits-150-g\/#breadcrumb\"},\"inLanguage\":\"ar\",\"potentialAction\":[{\"@type\":\"ReadAction\",\"target\":[\"https:\/\/nirigs.com\/product\/casino-mention-bien-chocolat-au-lait-x12-biscuits-150-g\/\"]}]},{\"@type\":\"ImageObject\",\"inLanguage\":\"ar\",\"@id\":\"https:\/\/nirigs.com\/product\/casino-mention-bien-chocolat-au-lait-x12-biscuits-150-g\/#primaryimage\",\"url\":\"https:\/\/nirigs.com\/wp-content\/uploads\/2024\/10\/Casino-Mention-bien-chocolat-au-lait-x12-biscuits-150-g.jpg\",\"contentUrl\":\"https:\/\/nirigs.com\/wp-content\/uploads\/2024\/10\/Casino-Mention-bien-chocolat-au-lait-x12-biscuits-150-g.jpg\",\"width\":1000,\"height\":1000},{\"@type\":\"BreadcrumbList\",\"@id\":\"https:\/\/nirigs.com\/product\/casino-mention-bien-chocolat-au-lait-x12-biscuits-150-g\/#breadcrumb\",\"itemListElement\":[{\"@type\":\"ListItem\",\"position\":1,\"name\":\"Home\",\"item\":\"https:\/\/nirigs.com\/\"},{\"@type\":\"ListItem\",\"position\":2,\"name\":\"Parcourir\",\"item\":\"https:\/\/nirigs.com\/boutique\/\"},{\"@type\":\"ListItem\",\"position\":3,\"name\":\"Casino &#8211; Mention bien chocolat au lait x12 biscuits &#8211; 150 g\"}]},{\"@type\":\"WebSite\",\"@id\":\"https:\/\/nirigs.com\/#website\",\"url\":\"https:\/\/nirigs.com\/\",\"name\":\"Nirigs.com\",\"description\":\"Simplifiez vos achats du quotidien \u00e0 Djibouti\",\"publisher\":{\"@id\":\"https:\/\/nirigs.com\/#organization\"},\"potentialAction\":[{\"@type\":\"SearchAction\",\"target\":{\"@type\":\"EntryPoint\",\"urlTemplate\":\"https:\/\/nirigs.com\/?s={search_term_string}\"},\"query-input\":{\"@type\":\"PropertyValueSpecification\",\"valueRequired\":true,\"valueName\":\"search_term_string\"}}],\"inLanguage\":\"ar\"},{\"@type\":\"Organization\",\"@id\":\"https:\/\/nirigs.com\/#organization\",\"name\":\"Nirigs\",\"url\":\"https:\/\/nirigs.com\/\",\"logo\":{\"@type\":\"ImageObject\",\"inLanguage\":\"ar\",\"@id\":\"https:\/\/nirigs.com\/#\/schema\/logo\/image\/\",\"url\":\"https:\/\/nirigs.com\/wp-content\/uploads\/2025\/04\/Design-sans-titre-27.png\",\"contentUrl\":\"https:\/\/nirigs.com\/wp-content\/uploads\/2025\/04\/Design-sans-titre-27.png\",\"width\":500,\"height\":500,\"caption\":\"Nirigs\"},\"image\":{\"@id\":\"https:\/\/nirigs.com\/#\/schema\/logo\/image\/\"}}]}<\/script>\n<!-- \/ Yoast SEO plugin. -->","yoast_head_json":{"title":"Casino - Mention bien chocolat au lait x12 biscuits - 150 g - NIRIGS","robots":{"index":"index","follow":"follow","max-snippet":"max-snippet:-1","max-image-preview":"max-image-preview:large","max-video-preview":"max-video-preview:-1"},"canonical":"https:\/\/nirigs.com\/ar\/product\/casino-mention-bien-chocolat-au-lait-x12-biscuits-150-g\/","og_locale":"ar_AR","og_type":"article","og_title":"Casino - Mention bien chocolat au lait x12 biscuits - 150 g - NIRIGS","og_description":"Savourez le plaisir gourmand avec les biscuits Mention bien de Casino, garnis d&rsquo;une couche g\u00e9n\u00e9reuse de chocolat au lait. Ces","og_url":"https:\/\/nirigs.com\/ar\/product\/casino-mention-bien-chocolat-au-lait-x12-biscuits-150-g\/","og_site_name":"NIRIGS","article_modified_time":"2025-02-02T11:43:05+00:00","og_image":[{"width":1000,"height":1000,"url":"https:\/\/nirigs.com\/wp-content\/uploads\/2024\/10\/Casino-Mention-bien-chocolat-au-lait-x12-biscuits-150-g.jpg","type":"image\/jpeg"}],"twitter_card":"summary_large_image","twitter_misc":{"\u0648\u0642\u062a \u0627\u0644\u0642\u0631\u0627\u0621\u0629 \u0627\u0644\u0645\u064f\u0642\u062f\u0651\u0631":"\u062f\u0642\u064a\u0642\u0629 \u0648\u0627\u062d\u062f\u0629"},"schema":{"@context":"https:\/\/schema.org","@graph":[{"@type":"WebPage","@id":"https:\/\/nirigs.com\/product\/casino-mention-bien-chocolat-au-lait-x12-biscuits-150-g\/","url":"https:\/\/nirigs.com\/product\/casino-mention-bien-chocolat-au-lait-x12-biscuits-150-g\/","name":"Casino - Mention bien chocolat au lait x12 biscuits - 150 g - NIRIGS","isPartOf":{"@id":"https:\/\/nirigs.com\/#website"},"primaryImageOfPage":{"@id":"https:\/\/nirigs.com\/product\/casino-mention-bien-chocolat-au-lait-x12-biscuits-150-g\/#primaryimage"},"image":{"@id":"https:\/\/nirigs.com\/product\/casino-mention-bien-chocolat-au-lait-x12-biscuits-150-g\/#primaryimage"},"thumbnailUrl":"https:\/\/nirigs.com\/wp-content\/uploads\/2024\/10\/Casino-Mention-bien-chocolat-au-lait-x12-biscuits-150-g.jpg","datePublished":"2024-10-06T15:02:59+00:00","dateModified":"2025-02-02T11:43:05+00:00","breadcrumb":{"@id":"https:\/\/nirigs.com\/product\/casino-mention-bien-chocolat-au-lait-x12-biscuits-150-g\/#breadcrumb"},"inLanguage":"ar","potentialAction":[{"@type":"ReadAction","target":["https:\/\/nirigs.com\/product\/casino-mention-bien-chocolat-au-lait-x12-biscuits-150-g\/"]}]},{"@type":"ImageObject","inLanguage":"ar","@id":"https:\/\/nirigs.com\/product\/casino-mention-bien-chocolat-au-lait-x12-biscuits-150-g\/#primaryimage","url":"https:\/\/nirigs.com\/wp-content\/uploads\/2024\/10\/Casino-Mention-bien-chocolat-au-lait-x12-biscuits-150-g.jpg","contentUrl":"https:\/\/nirigs.com\/wp-content\/uploads\/2024\/10\/Casino-Mention-bien-chocolat-au-lait-x12-biscuits-150-g.jpg","width":1000,"height":1000},{"@type":"BreadcrumbList","@id":"https:\/\/nirigs.com\/product\/casino-mention-bien-chocolat-au-lait-x12-biscuits-150-g\/#breadcrumb","itemListElement":[{"@type":"ListItem","position":1,"name":"Home","item":"https:\/\/nirigs.com\/"},{"@type":"ListItem","position":2,"name":"Parcourir","item":"https:\/\/nirigs.com\/boutique\/"},{"@type":"ListItem","position":3,"name":"Casino &#8211; Mention bien chocolat au lait x12 biscuits &#8211; 150 g"}]},{"@type":"WebSite","@id":"https:\/\/nirigs.com\/#website","url":"https:\/\/nirigs.com\/","name":"Nirigs.com","description":"Simplifiez vos achats du quotidien \u00e0 Djibouti","publisher":{"@id":"https:\/\/nirigs.com\/#organization"},"potentialAction":[{"@type":"SearchAction","target":{"@type":"EntryPoint","urlTemplate":"https:\/\/nirigs.com\/?s={search_term_string}"},"query-input":{"@type":"PropertyValueSpecification","valueRequired":true,"valueName":"search_term_string"}}],"inLanguage":"ar"},{"@type":"Organization","@id":"https:\/\/nirigs.com\/#organization","name":"\u0646\u064a\u0631\u064a\u062c\u0633","url":"https:\/\/nirigs.com\/","logo":{"@type":"ImageObject","inLanguage":"ar","@id":"https:\/\/nirigs.com\/#\/schema\/logo\/image\/","url":"https:\/\/nirigs.com\/wp-content\/uploads\/2025\/04\/Design-sans-titre-27.png","contentUrl":"https:\/\/nirigs.com\/wp-content\/uploads\/2025\/04\/Design-sans-titre-27.png","width":500,"height":500,"caption":"Nirigs"},"image":{"@id":"https:\/\/nirigs.com\/#\/schema\/logo\/image\/"}}]}},"brands":[{"id":843,"name":"\u0643\u0627\u0632\u064a\u0646\u0648","slug":"casino"}],"_links":{"self":[{"href":"https:\/\/nirigs.com\/ar\/wp-json\/wp\/v2\/product\/23392","targetHints":{"allow":["GET"]}}],"collection":[{"href":"https:\/\/nirigs.com\/ar\/wp-json\/wp\/v2\/product"}],"about":[{"href":"https:\/\/nirigs.com\/ar\/wp-json\/wp\/v2\/types\/product"}],"replies":[{"embeddable":true,"href":"https:\/\/nirigs.com\/ar\/wp-json\/wp\/v2\/comments?post=23392"}],"version-history":[{"count":3,"href":"https:\/\/nirigs.com\/ar\/wp-json\/wp\/v2\/product\/23392\/revisions"}],"predecessor-version":[{"id":23645,"href":"https:\/\/nirigs.com\/ar\/wp-json\/wp\/v2\/product\/23392\/revisions\/23645"}],"wp:featuredmedia":[{"embeddable":true,"href":"https:\/\/nirigs.com\/ar\/wp-json\/wp\/v2\/media\/23644"}],"wp:attachment":[{"href":"https:\/\/nirigs.com\/ar\/wp-json\/wp\/v2\/media?parent=23392"}],"wp:term":[{"taxonomy":"pwb-brand","embeddable":true,"href":"https:\/\/nirigs.com\/ar\/wp-json\/wp\/v2\/pwb-brand?post=23392"},{"taxonomy":"product_brand","embeddable":true,"href":"https:\/\/nirigs.com\/ar\/wp-json\/wp\/v2\/product_brand?post=23392"},{"taxonomy":"product_cat","embeddable":true,"href":"https:\/\/nirigs.com\/ar\/wp-json\/wp\/v2\/product_cat?post=23392"},{"taxonomy":"product_tag","embeddable":true,"href":"https:\/\/nirigs.com\/ar\/wp-json\/wp\/v2\/product_tag?post=23392"}],"curies":[{"name":"wp","href":"https:\/\/api.w.org\/{rel}","templated":true}]}}