{"id":23387,"date":"2024-10-06T18:02:57","date_gmt":"2024-10-06T15:02:57","guid":{"rendered":"https:\/\/nirigs.com\/produit\/casino-speculos-biscuit-a-la-canelle-x2-sachets-fraicheur-500-g\/"},"modified":"2025-02-02T14:46:52","modified_gmt":"2025-02-02T11:46:52","slug":"casino-speculos-biscuit-a-la-canelle-x2-sachets-fraicheur-500-g","status":"publish","type":"product","link":"https:\/\/nirigs.com\/ar\/product\/casino-speculos-biscuit-a-la-canelle-x2-sachets-fraicheur-500-g\/","title":{"rendered":"Casino &#8211; Sp\u00e9culos biscuit \u00e0 la canelle x2 sachets fra\u00eecheur &#8211; 500 g"},"content":{"rendered":"<p>Le <strong>Sp\u00e9culos \u00e0 la cannelle<\/strong> de Casino est un biscuit traditionnel belge au go\u00fbt riche et \u00e9pic\u00e9, avec une d\u00e9licieuse saveur de cannelle. Ces biscuits sont id\u00e9als pour accompagner le caf\u00e9 ou le th\u00e9, ou pour \u00eatre utilis\u00e9s dans des recettes de desserts comme base ou garniture. Le paquet contient deux sachets fra\u00eecheur de 250 g chacun, pour un total de 500 g, garantissant une conservation optimale des biscuits.<\/p>\n<p><strong>Utilisation :<\/strong><\/p>\n<p>Ces biscuits peuvent \u00eatre d\u00e9gust\u00e9s seuls, tremp\u00e9s dans une boisson chaude, ou utilis\u00e9s comme base pour des desserts tels que les cheesecakes ou les crumbles.<\/p>\n<h4><strong>\u0645\u0643\u0648\u0646\u0627\u062a :<\/strong><\/h4>\n<p>Farine de bl\u00e9, sucre, huile de palme, sucre candi, cannelle (2%), sirop de glucose, poudre \u00e0 lever (carbonate de sodium), sel, ar\u00f4me naturel.<\/p>\n<h4><strong>\u0645\u0633\u0628\u0628\u0627\u062a \u0627\u0644\u062d\u0633\u0627\u0633\u064a\u0629:<\/strong><\/h4>\n<p>Contient du gluten, peut contenir des traces de lait et d&rsquo;\u0153ufs.<\/p>\n<h4><\/h4>","protected":false},"excerpt":{"rendered":"<p>Le Sp\u00e9culos \u00e0 la cannelle de Casino est un biscuit traditionnel belge au go\u00fbt riche et \u00e9pic\u00e9, avec une d\u00e9licieuse<\/p>","protected":false},"featured_media":23692,"comment_status":"open","ping_status":"closed","template":"","meta":[],"pwb-brand":[843],"product_brand":[],"product_cat":[1164,1126,275,1163],"product_tag":[],"class_list":{"0":"post-23387","1":"product","2":"type-product","3":"status-publish","4":"has-post-thumbnail","6":"pwb-brand-casino","7":"product_cat-biscuits-snacks","8":"product_cat-en-cas-et-friandises","9":"product_cat-epicerie","10":"product_cat-snacks","12":"first","13":"instock","14":"shipping-taxable","15":"purchasable","16":"product-type-simple"},"yoast_head":"<!-- This site is optimized with the Yoast SEO plugin v27.1.1 - https:\/\/yoast.com\/product\/yoast-seo-wordpress\/ -->\n<title>Casino - Sp\u00e9culos biscuit \u00e0 la canelle x2 sachets fra\u00eecheur - 500 g - NIRIGS<\/title>\n<meta name=\"robots\" content=\"index, follow, max-snippet:-1, max-image-preview:large, max-video-preview:-1\" \/>\n<link rel=\"canonical\" href=\"https:\/\/nirigs.com\/ar\/product\/casino-speculos-biscuit-a-la-canelle-x2-sachets-fraicheur-500-g\/\" \/>\n<meta property=\"og:locale\" content=\"ar_AR\" \/>\n<meta property=\"og:type\" content=\"article\" \/>\n<meta property=\"og:title\" content=\"Casino - Sp\u00e9culos biscuit \u00e0 la canelle x2 sachets fra\u00eecheur - 500 g - NIRIGS\" \/>\n<meta property=\"og:description\" content=\"Le Sp\u00e9culos \u00e0 la cannelle de Casino est un biscuit traditionnel belge au go\u00fbt riche et \u00e9pic\u00e9, avec une d\u00e9licieuse\" \/>\n<meta property=\"og:url\" content=\"https:\/\/nirigs.com\/ar\/product\/casino-speculos-biscuit-a-la-canelle-x2-sachets-fraicheur-500-g\/\" \/>\n<meta property=\"og:site_name\" content=\"NIRIGS\" \/>\n<meta property=\"article:modified_time\" content=\"2025-02-02T11:46:52+00:00\" \/>\n<meta property=\"og:image\" content=\"https:\/\/nirigs.com\/wp-content\/uploads\/2024\/10\/Casino-Speculos-biscuit-a-la-canelle-x2-sachets-fraicheur-500-g.jpg\" \/>\n\t<meta property=\"og:image:width\" content=\"1000\" \/>\n\t<meta property=\"og:image:height\" content=\"1000\" \/>\n\t<meta property=\"og:image:type\" content=\"image\/jpeg\" \/>\n<meta name=\"twitter:card\" content=\"summary_large_image\" \/>\n<meta name=\"twitter:label1\" content=\"\u0648\u0642\u062a \u0627\u0644\u0642\u0631\u0627\u0621\u0629 \u0627\u0644\u0645\u064f\u0642\u062f\u0651\u0631\" \/>\n\t<meta name=\"twitter:data1\" content=\"\u062f\u0642\u064a\u0642\u0629 \u0648\u0627\u062d\u062f\u0629\" \/>\n<script type=\"application\/ld+json\" class=\"yoast-schema-graph\">{\"@context\":\"https:\/\/schema.org\",\"@graph\":[{\"@type\":\"WebPage\",\"@id\":\"https:\/\/nirigs.com\/product\/casino-speculos-biscuit-a-la-canelle-x2-sachets-fraicheur-500-g\/\",\"url\":\"https:\/\/nirigs.com\/product\/casino-speculos-biscuit-a-la-canelle-x2-sachets-fraicheur-500-g\/\",\"name\":\"Casino - Sp\u00e9culos biscuit \u00e0 la canelle x2 sachets fra\u00eecheur - 500 g - NIRIGS\",\"isPartOf\":{\"@id\":\"https:\/\/nirigs.com\/#website\"},\"primaryImageOfPage\":{\"@id\":\"https:\/\/nirigs.com\/product\/casino-speculos-biscuit-a-la-canelle-x2-sachets-fraicheur-500-g\/#primaryimage\"},\"image\":{\"@id\":\"https:\/\/nirigs.com\/product\/casino-speculos-biscuit-a-la-canelle-x2-sachets-fraicheur-500-g\/#primaryimage\"},\"thumbnailUrl\":\"https:\/\/nirigs.com\/wp-content\/uploads\/2024\/10\/Casino-Speculos-biscuit-a-la-canelle-x2-sachets-fraicheur-500-g.jpg\",\"datePublished\":\"2024-10-06T15:02:57+00:00\",\"dateModified\":\"2025-02-02T11:46:52+00:00\",\"breadcrumb\":{\"@id\":\"https:\/\/nirigs.com\/product\/casino-speculos-biscuit-a-la-canelle-x2-sachets-fraicheur-500-g\/#breadcrumb\"},\"inLanguage\":\"ar\",\"potentialAction\":[{\"@type\":\"ReadAction\",\"target\":[\"https:\/\/nirigs.com\/product\/casino-speculos-biscuit-a-la-canelle-x2-sachets-fraicheur-500-g\/\"]}]},{\"@type\":\"ImageObject\",\"inLanguage\":\"ar\",\"@id\":\"https:\/\/nirigs.com\/product\/casino-speculos-biscuit-a-la-canelle-x2-sachets-fraicheur-500-g\/#primaryimage\",\"url\":\"https:\/\/nirigs.com\/wp-content\/uploads\/2024\/10\/Casino-Speculos-biscuit-a-la-canelle-x2-sachets-fraicheur-500-g.jpg\",\"contentUrl\":\"https:\/\/nirigs.com\/wp-content\/uploads\/2024\/10\/Casino-Speculos-biscuit-a-la-canelle-x2-sachets-fraicheur-500-g.jpg\",\"width\":1000,\"height\":1000},{\"@type\":\"BreadcrumbList\",\"@id\":\"https:\/\/nirigs.com\/product\/casino-speculos-biscuit-a-la-canelle-x2-sachets-fraicheur-500-g\/#breadcrumb\",\"itemListElement\":[{\"@type\":\"ListItem\",\"position\":1,\"name\":\"Home\",\"item\":\"https:\/\/nirigs.com\/\"},{\"@type\":\"ListItem\",\"position\":2,\"name\":\"Parcourir\",\"item\":\"https:\/\/nirigs.com\/boutique\/\"},{\"@type\":\"ListItem\",\"position\":3,\"name\":\"Casino &#8211; Sp\u00e9culos biscuit \u00e0 la canelle x2 sachets fra\u00eecheur &#8211; 500 g\"}]},{\"@type\":\"WebSite\",\"@id\":\"https:\/\/nirigs.com\/#website\",\"url\":\"https:\/\/nirigs.com\/\",\"name\":\"Nirigs.com\",\"description\":\"Simplifiez vos achats du quotidien \u00e0 Djibouti\",\"publisher\":{\"@id\":\"https:\/\/nirigs.com\/#organization\"},\"potentialAction\":[{\"@type\":\"SearchAction\",\"target\":{\"@type\":\"EntryPoint\",\"urlTemplate\":\"https:\/\/nirigs.com\/?s={search_term_string}\"},\"query-input\":{\"@type\":\"PropertyValueSpecification\",\"valueRequired\":true,\"valueName\":\"search_term_string\"}}],\"inLanguage\":\"ar\"},{\"@type\":\"Organization\",\"@id\":\"https:\/\/nirigs.com\/#organization\",\"name\":\"Nirigs\",\"url\":\"https:\/\/nirigs.com\/\",\"logo\":{\"@type\":\"ImageObject\",\"inLanguage\":\"ar\",\"@id\":\"https:\/\/nirigs.com\/#\/schema\/logo\/image\/\",\"url\":\"https:\/\/nirigs.com\/wp-content\/uploads\/2025\/04\/Design-sans-titre-27.png\",\"contentUrl\":\"https:\/\/nirigs.com\/wp-content\/uploads\/2025\/04\/Design-sans-titre-27.png\",\"width\":500,\"height\":500,\"caption\":\"Nirigs\"},\"image\":{\"@id\":\"https:\/\/nirigs.com\/#\/schema\/logo\/image\/\"}}]}<\/script>\n<!-- \/ Yoast SEO plugin. -->","yoast_head_json":{"title":"Casino - Sp\u00e9culos biscuit \u00e0 la canelle x2 sachets fra\u00eecheur - 500 g - NIRIGS","robots":{"index":"index","follow":"follow","max-snippet":"max-snippet:-1","max-image-preview":"max-image-preview:large","max-video-preview":"max-video-preview:-1"},"canonical":"https:\/\/nirigs.com\/ar\/product\/casino-speculos-biscuit-a-la-canelle-x2-sachets-fraicheur-500-g\/","og_locale":"ar_AR","og_type":"article","og_title":"Casino - Sp\u00e9culos biscuit \u00e0 la canelle x2 sachets fra\u00eecheur - 500 g - NIRIGS","og_description":"Le Sp\u00e9culos \u00e0 la cannelle de Casino est un biscuit traditionnel belge au go\u00fbt riche et \u00e9pic\u00e9, avec une d\u00e9licieuse","og_url":"https:\/\/nirigs.com\/ar\/product\/casino-speculos-biscuit-a-la-canelle-x2-sachets-fraicheur-500-g\/","og_site_name":"NIRIGS","article_modified_time":"2025-02-02T11:46:52+00:00","og_image":[{"width":1000,"height":1000,"url":"https:\/\/nirigs.com\/wp-content\/uploads\/2024\/10\/Casino-Speculos-biscuit-a-la-canelle-x2-sachets-fraicheur-500-g.jpg","type":"image\/jpeg"}],"twitter_card":"summary_large_image","twitter_misc":{"\u0648\u0642\u062a \u0627\u0644\u0642\u0631\u0627\u0621\u0629 \u0627\u0644\u0645\u064f\u0642\u062f\u0651\u0631":"\u062f\u0642\u064a\u0642\u0629 \u0648\u0627\u062d\u062f\u0629"},"schema":{"@context":"https:\/\/schema.org","@graph":[{"@type":"WebPage","@id":"https:\/\/nirigs.com\/product\/casino-speculos-biscuit-a-la-canelle-x2-sachets-fraicheur-500-g\/","url":"https:\/\/nirigs.com\/product\/casino-speculos-biscuit-a-la-canelle-x2-sachets-fraicheur-500-g\/","name":"Casino - Sp\u00e9culos biscuit \u00e0 la canelle x2 sachets fra\u00eecheur - 500 g - NIRIGS","isPartOf":{"@id":"https:\/\/nirigs.com\/#website"},"primaryImageOfPage":{"@id":"https:\/\/nirigs.com\/product\/casino-speculos-biscuit-a-la-canelle-x2-sachets-fraicheur-500-g\/#primaryimage"},"image":{"@id":"https:\/\/nirigs.com\/product\/casino-speculos-biscuit-a-la-canelle-x2-sachets-fraicheur-500-g\/#primaryimage"},"thumbnailUrl":"https:\/\/nirigs.com\/wp-content\/uploads\/2024\/10\/Casino-Speculos-biscuit-a-la-canelle-x2-sachets-fraicheur-500-g.jpg","datePublished":"2024-10-06T15:02:57+00:00","dateModified":"2025-02-02T11:46:52+00:00","breadcrumb":{"@id":"https:\/\/nirigs.com\/product\/casino-speculos-biscuit-a-la-canelle-x2-sachets-fraicheur-500-g\/#breadcrumb"},"inLanguage":"ar","potentialAction":[{"@type":"ReadAction","target":["https:\/\/nirigs.com\/product\/casino-speculos-biscuit-a-la-canelle-x2-sachets-fraicheur-500-g\/"]}]},{"@type":"ImageObject","inLanguage":"ar","@id":"https:\/\/nirigs.com\/product\/casino-speculos-biscuit-a-la-canelle-x2-sachets-fraicheur-500-g\/#primaryimage","url":"https:\/\/nirigs.com\/wp-content\/uploads\/2024\/10\/Casino-Speculos-biscuit-a-la-canelle-x2-sachets-fraicheur-500-g.jpg","contentUrl":"https:\/\/nirigs.com\/wp-content\/uploads\/2024\/10\/Casino-Speculos-biscuit-a-la-canelle-x2-sachets-fraicheur-500-g.jpg","width":1000,"height":1000},{"@type":"BreadcrumbList","@id":"https:\/\/nirigs.com\/product\/casino-speculos-biscuit-a-la-canelle-x2-sachets-fraicheur-500-g\/#breadcrumb","itemListElement":[{"@type":"ListItem","position":1,"name":"Home","item":"https:\/\/nirigs.com\/"},{"@type":"ListItem","position":2,"name":"Parcourir","item":"https:\/\/nirigs.com\/boutique\/"},{"@type":"ListItem","position":3,"name":"Casino &#8211; Sp\u00e9culos biscuit \u00e0 la canelle x2 sachets fra\u00eecheur &#8211; 500 g"}]},{"@type":"WebSite","@id":"https:\/\/nirigs.com\/#website","url":"https:\/\/nirigs.com\/","name":"Nirigs.com","description":"Simplifiez vos achats du quotidien \u00e0 Djibouti","publisher":{"@id":"https:\/\/nirigs.com\/#organization"},"potentialAction":[{"@type":"SearchAction","target":{"@type":"EntryPoint","urlTemplate":"https:\/\/nirigs.com\/?s={search_term_string}"},"query-input":{"@type":"PropertyValueSpecification","valueRequired":true,"valueName":"search_term_string"}}],"inLanguage":"ar"},{"@type":"Organization","@id":"https:\/\/nirigs.com\/#organization","name":"\u0646\u064a\u0631\u064a\u062c\u0633","url":"https:\/\/nirigs.com\/","logo":{"@type":"ImageObject","inLanguage":"ar","@id":"https:\/\/nirigs.com\/#\/schema\/logo\/image\/","url":"https:\/\/nirigs.com\/wp-content\/uploads\/2025\/04\/Design-sans-titre-27.png","contentUrl":"https:\/\/nirigs.com\/wp-content\/uploads\/2025\/04\/Design-sans-titre-27.png","width":500,"height":500,"caption":"Nirigs"},"image":{"@id":"https:\/\/nirigs.com\/#\/schema\/logo\/image\/"}}]}},"brands":[{"id":843,"name":"\u0643\u0627\u0632\u064a\u0646\u0648","slug":"casino"}],"_links":{"self":[{"href":"https:\/\/nirigs.com\/ar\/wp-json\/wp\/v2\/product\/23387","targetHints":{"allow":["GET"]}}],"collection":[{"href":"https:\/\/nirigs.com\/ar\/wp-json\/wp\/v2\/product"}],"about":[{"href":"https:\/\/nirigs.com\/ar\/wp-json\/wp\/v2\/types\/product"}],"replies":[{"embeddable":true,"href":"https:\/\/nirigs.com\/ar\/wp-json\/wp\/v2\/comments?post=23387"}],"version-history":[{"count":4,"href":"https:\/\/nirigs.com\/ar\/wp-json\/wp\/v2\/product\/23387\/revisions"}],"predecessor-version":[{"id":23693,"href":"https:\/\/nirigs.com\/ar\/wp-json\/wp\/v2\/product\/23387\/revisions\/23693"}],"wp:featuredmedia":[{"embeddable":true,"href":"https:\/\/nirigs.com\/ar\/wp-json\/wp\/v2\/media\/23692"}],"wp:attachment":[{"href":"https:\/\/nirigs.com\/ar\/wp-json\/wp\/v2\/media?parent=23387"}],"wp:term":[{"taxonomy":"pwb-brand","embeddable":true,"href":"https:\/\/nirigs.com\/ar\/wp-json\/wp\/v2\/pwb-brand?post=23387"},{"taxonomy":"product_brand","embeddable":true,"href":"https:\/\/nirigs.com\/ar\/wp-json\/wp\/v2\/product_brand?post=23387"},{"taxonomy":"product_cat","embeddable":true,"href":"https:\/\/nirigs.com\/ar\/wp-json\/wp\/v2\/product_cat?post=23387"},{"taxonomy":"product_tag","embeddable":true,"href":"https:\/\/nirigs.com\/ar\/wp-json\/wp\/v2\/product_tag?post=23387"}],"curies":[{"name":"wp","href":"https:\/\/api.w.org\/{rel}","templated":true}]}}