{"id":23384,"date":"2024-10-06T18:02:56","date_gmt":"2024-10-06T15:02:56","guid":{"rendered":"https:\/\/nirigs.com\/produit\/brossard-savane-pepit-5x30-g\/"},"modified":"2025-02-02T14:47:21","modified_gmt":"2025-02-02T11:47:21","slug":"brossard-savane-pepit-5x30-g","status":"publish","type":"product","link":"https:\/\/nirigs.com\/ar\/product\/brossard-savane-pepit-5x30-g\/","title":{"rendered":"\u0628\u0631\u0648\u0633\u0627\u0631\u062f \u2013 \u0642\u0637\u0639 \u0627\u0644\u0633\u0627\u0641\u0627\u0646\u0627 \u2013 5\u00d730 \u062c\u0645"},"content":{"rendered":"<p>Fa\u00eetes le plein de gourmandise avec un bon go\u00fbter moelleux Savane Pocket aux p\u00e9pites de chocolat ! Un moment de plaisir pour petits et grands, \u00e0 emporter partout avec vous !<\/p>\n<p>Le <strong>Savane P\u00e9pit<\/strong> de Brossard est un d\u00e9licieux g\u00e2teau moelleux aux p\u00e9pites de chocolat, id\u00e9al pour les go\u00fbters des enfants et des plus grands. Ce format pratique contient 5 sachets individuels de 30 g, parfaits pour une consommation facile \u00e0 emporter ou pour une pause gourmande \u00e0 tout moment de la journ\u00e9e. Sa texture moelleuse et ses p\u00e9pites g\u00e9n\u00e9reuses offrent une exp\u00e9rience savoureuse \u00e0 chaque bouch\u00e9e.<\/p>\n<h4 class=\"product-description__feature-title\">\u0645\u0643\u0648\u0646\u0627\u062a<\/h4>\n<div class=\"product-description__feature-values\"><span class=\"product-description__feature-value\">Ingr\u00e9dients : Farine de BL\u00c9 22%, sucre, p\u00e9pites de chocolat 15,6% (sucre, p\u00e2te de cacao, beurre de cacao, cacao maigre en poudre, \u00e9mulsifiant : l\u00e9cithine de SOJA, ar\u00f4me naturel de vanille), OEUFS frais, huile de colza, huile de palme, fibre de chicor\u00e9e, sirop de sucre inverti cristallis\u00e9, stabilisant : glyc\u00e9rol, cacao maigre en poudre, sirop de glucose, poudres \u00e0 lever : diphosphates &#8211; carbonates de sodium, sel, \u00e9mulsifiant : mono- et diglyc\u00e9rides d&rsquo;acides gras, conservateur : sorbate de potassium, ar\u00f4mes naturels, \u00e9mulsifiant : l\u00e9cithine de SOJA, g\u00e9lifiant : gomme xanthane, ar\u00f4me.<\/span><\/div>","protected":false},"excerpt":{"rendered":"<p>Fa\u00eetes le plein de gourmandise avec un bon go\u00fbter moelleux Savane Pocket aux p\u00e9pites de chocolat ! Un moment de<\/p>","protected":false},"featured_media":23696,"comment_status":"open","ping_status":"closed","template":"","meta":[],"pwb-brand":[1167],"product_brand":[],"product_cat":[1126,275,1165,1163],"product_tag":[],"class_list":{"0":"post-23384","1":"product","2":"type-product","3":"status-publish","4":"has-post-thumbnail","6":"pwb-brand-brossard","7":"product_cat-en-cas-et-friandises","8":"product_cat-epicerie","9":"product_cat-gateaux","10":"product_cat-snacks","12":"first","13":"instock","14":"shipping-taxable","15":"purchasable","16":"product-type-simple"},"yoast_head":"<!-- This site is optimized with the Yoast SEO plugin v27.4 - https:\/\/yoast.com\/product\/yoast-seo-wordpress\/ -->\n<title>Brossard - Savane p\u00e9pit - 5x30 g - NIRIGS<\/title>\n<meta name=\"robots\" content=\"index, follow, max-snippet:-1, max-image-preview:large, max-video-preview:-1\" \/>\n<link rel=\"canonical\" href=\"https:\/\/nirigs.com\/ar\/product\/brossard-savane-pepit-5x30-g\/\" \/>\n<meta property=\"og:locale\" content=\"ar_AR\" \/>\n<meta property=\"og:type\" content=\"article\" \/>\n<meta property=\"og:title\" content=\"Brossard - Savane p\u00e9pit - 5x30 g - NIRIGS\" \/>\n<meta property=\"og:description\" content=\"Fa\u00eetes le plein de gourmandise avec un bon go\u00fbter moelleux Savane Pocket aux p\u00e9pites de chocolat ! Un moment de\" \/>\n<meta property=\"og:url\" content=\"https:\/\/nirigs.com\/ar\/product\/brossard-savane-pepit-5x30-g\/\" \/>\n<meta property=\"og:site_name\" content=\"NIRIGS\" \/>\n<meta property=\"article:modified_time\" content=\"2025-02-02T11:47:21+00:00\" \/>\n<meta property=\"og:image\" content=\"https:\/\/nirigs.com\/wp-content\/uploads\/2024\/10\/Brossard-Savane-pepit-5x30-g.jpg\" \/>\n\t<meta property=\"og:image:width\" content=\"1000\" \/>\n\t<meta property=\"og:image:height\" content=\"1000\" \/>\n\t<meta property=\"og:image:type\" content=\"image\/jpeg\" \/>\n<meta name=\"twitter:card\" content=\"summary_large_image\" \/>\n<meta name=\"twitter:label1\" content=\"\u0648\u0642\u062a \u0627\u0644\u0642\u0631\u0627\u0621\u0629 \u0627\u0644\u0645\u064f\u0642\u062f\u0651\u0631\" \/>\n\t<meta name=\"twitter:data1\" content=\"\u062f\u0642\u064a\u0642\u0629 \u0648\u0627\u062d\u062f\u0629\" \/>\n<script type=\"application\/ld+json\" class=\"yoast-schema-graph\">{\"@context\":\"https:\\\/\\\/schema.org\",\"@graph\":[{\"@type\":\"WebPage\",\"@id\":\"https:\\\/\\\/nirigs.com\\\/product\\\/brossard-savane-pepit-5x30-g\\\/\",\"url\":\"https:\\\/\\\/nirigs.com\\\/product\\\/brossard-savane-pepit-5x30-g\\\/\",\"name\":\"Brossard - Savane p\u00e9pit - 5x30 g - NIRIGS\",\"isPartOf\":{\"@id\":\"https:\\\/\\\/nirigs.com\\\/#website\"},\"primaryImageOfPage\":{\"@id\":\"https:\\\/\\\/nirigs.com\\\/product\\\/brossard-savane-pepit-5x30-g\\\/#primaryimage\"},\"image\":{\"@id\":\"https:\\\/\\\/nirigs.com\\\/product\\\/brossard-savane-pepit-5x30-g\\\/#primaryimage\"},\"thumbnailUrl\":\"https:\\\/\\\/nirigs.com\\\/wp-content\\\/uploads\\\/2024\\\/10\\\/Brossard-Savane-pepit-5x30-g.jpg\",\"datePublished\":\"2024-10-06T15:02:56+00:00\",\"dateModified\":\"2025-02-02T11:47:21+00:00\",\"breadcrumb\":{\"@id\":\"https:\\\/\\\/nirigs.com\\\/product\\\/brossard-savane-pepit-5x30-g\\\/#breadcrumb\"},\"inLanguage\":\"ar\",\"potentialAction\":[{\"@type\":\"ReadAction\",\"target\":[\"https:\\\/\\\/nirigs.com\\\/product\\\/brossard-savane-pepit-5x30-g\\\/\"]}]},{\"@type\":\"ImageObject\",\"inLanguage\":\"ar\",\"@id\":\"https:\\\/\\\/nirigs.com\\\/product\\\/brossard-savane-pepit-5x30-g\\\/#primaryimage\",\"url\":\"https:\\\/\\\/nirigs.com\\\/wp-content\\\/uploads\\\/2024\\\/10\\\/Brossard-Savane-pepit-5x30-g.jpg\",\"contentUrl\":\"https:\\\/\\\/nirigs.com\\\/wp-content\\\/uploads\\\/2024\\\/10\\\/Brossard-Savane-pepit-5x30-g.jpg\",\"width\":1000,\"height\":1000},{\"@type\":\"BreadcrumbList\",\"@id\":\"https:\\\/\\\/nirigs.com\\\/product\\\/brossard-savane-pepit-5x30-g\\\/#breadcrumb\",\"itemListElement\":[{\"@type\":\"ListItem\",\"position\":1,\"name\":\"Home\",\"item\":\"https:\\\/\\\/nirigs.com\\\/\"},{\"@type\":\"ListItem\",\"position\":2,\"name\":\"Parcourir\",\"item\":\"https:\\\/\\\/nirigs.com\\\/boutique\\\/\"},{\"@type\":\"ListItem\",\"position\":3,\"name\":\"Brossard &#8211; Savane p\u00e9pit &#8211; 5&#215;30 g\"}]},{\"@type\":\"WebSite\",\"@id\":\"https:\\\/\\\/nirigs.com\\\/#website\",\"url\":\"https:\\\/\\\/nirigs.com\\\/\",\"name\":\"Nirigs.com\",\"description\":\"Simplifiez vos achats du quotidien \u00e0 Djibouti\",\"publisher\":{\"@id\":\"https:\\\/\\\/nirigs.com\\\/#organization\"},\"potentialAction\":[{\"@type\":\"SearchAction\",\"target\":{\"@type\":\"EntryPoint\",\"urlTemplate\":\"https:\\\/\\\/nirigs.com\\\/?s={search_term_string}\"},\"query-input\":{\"@type\":\"PropertyValueSpecification\",\"valueRequired\":true,\"valueName\":\"search_term_string\"}}],\"inLanguage\":\"ar\"},{\"@type\":\"Organization\",\"@id\":\"https:\\\/\\\/nirigs.com\\\/#organization\",\"name\":\"Nirigs\",\"url\":\"https:\\\/\\\/nirigs.com\\\/\",\"logo\":{\"@type\":\"ImageObject\",\"inLanguage\":\"ar\",\"@id\":\"https:\\\/\\\/nirigs.com\\\/#\\\/schema\\\/logo\\\/image\\\/\",\"url\":\"https:\\\/\\\/nirigs.com\\\/wp-content\\\/uploads\\\/2025\\\/04\\\/Design-sans-titre-27.png\",\"contentUrl\":\"https:\\\/\\\/nirigs.com\\\/wp-content\\\/uploads\\\/2025\\\/04\\\/Design-sans-titre-27.png\",\"width\":500,\"height\":500,\"caption\":\"Nirigs\"},\"image\":{\"@id\":\"https:\\\/\\\/nirigs.com\\\/#\\\/schema\\\/logo\\\/image\\\/\"}}]}<\/script>\n<!-- \/ Yoast SEO plugin. -->","yoast_head_json":{"title":"Brossard - Savane p\u00e9pit - 5x30 g - NIRIGS","robots":{"index":"index","follow":"follow","max-snippet":"max-snippet:-1","max-image-preview":"max-image-preview:large","max-video-preview":"max-video-preview:-1"},"canonical":"https:\/\/nirigs.com\/ar\/product\/brossard-savane-pepit-5x30-g\/","og_locale":"ar_AR","og_type":"article","og_title":"Brossard - Savane p\u00e9pit - 5x30 g - NIRIGS","og_description":"Fa\u00eetes le plein de gourmandise avec un bon go\u00fbter moelleux Savane Pocket aux p\u00e9pites de chocolat ! Un moment de","og_url":"https:\/\/nirigs.com\/ar\/product\/brossard-savane-pepit-5x30-g\/","og_site_name":"NIRIGS","article_modified_time":"2025-02-02T11:47:21+00:00","og_image":[{"width":1000,"height":1000,"url":"https:\/\/nirigs.com\/wp-content\/uploads\/2024\/10\/Brossard-Savane-pepit-5x30-g.jpg","type":"image\/jpeg"}],"twitter_card":"summary_large_image","twitter_misc":{"\u0648\u0642\u062a \u0627\u0644\u0642\u0631\u0627\u0621\u0629 \u0627\u0644\u0645\u064f\u0642\u062f\u0651\u0631":"\u062f\u0642\u064a\u0642\u0629 \u0648\u0627\u062d\u062f\u0629"},"schema":{"@context":"https:\/\/schema.org","@graph":[{"@type":"WebPage","@id":"https:\/\/nirigs.com\/product\/brossard-savane-pepit-5x30-g\/","url":"https:\/\/nirigs.com\/product\/brossard-savane-pepit-5x30-g\/","name":"Brossard - Savane p\u00e9pit - 5x30 g - NIRIGS","isPartOf":{"@id":"https:\/\/nirigs.com\/#website"},"primaryImageOfPage":{"@id":"https:\/\/nirigs.com\/product\/brossard-savane-pepit-5x30-g\/#primaryimage"},"image":{"@id":"https:\/\/nirigs.com\/product\/brossard-savane-pepit-5x30-g\/#primaryimage"},"thumbnailUrl":"https:\/\/nirigs.com\/wp-content\/uploads\/2024\/10\/Brossard-Savane-pepit-5x30-g.jpg","datePublished":"2024-10-06T15:02:56+00:00","dateModified":"2025-02-02T11:47:21+00:00","breadcrumb":{"@id":"https:\/\/nirigs.com\/product\/brossard-savane-pepit-5x30-g\/#breadcrumb"},"inLanguage":"ar","potentialAction":[{"@type":"ReadAction","target":["https:\/\/nirigs.com\/product\/brossard-savane-pepit-5x30-g\/"]}]},{"@type":"ImageObject","inLanguage":"ar","@id":"https:\/\/nirigs.com\/product\/brossard-savane-pepit-5x30-g\/#primaryimage","url":"https:\/\/nirigs.com\/wp-content\/uploads\/2024\/10\/Brossard-Savane-pepit-5x30-g.jpg","contentUrl":"https:\/\/nirigs.com\/wp-content\/uploads\/2024\/10\/Brossard-Savane-pepit-5x30-g.jpg","width":1000,"height":1000},{"@type":"BreadcrumbList","@id":"https:\/\/nirigs.com\/product\/brossard-savane-pepit-5x30-g\/#breadcrumb","itemListElement":[{"@type":"ListItem","position":1,"name":"Home","item":"https:\/\/nirigs.com\/"},{"@type":"ListItem","position":2,"name":"Parcourir","item":"https:\/\/nirigs.com\/boutique\/"},{"@type":"ListItem","position":3,"name":"Brossard &#8211; Savane p\u00e9pit &#8211; 5&#215;30 g"}]},{"@type":"WebSite","@id":"https:\/\/nirigs.com\/#website","url":"https:\/\/nirigs.com\/","name":"Nirigs.com","description":"Simplifiez vos achats du quotidien \u00e0 Djibouti","publisher":{"@id":"https:\/\/nirigs.com\/#organization"},"potentialAction":[{"@type":"SearchAction","target":{"@type":"EntryPoint","urlTemplate":"https:\/\/nirigs.com\/?s={search_term_string}"},"query-input":{"@type":"PropertyValueSpecification","valueRequired":true,"valueName":"search_term_string"}}],"inLanguage":"ar"},{"@type":"Organization","@id":"https:\/\/nirigs.com\/#organization","name":"\u0646\u064a\u0631\u064a\u062c\u0633","url":"https:\/\/nirigs.com\/","logo":{"@type":"ImageObject","inLanguage":"ar","@id":"https:\/\/nirigs.com\/#\/schema\/logo\/image\/","url":"https:\/\/nirigs.com\/wp-content\/uploads\/2025\/04\/Design-sans-titre-27.png","contentUrl":"https:\/\/nirigs.com\/wp-content\/uploads\/2025\/04\/Design-sans-titre-27.png","width":500,"height":500,"caption":"Nirigs"},"image":{"@id":"https:\/\/nirigs.com\/#\/schema\/logo\/image\/"}}]}},"brands":[{"id":1167,"name":"Brossard","slug":"brossard"}],"_links":{"self":[{"href":"https:\/\/nirigs.com\/ar\/wp-json\/wp\/v2\/product\/23384","targetHints":{"allow":["GET"]}}],"collection":[{"href":"https:\/\/nirigs.com\/ar\/wp-json\/wp\/v2\/product"}],"about":[{"href":"https:\/\/nirigs.com\/ar\/wp-json\/wp\/v2\/types\/product"}],"replies":[{"embeddable":true,"href":"https:\/\/nirigs.com\/ar\/wp-json\/wp\/v2\/comments?post=23384"}],"version-history":[{"count":4,"href":"https:\/\/nirigs.com\/ar\/wp-json\/wp\/v2\/product\/23384\/revisions"}],"predecessor-version":[{"id":23697,"href":"https:\/\/nirigs.com\/ar\/wp-json\/wp\/v2\/product\/23384\/revisions\/23697"}],"wp:featuredmedia":[{"embeddable":true,"href":"https:\/\/nirigs.com\/ar\/wp-json\/wp\/v2\/media\/23696"}],"wp:attachment":[{"href":"https:\/\/nirigs.com\/ar\/wp-json\/wp\/v2\/media?parent=23384"}],"wp:term":[{"taxonomy":"pwb-brand","embeddable":true,"href":"https:\/\/nirigs.com\/ar\/wp-json\/wp\/v2\/pwb-brand?post=23384"},{"taxonomy":"product_brand","embeddable":true,"href":"https:\/\/nirigs.com\/ar\/wp-json\/wp\/v2\/product_brand?post=23384"},{"taxonomy":"product_cat","embeddable":true,"href":"https:\/\/nirigs.com\/ar\/wp-json\/wp\/v2\/product_cat?post=23384"},{"taxonomy":"product_tag","embeddable":true,"href":"https:\/\/nirigs.com\/ar\/wp-json\/wp\/v2\/product_tag?post=23384"}],"curies":[{"name":"wp","href":"https:\/\/api.w.org\/{rel}","templated":true}]}}