{"id":23382,"date":"2024-10-06T18:02:56","date_gmt":"2024-10-06T15:02:56","guid":{"rendered":"https:\/\/nirigs.com\/produit\/bn-les-challenges-biscuits-gout-fraise-x16-biscuits-285-g\/"},"modified":"2025-06-05T21:30:30","modified_gmt":"2025-06-05T18:30:30","slug":"bn-les-challenges-biscuits-gout-fraise-x16-biscuits-285-g","status":"publish","type":"product","link":"https:\/\/nirigs.com\/ar\/product\/bn-les-challenges-biscuits-gout-fraise-x16-biscuits-285-g\/","title":{"rendered":"\u0628\u064a \u0625\u0646 \u2013 \u0644\u064a\u0647 \u062a\u0634\u0627\u0644\u064a\u0646\u062c \u2013 \u0628\u0633\u0643\u0648\u064a\u062a \u0628\u0646\u0643\u0647\u0629 \u0627\u0644\u0641\u0631\u0627\u0648\u0644\u0629 \u00d716 \u0628\u0633\u0643\u0648\u064a\u062a \u2013 285 \u062c\u0645"},"content":{"rendered":"<p>\u0627\u0644 <strong>\u0628.\u0646. <\/strong>\u0628\u0646\u0643\u0647\u0629 \u0627\u0644\u0641\u0631\u0627\u0648\u0644\u0629 \u0647\u0648 \u0628\u0633\u0643\u0648\u064a\u062a \u0645\u0645\u064a\u0632 \u0639\u0644\u0649 \u0634\u0643\u0644 \u0645\u0631\u0628\u0639 \u0645\u0643\u0648\u0646 \u0645\u0646 \u0642\u0637\u0639\u062a\u064a\u0646 \u0645\u0646 \u0627\u0644\u0628\u0633\u0643\u0648\u064a\u062a \u0627\u0644\u0645\u0642\u0631\u0645\u0634 \u0645\u0639 \u062d\u0634\u0648\u0629 \u0627\u0644\u0641\u0631\u0627\u0648\u0644\u0629 \u0627\u0644\u0644\u0630\u064a\u0630\u0629. \u062a\u062d\u062a\u0648\u064a \u0643\u0644 \u0639\u0628\u0648\u0629 \u0639\u0644\u0649 16 \u0642\u0637\u0639\u0629 \u0628\u0633\u0643\u0648\u064a\u062a \u0645\u0639\u0628\u0623\u0629 \u0641\u064a \u0623\u062c\u0632\u0627\u0621 \u0641\u0631\u062f\u064a\u0629\u060c \u0645\u062b\u0627\u0644\u064a\u0629 \u0644\u0644\u0648\u062c\u0628\u0627\u062a \u0627\u0644\u062e\u0641\u064a\u0641\u0629 \u0644\u0644\u0623\u0637\u0641\u0627\u0644 \u0623\u0648 \u0644\u0642\u0636\u0627\u0621 \u0639\u0637\u0644\u0629 \u0627\u0644\u0630\u0648\u0627\u0642\u0629. \u0625\u0646 \u0642\u0648\u0627\u0645 \u0627\u0644\u0628\u0633\u0643\u0648\u064a\u062a \u0627\u0644\u0645\u0642\u0631\u0645\u0634 \u0645\u0639 \u062d\u0644\u0627\u0648\u0629 \u062d\u0634\u0648\u0629 \u0627\u0644\u0641\u0648\u0627\u0643\u0647 \u064a\u062c\u0639\u0644 \u0647\u0630\u0647 \u0627\u0644\u0648\u062c\u0628\u0629 \u0627\u0644\u062e\u0641\u064a\u0641\u0629 \u062e\u064a\u0627\u0631\u064b\u0627 \u0645\u062b\u0627\u0644\u064a\u064b\u0627 \u0644\u0644\u0635\u063a\u0627\u0631 \u0648\u0627\u0644\u0643\u0628\u0627\u0631.<\/p>\n<h4>\u0645\u0643\u0648\u0646\u0627\u062a<\/h4>\n<p>\u0627\u0644\u062d\u0628\u0648\u0628 \u062f\u0642\u064a\u0642 \u0627\u0644\u0642\u0645\u062d (33%)\u060c \u0627\u0644\u062d\u0628\u0648\u0628 \u0627\u0644\u0643\u0627\u0645\u0644\u0629 (15.1%) \u062f\u0642\u064a\u0642 \u0627\u0644\u0642\u0645\u062d \u0627\u0644\u0643\u0627\u0645\u0644 (15%) \u062f\u0642\u064a\u0642 \u0627\u0644\u062c\u0627\u0648\u062f\u0627\u0631 \u0627\u0644\u0643\u0627\u0645\u0644\u060c \u062f\u0642\u064a\u0642 \u0627\u0644\u0634\u0639\u064a\u0631 \u0627\u0644\u0643\u0627\u0645\u0644\u060c \u0634\u0631\u0627\u0628 \u0627\u0644\u062c\u0644\u0648\u0643\u0648\u0632 \u2013 \u0641\u0631\u0643\u062a\u0648\u0632 \u2013 \u0633\u0643\u0631\u060c \u062f\u0647\u0646 (\u0646\u062e\u064a\u0644) \u2013 \u0645\u062b\u0628\u062a: \u062c\u0644\u0633\u0631\u064a\u0646 \u2013 \u0634\u0631\u0627\u0628 \u0627\u0644\u062c\u0644\u0648\u0643\u0648\u0632 \u2013 \u0644\u0628 \u0627\u0644\u0641\u0631\u0627\u0648\u0644\u0629 \u0627\u0644\u0645\u0631\u0643\u0632 ( 5% \u0645\u0627 \u064a\u0639\u0627\u062f\u0644 \u0627\u0644\u0641\u0631\u0627\u0648\u0644\u0629) \u2013 \u0627\u0644\u0646\u0634\u0627 \u2013 \u0627\u0644\u0644\u0627\u0643\u062a\u0648\u0632\u060c \u0628\u0631\u0648\u062a\u064a\u0646\u0627\u062a \u0627\u0644\u062d\u0644\u064a\u0628\u060c \u0627\u0644\u0645\u0633\u0627\u062d\u064a\u0642 \u0644\u0631\u0641\u0639 \u0643\u0631\u0628\u0648\u0646\u0627\u062a \u0627\u0644\u0623\u0645\u0648\u0646\u064a\u0648\u0645 \u0648\u0627\u0644\u0635\u0648\u062f\u064a\u0648\u0645\u060c \u0645\u0644\u062d\u060c \u062d\u0644\u064a\u0628 \u0645\u062c\u0641\u0641 \u0643\u0627\u0645\u0644 \u0627\u0644\u062f\u0633\u0645\u060c \u0645\u062d\u0645\u0636\u0627\u062a: \u062d\u0627\u0645\u0636 \u0627\u0644\u0633\u062a\u0631\u064a\u0643\u060c \u0633\u062a\u0631\u0627\u062a \u062b\u0644\u0627\u062b\u064a \u0627\u0644\u0635\u0648\u062f\u064a\u0648\u0645\u060c \u0645\u0644\u0648\u0646: \u0628\u0646\u062c\u0631 \u0623\u062d\u0645\u0631\u060c \u0639\u0627\u0645\u0644 \u062a\u0628\u0644\u0648\u0631: \u0628\u0643\u062a\u064a\u0646\u060c \u0646\u0643\u0647\u0627\u062a\u060c \u0645\u062b\u062e\u0646: \u0646\u0634\u0627\u0621 \u0645\u0639\u062f\u0644. <strong>\u0642\u062f \u064a\u062d\u062a\u0648\u064a \u0639\u0644\u0649 \u0622\u062b\u0627\u0631 \u0645\u0646 \u0627\u0644\u0645\u0643\u0633\u0631\u0627\u062a\u060c \u0648\u0641\u0648\u0644 \u0627\u0644\u0635\u0648\u064a\u0627\u060c \u0648\u0627\u0644\u0628\u064a\u0636\u060c \u0648\u0627\u0644\u0633\u0645\u0633\u0645 <\/strong><\/p>\n<h4>\u0645\u0633\u0628\u0628\u0627\u062a \u0627\u0644\u062d\u0633\u0627\u0633\u064a\u0629:<\/h4>\n<p>\u0627\u0644\u0642\u0645\u062d\u060c \u0627\u0644\u062c\u0627\u0648\u062f\u0627\u0631\u060c \u0627\u0644\u0634\u0639\u064a\u0631\u060c \u0627\u0644\u0642\u0645\u062d\u060c \u0627\u0644\u0644\u0627\u0643\u062a\u0648\u0632\u060c \u0627\u0644\u062d\u0644\u064a\u0628 \/ \u0642\u062f \u064a\u062d\u062a\u0648\u064a \u0639\u0644\u0649 \u0622\u062b\u0627\u0631 \u0645\u0646 \u0627\u0644\u0645\u0643\u0633\u0631\u0627\u062a\u060c \u0627\u0644\u0635\u0648\u064a\u0627\u060c \u0627\u0644\u0628\u064a\u0636\u060c \u0648\u0627\u0644\u0633\u0645\u0633\u0645<\/p>","protected":false},"excerpt":{"rendered":"<p>Les BN au go\u00fbt fraise sont des biscuits iconiques en forme de carr\u00e9, compos\u00e9s de deux biscuits croustillants avec un<\/p>","protected":false},"featured_media":23700,"comment_status":"open","ping_status":"closed","template":"","meta":[],"pwb-brand":[1168],"product_brand":[],"product_cat":[1164,1126,275,1163],"product_tag":[],"class_list":{"0":"post-23382","1":"product","2":"type-product","3":"status-publish","4":"has-post-thumbnail","6":"pwb-brand-bn","7":"product_cat-biscuits-snacks","8":"product_cat-en-cas-et-friandises","9":"product_cat-epicerie","10":"product_cat-snacks","12":"first","13":"instock","14":"shipping-taxable","15":"purchasable","16":"product-type-simple"},"yoast_head":"<!-- This site is optimized with the Yoast SEO plugin v27.1.1 - https:\/\/yoast.com\/product\/yoast-seo-wordpress\/ -->\n<title>BN - Les Challenges - Biscuits go\u00fbt fraise x16 biscuits - 285 g - NIRIGS<\/title>\n<meta name=\"robots\" content=\"index, follow, max-snippet:-1, max-image-preview:large, max-video-preview:-1\" \/>\n<link rel=\"canonical\" href=\"https:\/\/nirigs.com\/ar\/product\/bn-les-challenges-biscuits-gout-fraise-x16-biscuits-285-g\/\" \/>\n<meta property=\"og:locale\" content=\"ar_AR\" \/>\n<meta property=\"og:type\" content=\"article\" \/>\n<meta property=\"og:title\" content=\"BN - Les Challenges - Biscuits go\u00fbt fraise x16 biscuits - 285 g - NIRIGS\" \/>\n<meta property=\"og:description\" content=\"Les BN au go\u00fbt fraise sont des biscuits iconiques en forme de carr\u00e9, compos\u00e9s de deux biscuits croustillants avec un\" \/>\n<meta property=\"og:url\" content=\"https:\/\/nirigs.com\/ar\/product\/bn-les-challenges-biscuits-gout-fraise-x16-biscuits-285-g\/\" \/>\n<meta property=\"og:site_name\" content=\"NIRIGS\" \/>\n<meta property=\"article:modified_time\" content=\"2025-06-05T18:30:30+00:00\" \/>\n<meta property=\"og:image\" content=\"https:\/\/nirigs.com\/wp-content\/uploads\/2024\/10\/BN-Les-Challenges-Biscuits-gout-fraise-x16-biscuits-285-g.jpg\" \/>\n\t<meta property=\"og:image:width\" content=\"1000\" \/>\n\t<meta property=\"og:image:height\" content=\"1000\" \/>\n\t<meta property=\"og:image:type\" content=\"image\/jpeg\" \/>\n<meta name=\"twitter:card\" content=\"summary_large_image\" \/>\n<meta name=\"twitter:label1\" content=\"\u0648\u0642\u062a \u0627\u0644\u0642\u0631\u0627\u0621\u0629 \u0627\u0644\u0645\u064f\u0642\u062f\u0651\u0631\" \/>\n\t<meta name=\"twitter:data1\" content=\"\u062f\u0642\u064a\u0642\u0629 \u0648\u0627\u062d\u062f\u0629\" \/>\n<script type=\"application\/ld+json\" class=\"yoast-schema-graph\">{\"@context\":\"https:\/\/schema.org\",\"@graph\":[{\"@type\":\"WebPage\",\"@id\":\"https:\/\/nirigs.com\/ar\/product\/bn-les-challenges-biscuits-gout-fraise-x16-biscuits-285-g\/\",\"url\":\"https:\/\/nirigs.com\/ar\/product\/bn-les-challenges-biscuits-gout-fraise-x16-biscuits-285-g\/\",\"name\":\"BN - Les Challenges - Biscuits go\u00fbt fraise x16 biscuits - 285 g - NIRIGS\",\"isPartOf\":{\"@id\":\"https:\/\/nirigs.com\/#website\"},\"primaryImageOfPage\":{\"@id\":\"https:\/\/nirigs.com\/ar\/product\/bn-les-challenges-biscuits-gout-fraise-x16-biscuits-285-g\/#primaryimage\"},\"image\":{\"@id\":\"https:\/\/nirigs.com\/ar\/product\/bn-les-challenges-biscuits-gout-fraise-x16-biscuits-285-g\/#primaryimage\"},\"thumbnailUrl\":\"https:\/\/nirigs.com\/wp-content\/uploads\/2024\/10\/BN-Les-Challenges-Biscuits-gout-fraise-x16-biscuits-285-g.jpg\",\"datePublished\":\"2024-10-06T15:02:56+00:00\",\"dateModified\":\"2025-06-05T18:30:30+00:00\",\"breadcrumb\":{\"@id\":\"https:\/\/nirigs.com\/ar\/product\/bn-les-challenges-biscuits-gout-fraise-x16-biscuits-285-g\/#breadcrumb\"},\"inLanguage\":\"ar\",\"potentialAction\":[{\"@type\":\"ReadAction\",\"target\":[\"https:\/\/nirigs.com\/ar\/product\/bn-les-challenges-biscuits-gout-fraise-x16-biscuits-285-g\/\"]}]},{\"@type\":\"ImageObject\",\"inLanguage\":\"ar\",\"@id\":\"https:\/\/nirigs.com\/ar\/product\/bn-les-challenges-biscuits-gout-fraise-x16-biscuits-285-g\/#primaryimage\",\"url\":\"https:\/\/nirigs.com\/wp-content\/uploads\/2024\/10\/BN-Les-Challenges-Biscuits-gout-fraise-x16-biscuits-285-g.jpg\",\"contentUrl\":\"https:\/\/nirigs.com\/wp-content\/uploads\/2024\/10\/BN-Les-Challenges-Biscuits-gout-fraise-x16-biscuits-285-g.jpg\",\"width\":1000,\"height\":1000},{\"@type\":\"BreadcrumbList\",\"@id\":\"https:\/\/nirigs.com\/ar\/product\/bn-les-challenges-biscuits-gout-fraise-x16-biscuits-285-g\/#breadcrumb\",\"itemListElement\":[{\"@type\":\"ListItem\",\"position\":1,\"name\":\"Home\",\"item\":\"https:\/\/nirigs.com\/\"},{\"@type\":\"ListItem\",\"position\":2,\"name\":\"Parcourir\",\"item\":\"https:\/\/nirigs.com\/boutique\/\"},{\"@type\":\"ListItem\",\"position\":3,\"name\":\"BN &#8211; Les Challenges &#8211; Biscuits go\u00fbt fraise x16 biscuits &#8211; 285 g\"}]},{\"@type\":\"WebSite\",\"@id\":\"https:\/\/nirigs.com\/#website\",\"url\":\"https:\/\/nirigs.com\/\",\"name\":\"Nirigs.com\",\"description\":\"Simplifiez vos achats du quotidien \u00e0 Djibouti\",\"publisher\":{\"@id\":\"https:\/\/nirigs.com\/#organization\"},\"potentialAction\":[{\"@type\":\"SearchAction\",\"target\":{\"@type\":\"EntryPoint\",\"urlTemplate\":\"https:\/\/nirigs.com\/?s={search_term_string}\"},\"query-input\":{\"@type\":\"PropertyValueSpecification\",\"valueRequired\":true,\"valueName\":\"search_term_string\"}}],\"inLanguage\":\"ar\"},{\"@type\":\"Organization\",\"@id\":\"https:\/\/nirigs.com\/#organization\",\"name\":\"Nirigs\",\"url\":\"https:\/\/nirigs.com\/\",\"logo\":{\"@type\":\"ImageObject\",\"inLanguage\":\"ar\",\"@id\":\"https:\/\/nirigs.com\/#\/schema\/logo\/image\/\",\"url\":\"https:\/\/nirigs.com\/wp-content\/uploads\/2025\/04\/Design-sans-titre-27.png\",\"contentUrl\":\"https:\/\/nirigs.com\/wp-content\/uploads\/2025\/04\/Design-sans-titre-27.png\",\"width\":500,\"height\":500,\"caption\":\"Nirigs\"},\"image\":{\"@id\":\"https:\/\/nirigs.com\/#\/schema\/logo\/image\/\"}}]}<\/script>\n<!-- \/ Yoast SEO plugin. -->","yoast_head_json":{"title":"BN - Les Challenges - Biscuits go\u00fbt fraise x16 biscuits - 285 g - NIRIGS","robots":{"index":"index","follow":"follow","max-snippet":"max-snippet:-1","max-image-preview":"max-image-preview:large","max-video-preview":"max-video-preview:-1"},"canonical":"https:\/\/nirigs.com\/ar\/product\/bn-les-challenges-biscuits-gout-fraise-x16-biscuits-285-g\/","og_locale":"ar_AR","og_type":"article","og_title":"BN - Les Challenges - Biscuits go\u00fbt fraise x16 biscuits - 285 g - NIRIGS","og_description":"Les BN au go\u00fbt fraise sont des biscuits iconiques en forme de carr\u00e9, compos\u00e9s de deux biscuits croustillants avec un","og_url":"https:\/\/nirigs.com\/ar\/product\/bn-les-challenges-biscuits-gout-fraise-x16-biscuits-285-g\/","og_site_name":"NIRIGS","article_modified_time":"2025-06-05T18:30:30+00:00","og_image":[{"width":1000,"height":1000,"url":"https:\/\/nirigs.com\/wp-content\/uploads\/2024\/10\/BN-Les-Challenges-Biscuits-gout-fraise-x16-biscuits-285-g.jpg","type":"image\/jpeg"}],"twitter_card":"summary_large_image","twitter_misc":{"\u0648\u0642\u062a \u0627\u0644\u0642\u0631\u0627\u0621\u0629 \u0627\u0644\u0645\u064f\u0642\u062f\u0651\u0631":"\u062f\u0642\u064a\u0642\u0629 \u0648\u0627\u062d\u062f\u0629"},"schema":{"@context":"https:\/\/schema.org","@graph":[{"@type":"WebPage","@id":"https:\/\/nirigs.com\/ar\/product\/bn-les-challenges-biscuits-gout-fraise-x16-biscuits-285-g\/","url":"https:\/\/nirigs.com\/ar\/product\/bn-les-challenges-biscuits-gout-fraise-x16-biscuits-285-g\/","name":"BN - Les Challenges - Biscuits go\u00fbt fraise x16 biscuits - 285 g - NIRIGS","isPartOf":{"@id":"https:\/\/nirigs.com\/#website"},"primaryImageOfPage":{"@id":"https:\/\/nirigs.com\/ar\/product\/bn-les-challenges-biscuits-gout-fraise-x16-biscuits-285-g\/#primaryimage"},"image":{"@id":"https:\/\/nirigs.com\/ar\/product\/bn-les-challenges-biscuits-gout-fraise-x16-biscuits-285-g\/#primaryimage"},"thumbnailUrl":"https:\/\/nirigs.com\/wp-content\/uploads\/2024\/10\/BN-Les-Challenges-Biscuits-gout-fraise-x16-biscuits-285-g.jpg","datePublished":"2024-10-06T15:02:56+00:00","dateModified":"2025-06-05T18:30:30+00:00","breadcrumb":{"@id":"https:\/\/nirigs.com\/ar\/product\/bn-les-challenges-biscuits-gout-fraise-x16-biscuits-285-g\/#breadcrumb"},"inLanguage":"ar","potentialAction":[{"@type":"ReadAction","target":["https:\/\/nirigs.com\/ar\/product\/bn-les-challenges-biscuits-gout-fraise-x16-biscuits-285-g\/"]}]},{"@type":"ImageObject","inLanguage":"ar","@id":"https:\/\/nirigs.com\/ar\/product\/bn-les-challenges-biscuits-gout-fraise-x16-biscuits-285-g\/#primaryimage","url":"https:\/\/nirigs.com\/wp-content\/uploads\/2024\/10\/BN-Les-Challenges-Biscuits-gout-fraise-x16-biscuits-285-g.jpg","contentUrl":"https:\/\/nirigs.com\/wp-content\/uploads\/2024\/10\/BN-Les-Challenges-Biscuits-gout-fraise-x16-biscuits-285-g.jpg","width":1000,"height":1000},{"@type":"BreadcrumbList","@id":"https:\/\/nirigs.com\/ar\/product\/bn-les-challenges-biscuits-gout-fraise-x16-biscuits-285-g\/#breadcrumb","itemListElement":[{"@type":"ListItem","position":1,"name":"Home","item":"https:\/\/nirigs.com\/"},{"@type":"ListItem","position":2,"name":"Parcourir","item":"https:\/\/nirigs.com\/boutique\/"},{"@type":"ListItem","position":3,"name":"BN &#8211; Les Challenges &#8211; Biscuits go\u00fbt fraise x16 biscuits &#8211; 285 g"}]},{"@type":"WebSite","@id":"https:\/\/nirigs.com\/#website","url":"https:\/\/nirigs.com\/","name":"Nirigs.com","description":"Simplifiez vos achats du quotidien \u00e0 Djibouti","publisher":{"@id":"https:\/\/nirigs.com\/#organization"},"potentialAction":[{"@type":"SearchAction","target":{"@type":"EntryPoint","urlTemplate":"https:\/\/nirigs.com\/?s={search_term_string}"},"query-input":{"@type":"PropertyValueSpecification","valueRequired":true,"valueName":"search_term_string"}}],"inLanguage":"ar"},{"@type":"Organization","@id":"https:\/\/nirigs.com\/#organization","name":"\u0646\u064a\u0631\u064a\u062c\u0633","url":"https:\/\/nirigs.com\/","logo":{"@type":"ImageObject","inLanguage":"ar","@id":"https:\/\/nirigs.com\/#\/schema\/logo\/image\/","url":"https:\/\/nirigs.com\/wp-content\/uploads\/2025\/04\/Design-sans-titre-27.png","contentUrl":"https:\/\/nirigs.com\/wp-content\/uploads\/2025\/04\/Design-sans-titre-27.png","width":500,"height":500,"caption":"Nirigs"},"image":{"@id":"https:\/\/nirigs.com\/#\/schema\/logo\/image\/"}}]}},"brands":[{"id":1168,"name":"\u0628.\u0646.","slug":"bn"}],"_links":{"self":[{"href":"https:\/\/nirigs.com\/ar\/wp-json\/wp\/v2\/product\/23382","targetHints":{"allow":["GET"]}}],"collection":[{"href":"https:\/\/nirigs.com\/ar\/wp-json\/wp\/v2\/product"}],"about":[{"href":"https:\/\/nirigs.com\/ar\/wp-json\/wp\/v2\/types\/product"}],"replies":[{"embeddable":true,"href":"https:\/\/nirigs.com\/ar\/wp-json\/wp\/v2\/comments?post=23382"}],"version-history":[{"count":4,"href":"https:\/\/nirigs.com\/ar\/wp-json\/wp\/v2\/product\/23382\/revisions"}],"predecessor-version":[{"id":23701,"href":"https:\/\/nirigs.com\/ar\/wp-json\/wp\/v2\/product\/23382\/revisions\/23701"}],"wp:featuredmedia":[{"embeddable":true,"href":"https:\/\/nirigs.com\/ar\/wp-json\/wp\/v2\/media\/23700"}],"wp:attachment":[{"href":"https:\/\/nirigs.com\/ar\/wp-json\/wp\/v2\/media?parent=23382"}],"wp:term":[{"taxonomy":"pwb-brand","embeddable":true,"href":"https:\/\/nirigs.com\/ar\/wp-json\/wp\/v2\/pwb-brand?post=23382"},{"taxonomy":"product_brand","embeddable":true,"href":"https:\/\/nirigs.com\/ar\/wp-json\/wp\/v2\/product_brand?post=23382"},{"taxonomy":"product_cat","embeddable":true,"href":"https:\/\/nirigs.com\/ar\/wp-json\/wp\/v2\/product_cat?post=23382"},{"taxonomy":"product_tag","embeddable":true,"href":"https:\/\/nirigs.com\/ar\/wp-json\/wp\/v2\/product_tag?post=23382"}],"curies":[{"name":"wp","href":"https:\/\/api.w.org\/{rel}","templated":true}]}}