{"id":23378,"date":"2024-10-06T18:02:54","date_gmt":"2024-10-06T15:02:54","guid":{"rendered":"https:\/\/nirigs.com\/produit\/casino-le-petit-beurre-x24-biscuits-200-g\/"},"modified":"2025-09-21T02:31:16","modified_gmt":"2025-09-20T23:31:16","slug":"casino-le-petit-beurre-x24-biscuits-200-g","status":"publish","type":"product","link":"https:\/\/nirigs.com\/ar\/product\/casino-le-petit-beurre-x24-biscuits-200-g\/","title":{"rendered":"Casino &#8211; Le petit beurre x24 biscuits &#8211; 200 g"},"content":{"rendered":"<p>Le <strong>Petit Beurre<\/strong> de Casino est un biscuit classique, \u00e0 la texture croquante et au go\u00fbt l\u00e9ger de beurre. Il est id\u00e9al pour le go\u00fbter, accompagn\u00e9 d&rsquo;une boisson chaude, ou pour \u00eatre utilis\u00e9 dans de nombreuses recettes de desserts comme les charlottes ou les tiramisus. Ce paquet contient 24 biscuits, offrant un format parfait pour une consommation en famille ou pour partager entre amis.<\/p>\n<h4><span class=\"robotomedium\">\u0645\u0643\u0648\u0646\u0627\u062a\u00a0<\/span><\/h4>\n<p><span class=\"robotomedium\">\u00a0<\/span><span class=\"robotolight\">Farine de\u00a0<strong><i>bl\u00e9\u00a0<\/i><\/strong>70% &#8211; sucre &#8211;\u00a0<strong><i>beurre\u00a0<\/i><\/strong>concentr\u00e9 12,7% (soit 15,2% de\u00a0<strong><i>beurre\u00a0<\/i><\/strong>reconstitu\u00e9) &#8211;\u00a0<strong><i>lait\u00a0<\/i><\/strong>demi-\u00e9cr\u00e9m\u00e9 &#8211; poudre de\u00a0<strong><i>lait\u00a0<\/i><\/strong>entier &#8211; poudres \u00e0 lever : carbonates d&rsquo;ammonium, carbonates de sodium, diphosphates &#8211; sel &#8211; blanc\u00a0d&rsquo;<strong><i>\u0153ufs<\/i><\/strong>\u00a0en poudre &#8211; jaune d&rsquo;<strong><i>\u0153ufs<\/i><\/strong>\u00a0en poudre &#8211; ar\u00f4me. Traces de<strong><i>\u00a0graines de s\u00e9same<\/i><\/strong>. Les informations en\u00a0<strong><i>gras\u00a0<\/i><\/strong>sont destin\u00e9es aux personnes intol\u00e9rantes ou allergiques.<\/span><\/p>","protected":false},"excerpt":{"rendered":"<p>Le Petit Beurre de Casino est un biscuit classique, \u00e0 la texture croquante et au go\u00fbt l\u00e9ger de beurre. Il<\/p>","protected":false},"featured_media":24891,"comment_status":"open","ping_status":"closed","template":"","meta":[],"pwb-brand":[843],"product_brand":[],"product_cat":[1164,1126,275,1163],"product_tag":[],"class_list":{"0":"post-23378","1":"product","2":"type-product","3":"status-publish","4":"has-post-thumbnail","6":"pwb-brand-casino","7":"product_cat-biscuits-snacks","8":"product_cat-en-cas-et-friandises","9":"product_cat-epicerie","10":"product_cat-snacks","12":"first","13":"instock","14":"shipping-taxable","15":"purchasable","16":"product-type-simple"},"yoast_head":"<!-- This site is optimized with the Yoast SEO plugin v27.1.1 - https:\/\/yoast.com\/product\/yoast-seo-wordpress\/ -->\n<title>Casino - Le petit beurre x24 biscuits - 200 g - NIRIGS<\/title>\n<meta name=\"robots\" content=\"index, follow, max-snippet:-1, max-image-preview:large, max-video-preview:-1\" \/>\n<link rel=\"canonical\" href=\"https:\/\/nirigs.com\/ar\/product\/casino-le-petit-beurre-x24-biscuits-200-g\/\" \/>\n<meta property=\"og:locale\" content=\"ar_AR\" \/>\n<meta property=\"og:type\" content=\"article\" \/>\n<meta property=\"og:title\" content=\"Casino - Le petit beurre x24 biscuits - 200 g - NIRIGS\" \/>\n<meta property=\"og:description\" content=\"Le Petit Beurre de Casino est un biscuit classique, \u00e0 la texture croquante et au go\u00fbt l\u00e9ger de beurre. Il\" \/>\n<meta property=\"og:url\" content=\"https:\/\/nirigs.com\/ar\/product\/casino-le-petit-beurre-x24-biscuits-200-g\/\" \/>\n<meta property=\"og:site_name\" content=\"NIRIGS\" \/>\n<meta property=\"article:modified_time\" content=\"2025-09-20T23:31:16+00:00\" \/>\n<meta property=\"og:image\" content=\"https:\/\/nirigs.com\/wp-content\/uploads\/2024\/10\/Casino-Le-petit-beurre-x24-biscuits-200-g-1.jpg\" \/>\n\t<meta property=\"og:image:width\" content=\"1000\" \/>\n\t<meta property=\"og:image:height\" content=\"1000\" \/>\n\t<meta property=\"og:image:type\" content=\"image\/jpeg\" \/>\n<meta name=\"twitter:card\" content=\"summary_large_image\" \/>\n<meta name=\"twitter:label1\" content=\"\u0648\u0642\u062a \u0627\u0644\u0642\u0631\u0627\u0621\u0629 \u0627\u0644\u0645\u064f\u0642\u062f\u0651\u0631\" \/>\n\t<meta name=\"twitter:data1\" content=\"\u062f\u0642\u064a\u0642\u0629 \u0648\u0627\u062d\u062f\u0629\" \/>\n<script type=\"application\/ld+json\" class=\"yoast-schema-graph\">{\"@context\":\"https:\/\/schema.org\",\"@graph\":[{\"@type\":\"WebPage\",\"@id\":\"https:\/\/nirigs.com\/ar\/product\/casino-le-petit-beurre-x24-biscuits-200-g\/\",\"url\":\"https:\/\/nirigs.com\/ar\/product\/casino-le-petit-beurre-x24-biscuits-200-g\/\",\"name\":\"Casino - Le petit beurre x24 biscuits - 200 g - NIRIGS\",\"isPartOf\":{\"@id\":\"https:\/\/nirigs.com\/#website\"},\"primaryImageOfPage\":{\"@id\":\"https:\/\/nirigs.com\/ar\/product\/casino-le-petit-beurre-x24-biscuits-200-g\/#primaryimage\"},\"image\":{\"@id\":\"https:\/\/nirigs.com\/ar\/product\/casino-le-petit-beurre-x24-biscuits-200-g\/#primaryimage\"},\"thumbnailUrl\":\"https:\/\/nirigs.com\/wp-content\/uploads\/2024\/10\/Casino-Le-petit-beurre-x24-biscuits-200-g-1.jpg\",\"datePublished\":\"2024-10-06T15:02:54+00:00\",\"dateModified\":\"2025-09-20T23:31:16+00:00\",\"breadcrumb\":{\"@id\":\"https:\/\/nirigs.com\/ar\/product\/casino-le-petit-beurre-x24-biscuits-200-g\/#breadcrumb\"},\"inLanguage\":\"ar\",\"potentialAction\":[{\"@type\":\"ReadAction\",\"target\":[\"https:\/\/nirigs.com\/ar\/product\/casino-le-petit-beurre-x24-biscuits-200-g\/\"]}]},{\"@type\":\"ImageObject\",\"inLanguage\":\"ar\",\"@id\":\"https:\/\/nirigs.com\/ar\/product\/casino-le-petit-beurre-x24-biscuits-200-g\/#primaryimage\",\"url\":\"https:\/\/nirigs.com\/wp-content\/uploads\/2024\/10\/Casino-Le-petit-beurre-x24-biscuits-200-g-1.jpg\",\"contentUrl\":\"https:\/\/nirigs.com\/wp-content\/uploads\/2024\/10\/Casino-Le-petit-beurre-x24-biscuits-200-g-1.jpg\",\"width\":1000,\"height\":1000},{\"@type\":\"BreadcrumbList\",\"@id\":\"https:\/\/nirigs.com\/ar\/product\/casino-le-petit-beurre-x24-biscuits-200-g\/#breadcrumb\",\"itemListElement\":[{\"@type\":\"ListItem\",\"position\":1,\"name\":\"Home\",\"item\":\"https:\/\/nirigs.com\/\"},{\"@type\":\"ListItem\",\"position\":2,\"name\":\"Parcourir\",\"item\":\"https:\/\/nirigs.com\/boutique\/\"},{\"@type\":\"ListItem\",\"position\":3,\"name\":\"Casino &#8211; Le petit beurre x24 biscuits &#8211; 200 g\"}]},{\"@type\":\"WebSite\",\"@id\":\"https:\/\/nirigs.com\/#website\",\"url\":\"https:\/\/nirigs.com\/\",\"name\":\"Nirigs.com\",\"description\":\"Simplifiez vos achats du quotidien \u00e0 Djibouti\",\"publisher\":{\"@id\":\"https:\/\/nirigs.com\/#organization\"},\"potentialAction\":[{\"@type\":\"SearchAction\",\"target\":{\"@type\":\"EntryPoint\",\"urlTemplate\":\"https:\/\/nirigs.com\/?s={search_term_string}\"},\"query-input\":{\"@type\":\"PropertyValueSpecification\",\"valueRequired\":true,\"valueName\":\"search_term_string\"}}],\"inLanguage\":\"ar\"},{\"@type\":\"Organization\",\"@id\":\"https:\/\/nirigs.com\/#organization\",\"name\":\"Nirigs\",\"url\":\"https:\/\/nirigs.com\/\",\"logo\":{\"@type\":\"ImageObject\",\"inLanguage\":\"ar\",\"@id\":\"https:\/\/nirigs.com\/#\/schema\/logo\/image\/\",\"url\":\"https:\/\/nirigs.com\/wp-content\/uploads\/2025\/04\/Design-sans-titre-27.png\",\"contentUrl\":\"https:\/\/nirigs.com\/wp-content\/uploads\/2025\/04\/Design-sans-titre-27.png\",\"width\":500,\"height\":500,\"caption\":\"Nirigs\"},\"image\":{\"@id\":\"https:\/\/nirigs.com\/#\/schema\/logo\/image\/\"}}]}<\/script>\n<!-- \/ Yoast SEO plugin. -->","yoast_head_json":{"title":"Casino - Le petit beurre x24 biscuits - 200 g - NIRIGS","robots":{"index":"index","follow":"follow","max-snippet":"max-snippet:-1","max-image-preview":"max-image-preview:large","max-video-preview":"max-video-preview:-1"},"canonical":"https:\/\/nirigs.com\/ar\/product\/casino-le-petit-beurre-x24-biscuits-200-g\/","og_locale":"ar_AR","og_type":"article","og_title":"Casino - Le petit beurre x24 biscuits - 200 g - NIRIGS","og_description":"Le Petit Beurre de Casino est un biscuit classique, \u00e0 la texture croquante et au go\u00fbt l\u00e9ger de beurre. Il","og_url":"https:\/\/nirigs.com\/ar\/product\/casino-le-petit-beurre-x24-biscuits-200-g\/","og_site_name":"NIRIGS","article_modified_time":"2025-09-20T23:31:16+00:00","og_image":[{"width":1000,"height":1000,"url":"https:\/\/nirigs.com\/wp-content\/uploads\/2024\/10\/Casino-Le-petit-beurre-x24-biscuits-200-g-1.jpg","type":"image\/jpeg"}],"twitter_card":"summary_large_image","twitter_misc":{"\u0648\u0642\u062a \u0627\u0644\u0642\u0631\u0627\u0621\u0629 \u0627\u0644\u0645\u064f\u0642\u062f\u0651\u0631":"\u062f\u0642\u064a\u0642\u0629 \u0648\u0627\u062d\u062f\u0629"},"schema":{"@context":"https:\/\/schema.org","@graph":[{"@type":"WebPage","@id":"https:\/\/nirigs.com\/ar\/product\/casino-le-petit-beurre-x24-biscuits-200-g\/","url":"https:\/\/nirigs.com\/ar\/product\/casino-le-petit-beurre-x24-biscuits-200-g\/","name":"Casino - Le petit beurre x24 biscuits - 200 g - NIRIGS","isPartOf":{"@id":"https:\/\/nirigs.com\/#website"},"primaryImageOfPage":{"@id":"https:\/\/nirigs.com\/ar\/product\/casino-le-petit-beurre-x24-biscuits-200-g\/#primaryimage"},"image":{"@id":"https:\/\/nirigs.com\/ar\/product\/casino-le-petit-beurre-x24-biscuits-200-g\/#primaryimage"},"thumbnailUrl":"https:\/\/nirigs.com\/wp-content\/uploads\/2024\/10\/Casino-Le-petit-beurre-x24-biscuits-200-g-1.jpg","datePublished":"2024-10-06T15:02:54+00:00","dateModified":"2025-09-20T23:31:16+00:00","breadcrumb":{"@id":"https:\/\/nirigs.com\/ar\/product\/casino-le-petit-beurre-x24-biscuits-200-g\/#breadcrumb"},"inLanguage":"ar","potentialAction":[{"@type":"ReadAction","target":["https:\/\/nirigs.com\/ar\/product\/casino-le-petit-beurre-x24-biscuits-200-g\/"]}]},{"@type":"ImageObject","inLanguage":"ar","@id":"https:\/\/nirigs.com\/ar\/product\/casino-le-petit-beurre-x24-biscuits-200-g\/#primaryimage","url":"https:\/\/nirigs.com\/wp-content\/uploads\/2024\/10\/Casino-Le-petit-beurre-x24-biscuits-200-g-1.jpg","contentUrl":"https:\/\/nirigs.com\/wp-content\/uploads\/2024\/10\/Casino-Le-petit-beurre-x24-biscuits-200-g-1.jpg","width":1000,"height":1000},{"@type":"BreadcrumbList","@id":"https:\/\/nirigs.com\/ar\/product\/casino-le-petit-beurre-x24-biscuits-200-g\/#breadcrumb","itemListElement":[{"@type":"ListItem","position":1,"name":"Home","item":"https:\/\/nirigs.com\/"},{"@type":"ListItem","position":2,"name":"Parcourir","item":"https:\/\/nirigs.com\/boutique\/"},{"@type":"ListItem","position":3,"name":"Casino &#8211; Le petit beurre x24 biscuits &#8211; 200 g"}]},{"@type":"WebSite","@id":"https:\/\/nirigs.com\/#website","url":"https:\/\/nirigs.com\/","name":"Nirigs.com","description":"Simplifiez vos achats du quotidien \u00e0 Djibouti","publisher":{"@id":"https:\/\/nirigs.com\/#organization"},"potentialAction":[{"@type":"SearchAction","target":{"@type":"EntryPoint","urlTemplate":"https:\/\/nirigs.com\/?s={search_term_string}"},"query-input":{"@type":"PropertyValueSpecification","valueRequired":true,"valueName":"search_term_string"}}],"inLanguage":"ar"},{"@type":"Organization","@id":"https:\/\/nirigs.com\/#organization","name":"\u0646\u064a\u0631\u064a\u062c\u0633","url":"https:\/\/nirigs.com\/","logo":{"@type":"ImageObject","inLanguage":"ar","@id":"https:\/\/nirigs.com\/#\/schema\/logo\/image\/","url":"https:\/\/nirigs.com\/wp-content\/uploads\/2025\/04\/Design-sans-titre-27.png","contentUrl":"https:\/\/nirigs.com\/wp-content\/uploads\/2025\/04\/Design-sans-titre-27.png","width":500,"height":500,"caption":"Nirigs"},"image":{"@id":"https:\/\/nirigs.com\/#\/schema\/logo\/image\/"}}]}},"brands":[{"id":843,"name":"\u0643\u0627\u0632\u064a\u0646\u0648","slug":"casino"}],"_links":{"self":[{"href":"https:\/\/nirigs.com\/ar\/wp-json\/wp\/v2\/product\/23378","targetHints":{"allow":["GET"]}}],"collection":[{"href":"https:\/\/nirigs.com\/ar\/wp-json\/wp\/v2\/product"}],"about":[{"href":"https:\/\/nirigs.com\/ar\/wp-json\/wp\/v2\/types\/product"}],"replies":[{"embeddable":true,"href":"https:\/\/nirigs.com\/ar\/wp-json\/wp\/v2\/comments?post=23378"}],"version-history":[{"count":2,"href":"https:\/\/nirigs.com\/ar\/wp-json\/wp\/v2\/product\/23378\/revisions"}],"predecessor-version":[{"id":24784,"href":"https:\/\/nirigs.com\/ar\/wp-json\/wp\/v2\/product\/23378\/revisions\/24784"}],"wp:featuredmedia":[{"embeddable":true,"href":"https:\/\/nirigs.com\/ar\/wp-json\/wp\/v2\/media\/24891"}],"wp:attachment":[{"href":"https:\/\/nirigs.com\/ar\/wp-json\/wp\/v2\/media?parent=23378"}],"wp:term":[{"taxonomy":"pwb-brand","embeddable":true,"href":"https:\/\/nirigs.com\/ar\/wp-json\/wp\/v2\/pwb-brand?post=23378"},{"taxonomy":"product_brand","embeddable":true,"href":"https:\/\/nirigs.com\/ar\/wp-json\/wp\/v2\/product_brand?post=23378"},{"taxonomy":"product_cat","embeddable":true,"href":"https:\/\/nirigs.com\/ar\/wp-json\/wp\/v2\/product_cat?post=23378"},{"taxonomy":"product_tag","embeddable":true,"href":"https:\/\/nirigs.com\/ar\/wp-json\/wp\/v2\/product_tag?post=23378"}],"curies":[{"name":"wp","href":"https:\/\/api.w.org\/{rel}","templated":true}]}}