{"id":23371,"date":"2024-10-06T18:02:52","date_gmt":"2024-10-06T15:02:52","guid":{"rendered":"https:\/\/nirigs.com\/produit\/casino-les-palmiers-croustillants-et-feuillettes-2x6-palmiers-100-g\/"},"modified":"2025-02-02T14:50:01","modified_gmt":"2025-02-02T11:50:01","slug":"casino-les-palmiers-croustillants-et-feuillettes-2x6-palmiers-100-g","status":"publish","type":"product","link":"https:\/\/nirigs.com\/ar\/product\/casino-les-palmiers-croustillants-et-feuillettes-2x6-palmiers-100-g\/","title":{"rendered":"Casino &#8211; Les palmiers croustillants et feuillett\u00e9s 2&#215;6 palmiers &#8211; 100 g"},"content":{"rendered":"<p>\u0627\u0644 <strong>Palmiers croustillants et feuillet\u00e9s<\/strong> de Casino sont de savoureux biscuits \u00e0 la p\u00e2te feuillet\u00e9e, d\u00e9licatement sucr\u00e9s et dor\u00e9s. Ces palmiers sont connus pour leur texture l\u00e9g\u00e8re, croustillante et leur go\u00fbt de beurre subtilement caram\u00e9lis\u00e9. Pr\u00e9sent\u00e9s en deux sachets fra\u00eecheur de 6 palmiers chacun, ils sont parfaits pour partager lors d\u2019une pause gourmande ou pour accompagner une boisson chaude.<\/p>\n<h4><strong>\u0645\u0643\u0648\u0646\u0627\u062a :<\/strong><\/h4>\n<p>Farine de bl\u00e9, beurre concentr\u00e9 (22%), sucre, sel, ar\u00f4me naturel.<\/p>\n<h4><strong>\u0645\u0633\u0628\u0628\u0627\u062a \u0627\u0644\u062d\u0633\u0627\u0633\u064a\u0629:<\/strong><\/h4>\n<p>Contient du gluten et du lait. Peut contenir des traces de fruits \u00e0 coque et d&rsquo;\u0153ufs.<\/p>","protected":false},"excerpt":{"rendered":"<p>Les Palmiers croustillants et feuillet\u00e9s de Casino sont de savoureux biscuits \u00e0 la p\u00e2te feuillet\u00e9e, d\u00e9licatement sucr\u00e9s et dor\u00e9s. Ces<\/p>","protected":false},"featured_media":24883,"comment_status":"open","ping_status":"closed","template":"","meta":[],"pwb-brand":[843],"product_brand":[],"product_cat":[1126,275,1165,1163],"product_tag":[],"class_list":{"0":"post-23371","1":"product","2":"type-product","3":"status-publish","4":"has-post-thumbnail","6":"pwb-brand-casino","7":"product_cat-en-cas-et-friandises","8":"product_cat-epicerie","9":"product_cat-gateaux","10":"product_cat-snacks","12":"first","13":"instock","14":"shipping-taxable","15":"purchasable","16":"product-type-simple"},"yoast_head":"<!-- This site is optimized with the Yoast SEO plugin v27.4 - https:\/\/yoast.com\/product\/yoast-seo-wordpress\/ -->\n<title>Casino - Les palmiers croustillants et feuillett\u00e9s 2x6 palmiers - 100 g - NIRIGS<\/title>\n<meta name=\"robots\" content=\"index, follow, max-snippet:-1, max-image-preview:large, max-video-preview:-1\" \/>\n<link rel=\"canonical\" href=\"https:\/\/nirigs.com\/ar\/product\/casino-les-palmiers-croustillants-et-feuillettes-2x6-palmiers-100-g\/\" \/>\n<meta property=\"og:locale\" content=\"ar_AR\" \/>\n<meta property=\"og:type\" content=\"article\" \/>\n<meta property=\"og:title\" content=\"Casino - Les palmiers croustillants et feuillett\u00e9s 2x6 palmiers - 100 g - NIRIGS\" \/>\n<meta property=\"og:description\" content=\"Les Palmiers croustillants et feuillet\u00e9s de Casino sont de savoureux biscuits \u00e0 la p\u00e2te feuillet\u00e9e, d\u00e9licatement sucr\u00e9s et dor\u00e9s. Ces\" \/>\n<meta property=\"og:url\" content=\"https:\/\/nirigs.com\/ar\/product\/casino-les-palmiers-croustillants-et-feuillettes-2x6-palmiers-100-g\/\" \/>\n<meta property=\"og:site_name\" content=\"NIRIGS\" \/>\n<meta property=\"article:modified_time\" content=\"2025-02-02T11:50:01+00:00\" \/>\n<meta property=\"og:image\" content=\"https:\/\/nirigs.com\/wp-content\/uploads\/2024\/10\/Casino-Les-palmiers-croustillants-et-feuillettes-2x6-palmiers-100-g.jpg\" \/>\n\t<meta property=\"og:image:width\" content=\"1000\" \/>\n\t<meta property=\"og:image:height\" content=\"1000\" \/>\n\t<meta property=\"og:image:type\" content=\"image\/jpeg\" \/>\n<meta name=\"twitter:card\" content=\"summary_large_image\" \/>\n<meta name=\"twitter:label1\" content=\"\u0648\u0642\u062a \u0627\u0644\u0642\u0631\u0627\u0621\u0629 \u0627\u0644\u0645\u064f\u0642\u062f\u0651\u0631\" \/>\n\t<meta name=\"twitter:data1\" content=\"\u062f\u0642\u064a\u0642\u0629 \u0648\u0627\u062d\u062f\u0629\" \/>\n<script type=\"application\/ld+json\" class=\"yoast-schema-graph\">{\"@context\":\"https:\\\/\\\/schema.org\",\"@graph\":[{\"@type\":\"WebPage\",\"@id\":\"https:\\\/\\\/nirigs.com\\\/ar\\\/product\\\/casino-les-palmiers-croustillants-et-feuillettes-2x6-palmiers-100-g\\\/\",\"url\":\"https:\\\/\\\/nirigs.com\\\/ar\\\/product\\\/casino-les-palmiers-croustillants-et-feuillettes-2x6-palmiers-100-g\\\/\",\"name\":\"Casino - Les palmiers croustillants et feuillett\u00e9s 2x6 palmiers - 100 g - NIRIGS\",\"isPartOf\":{\"@id\":\"https:\\\/\\\/nirigs.com\\\/#website\"},\"primaryImageOfPage\":{\"@id\":\"https:\\\/\\\/nirigs.com\\\/ar\\\/product\\\/casino-les-palmiers-croustillants-et-feuillettes-2x6-palmiers-100-g\\\/#primaryimage\"},\"image\":{\"@id\":\"https:\\\/\\\/nirigs.com\\\/ar\\\/product\\\/casino-les-palmiers-croustillants-et-feuillettes-2x6-palmiers-100-g\\\/#primaryimage\"},\"thumbnailUrl\":\"https:\\\/\\\/nirigs.com\\\/wp-content\\\/uploads\\\/2024\\\/10\\\/Casino-Les-palmiers-croustillants-et-feuillettes-2x6-palmiers-100-g.jpg\",\"datePublished\":\"2024-10-06T15:02:52+00:00\",\"dateModified\":\"2025-02-02T11:50:01+00:00\",\"breadcrumb\":{\"@id\":\"https:\\\/\\\/nirigs.com\\\/ar\\\/product\\\/casino-les-palmiers-croustillants-et-feuillettes-2x6-palmiers-100-g\\\/#breadcrumb\"},\"inLanguage\":\"ar\",\"potentialAction\":[{\"@type\":\"ReadAction\",\"target\":[\"https:\\\/\\\/nirigs.com\\\/ar\\\/product\\\/casino-les-palmiers-croustillants-et-feuillettes-2x6-palmiers-100-g\\\/\"]}]},{\"@type\":\"ImageObject\",\"inLanguage\":\"ar\",\"@id\":\"https:\\\/\\\/nirigs.com\\\/ar\\\/product\\\/casino-les-palmiers-croustillants-et-feuillettes-2x6-palmiers-100-g\\\/#primaryimage\",\"url\":\"https:\\\/\\\/nirigs.com\\\/wp-content\\\/uploads\\\/2024\\\/10\\\/Casino-Les-palmiers-croustillants-et-feuillettes-2x6-palmiers-100-g.jpg\",\"contentUrl\":\"https:\\\/\\\/nirigs.com\\\/wp-content\\\/uploads\\\/2024\\\/10\\\/Casino-Les-palmiers-croustillants-et-feuillettes-2x6-palmiers-100-g.jpg\",\"width\":1000,\"height\":1000},{\"@type\":\"BreadcrumbList\",\"@id\":\"https:\\\/\\\/nirigs.com\\\/ar\\\/product\\\/casino-les-palmiers-croustillants-et-feuillettes-2x6-palmiers-100-g\\\/#breadcrumb\",\"itemListElement\":[{\"@type\":\"ListItem\",\"position\":1,\"name\":\"Home\",\"item\":\"https:\\\/\\\/nirigs.com\\\/\"},{\"@type\":\"ListItem\",\"position\":2,\"name\":\"Parcourir\",\"item\":\"https:\\\/\\\/nirigs.com\\\/boutique\\\/\"},{\"@type\":\"ListItem\",\"position\":3,\"name\":\"Casino &#8211; Les palmiers croustillants et feuillett\u00e9s 2&#215;6 palmiers &#8211; 100 g\"}]},{\"@type\":\"WebSite\",\"@id\":\"https:\\\/\\\/nirigs.com\\\/#website\",\"url\":\"https:\\\/\\\/nirigs.com\\\/\",\"name\":\"Nirigs.com\",\"description\":\"Simplifiez vos achats du quotidien \u00e0 Djibouti\",\"publisher\":{\"@id\":\"https:\\\/\\\/nirigs.com\\\/#organization\"},\"potentialAction\":[{\"@type\":\"SearchAction\",\"target\":{\"@type\":\"EntryPoint\",\"urlTemplate\":\"https:\\\/\\\/nirigs.com\\\/?s={search_term_string}\"},\"query-input\":{\"@type\":\"PropertyValueSpecification\",\"valueRequired\":true,\"valueName\":\"search_term_string\"}}],\"inLanguage\":\"ar\"},{\"@type\":\"Organization\",\"@id\":\"https:\\\/\\\/nirigs.com\\\/#organization\",\"name\":\"Nirigs\",\"url\":\"https:\\\/\\\/nirigs.com\\\/\",\"logo\":{\"@type\":\"ImageObject\",\"inLanguage\":\"ar\",\"@id\":\"https:\\\/\\\/nirigs.com\\\/#\\\/schema\\\/logo\\\/image\\\/\",\"url\":\"https:\\\/\\\/nirigs.com\\\/wp-content\\\/uploads\\\/2025\\\/04\\\/Design-sans-titre-27.png\",\"contentUrl\":\"https:\\\/\\\/nirigs.com\\\/wp-content\\\/uploads\\\/2025\\\/04\\\/Design-sans-titre-27.png\",\"width\":500,\"height\":500,\"caption\":\"Nirigs\"},\"image\":{\"@id\":\"https:\\\/\\\/nirigs.com\\\/#\\\/schema\\\/logo\\\/image\\\/\"}}]}<\/script>\n<!-- \/ Yoast SEO plugin. -->","yoast_head_json":{"title":"Casino - Les palmiers croustillants et feuillett\u00e9s 2x6 palmiers - 100 g - NIRIGS","robots":{"index":"index","follow":"follow","max-snippet":"max-snippet:-1","max-image-preview":"max-image-preview:large","max-video-preview":"max-video-preview:-1"},"canonical":"https:\/\/nirigs.com\/ar\/product\/casino-les-palmiers-croustillants-et-feuillettes-2x6-palmiers-100-g\/","og_locale":"ar_AR","og_type":"article","og_title":"Casino - Les palmiers croustillants et feuillett\u00e9s 2x6 palmiers - 100 g - NIRIGS","og_description":"Les Palmiers croustillants et feuillet\u00e9s de Casino sont de savoureux biscuits \u00e0 la p\u00e2te feuillet\u00e9e, d\u00e9licatement sucr\u00e9s et dor\u00e9s. Ces","og_url":"https:\/\/nirigs.com\/ar\/product\/casino-les-palmiers-croustillants-et-feuillettes-2x6-palmiers-100-g\/","og_site_name":"NIRIGS","article_modified_time":"2025-02-02T11:50:01+00:00","og_image":[{"width":1000,"height":1000,"url":"https:\/\/nirigs.com\/wp-content\/uploads\/2024\/10\/Casino-Les-palmiers-croustillants-et-feuillettes-2x6-palmiers-100-g.jpg","type":"image\/jpeg"}],"twitter_card":"summary_large_image","twitter_misc":{"\u0648\u0642\u062a \u0627\u0644\u0642\u0631\u0627\u0621\u0629 \u0627\u0644\u0645\u064f\u0642\u062f\u0651\u0631":"\u062f\u0642\u064a\u0642\u0629 \u0648\u0627\u062d\u062f\u0629"},"schema":{"@context":"https:\/\/schema.org","@graph":[{"@type":"WebPage","@id":"https:\/\/nirigs.com\/ar\/product\/casino-les-palmiers-croustillants-et-feuillettes-2x6-palmiers-100-g\/","url":"https:\/\/nirigs.com\/ar\/product\/casino-les-palmiers-croustillants-et-feuillettes-2x6-palmiers-100-g\/","name":"Casino - Les palmiers croustillants et feuillett\u00e9s 2x6 palmiers - 100 g - NIRIGS","isPartOf":{"@id":"https:\/\/nirigs.com\/#website"},"primaryImageOfPage":{"@id":"https:\/\/nirigs.com\/ar\/product\/casino-les-palmiers-croustillants-et-feuillettes-2x6-palmiers-100-g\/#primaryimage"},"image":{"@id":"https:\/\/nirigs.com\/ar\/product\/casino-les-palmiers-croustillants-et-feuillettes-2x6-palmiers-100-g\/#primaryimage"},"thumbnailUrl":"https:\/\/nirigs.com\/wp-content\/uploads\/2024\/10\/Casino-Les-palmiers-croustillants-et-feuillettes-2x6-palmiers-100-g.jpg","datePublished":"2024-10-06T15:02:52+00:00","dateModified":"2025-02-02T11:50:01+00:00","breadcrumb":{"@id":"https:\/\/nirigs.com\/ar\/product\/casino-les-palmiers-croustillants-et-feuillettes-2x6-palmiers-100-g\/#breadcrumb"},"inLanguage":"ar","potentialAction":[{"@type":"ReadAction","target":["https:\/\/nirigs.com\/ar\/product\/casino-les-palmiers-croustillants-et-feuillettes-2x6-palmiers-100-g\/"]}]},{"@type":"ImageObject","inLanguage":"ar","@id":"https:\/\/nirigs.com\/ar\/product\/casino-les-palmiers-croustillants-et-feuillettes-2x6-palmiers-100-g\/#primaryimage","url":"https:\/\/nirigs.com\/wp-content\/uploads\/2024\/10\/Casino-Les-palmiers-croustillants-et-feuillettes-2x6-palmiers-100-g.jpg","contentUrl":"https:\/\/nirigs.com\/wp-content\/uploads\/2024\/10\/Casino-Les-palmiers-croustillants-et-feuillettes-2x6-palmiers-100-g.jpg","width":1000,"height":1000},{"@type":"BreadcrumbList","@id":"https:\/\/nirigs.com\/ar\/product\/casino-les-palmiers-croustillants-et-feuillettes-2x6-palmiers-100-g\/#breadcrumb","itemListElement":[{"@type":"ListItem","position":1,"name":"Home","item":"https:\/\/nirigs.com\/"},{"@type":"ListItem","position":2,"name":"Parcourir","item":"https:\/\/nirigs.com\/boutique\/"},{"@type":"ListItem","position":3,"name":"Casino &#8211; Les palmiers croustillants et feuillett\u00e9s 2&#215;6 palmiers &#8211; 100 g"}]},{"@type":"WebSite","@id":"https:\/\/nirigs.com\/#website","url":"https:\/\/nirigs.com\/","name":"Nirigs.com","description":"Simplifiez vos achats du quotidien \u00e0 Djibouti","publisher":{"@id":"https:\/\/nirigs.com\/#organization"},"potentialAction":[{"@type":"SearchAction","target":{"@type":"EntryPoint","urlTemplate":"https:\/\/nirigs.com\/?s={search_term_string}"},"query-input":{"@type":"PropertyValueSpecification","valueRequired":true,"valueName":"search_term_string"}}],"inLanguage":"ar"},{"@type":"Organization","@id":"https:\/\/nirigs.com\/#organization","name":"\u0646\u064a\u0631\u064a\u062c\u0633","url":"https:\/\/nirigs.com\/","logo":{"@type":"ImageObject","inLanguage":"ar","@id":"https:\/\/nirigs.com\/#\/schema\/logo\/image\/","url":"https:\/\/nirigs.com\/wp-content\/uploads\/2025\/04\/Design-sans-titre-27.png","contentUrl":"https:\/\/nirigs.com\/wp-content\/uploads\/2025\/04\/Design-sans-titre-27.png","width":500,"height":500,"caption":"Nirigs"},"image":{"@id":"https:\/\/nirigs.com\/#\/schema\/logo\/image\/"}}]}},"brands":[{"id":843,"name":"\u0643\u0627\u0632\u064a\u0646\u0648","slug":"casino"}],"_links":{"self":[{"href":"https:\/\/nirigs.com\/ar\/wp-json\/wp\/v2\/product\/23371","targetHints":{"allow":["GET"]}}],"collection":[{"href":"https:\/\/nirigs.com\/ar\/wp-json\/wp\/v2\/product"}],"about":[{"href":"https:\/\/nirigs.com\/ar\/wp-json\/wp\/v2\/types\/product"}],"replies":[{"embeddable":true,"href":"https:\/\/nirigs.com\/ar\/wp-json\/wp\/v2\/comments?post=23371"}],"version-history":[{"count":2,"href":"https:\/\/nirigs.com\/ar\/wp-json\/wp\/v2\/product\/23371\/revisions"}],"predecessor-version":[{"id":24880,"href":"https:\/\/nirigs.com\/ar\/wp-json\/wp\/v2\/product\/23371\/revisions\/24880"}],"wp:featuredmedia":[{"embeddable":true,"href":"https:\/\/nirigs.com\/ar\/wp-json\/wp\/v2\/media\/24883"}],"wp:attachment":[{"href":"https:\/\/nirigs.com\/ar\/wp-json\/wp\/v2\/media?parent=23371"}],"wp:term":[{"taxonomy":"pwb-brand","embeddable":true,"href":"https:\/\/nirigs.com\/ar\/wp-json\/wp\/v2\/pwb-brand?post=23371"},{"taxonomy":"product_brand","embeddable":true,"href":"https:\/\/nirigs.com\/ar\/wp-json\/wp\/v2\/product_brand?post=23371"},{"taxonomy":"product_cat","embeddable":true,"href":"https:\/\/nirigs.com\/ar\/wp-json\/wp\/v2\/product_cat?post=23371"},{"taxonomy":"product_tag","embeddable":true,"href":"https:\/\/nirigs.com\/ar\/wp-json\/wp\/v2\/product_tag?post=23371"}],"curies":[{"name":"wp","href":"https:\/\/api.w.org\/{rel}","templated":true}]}}