{"id":23369,"date":"2024-10-06T18:02:51","date_gmt":"2024-10-06T15:02:51","guid":{"rendered":"https:\/\/nirigs.com\/produit\/leader-price-cookies-aux-pepites-de-chocolat-nougatine-x12-200-g\/"},"modified":"2025-02-02T14:50:41","modified_gmt":"2025-02-02T11:50:41","slug":"leader-price-cookies-aux-pepites-de-chocolat-nougatine-x12-200-g","status":"publish","type":"product","link":"https:\/\/nirigs.com\/ar\/product\/leader-price-cookies-aux-pepites-de-chocolat-nougatine-x12-200-g\/","title":{"rendered":"Leader Price &#8211; Cookies aux p\u00e9pites de chocolat nougatine x12 &#8211; 200 g"},"content":{"rendered":"<p>\u0627\u0644 <strong>Cookies aux p\u00e9pites de chocolat nougatine<\/strong> de Leader Price sont de d\u00e9licieux biscuits croquants, riches en chocolat avec des \u00e9clats de nougatine qui apportent une touche encore plus gourmande. Chaque bouch\u00e9e est un \u00e9quilibre parfait entre la douceur du chocolat et le croquant de la nougatine. Avec 12 cookies par paquet, ils sont parfaits pour un go\u00fbter ou une collation.<\/p>\n<h4><strong>\u0645\u0643\u0648\u0646\u0627\u062a :<\/strong><\/h4>\n<p>Farine de bl\u00e9, sucre, p\u00e9pites de chocolat (10%) (p\u00e2te de cacao, sucre, beurre de cacao, \u00e9mulsifiant : l\u00e9cithine de soja), nougatine (8%) (sucre, sirop de glucose, huile de palme, lait \u00e9cr\u00e9m\u00e9 en poudre), huile de colza, beurre concentr\u00e9, poudres \u00e0 lever (carbonates de sodium), \u0153ufs, sel, ar\u00f4mes naturels.<\/p>\n<h4><strong>\u0645\u0633\u0628\u0628\u0627\u062a \u0627\u0644\u062d\u0633\u0627\u0633\u064a\u0629:<\/strong><\/h4>\n<p>Contient du gluten, du lait et des \u0153ufs. Peut contenir des traces de fruits \u00e0 coque et de soja.<\/p>","protected":false},"excerpt":{"rendered":"<p>Les Cookies aux p\u00e9pites de chocolat nougatine de Leader Price sont de d\u00e9licieux biscuits croquants, riches en chocolat avec des<\/p>","protected":false},"featured_media":24914,"comment_status":"open","ping_status":"closed","template":"","meta":[],"pwb-brand":[1166],"product_brand":[],"product_cat":[1164,1126,275,1163],"product_tag":[],"class_list":{"0":"post-23369","1":"product","2":"type-product","3":"status-publish","4":"has-post-thumbnail","6":"pwb-brand-leader-price","7":"product_cat-biscuits-snacks","8":"product_cat-en-cas-et-friandises","9":"product_cat-epicerie","10":"product_cat-snacks","12":"first","13":"instock","14":"shipping-taxable","15":"purchasable","16":"product-type-simple"},"yoast_head":"<!-- This site is optimized with the Yoast SEO plugin v27.1.1 - https:\/\/yoast.com\/product\/yoast-seo-wordpress\/ -->\n<title>Leader Price - Cookies aux p\u00e9pites de chocolat nougatine x12 - 200 g - NIRIGS<\/title>\n<meta name=\"robots\" content=\"index, follow, max-snippet:-1, max-image-preview:large, max-video-preview:-1\" \/>\n<link rel=\"canonical\" href=\"https:\/\/nirigs.com\/ar\/product\/leader-price-cookies-aux-pepites-de-chocolat-nougatine-x12-200-g\/\" \/>\n<meta property=\"og:locale\" content=\"ar_AR\" \/>\n<meta property=\"og:type\" content=\"article\" \/>\n<meta property=\"og:title\" content=\"Leader Price - Cookies aux p\u00e9pites de chocolat nougatine x12 - 200 g - NIRIGS\" \/>\n<meta property=\"og:description\" content=\"Les Cookies aux p\u00e9pites de chocolat nougatine de Leader Price sont de d\u00e9licieux biscuits croquants, riches en chocolat avec des\" \/>\n<meta property=\"og:url\" content=\"https:\/\/nirigs.com\/ar\/product\/leader-price-cookies-aux-pepites-de-chocolat-nougatine-x12-200-g\/\" \/>\n<meta property=\"og:site_name\" content=\"NIRIGS\" \/>\n<meta property=\"article:modified_time\" content=\"2025-02-02T11:50:41+00:00\" \/>\n<meta property=\"og:image\" content=\"https:\/\/nirigs.com\/wp-content\/uploads\/2024\/10\/Leader-Price-Cookies-aux-pepites-de-chocolat-nougatine-x12-200-g.jpg\" \/>\n\t<meta property=\"og:image:width\" content=\"1000\" \/>\n\t<meta property=\"og:image:height\" content=\"1000\" \/>\n\t<meta property=\"og:image:type\" content=\"image\/jpeg\" \/>\n<meta name=\"twitter:card\" content=\"summary_large_image\" \/>\n<meta name=\"twitter:label1\" content=\"\u0648\u0642\u062a \u0627\u0644\u0642\u0631\u0627\u0621\u0629 \u0627\u0644\u0645\u064f\u0642\u062f\u0651\u0631\" \/>\n\t<meta name=\"twitter:data1\" content=\"\u062f\u0642\u064a\u0642\u0629 \u0648\u0627\u062d\u062f\u0629\" \/>\n<script type=\"application\/ld+json\" class=\"yoast-schema-graph\">{\"@context\":\"https:\/\/schema.org\",\"@graph\":[{\"@type\":\"WebPage\",\"@id\":\"https:\/\/nirigs.com\/product\/leader-price-cookies-aux-pepites-de-chocolat-nougatine-x12-200-g\/\",\"url\":\"https:\/\/nirigs.com\/product\/leader-price-cookies-aux-pepites-de-chocolat-nougatine-x12-200-g\/\",\"name\":\"Leader Price - Cookies aux p\u00e9pites de chocolat nougatine x12 - 200 g - NIRIGS\",\"isPartOf\":{\"@id\":\"https:\/\/nirigs.com\/#website\"},\"primaryImageOfPage\":{\"@id\":\"https:\/\/nirigs.com\/product\/leader-price-cookies-aux-pepites-de-chocolat-nougatine-x12-200-g\/#primaryimage\"},\"image\":{\"@id\":\"https:\/\/nirigs.com\/product\/leader-price-cookies-aux-pepites-de-chocolat-nougatine-x12-200-g\/#primaryimage\"},\"thumbnailUrl\":\"https:\/\/nirigs.com\/wp-content\/uploads\/2024\/10\/Leader-Price-Cookies-aux-pepites-de-chocolat-nougatine-x12-200-g.jpg\",\"datePublished\":\"2024-10-06T15:02:51+00:00\",\"dateModified\":\"2025-02-02T11:50:41+00:00\",\"breadcrumb\":{\"@id\":\"https:\/\/nirigs.com\/product\/leader-price-cookies-aux-pepites-de-chocolat-nougatine-x12-200-g\/#breadcrumb\"},\"inLanguage\":\"ar\",\"potentialAction\":[{\"@type\":\"ReadAction\",\"target\":[\"https:\/\/nirigs.com\/product\/leader-price-cookies-aux-pepites-de-chocolat-nougatine-x12-200-g\/\"]}]},{\"@type\":\"ImageObject\",\"inLanguage\":\"ar\",\"@id\":\"https:\/\/nirigs.com\/product\/leader-price-cookies-aux-pepites-de-chocolat-nougatine-x12-200-g\/#primaryimage\",\"url\":\"https:\/\/nirigs.com\/wp-content\/uploads\/2024\/10\/Leader-Price-Cookies-aux-pepites-de-chocolat-nougatine-x12-200-g.jpg\",\"contentUrl\":\"https:\/\/nirigs.com\/wp-content\/uploads\/2024\/10\/Leader-Price-Cookies-aux-pepites-de-chocolat-nougatine-x12-200-g.jpg\",\"width\":1000,\"height\":1000},{\"@type\":\"BreadcrumbList\",\"@id\":\"https:\/\/nirigs.com\/product\/leader-price-cookies-aux-pepites-de-chocolat-nougatine-x12-200-g\/#breadcrumb\",\"itemListElement\":[{\"@type\":\"ListItem\",\"position\":1,\"name\":\"Home\",\"item\":\"https:\/\/nirigs.com\/\"},{\"@type\":\"ListItem\",\"position\":2,\"name\":\"Parcourir\",\"item\":\"https:\/\/nirigs.com\/boutique\/\"},{\"@type\":\"ListItem\",\"position\":3,\"name\":\"Leader Price &#8211; Cookies aux p\u00e9pites de chocolat nougatine x12 &#8211; 200 g\"}]},{\"@type\":\"WebSite\",\"@id\":\"https:\/\/nirigs.com\/#website\",\"url\":\"https:\/\/nirigs.com\/\",\"name\":\"Nirigs.com\",\"description\":\"Simplifiez vos achats du quotidien \u00e0 Djibouti\",\"publisher\":{\"@id\":\"https:\/\/nirigs.com\/#organization\"},\"potentialAction\":[{\"@type\":\"SearchAction\",\"target\":{\"@type\":\"EntryPoint\",\"urlTemplate\":\"https:\/\/nirigs.com\/?s={search_term_string}\"},\"query-input\":{\"@type\":\"PropertyValueSpecification\",\"valueRequired\":true,\"valueName\":\"search_term_string\"}}],\"inLanguage\":\"ar\"},{\"@type\":\"Organization\",\"@id\":\"https:\/\/nirigs.com\/#organization\",\"name\":\"Nirigs\",\"url\":\"https:\/\/nirigs.com\/\",\"logo\":{\"@type\":\"ImageObject\",\"inLanguage\":\"ar\",\"@id\":\"https:\/\/nirigs.com\/#\/schema\/logo\/image\/\",\"url\":\"https:\/\/nirigs.com\/wp-content\/uploads\/2025\/04\/Design-sans-titre-27.png\",\"contentUrl\":\"https:\/\/nirigs.com\/wp-content\/uploads\/2025\/04\/Design-sans-titre-27.png\",\"width\":500,\"height\":500,\"caption\":\"Nirigs\"},\"image\":{\"@id\":\"https:\/\/nirigs.com\/#\/schema\/logo\/image\/\"}}]}<\/script>\n<!-- \/ Yoast SEO plugin. -->","yoast_head_json":{"title":"Leader Price - Cookies aux p\u00e9pites de chocolat nougatine x12 - 200 g - NIRIGS","robots":{"index":"index","follow":"follow","max-snippet":"max-snippet:-1","max-image-preview":"max-image-preview:large","max-video-preview":"max-video-preview:-1"},"canonical":"https:\/\/nirigs.com\/ar\/product\/leader-price-cookies-aux-pepites-de-chocolat-nougatine-x12-200-g\/","og_locale":"ar_AR","og_type":"article","og_title":"Leader Price - Cookies aux p\u00e9pites de chocolat nougatine x12 - 200 g - NIRIGS","og_description":"Les Cookies aux p\u00e9pites de chocolat nougatine de Leader Price sont de d\u00e9licieux biscuits croquants, riches en chocolat avec des","og_url":"https:\/\/nirigs.com\/ar\/product\/leader-price-cookies-aux-pepites-de-chocolat-nougatine-x12-200-g\/","og_site_name":"NIRIGS","article_modified_time":"2025-02-02T11:50:41+00:00","og_image":[{"width":1000,"height":1000,"url":"https:\/\/nirigs.com\/wp-content\/uploads\/2024\/10\/Leader-Price-Cookies-aux-pepites-de-chocolat-nougatine-x12-200-g.jpg","type":"image\/jpeg"}],"twitter_card":"summary_large_image","twitter_misc":{"\u0648\u0642\u062a \u0627\u0644\u0642\u0631\u0627\u0621\u0629 \u0627\u0644\u0645\u064f\u0642\u062f\u0651\u0631":"\u062f\u0642\u064a\u0642\u0629 \u0648\u0627\u062d\u062f\u0629"},"schema":{"@context":"https:\/\/schema.org","@graph":[{"@type":"WebPage","@id":"https:\/\/nirigs.com\/product\/leader-price-cookies-aux-pepites-de-chocolat-nougatine-x12-200-g\/","url":"https:\/\/nirigs.com\/product\/leader-price-cookies-aux-pepites-de-chocolat-nougatine-x12-200-g\/","name":"Leader Price - Cookies aux p\u00e9pites de chocolat nougatine x12 - 200 g - NIRIGS","isPartOf":{"@id":"https:\/\/nirigs.com\/#website"},"primaryImageOfPage":{"@id":"https:\/\/nirigs.com\/product\/leader-price-cookies-aux-pepites-de-chocolat-nougatine-x12-200-g\/#primaryimage"},"image":{"@id":"https:\/\/nirigs.com\/product\/leader-price-cookies-aux-pepites-de-chocolat-nougatine-x12-200-g\/#primaryimage"},"thumbnailUrl":"https:\/\/nirigs.com\/wp-content\/uploads\/2024\/10\/Leader-Price-Cookies-aux-pepites-de-chocolat-nougatine-x12-200-g.jpg","datePublished":"2024-10-06T15:02:51+00:00","dateModified":"2025-02-02T11:50:41+00:00","breadcrumb":{"@id":"https:\/\/nirigs.com\/product\/leader-price-cookies-aux-pepites-de-chocolat-nougatine-x12-200-g\/#breadcrumb"},"inLanguage":"ar","potentialAction":[{"@type":"ReadAction","target":["https:\/\/nirigs.com\/product\/leader-price-cookies-aux-pepites-de-chocolat-nougatine-x12-200-g\/"]}]},{"@type":"ImageObject","inLanguage":"ar","@id":"https:\/\/nirigs.com\/product\/leader-price-cookies-aux-pepites-de-chocolat-nougatine-x12-200-g\/#primaryimage","url":"https:\/\/nirigs.com\/wp-content\/uploads\/2024\/10\/Leader-Price-Cookies-aux-pepites-de-chocolat-nougatine-x12-200-g.jpg","contentUrl":"https:\/\/nirigs.com\/wp-content\/uploads\/2024\/10\/Leader-Price-Cookies-aux-pepites-de-chocolat-nougatine-x12-200-g.jpg","width":1000,"height":1000},{"@type":"BreadcrumbList","@id":"https:\/\/nirigs.com\/product\/leader-price-cookies-aux-pepites-de-chocolat-nougatine-x12-200-g\/#breadcrumb","itemListElement":[{"@type":"ListItem","position":1,"name":"Home","item":"https:\/\/nirigs.com\/"},{"@type":"ListItem","position":2,"name":"Parcourir","item":"https:\/\/nirigs.com\/boutique\/"},{"@type":"ListItem","position":3,"name":"Leader Price &#8211; Cookies aux p\u00e9pites de chocolat nougatine x12 &#8211; 200 g"}]},{"@type":"WebSite","@id":"https:\/\/nirigs.com\/#website","url":"https:\/\/nirigs.com\/","name":"Nirigs.com","description":"Simplifiez vos achats du quotidien \u00e0 Djibouti","publisher":{"@id":"https:\/\/nirigs.com\/#organization"},"potentialAction":[{"@type":"SearchAction","target":{"@type":"EntryPoint","urlTemplate":"https:\/\/nirigs.com\/?s={search_term_string}"},"query-input":{"@type":"PropertyValueSpecification","valueRequired":true,"valueName":"search_term_string"}}],"inLanguage":"ar"},{"@type":"Organization","@id":"https:\/\/nirigs.com\/#organization","name":"\u0646\u064a\u0631\u064a\u062c\u0633","url":"https:\/\/nirigs.com\/","logo":{"@type":"ImageObject","inLanguage":"ar","@id":"https:\/\/nirigs.com\/#\/schema\/logo\/image\/","url":"https:\/\/nirigs.com\/wp-content\/uploads\/2025\/04\/Design-sans-titre-27.png","contentUrl":"https:\/\/nirigs.com\/wp-content\/uploads\/2025\/04\/Design-sans-titre-27.png","width":500,"height":500,"caption":"Nirigs"},"image":{"@id":"https:\/\/nirigs.com\/#\/schema\/logo\/image\/"}}]}},"brands":[{"id":1166,"name":"\u0633\u0639\u0631 \u0627\u0644\u0632\u0639\u064a\u0645","slug":"leader-price"}],"_links":{"self":[{"href":"https:\/\/nirigs.com\/ar\/wp-json\/wp\/v2\/product\/23369","targetHints":{"allow":["GET"]}}],"collection":[{"href":"https:\/\/nirigs.com\/ar\/wp-json\/wp\/v2\/product"}],"about":[{"href":"https:\/\/nirigs.com\/ar\/wp-json\/wp\/v2\/types\/product"}],"replies":[{"embeddable":true,"href":"https:\/\/nirigs.com\/ar\/wp-json\/wp\/v2\/comments?post=23369"}],"version-history":[{"count":3,"href":"https:\/\/nirigs.com\/ar\/wp-json\/wp\/v2\/product\/23369\/revisions"}],"predecessor-version":[{"id":24924,"href":"https:\/\/nirigs.com\/ar\/wp-json\/wp\/v2\/product\/23369\/revisions\/24924"}],"wp:featuredmedia":[{"embeddable":true,"href":"https:\/\/nirigs.com\/ar\/wp-json\/wp\/v2\/media\/24914"}],"wp:attachment":[{"href":"https:\/\/nirigs.com\/ar\/wp-json\/wp\/v2\/media?parent=23369"}],"wp:term":[{"taxonomy":"pwb-brand","embeddable":true,"href":"https:\/\/nirigs.com\/ar\/wp-json\/wp\/v2\/pwb-brand?post=23369"},{"taxonomy":"product_brand","embeddable":true,"href":"https:\/\/nirigs.com\/ar\/wp-json\/wp\/v2\/product_brand?post=23369"},{"taxonomy":"product_cat","embeddable":true,"href":"https:\/\/nirigs.com\/ar\/wp-json\/wp\/v2\/product_cat?post=23369"},{"taxonomy":"product_tag","embeddable":true,"href":"https:\/\/nirigs.com\/ar\/wp-json\/wp\/v2\/product_tag?post=23369"}],"curies":[{"name":"wp","href":"https:\/\/api.w.org\/{rel}","templated":true}]}}