{"id":23367,"date":"2024-10-06T18:02:51","date_gmt":"2024-10-06T15:02:51","guid":{"rendered":"https:\/\/nirigs.com\/produit\/balconi-gaufrettes-noisette-225-g\/"},"modified":"2025-02-02T14:52:15","modified_gmt":"2025-02-02T11:52:15","slug":"balconi-gaufrettes-noisette-225-g","status":"publish","type":"product","link":"https:\/\/nirigs.com\/ar\/product\/balconi-gaufrettes-noisette-225-g\/","title":{"rendered":"\u0628\u0627\u0644\u0643\u0648\u0646\u064a \u2013 \u0628\u0633\u0643\u0648\u064a\u062a \u0627\u0644\u0648\u064a\u0641\u0631 \u0628\u0627\u0644\u0628\u0646\u062f\u0642 \u2013 225 \u062c\u0645"},"content":{"rendered":"<p>\u0627\u0644 <strong>Gaufrettes noisette<\/strong> \u0644 <strong>Balconi<\/strong> sont de d\u00e9licates couches de gaufrettes croustillantes fourr\u00e9es \u00e0 la cr\u00e8me de noisette. Elles offrent un go\u00fbt riche et fondant de noisette, tout en \u00e9tant l\u00e9g\u00e8res et croustillantes. Id\u00e9ales pour un go\u00fbter, une pause gourmande ou \u00e0 partager entre amis et en famille, ces gaufrettes plairont \u00e0 tous les amateurs de saveurs sucr\u00e9es et noisett\u00e9es.<\/p>\n<div class=\"product-content__title\">\n<h4 class=\"product-content__title-text c-text c-text--size-m c-text--style-p c-text--bold\">\u0645\u0643\u0648\u0646\u0627\u062a :<\/h4>\n<\/div>\n<p class=\"product-content__content c-text c-text--size-s c-text--style-p\">Huile de coco, farine de BLE, sirop de glucose, sucre, NOISETTES (9%) dans le fourrage, cacao maigre en poudre, dextrose, LAIT \u00e9cr\u00e9m\u00e9 en poudre, LACTOSERUM en poudre, extrait de malt d&rsquo;ORGE, \u00e9mulsifiant : l\u00e9cithines (SOJA), poudres \u00e0 lever : carbonates de sodium, diphosphates, sel, ar\u00f4mes.<\/p>\n<h4>\u0645\u0633\u0628\u0628\u0627\u062a \u0627\u0644\u062d\u0633\u0627\u0633\u064a\u0629:<\/h4>\n<div>Peut contenir des traces d&rsquo;autres FRUITS A COQUE<\/div>","protected":false},"excerpt":{"rendered":"<p>Les Gaufrettes noisette de Balconi sont de d\u00e9licates couches de gaufrettes croustillantes fourr\u00e9es \u00e0 la cr\u00e8me de noisette. Elles offrent<\/p>","protected":false},"featured_media":24933,"comment_status":"open","ping_status":"closed","template":"","meta":[],"pwb-brand":[1173],"product_brand":[],"product_cat":[1126,275,1165,1163],"product_tag":[],"class_list":{"0":"post-23367","1":"product","2":"type-product","3":"status-publish","4":"has-post-thumbnail","6":"pwb-brand-balconi","7":"product_cat-en-cas-et-friandises","8":"product_cat-epicerie","9":"product_cat-gateaux","10":"product_cat-snacks","12":"first","13":"instock","14":"shipping-taxable","15":"purchasable","16":"product-type-simple"},"yoast_head":"<!-- This site is optimized with the Yoast SEO plugin v27.1.1 - https:\/\/yoast.com\/product\/yoast-seo-wordpress\/ -->\n<title>Balconi - Gaufrettes noisette - 225 g - NIRIGS<\/title>\n<meta name=\"robots\" content=\"index, follow, max-snippet:-1, max-image-preview:large, max-video-preview:-1\" \/>\n<link rel=\"canonical\" href=\"https:\/\/nirigs.com\/ar\/product\/balconi-gaufrettes-noisette-225-g\/\" \/>\n<meta property=\"og:locale\" content=\"ar_AR\" \/>\n<meta property=\"og:type\" content=\"article\" \/>\n<meta property=\"og:title\" content=\"Balconi - Gaufrettes noisette - 225 g - NIRIGS\" \/>\n<meta property=\"og:description\" content=\"Les Gaufrettes noisette de Balconi sont de d\u00e9licates couches de gaufrettes croustillantes fourr\u00e9es \u00e0 la cr\u00e8me de noisette. Elles offrent\" \/>\n<meta property=\"og:url\" content=\"https:\/\/nirigs.com\/ar\/product\/balconi-gaufrettes-noisette-225-g\/\" \/>\n<meta property=\"og:site_name\" content=\"NIRIGS\" \/>\n<meta property=\"article:modified_time\" content=\"2025-02-02T11:52:15+00:00\" \/>\n<meta property=\"og:image\" content=\"https:\/\/nirigs.com\/wp-content\/uploads\/2024\/10\/Balconi-Gaufrettes-noisette-225-g.jpg\" \/>\n\t<meta property=\"og:image:width\" content=\"1000\" \/>\n\t<meta property=\"og:image:height\" content=\"1000\" \/>\n\t<meta property=\"og:image:type\" content=\"image\/jpeg\" \/>\n<meta name=\"twitter:card\" content=\"summary_large_image\" \/>\n<meta name=\"twitter:label1\" content=\"\u0648\u0642\u062a \u0627\u0644\u0642\u0631\u0627\u0621\u0629 \u0627\u0644\u0645\u064f\u0642\u062f\u0651\u0631\" \/>\n\t<meta name=\"twitter:data1\" content=\"\u062f\u0642\u064a\u0642\u0629 \u0648\u0627\u062d\u062f\u0629\" \/>\n<script type=\"application\/ld+json\" class=\"yoast-schema-graph\">{\"@context\":\"https:\/\/schema.org\",\"@graph\":[{\"@type\":\"WebPage\",\"@id\":\"https:\/\/nirigs.com\/en\/product\/balconi-gaufrettes-noisette-225-g\/\",\"url\":\"https:\/\/nirigs.com\/en\/product\/balconi-gaufrettes-noisette-225-g\/\",\"name\":\"Balconi - Gaufrettes noisette - 225 g - NIRIGS\",\"isPartOf\":{\"@id\":\"https:\/\/nirigs.com\/#website\"},\"primaryImageOfPage\":{\"@id\":\"https:\/\/nirigs.com\/en\/product\/balconi-gaufrettes-noisette-225-g\/#primaryimage\"},\"image\":{\"@id\":\"https:\/\/nirigs.com\/en\/product\/balconi-gaufrettes-noisette-225-g\/#primaryimage\"},\"thumbnailUrl\":\"https:\/\/nirigs.com\/wp-content\/uploads\/2024\/10\/Balconi-Gaufrettes-noisette-225-g.jpg\",\"datePublished\":\"2024-10-06T15:02:51+00:00\",\"dateModified\":\"2025-02-02T11:52:15+00:00\",\"breadcrumb\":{\"@id\":\"https:\/\/nirigs.com\/en\/product\/balconi-gaufrettes-noisette-225-g\/#breadcrumb\"},\"inLanguage\":\"ar\",\"potentialAction\":[{\"@type\":\"ReadAction\",\"target\":[\"https:\/\/nirigs.com\/en\/product\/balconi-gaufrettes-noisette-225-g\/\"]}]},{\"@type\":\"ImageObject\",\"inLanguage\":\"ar\",\"@id\":\"https:\/\/nirigs.com\/en\/product\/balconi-gaufrettes-noisette-225-g\/#primaryimage\",\"url\":\"https:\/\/nirigs.com\/wp-content\/uploads\/2024\/10\/Balconi-Gaufrettes-noisette-225-g.jpg\",\"contentUrl\":\"https:\/\/nirigs.com\/wp-content\/uploads\/2024\/10\/Balconi-Gaufrettes-noisette-225-g.jpg\",\"width\":1000,\"height\":1000},{\"@type\":\"BreadcrumbList\",\"@id\":\"https:\/\/nirigs.com\/en\/product\/balconi-gaufrettes-noisette-225-g\/#breadcrumb\",\"itemListElement\":[{\"@type\":\"ListItem\",\"position\":1,\"name\":\"Home\",\"item\":\"https:\/\/nirigs.com\/\"},{\"@type\":\"ListItem\",\"position\":2,\"name\":\"Parcourir\",\"item\":\"https:\/\/nirigs.com\/boutique\/\"},{\"@type\":\"ListItem\",\"position\":3,\"name\":\"Balconi &#8211; Gaufrettes noisette &#8211; 225 g\"}]},{\"@type\":\"WebSite\",\"@id\":\"https:\/\/nirigs.com\/#website\",\"url\":\"https:\/\/nirigs.com\/\",\"name\":\"Nirigs.com\",\"description\":\"Simplifiez vos achats du quotidien \u00e0 Djibouti\",\"publisher\":{\"@id\":\"https:\/\/nirigs.com\/#organization\"},\"potentialAction\":[{\"@type\":\"SearchAction\",\"target\":{\"@type\":\"EntryPoint\",\"urlTemplate\":\"https:\/\/nirigs.com\/?s={search_term_string}\"},\"query-input\":{\"@type\":\"PropertyValueSpecification\",\"valueRequired\":true,\"valueName\":\"search_term_string\"}}],\"inLanguage\":\"ar\"},{\"@type\":\"Organization\",\"@id\":\"https:\/\/nirigs.com\/#organization\",\"name\":\"Nirigs\",\"url\":\"https:\/\/nirigs.com\/\",\"logo\":{\"@type\":\"ImageObject\",\"inLanguage\":\"ar\",\"@id\":\"https:\/\/nirigs.com\/#\/schema\/logo\/image\/\",\"url\":\"https:\/\/nirigs.com\/wp-content\/uploads\/2025\/04\/Design-sans-titre-27.png\",\"contentUrl\":\"https:\/\/nirigs.com\/wp-content\/uploads\/2025\/04\/Design-sans-titre-27.png\",\"width\":500,\"height\":500,\"caption\":\"Nirigs\"},\"image\":{\"@id\":\"https:\/\/nirigs.com\/#\/schema\/logo\/image\/\"}}]}<\/script>\n<!-- \/ Yoast SEO plugin. -->","yoast_head_json":{"title":"Balconi - Gaufrettes noisette - 225 g - NIRIGS","robots":{"index":"index","follow":"follow","max-snippet":"max-snippet:-1","max-image-preview":"max-image-preview:large","max-video-preview":"max-video-preview:-1"},"canonical":"https:\/\/nirigs.com\/ar\/product\/balconi-gaufrettes-noisette-225-g\/","og_locale":"ar_AR","og_type":"article","og_title":"Balconi - Gaufrettes noisette - 225 g - NIRIGS","og_description":"Les Gaufrettes noisette de Balconi sont de d\u00e9licates couches de gaufrettes croustillantes fourr\u00e9es \u00e0 la cr\u00e8me de noisette. Elles offrent","og_url":"https:\/\/nirigs.com\/ar\/product\/balconi-gaufrettes-noisette-225-g\/","og_site_name":"NIRIGS","article_modified_time":"2025-02-02T11:52:15+00:00","og_image":[{"width":1000,"height":1000,"url":"https:\/\/nirigs.com\/wp-content\/uploads\/2024\/10\/Balconi-Gaufrettes-noisette-225-g.jpg","type":"image\/jpeg"}],"twitter_card":"summary_large_image","twitter_misc":{"\u0648\u0642\u062a \u0627\u0644\u0642\u0631\u0627\u0621\u0629 \u0627\u0644\u0645\u064f\u0642\u062f\u0651\u0631":"\u062f\u0642\u064a\u0642\u0629 \u0648\u0627\u062d\u062f\u0629"},"schema":{"@context":"https:\/\/schema.org","@graph":[{"@type":"WebPage","@id":"https:\/\/nirigs.com\/en\/product\/balconi-gaufrettes-noisette-225-g\/","url":"https:\/\/nirigs.com\/en\/product\/balconi-gaufrettes-noisette-225-g\/","name":"Balconi - Gaufrettes noisette - 225 g - NIRIGS","isPartOf":{"@id":"https:\/\/nirigs.com\/#website"},"primaryImageOfPage":{"@id":"https:\/\/nirigs.com\/en\/product\/balconi-gaufrettes-noisette-225-g\/#primaryimage"},"image":{"@id":"https:\/\/nirigs.com\/en\/product\/balconi-gaufrettes-noisette-225-g\/#primaryimage"},"thumbnailUrl":"https:\/\/nirigs.com\/wp-content\/uploads\/2024\/10\/Balconi-Gaufrettes-noisette-225-g.jpg","datePublished":"2024-10-06T15:02:51+00:00","dateModified":"2025-02-02T11:52:15+00:00","breadcrumb":{"@id":"https:\/\/nirigs.com\/en\/product\/balconi-gaufrettes-noisette-225-g\/#breadcrumb"},"inLanguage":"ar","potentialAction":[{"@type":"ReadAction","target":["https:\/\/nirigs.com\/en\/product\/balconi-gaufrettes-noisette-225-g\/"]}]},{"@type":"ImageObject","inLanguage":"ar","@id":"https:\/\/nirigs.com\/en\/product\/balconi-gaufrettes-noisette-225-g\/#primaryimage","url":"https:\/\/nirigs.com\/wp-content\/uploads\/2024\/10\/Balconi-Gaufrettes-noisette-225-g.jpg","contentUrl":"https:\/\/nirigs.com\/wp-content\/uploads\/2024\/10\/Balconi-Gaufrettes-noisette-225-g.jpg","width":1000,"height":1000},{"@type":"BreadcrumbList","@id":"https:\/\/nirigs.com\/en\/product\/balconi-gaufrettes-noisette-225-g\/#breadcrumb","itemListElement":[{"@type":"ListItem","position":1,"name":"Home","item":"https:\/\/nirigs.com\/"},{"@type":"ListItem","position":2,"name":"Parcourir","item":"https:\/\/nirigs.com\/boutique\/"},{"@type":"ListItem","position":3,"name":"Balconi &#8211; Gaufrettes noisette &#8211; 225 g"}]},{"@type":"WebSite","@id":"https:\/\/nirigs.com\/#website","url":"https:\/\/nirigs.com\/","name":"Nirigs.com","description":"Simplifiez vos achats du quotidien \u00e0 Djibouti","publisher":{"@id":"https:\/\/nirigs.com\/#organization"},"potentialAction":[{"@type":"SearchAction","target":{"@type":"EntryPoint","urlTemplate":"https:\/\/nirigs.com\/?s={search_term_string}"},"query-input":{"@type":"PropertyValueSpecification","valueRequired":true,"valueName":"search_term_string"}}],"inLanguage":"ar"},{"@type":"Organization","@id":"https:\/\/nirigs.com\/#organization","name":"\u0646\u064a\u0631\u064a\u062c\u0633","url":"https:\/\/nirigs.com\/","logo":{"@type":"ImageObject","inLanguage":"ar","@id":"https:\/\/nirigs.com\/#\/schema\/logo\/image\/","url":"https:\/\/nirigs.com\/wp-content\/uploads\/2025\/04\/Design-sans-titre-27.png","contentUrl":"https:\/\/nirigs.com\/wp-content\/uploads\/2025\/04\/Design-sans-titre-27.png","width":500,"height":500,"caption":"Nirigs"},"image":{"@id":"https:\/\/nirigs.com\/#\/schema\/logo\/image\/"}}]}},"brands":[{"id":1173,"name":"Balconi","slug":"balconi"}],"_links":{"self":[{"href":"https:\/\/nirigs.com\/ar\/wp-json\/wp\/v2\/product\/23367","targetHints":{"allow":["GET"]}}],"collection":[{"href":"https:\/\/nirigs.com\/ar\/wp-json\/wp\/v2\/product"}],"about":[{"href":"https:\/\/nirigs.com\/ar\/wp-json\/wp\/v2\/types\/product"}],"replies":[{"embeddable":true,"href":"https:\/\/nirigs.com\/ar\/wp-json\/wp\/v2\/comments?post=23367"}],"version-history":[{"count":3,"href":"https:\/\/nirigs.com\/ar\/wp-json\/wp\/v2\/product\/23367\/revisions"}],"predecessor-version":[{"id":24938,"href":"https:\/\/nirigs.com\/ar\/wp-json\/wp\/v2\/product\/23367\/revisions\/24938"}],"wp:featuredmedia":[{"embeddable":true,"href":"https:\/\/nirigs.com\/ar\/wp-json\/wp\/v2\/media\/24933"}],"wp:attachment":[{"href":"https:\/\/nirigs.com\/ar\/wp-json\/wp\/v2\/media?parent=23367"}],"wp:term":[{"taxonomy":"pwb-brand","embeddable":true,"href":"https:\/\/nirigs.com\/ar\/wp-json\/wp\/v2\/pwb-brand?post=23367"},{"taxonomy":"product_brand","embeddable":true,"href":"https:\/\/nirigs.com\/ar\/wp-json\/wp\/v2\/product_brand?post=23367"},{"taxonomy":"product_cat","embeddable":true,"href":"https:\/\/nirigs.com\/ar\/wp-json\/wp\/v2\/product_cat?post=23367"},{"taxonomy":"product_tag","embeddable":true,"href":"https:\/\/nirigs.com\/ar\/wp-json\/wp\/v2\/product_tag?post=23367"}],"curies":[{"name":"wp","href":"https:\/\/api.w.org\/{rel}","templated":true}]}}