{"id":23358,"date":"2024-10-06T18:02:28","date_gmt":"2024-10-06T15:02:28","guid":{"rendered":"https:\/\/nirigs.com\/produit\/pringles-chips-saveur-hot-spicy-40-g\/"},"modified":"2025-02-02T14:53:51","modified_gmt":"2025-02-02T11:53:51","slug":"pringles-chips-saveur-hot-spicy-40-g","status":"publish","type":"product","link":"https:\/\/nirigs.com\/ar\/product\/pringles-chips-saveur-hot-spicy-40-g\/","title":{"rendered":"\u0628\u0631\u064a\u0646\u062c\u0644\u0632 \u2013 \u0634\u064a\u0628\u0633 \u0628\u0646\u0643\u0647\u0629 \u0627\u0644\u062d\u0627\u0631\u0629 \u0648\u0627\u0644\u062a\u0648\u0627\u0628\u0644 \u2013 40 \u062c\u0645"},"content":{"rendered":"<p>Les Pringles Hot &amp; Spicy sont un peu comme une chevauch\u00e9e fantastique \u00e0 travers des saveurs infernales et tout le monde ne veut qu&rsquo;une chose : repartir pour un tour. Sauf qu&rsquo;il y en a d&rsquo;autres qui sont affam\u00e9s ! Alors savoure tes Pringles&#8230; tant qu&rsquo;il en est encore temps !<\/p>\n<h4>INGR\u00c9DIENTS:<\/h4>\n<p>Pommes de terre d\u00e9shydrat\u00e9es, huile de tournesol, farine de\u00a0bl\u00e9, farine de ma\u00efs, farine de riz, assaisonnement piment et \u00e9pices (\u00e9pices, sucre, tomate en poudre, exhausteurs de go\u00fbt {glutamate monosodique, guanylate disodique, inosinate disodique}, amidon de\u00a0bl\u00e9, bouillon en granul\u00e9s {sel, prot\u00e9ine v\u00e9g\u00e9tale hydrolys\u00e9e, huile de tournesol}, dextrose, huile de tournesol, lactos\u00e9rum doux en poudre {lait}, amidon de ma\u00efs modifi\u00e9, extrait de levure, ar\u00f4mes, correcteurs d&rsquo;acidit\u00e9 {diac\u00e9tate de sodium, lactate de calcium}, sauce au piment de cayenne en poudre {poivrons rouges vieillis, vinaigre (ma\u00efs), ail}, sel, acidifiants {acide citrique, acide lactique}, maltodextrine, herbes, colorant {extrait de paprika}, sirop de glucose, prot\u00e9ines de\u00a0lait), maltodextrine, \u00e9mulsifiant (E471), sel, colorant (norbixine de rocou).<\/p>\n<h4>Peut contenir des allerg\u00e8nes<\/h4>\n<p>lait,soja<\/p>","protected":false},"excerpt":{"rendered":"<p>Les Pringles Hot &amp; Spicy sont un peu comme une chevauch\u00e9e fantastique \u00e0 travers des saveurs infernales et tout le<\/p>","protected":false},"featured_media":24978,"comment_status":"open","ping_status":"closed","template":"","meta":[],"pwb-brand":[1174],"product_brand":[],"product_cat":[1127,1126,275],"product_tag":[],"class_list":{"0":"post-23358","1":"product","2":"type-product","3":"status-publish","4":"has-post-thumbnail","6":"pwb-brand-pringles","7":"product_cat-chips","8":"product_cat-en-cas-et-friandises","9":"product_cat-epicerie","11":"first","12":"instock","13":"shipping-taxable","14":"purchasable","15":"product-type-simple"},"yoast_head":"<!-- This site is optimized with the Yoast SEO plugin v27.1.1 - https:\/\/yoast.com\/product\/yoast-seo-wordpress\/ -->\n<title>Pringles - Chips saveur hot &amp; spicy - 40 g - NIRIGS<\/title>\n<meta name=\"robots\" content=\"index, follow, max-snippet:-1, max-image-preview:large, max-video-preview:-1\" \/>\n<link rel=\"canonical\" href=\"https:\/\/nirigs.com\/ar\/product\/pringles-chips-saveur-hot-spicy-40-g\/\" \/>\n<meta property=\"og:locale\" content=\"ar_AR\" \/>\n<meta property=\"og:type\" content=\"article\" \/>\n<meta property=\"og:title\" content=\"Pringles - Chips saveur hot &amp; spicy - 40 g - NIRIGS\" \/>\n<meta property=\"og:description\" content=\"Les Pringles Hot &amp; Spicy sont un peu comme une chevauch\u00e9e fantastique \u00e0 travers des saveurs infernales et tout le\" \/>\n<meta property=\"og:url\" content=\"https:\/\/nirigs.com\/ar\/product\/pringles-chips-saveur-hot-spicy-40-g\/\" \/>\n<meta property=\"og:site_name\" content=\"NIRIGS\" \/>\n<meta property=\"article:modified_time\" content=\"2025-02-02T11:53:51+00:00\" \/>\n<meta property=\"og:image\" content=\"https:\/\/nirigs.com\/wp-content\/uploads\/2024\/10\/Pringles-Chips-saveur-hot-spicy-40-g.jpg\" \/>\n\t<meta property=\"og:image:width\" content=\"1000\" \/>\n\t<meta property=\"og:image:height\" content=\"1000\" \/>\n\t<meta property=\"og:image:type\" content=\"image\/jpeg\" \/>\n<meta name=\"twitter:card\" content=\"summary_large_image\" \/>\n<meta name=\"twitter:label1\" content=\"\u0648\u0642\u062a \u0627\u0644\u0642\u0631\u0627\u0621\u0629 \u0627\u0644\u0645\u064f\u0642\u062f\u0651\u0631\" \/>\n\t<meta name=\"twitter:data1\" content=\"\u062f\u0642\u064a\u0642\u0629 \u0648\u0627\u062d\u062f\u0629\" \/>\n<script type=\"application\/ld+json\" class=\"yoast-schema-graph\">{\"@context\":\"https:\/\/schema.org\",\"@graph\":[{\"@type\":\"WebPage\",\"@id\":\"https:\/\/nirigs.com\/product\/pringles-chips-saveur-hot-spicy-40-g\/\",\"url\":\"https:\/\/nirigs.com\/product\/pringles-chips-saveur-hot-spicy-40-g\/\",\"name\":\"Pringles - Chips saveur hot & spicy - 40 g - NIRIGS\",\"isPartOf\":{\"@id\":\"https:\/\/nirigs.com\/#website\"},\"primaryImageOfPage\":{\"@id\":\"https:\/\/nirigs.com\/product\/pringles-chips-saveur-hot-spicy-40-g\/#primaryimage\"},\"image\":{\"@id\":\"https:\/\/nirigs.com\/product\/pringles-chips-saveur-hot-spicy-40-g\/#primaryimage\"},\"thumbnailUrl\":\"https:\/\/nirigs.com\/wp-content\/uploads\/2024\/10\/Pringles-Chips-saveur-hot-spicy-40-g.jpg\",\"datePublished\":\"2024-10-06T15:02:28+00:00\",\"dateModified\":\"2025-02-02T11:53:51+00:00\",\"breadcrumb\":{\"@id\":\"https:\/\/nirigs.com\/product\/pringles-chips-saveur-hot-spicy-40-g\/#breadcrumb\"},\"inLanguage\":\"ar\",\"potentialAction\":[{\"@type\":\"ReadAction\",\"target\":[\"https:\/\/nirigs.com\/product\/pringles-chips-saveur-hot-spicy-40-g\/\"]}]},{\"@type\":\"ImageObject\",\"inLanguage\":\"ar\",\"@id\":\"https:\/\/nirigs.com\/product\/pringles-chips-saveur-hot-spicy-40-g\/#primaryimage\",\"url\":\"https:\/\/nirigs.com\/wp-content\/uploads\/2024\/10\/Pringles-Chips-saveur-hot-spicy-40-g.jpg\",\"contentUrl\":\"https:\/\/nirigs.com\/wp-content\/uploads\/2024\/10\/Pringles-Chips-saveur-hot-spicy-40-g.jpg\",\"width\":1000,\"height\":1000},{\"@type\":\"BreadcrumbList\",\"@id\":\"https:\/\/nirigs.com\/product\/pringles-chips-saveur-hot-spicy-40-g\/#breadcrumb\",\"itemListElement\":[{\"@type\":\"ListItem\",\"position\":1,\"name\":\"Home\",\"item\":\"https:\/\/nirigs.com\/\"},{\"@type\":\"ListItem\",\"position\":2,\"name\":\"Parcourir\",\"item\":\"https:\/\/nirigs.com\/boutique\/\"},{\"@type\":\"ListItem\",\"position\":3,\"name\":\"Pringles &#8211; Chips saveur hot &#038; spicy &#8211; 40 g\"}]},{\"@type\":\"WebSite\",\"@id\":\"https:\/\/nirigs.com\/#website\",\"url\":\"https:\/\/nirigs.com\/\",\"name\":\"Nirigs.com\",\"description\":\"Simplifiez vos achats du quotidien \u00e0 Djibouti\",\"publisher\":{\"@id\":\"https:\/\/nirigs.com\/#organization\"},\"potentialAction\":[{\"@type\":\"SearchAction\",\"target\":{\"@type\":\"EntryPoint\",\"urlTemplate\":\"https:\/\/nirigs.com\/?s={search_term_string}\"},\"query-input\":{\"@type\":\"PropertyValueSpecification\",\"valueRequired\":true,\"valueName\":\"search_term_string\"}}],\"inLanguage\":\"ar\"},{\"@type\":\"Organization\",\"@id\":\"https:\/\/nirigs.com\/#organization\",\"name\":\"Nirigs\",\"url\":\"https:\/\/nirigs.com\/\",\"logo\":{\"@type\":\"ImageObject\",\"inLanguage\":\"ar\",\"@id\":\"https:\/\/nirigs.com\/#\/schema\/logo\/image\/\",\"url\":\"https:\/\/nirigs.com\/wp-content\/uploads\/2025\/04\/Design-sans-titre-27.png\",\"contentUrl\":\"https:\/\/nirigs.com\/wp-content\/uploads\/2025\/04\/Design-sans-titre-27.png\",\"width\":500,\"height\":500,\"caption\":\"Nirigs\"},\"image\":{\"@id\":\"https:\/\/nirigs.com\/#\/schema\/logo\/image\/\"}}]}<\/script>\n<!-- \/ Yoast SEO plugin. -->","yoast_head_json":{"title":"Pringles - Chips saveur hot & spicy - 40 g - NIRIGS","robots":{"index":"index","follow":"follow","max-snippet":"max-snippet:-1","max-image-preview":"max-image-preview:large","max-video-preview":"max-video-preview:-1"},"canonical":"https:\/\/nirigs.com\/ar\/product\/pringles-chips-saveur-hot-spicy-40-g\/","og_locale":"ar_AR","og_type":"article","og_title":"Pringles - Chips saveur hot & spicy - 40 g - NIRIGS","og_description":"Les Pringles Hot &amp; Spicy sont un peu comme une chevauch\u00e9e fantastique \u00e0 travers des saveurs infernales et tout le","og_url":"https:\/\/nirigs.com\/ar\/product\/pringles-chips-saveur-hot-spicy-40-g\/","og_site_name":"NIRIGS","article_modified_time":"2025-02-02T11:53:51+00:00","og_image":[{"width":1000,"height":1000,"url":"https:\/\/nirigs.com\/wp-content\/uploads\/2024\/10\/Pringles-Chips-saveur-hot-spicy-40-g.jpg","type":"image\/jpeg"}],"twitter_card":"summary_large_image","twitter_misc":{"\u0648\u0642\u062a \u0627\u0644\u0642\u0631\u0627\u0621\u0629 \u0627\u0644\u0645\u064f\u0642\u062f\u0651\u0631":"\u062f\u0642\u064a\u0642\u0629 \u0648\u0627\u062d\u062f\u0629"},"schema":{"@context":"https:\/\/schema.org","@graph":[{"@type":"WebPage","@id":"https:\/\/nirigs.com\/product\/pringles-chips-saveur-hot-spicy-40-g\/","url":"https:\/\/nirigs.com\/product\/pringles-chips-saveur-hot-spicy-40-g\/","name":"Pringles - Chips saveur hot & spicy - 40 g - NIRIGS","isPartOf":{"@id":"https:\/\/nirigs.com\/#website"},"primaryImageOfPage":{"@id":"https:\/\/nirigs.com\/product\/pringles-chips-saveur-hot-spicy-40-g\/#primaryimage"},"image":{"@id":"https:\/\/nirigs.com\/product\/pringles-chips-saveur-hot-spicy-40-g\/#primaryimage"},"thumbnailUrl":"https:\/\/nirigs.com\/wp-content\/uploads\/2024\/10\/Pringles-Chips-saveur-hot-spicy-40-g.jpg","datePublished":"2024-10-06T15:02:28+00:00","dateModified":"2025-02-02T11:53:51+00:00","breadcrumb":{"@id":"https:\/\/nirigs.com\/product\/pringles-chips-saveur-hot-spicy-40-g\/#breadcrumb"},"inLanguage":"ar","potentialAction":[{"@type":"ReadAction","target":["https:\/\/nirigs.com\/product\/pringles-chips-saveur-hot-spicy-40-g\/"]}]},{"@type":"ImageObject","inLanguage":"ar","@id":"https:\/\/nirigs.com\/product\/pringles-chips-saveur-hot-spicy-40-g\/#primaryimage","url":"https:\/\/nirigs.com\/wp-content\/uploads\/2024\/10\/Pringles-Chips-saveur-hot-spicy-40-g.jpg","contentUrl":"https:\/\/nirigs.com\/wp-content\/uploads\/2024\/10\/Pringles-Chips-saveur-hot-spicy-40-g.jpg","width":1000,"height":1000},{"@type":"BreadcrumbList","@id":"https:\/\/nirigs.com\/product\/pringles-chips-saveur-hot-spicy-40-g\/#breadcrumb","itemListElement":[{"@type":"ListItem","position":1,"name":"Home","item":"https:\/\/nirigs.com\/"},{"@type":"ListItem","position":2,"name":"Parcourir","item":"https:\/\/nirigs.com\/boutique\/"},{"@type":"ListItem","position":3,"name":"Pringles &#8211; Chips saveur hot &#038; spicy &#8211; 40 g"}]},{"@type":"WebSite","@id":"https:\/\/nirigs.com\/#website","url":"https:\/\/nirigs.com\/","name":"Nirigs.com","description":"Simplifiez vos achats du quotidien \u00e0 Djibouti","publisher":{"@id":"https:\/\/nirigs.com\/#organization"},"potentialAction":[{"@type":"SearchAction","target":{"@type":"EntryPoint","urlTemplate":"https:\/\/nirigs.com\/?s={search_term_string}"},"query-input":{"@type":"PropertyValueSpecification","valueRequired":true,"valueName":"search_term_string"}}],"inLanguage":"ar"},{"@type":"Organization","@id":"https:\/\/nirigs.com\/#organization","name":"\u0646\u064a\u0631\u064a\u062c\u0633","url":"https:\/\/nirigs.com\/","logo":{"@type":"ImageObject","inLanguage":"ar","@id":"https:\/\/nirigs.com\/#\/schema\/logo\/image\/","url":"https:\/\/nirigs.com\/wp-content\/uploads\/2025\/04\/Design-sans-titre-27.png","contentUrl":"https:\/\/nirigs.com\/wp-content\/uploads\/2025\/04\/Design-sans-titre-27.png","width":500,"height":500,"caption":"Nirigs"},"image":{"@id":"https:\/\/nirigs.com\/#\/schema\/logo\/image\/"}}]}},"brands":[{"id":1174,"name":"Pringles","slug":"pringles"}],"_links":{"self":[{"href":"https:\/\/nirigs.com\/ar\/wp-json\/wp\/v2\/product\/23358","targetHints":{"allow":["GET"]}}],"collection":[{"href":"https:\/\/nirigs.com\/ar\/wp-json\/wp\/v2\/product"}],"about":[{"href":"https:\/\/nirigs.com\/ar\/wp-json\/wp\/v2\/types\/product"}],"replies":[{"embeddable":true,"href":"https:\/\/nirigs.com\/ar\/wp-json\/wp\/v2\/comments?post=23358"}],"version-history":[{"count":4,"href":"https:\/\/nirigs.com\/ar\/wp-json\/wp\/v2\/product\/23358\/revisions"}],"predecessor-version":[{"id":23772,"href":"https:\/\/nirigs.com\/ar\/wp-json\/wp\/v2\/product\/23358\/revisions\/23772"}],"wp:featuredmedia":[{"embeddable":true,"href":"https:\/\/nirigs.com\/ar\/wp-json\/wp\/v2\/media\/24978"}],"wp:attachment":[{"href":"https:\/\/nirigs.com\/ar\/wp-json\/wp\/v2\/media?parent=23358"}],"wp:term":[{"taxonomy":"pwb-brand","embeddable":true,"href":"https:\/\/nirigs.com\/ar\/wp-json\/wp\/v2\/pwb-brand?post=23358"},{"taxonomy":"product_brand","embeddable":true,"href":"https:\/\/nirigs.com\/ar\/wp-json\/wp\/v2\/product_brand?post=23358"},{"taxonomy":"product_cat","embeddable":true,"href":"https:\/\/nirigs.com\/ar\/wp-json\/wp\/v2\/product_cat?post=23358"},{"taxonomy":"product_tag","embeddable":true,"href":"https:\/\/nirigs.com\/ar\/wp-json\/wp\/v2\/product_tag?post=23358"}],"curies":[{"name":"wp","href":"https:\/\/api.w.org\/{rel}","templated":true}]}}