{"id":23350,"date":"2024-10-06T18:02:26","date_gmt":"2024-10-06T15:02:26","guid":{"rendered":"https:\/\/nirigs.com\/produit\/casino-noix-de-cajou-grillees-salees-125-g\/"},"modified":"2025-02-02T14:56:10","modified_gmt":"2025-02-02T11:56:10","slug":"casino-noix-de-cajou-grillees-salees-125-g","status":"publish","type":"product","link":"https:\/\/nirigs.com\/ar\/product\/casino-noix-de-cajou-grillees-salees-125-g\/","title":{"rendered":"Casino &#8211; Noix de cajou grill\u00e9es &#038; sal\u00e9es &#8211; 125 g"},"content":{"rendered":"<p>\u0627\u0644 <strong>noix de cajou grill\u00e9es &amp; sal\u00e9es<\/strong> \u0644 <strong>\u0643\u0627\u0632\u064a\u0646\u0648<\/strong> sont une option id\u00e9ale pour vos ap\u00e9ritifs ou pour une collation gourmande. Elles sont soigneusement s\u00e9lectionn\u00e9es, grill\u00e9es pour obtenir une texture croquante, et assaisonn\u00e9es d&rsquo;une touche de sel pour un go\u00fbt irr\u00e9sistible. Riches en nutriments et en fibres, elles constituent un encas savoureux et sain.<\/p>\n<h4><strong>\u0645\u0643\u0648\u0646\u0627\u062a :<\/strong><\/h4>\n<p>Noix de cajou (97%), huile de tournesol, sel.<\/p>\n<h4><strong>\u0645\u0633\u0628\u0628\u0627\u062a \u0627\u0644\u062d\u0633\u0627\u0633\u064a\u0629:<\/strong><\/h4>\n<p>Contient des noix de cajou. Peut contenir des traces d&rsquo;autres fruits \u00e0 coque, d&rsquo;arachides et de graines de s\u00e9same.<\/p>","protected":false},"excerpt":{"rendered":"<p>Les noix de cajou grill\u00e9es &amp; sal\u00e9es de Casino sont une option id\u00e9ale pour vos ap\u00e9ritifs ou pour une collation<\/p>","protected":false},"featured_media":25294,"comment_status":"open","ping_status":"closed","template":"","meta":[],"pwb-brand":[843],"product_brand":[],"product_cat":[1126,275,1128],"product_tag":[],"class_list":{"0":"post-23350","1":"product","2":"type-product","3":"status-publish","4":"has-post-thumbnail","6":"pwb-brand-casino","7":"product_cat-en-cas-et-friandises","8":"product_cat-epicerie","9":"product_cat-fruits-secs-et-noix","11":"first","12":"instock","13":"shipping-taxable","14":"purchasable","15":"product-type-simple"},"yoast_head":"<!-- This site is optimized with the Yoast SEO plugin v27.1.1 - https:\/\/yoast.com\/product\/yoast-seo-wordpress\/ -->\n<title>Casino - Noix de cajou grill\u00e9es &amp; sal\u00e9es - 125 g - NIRIGS<\/title>\n<meta name=\"robots\" content=\"index, follow, max-snippet:-1, max-image-preview:large, max-video-preview:-1\" \/>\n<link rel=\"canonical\" href=\"https:\/\/nirigs.com\/ar\/product\/casino-noix-de-cajou-grillees-salees-125-g\/\" \/>\n<meta property=\"og:locale\" content=\"ar_AR\" \/>\n<meta property=\"og:type\" content=\"article\" \/>\n<meta property=\"og:title\" content=\"Casino - Noix de cajou grill\u00e9es &amp; sal\u00e9es - 125 g - NIRIGS\" \/>\n<meta property=\"og:description\" content=\"Les noix de cajou grill\u00e9es &amp; sal\u00e9es de Casino sont une option id\u00e9ale pour vos ap\u00e9ritifs ou pour une collation\" \/>\n<meta property=\"og:url\" content=\"https:\/\/nirigs.com\/ar\/product\/casino-noix-de-cajou-grillees-salees-125-g\/\" \/>\n<meta property=\"og:site_name\" content=\"NIRIGS\" \/>\n<meta property=\"article:modified_time\" content=\"2025-02-02T11:56:10+00:00\" \/>\n<meta property=\"og:image\" content=\"https:\/\/nirigs.com\/wp-content\/uploads\/2024\/10\/Casino-Noix-de-cajou-grillees-salees-125-g-1.jpg\" \/>\n\t<meta property=\"og:image:width\" content=\"1000\" \/>\n\t<meta property=\"og:image:height\" content=\"1000\" \/>\n\t<meta property=\"og:image:type\" content=\"image\/jpeg\" \/>\n<meta name=\"twitter:card\" content=\"summary_large_image\" \/>\n<script type=\"application\/ld+json\" class=\"yoast-schema-graph\">{\"@context\":\"https:\/\/schema.org\",\"@graph\":[{\"@type\":\"WebPage\",\"@id\":\"https:\/\/nirigs.com\/en\/product\/casino-noix-de-cajou-grillees-salees-125-g\/\",\"url\":\"https:\/\/nirigs.com\/en\/product\/casino-noix-de-cajou-grillees-salees-125-g\/\",\"name\":\"Casino - Noix de cajou grill\u00e9es & sal\u00e9es - 125 g - NIRIGS\",\"isPartOf\":{\"@id\":\"https:\/\/nirigs.com\/#website\"},\"primaryImageOfPage\":{\"@id\":\"https:\/\/nirigs.com\/en\/product\/casino-noix-de-cajou-grillees-salees-125-g\/#primaryimage\"},\"image\":{\"@id\":\"https:\/\/nirigs.com\/en\/product\/casino-noix-de-cajou-grillees-salees-125-g\/#primaryimage\"},\"thumbnailUrl\":\"https:\/\/nirigs.com\/wp-content\/uploads\/2024\/10\/Casino-Noix-de-cajou-grillees-salees-125-g-1.jpg\",\"datePublished\":\"2024-10-06T15:02:26+00:00\",\"dateModified\":\"2025-02-02T11:56:10+00:00\",\"breadcrumb\":{\"@id\":\"https:\/\/nirigs.com\/en\/product\/casino-noix-de-cajou-grillees-salees-125-g\/#breadcrumb\"},\"inLanguage\":\"ar\",\"potentialAction\":[{\"@type\":\"ReadAction\",\"target\":[\"https:\/\/nirigs.com\/en\/product\/casino-noix-de-cajou-grillees-salees-125-g\/\"]}]},{\"@type\":\"ImageObject\",\"inLanguage\":\"ar\",\"@id\":\"https:\/\/nirigs.com\/en\/product\/casino-noix-de-cajou-grillees-salees-125-g\/#primaryimage\",\"url\":\"https:\/\/nirigs.com\/wp-content\/uploads\/2024\/10\/Casino-Noix-de-cajou-grillees-salees-125-g-1.jpg\",\"contentUrl\":\"https:\/\/nirigs.com\/wp-content\/uploads\/2024\/10\/Casino-Noix-de-cajou-grillees-salees-125-g-1.jpg\",\"width\":1000,\"height\":1000},{\"@type\":\"BreadcrumbList\",\"@id\":\"https:\/\/nirigs.com\/en\/product\/casino-noix-de-cajou-grillees-salees-125-g\/#breadcrumb\",\"itemListElement\":[{\"@type\":\"ListItem\",\"position\":1,\"name\":\"Home\",\"item\":\"https:\/\/nirigs.com\/\"},{\"@type\":\"ListItem\",\"position\":2,\"name\":\"Parcourir\",\"item\":\"https:\/\/nirigs.com\/boutique\/\"},{\"@type\":\"ListItem\",\"position\":3,\"name\":\"Casino &#8211; Noix de cajou grill\u00e9es &#038; sal\u00e9es &#8211; 125 g\"}]},{\"@type\":\"WebSite\",\"@id\":\"https:\/\/nirigs.com\/#website\",\"url\":\"https:\/\/nirigs.com\/\",\"name\":\"Nirigs.com\",\"description\":\"Simplifiez vos achats du quotidien \u00e0 Djibouti\",\"publisher\":{\"@id\":\"https:\/\/nirigs.com\/#organization\"},\"potentialAction\":[{\"@type\":\"SearchAction\",\"target\":{\"@type\":\"EntryPoint\",\"urlTemplate\":\"https:\/\/nirigs.com\/?s={search_term_string}\"},\"query-input\":{\"@type\":\"PropertyValueSpecification\",\"valueRequired\":true,\"valueName\":\"search_term_string\"}}],\"inLanguage\":\"ar\"},{\"@type\":\"Organization\",\"@id\":\"https:\/\/nirigs.com\/#organization\",\"name\":\"Nirigs\",\"url\":\"https:\/\/nirigs.com\/\",\"logo\":{\"@type\":\"ImageObject\",\"inLanguage\":\"ar\",\"@id\":\"https:\/\/nirigs.com\/#\/schema\/logo\/image\/\",\"url\":\"https:\/\/nirigs.com\/wp-content\/uploads\/2025\/04\/Design-sans-titre-27.png\",\"contentUrl\":\"https:\/\/nirigs.com\/wp-content\/uploads\/2025\/04\/Design-sans-titre-27.png\",\"width\":500,\"height\":500,\"caption\":\"Nirigs\"},\"image\":{\"@id\":\"https:\/\/nirigs.com\/#\/schema\/logo\/image\/\"}}]}<\/script>\n<!-- \/ Yoast SEO plugin. -->","yoast_head_json":{"title":"Casino - Noix de cajou grill\u00e9es & sal\u00e9es - 125 g - NIRIGS","robots":{"index":"index","follow":"follow","max-snippet":"max-snippet:-1","max-image-preview":"max-image-preview:large","max-video-preview":"max-video-preview:-1"},"canonical":"https:\/\/nirigs.com\/ar\/product\/casino-noix-de-cajou-grillees-salees-125-g\/","og_locale":"ar_AR","og_type":"article","og_title":"Casino - Noix de cajou grill\u00e9es & sal\u00e9es - 125 g - NIRIGS","og_description":"Les noix de cajou grill\u00e9es &amp; sal\u00e9es de Casino sont une option id\u00e9ale pour vos ap\u00e9ritifs ou pour une collation","og_url":"https:\/\/nirigs.com\/ar\/product\/casino-noix-de-cajou-grillees-salees-125-g\/","og_site_name":"NIRIGS","article_modified_time":"2025-02-02T11:56:10+00:00","og_image":[{"width":1000,"height":1000,"url":"https:\/\/nirigs.com\/wp-content\/uploads\/2024\/10\/Casino-Noix-de-cajou-grillees-salees-125-g-1.jpg","type":"image\/jpeg"}],"twitter_card":"summary_large_image","schema":{"@context":"https:\/\/schema.org","@graph":[{"@type":"WebPage","@id":"https:\/\/nirigs.com\/en\/product\/casino-noix-de-cajou-grillees-salees-125-g\/","url":"https:\/\/nirigs.com\/en\/product\/casino-noix-de-cajou-grillees-salees-125-g\/","name":"Casino - Noix de cajou grill\u00e9es & sal\u00e9es - 125 g - NIRIGS","isPartOf":{"@id":"https:\/\/nirigs.com\/#website"},"primaryImageOfPage":{"@id":"https:\/\/nirigs.com\/en\/product\/casino-noix-de-cajou-grillees-salees-125-g\/#primaryimage"},"image":{"@id":"https:\/\/nirigs.com\/en\/product\/casino-noix-de-cajou-grillees-salees-125-g\/#primaryimage"},"thumbnailUrl":"https:\/\/nirigs.com\/wp-content\/uploads\/2024\/10\/Casino-Noix-de-cajou-grillees-salees-125-g-1.jpg","datePublished":"2024-10-06T15:02:26+00:00","dateModified":"2025-02-02T11:56:10+00:00","breadcrumb":{"@id":"https:\/\/nirigs.com\/en\/product\/casino-noix-de-cajou-grillees-salees-125-g\/#breadcrumb"},"inLanguage":"ar","potentialAction":[{"@type":"ReadAction","target":["https:\/\/nirigs.com\/en\/product\/casino-noix-de-cajou-grillees-salees-125-g\/"]}]},{"@type":"ImageObject","inLanguage":"ar","@id":"https:\/\/nirigs.com\/en\/product\/casino-noix-de-cajou-grillees-salees-125-g\/#primaryimage","url":"https:\/\/nirigs.com\/wp-content\/uploads\/2024\/10\/Casino-Noix-de-cajou-grillees-salees-125-g-1.jpg","contentUrl":"https:\/\/nirigs.com\/wp-content\/uploads\/2024\/10\/Casino-Noix-de-cajou-grillees-salees-125-g-1.jpg","width":1000,"height":1000},{"@type":"BreadcrumbList","@id":"https:\/\/nirigs.com\/en\/product\/casino-noix-de-cajou-grillees-salees-125-g\/#breadcrumb","itemListElement":[{"@type":"ListItem","position":1,"name":"Home","item":"https:\/\/nirigs.com\/"},{"@type":"ListItem","position":2,"name":"Parcourir","item":"https:\/\/nirigs.com\/boutique\/"},{"@type":"ListItem","position":3,"name":"Casino &#8211; Noix de cajou grill\u00e9es &#038; sal\u00e9es &#8211; 125 g"}]},{"@type":"WebSite","@id":"https:\/\/nirigs.com\/#website","url":"https:\/\/nirigs.com\/","name":"Nirigs.com","description":"Simplifiez vos achats du quotidien \u00e0 Djibouti","publisher":{"@id":"https:\/\/nirigs.com\/#organization"},"potentialAction":[{"@type":"SearchAction","target":{"@type":"EntryPoint","urlTemplate":"https:\/\/nirigs.com\/?s={search_term_string}"},"query-input":{"@type":"PropertyValueSpecification","valueRequired":true,"valueName":"search_term_string"}}],"inLanguage":"ar"},{"@type":"Organization","@id":"https:\/\/nirigs.com\/#organization","name":"\u0646\u064a\u0631\u064a\u062c\u0633","url":"https:\/\/nirigs.com\/","logo":{"@type":"ImageObject","inLanguage":"ar","@id":"https:\/\/nirigs.com\/#\/schema\/logo\/image\/","url":"https:\/\/nirigs.com\/wp-content\/uploads\/2025\/04\/Design-sans-titre-27.png","contentUrl":"https:\/\/nirigs.com\/wp-content\/uploads\/2025\/04\/Design-sans-titre-27.png","width":500,"height":500,"caption":"Nirigs"},"image":{"@id":"https:\/\/nirigs.com\/#\/schema\/logo\/image\/"}}]}},"brands":[{"id":843,"name":"\u0643\u0627\u0632\u064a\u0646\u0648","slug":"casino"}],"_links":{"self":[{"href":"https:\/\/nirigs.com\/ar\/wp-json\/wp\/v2\/product\/23350","targetHints":{"allow":["GET"]}}],"collection":[{"href":"https:\/\/nirigs.com\/ar\/wp-json\/wp\/v2\/product"}],"about":[{"href":"https:\/\/nirigs.com\/ar\/wp-json\/wp\/v2\/types\/product"}],"replies":[{"embeddable":true,"href":"https:\/\/nirigs.com\/ar\/wp-json\/wp\/v2\/comments?post=23350"}],"version-history":[{"count":3,"href":"https:\/\/nirigs.com\/ar\/wp-json\/wp\/v2\/product\/23350\/revisions"}],"predecessor-version":[{"id":23751,"href":"https:\/\/nirigs.com\/ar\/wp-json\/wp\/v2\/product\/23350\/revisions\/23751"}],"wp:featuredmedia":[{"embeddable":true,"href":"https:\/\/nirigs.com\/ar\/wp-json\/wp\/v2\/media\/25294"}],"wp:attachment":[{"href":"https:\/\/nirigs.com\/ar\/wp-json\/wp\/v2\/media?parent=23350"}],"wp:term":[{"taxonomy":"pwb-brand","embeddable":true,"href":"https:\/\/nirigs.com\/ar\/wp-json\/wp\/v2\/pwb-brand?post=23350"},{"taxonomy":"product_brand","embeddable":true,"href":"https:\/\/nirigs.com\/ar\/wp-json\/wp\/v2\/product_brand?post=23350"},{"taxonomy":"product_cat","embeddable":true,"href":"https:\/\/nirigs.com\/ar\/wp-json\/wp\/v2\/product_cat?post=23350"},{"taxonomy":"product_tag","embeddable":true,"href":"https:\/\/nirigs.com\/ar\/wp-json\/wp\/v2\/product_tag?post=23350"}],"curies":[{"name":"wp","href":"https:\/\/api.w.org\/{rel}","templated":true}]}}