{"id":23344,"date":"2024-10-06T18:02:24","date_gmt":"2024-10-06T15:02:24","guid":{"rendered":"https:\/\/nirigs.com\/produit\/leader-price-chips-nature-blondes-croustillantes-200-g\/"},"modified":"2025-02-02T14:57:58","modified_gmt":"2025-02-02T11:57:58","slug":"leader-price-chips-nature-blondes-croustillantes-200-g","status":"publish","type":"product","link":"https:\/\/nirigs.com\/ar\/product\/leader-price-chips-nature-blondes-croustillantes-200-g\/","title":{"rendered":"\u0644\u064a\u062f\u0631 \u0628\u0631\u0627\u064a\u0633 \u2013 \u0631\u0642\u0627\u0626\u0642 \u0627\u0644\u0628\u0637\u0627\u0637\u0633 \u0627\u0644\u0623\u0634\u0642\u0631 \u0648\u0627\u0644\u0645\u0642\u0631\u0645\u0634\u0629 \u2013 200 \u062c\u0645"},"content":{"rendered":"<p>\u0627\u0644 <strong>chips nature blondes et croustillantes<\/strong> \u0644 <strong>\u0633\u0639\u0631 \u0627\u0644\u0632\u0639\u064a\u0645<\/strong> sont un classique incontournable. Elles sont pr\u00e9par\u00e9es \u00e0 partir de pommes de terre s\u00e9lectionn\u00e9es, finement tranch\u00e9es, puis dor\u00e9es \u00e0 la perfection pour un croustillant incomparable. Ces chips l\u00e9g\u00e8rement sal\u00e9es sont parfaites pour vos ap\u00e9ritifs, pique-niques ou pour accompagner vos repas.<\/p>\n<h4><strong>\u0645\u0643\u0648\u0646\u0627\u062a :<\/strong><\/h4>\n<p>\u0627\u0644\u0628\u0637\u0627\u0637\u0633\u060c \u0632\u064a\u062a \u062f\u0648\u0627\u0631 \u0627\u0644\u0634\u0645\u0633\u060c \u0627\u0644\u0645\u0644\u062d.<\/p>\n<h4><strong>\u0645\u0633\u0628\u0628\u0627\u062a \u0627\u0644\u062d\u0633\u0627\u0633\u064a\u0629:<\/strong><\/h4>\n<p>peut contenir des traces de gluten, lait, moutarde et c\u00e9leri.<\/p>","protected":false},"excerpt":{"rendered":"<p>Les chips nature blondes et croustillantes de Leader Price sont un classique incontournable. Elles sont pr\u00e9par\u00e9es \u00e0 partir de pommes<\/p>","protected":false},"featured_media":25329,"comment_status":"open","ping_status":"closed","template":"","meta":[],"pwb-brand":[1166],"product_brand":[],"product_cat":[1127,1126,275],"product_tag":[],"class_list":{"0":"post-23344","1":"product","2":"type-product","3":"status-publish","4":"has-post-thumbnail","6":"pwb-brand-leader-price","7":"product_cat-chips","8":"product_cat-en-cas-et-friandises","9":"product_cat-epicerie","11":"first","12":"instock","13":"shipping-taxable","14":"purchasable","15":"product-type-simple"},"yoast_head":"<!-- This site is optimized with the Yoast SEO plugin v27.1.1 - https:\/\/yoast.com\/product\/yoast-seo-wordpress\/ -->\n<title>Leader Price - Chips nature blondes &amp; croustillantes - 200 g - NIRIGS<\/title>\n<meta name=\"robots\" content=\"index, follow, max-snippet:-1, max-image-preview:large, max-video-preview:-1\" \/>\n<link rel=\"canonical\" href=\"https:\/\/nirigs.com\/ar\/product\/leader-price-chips-nature-blondes-croustillantes-200-g\/\" \/>\n<meta property=\"og:locale\" content=\"ar_AR\" \/>\n<meta property=\"og:type\" content=\"article\" \/>\n<meta property=\"og:title\" content=\"Leader Price - Chips nature blondes &amp; croustillantes - 200 g - NIRIGS\" \/>\n<meta property=\"og:description\" content=\"Les chips nature blondes et croustillantes de Leader Price sont un classique incontournable. Elles sont pr\u00e9par\u00e9es \u00e0 partir de pommes\" \/>\n<meta property=\"og:url\" content=\"https:\/\/nirigs.com\/ar\/product\/leader-price-chips-nature-blondes-croustillantes-200-g\/\" \/>\n<meta property=\"og:site_name\" content=\"NIRIGS\" \/>\n<meta property=\"article:modified_time\" content=\"2025-02-02T11:57:58+00:00\" \/>\n<meta property=\"og:image\" content=\"https:\/\/nirigs.com\/wp-content\/uploads\/2024\/10\/Leader-Price-Chips-nature-blondes-et-croustillantes-200-g.jpg\" \/>\n\t<meta property=\"og:image:width\" content=\"1000\" \/>\n\t<meta property=\"og:image:height\" content=\"1000\" \/>\n\t<meta property=\"og:image:type\" content=\"image\/jpeg\" \/>\n<meta name=\"twitter:card\" content=\"summary_large_image\" \/>\n<script type=\"application\/ld+json\" class=\"yoast-schema-graph\">{\"@context\":\"https:\/\/schema.org\",\"@graph\":[{\"@type\":\"WebPage\",\"@id\":\"https:\/\/nirigs.com\/product\/leader-price-chips-nature-blondes-croustillantes-200-g\/\",\"url\":\"https:\/\/nirigs.com\/product\/leader-price-chips-nature-blondes-croustillantes-200-g\/\",\"name\":\"Leader Price - Chips nature blondes & croustillantes - 200 g - NIRIGS\",\"isPartOf\":{\"@id\":\"https:\/\/nirigs.com\/#website\"},\"primaryImageOfPage\":{\"@id\":\"https:\/\/nirigs.com\/product\/leader-price-chips-nature-blondes-croustillantes-200-g\/#primaryimage\"},\"image\":{\"@id\":\"https:\/\/nirigs.com\/product\/leader-price-chips-nature-blondes-croustillantes-200-g\/#primaryimage\"},\"thumbnailUrl\":\"https:\/\/nirigs.com\/wp-content\/uploads\/2024\/10\/Leader-Price-Chips-nature-blondes-et-croustillantes-200-g.jpg\",\"datePublished\":\"2024-10-06T15:02:24+00:00\",\"dateModified\":\"2025-02-02T11:57:58+00:00\",\"breadcrumb\":{\"@id\":\"https:\/\/nirigs.com\/product\/leader-price-chips-nature-blondes-croustillantes-200-g\/#breadcrumb\"},\"inLanguage\":\"ar\",\"potentialAction\":[{\"@type\":\"ReadAction\",\"target\":[\"https:\/\/nirigs.com\/product\/leader-price-chips-nature-blondes-croustillantes-200-g\/\"]}]},{\"@type\":\"ImageObject\",\"inLanguage\":\"ar\",\"@id\":\"https:\/\/nirigs.com\/product\/leader-price-chips-nature-blondes-croustillantes-200-g\/#primaryimage\",\"url\":\"https:\/\/nirigs.com\/wp-content\/uploads\/2024\/10\/Leader-Price-Chips-nature-blondes-et-croustillantes-200-g.jpg\",\"contentUrl\":\"https:\/\/nirigs.com\/wp-content\/uploads\/2024\/10\/Leader-Price-Chips-nature-blondes-et-croustillantes-200-g.jpg\",\"width\":1000,\"height\":1000},{\"@type\":\"BreadcrumbList\",\"@id\":\"https:\/\/nirigs.com\/product\/leader-price-chips-nature-blondes-croustillantes-200-g\/#breadcrumb\",\"itemListElement\":[{\"@type\":\"ListItem\",\"position\":1,\"name\":\"Home\",\"item\":\"https:\/\/nirigs.com\/\"},{\"@type\":\"ListItem\",\"position\":2,\"name\":\"Parcourir\",\"item\":\"https:\/\/nirigs.com\/boutique\/\"},{\"@type\":\"ListItem\",\"position\":3,\"name\":\"Leader Price &#8211; Chips nature blondes &#038; croustillantes &#8211; 200 g\"}]},{\"@type\":\"WebSite\",\"@id\":\"https:\/\/nirigs.com\/#website\",\"url\":\"https:\/\/nirigs.com\/\",\"name\":\"Nirigs.com\",\"description\":\"Simplifiez vos achats du quotidien \u00e0 Djibouti\",\"publisher\":{\"@id\":\"https:\/\/nirigs.com\/#organization\"},\"potentialAction\":[{\"@type\":\"SearchAction\",\"target\":{\"@type\":\"EntryPoint\",\"urlTemplate\":\"https:\/\/nirigs.com\/?s={search_term_string}\"},\"query-input\":{\"@type\":\"PropertyValueSpecification\",\"valueRequired\":true,\"valueName\":\"search_term_string\"}}],\"inLanguage\":\"ar\"},{\"@type\":\"Organization\",\"@id\":\"https:\/\/nirigs.com\/#organization\",\"name\":\"Nirigs\",\"url\":\"https:\/\/nirigs.com\/\",\"logo\":{\"@type\":\"ImageObject\",\"inLanguage\":\"ar\",\"@id\":\"https:\/\/nirigs.com\/#\/schema\/logo\/image\/\",\"url\":\"https:\/\/nirigs.com\/wp-content\/uploads\/2025\/04\/Design-sans-titre-27.png\",\"contentUrl\":\"https:\/\/nirigs.com\/wp-content\/uploads\/2025\/04\/Design-sans-titre-27.png\",\"width\":500,\"height\":500,\"caption\":\"Nirigs\"},\"image\":{\"@id\":\"https:\/\/nirigs.com\/#\/schema\/logo\/image\/\"}}]}<\/script>\n<!-- \/ Yoast SEO plugin. -->","yoast_head_json":{"title":"Leader Price - Chips nature blondes & croustillantes - 200 g - NIRIGS","robots":{"index":"index","follow":"follow","max-snippet":"max-snippet:-1","max-image-preview":"max-image-preview:large","max-video-preview":"max-video-preview:-1"},"canonical":"https:\/\/nirigs.com\/ar\/product\/leader-price-chips-nature-blondes-croustillantes-200-g\/","og_locale":"ar_AR","og_type":"article","og_title":"Leader Price - Chips nature blondes & croustillantes - 200 g - NIRIGS","og_description":"Les chips nature blondes et croustillantes de Leader Price sont un classique incontournable. Elles sont pr\u00e9par\u00e9es \u00e0 partir de pommes","og_url":"https:\/\/nirigs.com\/ar\/product\/leader-price-chips-nature-blondes-croustillantes-200-g\/","og_site_name":"NIRIGS","article_modified_time":"2025-02-02T11:57:58+00:00","og_image":[{"width":1000,"height":1000,"url":"https:\/\/nirigs.com\/wp-content\/uploads\/2024\/10\/Leader-Price-Chips-nature-blondes-et-croustillantes-200-g.jpg","type":"image\/jpeg"}],"twitter_card":"summary_large_image","schema":{"@context":"https:\/\/schema.org","@graph":[{"@type":"WebPage","@id":"https:\/\/nirigs.com\/product\/leader-price-chips-nature-blondes-croustillantes-200-g\/","url":"https:\/\/nirigs.com\/product\/leader-price-chips-nature-blondes-croustillantes-200-g\/","name":"Leader Price - Chips nature blondes & croustillantes - 200 g - NIRIGS","isPartOf":{"@id":"https:\/\/nirigs.com\/#website"},"primaryImageOfPage":{"@id":"https:\/\/nirigs.com\/product\/leader-price-chips-nature-blondes-croustillantes-200-g\/#primaryimage"},"image":{"@id":"https:\/\/nirigs.com\/product\/leader-price-chips-nature-blondes-croustillantes-200-g\/#primaryimage"},"thumbnailUrl":"https:\/\/nirigs.com\/wp-content\/uploads\/2024\/10\/Leader-Price-Chips-nature-blondes-et-croustillantes-200-g.jpg","datePublished":"2024-10-06T15:02:24+00:00","dateModified":"2025-02-02T11:57:58+00:00","breadcrumb":{"@id":"https:\/\/nirigs.com\/product\/leader-price-chips-nature-blondes-croustillantes-200-g\/#breadcrumb"},"inLanguage":"ar","potentialAction":[{"@type":"ReadAction","target":["https:\/\/nirigs.com\/product\/leader-price-chips-nature-blondes-croustillantes-200-g\/"]}]},{"@type":"ImageObject","inLanguage":"ar","@id":"https:\/\/nirigs.com\/product\/leader-price-chips-nature-blondes-croustillantes-200-g\/#primaryimage","url":"https:\/\/nirigs.com\/wp-content\/uploads\/2024\/10\/Leader-Price-Chips-nature-blondes-et-croustillantes-200-g.jpg","contentUrl":"https:\/\/nirigs.com\/wp-content\/uploads\/2024\/10\/Leader-Price-Chips-nature-blondes-et-croustillantes-200-g.jpg","width":1000,"height":1000},{"@type":"BreadcrumbList","@id":"https:\/\/nirigs.com\/product\/leader-price-chips-nature-blondes-croustillantes-200-g\/#breadcrumb","itemListElement":[{"@type":"ListItem","position":1,"name":"Home","item":"https:\/\/nirigs.com\/"},{"@type":"ListItem","position":2,"name":"Parcourir","item":"https:\/\/nirigs.com\/boutique\/"},{"@type":"ListItem","position":3,"name":"Leader Price &#8211; Chips nature blondes &#038; croustillantes &#8211; 200 g"}]},{"@type":"WebSite","@id":"https:\/\/nirigs.com\/#website","url":"https:\/\/nirigs.com\/","name":"Nirigs.com","description":"Simplifiez vos achats du quotidien \u00e0 Djibouti","publisher":{"@id":"https:\/\/nirigs.com\/#organization"},"potentialAction":[{"@type":"SearchAction","target":{"@type":"EntryPoint","urlTemplate":"https:\/\/nirigs.com\/?s={search_term_string}"},"query-input":{"@type":"PropertyValueSpecification","valueRequired":true,"valueName":"search_term_string"}}],"inLanguage":"ar"},{"@type":"Organization","@id":"https:\/\/nirigs.com\/#organization","name":"\u0646\u064a\u0631\u064a\u062c\u0633","url":"https:\/\/nirigs.com\/","logo":{"@type":"ImageObject","inLanguage":"ar","@id":"https:\/\/nirigs.com\/#\/schema\/logo\/image\/","url":"https:\/\/nirigs.com\/wp-content\/uploads\/2025\/04\/Design-sans-titre-27.png","contentUrl":"https:\/\/nirigs.com\/wp-content\/uploads\/2025\/04\/Design-sans-titre-27.png","width":500,"height":500,"caption":"Nirigs"},"image":{"@id":"https:\/\/nirigs.com\/#\/schema\/logo\/image\/"}}]}},"brands":[{"id":1166,"name":"\u0633\u0639\u0631 \u0627\u0644\u0632\u0639\u064a\u0645","slug":"leader-price"}],"_links":{"self":[{"href":"https:\/\/nirigs.com\/ar\/wp-json\/wp\/v2\/product\/23344","targetHints":{"allow":["GET"]}}],"collection":[{"href":"https:\/\/nirigs.com\/ar\/wp-json\/wp\/v2\/product"}],"about":[{"href":"https:\/\/nirigs.com\/ar\/wp-json\/wp\/v2\/types\/product"}],"replies":[{"embeddable":true,"href":"https:\/\/nirigs.com\/ar\/wp-json\/wp\/v2\/comments?post=23344"}],"version-history":[{"count":3,"href":"https:\/\/nirigs.com\/ar\/wp-json\/wp\/v2\/product\/23344\/revisions"}],"predecessor-version":[{"id":25331,"href":"https:\/\/nirigs.com\/ar\/wp-json\/wp\/v2\/product\/23344\/revisions\/25331"}],"wp:featuredmedia":[{"embeddable":true,"href":"https:\/\/nirigs.com\/ar\/wp-json\/wp\/v2\/media\/25329"}],"wp:attachment":[{"href":"https:\/\/nirigs.com\/ar\/wp-json\/wp\/v2\/media?parent=23344"}],"wp:term":[{"taxonomy":"pwb-brand","embeddable":true,"href":"https:\/\/nirigs.com\/ar\/wp-json\/wp\/v2\/pwb-brand?post=23344"},{"taxonomy":"product_brand","embeddable":true,"href":"https:\/\/nirigs.com\/ar\/wp-json\/wp\/v2\/product_brand?post=23344"},{"taxonomy":"product_cat","embeddable":true,"href":"https:\/\/nirigs.com\/ar\/wp-json\/wp\/v2\/product_cat?post=23344"},{"taxonomy":"product_tag","embeddable":true,"href":"https:\/\/nirigs.com\/ar\/wp-json\/wp\/v2\/product_tag?post=23344"}],"curies":[{"name":"wp","href":"https:\/\/api.w.org\/{rel}","templated":true}]}}