{"id":23342,"date":"2024-10-06T18:02:23","date_gmt":"2024-10-06T15:02:23","guid":{"rendered":"https:\/\/nirigs.com\/produit\/lays-chips-nature-145-g\/"},"modified":"2025-02-02T14:58:44","modified_gmt":"2025-02-02T11:58:44","slug":"lays-chips-nature-145-g","status":"publish","type":"product","link":"https:\/\/nirigs.com\/ar\/product\/lays-chips-nature-145-g\/","title":{"rendered":"\u0644\u064a\u0632 \u2013 \u0631\u0642\u0627\u0626\u0642 \u0627\u0644\u0628\u0637\u0627\u0637\u0633 \u0627\u0644\u0633\u0627\u062f\u0629 \u2013 145 \u062c\u0645"},"content":{"rendered":"<p>R\u00e9galez vous avec Lay&rsquo;s Saveur Nature, de d\u00e9licieuses chips de pomme de terre nature fines et croustillantes, avec juste une pointe de sel. Depuis 1932, la mission de Lay\u2019s est de vous offrir des chips aux saveurs d\u00e9licieuses en toute occasion. Que ce soit lors d\u2019un ap\u00e9ritif, un pique-nique, \u00e0 un barbecue d\u2019\u00e9t\u00e9 ou sur le pouce pour compl\u00e9ter un sandwich : Lay&rsquo;s vous accompagne \u00e0 chacun de ces moments pour les rendre encore meilleurs ! Lay&rsquo;s, expert des chips, met tout son savoir-faire au service de la qualit\u00e9 pour vous proposer de savoureuses chips. Tout commence avec ses agriculteurs partenaires qui s\u00e9lectionnent avec soin leurs pommes de terre pour vous garantir un go\u00fbt et un croustillant d&rsquo;exception. Lay&rsquo;s s&rsquo;engage \u00e0 \u00e9laborer ses chips gr\u00e2ce \u00e0 un processus simple : S\u00e9lectionn\u00e9es &#8211; Lav\u00e9es &#8211; Pel\u00e9es &#8211; Frites &#8211; Assaisonn\u00e9es &#8211; Emball\u00e9es. Le tout sans colorant artificiel et sans conservateur. Pour pr\u00e9server toutes les saveurs et le croustillant de vos chips, il est recommand\u00e9 de les conserver \u00e0 l&rsquo;abri de la chaleur et de l&rsquo;humidit\u00e9.<\/p>\n<h3>\u0645\u0643\u0648\u0646\u0627\u062a<\/h3>\n<p>pommes de terre (65%), huiles vegetales (tournesol, colza, mais en proportion variable), sel<\/p>","protected":false},"excerpt":{"rendered":"<p>R\u00e9galez vous avec Lay&rsquo;s Saveur Nature, de d\u00e9licieuses chips de pomme de terre nature fines et croustillantes, avec juste une<\/p>","protected":false},"featured_media":25310,"comment_status":"open","ping_status":"closed","template":"","meta":[],"pwb-brand":[1139],"product_brand":[],"product_cat":[1127,1126,275],"product_tag":[],"class_list":{"0":"post-23342","1":"product","2":"type-product","3":"status-publish","4":"has-post-thumbnail","6":"pwb-brand-lays","7":"product_cat-chips","8":"product_cat-en-cas-et-friandises","9":"product_cat-epicerie","11":"first","12":"instock","13":"shipping-taxable","14":"purchasable","15":"product-type-simple"},"yoast_head":"<!-- This site is optimized with the Yoast SEO plugin v27.4 - https:\/\/yoast.com\/product\/yoast-seo-wordpress\/ -->\n<title>Lay&#039;s - Chips nature - 145 g - NIRIGS<\/title>\n<meta name=\"robots\" content=\"index, follow, max-snippet:-1, max-image-preview:large, max-video-preview:-1\" \/>\n<link rel=\"canonical\" href=\"https:\/\/nirigs.com\/ar\/product\/lays-chips-nature-145-g\/\" \/>\n<meta property=\"og:locale\" content=\"ar_AR\" \/>\n<meta property=\"og:type\" content=\"article\" \/>\n<meta property=\"og:title\" content=\"Lay&#039;s - Chips nature - 145 g - NIRIGS\" \/>\n<meta property=\"og:description\" content=\"R\u00e9galez vous avec Lay&rsquo;s Saveur Nature, de d\u00e9licieuses chips de pomme de terre nature fines et croustillantes, avec juste une\" \/>\n<meta property=\"og:url\" content=\"https:\/\/nirigs.com\/ar\/product\/lays-chips-nature-145-g\/\" \/>\n<meta property=\"og:site_name\" content=\"NIRIGS\" \/>\n<meta property=\"article:modified_time\" content=\"2025-02-02T11:58:44+00:00\" \/>\n<meta property=\"og:image\" content=\"https:\/\/nirigs.com\/wp-content\/uploads\/2024\/10\/Lays-Chips-nature-145-g.jpg\" \/>\n\t<meta property=\"og:image:width\" content=\"1000\" \/>\n\t<meta property=\"og:image:height\" content=\"1000\" \/>\n\t<meta property=\"og:image:type\" content=\"image\/jpeg\" \/>\n<meta name=\"twitter:card\" content=\"summary_large_image\" \/>\n<meta name=\"twitter:label1\" content=\"\u0648\u0642\u062a \u0627\u0644\u0642\u0631\u0627\u0621\u0629 \u0627\u0644\u0645\u064f\u0642\u062f\u0651\u0631\" \/>\n\t<meta name=\"twitter:data1\" content=\"\u062f\u0642\u064a\u0642\u0629 \u0648\u0627\u062d\u062f\u0629\" \/>\n<script type=\"application\/ld+json\" class=\"yoast-schema-graph\">{\"@context\":\"https:\\\/\\\/schema.org\",\"@graph\":[{\"@type\":\"WebPage\",\"@id\":\"https:\\\/\\\/nirigs.com\\\/product\\\/lays-chips-nature-145-g\\\/\",\"url\":\"https:\\\/\\\/nirigs.com\\\/product\\\/lays-chips-nature-145-g\\\/\",\"name\":\"Lay's - Chips nature - 145 g - NIRIGS\",\"isPartOf\":{\"@id\":\"https:\\\/\\\/nirigs.com\\\/#website\"},\"primaryImageOfPage\":{\"@id\":\"https:\\\/\\\/nirigs.com\\\/product\\\/lays-chips-nature-145-g\\\/#primaryimage\"},\"image\":{\"@id\":\"https:\\\/\\\/nirigs.com\\\/product\\\/lays-chips-nature-145-g\\\/#primaryimage\"},\"thumbnailUrl\":\"https:\\\/\\\/nirigs.com\\\/wp-content\\\/uploads\\\/2024\\\/10\\\/Lays-Chips-nature-145-g.jpg\",\"datePublished\":\"2024-10-06T15:02:23+00:00\",\"dateModified\":\"2025-02-02T11:58:44+00:00\",\"breadcrumb\":{\"@id\":\"https:\\\/\\\/nirigs.com\\\/product\\\/lays-chips-nature-145-g\\\/#breadcrumb\"},\"inLanguage\":\"ar\",\"potentialAction\":[{\"@type\":\"ReadAction\",\"target\":[\"https:\\\/\\\/nirigs.com\\\/product\\\/lays-chips-nature-145-g\\\/\"]}]},{\"@type\":\"ImageObject\",\"inLanguage\":\"ar\",\"@id\":\"https:\\\/\\\/nirigs.com\\\/product\\\/lays-chips-nature-145-g\\\/#primaryimage\",\"url\":\"https:\\\/\\\/nirigs.com\\\/wp-content\\\/uploads\\\/2024\\\/10\\\/Lays-Chips-nature-145-g.jpg\",\"contentUrl\":\"https:\\\/\\\/nirigs.com\\\/wp-content\\\/uploads\\\/2024\\\/10\\\/Lays-Chips-nature-145-g.jpg\",\"width\":1000,\"height\":1000},{\"@type\":\"BreadcrumbList\",\"@id\":\"https:\\\/\\\/nirigs.com\\\/product\\\/lays-chips-nature-145-g\\\/#breadcrumb\",\"itemListElement\":[{\"@type\":\"ListItem\",\"position\":1,\"name\":\"Home\",\"item\":\"https:\\\/\\\/nirigs.com\\\/\"},{\"@type\":\"ListItem\",\"position\":2,\"name\":\"Parcourir\",\"item\":\"https:\\\/\\\/nirigs.com\\\/boutique\\\/\"},{\"@type\":\"ListItem\",\"position\":3,\"name\":\"Lay&rsquo;s &#8211; Chips nature &#8211; 145 g\"}]},{\"@type\":\"WebSite\",\"@id\":\"https:\\\/\\\/nirigs.com\\\/#website\",\"url\":\"https:\\\/\\\/nirigs.com\\\/\",\"name\":\"Nirigs.com\",\"description\":\"Simplifiez vos achats du quotidien \u00e0 Djibouti\",\"publisher\":{\"@id\":\"https:\\\/\\\/nirigs.com\\\/#organization\"},\"potentialAction\":[{\"@type\":\"SearchAction\",\"target\":{\"@type\":\"EntryPoint\",\"urlTemplate\":\"https:\\\/\\\/nirigs.com\\\/?s={search_term_string}\"},\"query-input\":{\"@type\":\"PropertyValueSpecification\",\"valueRequired\":true,\"valueName\":\"search_term_string\"}}],\"inLanguage\":\"ar\"},{\"@type\":\"Organization\",\"@id\":\"https:\\\/\\\/nirigs.com\\\/#organization\",\"name\":\"Nirigs\",\"url\":\"https:\\\/\\\/nirigs.com\\\/\",\"logo\":{\"@type\":\"ImageObject\",\"inLanguage\":\"ar\",\"@id\":\"https:\\\/\\\/nirigs.com\\\/#\\\/schema\\\/logo\\\/image\\\/\",\"url\":\"https:\\\/\\\/nirigs.com\\\/wp-content\\\/uploads\\\/2025\\\/04\\\/Design-sans-titre-27.png\",\"contentUrl\":\"https:\\\/\\\/nirigs.com\\\/wp-content\\\/uploads\\\/2025\\\/04\\\/Design-sans-titre-27.png\",\"width\":500,\"height\":500,\"caption\":\"Nirigs\"},\"image\":{\"@id\":\"https:\\\/\\\/nirigs.com\\\/#\\\/schema\\\/logo\\\/image\\\/\"}}]}<\/script>\n<!-- \/ Yoast SEO plugin. -->","yoast_head_json":{"title":"Lay's - Chips nature - 145 g - NIRIGS","robots":{"index":"index","follow":"follow","max-snippet":"max-snippet:-1","max-image-preview":"max-image-preview:large","max-video-preview":"max-video-preview:-1"},"canonical":"https:\/\/nirigs.com\/ar\/product\/lays-chips-nature-145-g\/","og_locale":"ar_AR","og_type":"article","og_title":"Lay's - Chips nature - 145 g - NIRIGS","og_description":"R\u00e9galez vous avec Lay&rsquo;s Saveur Nature, de d\u00e9licieuses chips de pomme de terre nature fines et croustillantes, avec juste une","og_url":"https:\/\/nirigs.com\/ar\/product\/lays-chips-nature-145-g\/","og_site_name":"NIRIGS","article_modified_time":"2025-02-02T11:58:44+00:00","og_image":[{"width":1000,"height":1000,"url":"https:\/\/nirigs.com\/wp-content\/uploads\/2024\/10\/Lays-Chips-nature-145-g.jpg","type":"image\/jpeg"}],"twitter_card":"summary_large_image","twitter_misc":{"\u0648\u0642\u062a \u0627\u0644\u0642\u0631\u0627\u0621\u0629 \u0627\u0644\u0645\u064f\u0642\u062f\u0651\u0631":"\u062f\u0642\u064a\u0642\u0629 \u0648\u0627\u062d\u062f\u0629"},"schema":{"@context":"https:\/\/schema.org","@graph":[{"@type":"WebPage","@id":"https:\/\/nirigs.com\/product\/lays-chips-nature-145-g\/","url":"https:\/\/nirigs.com\/product\/lays-chips-nature-145-g\/","name":"Lay's - Chips nature - 145 g - NIRIGS","isPartOf":{"@id":"https:\/\/nirigs.com\/#website"},"primaryImageOfPage":{"@id":"https:\/\/nirigs.com\/product\/lays-chips-nature-145-g\/#primaryimage"},"image":{"@id":"https:\/\/nirigs.com\/product\/lays-chips-nature-145-g\/#primaryimage"},"thumbnailUrl":"https:\/\/nirigs.com\/wp-content\/uploads\/2024\/10\/Lays-Chips-nature-145-g.jpg","datePublished":"2024-10-06T15:02:23+00:00","dateModified":"2025-02-02T11:58:44+00:00","breadcrumb":{"@id":"https:\/\/nirigs.com\/product\/lays-chips-nature-145-g\/#breadcrumb"},"inLanguage":"ar","potentialAction":[{"@type":"ReadAction","target":["https:\/\/nirigs.com\/product\/lays-chips-nature-145-g\/"]}]},{"@type":"ImageObject","inLanguage":"ar","@id":"https:\/\/nirigs.com\/product\/lays-chips-nature-145-g\/#primaryimage","url":"https:\/\/nirigs.com\/wp-content\/uploads\/2024\/10\/Lays-Chips-nature-145-g.jpg","contentUrl":"https:\/\/nirigs.com\/wp-content\/uploads\/2024\/10\/Lays-Chips-nature-145-g.jpg","width":1000,"height":1000},{"@type":"BreadcrumbList","@id":"https:\/\/nirigs.com\/product\/lays-chips-nature-145-g\/#breadcrumb","itemListElement":[{"@type":"ListItem","position":1,"name":"Home","item":"https:\/\/nirigs.com\/"},{"@type":"ListItem","position":2,"name":"Parcourir","item":"https:\/\/nirigs.com\/boutique\/"},{"@type":"ListItem","position":3,"name":"Lay&rsquo;s &#8211; Chips nature &#8211; 145 g"}]},{"@type":"WebSite","@id":"https:\/\/nirigs.com\/#website","url":"https:\/\/nirigs.com\/","name":"Nirigs.com","description":"Simplifiez vos achats du quotidien \u00e0 Djibouti","publisher":{"@id":"https:\/\/nirigs.com\/#organization"},"potentialAction":[{"@type":"SearchAction","target":{"@type":"EntryPoint","urlTemplate":"https:\/\/nirigs.com\/?s={search_term_string}"},"query-input":{"@type":"PropertyValueSpecification","valueRequired":true,"valueName":"search_term_string"}}],"inLanguage":"ar"},{"@type":"Organization","@id":"https:\/\/nirigs.com\/#organization","name":"\u0646\u064a\u0631\u064a\u062c\u0633","url":"https:\/\/nirigs.com\/","logo":{"@type":"ImageObject","inLanguage":"ar","@id":"https:\/\/nirigs.com\/#\/schema\/logo\/image\/","url":"https:\/\/nirigs.com\/wp-content\/uploads\/2025\/04\/Design-sans-titre-27.png","contentUrl":"https:\/\/nirigs.com\/wp-content\/uploads\/2025\/04\/Design-sans-titre-27.png","width":500,"height":500,"caption":"Nirigs"},"image":{"@id":"https:\/\/nirigs.com\/#\/schema\/logo\/image\/"}}]}},"brands":[{"id":1139,"name":"Lay's","slug":"lays"}],"_links":{"self":[{"href":"https:\/\/nirigs.com\/ar\/wp-json\/wp\/v2\/product\/23342","targetHints":{"allow":["GET"]}}],"collection":[{"href":"https:\/\/nirigs.com\/ar\/wp-json\/wp\/v2\/product"}],"about":[{"href":"https:\/\/nirigs.com\/ar\/wp-json\/wp\/v2\/types\/product"}],"replies":[{"embeddable":true,"href":"https:\/\/nirigs.com\/ar\/wp-json\/wp\/v2\/comments?post=23342"}],"version-history":[{"count":3,"href":"https:\/\/nirigs.com\/ar\/wp-json\/wp\/v2\/product\/23342\/revisions"}],"predecessor-version":[{"id":23806,"href":"https:\/\/nirigs.com\/ar\/wp-json\/wp\/v2\/product\/23342\/revisions\/23806"}],"wp:featuredmedia":[{"embeddable":true,"href":"https:\/\/nirigs.com\/ar\/wp-json\/wp\/v2\/media\/25310"}],"wp:attachment":[{"href":"https:\/\/nirigs.com\/ar\/wp-json\/wp\/v2\/media?parent=23342"}],"wp:term":[{"taxonomy":"pwb-brand","embeddable":true,"href":"https:\/\/nirigs.com\/ar\/wp-json\/wp\/v2\/pwb-brand?post=23342"},{"taxonomy":"product_brand","embeddable":true,"href":"https:\/\/nirigs.com\/ar\/wp-json\/wp\/v2\/product_brand?post=23342"},{"taxonomy":"product_cat","embeddable":true,"href":"https:\/\/nirigs.com\/ar\/wp-json\/wp\/v2\/product_cat?post=23342"},{"taxonomy":"product_tag","embeddable":true,"href":"https:\/\/nirigs.com\/ar\/wp-json\/wp\/v2\/product_tag?post=23342"}],"curies":[{"name":"wp","href":"https:\/\/api.w.org\/{rel}","templated":true}]}}