{"id":23337,"date":"2024-10-06T18:02:21","date_gmt":"2024-10-06T15:02:21","guid":{"rendered":"https:\/\/nirigs.com\/produit\/vim-nettoyant-multi-usages-lavande-fraiche\/"},"modified":"2025-06-06T17:03:33","modified_gmt":"2025-06-06T14:03:33","slug":"vim-nettoyant-multi-usages-lavande-fraiche","status":"publish","type":"product","link":"https:\/\/nirigs.com\/ar\/product\/vim-nettoyant-multi-usages-lavande-fraiche\/","title":{"rendered":"Vim &#8211; Nettoyant multi-usages lavande fra\u00eeche"},"content":{"rendered":"<p>D\u00e9couvrez le Vim Nettoyant Multi-Usages Lavande Fra\u00eeche, un produit con\u00e7u pour rendre votre nettoyage quotidien \u00e0 la fois efficace et agr\u00e9able. Sa formule puissante \u00e9limine les taches tenaces et les impuret\u00e9s sur diverses surfaces, tout en laissant une agr\u00e9able odeur de lavande fra\u00eeche.<\/p>\n<h4>\u0645\u0643\u0648\u0646\u0627\u062a<\/h4>\n<p>Eau, agents de surface anioniques (ex : lauryl sulfate de sodium) : pour leur pouvoir nettoyant, agents de surface non ioniques : pour am\u00e9liorer l&rsquo;efficacit\u00e9 de nettoyage, parfum : parfum de lavande fra\u00eeche, conservateurs : pour prolonger la dur\u00e9e de vie du produit (ex : m\u00e9thylisothiazolinone), colorants : pour donner au produit sa couleur distinctive et acide citrique : pour r\u00e9guler le pH.<\/p>\n<h4>\u0641\u0648\u0627\u0626\u062f<\/h4>\n<ul>\n<li>Polyvalent : Id\u00e9al pour le nettoyage de toutes les surfaces de la maison.<\/li>\n<li>Odeur agr\u00e9able : Laisse un parfum durable de lavande qui rafra\u00eechit votre int\u00e9rieur.<\/li>\n<li>Efficacit\u00e9 prouv\u00e9e : Formule test\u00e9e pour sa capacit\u00e9 \u00e0 \u00e9liminer les salissures les plus difficiles.<\/li>\n<\/ul>\n<h4>\u062a\u0639\u0644\u064a\u0645\u0627\u062a<\/h4>\n<p>Secouer avant usage.<\/p>\n<ol>\n<li>Vaporiser directement sur la surface \u00e0 nettoyer.<\/li>\n<li>Essuyer avec un chiffon propre ou une \u00e9ponge.<\/li>\n<li>Ne pas rincer apr\u00e8s application.<\/li>\n<\/ol>\n<h4>Pr\u00e9cautions<\/h4>\n<ul>\n<li>\u00c9viter le contact avec les yeux.<\/li>\n<li>\u064a\u064f\u062d\u0641\u0638 \u0628\u0639\u064a\u062f\u064b\u0627 \u0639\u0646 \u0645\u062a\u0646\u0627\u0648\u0644 \u0627\u0644\u0623\u0637\u0641\u0627\u0644.<\/li>\n<li>Ne pas ing\u00e9rer.<\/li>\n<\/ul>","protected":false},"excerpt":{"rendered":"<p>D\u00e9couvrez le Vim Nettoyant Multi-Usages Lavande Fra\u00eeche, un produit con\u00e7u pour rendre votre nettoyage quotidien \u00e0 la fois efficace et<\/p>","protected":false},"featured_media":25315,"comment_status":"open","ping_status":"closed","template":"","meta":[],"pwb-brand":[1190],"product_brand":[],"product_cat":[948,275,959,963],"product_tag":[],"class_list":{"0":"post-23337","1":"product","2":"type-product","3":"status-publish","4":"has-post-thumbnail","6":"pwb-brand-vim","7":"product_cat-entretien-de-la-maison-et-nettoyage","8":"product_cat-epicerie","9":"product_cat-nettoyants-menagers","10":"product_cat-nettoyants-multi-usage","12":"first","13":"instock","14":"shipping-taxable","15":"purchasable","16":"product-type-simple"},"yoast_head":"<!-- This site is optimized with the Yoast SEO plugin v27.1.1 - https:\/\/yoast.com\/product\/yoast-seo-wordpress\/ -->\n<title>Vim - Nettoyant multi-usages lavande fra\u00eeche - NIRIGS<\/title>\n<meta name=\"robots\" content=\"index, follow, max-snippet:-1, max-image-preview:large, max-video-preview:-1\" \/>\n<link rel=\"canonical\" href=\"https:\/\/nirigs.com\/ar\/product\/vim-nettoyant-multi-usages-lavande-fraiche\/\" \/>\n<meta property=\"og:locale\" content=\"ar_AR\" \/>\n<meta property=\"og:type\" content=\"article\" \/>\n<meta property=\"og:title\" content=\"Vim - Nettoyant multi-usages lavande fra\u00eeche - NIRIGS\" \/>\n<meta property=\"og:description\" content=\"D\u00e9couvrez le Vim Nettoyant Multi-Usages Lavande Fra\u00eeche, un produit con\u00e7u pour rendre votre nettoyage quotidien \u00e0 la fois efficace et\" \/>\n<meta property=\"og:url\" content=\"https:\/\/nirigs.com\/ar\/product\/vim-nettoyant-multi-usages-lavande-fraiche\/\" \/>\n<meta property=\"og:site_name\" content=\"NIRIGS\" \/>\n<meta property=\"article:modified_time\" content=\"2025-06-06T14:03:33+00:00\" \/>\n<meta property=\"og:image\" content=\"https:\/\/nirigs.com\/wp-content\/uploads\/2024\/10\/Vim-Nettoyant-multi-usages-lavande-fraiche.jpg\" \/>\n\t<meta property=\"og:image:width\" content=\"1000\" \/>\n\t<meta property=\"og:image:height\" content=\"1000\" \/>\n\t<meta property=\"og:image:type\" content=\"image\/jpeg\" \/>\n<meta name=\"twitter:card\" content=\"summary_large_image\" \/>\n<meta name=\"twitter:label1\" content=\"\u0648\u0642\u062a \u0627\u0644\u0642\u0631\u0627\u0621\u0629 \u0627\u0644\u0645\u064f\u0642\u062f\u0651\u0631\" \/>\n\t<meta name=\"twitter:data1\" content=\"\u062f\u0642\u064a\u0642\u0629 \u0648\u0627\u062d\u062f\u0629\" \/>\n<script type=\"application\/ld+json\" class=\"yoast-schema-graph\">{\"@context\":\"https:\/\/schema.org\",\"@graph\":[{\"@type\":\"WebPage\",\"@id\":\"https:\/\/nirigs.com\/ar\/product\/vim-nettoyant-multi-usages-lavande-fraiche\/\",\"url\":\"https:\/\/nirigs.com\/ar\/product\/vim-nettoyant-multi-usages-lavande-fraiche\/\",\"name\":\"Vim - Nettoyant multi-usages lavande fra\u00eeche - NIRIGS\",\"isPartOf\":{\"@id\":\"https:\/\/nirigs.com\/#website\"},\"primaryImageOfPage\":{\"@id\":\"https:\/\/nirigs.com\/ar\/product\/vim-nettoyant-multi-usages-lavande-fraiche\/#primaryimage\"},\"image\":{\"@id\":\"https:\/\/nirigs.com\/ar\/product\/vim-nettoyant-multi-usages-lavande-fraiche\/#primaryimage\"},\"thumbnailUrl\":\"https:\/\/nirigs.com\/wp-content\/uploads\/2024\/10\/Vim-Nettoyant-multi-usages-lavande-fraiche.jpg\",\"datePublished\":\"2024-10-06T15:02:21+00:00\",\"dateModified\":\"2025-06-06T14:03:33+00:00\",\"breadcrumb\":{\"@id\":\"https:\/\/nirigs.com\/ar\/product\/vim-nettoyant-multi-usages-lavande-fraiche\/#breadcrumb\"},\"inLanguage\":\"ar\",\"potentialAction\":[{\"@type\":\"ReadAction\",\"target\":[\"https:\/\/nirigs.com\/ar\/product\/vim-nettoyant-multi-usages-lavande-fraiche\/\"]}]},{\"@type\":\"ImageObject\",\"inLanguage\":\"ar\",\"@id\":\"https:\/\/nirigs.com\/ar\/product\/vim-nettoyant-multi-usages-lavande-fraiche\/#primaryimage\",\"url\":\"https:\/\/nirigs.com\/wp-content\/uploads\/2024\/10\/Vim-Nettoyant-multi-usages-lavande-fraiche.jpg\",\"contentUrl\":\"https:\/\/nirigs.com\/wp-content\/uploads\/2024\/10\/Vim-Nettoyant-multi-usages-lavande-fraiche.jpg\",\"width\":1000,\"height\":1000},{\"@type\":\"BreadcrumbList\",\"@id\":\"https:\/\/nirigs.com\/ar\/product\/vim-nettoyant-multi-usages-lavande-fraiche\/#breadcrumb\",\"itemListElement\":[{\"@type\":\"ListItem\",\"position\":1,\"name\":\"Home\",\"item\":\"https:\/\/nirigs.com\/\"},{\"@type\":\"ListItem\",\"position\":2,\"name\":\"Parcourir\",\"item\":\"https:\/\/nirigs.com\/boutique\/\"},{\"@type\":\"ListItem\",\"position\":3,\"name\":\"Vim &#8211; Nettoyant multi-usages lavande fra\u00eeche\"}]},{\"@type\":\"WebSite\",\"@id\":\"https:\/\/nirigs.com\/#website\",\"url\":\"https:\/\/nirigs.com\/\",\"name\":\"Nirigs.com\",\"description\":\"Simplifiez vos achats du quotidien \u00e0 Djibouti\",\"publisher\":{\"@id\":\"https:\/\/nirigs.com\/#organization\"},\"potentialAction\":[{\"@type\":\"SearchAction\",\"target\":{\"@type\":\"EntryPoint\",\"urlTemplate\":\"https:\/\/nirigs.com\/?s={search_term_string}\"},\"query-input\":{\"@type\":\"PropertyValueSpecification\",\"valueRequired\":true,\"valueName\":\"search_term_string\"}}],\"inLanguage\":\"ar\"},{\"@type\":\"Organization\",\"@id\":\"https:\/\/nirigs.com\/#organization\",\"name\":\"Nirigs\",\"url\":\"https:\/\/nirigs.com\/\",\"logo\":{\"@type\":\"ImageObject\",\"inLanguage\":\"ar\",\"@id\":\"https:\/\/nirigs.com\/#\/schema\/logo\/image\/\",\"url\":\"https:\/\/nirigs.com\/wp-content\/uploads\/2025\/04\/Design-sans-titre-27.png\",\"contentUrl\":\"https:\/\/nirigs.com\/wp-content\/uploads\/2025\/04\/Design-sans-titre-27.png\",\"width\":500,\"height\":500,\"caption\":\"Nirigs\"},\"image\":{\"@id\":\"https:\/\/nirigs.com\/#\/schema\/logo\/image\/\"}}]}<\/script>\n<!-- \/ Yoast SEO plugin. -->","yoast_head_json":{"title":"Vim - Nettoyant multi-usages lavande fra\u00eeche - NIRIGS","robots":{"index":"index","follow":"follow","max-snippet":"max-snippet:-1","max-image-preview":"max-image-preview:large","max-video-preview":"max-video-preview:-1"},"canonical":"https:\/\/nirigs.com\/ar\/product\/vim-nettoyant-multi-usages-lavande-fraiche\/","og_locale":"ar_AR","og_type":"article","og_title":"Vim - Nettoyant multi-usages lavande fra\u00eeche - NIRIGS","og_description":"D\u00e9couvrez le Vim Nettoyant Multi-Usages Lavande Fra\u00eeche, un produit con\u00e7u pour rendre votre nettoyage quotidien \u00e0 la fois efficace et","og_url":"https:\/\/nirigs.com\/ar\/product\/vim-nettoyant-multi-usages-lavande-fraiche\/","og_site_name":"NIRIGS","article_modified_time":"2025-06-06T14:03:33+00:00","og_image":[{"width":1000,"height":1000,"url":"https:\/\/nirigs.com\/wp-content\/uploads\/2024\/10\/Vim-Nettoyant-multi-usages-lavande-fraiche.jpg","type":"image\/jpeg"}],"twitter_card":"summary_large_image","twitter_misc":{"\u0648\u0642\u062a \u0627\u0644\u0642\u0631\u0627\u0621\u0629 \u0627\u0644\u0645\u064f\u0642\u062f\u0651\u0631":"\u062f\u0642\u064a\u0642\u0629 \u0648\u0627\u062d\u062f\u0629"},"schema":{"@context":"https:\/\/schema.org","@graph":[{"@type":"WebPage","@id":"https:\/\/nirigs.com\/ar\/product\/vim-nettoyant-multi-usages-lavande-fraiche\/","url":"https:\/\/nirigs.com\/ar\/product\/vim-nettoyant-multi-usages-lavande-fraiche\/","name":"Vim - Nettoyant multi-usages lavande fra\u00eeche - NIRIGS","isPartOf":{"@id":"https:\/\/nirigs.com\/#website"},"primaryImageOfPage":{"@id":"https:\/\/nirigs.com\/ar\/product\/vim-nettoyant-multi-usages-lavande-fraiche\/#primaryimage"},"image":{"@id":"https:\/\/nirigs.com\/ar\/product\/vim-nettoyant-multi-usages-lavande-fraiche\/#primaryimage"},"thumbnailUrl":"https:\/\/nirigs.com\/wp-content\/uploads\/2024\/10\/Vim-Nettoyant-multi-usages-lavande-fraiche.jpg","datePublished":"2024-10-06T15:02:21+00:00","dateModified":"2025-06-06T14:03:33+00:00","breadcrumb":{"@id":"https:\/\/nirigs.com\/ar\/product\/vim-nettoyant-multi-usages-lavande-fraiche\/#breadcrumb"},"inLanguage":"ar","potentialAction":[{"@type":"ReadAction","target":["https:\/\/nirigs.com\/ar\/product\/vim-nettoyant-multi-usages-lavande-fraiche\/"]}]},{"@type":"ImageObject","inLanguage":"ar","@id":"https:\/\/nirigs.com\/ar\/product\/vim-nettoyant-multi-usages-lavande-fraiche\/#primaryimage","url":"https:\/\/nirigs.com\/wp-content\/uploads\/2024\/10\/Vim-Nettoyant-multi-usages-lavande-fraiche.jpg","contentUrl":"https:\/\/nirigs.com\/wp-content\/uploads\/2024\/10\/Vim-Nettoyant-multi-usages-lavande-fraiche.jpg","width":1000,"height":1000},{"@type":"BreadcrumbList","@id":"https:\/\/nirigs.com\/ar\/product\/vim-nettoyant-multi-usages-lavande-fraiche\/#breadcrumb","itemListElement":[{"@type":"ListItem","position":1,"name":"Home","item":"https:\/\/nirigs.com\/"},{"@type":"ListItem","position":2,"name":"Parcourir","item":"https:\/\/nirigs.com\/boutique\/"},{"@type":"ListItem","position":3,"name":"Vim &#8211; Nettoyant multi-usages lavande fra\u00eeche"}]},{"@type":"WebSite","@id":"https:\/\/nirigs.com\/#website","url":"https:\/\/nirigs.com\/","name":"Nirigs.com","description":"Simplifiez vos achats du quotidien \u00e0 Djibouti","publisher":{"@id":"https:\/\/nirigs.com\/#organization"},"potentialAction":[{"@type":"SearchAction","target":{"@type":"EntryPoint","urlTemplate":"https:\/\/nirigs.com\/?s={search_term_string}"},"query-input":{"@type":"PropertyValueSpecification","valueRequired":true,"valueName":"search_term_string"}}],"inLanguage":"ar"},{"@type":"Organization","@id":"https:\/\/nirigs.com\/#organization","name":"\u0646\u064a\u0631\u064a\u062c\u0633","url":"https:\/\/nirigs.com\/","logo":{"@type":"ImageObject","inLanguage":"ar","@id":"https:\/\/nirigs.com\/#\/schema\/logo\/image\/","url":"https:\/\/nirigs.com\/wp-content\/uploads\/2025\/04\/Design-sans-titre-27.png","contentUrl":"https:\/\/nirigs.com\/wp-content\/uploads\/2025\/04\/Design-sans-titre-27.png","width":500,"height":500,"caption":"Nirigs"},"image":{"@id":"https:\/\/nirigs.com\/#\/schema\/logo\/image\/"}}]}},"brands":[{"id":1190,"name":"Vim","slug":"vim"}],"_links":{"self":[{"href":"https:\/\/nirigs.com\/ar\/wp-json\/wp\/v2\/product\/23337","targetHints":{"allow":["GET"]}}],"collection":[{"href":"https:\/\/nirigs.com\/ar\/wp-json\/wp\/v2\/product"}],"about":[{"href":"https:\/\/nirigs.com\/ar\/wp-json\/wp\/v2\/types\/product"}],"replies":[{"embeddable":true,"href":"https:\/\/nirigs.com\/ar\/wp-json\/wp\/v2\/comments?post=23337"}],"version-history":[{"count":4,"href":"https:\/\/nirigs.com\/ar\/wp-json\/wp\/v2\/product\/23337\/revisions"}],"predecessor-version":[{"id":25358,"href":"https:\/\/nirigs.com\/ar\/wp-json\/wp\/v2\/product\/23337\/revisions\/25358"}],"wp:featuredmedia":[{"embeddable":true,"href":"https:\/\/nirigs.com\/ar\/wp-json\/wp\/v2\/media\/25315"}],"wp:attachment":[{"href":"https:\/\/nirigs.com\/ar\/wp-json\/wp\/v2\/media?parent=23337"}],"wp:term":[{"taxonomy":"pwb-brand","embeddable":true,"href":"https:\/\/nirigs.com\/ar\/wp-json\/wp\/v2\/pwb-brand?post=23337"},{"taxonomy":"product_brand","embeddable":true,"href":"https:\/\/nirigs.com\/ar\/wp-json\/wp\/v2\/product_brand?post=23337"},{"taxonomy":"product_cat","embeddable":true,"href":"https:\/\/nirigs.com\/ar\/wp-json\/wp\/v2\/product_cat?post=23337"},{"taxonomy":"product_tag","embeddable":true,"href":"https:\/\/nirigs.com\/ar\/wp-json\/wp\/v2\/product_tag?post=23337"}],"curies":[{"name":"wp","href":"https:\/\/api.w.org\/{rel}","templated":true}]}}