{"id":23333,"date":"2024-10-06T18:02:19","date_gmt":"2024-10-06T15:02:19","guid":{"rendered":"https:\/\/nirigs.com\/produit\/dettol-desinfectant-antiseptique-et-antibacterien-500-ml\/"},"modified":"2025-02-02T15:00:56","modified_gmt":"2025-02-02T12:00:56","slug":"dettol-desinfectant-antiseptique-et-antibacterien-500-ml","status":"publish","type":"product","link":"https:\/\/nirigs.com\/ar\/product\/dettol-desinfectant-antiseptique-et-antibacterien-500-ml\/","title":{"rendered":"\u062f\u064a\u062a\u0648\u0644 \u2013 \u0645\u0637\u0647\u0631 \u0648\u0645\u0636\u0627\u062f \u0644\u0644\u0628\u0643\u062a\u064a\u0631\u064a\u0627 \u2013 500 \u0645\u0644"},"content":{"rendered":"<p>Le d\u00e9sinfectant antiseptique et antibact\u00e9rien Dettol est un produit polyvalent con\u00e7u pour \u00e9liminer efficacement les germes et les bact\u00e9ries. Id\u00e9al pour la d\u00e9sinfection des surfaces, des instruments et pour le soin des petites coupures et \u00e9raflures, il offre une protection fiable pour votre sant\u00e9 et celle de votre famille.<\/p>\n<h4><strong>\u0645\u0643\u0648\u0646\u0627\u062a :<\/strong><\/h4>\n<p>Chloroxylenol, autres ingr\u00e9dients actifs.<\/p>\n<h4><strong>\u062a\u0639\u0644\u064a\u0645\u0627\u062a :<\/strong><\/h4>\n<ol>\n<li>Pour la d\u00e9sinfection des surfaces, diluer 1 partie de Dettol avec 9 parties d&rsquo;eau.<\/li>\n<li>Appliquer sur la surface \u00e0 d\u00e9sinfecter et laisser agir pendant au moins 5 minutes.<\/li>\n<li>Pour les soins cutan\u00e9s, appliquer une petite quantit\u00e9 sur la zone affect\u00e9e.<\/li>\n<\/ol>\n<h4><strong>\u0627\u062d\u062a\u064a\u0627\u0637\u0627\u062a:<\/strong><\/h4>\n<ul>\n<li>\u064a\u064f\u062d\u0641\u0638 \u0628\u0639\u064a\u062f\u064b\u0627 \u0639\u0646 \u0645\u062a\u0646\u0627\u0648\u0644 \u0627\u0644\u0623\u0637\u0641\u0627\u0644.<\/li>\n<li>\u00c9viter tout contact avec les yeux.<\/li>\n<li>Ne pas ing\u00e9rer.<\/li>\n<\/ul>","protected":false},"excerpt":{"rendered":"<p>Le d\u00e9sinfectant antiseptique et antibact\u00e9rien Dettol est un produit polyvalent con\u00e7u pour \u00e9liminer efficacement les germes et les bact\u00e9ries. Id\u00e9al<\/p>","protected":false},"featured_media":25332,"comment_status":"open","ping_status":"closed","template":"","meta":[],"pwb-brand":[1192],"product_brand":[],"product_cat":[948,275,959,963],"product_tag":[],"class_list":{"0":"post-23333","1":"product","2":"type-product","3":"status-publish","4":"has-post-thumbnail","6":"pwb-brand-dettol","7":"product_cat-entretien-de-la-maison-et-nettoyage","8":"product_cat-epicerie","9":"product_cat-nettoyants-menagers","10":"product_cat-nettoyants-multi-usage","12":"first","13":"instock","14":"shipping-taxable","15":"purchasable","16":"product-type-simple"},"yoast_head":"<!-- This site is optimized with the Yoast SEO plugin v27.1.1 - https:\/\/yoast.com\/product\/yoast-seo-wordpress\/ -->\n<title>Dettol - D\u00e9sinfectant antiseptique et antibact\u00e9rien - 500 ml - NIRIGS<\/title>\n<meta name=\"robots\" content=\"index, follow, max-snippet:-1, max-image-preview:large, max-video-preview:-1\" \/>\n<link rel=\"canonical\" href=\"https:\/\/nirigs.com\/ar\/product\/dettol-desinfectant-antiseptique-et-antibacterien-500-ml\/\" \/>\n<meta property=\"og:locale\" content=\"ar_AR\" \/>\n<meta property=\"og:type\" content=\"article\" \/>\n<meta property=\"og:title\" content=\"Dettol - D\u00e9sinfectant antiseptique et antibact\u00e9rien - 500 ml - NIRIGS\" \/>\n<meta property=\"og:description\" content=\"Le d\u00e9sinfectant antiseptique et antibact\u00e9rien Dettol est un produit polyvalent con\u00e7u pour \u00e9liminer efficacement les germes et les bact\u00e9ries. Id\u00e9al\" \/>\n<meta property=\"og:url\" content=\"https:\/\/nirigs.com\/ar\/product\/dettol-desinfectant-antiseptique-et-antibacterien-500-ml\/\" \/>\n<meta property=\"og:site_name\" content=\"NIRIGS\" \/>\n<meta property=\"article:modified_time\" content=\"2025-02-02T12:00:56+00:00\" \/>\n<meta property=\"og:image\" content=\"https:\/\/nirigs.com\/wp-content\/uploads\/2024\/10\/Dettol-Desinfectant-antiseptique-et-antibacterien-500-ml.jpg\" \/>\n\t<meta property=\"og:image:width\" content=\"1000\" \/>\n\t<meta property=\"og:image:height\" content=\"1000\" \/>\n\t<meta property=\"og:image:type\" content=\"image\/jpeg\" \/>\n<meta name=\"twitter:card\" content=\"summary_large_image\" \/>\n<meta name=\"twitter:label1\" content=\"\u0648\u0642\u062a \u0627\u0644\u0642\u0631\u0627\u0621\u0629 \u0627\u0644\u0645\u064f\u0642\u062f\u0651\u0631\" \/>\n\t<meta name=\"twitter:data1\" content=\"\u062f\u0642\u064a\u0642\u0629 \u0648\u0627\u062d\u062f\u0629\" \/>\n<script type=\"application\/ld+json\" class=\"yoast-schema-graph\">{\"@context\":\"https:\/\/schema.org\",\"@graph\":[{\"@type\":\"WebPage\",\"@id\":\"https:\/\/nirigs.com\/ar\/product\/dettol-desinfectant-antiseptique-et-antibacterien-500-ml\/\",\"url\":\"https:\/\/nirigs.com\/ar\/product\/dettol-desinfectant-antiseptique-et-antibacterien-500-ml\/\",\"name\":\"Dettol - D\u00e9sinfectant antiseptique et antibact\u00e9rien - 500 ml - NIRIGS\",\"isPartOf\":{\"@id\":\"https:\/\/nirigs.com\/#website\"},\"primaryImageOfPage\":{\"@id\":\"https:\/\/nirigs.com\/ar\/product\/dettol-desinfectant-antiseptique-et-antibacterien-500-ml\/#primaryimage\"},\"image\":{\"@id\":\"https:\/\/nirigs.com\/ar\/product\/dettol-desinfectant-antiseptique-et-antibacterien-500-ml\/#primaryimage\"},\"thumbnailUrl\":\"https:\/\/nirigs.com\/wp-content\/uploads\/2024\/10\/Dettol-Desinfectant-antiseptique-et-antibacterien-500-ml.jpg\",\"datePublished\":\"2024-10-06T15:02:19+00:00\",\"dateModified\":\"2025-02-02T12:00:56+00:00\",\"breadcrumb\":{\"@id\":\"https:\/\/nirigs.com\/ar\/product\/dettol-desinfectant-antiseptique-et-antibacterien-500-ml\/#breadcrumb\"},\"inLanguage\":\"ar\",\"potentialAction\":[{\"@type\":\"ReadAction\",\"target\":[\"https:\/\/nirigs.com\/ar\/product\/dettol-desinfectant-antiseptique-et-antibacterien-500-ml\/\"]}]},{\"@type\":\"ImageObject\",\"inLanguage\":\"ar\",\"@id\":\"https:\/\/nirigs.com\/ar\/product\/dettol-desinfectant-antiseptique-et-antibacterien-500-ml\/#primaryimage\",\"url\":\"https:\/\/nirigs.com\/wp-content\/uploads\/2024\/10\/Dettol-Desinfectant-antiseptique-et-antibacterien-500-ml.jpg\",\"contentUrl\":\"https:\/\/nirigs.com\/wp-content\/uploads\/2024\/10\/Dettol-Desinfectant-antiseptique-et-antibacterien-500-ml.jpg\",\"width\":1000,\"height\":1000},{\"@type\":\"BreadcrumbList\",\"@id\":\"https:\/\/nirigs.com\/ar\/product\/dettol-desinfectant-antiseptique-et-antibacterien-500-ml\/#breadcrumb\",\"itemListElement\":[{\"@type\":\"ListItem\",\"position\":1,\"name\":\"Home\",\"item\":\"https:\/\/nirigs.com\/\"},{\"@type\":\"ListItem\",\"position\":2,\"name\":\"Parcourir\",\"item\":\"https:\/\/nirigs.com\/boutique\/\"},{\"@type\":\"ListItem\",\"position\":3,\"name\":\"Dettol &#8211; D\u00e9sinfectant antiseptique et antibact\u00e9rien &#8211; 500 ml\"}]},{\"@type\":\"WebSite\",\"@id\":\"https:\/\/nirigs.com\/#website\",\"url\":\"https:\/\/nirigs.com\/\",\"name\":\"Nirigs.com\",\"description\":\"Simplifiez vos achats du quotidien \u00e0 Djibouti\",\"publisher\":{\"@id\":\"https:\/\/nirigs.com\/#organization\"},\"potentialAction\":[{\"@type\":\"SearchAction\",\"target\":{\"@type\":\"EntryPoint\",\"urlTemplate\":\"https:\/\/nirigs.com\/?s={search_term_string}\"},\"query-input\":{\"@type\":\"PropertyValueSpecification\",\"valueRequired\":true,\"valueName\":\"search_term_string\"}}],\"inLanguage\":\"ar\"},{\"@type\":\"Organization\",\"@id\":\"https:\/\/nirigs.com\/#organization\",\"name\":\"Nirigs\",\"url\":\"https:\/\/nirigs.com\/\",\"logo\":{\"@type\":\"ImageObject\",\"inLanguage\":\"ar\",\"@id\":\"https:\/\/nirigs.com\/#\/schema\/logo\/image\/\",\"url\":\"https:\/\/nirigs.com\/wp-content\/uploads\/2025\/04\/Design-sans-titre-27.png\",\"contentUrl\":\"https:\/\/nirigs.com\/wp-content\/uploads\/2025\/04\/Design-sans-titre-27.png\",\"width\":500,\"height\":500,\"caption\":\"Nirigs\"},\"image\":{\"@id\":\"https:\/\/nirigs.com\/#\/schema\/logo\/image\/\"}}]}<\/script>\n<!-- \/ Yoast SEO plugin. -->","yoast_head_json":{"title":"Dettol - D\u00e9sinfectant antiseptique et antibact\u00e9rien - 500 ml - NIRIGS","robots":{"index":"index","follow":"follow","max-snippet":"max-snippet:-1","max-image-preview":"max-image-preview:large","max-video-preview":"max-video-preview:-1"},"canonical":"https:\/\/nirigs.com\/ar\/product\/dettol-desinfectant-antiseptique-et-antibacterien-500-ml\/","og_locale":"ar_AR","og_type":"article","og_title":"Dettol - D\u00e9sinfectant antiseptique et antibact\u00e9rien - 500 ml - NIRIGS","og_description":"Le d\u00e9sinfectant antiseptique et antibact\u00e9rien Dettol est un produit polyvalent con\u00e7u pour \u00e9liminer efficacement les germes et les bact\u00e9ries. Id\u00e9al","og_url":"https:\/\/nirigs.com\/ar\/product\/dettol-desinfectant-antiseptique-et-antibacterien-500-ml\/","og_site_name":"NIRIGS","article_modified_time":"2025-02-02T12:00:56+00:00","og_image":[{"width":1000,"height":1000,"url":"https:\/\/nirigs.com\/wp-content\/uploads\/2024\/10\/Dettol-Desinfectant-antiseptique-et-antibacterien-500-ml.jpg","type":"image\/jpeg"}],"twitter_card":"summary_large_image","twitter_misc":{"\u0648\u0642\u062a \u0627\u0644\u0642\u0631\u0627\u0621\u0629 \u0627\u0644\u0645\u064f\u0642\u062f\u0651\u0631":"\u062f\u0642\u064a\u0642\u0629 \u0648\u0627\u062d\u062f\u0629"},"schema":{"@context":"https:\/\/schema.org","@graph":[{"@type":"WebPage","@id":"https:\/\/nirigs.com\/ar\/product\/dettol-desinfectant-antiseptique-et-antibacterien-500-ml\/","url":"https:\/\/nirigs.com\/ar\/product\/dettol-desinfectant-antiseptique-et-antibacterien-500-ml\/","name":"Dettol - D\u00e9sinfectant antiseptique et antibact\u00e9rien - 500 ml - NIRIGS","isPartOf":{"@id":"https:\/\/nirigs.com\/#website"},"primaryImageOfPage":{"@id":"https:\/\/nirigs.com\/ar\/product\/dettol-desinfectant-antiseptique-et-antibacterien-500-ml\/#primaryimage"},"image":{"@id":"https:\/\/nirigs.com\/ar\/product\/dettol-desinfectant-antiseptique-et-antibacterien-500-ml\/#primaryimage"},"thumbnailUrl":"https:\/\/nirigs.com\/wp-content\/uploads\/2024\/10\/Dettol-Desinfectant-antiseptique-et-antibacterien-500-ml.jpg","datePublished":"2024-10-06T15:02:19+00:00","dateModified":"2025-02-02T12:00:56+00:00","breadcrumb":{"@id":"https:\/\/nirigs.com\/ar\/product\/dettol-desinfectant-antiseptique-et-antibacterien-500-ml\/#breadcrumb"},"inLanguage":"ar","potentialAction":[{"@type":"ReadAction","target":["https:\/\/nirigs.com\/ar\/product\/dettol-desinfectant-antiseptique-et-antibacterien-500-ml\/"]}]},{"@type":"ImageObject","inLanguage":"ar","@id":"https:\/\/nirigs.com\/ar\/product\/dettol-desinfectant-antiseptique-et-antibacterien-500-ml\/#primaryimage","url":"https:\/\/nirigs.com\/wp-content\/uploads\/2024\/10\/Dettol-Desinfectant-antiseptique-et-antibacterien-500-ml.jpg","contentUrl":"https:\/\/nirigs.com\/wp-content\/uploads\/2024\/10\/Dettol-Desinfectant-antiseptique-et-antibacterien-500-ml.jpg","width":1000,"height":1000},{"@type":"BreadcrumbList","@id":"https:\/\/nirigs.com\/ar\/product\/dettol-desinfectant-antiseptique-et-antibacterien-500-ml\/#breadcrumb","itemListElement":[{"@type":"ListItem","position":1,"name":"Home","item":"https:\/\/nirigs.com\/"},{"@type":"ListItem","position":2,"name":"Parcourir","item":"https:\/\/nirigs.com\/boutique\/"},{"@type":"ListItem","position":3,"name":"Dettol &#8211; D\u00e9sinfectant antiseptique et antibact\u00e9rien &#8211; 500 ml"}]},{"@type":"WebSite","@id":"https:\/\/nirigs.com\/#website","url":"https:\/\/nirigs.com\/","name":"Nirigs.com","description":"Simplifiez vos achats du quotidien \u00e0 Djibouti","publisher":{"@id":"https:\/\/nirigs.com\/#organization"},"potentialAction":[{"@type":"SearchAction","target":{"@type":"EntryPoint","urlTemplate":"https:\/\/nirigs.com\/?s={search_term_string}"},"query-input":{"@type":"PropertyValueSpecification","valueRequired":true,"valueName":"search_term_string"}}],"inLanguage":"ar"},{"@type":"Organization","@id":"https:\/\/nirigs.com\/#organization","name":"\u0646\u064a\u0631\u064a\u062c\u0633","url":"https:\/\/nirigs.com\/","logo":{"@type":"ImageObject","inLanguage":"ar","@id":"https:\/\/nirigs.com\/#\/schema\/logo\/image\/","url":"https:\/\/nirigs.com\/wp-content\/uploads\/2025\/04\/Design-sans-titre-27.png","contentUrl":"https:\/\/nirigs.com\/wp-content\/uploads\/2025\/04\/Design-sans-titre-27.png","width":500,"height":500,"caption":"Nirigs"},"image":{"@id":"https:\/\/nirigs.com\/#\/schema\/logo\/image\/"}}]}},"brands":[{"id":1192,"name":"Dettol","slug":"dettol"}],"_links":{"self":[{"href":"https:\/\/nirigs.com\/ar\/wp-json\/wp\/v2\/product\/23333","targetHints":{"allow":["GET"]}}],"collection":[{"href":"https:\/\/nirigs.com\/ar\/wp-json\/wp\/v2\/product"}],"about":[{"href":"https:\/\/nirigs.com\/ar\/wp-json\/wp\/v2\/types\/product"}],"replies":[{"embeddable":true,"href":"https:\/\/nirigs.com\/ar\/wp-json\/wp\/v2\/comments?post=23333"}],"version-history":[{"count":6,"href":"https:\/\/nirigs.com\/ar\/wp-json\/wp\/v2\/product\/23333\/revisions"}],"predecessor-version":[{"id":25345,"href":"https:\/\/nirigs.com\/ar\/wp-json\/wp\/v2\/product\/23333\/revisions\/25345"}],"wp:featuredmedia":[{"embeddable":true,"href":"https:\/\/nirigs.com\/ar\/wp-json\/wp\/v2\/media\/25332"}],"wp:attachment":[{"href":"https:\/\/nirigs.com\/ar\/wp-json\/wp\/v2\/media?parent=23333"}],"wp:term":[{"taxonomy":"pwb-brand","embeddable":true,"href":"https:\/\/nirigs.com\/ar\/wp-json\/wp\/v2\/pwb-brand?post=23333"},{"taxonomy":"product_brand","embeddable":true,"href":"https:\/\/nirigs.com\/ar\/wp-json\/wp\/v2\/product_brand?post=23333"},{"taxonomy":"product_cat","embeddable":true,"href":"https:\/\/nirigs.com\/ar\/wp-json\/wp\/v2\/product_cat?post=23333"},{"taxonomy":"product_tag","embeddable":true,"href":"https:\/\/nirigs.com\/ar\/wp-json\/wp\/v2\/product_tag?post=23333"}],"curies":[{"name":"wp","href":"https:\/\/api.w.org\/{rel}","templated":true}]}}