{"id":23331,"date":"2024-10-06T18:02:19","date_gmt":"2024-10-06T15:02:19","guid":{"rendered":"https:\/\/nirigs.com\/produit\/leader-price-gel-wc-desinfectant-detartrant-750-ml\/"},"modified":"2025-02-02T15:00:43","modified_gmt":"2025-02-02T12:00:43","slug":"leader-price-gel-wc-desinfectant-detartrant-750-ml","status":"publish","type":"product","link":"https:\/\/nirigs.com\/ar\/product\/leader-price-gel-wc-desinfectant-detartrant-750-ml\/","title":{"rendered":"Leader Price &#8211; Gel wc d\u00e9sinfectant d\u00e9tartrant &#8211; 750 ml"},"content":{"rendered":"<p>Le gel WC d\u00e9sinfectant d\u00e9tartrant de Leader Price est sp\u00e9cialement formul\u00e9 pour nettoyer, d\u00e9sinfecter et d\u00e9tartrer vos toilettes en un seul geste. Gr\u00e2ce \u00e0 son action d\u00e9tartrante puissante, il \u00e9limine efficacement le tartre et les d\u00e9p\u00f4ts min\u00e9raux, tout en laissant une fra\u00eecheur durable. Ce produit est con\u00e7u pour offrir une propret\u00e9 impeccable et une hygi\u00e8ne parfaite.<\/p>\n<h4>\u0645\u0643\u0648\u0646\u0627\u062a :<\/h4>\n<p>Aqua, acide sulfurique, tensioactifs non ioniques, agents de conservation, parfum.<\/p>\n<h4>\u062a\u0639\u0644\u064a\u0645\u0627\u062a :<\/h4>\n<ol>\n<li>Appliquez directement le gel sur les parois de la cuvette des toilettes.<\/li>\n<li>Laissez agir pendant au moins 10 minutes pour une action efficace.<\/li>\n<li>Frottez avec une brosse si n\u00e9cessaire, puis tirez la chasse d&rsquo;eau.<\/li>\n<li>Pour un effet d\u00e9tartrant optimal, laissez agir plus longtemps avant de rincer.<\/li>\n<\/ol>\n<h4>\u0627\u062d\u062a\u064a\u0627\u0637\u0627\u062a \u0627\u0644\u0627\u0633\u062a\u062e\u062f\u0627\u0645:<\/h4>\n<ul>\n<li>Conserver hors de port\u00e9e des enfants.<\/li>\n<li>\u00c9viter tout contact avec les yeux. En cas de contact, rincer imm\u00e9diatement \u00e0 grande eau.<\/li>\n<li>Ne pas m\u00e9langer avec d&rsquo;autres produits chimiques.<\/li>\n<\/ul>","protected":false},"excerpt":{"rendered":"<p>Le gel WC d\u00e9sinfectant d\u00e9tartrant de Leader Price est sp\u00e9cialement formul\u00e9 pour nettoyer, d\u00e9sinfecter et d\u00e9tartrer vos toilettes en un<\/p>","protected":false},"featured_media":25336,"comment_status":"open","ping_status":"closed","template":"","meta":[],"pwb-brand":[1166],"product_brand":[],"product_cat":[948,275,959,961],"product_tag":[],"class_list":{"0":"post-23331","1":"product","2":"type-product","3":"status-publish","4":"has-post-thumbnail","6":"pwb-brand-leader-price","7":"product_cat-entretien-de-la-maison-et-nettoyage","8":"product_cat-epicerie","9":"product_cat-nettoyants-menagers","10":"product_cat-nettoyants-wc","12":"first","13":"instock","14":"shipping-taxable","15":"purchasable","16":"product-type-simple"},"yoast_head":"<!-- This site is optimized with the Yoast SEO plugin v27.1.1 - https:\/\/yoast.com\/product\/yoast-seo-wordpress\/ -->\n<title>Leader Price - Gel wc d\u00e9sinfectant d\u00e9tartrant - 750 ml - NIRIGS<\/title>\n<meta name=\"robots\" content=\"index, follow, max-snippet:-1, max-image-preview:large, max-video-preview:-1\" \/>\n<link rel=\"canonical\" href=\"https:\/\/nirigs.com\/ar\/product\/leader-price-gel-wc-desinfectant-detartrant-750-ml\/\" \/>\n<meta property=\"og:locale\" content=\"ar_AR\" \/>\n<meta property=\"og:type\" content=\"article\" \/>\n<meta property=\"og:title\" content=\"Leader Price - Gel wc d\u00e9sinfectant d\u00e9tartrant - 750 ml - NIRIGS\" \/>\n<meta property=\"og:description\" content=\"Le gel WC d\u00e9sinfectant d\u00e9tartrant de Leader Price est sp\u00e9cialement formul\u00e9 pour nettoyer, d\u00e9sinfecter et d\u00e9tartrer vos toilettes en un\" \/>\n<meta property=\"og:url\" content=\"https:\/\/nirigs.com\/ar\/product\/leader-price-gel-wc-desinfectant-detartrant-750-ml\/\" \/>\n<meta property=\"og:site_name\" content=\"NIRIGS\" \/>\n<meta property=\"article:modified_time\" content=\"2025-02-02T12:00:43+00:00\" \/>\n<meta property=\"og:image\" content=\"https:\/\/nirigs.com\/wp-content\/uploads\/2024\/10\/Leader-Price-Gel-wc-desinfectant-detartrant-750-ml.jpg\" \/>\n\t<meta property=\"og:image:width\" content=\"1000\" \/>\n\t<meta property=\"og:image:height\" content=\"1000\" \/>\n\t<meta property=\"og:image:type\" content=\"image\/jpeg\" \/>\n<meta name=\"twitter:card\" content=\"summary_large_image\" \/>\n<meta name=\"twitter:label1\" content=\"\u0648\u0642\u062a \u0627\u0644\u0642\u0631\u0627\u0621\u0629 \u0627\u0644\u0645\u064f\u0642\u062f\u0651\u0631\" \/>\n\t<meta name=\"twitter:data1\" content=\"\u062f\u0642\u064a\u0642\u0629 \u0648\u0627\u062d\u062f\u0629\" \/>\n<script type=\"application\/ld+json\" class=\"yoast-schema-graph\">{\"@context\":\"https:\/\/schema.org\",\"@graph\":[{\"@type\":\"WebPage\",\"@id\":\"https:\/\/nirigs.com\/product\/leader-price-gel-wc-desinfectant-detartrant-750-ml\/\",\"url\":\"https:\/\/nirigs.com\/product\/leader-price-gel-wc-desinfectant-detartrant-750-ml\/\",\"name\":\"Leader Price - Gel wc d\u00e9sinfectant d\u00e9tartrant - 750 ml - NIRIGS\",\"isPartOf\":{\"@id\":\"https:\/\/nirigs.com\/#website\"},\"primaryImageOfPage\":{\"@id\":\"https:\/\/nirigs.com\/product\/leader-price-gel-wc-desinfectant-detartrant-750-ml\/#primaryimage\"},\"image\":{\"@id\":\"https:\/\/nirigs.com\/product\/leader-price-gel-wc-desinfectant-detartrant-750-ml\/#primaryimage\"},\"thumbnailUrl\":\"https:\/\/nirigs.com\/wp-content\/uploads\/2024\/10\/Leader-Price-Gel-wc-desinfectant-detartrant-750-ml.jpg\",\"datePublished\":\"2024-10-06T15:02:19+00:00\",\"dateModified\":\"2025-02-02T12:00:43+00:00\",\"breadcrumb\":{\"@id\":\"https:\/\/nirigs.com\/product\/leader-price-gel-wc-desinfectant-detartrant-750-ml\/#breadcrumb\"},\"inLanguage\":\"ar\",\"potentialAction\":[{\"@type\":\"ReadAction\",\"target\":[\"https:\/\/nirigs.com\/product\/leader-price-gel-wc-desinfectant-detartrant-750-ml\/\"]}]},{\"@type\":\"ImageObject\",\"inLanguage\":\"ar\",\"@id\":\"https:\/\/nirigs.com\/product\/leader-price-gel-wc-desinfectant-detartrant-750-ml\/#primaryimage\",\"url\":\"https:\/\/nirigs.com\/wp-content\/uploads\/2024\/10\/Leader-Price-Gel-wc-desinfectant-detartrant-750-ml.jpg\",\"contentUrl\":\"https:\/\/nirigs.com\/wp-content\/uploads\/2024\/10\/Leader-Price-Gel-wc-desinfectant-detartrant-750-ml.jpg\",\"width\":1000,\"height\":1000},{\"@type\":\"BreadcrumbList\",\"@id\":\"https:\/\/nirigs.com\/product\/leader-price-gel-wc-desinfectant-detartrant-750-ml\/#breadcrumb\",\"itemListElement\":[{\"@type\":\"ListItem\",\"position\":1,\"name\":\"Home\",\"item\":\"https:\/\/nirigs.com\/\"},{\"@type\":\"ListItem\",\"position\":2,\"name\":\"Parcourir\",\"item\":\"https:\/\/nirigs.com\/boutique\/\"},{\"@type\":\"ListItem\",\"position\":3,\"name\":\"Leader Price &#8211; Gel wc d\u00e9sinfectant d\u00e9tartrant &#8211; 750 ml\"}]},{\"@type\":\"WebSite\",\"@id\":\"https:\/\/nirigs.com\/#website\",\"url\":\"https:\/\/nirigs.com\/\",\"name\":\"Nirigs.com\",\"description\":\"Simplifiez vos achats du quotidien \u00e0 Djibouti\",\"publisher\":{\"@id\":\"https:\/\/nirigs.com\/#organization\"},\"potentialAction\":[{\"@type\":\"SearchAction\",\"target\":{\"@type\":\"EntryPoint\",\"urlTemplate\":\"https:\/\/nirigs.com\/?s={search_term_string}\"},\"query-input\":{\"@type\":\"PropertyValueSpecification\",\"valueRequired\":true,\"valueName\":\"search_term_string\"}}],\"inLanguage\":\"ar\"},{\"@type\":\"Organization\",\"@id\":\"https:\/\/nirigs.com\/#organization\",\"name\":\"Nirigs\",\"url\":\"https:\/\/nirigs.com\/\",\"logo\":{\"@type\":\"ImageObject\",\"inLanguage\":\"ar\",\"@id\":\"https:\/\/nirigs.com\/#\/schema\/logo\/image\/\",\"url\":\"https:\/\/nirigs.com\/wp-content\/uploads\/2025\/04\/Design-sans-titre-27.png\",\"contentUrl\":\"https:\/\/nirigs.com\/wp-content\/uploads\/2025\/04\/Design-sans-titre-27.png\",\"width\":500,\"height\":500,\"caption\":\"Nirigs\"},\"image\":{\"@id\":\"https:\/\/nirigs.com\/#\/schema\/logo\/image\/\"}}]}<\/script>\n<!-- \/ Yoast SEO plugin. -->","yoast_head_json":{"title":"Leader Price - Gel wc d\u00e9sinfectant d\u00e9tartrant - 750 ml - NIRIGS","robots":{"index":"index","follow":"follow","max-snippet":"max-snippet:-1","max-image-preview":"max-image-preview:large","max-video-preview":"max-video-preview:-1"},"canonical":"https:\/\/nirigs.com\/ar\/product\/leader-price-gel-wc-desinfectant-detartrant-750-ml\/","og_locale":"ar_AR","og_type":"article","og_title":"Leader Price - Gel wc d\u00e9sinfectant d\u00e9tartrant - 750 ml - NIRIGS","og_description":"Le gel WC d\u00e9sinfectant d\u00e9tartrant de Leader Price est sp\u00e9cialement formul\u00e9 pour nettoyer, d\u00e9sinfecter et d\u00e9tartrer vos toilettes en un","og_url":"https:\/\/nirigs.com\/ar\/product\/leader-price-gel-wc-desinfectant-detartrant-750-ml\/","og_site_name":"NIRIGS","article_modified_time":"2025-02-02T12:00:43+00:00","og_image":[{"width":1000,"height":1000,"url":"https:\/\/nirigs.com\/wp-content\/uploads\/2024\/10\/Leader-Price-Gel-wc-desinfectant-detartrant-750-ml.jpg","type":"image\/jpeg"}],"twitter_card":"summary_large_image","twitter_misc":{"\u0648\u0642\u062a \u0627\u0644\u0642\u0631\u0627\u0621\u0629 \u0627\u0644\u0645\u064f\u0642\u062f\u0651\u0631":"\u062f\u0642\u064a\u0642\u0629 \u0648\u0627\u062d\u062f\u0629"},"schema":{"@context":"https:\/\/schema.org","@graph":[{"@type":"WebPage","@id":"https:\/\/nirigs.com\/product\/leader-price-gel-wc-desinfectant-detartrant-750-ml\/","url":"https:\/\/nirigs.com\/product\/leader-price-gel-wc-desinfectant-detartrant-750-ml\/","name":"Leader Price - Gel wc d\u00e9sinfectant d\u00e9tartrant - 750 ml - NIRIGS","isPartOf":{"@id":"https:\/\/nirigs.com\/#website"},"primaryImageOfPage":{"@id":"https:\/\/nirigs.com\/product\/leader-price-gel-wc-desinfectant-detartrant-750-ml\/#primaryimage"},"image":{"@id":"https:\/\/nirigs.com\/product\/leader-price-gel-wc-desinfectant-detartrant-750-ml\/#primaryimage"},"thumbnailUrl":"https:\/\/nirigs.com\/wp-content\/uploads\/2024\/10\/Leader-Price-Gel-wc-desinfectant-detartrant-750-ml.jpg","datePublished":"2024-10-06T15:02:19+00:00","dateModified":"2025-02-02T12:00:43+00:00","breadcrumb":{"@id":"https:\/\/nirigs.com\/product\/leader-price-gel-wc-desinfectant-detartrant-750-ml\/#breadcrumb"},"inLanguage":"ar","potentialAction":[{"@type":"ReadAction","target":["https:\/\/nirigs.com\/product\/leader-price-gel-wc-desinfectant-detartrant-750-ml\/"]}]},{"@type":"ImageObject","inLanguage":"ar","@id":"https:\/\/nirigs.com\/product\/leader-price-gel-wc-desinfectant-detartrant-750-ml\/#primaryimage","url":"https:\/\/nirigs.com\/wp-content\/uploads\/2024\/10\/Leader-Price-Gel-wc-desinfectant-detartrant-750-ml.jpg","contentUrl":"https:\/\/nirigs.com\/wp-content\/uploads\/2024\/10\/Leader-Price-Gel-wc-desinfectant-detartrant-750-ml.jpg","width":1000,"height":1000},{"@type":"BreadcrumbList","@id":"https:\/\/nirigs.com\/product\/leader-price-gel-wc-desinfectant-detartrant-750-ml\/#breadcrumb","itemListElement":[{"@type":"ListItem","position":1,"name":"Home","item":"https:\/\/nirigs.com\/"},{"@type":"ListItem","position":2,"name":"Parcourir","item":"https:\/\/nirigs.com\/boutique\/"},{"@type":"ListItem","position":3,"name":"Leader Price &#8211; Gel wc d\u00e9sinfectant d\u00e9tartrant &#8211; 750 ml"}]},{"@type":"WebSite","@id":"https:\/\/nirigs.com\/#website","url":"https:\/\/nirigs.com\/","name":"Nirigs.com","description":"Simplifiez vos achats du quotidien \u00e0 Djibouti","publisher":{"@id":"https:\/\/nirigs.com\/#organization"},"potentialAction":[{"@type":"SearchAction","target":{"@type":"EntryPoint","urlTemplate":"https:\/\/nirigs.com\/?s={search_term_string}"},"query-input":{"@type":"PropertyValueSpecification","valueRequired":true,"valueName":"search_term_string"}}],"inLanguage":"ar"},{"@type":"Organization","@id":"https:\/\/nirigs.com\/#organization","name":"\u0646\u064a\u0631\u064a\u062c\u0633","url":"https:\/\/nirigs.com\/","logo":{"@type":"ImageObject","inLanguage":"ar","@id":"https:\/\/nirigs.com\/#\/schema\/logo\/image\/","url":"https:\/\/nirigs.com\/wp-content\/uploads\/2025\/04\/Design-sans-titre-27.png","contentUrl":"https:\/\/nirigs.com\/wp-content\/uploads\/2025\/04\/Design-sans-titre-27.png","width":500,"height":500,"caption":"Nirigs"},"image":{"@id":"https:\/\/nirigs.com\/#\/schema\/logo\/image\/"}}]}},"brands":[{"id":1166,"name":"\u0633\u0639\u0631 \u0627\u0644\u0632\u0639\u064a\u0645","slug":"leader-price"}],"_links":{"self":[{"href":"https:\/\/nirigs.com\/ar\/wp-json\/wp\/v2\/product\/23331","targetHints":{"allow":["GET"]}}],"collection":[{"href":"https:\/\/nirigs.com\/ar\/wp-json\/wp\/v2\/product"}],"about":[{"href":"https:\/\/nirigs.com\/ar\/wp-json\/wp\/v2\/types\/product"}],"replies":[{"embeddable":true,"href":"https:\/\/nirigs.com\/ar\/wp-json\/wp\/v2\/comments?post=23331"}],"version-history":[{"count":4,"href":"https:\/\/nirigs.com\/ar\/wp-json\/wp\/v2\/product\/23331\/revisions"}],"predecessor-version":[{"id":25356,"href":"https:\/\/nirigs.com\/ar\/wp-json\/wp\/v2\/product\/23331\/revisions\/25356"}],"wp:featuredmedia":[{"embeddable":true,"href":"https:\/\/nirigs.com\/ar\/wp-json\/wp\/v2\/media\/25336"}],"wp:attachment":[{"href":"https:\/\/nirigs.com\/ar\/wp-json\/wp\/v2\/media?parent=23331"}],"wp:term":[{"taxonomy":"pwb-brand","embeddable":true,"href":"https:\/\/nirigs.com\/ar\/wp-json\/wp\/v2\/pwb-brand?post=23331"},{"taxonomy":"product_brand","embeddable":true,"href":"https:\/\/nirigs.com\/ar\/wp-json\/wp\/v2\/product_brand?post=23331"},{"taxonomy":"product_cat","embeddable":true,"href":"https:\/\/nirigs.com\/ar\/wp-json\/wp\/v2\/product_cat?post=23331"},{"taxonomy":"product_tag","embeddable":true,"href":"https:\/\/nirigs.com\/ar\/wp-json\/wp\/v2\/product_tag?post=23331"}],"curies":[{"name":"wp","href":"https:\/\/api.w.org\/{rel}","templated":true}]}}