{"id":23329,"date":"2024-10-06T18:02:18","date_gmt":"2024-10-06T15:02:18","guid":{"rendered":"https:\/\/nirigs.com\/produit\/cedar-depoussierant-a-la-cire-dabeille\/"},"modified":"2025-06-06T17:12:23","modified_gmt":"2025-06-06T14:12:23","slug":"cedar-depoussierant-a-la-cire-dabeille","status":"publish","type":"product","link":"https:\/\/nirigs.com\/ar\/product\/cedar-depoussierant-a-la-cire-dabeille\/","title":{"rendered":"O&rsquo;Cedar &#8211; D\u00e9poussi\u00e9rant \u00e0 la cire d&rsquo;abeille &#8211; 300 ml"},"content":{"rendered":"<p>O&rsquo;Cedar Cire, \u00e0 base de cire d&rsquo;abeille naturelle, nourrit le bois en profondeur, le prot\u00e8ge durablement contre les taches et pr\u00e9serve l&rsquo;\u00e9clat et la brillance naturels de vos meubles cir\u00e9s. Particuli\u00e8rement recommand\u00e9 pour : bois cir\u00e9, brut et huil\u00e9. A\u00e9rosol extr\u00eamement inflammable. R\u00e9cipient sous pression : peut \u00e9clater sous l effet de la chaleur. Tenir hors de port\u00e9e des enfants. En cas de consultation d un m\u00e9decin, garder \u00e0 disposition le r\u00e9cipient ou l \u00e9tiquette. Tenir \u00e0 l \u00e9cart de la chaleur, des surfaces chaudes, des \u00e9tincelles, des flammes nues et de toute autre source d inflammation. Ne pas fumer. Ne pas perforer, ni br\u00fbler, m\u00eame apr\u00e8s usage. Ne pas vaporiser sur une flamme nue ou sur toute autre source d&rsquo;ignition. Ne pas respirer les a\u00e9rosols. Pulv\u00e9riser par br\u00e8ves pressions. Utiliser seulement en plein air ou dans un endroit bien ventil\u00e9. En cas de contact avec les yeux : rincer avec pr\u00e9caution \u00e0 l eau pendant plusieurs minutes. Enlever les lentilles de contact si la victime en porte et si elles peuvent \u00eatre facilement enlev\u00e9es. Continuer \u00e0 rincer. Si l&rsquo;irritation oculaire persiste : consulter un m\u00e9decin. En cas de contact avec la peau : laver abondamment \u00e0 l eau et au savon.<\/p>\n<h4>\u0645\u0643\u0648\u0646\u0627\u062a<\/h4>\n<p>Contient : 15% ou plus mais moins de 30% d\u2019hydrocarbures aliphatiques, moins de 5% d\u2019agents de surface non ioniques. Conservateurs: METHYLCHLOROISOTHIAZOLINONE et METHYLISOTHIAZOLINONE. Parfums (geraniol, linalool, limonene). Agents cirants: 4,5% du total dont cire d\u2019abeille: 6,3%.<\/p>\n<div class=\"a-row a-expander-container a-expander-extend-container\" data-a-expander-name=\"toggle_description\">\n<div class=\"a-expander-content a-expander-extend-content a-expander-content-expanded\" data-expanded=\"true\">\n<h4>\u062a\u0639\u0644\u064a\u0645\u0627\u062a<\/h4>\n<p>Prot\u00e9ger du rayonnement solaire. Ne pas exposer \u00e0 une temp\u00e9rature sup\u00e9rieure \u00e0 50\u00b0C. Stocker dans un endroit bien ventil\u00e9. &#8211; Sur bois laqu\u00e9s, faire un essai sur une partie non visible. Ne pas utiliser sur : vernis. Autres supports que le bois ou assimil\u00e9. Ne pas utiliser sur : cuir, textiles. Ne pas utiliser pour un autre usage que celui pour lequel le produit est recommand\u00e9.<\/p>\n<\/div>\n<\/div>","protected":false},"excerpt":{"rendered":"<p>O&rsquo;Cedar Cire, \u00e0 base de cire d&rsquo;abeille naturelle, nourrit le bois en profondeur, le prot\u00e8ge durablement contre les taches et<\/p>","protected":false},"featured_media":25365,"comment_status":"open","ping_status":"closed","template":"","meta":[],"pwb-brand":[1193],"product_brand":[],"product_cat":[948,275,959,1191],"product_tag":[],"class_list":{"0":"post-23329","1":"product","2":"type-product","3":"status-publish","4":"has-post-thumbnail","6":"pwb-brand-cedar","7":"product_cat-entretien-de-la-maison-et-nettoyage","8":"product_cat-epicerie","9":"product_cat-nettoyants-menagers","10":"product_cat-nettoyants-meuble","12":"first","13":"instock","14":"shipping-taxable","15":"purchasable","16":"product-type-simple"},"yoast_head":"<!-- This site is optimized with the Yoast SEO plugin v27.1.1 - https:\/\/yoast.com\/product\/yoast-seo-wordpress\/ -->\n<title>O&#039;Cedar - D\u00e9poussi\u00e9rant \u00e0 la cire d&#039;abeille - 300 ml - NIRIGS<\/title>\n<meta name=\"robots\" content=\"index, follow, max-snippet:-1, max-image-preview:large, max-video-preview:-1\" \/>\n<link rel=\"canonical\" href=\"https:\/\/nirigs.com\/ar\/product\/cedar-depoussierant-a-la-cire-dabeille\/\" \/>\n<meta property=\"og:locale\" content=\"ar_AR\" \/>\n<meta property=\"og:type\" content=\"article\" \/>\n<meta property=\"og:title\" content=\"O&#039;Cedar - D\u00e9poussi\u00e9rant \u00e0 la cire d&#039;abeille - 300 ml - NIRIGS\" \/>\n<meta property=\"og:description\" content=\"O&rsquo;Cedar Cire, \u00e0 base de cire d&rsquo;abeille naturelle, nourrit le bois en profondeur, le prot\u00e8ge durablement contre les taches et\" \/>\n<meta property=\"og:url\" content=\"https:\/\/nirigs.com\/ar\/product\/cedar-depoussierant-a-la-cire-dabeille\/\" \/>\n<meta property=\"og:site_name\" content=\"NIRIGS\" \/>\n<meta property=\"article:modified_time\" content=\"2025-06-06T14:12:23+00:00\" \/>\n<meta property=\"og:image\" content=\"https:\/\/nirigs.com\/wp-content\/uploads\/2024\/10\/OCedar-Depoussierant-a-la-cire-dabeille-300-ml.jpg\" \/>\n\t<meta property=\"og:image:width\" content=\"1000\" \/>\n\t<meta property=\"og:image:height\" content=\"1000\" \/>\n\t<meta property=\"og:image:type\" content=\"image\/jpeg\" \/>\n<meta name=\"twitter:card\" content=\"summary_large_image\" \/>\n<meta name=\"twitter:label1\" content=\"\u0648\u0642\u062a \u0627\u0644\u0642\u0631\u0627\u0621\u0629 \u0627\u0644\u0645\u064f\u0642\u062f\u0651\u0631\" \/>\n\t<meta name=\"twitter:data1\" content=\"\u062f\u0642\u064a\u0642\u062a\u0627\u0646\" \/>\n<script type=\"application\/ld+json\" class=\"yoast-schema-graph\">{\"@context\":\"https:\/\/schema.org\",\"@graph\":[{\"@type\":\"WebPage\",\"@id\":\"https:\/\/nirigs.com\/ar\/product\/cedar-depoussierant-a-la-cire-dabeille\/\",\"url\":\"https:\/\/nirigs.com\/ar\/product\/cedar-depoussierant-a-la-cire-dabeille\/\",\"name\":\"O'Cedar - D\u00e9poussi\u00e9rant \u00e0 la cire d'abeille - 300 ml - NIRIGS\",\"isPartOf\":{\"@id\":\"https:\/\/nirigs.com\/#website\"},\"primaryImageOfPage\":{\"@id\":\"https:\/\/nirigs.com\/ar\/product\/cedar-depoussierant-a-la-cire-dabeille\/#primaryimage\"},\"image\":{\"@id\":\"https:\/\/nirigs.com\/ar\/product\/cedar-depoussierant-a-la-cire-dabeille\/#primaryimage\"},\"thumbnailUrl\":\"https:\/\/nirigs.com\/wp-content\/uploads\/2024\/10\/OCedar-Depoussierant-a-la-cire-dabeille-300-ml.jpg\",\"datePublished\":\"2024-10-06T15:02:18+00:00\",\"dateModified\":\"2025-06-06T14:12:23+00:00\",\"breadcrumb\":{\"@id\":\"https:\/\/nirigs.com\/ar\/product\/cedar-depoussierant-a-la-cire-dabeille\/#breadcrumb\"},\"inLanguage\":\"ar\",\"potentialAction\":[{\"@type\":\"ReadAction\",\"target\":[\"https:\/\/nirigs.com\/ar\/product\/cedar-depoussierant-a-la-cire-dabeille\/\"]}]},{\"@type\":\"ImageObject\",\"inLanguage\":\"ar\",\"@id\":\"https:\/\/nirigs.com\/ar\/product\/cedar-depoussierant-a-la-cire-dabeille\/#primaryimage\",\"url\":\"https:\/\/nirigs.com\/wp-content\/uploads\/2024\/10\/OCedar-Depoussierant-a-la-cire-dabeille-300-ml.jpg\",\"contentUrl\":\"https:\/\/nirigs.com\/wp-content\/uploads\/2024\/10\/OCedar-Depoussierant-a-la-cire-dabeille-300-ml.jpg\",\"width\":1000,\"height\":1000},{\"@type\":\"BreadcrumbList\",\"@id\":\"https:\/\/nirigs.com\/ar\/product\/cedar-depoussierant-a-la-cire-dabeille\/#breadcrumb\",\"itemListElement\":[{\"@type\":\"ListItem\",\"position\":1,\"name\":\"Home\",\"item\":\"https:\/\/nirigs.com\/\"},{\"@type\":\"ListItem\",\"position\":2,\"name\":\"Parcourir\",\"item\":\"https:\/\/nirigs.com\/boutique\/\"},{\"@type\":\"ListItem\",\"position\":3,\"name\":\"O&rsquo;Cedar &#8211; D\u00e9poussi\u00e9rant \u00e0 la cire d&rsquo;abeille &#8211; 300 ml\"}]},{\"@type\":\"WebSite\",\"@id\":\"https:\/\/nirigs.com\/#website\",\"url\":\"https:\/\/nirigs.com\/\",\"name\":\"Nirigs.com\",\"description\":\"Simplifiez vos achats du quotidien \u00e0 Djibouti\",\"publisher\":{\"@id\":\"https:\/\/nirigs.com\/#organization\"},\"potentialAction\":[{\"@type\":\"SearchAction\",\"target\":{\"@type\":\"EntryPoint\",\"urlTemplate\":\"https:\/\/nirigs.com\/?s={search_term_string}\"},\"query-input\":{\"@type\":\"PropertyValueSpecification\",\"valueRequired\":true,\"valueName\":\"search_term_string\"}}],\"inLanguage\":\"ar\"},{\"@type\":\"Organization\",\"@id\":\"https:\/\/nirigs.com\/#organization\",\"name\":\"Nirigs\",\"url\":\"https:\/\/nirigs.com\/\",\"logo\":{\"@type\":\"ImageObject\",\"inLanguage\":\"ar\",\"@id\":\"https:\/\/nirigs.com\/#\/schema\/logo\/image\/\",\"url\":\"https:\/\/nirigs.com\/wp-content\/uploads\/2025\/04\/Design-sans-titre-27.png\",\"contentUrl\":\"https:\/\/nirigs.com\/wp-content\/uploads\/2025\/04\/Design-sans-titre-27.png\",\"width\":500,\"height\":500,\"caption\":\"Nirigs\"},\"image\":{\"@id\":\"https:\/\/nirigs.com\/#\/schema\/logo\/image\/\"}}]}<\/script>\n<!-- \/ Yoast SEO plugin. -->","yoast_head_json":{"title":"O'Cedar - D\u00e9poussi\u00e9rant \u00e0 la cire d'abeille - 300 ml - NIRIGS","robots":{"index":"index","follow":"follow","max-snippet":"max-snippet:-1","max-image-preview":"max-image-preview:large","max-video-preview":"max-video-preview:-1"},"canonical":"https:\/\/nirigs.com\/ar\/product\/cedar-depoussierant-a-la-cire-dabeille\/","og_locale":"ar_AR","og_type":"article","og_title":"O'Cedar - D\u00e9poussi\u00e9rant \u00e0 la cire d'abeille - 300 ml - NIRIGS","og_description":"O&rsquo;Cedar Cire, \u00e0 base de cire d&rsquo;abeille naturelle, nourrit le bois en profondeur, le prot\u00e8ge durablement contre les taches et","og_url":"https:\/\/nirigs.com\/ar\/product\/cedar-depoussierant-a-la-cire-dabeille\/","og_site_name":"NIRIGS","article_modified_time":"2025-06-06T14:12:23+00:00","og_image":[{"width":1000,"height":1000,"url":"https:\/\/nirigs.com\/wp-content\/uploads\/2024\/10\/OCedar-Depoussierant-a-la-cire-dabeille-300-ml.jpg","type":"image\/jpeg"}],"twitter_card":"summary_large_image","twitter_misc":{"\u0648\u0642\u062a \u0627\u0644\u0642\u0631\u0627\u0621\u0629 \u0627\u0644\u0645\u064f\u0642\u062f\u0651\u0631":"\u062f\u0642\u064a\u0642\u062a\u0627\u0646"},"schema":{"@context":"https:\/\/schema.org","@graph":[{"@type":"WebPage","@id":"https:\/\/nirigs.com\/ar\/product\/cedar-depoussierant-a-la-cire-dabeille\/","url":"https:\/\/nirigs.com\/ar\/product\/cedar-depoussierant-a-la-cire-dabeille\/","name":"O'Cedar - D\u00e9poussi\u00e9rant \u00e0 la cire d'abeille - 300 ml - NIRIGS","isPartOf":{"@id":"https:\/\/nirigs.com\/#website"},"primaryImageOfPage":{"@id":"https:\/\/nirigs.com\/ar\/product\/cedar-depoussierant-a-la-cire-dabeille\/#primaryimage"},"image":{"@id":"https:\/\/nirigs.com\/ar\/product\/cedar-depoussierant-a-la-cire-dabeille\/#primaryimage"},"thumbnailUrl":"https:\/\/nirigs.com\/wp-content\/uploads\/2024\/10\/OCedar-Depoussierant-a-la-cire-dabeille-300-ml.jpg","datePublished":"2024-10-06T15:02:18+00:00","dateModified":"2025-06-06T14:12:23+00:00","breadcrumb":{"@id":"https:\/\/nirigs.com\/ar\/product\/cedar-depoussierant-a-la-cire-dabeille\/#breadcrumb"},"inLanguage":"ar","potentialAction":[{"@type":"ReadAction","target":["https:\/\/nirigs.com\/ar\/product\/cedar-depoussierant-a-la-cire-dabeille\/"]}]},{"@type":"ImageObject","inLanguage":"ar","@id":"https:\/\/nirigs.com\/ar\/product\/cedar-depoussierant-a-la-cire-dabeille\/#primaryimage","url":"https:\/\/nirigs.com\/wp-content\/uploads\/2024\/10\/OCedar-Depoussierant-a-la-cire-dabeille-300-ml.jpg","contentUrl":"https:\/\/nirigs.com\/wp-content\/uploads\/2024\/10\/OCedar-Depoussierant-a-la-cire-dabeille-300-ml.jpg","width":1000,"height":1000},{"@type":"BreadcrumbList","@id":"https:\/\/nirigs.com\/ar\/product\/cedar-depoussierant-a-la-cire-dabeille\/#breadcrumb","itemListElement":[{"@type":"ListItem","position":1,"name":"Home","item":"https:\/\/nirigs.com\/"},{"@type":"ListItem","position":2,"name":"Parcourir","item":"https:\/\/nirigs.com\/boutique\/"},{"@type":"ListItem","position":3,"name":"O&rsquo;Cedar &#8211; D\u00e9poussi\u00e9rant \u00e0 la cire d&rsquo;abeille &#8211; 300 ml"}]},{"@type":"WebSite","@id":"https:\/\/nirigs.com\/#website","url":"https:\/\/nirigs.com\/","name":"Nirigs.com","description":"Simplifiez vos achats du quotidien \u00e0 Djibouti","publisher":{"@id":"https:\/\/nirigs.com\/#organization"},"potentialAction":[{"@type":"SearchAction","target":{"@type":"EntryPoint","urlTemplate":"https:\/\/nirigs.com\/?s={search_term_string}"},"query-input":{"@type":"PropertyValueSpecification","valueRequired":true,"valueName":"search_term_string"}}],"inLanguage":"ar"},{"@type":"Organization","@id":"https:\/\/nirigs.com\/#organization","name":"\u0646\u064a\u0631\u064a\u062c\u0633","url":"https:\/\/nirigs.com\/","logo":{"@type":"ImageObject","inLanguage":"ar","@id":"https:\/\/nirigs.com\/#\/schema\/logo\/image\/","url":"https:\/\/nirigs.com\/wp-content\/uploads\/2025\/04\/Design-sans-titre-27.png","contentUrl":"https:\/\/nirigs.com\/wp-content\/uploads\/2025\/04\/Design-sans-titre-27.png","width":500,"height":500,"caption":"Nirigs"},"image":{"@id":"https:\/\/nirigs.com\/#\/schema\/logo\/image\/"}}]}},"brands":[{"id":1193,"name":"Cedar","slug":"cedar"}],"_links":{"self":[{"href":"https:\/\/nirigs.com\/ar\/wp-json\/wp\/v2\/product\/23329","targetHints":{"allow":["GET"]}}],"collection":[{"href":"https:\/\/nirigs.com\/ar\/wp-json\/wp\/v2\/product"}],"about":[{"href":"https:\/\/nirigs.com\/ar\/wp-json\/wp\/v2\/types\/product"}],"replies":[{"embeddable":true,"href":"https:\/\/nirigs.com\/ar\/wp-json\/wp\/v2\/comments?post=23329"}],"version-history":[{"count":3,"href":"https:\/\/nirigs.com\/ar\/wp-json\/wp\/v2\/product\/23329\/revisions"}],"predecessor-version":[{"id":23861,"href":"https:\/\/nirigs.com\/ar\/wp-json\/wp\/v2\/product\/23329\/revisions\/23861"}],"wp:featuredmedia":[{"embeddable":true,"href":"https:\/\/nirigs.com\/ar\/wp-json\/wp\/v2\/media\/25365"}],"wp:attachment":[{"href":"https:\/\/nirigs.com\/ar\/wp-json\/wp\/v2\/media?parent=23329"}],"wp:term":[{"taxonomy":"pwb-brand","embeddable":true,"href":"https:\/\/nirigs.com\/ar\/wp-json\/wp\/v2\/pwb-brand?post=23329"},{"taxonomy":"product_brand","embeddable":true,"href":"https:\/\/nirigs.com\/ar\/wp-json\/wp\/v2\/product_brand?post=23329"},{"taxonomy":"product_cat","embeddable":true,"href":"https:\/\/nirigs.com\/ar\/wp-json\/wp\/v2\/product_cat?post=23329"},{"taxonomy":"product_tag","embeddable":true,"href":"https:\/\/nirigs.com\/ar\/wp-json\/wp\/v2\/product_tag?post=23329"}],"curies":[{"name":"wp","href":"https:\/\/api.w.org\/{rel}","templated":true}]}}