{"id":23320,"date":"2024-10-06T18:02:15","date_gmt":"2024-10-06T15:02:15","guid":{"rendered":"https:\/\/nirigs.com\/produit\/leader-price-liquide-vaisselle-ultra-degraissant-parfum-orange-500-ml\/"},"modified":"2025-06-06T15:50:59","modified_gmt":"2025-06-06T12:50:59","slug":"leader-price-liquide-vaisselle-ultra-degraissant-parfum-orange-500-ml","status":"publish","type":"product","link":"https:\/\/nirigs.com\/ar\/product\/leader-price-liquide-vaisselle-ultra-degraissant-parfum-orange-500-ml\/","title":{"rendered":"Leader Price &#8211; Liquide vaisselle ultra d\u00e9graissant parfum orange &#8211; 500 ml"},"content":{"rendered":"<p>Le liquide vaisselle ultra d\u00e9graissant de Leader Price est sp\u00e9cialement formul\u00e9 pour \u00e9liminer efficacement les graisses et les r\u00e9sidus alimentaires, m\u00eame les plus tenaces, tout en respectant vos mains. Son parfum \u00e0 l\u2019orange laisse une agr\u00e9able odeur fra\u00eeche et fruit\u00e9e apr\u00e8s chaque lavage. Ce produit est id\u00e9al pour un usage quotidien dans votre cuisine.<\/p>\n<h4><strong>\u0645\u0643\u0648\u0646\u0627\u062a :<\/strong><\/h4>\n<p>Aqua, tensioactifs anioniques, agents de conservation, parfum d&rsquo;orange.<\/p>\n<h4><strong>\u0641\u0648\u0627\u0626\u062f :<\/strong><\/h4>\n<ul>\n<li><strong>Ultra d\u00e9graissant :<\/strong> Dissout rapidement les graisses tenaces et les r\u00e9sidus alimentaires.<\/li>\n<li><strong>Parfum agr\u00e9able :<\/strong> Laisse un parfum frais et fruit\u00e9 d&rsquo;orange apr\u00e8s chaque lavage.<\/li>\n<li><strong>Respect des mains :<\/strong> Formule douce pour la peau, adapt\u00e9e \u00e0 un usage fr\u00e9quent.<\/li>\n<li><strong>Efficacit\u00e9 :<\/strong> Nettoie en profondeur, m\u00eame \u00e0 basse temp\u00e9rature.<\/li>\n<li><strong>\u0627\u0644\u0634\u0643\u0644 \u0627\u0644\u0639\u0645\u0644\u064a:<\/strong> Flacon de 500 ml facile \u00e0 manipuler, id\u00e9al pour un usage quotidien.<\/li>\n<\/ul>\n<h4><strong>\u062a\u0639\u0644\u064a\u0645\u0627\u062a :<\/strong><\/h4>\n<ol>\n<li>Ajouter une petite quantit\u00e9 de liquide vaisselle sur une \u00e9ponge humide.<\/li>\n<li>Laver la vaisselle et les ustensiles de cuisine.<\/li>\n<li>Rincer abondamment \u00e0 l&rsquo;eau claire.<\/li>\n<\/ol>\n<h4><strong>\u0627\u062d\u062a\u064a\u0627\u0637\u0627\u062a \u0627\u0644\u0627\u0633\u062a\u062e\u062f\u0627\u0645:<\/strong><\/h4>\n<ul>\n<li>\u064a\u064f\u062d\u0641\u0638 \u0628\u0639\u064a\u062f\u064b\u0627 \u0639\u0646 \u0645\u062a\u0646\u0627\u0648\u0644 \u0627\u0644\u0623\u0637\u0641\u0627\u0644.<\/li>\n<li>\u0644\u0627 \u062a\u0628\u062a\u0644\u0639. \u0641\u064a \u062d\u0627\u0644\u0629 \u0627\u0628\u062a\u0644\u0627\u0639\u0647\u060c \u0627\u0637\u0644\u0628 \u0627\u0644\u0639\u0646\u0627\u064a\u0629 \u0627\u0644\u0637\u0628\u064a\u0629 \u0639\u0644\u0649 \u0627\u0644\u0641\u0648\u0631.<\/li>\n<li>\u00c9viter le contact avec les yeux. En cas de contact, rincer imm\u00e9diatement \u00e0 l\u2019eau claire.<\/li>\n<\/ul>","protected":false},"excerpt":{"rendered":"<p>Le liquide vaisselle ultra d\u00e9graissant de Leader Price est sp\u00e9cialement formul\u00e9 pour \u00e9liminer efficacement les graisses et les r\u00e9sidus alimentaires,<\/p>","protected":false},"featured_media":25386,"comment_status":"open","ping_status":"closed","template":"","meta":[],"pwb-brand":[1166],"product_brand":[],"product_cat":[948,275,1179,1180],"product_tag":[],"class_list":{"0":"post-23320","1":"product","2":"type-product","3":"status-publish","4":"has-post-thumbnail","6":"pwb-brand-leader-price","7":"product_cat-entretien-de-la-maison-et-nettoyage","8":"product_cat-epicerie","9":"product_cat-lave-vaisselle","10":"product_cat-liquide-vaisselle","12":"first","13":"instock","14":"shipping-taxable","15":"purchasable","16":"product-type-simple"},"yoast_head":"<!-- This site is optimized with the Yoast SEO plugin v27.1.1 - https:\/\/yoast.com\/product\/yoast-seo-wordpress\/ -->\n<title>Leader Price - Liquide vaisselle ultra d\u00e9graissant parfum orange - 500 ml - NIRIGS<\/title>\n<meta name=\"robots\" content=\"index, follow, max-snippet:-1, max-image-preview:large, max-video-preview:-1\" \/>\n<link rel=\"canonical\" href=\"https:\/\/nirigs.com\/ar\/product\/leader-price-liquide-vaisselle-ultra-degraissant-parfum-orange-500-ml\/\" \/>\n<meta property=\"og:locale\" content=\"ar_AR\" \/>\n<meta property=\"og:type\" content=\"article\" \/>\n<meta property=\"og:title\" content=\"Leader Price - Liquide vaisselle ultra d\u00e9graissant parfum orange - 500 ml - NIRIGS\" \/>\n<meta property=\"og:description\" content=\"Le liquide vaisselle ultra d\u00e9graissant de Leader Price est sp\u00e9cialement formul\u00e9 pour \u00e9liminer efficacement les graisses et les r\u00e9sidus alimentaires,\" \/>\n<meta property=\"og:url\" content=\"https:\/\/nirigs.com\/ar\/product\/leader-price-liquide-vaisselle-ultra-degraissant-parfum-orange-500-ml\/\" \/>\n<meta property=\"og:site_name\" content=\"NIRIGS\" \/>\n<meta property=\"article:modified_time\" content=\"2025-06-06T12:50:59+00:00\" \/>\n<meta property=\"og:image\" content=\"https:\/\/nirigs.com\/wp-content\/uploads\/2024\/10\/Leader-Price-Liquide-vaisselle-ultra-degraissant-parfum-orange-500-ml.jpg\" \/>\n\t<meta property=\"og:image:width\" content=\"1000\" \/>\n\t<meta property=\"og:image:height\" content=\"1000\" \/>\n\t<meta property=\"og:image:type\" content=\"image\/jpeg\" \/>\n<meta name=\"twitter:card\" content=\"summary_large_image\" \/>\n<meta name=\"twitter:label1\" content=\"\u0648\u0642\u062a \u0627\u0644\u0642\u0631\u0627\u0621\u0629 \u0627\u0644\u0645\u064f\u0642\u062f\u0651\u0631\" \/>\n\t<meta name=\"twitter:data1\" content=\"\u062f\u0642\u064a\u0642\u0629 \u0648\u0627\u062d\u062f\u0629\" \/>\n<script type=\"application\/ld+json\" class=\"yoast-schema-graph\">{\"@context\":\"https:\/\/schema.org\",\"@graph\":[{\"@type\":\"WebPage\",\"@id\":\"https:\/\/nirigs.com\/product\/leader-price-liquide-vaisselle-ultra-degraissant-parfum-orange-500-ml\/\",\"url\":\"https:\/\/nirigs.com\/product\/leader-price-liquide-vaisselle-ultra-degraissant-parfum-orange-500-ml\/\",\"name\":\"Leader Price - Liquide vaisselle ultra d\u00e9graissant parfum orange - 500 ml - NIRIGS\",\"isPartOf\":{\"@id\":\"https:\/\/nirigs.com\/#website\"},\"primaryImageOfPage\":{\"@id\":\"https:\/\/nirigs.com\/product\/leader-price-liquide-vaisselle-ultra-degraissant-parfum-orange-500-ml\/#primaryimage\"},\"image\":{\"@id\":\"https:\/\/nirigs.com\/product\/leader-price-liquide-vaisselle-ultra-degraissant-parfum-orange-500-ml\/#primaryimage\"},\"thumbnailUrl\":\"https:\/\/nirigs.com\/wp-content\/uploads\/2024\/10\/Leader-Price-Liquide-vaisselle-ultra-degraissant-parfum-orange-500-ml.jpg\",\"datePublished\":\"2024-10-06T15:02:15+00:00\",\"dateModified\":\"2025-06-06T12:50:59+00:00\",\"breadcrumb\":{\"@id\":\"https:\/\/nirigs.com\/product\/leader-price-liquide-vaisselle-ultra-degraissant-parfum-orange-500-ml\/#breadcrumb\"},\"inLanguage\":\"ar\",\"potentialAction\":[{\"@type\":\"ReadAction\",\"target\":[\"https:\/\/nirigs.com\/product\/leader-price-liquide-vaisselle-ultra-degraissant-parfum-orange-500-ml\/\"]}]},{\"@type\":\"ImageObject\",\"inLanguage\":\"ar\",\"@id\":\"https:\/\/nirigs.com\/product\/leader-price-liquide-vaisselle-ultra-degraissant-parfum-orange-500-ml\/#primaryimage\",\"url\":\"https:\/\/nirigs.com\/wp-content\/uploads\/2024\/10\/Leader-Price-Liquide-vaisselle-ultra-degraissant-parfum-orange-500-ml.jpg\",\"contentUrl\":\"https:\/\/nirigs.com\/wp-content\/uploads\/2024\/10\/Leader-Price-Liquide-vaisselle-ultra-degraissant-parfum-orange-500-ml.jpg\",\"width\":1000,\"height\":1000},{\"@type\":\"BreadcrumbList\",\"@id\":\"https:\/\/nirigs.com\/product\/leader-price-liquide-vaisselle-ultra-degraissant-parfum-orange-500-ml\/#breadcrumb\",\"itemListElement\":[{\"@type\":\"ListItem\",\"position\":1,\"name\":\"Home\",\"item\":\"https:\/\/nirigs.com\/\"},{\"@type\":\"ListItem\",\"position\":2,\"name\":\"Parcourir\",\"item\":\"https:\/\/nirigs.com\/boutique\/\"},{\"@type\":\"ListItem\",\"position\":3,\"name\":\"Leader Price &#8211; Liquide vaisselle ultra d\u00e9graissant parfum orange &#8211; 500 ml\"}]},{\"@type\":\"WebSite\",\"@id\":\"https:\/\/nirigs.com\/#website\",\"url\":\"https:\/\/nirigs.com\/\",\"name\":\"Nirigs.com\",\"description\":\"Simplifiez vos achats du quotidien \u00e0 Djibouti\",\"publisher\":{\"@id\":\"https:\/\/nirigs.com\/#organization\"},\"potentialAction\":[{\"@type\":\"SearchAction\",\"target\":{\"@type\":\"EntryPoint\",\"urlTemplate\":\"https:\/\/nirigs.com\/?s={search_term_string}\"},\"query-input\":{\"@type\":\"PropertyValueSpecification\",\"valueRequired\":true,\"valueName\":\"search_term_string\"}}],\"inLanguage\":\"ar\"},{\"@type\":\"Organization\",\"@id\":\"https:\/\/nirigs.com\/#organization\",\"name\":\"Nirigs\",\"url\":\"https:\/\/nirigs.com\/\",\"logo\":{\"@type\":\"ImageObject\",\"inLanguage\":\"ar\",\"@id\":\"https:\/\/nirigs.com\/#\/schema\/logo\/image\/\",\"url\":\"https:\/\/nirigs.com\/wp-content\/uploads\/2025\/04\/Design-sans-titre-27.png\",\"contentUrl\":\"https:\/\/nirigs.com\/wp-content\/uploads\/2025\/04\/Design-sans-titre-27.png\",\"width\":500,\"height\":500,\"caption\":\"Nirigs\"},\"image\":{\"@id\":\"https:\/\/nirigs.com\/#\/schema\/logo\/image\/\"}}]}<\/script>\n<!-- \/ Yoast SEO plugin. -->","yoast_head_json":{"title":"Leader Price - Liquide vaisselle ultra d\u00e9graissant parfum orange - 500 ml - NIRIGS","robots":{"index":"index","follow":"follow","max-snippet":"max-snippet:-1","max-image-preview":"max-image-preview:large","max-video-preview":"max-video-preview:-1"},"canonical":"https:\/\/nirigs.com\/ar\/product\/leader-price-liquide-vaisselle-ultra-degraissant-parfum-orange-500-ml\/","og_locale":"ar_AR","og_type":"article","og_title":"Leader Price - Liquide vaisselle ultra d\u00e9graissant parfum orange - 500 ml - NIRIGS","og_description":"Le liquide vaisselle ultra d\u00e9graissant de Leader Price est sp\u00e9cialement formul\u00e9 pour \u00e9liminer efficacement les graisses et les r\u00e9sidus alimentaires,","og_url":"https:\/\/nirigs.com\/ar\/product\/leader-price-liquide-vaisselle-ultra-degraissant-parfum-orange-500-ml\/","og_site_name":"NIRIGS","article_modified_time":"2025-06-06T12:50:59+00:00","og_image":[{"width":1000,"height":1000,"url":"https:\/\/nirigs.com\/wp-content\/uploads\/2024\/10\/Leader-Price-Liquide-vaisselle-ultra-degraissant-parfum-orange-500-ml.jpg","type":"image\/jpeg"}],"twitter_card":"summary_large_image","twitter_misc":{"\u0648\u0642\u062a \u0627\u0644\u0642\u0631\u0627\u0621\u0629 \u0627\u0644\u0645\u064f\u0642\u062f\u0651\u0631":"\u062f\u0642\u064a\u0642\u0629 \u0648\u0627\u062d\u062f\u0629"},"schema":{"@context":"https:\/\/schema.org","@graph":[{"@type":"WebPage","@id":"https:\/\/nirigs.com\/product\/leader-price-liquide-vaisselle-ultra-degraissant-parfum-orange-500-ml\/","url":"https:\/\/nirigs.com\/product\/leader-price-liquide-vaisselle-ultra-degraissant-parfum-orange-500-ml\/","name":"Leader Price - Liquide vaisselle ultra d\u00e9graissant parfum orange - 500 ml - NIRIGS","isPartOf":{"@id":"https:\/\/nirigs.com\/#website"},"primaryImageOfPage":{"@id":"https:\/\/nirigs.com\/product\/leader-price-liquide-vaisselle-ultra-degraissant-parfum-orange-500-ml\/#primaryimage"},"image":{"@id":"https:\/\/nirigs.com\/product\/leader-price-liquide-vaisselle-ultra-degraissant-parfum-orange-500-ml\/#primaryimage"},"thumbnailUrl":"https:\/\/nirigs.com\/wp-content\/uploads\/2024\/10\/Leader-Price-Liquide-vaisselle-ultra-degraissant-parfum-orange-500-ml.jpg","datePublished":"2024-10-06T15:02:15+00:00","dateModified":"2025-06-06T12:50:59+00:00","breadcrumb":{"@id":"https:\/\/nirigs.com\/product\/leader-price-liquide-vaisselle-ultra-degraissant-parfum-orange-500-ml\/#breadcrumb"},"inLanguage":"ar","potentialAction":[{"@type":"ReadAction","target":["https:\/\/nirigs.com\/product\/leader-price-liquide-vaisselle-ultra-degraissant-parfum-orange-500-ml\/"]}]},{"@type":"ImageObject","inLanguage":"ar","@id":"https:\/\/nirigs.com\/product\/leader-price-liquide-vaisselle-ultra-degraissant-parfum-orange-500-ml\/#primaryimage","url":"https:\/\/nirigs.com\/wp-content\/uploads\/2024\/10\/Leader-Price-Liquide-vaisselle-ultra-degraissant-parfum-orange-500-ml.jpg","contentUrl":"https:\/\/nirigs.com\/wp-content\/uploads\/2024\/10\/Leader-Price-Liquide-vaisselle-ultra-degraissant-parfum-orange-500-ml.jpg","width":1000,"height":1000},{"@type":"BreadcrumbList","@id":"https:\/\/nirigs.com\/product\/leader-price-liquide-vaisselle-ultra-degraissant-parfum-orange-500-ml\/#breadcrumb","itemListElement":[{"@type":"ListItem","position":1,"name":"Home","item":"https:\/\/nirigs.com\/"},{"@type":"ListItem","position":2,"name":"Parcourir","item":"https:\/\/nirigs.com\/boutique\/"},{"@type":"ListItem","position":3,"name":"Leader Price &#8211; Liquide vaisselle ultra d\u00e9graissant parfum orange &#8211; 500 ml"}]},{"@type":"WebSite","@id":"https:\/\/nirigs.com\/#website","url":"https:\/\/nirigs.com\/","name":"Nirigs.com","description":"Simplifiez vos achats du quotidien \u00e0 Djibouti","publisher":{"@id":"https:\/\/nirigs.com\/#organization"},"potentialAction":[{"@type":"SearchAction","target":{"@type":"EntryPoint","urlTemplate":"https:\/\/nirigs.com\/?s={search_term_string}"},"query-input":{"@type":"PropertyValueSpecification","valueRequired":true,"valueName":"search_term_string"}}],"inLanguage":"ar"},{"@type":"Organization","@id":"https:\/\/nirigs.com\/#organization","name":"\u0646\u064a\u0631\u064a\u062c\u0633","url":"https:\/\/nirigs.com\/","logo":{"@type":"ImageObject","inLanguage":"ar","@id":"https:\/\/nirigs.com\/#\/schema\/logo\/image\/","url":"https:\/\/nirigs.com\/wp-content\/uploads\/2025\/04\/Design-sans-titre-27.png","contentUrl":"https:\/\/nirigs.com\/wp-content\/uploads\/2025\/04\/Design-sans-titre-27.png","width":500,"height":500,"caption":"Nirigs"},"image":{"@id":"https:\/\/nirigs.com\/#\/schema\/logo\/image\/"}}]}},"brands":[{"id":1166,"name":"\u0633\u0639\u0631 \u0627\u0644\u0632\u0639\u064a\u0645","slug":"leader-price"}],"_links":{"self":[{"href":"https:\/\/nirigs.com\/ar\/wp-json\/wp\/v2\/product\/23320","targetHints":{"allow":["GET"]}}],"collection":[{"href":"https:\/\/nirigs.com\/ar\/wp-json\/wp\/v2\/product"}],"about":[{"href":"https:\/\/nirigs.com\/ar\/wp-json\/wp\/v2\/types\/product"}],"replies":[{"embeddable":true,"href":"https:\/\/nirigs.com\/ar\/wp-json\/wp\/v2\/comments?post=23320"}],"version-history":[{"count":3,"href":"https:\/\/nirigs.com\/ar\/wp-json\/wp\/v2\/product\/23320\/revisions"}],"predecessor-version":[{"id":25399,"href":"https:\/\/nirigs.com\/ar\/wp-json\/wp\/v2\/product\/23320\/revisions\/25399"}],"wp:featuredmedia":[{"embeddable":true,"href":"https:\/\/nirigs.com\/ar\/wp-json\/wp\/v2\/media\/25386"}],"wp:attachment":[{"href":"https:\/\/nirigs.com\/ar\/wp-json\/wp\/v2\/media?parent=23320"}],"wp:term":[{"taxonomy":"pwb-brand","embeddable":true,"href":"https:\/\/nirigs.com\/ar\/wp-json\/wp\/v2\/pwb-brand?post=23320"},{"taxonomy":"product_brand","embeddable":true,"href":"https:\/\/nirigs.com\/ar\/wp-json\/wp\/v2\/product_brand?post=23320"},{"taxonomy":"product_cat","embeddable":true,"href":"https:\/\/nirigs.com\/ar\/wp-json\/wp\/v2\/product_cat?post=23320"},{"taxonomy":"product_tag","embeddable":true,"href":"https:\/\/nirigs.com\/ar\/wp-json\/wp\/v2\/product_tag?post=23320"}],"curies":[{"name":"wp","href":"https:\/\/api.w.org\/{rel}","templated":true}]}}