{"id":23316,"date":"2024-10-06T18:02:14","date_gmt":"2024-10-06T15:02:14","guid":{"rendered":"https:\/\/nirigs.com\/produit\/viking-adoucissant-blanc-parfum-longue-duree-1-l\/"},"modified":"2025-02-02T16:39:22","modified_gmt":"2025-02-02T13:39:22","slug":"viking-adoucissant-blanc-parfum-longue-duree-1-l","status":"publish","type":"product","link":"https:\/\/nirigs.com\/ar\/product\/viking-adoucissant-blanc-parfum-longue-duree-1-l\/","title":{"rendered":"Sailor Viking &#8211; Adoucissant blanc parfum longue dur\u00e9e &#8211; 1 L"},"content":{"rendered":"<p>L\u2019adoucissant blanc parfum longue dur\u00e9e de Sailor Viking est con\u00e7u pour offrir une douceur exceptionnelle \u00e0 vos v\u00eatements tout en leur conf\u00e9rant un parfum agr\u00e9able et durable. Il permet de rendre le linge plus souple, facile \u00e0 repasser et d\u00e9licatement parfum\u00e9 apr\u00e8s chaque lavage. Cet adoucissant est id\u00e9al pour toutes les fibres textiles, assurant une sensation de fra\u00eecheur durable tout au long de la journ\u00e9e.<\/p>\n<h4><strong>\u0645\u0643\u0648\u0646\u0627\u062a :<\/strong><\/h4>\n<p>Aqua, tensioactifs cationiques, parfum, agents conservateurs.<\/p>\n<h4><strong>\u0641\u0648\u0627\u0626\u062f :<\/strong><\/h4>\n<ul>\n<li><strong>Douceur durable :<\/strong> Rend le linge doux et agr\u00e9able au toucher apr\u00e8s chaque lavage.<\/li>\n<li><strong>Parfum longue dur\u00e9e :<\/strong> Laisse un parfum frais et agr\u00e9able qui dure plusieurs jours.<\/li>\n<li><strong>Facilite le repassage :<\/strong> R\u00e9duit les froissements et rend le linge plus facile \u00e0 repasser.<\/li>\n<li><strong>Convient \u00e0 toutes les fibres :<\/strong> Adapt\u00e9 \u00e0 tous types de textiles, m\u00eame les plus d\u00e9licats.<\/li>\n<li><strong>Format \u00e9conomique :<\/strong> Flacon de 1 litre pour plusieurs lavages, id\u00e9al pour une utilisation r\u00e9guli\u00e8re.<\/li>\n<\/ul>\n<h4><strong>\u062a\u0639\u0644\u064a\u0645\u0627\u062a :<\/strong><\/h4>\n<ol>\n<li>Ajouter l&rsquo;adoucissant dans le compartiment de votre machine \u00e0 laver d\u00e9di\u00e9 \u00e0 l&rsquo;assouplissant.<\/li>\n<li>Utiliser une dose en fonction du niveau de charge et de la duret\u00e9 de l\u2019eau.<\/li>\n<li>D\u00e9marrer le cycle de lavage normalement.<\/li>\n<li>Pour un lavage \u00e0 la main, diluer une petite quantit\u00e9 d&rsquo;adoucissant dans l&rsquo;eau de rin\u00e7age.<\/li>\n<\/ol>\n<h4><strong>\u0627\u062d\u062a\u064a\u0627\u0637\u0627\u062a \u0627\u0644\u0627\u0633\u062a\u062e\u062f\u0627\u0645:<\/strong><\/h4>\n<ul>\n<li>\u064a\u064f\u062d\u0641\u0638 \u0628\u0639\u064a\u062f\u064b\u0627 \u0639\u0646 \u0645\u062a\u0646\u0627\u0648\u0644 \u0627\u0644\u0623\u0637\u0641\u0627\u0644.<\/li>\n<li>\u0644\u0627 \u062a\u0628\u062a\u0644\u0639. \u0641\u064a \u062d\u0627\u0644\u0629 \u0627\u0628\u062a\u0644\u0627\u0639\u0647\u060c \u0627\u0637\u0644\u0628 \u0627\u0644\u0639\u0646\u0627\u064a\u0629 \u0627\u0644\u0637\u0628\u064a\u0629 \u0639\u0644\u0649 \u0627\u0644\u0641\u0648\u0631.<\/li>\n<li>\u00c9viter le contact avec les yeux. En cas de contact, rincer abondamment \u00e0 l\u2019eau claire.<\/li>\n<\/ul>","protected":false},"excerpt":{"rendered":"<p>L\u2019adoucissant blanc parfum longue dur\u00e9e de Sailor Viking est con\u00e7u pour offrir une douceur exceptionnelle \u00e0 vos v\u00eatements tout en<\/p>","protected":false},"featured_media":25404,"comment_status":"open","ping_status":"closed","template":"","meta":[],"pwb-brand":[1196],"product_brand":[],"product_cat":[957,948,275,954],"product_tag":[],"class_list":{"0":"post-23316","1":"product","2":"type-product","3":"status-publish","4":"has-post-thumbnail","6":"pwb-brand-viking","7":"product_cat-assouplissant-textile-liquide","8":"product_cat-entretien-de-la-maison-et-nettoyage","9":"product_cat-epicerie","10":"product_cat-lessive","12":"first","13":"instock","14":"shipping-taxable","15":"purchasable","16":"product-type-simple"},"yoast_head":"<!-- This site is optimized with the Yoast SEO plugin v27.1.1 - https:\/\/yoast.com\/product\/yoast-seo-wordpress\/ -->\n<title>Sailor Viking - Adoucissant blanc parfum longue dur\u00e9e - 1 L - NIRIGS<\/title>\n<meta name=\"robots\" content=\"index, follow, max-snippet:-1, max-image-preview:large, max-video-preview:-1\" \/>\n<link rel=\"canonical\" href=\"https:\/\/nirigs.com\/ar\/product\/viking-adoucissant-blanc-parfum-longue-duree-1-l\/\" \/>\n<meta property=\"og:locale\" content=\"ar_AR\" \/>\n<meta property=\"og:type\" content=\"article\" \/>\n<meta property=\"og:title\" content=\"Sailor Viking - Adoucissant blanc parfum longue dur\u00e9e - 1 L - NIRIGS\" \/>\n<meta property=\"og:description\" content=\"L\u2019adoucissant blanc parfum longue dur\u00e9e de Sailor Viking est con\u00e7u pour offrir une douceur exceptionnelle \u00e0 vos v\u00eatements tout en\" \/>\n<meta property=\"og:url\" content=\"https:\/\/nirigs.com\/ar\/product\/viking-adoucissant-blanc-parfum-longue-duree-1-l\/\" \/>\n<meta property=\"og:site_name\" content=\"NIRIGS\" \/>\n<meta property=\"article:modified_time\" content=\"2025-02-02T13:39:22+00:00\" \/>\n<meta property=\"og:image\" content=\"https:\/\/nirigs.com\/wp-content\/uploads\/2024\/10\/Sailor-Viking-Adoucissant-blanc-parfum-longue-duree-1-L.jpg\" \/>\n\t<meta property=\"og:image:width\" content=\"1000\" \/>\n\t<meta property=\"og:image:height\" content=\"1000\" \/>\n\t<meta property=\"og:image:type\" content=\"image\/jpeg\" \/>\n<meta name=\"twitter:card\" content=\"summary_large_image\" \/>\n<meta name=\"twitter:label1\" content=\"\u0648\u0642\u062a \u0627\u0644\u0642\u0631\u0627\u0621\u0629 \u0627\u0644\u0645\u064f\u0642\u062f\u0651\u0631\" \/>\n\t<meta name=\"twitter:data1\" content=\"\u062f\u0642\u064a\u0642\u0629 \u0648\u0627\u062d\u062f\u0629\" \/>\n<script type=\"application\/ld+json\" class=\"yoast-schema-graph\">{\"@context\":\"https:\/\/schema.org\",\"@graph\":[{\"@type\":\"WebPage\",\"@id\":\"https:\/\/nirigs.com\/product\/viking-adoucissant-blanc-parfum-longue-duree-1-l\/\",\"url\":\"https:\/\/nirigs.com\/product\/viking-adoucissant-blanc-parfum-longue-duree-1-l\/\",\"name\":\"Sailor Viking - Adoucissant blanc parfum longue dur\u00e9e - 1 L - NIRIGS\",\"isPartOf\":{\"@id\":\"https:\/\/nirigs.com\/#website\"},\"primaryImageOfPage\":{\"@id\":\"https:\/\/nirigs.com\/product\/viking-adoucissant-blanc-parfum-longue-duree-1-l\/#primaryimage\"},\"image\":{\"@id\":\"https:\/\/nirigs.com\/product\/viking-adoucissant-blanc-parfum-longue-duree-1-l\/#primaryimage\"},\"thumbnailUrl\":\"https:\/\/nirigs.com\/wp-content\/uploads\/2024\/10\/Sailor-Viking-Adoucissant-blanc-parfum-longue-duree-1-L.jpg\",\"datePublished\":\"2024-10-06T15:02:14+00:00\",\"dateModified\":\"2025-02-02T13:39:22+00:00\",\"breadcrumb\":{\"@id\":\"https:\/\/nirigs.com\/product\/viking-adoucissant-blanc-parfum-longue-duree-1-l\/#breadcrumb\"},\"inLanguage\":\"ar\",\"potentialAction\":[{\"@type\":\"ReadAction\",\"target\":[\"https:\/\/nirigs.com\/product\/viking-adoucissant-blanc-parfum-longue-duree-1-l\/\"]}]},{\"@type\":\"ImageObject\",\"inLanguage\":\"ar\",\"@id\":\"https:\/\/nirigs.com\/product\/viking-adoucissant-blanc-parfum-longue-duree-1-l\/#primaryimage\",\"url\":\"https:\/\/nirigs.com\/wp-content\/uploads\/2024\/10\/Sailor-Viking-Adoucissant-blanc-parfum-longue-duree-1-L.jpg\",\"contentUrl\":\"https:\/\/nirigs.com\/wp-content\/uploads\/2024\/10\/Sailor-Viking-Adoucissant-blanc-parfum-longue-duree-1-L.jpg\",\"width\":1000,\"height\":1000},{\"@type\":\"BreadcrumbList\",\"@id\":\"https:\/\/nirigs.com\/product\/viking-adoucissant-blanc-parfum-longue-duree-1-l\/#breadcrumb\",\"itemListElement\":[{\"@type\":\"ListItem\",\"position\":1,\"name\":\"Home\",\"item\":\"https:\/\/nirigs.com\/\"},{\"@type\":\"ListItem\",\"position\":2,\"name\":\"Parcourir\",\"item\":\"https:\/\/nirigs.com\/boutique\/\"},{\"@type\":\"ListItem\",\"position\":3,\"name\":\"Sailor Viking &#8211; Adoucissant blanc parfum longue dur\u00e9e &#8211; 1 L\"}]},{\"@type\":\"WebSite\",\"@id\":\"https:\/\/nirigs.com\/#website\",\"url\":\"https:\/\/nirigs.com\/\",\"name\":\"Nirigs.com\",\"description\":\"Simplifiez vos achats du quotidien \u00e0 Djibouti\",\"publisher\":{\"@id\":\"https:\/\/nirigs.com\/#organization\"},\"potentialAction\":[{\"@type\":\"SearchAction\",\"target\":{\"@type\":\"EntryPoint\",\"urlTemplate\":\"https:\/\/nirigs.com\/?s={search_term_string}\"},\"query-input\":{\"@type\":\"PropertyValueSpecification\",\"valueRequired\":true,\"valueName\":\"search_term_string\"}}],\"inLanguage\":\"ar\"},{\"@type\":\"Organization\",\"@id\":\"https:\/\/nirigs.com\/#organization\",\"name\":\"Nirigs\",\"url\":\"https:\/\/nirigs.com\/\",\"logo\":{\"@type\":\"ImageObject\",\"inLanguage\":\"ar\",\"@id\":\"https:\/\/nirigs.com\/#\/schema\/logo\/image\/\",\"url\":\"https:\/\/nirigs.com\/wp-content\/uploads\/2025\/04\/Design-sans-titre-27.png\",\"contentUrl\":\"https:\/\/nirigs.com\/wp-content\/uploads\/2025\/04\/Design-sans-titre-27.png\",\"width\":500,\"height\":500,\"caption\":\"Nirigs\"},\"image\":{\"@id\":\"https:\/\/nirigs.com\/#\/schema\/logo\/image\/\"}}]}<\/script>\n<!-- \/ Yoast SEO plugin. -->","yoast_head_json":{"title":"Sailor Viking - Adoucissant blanc parfum longue dur\u00e9e - 1 L - NIRIGS","robots":{"index":"index","follow":"follow","max-snippet":"max-snippet:-1","max-image-preview":"max-image-preview:large","max-video-preview":"max-video-preview:-1"},"canonical":"https:\/\/nirigs.com\/ar\/product\/viking-adoucissant-blanc-parfum-longue-duree-1-l\/","og_locale":"ar_AR","og_type":"article","og_title":"Sailor Viking - Adoucissant blanc parfum longue dur\u00e9e - 1 L - NIRIGS","og_description":"L\u2019adoucissant blanc parfum longue dur\u00e9e de Sailor Viking est con\u00e7u pour offrir une douceur exceptionnelle \u00e0 vos v\u00eatements tout en","og_url":"https:\/\/nirigs.com\/ar\/product\/viking-adoucissant-blanc-parfum-longue-duree-1-l\/","og_site_name":"NIRIGS","article_modified_time":"2025-02-02T13:39:22+00:00","og_image":[{"width":1000,"height":1000,"url":"https:\/\/nirigs.com\/wp-content\/uploads\/2024\/10\/Sailor-Viking-Adoucissant-blanc-parfum-longue-duree-1-L.jpg","type":"image\/jpeg"}],"twitter_card":"summary_large_image","twitter_misc":{"\u0648\u0642\u062a \u0627\u0644\u0642\u0631\u0627\u0621\u0629 \u0627\u0644\u0645\u064f\u0642\u062f\u0651\u0631":"\u062f\u0642\u064a\u0642\u0629 \u0648\u0627\u062d\u062f\u0629"},"schema":{"@context":"https:\/\/schema.org","@graph":[{"@type":"WebPage","@id":"https:\/\/nirigs.com\/product\/viking-adoucissant-blanc-parfum-longue-duree-1-l\/","url":"https:\/\/nirigs.com\/product\/viking-adoucissant-blanc-parfum-longue-duree-1-l\/","name":"Sailor Viking - Adoucissant blanc parfum longue dur\u00e9e - 1 L - NIRIGS","isPartOf":{"@id":"https:\/\/nirigs.com\/#website"},"primaryImageOfPage":{"@id":"https:\/\/nirigs.com\/product\/viking-adoucissant-blanc-parfum-longue-duree-1-l\/#primaryimage"},"image":{"@id":"https:\/\/nirigs.com\/product\/viking-adoucissant-blanc-parfum-longue-duree-1-l\/#primaryimage"},"thumbnailUrl":"https:\/\/nirigs.com\/wp-content\/uploads\/2024\/10\/Sailor-Viking-Adoucissant-blanc-parfum-longue-duree-1-L.jpg","datePublished":"2024-10-06T15:02:14+00:00","dateModified":"2025-02-02T13:39:22+00:00","breadcrumb":{"@id":"https:\/\/nirigs.com\/product\/viking-adoucissant-blanc-parfum-longue-duree-1-l\/#breadcrumb"},"inLanguage":"ar","potentialAction":[{"@type":"ReadAction","target":["https:\/\/nirigs.com\/product\/viking-adoucissant-blanc-parfum-longue-duree-1-l\/"]}]},{"@type":"ImageObject","inLanguage":"ar","@id":"https:\/\/nirigs.com\/product\/viking-adoucissant-blanc-parfum-longue-duree-1-l\/#primaryimage","url":"https:\/\/nirigs.com\/wp-content\/uploads\/2024\/10\/Sailor-Viking-Adoucissant-blanc-parfum-longue-duree-1-L.jpg","contentUrl":"https:\/\/nirigs.com\/wp-content\/uploads\/2024\/10\/Sailor-Viking-Adoucissant-blanc-parfum-longue-duree-1-L.jpg","width":1000,"height":1000},{"@type":"BreadcrumbList","@id":"https:\/\/nirigs.com\/product\/viking-adoucissant-blanc-parfum-longue-duree-1-l\/#breadcrumb","itemListElement":[{"@type":"ListItem","position":1,"name":"Home","item":"https:\/\/nirigs.com\/"},{"@type":"ListItem","position":2,"name":"Parcourir","item":"https:\/\/nirigs.com\/boutique\/"},{"@type":"ListItem","position":3,"name":"Sailor Viking &#8211; Adoucissant blanc parfum longue dur\u00e9e &#8211; 1 L"}]},{"@type":"WebSite","@id":"https:\/\/nirigs.com\/#website","url":"https:\/\/nirigs.com\/","name":"Nirigs.com","description":"Simplifiez vos achats du quotidien \u00e0 Djibouti","publisher":{"@id":"https:\/\/nirigs.com\/#organization"},"potentialAction":[{"@type":"SearchAction","target":{"@type":"EntryPoint","urlTemplate":"https:\/\/nirigs.com\/?s={search_term_string}"},"query-input":{"@type":"PropertyValueSpecification","valueRequired":true,"valueName":"search_term_string"}}],"inLanguage":"ar"},{"@type":"Organization","@id":"https:\/\/nirigs.com\/#organization","name":"\u0646\u064a\u0631\u064a\u062c\u0633","url":"https:\/\/nirigs.com\/","logo":{"@type":"ImageObject","inLanguage":"ar","@id":"https:\/\/nirigs.com\/#\/schema\/logo\/image\/","url":"https:\/\/nirigs.com\/wp-content\/uploads\/2025\/04\/Design-sans-titre-27.png","contentUrl":"https:\/\/nirigs.com\/wp-content\/uploads\/2025\/04\/Design-sans-titre-27.png","width":500,"height":500,"caption":"Nirigs"},"image":{"@id":"https:\/\/nirigs.com\/#\/schema\/logo\/image\/"}}]}},"brands":[{"id":1196,"name":"Viking","slug":"viking"}],"_links":{"self":[{"href":"https:\/\/nirigs.com\/ar\/wp-json\/wp\/v2\/product\/23316","targetHints":{"allow":["GET"]}}],"collection":[{"href":"https:\/\/nirigs.com\/ar\/wp-json\/wp\/v2\/product"}],"about":[{"href":"https:\/\/nirigs.com\/ar\/wp-json\/wp\/v2\/types\/product"}],"replies":[{"embeddable":true,"href":"https:\/\/nirigs.com\/ar\/wp-json\/wp\/v2\/comments?post=23316"}],"version-history":[{"count":3,"href":"https:\/\/nirigs.com\/ar\/wp-json\/wp\/v2\/product\/23316\/revisions"}],"predecessor-version":[{"id":25407,"href":"https:\/\/nirigs.com\/ar\/wp-json\/wp\/v2\/product\/23316\/revisions\/25407"}],"wp:featuredmedia":[{"embeddable":true,"href":"https:\/\/nirigs.com\/ar\/wp-json\/wp\/v2\/media\/25404"}],"wp:attachment":[{"href":"https:\/\/nirigs.com\/ar\/wp-json\/wp\/v2\/media?parent=23316"}],"wp:term":[{"taxonomy":"pwb-brand","embeddable":true,"href":"https:\/\/nirigs.com\/ar\/wp-json\/wp\/v2\/pwb-brand?post=23316"},{"taxonomy":"product_brand","embeddable":true,"href":"https:\/\/nirigs.com\/ar\/wp-json\/wp\/v2\/product_brand?post=23316"},{"taxonomy":"product_cat","embeddable":true,"href":"https:\/\/nirigs.com\/ar\/wp-json\/wp\/v2\/product_cat?post=23316"},{"taxonomy":"product_tag","embeddable":true,"href":"https:\/\/nirigs.com\/ar\/wp-json\/wp\/v2\/product_tag?post=23316"}],"curies":[{"name":"wp","href":"https:\/\/api.w.org\/{rel}","templated":true}]}}