{"id":23314,"date":"2024-10-06T18:02:13","date_gmt":"2024-10-06T15:02:13","guid":{"rendered":"https:\/\/nirigs.com\/produit\/viking-nettoyant-meubles-750-ml\/"},"modified":"2025-02-02T16:39:51","modified_gmt":"2025-02-02T13:39:51","slug":"viking-nettoyant-meubles-750-ml","status":"publish","type":"product","link":"https:\/\/nirigs.com\/ar\/product\/viking-nettoyant-meubles-750-ml\/","title":{"rendered":"\u0641\u0627\u064a\u0643\u0646\u062c \u2013 \u0645\u0646\u0638\u0641 \u0627\u0644\u0623\u062b\u0627\u062b \u2013 750 \u0645\u0644"},"content":{"rendered":"<p>Le nettoyant meubles Viking de 750 ml est une solution sp\u00e9cialement formul\u00e9e pour nettoyer et prot\u00e9ger tous types de surfaces en bois et autres meubles d\u00e9licats. Ce produit offre un r\u00e9sultat impeccable en \u00e9liminant la poussi\u00e8re, les traces et les taches tout en ravivant la brillance naturelle de vos meubles. Gr\u00e2ce \u00e0 sa formule douce, il laisse un parfum frais et l\u00e9ger qui apporte une sensation de propret\u00e9 durable dans votre int\u00e9rieur.<\/p>\n<h4>\u0645\u0643\u0648\u0646\u0627\u062a :<\/h4>\n<p>Eau d\u00e9min\u00e9ralis\u00e9e, Agents tensioactifs, Solvants doux, Conservateurs, Parfums frais.<\/p>\n<h4>\u0641\u0648\u0627\u0626\u062f :<\/h4>\n<ul>\n<li>Nettoyage en profondeur sans ab\u00eemer la surface du bois.<\/li>\n<li>Prot\u00e8ge et ravive la brillance naturelle des meubles.<\/li>\n<li>Convient pour une utilisation quotidienne.<\/li>\n<li>Laisse un parfum frais et agr\u00e9able.<\/li>\n<li>Formule respectueuse des surfaces d\u00e9licates.<\/li>\n<\/ul>\n<h4>Mode d\u2019emploi :<\/h4>\n<ol>\n<li>Agitez l\u00e9g\u00e8rement le flacon avant utilisation.<\/li>\n<li>Vaporisez directement sur la surface \u00e0 nettoyer ou sur un chiffon doux et sec.<\/li>\n<li>Essuyez d\u00e9licatement avec des mouvements circulaires pour faire briller.<\/li>\n<li>Pour les taches difficiles, r\u00e9p\u00e9tez l&rsquo;op\u00e9ration.<\/li>\n<\/ol>\n<h4>Pr\u00e9cautions d\u2019emploi :<\/h4>\n<ul>\n<li>Garder hors de port\u00e9e des enfants.<\/li>\n<li>\u00c9viter tout contact avec les yeux. En cas de contact, rincer imm\u00e9diatement avec de l&rsquo;eau.<\/li>\n<li>Ne pas ing\u00e9rer. En cas d\u2019ingestion, consulter un m\u00e9decin en urgence.<\/li>\n<li>Tester d\u2019abord sur une petite zone peu visible du meuble pour s\u2019assurer qu\u2019il n\u2019y a pas de r\u00e9action.<\/li>\n<li>Ne pas utiliser sur des surfaces non destin\u00e9es au bois sans test pr\u00e9alable.<\/li>\n<\/ul>","protected":false},"excerpt":{"rendered":"<p>Le nettoyant meubles Viking de 750 ml est une solution sp\u00e9cialement formul\u00e9e pour nettoyer et prot\u00e9ger tous types de surfaces<\/p>","protected":false},"featured_media":25417,"comment_status":"open","ping_status":"closed","template":"","meta":[],"pwb-brand":[1196],"product_brand":[],"product_cat":[948,275,959,1191],"product_tag":[],"class_list":{"0":"post-23314","1":"product","2":"type-product","3":"status-publish","4":"has-post-thumbnail","6":"pwb-brand-viking","7":"product_cat-entretien-de-la-maison-et-nettoyage","8":"product_cat-epicerie","9":"product_cat-nettoyants-menagers","10":"product_cat-nettoyants-meuble","12":"first","13":"instock","14":"shipping-taxable","15":"purchasable","16":"product-type-simple"},"yoast_head":"<!-- This site is optimized with the Yoast SEO plugin v27.1.1 - https:\/\/yoast.com\/product\/yoast-seo-wordpress\/ -->\n<title>Viking - Nettoyant meubles - 750 ml - NIRIGS<\/title>\n<meta name=\"robots\" content=\"index, follow, max-snippet:-1, max-image-preview:large, max-video-preview:-1\" \/>\n<link rel=\"canonical\" href=\"https:\/\/nirigs.com\/ar\/product\/viking-nettoyant-meubles-750-ml\/\" \/>\n<meta property=\"og:locale\" content=\"ar_AR\" \/>\n<meta property=\"og:type\" content=\"article\" \/>\n<meta property=\"og:title\" content=\"Viking - Nettoyant meubles - 750 ml - NIRIGS\" \/>\n<meta property=\"og:description\" content=\"Le nettoyant meubles Viking de 750 ml est une solution sp\u00e9cialement formul\u00e9e pour nettoyer et prot\u00e9ger tous types de surfaces\" \/>\n<meta property=\"og:url\" content=\"https:\/\/nirigs.com\/ar\/product\/viking-nettoyant-meubles-750-ml\/\" \/>\n<meta property=\"og:site_name\" content=\"NIRIGS\" \/>\n<meta property=\"article:modified_time\" content=\"2025-02-02T13:39:51+00:00\" \/>\n<meta property=\"og:image\" content=\"https:\/\/nirigs.com\/wp-content\/uploads\/2024\/10\/054bf355-viking-wood-cleaner-spray-750ml-ealfa.jpg\" \/>\n\t<meta property=\"og:image:width\" content=\"600\" \/>\n\t<meta property=\"og:image:height\" content=\"600\" \/>\n\t<meta property=\"og:image:type\" content=\"image\/jpeg\" \/>\n<meta name=\"twitter:card\" content=\"summary_large_image\" \/>\n<meta name=\"twitter:label1\" content=\"\u0648\u0642\u062a \u0627\u0644\u0642\u0631\u0627\u0621\u0629 \u0627\u0644\u0645\u064f\u0642\u062f\u0651\u0631\" \/>\n\t<meta name=\"twitter:data1\" content=\"\u062f\u0642\u064a\u0642\u0629 \u0648\u0627\u062d\u062f\u0629\" \/>\n<script type=\"application\/ld+json\" class=\"yoast-schema-graph\">{\"@context\":\"https:\/\/schema.org\",\"@graph\":[{\"@type\":\"WebPage\",\"@id\":\"https:\/\/nirigs.com\/product\/viking-nettoyant-meubles-750-ml\/\",\"url\":\"https:\/\/nirigs.com\/product\/viking-nettoyant-meubles-750-ml\/\",\"name\":\"Viking - Nettoyant meubles - 750 ml - NIRIGS\",\"isPartOf\":{\"@id\":\"https:\/\/nirigs.com\/#website\"},\"primaryImageOfPage\":{\"@id\":\"https:\/\/nirigs.com\/product\/viking-nettoyant-meubles-750-ml\/#primaryimage\"},\"image\":{\"@id\":\"https:\/\/nirigs.com\/product\/viking-nettoyant-meubles-750-ml\/#primaryimage\"},\"thumbnailUrl\":\"https:\/\/nirigs.com\/wp-content\/uploads\/2024\/10\/054bf355-viking-wood-cleaner-spray-750ml-ealfa.jpg\",\"datePublished\":\"2024-10-06T15:02:13+00:00\",\"dateModified\":\"2025-02-02T13:39:51+00:00\",\"breadcrumb\":{\"@id\":\"https:\/\/nirigs.com\/product\/viking-nettoyant-meubles-750-ml\/#breadcrumb\"},\"inLanguage\":\"ar\",\"potentialAction\":[{\"@type\":\"ReadAction\",\"target\":[\"https:\/\/nirigs.com\/product\/viking-nettoyant-meubles-750-ml\/\"]}]},{\"@type\":\"ImageObject\",\"inLanguage\":\"ar\",\"@id\":\"https:\/\/nirigs.com\/product\/viking-nettoyant-meubles-750-ml\/#primaryimage\",\"url\":\"https:\/\/nirigs.com\/wp-content\/uploads\/2024\/10\/054bf355-viking-wood-cleaner-spray-750ml-ealfa.jpg\",\"contentUrl\":\"https:\/\/nirigs.com\/wp-content\/uploads\/2024\/10\/054bf355-viking-wood-cleaner-spray-750ml-ealfa.jpg\",\"width\":600,\"height\":600},{\"@type\":\"BreadcrumbList\",\"@id\":\"https:\/\/nirigs.com\/product\/viking-nettoyant-meubles-750-ml\/#breadcrumb\",\"itemListElement\":[{\"@type\":\"ListItem\",\"position\":1,\"name\":\"Home\",\"item\":\"https:\/\/nirigs.com\/\"},{\"@type\":\"ListItem\",\"position\":2,\"name\":\"Parcourir\",\"item\":\"https:\/\/nirigs.com\/boutique\/\"},{\"@type\":\"ListItem\",\"position\":3,\"name\":\"Viking &#8211; Nettoyant meubles &#8211; 750 ml\"}]},{\"@type\":\"WebSite\",\"@id\":\"https:\/\/nirigs.com\/#website\",\"url\":\"https:\/\/nirigs.com\/\",\"name\":\"Nirigs.com\",\"description\":\"Simplifiez vos achats du quotidien \u00e0 Djibouti\",\"publisher\":{\"@id\":\"https:\/\/nirigs.com\/#organization\"},\"potentialAction\":[{\"@type\":\"SearchAction\",\"target\":{\"@type\":\"EntryPoint\",\"urlTemplate\":\"https:\/\/nirigs.com\/?s={search_term_string}\"},\"query-input\":{\"@type\":\"PropertyValueSpecification\",\"valueRequired\":true,\"valueName\":\"search_term_string\"}}],\"inLanguage\":\"ar\"},{\"@type\":\"Organization\",\"@id\":\"https:\/\/nirigs.com\/#organization\",\"name\":\"Nirigs\",\"url\":\"https:\/\/nirigs.com\/\",\"logo\":{\"@type\":\"ImageObject\",\"inLanguage\":\"ar\",\"@id\":\"https:\/\/nirigs.com\/#\/schema\/logo\/image\/\",\"url\":\"https:\/\/nirigs.com\/wp-content\/uploads\/2025\/04\/Design-sans-titre-27.png\",\"contentUrl\":\"https:\/\/nirigs.com\/wp-content\/uploads\/2025\/04\/Design-sans-titre-27.png\",\"width\":500,\"height\":500,\"caption\":\"Nirigs\"},\"image\":{\"@id\":\"https:\/\/nirigs.com\/#\/schema\/logo\/image\/\"}}]}<\/script>\n<!-- \/ Yoast SEO plugin. -->","yoast_head_json":{"title":"Viking - Nettoyant meubles - 750 ml - NIRIGS","robots":{"index":"index","follow":"follow","max-snippet":"max-snippet:-1","max-image-preview":"max-image-preview:large","max-video-preview":"max-video-preview:-1"},"canonical":"https:\/\/nirigs.com\/ar\/product\/viking-nettoyant-meubles-750-ml\/","og_locale":"ar_AR","og_type":"article","og_title":"Viking - Nettoyant meubles - 750 ml - NIRIGS","og_description":"Le nettoyant meubles Viking de 750 ml est une solution sp\u00e9cialement formul\u00e9e pour nettoyer et prot\u00e9ger tous types de surfaces","og_url":"https:\/\/nirigs.com\/ar\/product\/viking-nettoyant-meubles-750-ml\/","og_site_name":"NIRIGS","article_modified_time":"2025-02-02T13:39:51+00:00","og_image":[{"width":600,"height":600,"url":"https:\/\/nirigs.com\/wp-content\/uploads\/2024\/10\/054bf355-viking-wood-cleaner-spray-750ml-ealfa.jpg","type":"image\/jpeg"}],"twitter_card":"summary_large_image","twitter_misc":{"\u0648\u0642\u062a \u0627\u0644\u0642\u0631\u0627\u0621\u0629 \u0627\u0644\u0645\u064f\u0642\u062f\u0651\u0631":"\u062f\u0642\u064a\u0642\u0629 \u0648\u0627\u062d\u062f\u0629"},"schema":{"@context":"https:\/\/schema.org","@graph":[{"@type":"WebPage","@id":"https:\/\/nirigs.com\/product\/viking-nettoyant-meubles-750-ml\/","url":"https:\/\/nirigs.com\/product\/viking-nettoyant-meubles-750-ml\/","name":"Viking - Nettoyant meubles - 750 ml - NIRIGS","isPartOf":{"@id":"https:\/\/nirigs.com\/#website"},"primaryImageOfPage":{"@id":"https:\/\/nirigs.com\/product\/viking-nettoyant-meubles-750-ml\/#primaryimage"},"image":{"@id":"https:\/\/nirigs.com\/product\/viking-nettoyant-meubles-750-ml\/#primaryimage"},"thumbnailUrl":"https:\/\/nirigs.com\/wp-content\/uploads\/2024\/10\/054bf355-viking-wood-cleaner-spray-750ml-ealfa.jpg","datePublished":"2024-10-06T15:02:13+00:00","dateModified":"2025-02-02T13:39:51+00:00","breadcrumb":{"@id":"https:\/\/nirigs.com\/product\/viking-nettoyant-meubles-750-ml\/#breadcrumb"},"inLanguage":"ar","potentialAction":[{"@type":"ReadAction","target":["https:\/\/nirigs.com\/product\/viking-nettoyant-meubles-750-ml\/"]}]},{"@type":"ImageObject","inLanguage":"ar","@id":"https:\/\/nirigs.com\/product\/viking-nettoyant-meubles-750-ml\/#primaryimage","url":"https:\/\/nirigs.com\/wp-content\/uploads\/2024\/10\/054bf355-viking-wood-cleaner-spray-750ml-ealfa.jpg","contentUrl":"https:\/\/nirigs.com\/wp-content\/uploads\/2024\/10\/054bf355-viking-wood-cleaner-spray-750ml-ealfa.jpg","width":600,"height":600},{"@type":"BreadcrumbList","@id":"https:\/\/nirigs.com\/product\/viking-nettoyant-meubles-750-ml\/#breadcrumb","itemListElement":[{"@type":"ListItem","position":1,"name":"Home","item":"https:\/\/nirigs.com\/"},{"@type":"ListItem","position":2,"name":"Parcourir","item":"https:\/\/nirigs.com\/boutique\/"},{"@type":"ListItem","position":3,"name":"Viking &#8211; Nettoyant meubles &#8211; 750 ml"}]},{"@type":"WebSite","@id":"https:\/\/nirigs.com\/#website","url":"https:\/\/nirigs.com\/","name":"Nirigs.com","description":"Simplifiez vos achats du quotidien \u00e0 Djibouti","publisher":{"@id":"https:\/\/nirigs.com\/#organization"},"potentialAction":[{"@type":"SearchAction","target":{"@type":"EntryPoint","urlTemplate":"https:\/\/nirigs.com\/?s={search_term_string}"},"query-input":{"@type":"PropertyValueSpecification","valueRequired":true,"valueName":"search_term_string"}}],"inLanguage":"ar"},{"@type":"Organization","@id":"https:\/\/nirigs.com\/#organization","name":"\u0646\u064a\u0631\u064a\u062c\u0633","url":"https:\/\/nirigs.com\/","logo":{"@type":"ImageObject","inLanguage":"ar","@id":"https:\/\/nirigs.com\/#\/schema\/logo\/image\/","url":"https:\/\/nirigs.com\/wp-content\/uploads\/2025\/04\/Design-sans-titre-27.png","contentUrl":"https:\/\/nirigs.com\/wp-content\/uploads\/2025\/04\/Design-sans-titre-27.png","width":500,"height":500,"caption":"Nirigs"},"image":{"@id":"https:\/\/nirigs.com\/#\/schema\/logo\/image\/"}}]}},"brands":[{"id":1196,"name":"Viking","slug":"viking"}],"_links":{"self":[{"href":"https:\/\/nirigs.com\/ar\/wp-json\/wp\/v2\/product\/23314","targetHints":{"allow":["GET"]}}],"collection":[{"href":"https:\/\/nirigs.com\/ar\/wp-json\/wp\/v2\/product"}],"about":[{"href":"https:\/\/nirigs.com\/ar\/wp-json\/wp\/v2\/types\/product"}],"replies":[{"embeddable":true,"href":"https:\/\/nirigs.com\/ar\/wp-json\/wp\/v2\/comments?post=23314"}],"version-history":[{"count":2,"href":"https:\/\/nirigs.com\/ar\/wp-json\/wp\/v2\/product\/23314\/revisions"}],"predecessor-version":[{"id":25416,"href":"https:\/\/nirigs.com\/ar\/wp-json\/wp\/v2\/product\/23314\/revisions\/25416"}],"wp:featuredmedia":[{"embeddable":true,"href":"https:\/\/nirigs.com\/ar\/wp-json\/wp\/v2\/media\/25417"}],"wp:attachment":[{"href":"https:\/\/nirigs.com\/ar\/wp-json\/wp\/v2\/media?parent=23314"}],"wp:term":[{"taxonomy":"pwb-brand","embeddable":true,"href":"https:\/\/nirigs.com\/ar\/wp-json\/wp\/v2\/pwb-brand?post=23314"},{"taxonomy":"product_brand","embeddable":true,"href":"https:\/\/nirigs.com\/ar\/wp-json\/wp\/v2\/product_brand?post=23314"},{"taxonomy":"product_cat","embeddable":true,"href":"https:\/\/nirigs.com\/ar\/wp-json\/wp\/v2\/product_cat?post=23314"},{"taxonomy":"product_tag","embeddable":true,"href":"https:\/\/nirigs.com\/ar\/wp-json\/wp\/v2\/product_tag?post=23314"}],"curies":[{"name":"wp","href":"https:\/\/api.w.org\/{rel}","templated":true}]}}