{"id":23312,"date":"2024-10-06T18:02:12","date_gmt":"2024-10-06T15:02:12","guid":{"rendered":"https:\/\/nirigs.com\/produit\/feba-liquide-vaiselle-pomme-680-ml\/"},"modified":"2025-02-02T16:41:03","modified_gmt":"2025-02-02T13:41:03","slug":"feba-liquide-vaiselle-pomme-680-ml","status":"publish","type":"product","link":"https:\/\/nirigs.com\/ar\/product\/feba-liquide-vaiselle-pomme-680-ml\/","title":{"rendered":"Feba &#8211; Liquide vaiselle pomme- 680 ml"},"content":{"rendered":"<p>Nettoyant au parfum rafra\u00eechissant : Le liquide vaisselle Feba est impr\u00e9gn\u00e9 d&rsquo;un parfum rafra\u00eechissant qui \u00e9limine l&rsquo;odeur d\u00e9sagr\u00e9able produite par les aliments p\u00e9rim\u00e9s. Il reste en place sur la vaisselle fra\u00eechement lav\u00e9e pour qu&rsquo;elle garde une bonne odeur.<\/p>\n<p>Formule super efficace : Le liquide vaisselle est formul\u00e9 pour cibler les restes de nourriture les plus coriaces, en passant directement \u00e0 travers les mailles grossi\u00e8res. Une fois \u00e0 l&rsquo;int\u00e9rieur, la formule d\u00e9clenche une action chimique qui ramollit la graisse pour faciliter son \u00e9limination.<\/p>\n<p>Passez au liquide vaisselle Feba pour simplifier vos t\u00e2ches de nettoyage de la cuisine avec une efficacit\u00e9 sans compromis. Son parfum d\u00e9licieux laisse une merveilleuse odeur de fra\u00eecheur sur la vaisselle nettoy\u00e9e apr\u00e8s le lavage.<\/p>\n<p>Le liquide vaisselle parfum\u00e9 Feba est dot\u00e9 d&rsquo;une formule super efficace qui agit directement sur les r\u00e9sidus graisseux qui s&rsquo;accrochent aux assiettes.<\/p>\n<h4>\u0627\u062d\u062a\u064a\u0627\u0637\u0627\u062a \u0627\u0644\u0627\u0633\u062a\u062e\u062f\u0627\u0645:<\/h4>\n<p>Ajouter directement sur une \u00e9ponge mouill\u00e9. Lavez et rincez les articles avec de l&rsquo;eau courante.<\/p>\n<p><strong>Garder hors de la port\u00e9 des enfants.<\/strong><\/p>","protected":false},"excerpt":{"rendered":"<p>Nettoyant au parfum rafra\u00eechissant : Le liquide vaisselle Feba est impr\u00e9gn\u00e9 d&rsquo;un parfum rafra\u00eechissant qui \u00e9limine l&rsquo;odeur d\u00e9sagr\u00e9able produite par<\/p>","protected":false},"featured_media":25437,"comment_status":"open","ping_status":"closed","template":"","meta":[],"pwb-brand":[1200],"product_brand":[],"product_cat":[948,275,1179,1180],"product_tag":[],"class_list":{"0":"post-23312","1":"product","2":"type-product","3":"status-publish","4":"has-post-thumbnail","6":"pwb-brand-feba","7":"product_cat-entretien-de-la-maison-et-nettoyage","8":"product_cat-epicerie","9":"product_cat-lave-vaisselle","10":"product_cat-liquide-vaisselle","12":"first","13":"instock","14":"shipping-taxable","15":"purchasable","16":"product-type-simple"},"yoast_head":"<!-- This site is optimized with the Yoast SEO plugin v27.1.1 - https:\/\/yoast.com\/product\/yoast-seo-wordpress\/ -->\n<title>Feba - Liquide vaiselle pomme- 680 ml - NIRIGS<\/title>\n<meta name=\"robots\" content=\"index, follow, max-snippet:-1, max-image-preview:large, max-video-preview:-1\" \/>\n<link rel=\"canonical\" href=\"https:\/\/nirigs.com\/ar\/product\/feba-liquide-vaiselle-pomme-680-ml\/\" \/>\n<meta property=\"og:locale\" content=\"ar_AR\" \/>\n<meta property=\"og:type\" content=\"article\" \/>\n<meta property=\"og:title\" content=\"Feba - Liquide vaiselle pomme- 680 ml - NIRIGS\" \/>\n<meta property=\"og:description\" content=\"Nettoyant au parfum rafra\u00eechissant : Le liquide vaisselle Feba est impr\u00e9gn\u00e9 d&rsquo;un parfum rafra\u00eechissant qui \u00e9limine l&rsquo;odeur d\u00e9sagr\u00e9able produite par\" \/>\n<meta property=\"og:url\" content=\"https:\/\/nirigs.com\/ar\/product\/feba-liquide-vaiselle-pomme-680-ml\/\" \/>\n<meta property=\"og:site_name\" content=\"NIRIGS\" \/>\n<meta property=\"article:modified_time\" content=\"2025-02-02T13:41:03+00:00\" \/>\n<meta property=\"og:image\" content=\"https:\/\/nirigs.com\/wp-content\/uploads\/2024\/10\/Feba-Liquide-vaiselle-pomme-680-ml.jpg\" \/>\n\t<meta property=\"og:image:width\" content=\"1000\" \/>\n\t<meta property=\"og:image:height\" content=\"1000\" \/>\n\t<meta property=\"og:image:type\" content=\"image\/jpeg\" \/>\n<meta name=\"twitter:card\" content=\"summary_large_image\" \/>\n<meta name=\"twitter:label1\" content=\"\u0648\u0642\u062a \u0627\u0644\u0642\u0631\u0627\u0621\u0629 \u0627\u0644\u0645\u064f\u0642\u062f\u0651\u0631\" \/>\n\t<meta name=\"twitter:data1\" content=\"\u062f\u0642\u064a\u0642\u0629 \u0648\u0627\u062d\u062f\u0629\" \/>\n<script type=\"application\/ld+json\" class=\"yoast-schema-graph\">{\"@context\":\"https:\/\/schema.org\",\"@graph\":[{\"@type\":\"WebPage\",\"@id\":\"https:\/\/nirigs.com\/product\/feba-liquide-vaiselle-pomme-680-ml\/\",\"url\":\"https:\/\/nirigs.com\/product\/feba-liquide-vaiselle-pomme-680-ml\/\",\"name\":\"Feba - Liquide vaiselle pomme- 680 ml - NIRIGS\",\"isPartOf\":{\"@id\":\"https:\/\/nirigs.com\/#website\"},\"primaryImageOfPage\":{\"@id\":\"https:\/\/nirigs.com\/product\/feba-liquide-vaiselle-pomme-680-ml\/#primaryimage\"},\"image\":{\"@id\":\"https:\/\/nirigs.com\/product\/feba-liquide-vaiselle-pomme-680-ml\/#primaryimage\"},\"thumbnailUrl\":\"https:\/\/nirigs.com\/wp-content\/uploads\/2024\/10\/Feba-Liquide-vaiselle-pomme-680-ml.jpg\",\"datePublished\":\"2024-10-06T15:02:12+00:00\",\"dateModified\":\"2025-02-02T13:41:03+00:00\",\"breadcrumb\":{\"@id\":\"https:\/\/nirigs.com\/product\/feba-liquide-vaiselle-pomme-680-ml\/#breadcrumb\"},\"inLanguage\":\"ar\",\"potentialAction\":[{\"@type\":\"ReadAction\",\"target\":[\"https:\/\/nirigs.com\/product\/feba-liquide-vaiselle-pomme-680-ml\/\"]}]},{\"@type\":\"ImageObject\",\"inLanguage\":\"ar\",\"@id\":\"https:\/\/nirigs.com\/product\/feba-liquide-vaiselle-pomme-680-ml\/#primaryimage\",\"url\":\"https:\/\/nirigs.com\/wp-content\/uploads\/2024\/10\/Feba-Liquide-vaiselle-pomme-680-ml.jpg\",\"contentUrl\":\"https:\/\/nirigs.com\/wp-content\/uploads\/2024\/10\/Feba-Liquide-vaiselle-pomme-680-ml.jpg\",\"width\":1000,\"height\":1000},{\"@type\":\"BreadcrumbList\",\"@id\":\"https:\/\/nirigs.com\/product\/feba-liquide-vaiselle-pomme-680-ml\/#breadcrumb\",\"itemListElement\":[{\"@type\":\"ListItem\",\"position\":1,\"name\":\"Home\",\"item\":\"https:\/\/nirigs.com\/\"},{\"@type\":\"ListItem\",\"position\":2,\"name\":\"Parcourir\",\"item\":\"https:\/\/nirigs.com\/boutique\/\"},{\"@type\":\"ListItem\",\"position\":3,\"name\":\"Feba &#8211; Liquide vaiselle pomme- 680 ml\"}]},{\"@type\":\"WebSite\",\"@id\":\"https:\/\/nirigs.com\/#website\",\"url\":\"https:\/\/nirigs.com\/\",\"name\":\"Nirigs.com\",\"description\":\"Simplifiez vos achats du quotidien \u00e0 Djibouti\",\"publisher\":{\"@id\":\"https:\/\/nirigs.com\/#organization\"},\"potentialAction\":[{\"@type\":\"SearchAction\",\"target\":{\"@type\":\"EntryPoint\",\"urlTemplate\":\"https:\/\/nirigs.com\/?s={search_term_string}\"},\"query-input\":{\"@type\":\"PropertyValueSpecification\",\"valueRequired\":true,\"valueName\":\"search_term_string\"}}],\"inLanguage\":\"ar\"},{\"@type\":\"Organization\",\"@id\":\"https:\/\/nirigs.com\/#organization\",\"name\":\"Nirigs\",\"url\":\"https:\/\/nirigs.com\/\",\"logo\":{\"@type\":\"ImageObject\",\"inLanguage\":\"ar\",\"@id\":\"https:\/\/nirigs.com\/#\/schema\/logo\/image\/\",\"url\":\"https:\/\/nirigs.com\/wp-content\/uploads\/2025\/04\/Design-sans-titre-27.png\",\"contentUrl\":\"https:\/\/nirigs.com\/wp-content\/uploads\/2025\/04\/Design-sans-titre-27.png\",\"width\":500,\"height\":500,\"caption\":\"Nirigs\"},\"image\":{\"@id\":\"https:\/\/nirigs.com\/#\/schema\/logo\/image\/\"}}]}<\/script>\n<!-- \/ Yoast SEO plugin. -->","yoast_head_json":{"title":"Feba - Liquide vaiselle pomme- 680 ml - NIRIGS","robots":{"index":"index","follow":"follow","max-snippet":"max-snippet:-1","max-image-preview":"max-image-preview:large","max-video-preview":"max-video-preview:-1"},"canonical":"https:\/\/nirigs.com\/ar\/product\/feba-liquide-vaiselle-pomme-680-ml\/","og_locale":"ar_AR","og_type":"article","og_title":"Feba - Liquide vaiselle pomme- 680 ml - NIRIGS","og_description":"Nettoyant au parfum rafra\u00eechissant : Le liquide vaisselle Feba est impr\u00e9gn\u00e9 d&rsquo;un parfum rafra\u00eechissant qui \u00e9limine l&rsquo;odeur d\u00e9sagr\u00e9able produite par","og_url":"https:\/\/nirigs.com\/ar\/product\/feba-liquide-vaiselle-pomme-680-ml\/","og_site_name":"NIRIGS","article_modified_time":"2025-02-02T13:41:03+00:00","og_image":[{"width":1000,"height":1000,"url":"https:\/\/nirigs.com\/wp-content\/uploads\/2024\/10\/Feba-Liquide-vaiselle-pomme-680-ml.jpg","type":"image\/jpeg"}],"twitter_card":"summary_large_image","twitter_misc":{"\u0648\u0642\u062a \u0627\u0644\u0642\u0631\u0627\u0621\u0629 \u0627\u0644\u0645\u064f\u0642\u062f\u0651\u0631":"\u062f\u0642\u064a\u0642\u0629 \u0648\u0627\u062d\u062f\u0629"},"schema":{"@context":"https:\/\/schema.org","@graph":[{"@type":"WebPage","@id":"https:\/\/nirigs.com\/product\/feba-liquide-vaiselle-pomme-680-ml\/","url":"https:\/\/nirigs.com\/product\/feba-liquide-vaiselle-pomme-680-ml\/","name":"Feba - Liquide vaiselle pomme- 680 ml - NIRIGS","isPartOf":{"@id":"https:\/\/nirigs.com\/#website"},"primaryImageOfPage":{"@id":"https:\/\/nirigs.com\/product\/feba-liquide-vaiselle-pomme-680-ml\/#primaryimage"},"image":{"@id":"https:\/\/nirigs.com\/product\/feba-liquide-vaiselle-pomme-680-ml\/#primaryimage"},"thumbnailUrl":"https:\/\/nirigs.com\/wp-content\/uploads\/2024\/10\/Feba-Liquide-vaiselle-pomme-680-ml.jpg","datePublished":"2024-10-06T15:02:12+00:00","dateModified":"2025-02-02T13:41:03+00:00","breadcrumb":{"@id":"https:\/\/nirigs.com\/product\/feba-liquide-vaiselle-pomme-680-ml\/#breadcrumb"},"inLanguage":"ar","potentialAction":[{"@type":"ReadAction","target":["https:\/\/nirigs.com\/product\/feba-liquide-vaiselle-pomme-680-ml\/"]}]},{"@type":"ImageObject","inLanguage":"ar","@id":"https:\/\/nirigs.com\/product\/feba-liquide-vaiselle-pomme-680-ml\/#primaryimage","url":"https:\/\/nirigs.com\/wp-content\/uploads\/2024\/10\/Feba-Liquide-vaiselle-pomme-680-ml.jpg","contentUrl":"https:\/\/nirigs.com\/wp-content\/uploads\/2024\/10\/Feba-Liquide-vaiselle-pomme-680-ml.jpg","width":1000,"height":1000},{"@type":"BreadcrumbList","@id":"https:\/\/nirigs.com\/product\/feba-liquide-vaiselle-pomme-680-ml\/#breadcrumb","itemListElement":[{"@type":"ListItem","position":1,"name":"Home","item":"https:\/\/nirigs.com\/"},{"@type":"ListItem","position":2,"name":"Parcourir","item":"https:\/\/nirigs.com\/boutique\/"},{"@type":"ListItem","position":3,"name":"Feba &#8211; Liquide vaiselle pomme- 680 ml"}]},{"@type":"WebSite","@id":"https:\/\/nirigs.com\/#website","url":"https:\/\/nirigs.com\/","name":"Nirigs.com","description":"Simplifiez vos achats du quotidien \u00e0 Djibouti","publisher":{"@id":"https:\/\/nirigs.com\/#organization"},"potentialAction":[{"@type":"SearchAction","target":{"@type":"EntryPoint","urlTemplate":"https:\/\/nirigs.com\/?s={search_term_string}"},"query-input":{"@type":"PropertyValueSpecification","valueRequired":true,"valueName":"search_term_string"}}],"inLanguage":"ar"},{"@type":"Organization","@id":"https:\/\/nirigs.com\/#organization","name":"\u0646\u064a\u0631\u064a\u062c\u0633","url":"https:\/\/nirigs.com\/","logo":{"@type":"ImageObject","inLanguage":"ar","@id":"https:\/\/nirigs.com\/#\/schema\/logo\/image\/","url":"https:\/\/nirigs.com\/wp-content\/uploads\/2025\/04\/Design-sans-titre-27.png","contentUrl":"https:\/\/nirigs.com\/wp-content\/uploads\/2025\/04\/Design-sans-titre-27.png","width":500,"height":500,"caption":"Nirigs"},"image":{"@id":"https:\/\/nirigs.com\/#\/schema\/logo\/image\/"}}]}},"brands":[{"id":1200,"name":"Feba","slug":"feba"}],"_links":{"self":[{"href":"https:\/\/nirigs.com\/ar\/wp-json\/wp\/v2\/product\/23312","targetHints":{"allow":["GET"]}}],"collection":[{"href":"https:\/\/nirigs.com\/ar\/wp-json\/wp\/v2\/product"}],"about":[{"href":"https:\/\/nirigs.com\/ar\/wp-json\/wp\/v2\/types\/product"}],"replies":[{"embeddable":true,"href":"https:\/\/nirigs.com\/ar\/wp-json\/wp\/v2\/comments?post=23312"}],"version-history":[{"count":2,"href":"https:\/\/nirigs.com\/ar\/wp-json\/wp\/v2\/product\/23312\/revisions"}],"predecessor-version":[{"id":25441,"href":"https:\/\/nirigs.com\/ar\/wp-json\/wp\/v2\/product\/23312\/revisions\/25441"}],"wp:featuredmedia":[{"embeddable":true,"href":"https:\/\/nirigs.com\/ar\/wp-json\/wp\/v2\/media\/25437"}],"wp:attachment":[{"href":"https:\/\/nirigs.com\/ar\/wp-json\/wp\/v2\/media?parent=23312"}],"wp:term":[{"taxonomy":"pwb-brand","embeddable":true,"href":"https:\/\/nirigs.com\/ar\/wp-json\/wp\/v2\/pwb-brand?post=23312"},{"taxonomy":"product_brand","embeddable":true,"href":"https:\/\/nirigs.com\/ar\/wp-json\/wp\/v2\/product_brand?post=23312"},{"taxonomy":"product_cat","embeddable":true,"href":"https:\/\/nirigs.com\/ar\/wp-json\/wp\/v2\/product_cat?post=23312"},{"taxonomy":"product_tag","embeddable":true,"href":"https:\/\/nirigs.com\/ar\/wp-json\/wp\/v2\/product_tag?post=23312"}],"curies":[{"name":"wp","href":"https:\/\/api.w.org\/{rel}","templated":true}]}}