{"id":23310,"date":"2024-10-06T18:02:12","date_gmt":"2024-10-06T15:02:12","guid":{"rendered":"https:\/\/nirigs.com\/produit\/leader-price-nettoyant-sans-javel-desinfectant-multi-surfaces-1-l\/"},"modified":"2025-02-02T16:40:48","modified_gmt":"2025-02-02T13:40:48","slug":"leader-price-nettoyant-sans-javel-desinfectant-multi-surfaces-1-l","status":"publish","type":"product","link":"https:\/\/nirigs.com\/ar\/product\/leader-price-nettoyant-sans-javel-desinfectant-multi-surfaces-1-l\/","title":{"rendered":"\u0644\u064a\u062f\u0631 \u0628\u0631\u0627\u064a\u0633 \u2013 \u0645\u0646\u0638\u0641 \u0645\u0637\u0647\u0631 \u0645\u062a\u0639\u062f\u062f \u0627\u0644\u0623\u0633\u0637\u062d \u062e\u0627\u0644\u064a \u0645\u0646 \u0627\u0644\u0645\u0628\u064a\u0636\u0627\u062a \u2013 1 \u0644\u062a\u0631"},"content":{"rendered":"<p>Le nettoyant d\u00e9sinfectant multi-surfaces Leader Price sans javel est une solution efficace pour assainir et nettoyer en profondeur vos surfaces, tout en pr\u00e9servant votre environnement. Sa formule sans javel respecte les surfaces d\u00e9licates et d\u00e9gage une odeur fra\u00eeche et agr\u00e9able. Ce produit d\u00e9sinfecte, d\u00e9graisse et \u00e9limine 99,9 % des bact\u00e9ries et virus pour une maison propre et saine. Id\u00e9al pour une utilisation quotidienne sur les sols, les plans de travail, les poign\u00e9es de porte, les salles de bain, et toutes les surfaces lavables.<\/p>\n<h4>\u0645\u0643\u0648\u0646\u0627\u062a :<\/h4>\n<p>Agents de surface non ioniques (moins de 5 %), Parfums, D\u00e9sinfectants (chlorure de benzalkonium 0,45 %), Eau<\/p>\n<h4>\u0641\u0648\u0627\u0626\u062f :<\/h4>\n<ul>\n<li>Sans javel, convient aux surfaces fragiles<\/li>\n<li>Elimine 99,9 % des bact\u00e9ries et virus<\/li>\n<li>Odeur fra\u00eeche et agr\u00e9able<\/li>\n<li>Utilisation polyvalente : sols, cuisines, salles de bain, etc.<\/li>\n<li>Formule non agressive pour les mains<\/li>\n<\/ul>\n<h4><strong>\u062a\u0639\u0644\u064a\u0645\u0627\u062a :<\/strong><\/h4>\n<ol>\n<li>Pour un nettoyage quotidien : Diluer 50 ml (un demi-verre) de produit dans 5 litres d&rsquo;eau. Appliquer sur les surfaces \u00e0 l\u2019aide d\u2019une \u00e9ponge ou d&rsquo;une serpilli\u00e8re.<\/li>\n<li>Pour une d\u00e9sinfection optimale : Utiliser pur sur les surfaces, laisser agir 5 minutes, puis rincer avec une \u00e9ponge humide.<\/li>\n<li>Ne n\u00e9cessite pas de rin\u00e7age, sauf sur les surfaces en contact direct avec les aliments.<\/li>\n<\/ol>\n<h4><strong>\u0627\u062d\u062a\u064a\u0627\u0637\u0627\u062a \u0627\u0644\u0627\u0633\u062a\u062e\u062f\u0627\u0645:<\/strong><\/h4>\n<ul>\n<li>Conserver hors de port\u00e9e des enfants.<\/li>\n<li>Eviter tout contact avec les yeux. En cas de contact, rincer abondamment avec de l\u2019eau.<\/li>\n<li>Ne pas m\u00e9langer avec d&rsquo;autres produits de nettoyage.<\/li>\n<li>Bien se laver les mains apr\u00e8s utilisation.<\/li>\n<\/ul>","protected":false},"excerpt":{"rendered":"<p>Le nettoyant d\u00e9sinfectant multi-surfaces Leader Price sans javel est une solution efficace pour assainir et nettoyer en profondeur vos surfaces,<\/p>","protected":false},"featured_media":25423,"comment_status":"open","ping_status":"closed","template":"","meta":[],"pwb-brand":[1166],"product_brand":[],"product_cat":[948,275,959,963],"product_tag":[],"class_list":{"0":"post-23310","1":"product","2":"type-product","3":"status-publish","4":"has-post-thumbnail","6":"pwb-brand-leader-price","7":"product_cat-entretien-de-la-maison-et-nettoyage","8":"product_cat-epicerie","9":"product_cat-nettoyants-menagers","10":"product_cat-nettoyants-multi-usage","12":"first","13":"instock","14":"shipping-taxable","15":"purchasable","16":"product-type-simple"},"yoast_head":"<!-- This site is optimized with the Yoast SEO plugin v27.1.1 - https:\/\/yoast.com\/product\/yoast-seo-wordpress\/ -->\n<title>Leader Price - Nettoyant sans javel d\u00e9sinfectant multi-surfaces - 1 L - NIRIGS<\/title>\n<meta name=\"robots\" content=\"index, follow, max-snippet:-1, max-image-preview:large, max-video-preview:-1\" \/>\n<link rel=\"canonical\" href=\"https:\/\/nirigs.com\/ar\/product\/leader-price-nettoyant-sans-javel-desinfectant-multi-surfaces-1-l\/\" \/>\n<meta property=\"og:locale\" content=\"ar_AR\" \/>\n<meta property=\"og:type\" content=\"article\" \/>\n<meta property=\"og:title\" content=\"Leader Price - Nettoyant sans javel d\u00e9sinfectant multi-surfaces - 1 L - NIRIGS\" \/>\n<meta property=\"og:description\" content=\"Le nettoyant d\u00e9sinfectant multi-surfaces Leader Price sans javel est une solution efficace pour assainir et nettoyer en profondeur vos surfaces,\" \/>\n<meta property=\"og:url\" content=\"https:\/\/nirigs.com\/ar\/product\/leader-price-nettoyant-sans-javel-desinfectant-multi-surfaces-1-l\/\" \/>\n<meta property=\"og:site_name\" content=\"NIRIGS\" \/>\n<meta property=\"article:modified_time\" content=\"2025-02-02T13:40:48+00:00\" \/>\n<meta property=\"og:image\" content=\"https:\/\/nirigs.com\/wp-content\/uploads\/2024\/10\/Leader-Price-Nettoyant-sans-javel-desinfectant-multi-surfaces-1-L.jpg\" \/>\n\t<meta property=\"og:image:width\" content=\"1000\" \/>\n\t<meta property=\"og:image:height\" content=\"1000\" \/>\n\t<meta property=\"og:image:type\" content=\"image\/jpeg\" \/>\n<meta name=\"twitter:card\" content=\"summary_large_image\" \/>\n<meta name=\"twitter:label1\" content=\"\u0648\u0642\u062a \u0627\u0644\u0642\u0631\u0627\u0621\u0629 \u0627\u0644\u0645\u064f\u0642\u062f\u0651\u0631\" \/>\n\t<meta name=\"twitter:data1\" content=\"\u062f\u0642\u064a\u0642\u0629 \u0648\u0627\u062d\u062f\u0629\" \/>\n<script type=\"application\/ld+json\" class=\"yoast-schema-graph\">{\"@context\":\"https:\/\/schema.org\",\"@graph\":[{\"@type\":\"WebPage\",\"@id\":\"https:\/\/nirigs.com\/product\/leader-price-nettoyant-sans-javel-desinfectant-multi-surfaces-1-l\/\",\"url\":\"https:\/\/nirigs.com\/product\/leader-price-nettoyant-sans-javel-desinfectant-multi-surfaces-1-l\/\",\"name\":\"Leader Price - Nettoyant sans javel d\u00e9sinfectant multi-surfaces - 1 L - NIRIGS\",\"isPartOf\":{\"@id\":\"https:\/\/nirigs.com\/#website\"},\"primaryImageOfPage\":{\"@id\":\"https:\/\/nirigs.com\/product\/leader-price-nettoyant-sans-javel-desinfectant-multi-surfaces-1-l\/#primaryimage\"},\"image\":{\"@id\":\"https:\/\/nirigs.com\/product\/leader-price-nettoyant-sans-javel-desinfectant-multi-surfaces-1-l\/#primaryimage\"},\"thumbnailUrl\":\"https:\/\/nirigs.com\/wp-content\/uploads\/2024\/10\/Leader-Price-Nettoyant-sans-javel-desinfectant-multi-surfaces-1-L.jpg\",\"datePublished\":\"2024-10-06T15:02:12+00:00\",\"dateModified\":\"2025-02-02T13:40:48+00:00\",\"breadcrumb\":{\"@id\":\"https:\/\/nirigs.com\/product\/leader-price-nettoyant-sans-javel-desinfectant-multi-surfaces-1-l\/#breadcrumb\"},\"inLanguage\":\"ar\",\"potentialAction\":[{\"@type\":\"ReadAction\",\"target\":[\"https:\/\/nirigs.com\/product\/leader-price-nettoyant-sans-javel-desinfectant-multi-surfaces-1-l\/\"]}]},{\"@type\":\"ImageObject\",\"inLanguage\":\"ar\",\"@id\":\"https:\/\/nirigs.com\/product\/leader-price-nettoyant-sans-javel-desinfectant-multi-surfaces-1-l\/#primaryimage\",\"url\":\"https:\/\/nirigs.com\/wp-content\/uploads\/2024\/10\/Leader-Price-Nettoyant-sans-javel-desinfectant-multi-surfaces-1-L.jpg\",\"contentUrl\":\"https:\/\/nirigs.com\/wp-content\/uploads\/2024\/10\/Leader-Price-Nettoyant-sans-javel-desinfectant-multi-surfaces-1-L.jpg\",\"width\":1000,\"height\":1000},{\"@type\":\"BreadcrumbList\",\"@id\":\"https:\/\/nirigs.com\/product\/leader-price-nettoyant-sans-javel-desinfectant-multi-surfaces-1-l\/#breadcrumb\",\"itemListElement\":[{\"@type\":\"ListItem\",\"position\":1,\"name\":\"Home\",\"item\":\"https:\/\/nirigs.com\/\"},{\"@type\":\"ListItem\",\"position\":2,\"name\":\"Parcourir\",\"item\":\"https:\/\/nirigs.com\/boutique\/\"},{\"@type\":\"ListItem\",\"position\":3,\"name\":\"Leader Price &#8211; Nettoyant sans javel d\u00e9sinfectant multi-surfaces &#8211; 1 L\"}]},{\"@type\":\"WebSite\",\"@id\":\"https:\/\/nirigs.com\/#website\",\"url\":\"https:\/\/nirigs.com\/\",\"name\":\"Nirigs.com\",\"description\":\"Simplifiez vos achats du quotidien \u00e0 Djibouti\",\"publisher\":{\"@id\":\"https:\/\/nirigs.com\/#organization\"},\"potentialAction\":[{\"@type\":\"SearchAction\",\"target\":{\"@type\":\"EntryPoint\",\"urlTemplate\":\"https:\/\/nirigs.com\/?s={search_term_string}\"},\"query-input\":{\"@type\":\"PropertyValueSpecification\",\"valueRequired\":true,\"valueName\":\"search_term_string\"}}],\"inLanguage\":\"ar\"},{\"@type\":\"Organization\",\"@id\":\"https:\/\/nirigs.com\/#organization\",\"name\":\"Nirigs\",\"url\":\"https:\/\/nirigs.com\/\",\"logo\":{\"@type\":\"ImageObject\",\"inLanguage\":\"ar\",\"@id\":\"https:\/\/nirigs.com\/#\/schema\/logo\/image\/\",\"url\":\"https:\/\/nirigs.com\/wp-content\/uploads\/2025\/04\/Design-sans-titre-27.png\",\"contentUrl\":\"https:\/\/nirigs.com\/wp-content\/uploads\/2025\/04\/Design-sans-titre-27.png\",\"width\":500,\"height\":500,\"caption\":\"Nirigs\"},\"image\":{\"@id\":\"https:\/\/nirigs.com\/#\/schema\/logo\/image\/\"}}]}<\/script>\n<!-- \/ Yoast SEO plugin. -->","yoast_head_json":{"title":"Leader Price - Nettoyant sans javel d\u00e9sinfectant multi-surfaces - 1 L - NIRIGS","robots":{"index":"index","follow":"follow","max-snippet":"max-snippet:-1","max-image-preview":"max-image-preview:large","max-video-preview":"max-video-preview:-1"},"canonical":"https:\/\/nirigs.com\/ar\/product\/leader-price-nettoyant-sans-javel-desinfectant-multi-surfaces-1-l\/","og_locale":"ar_AR","og_type":"article","og_title":"Leader Price - Nettoyant sans javel d\u00e9sinfectant multi-surfaces - 1 L - NIRIGS","og_description":"Le nettoyant d\u00e9sinfectant multi-surfaces Leader Price sans javel est une solution efficace pour assainir et nettoyer en profondeur vos surfaces,","og_url":"https:\/\/nirigs.com\/ar\/product\/leader-price-nettoyant-sans-javel-desinfectant-multi-surfaces-1-l\/","og_site_name":"NIRIGS","article_modified_time":"2025-02-02T13:40:48+00:00","og_image":[{"width":1000,"height":1000,"url":"https:\/\/nirigs.com\/wp-content\/uploads\/2024\/10\/Leader-Price-Nettoyant-sans-javel-desinfectant-multi-surfaces-1-L.jpg","type":"image\/jpeg"}],"twitter_card":"summary_large_image","twitter_misc":{"\u0648\u0642\u062a \u0627\u0644\u0642\u0631\u0627\u0621\u0629 \u0627\u0644\u0645\u064f\u0642\u062f\u0651\u0631":"\u062f\u0642\u064a\u0642\u0629 \u0648\u0627\u062d\u062f\u0629"},"schema":{"@context":"https:\/\/schema.org","@graph":[{"@type":"WebPage","@id":"https:\/\/nirigs.com\/product\/leader-price-nettoyant-sans-javel-desinfectant-multi-surfaces-1-l\/","url":"https:\/\/nirigs.com\/product\/leader-price-nettoyant-sans-javel-desinfectant-multi-surfaces-1-l\/","name":"Leader Price - Nettoyant sans javel d\u00e9sinfectant multi-surfaces - 1 L - NIRIGS","isPartOf":{"@id":"https:\/\/nirigs.com\/#website"},"primaryImageOfPage":{"@id":"https:\/\/nirigs.com\/product\/leader-price-nettoyant-sans-javel-desinfectant-multi-surfaces-1-l\/#primaryimage"},"image":{"@id":"https:\/\/nirigs.com\/product\/leader-price-nettoyant-sans-javel-desinfectant-multi-surfaces-1-l\/#primaryimage"},"thumbnailUrl":"https:\/\/nirigs.com\/wp-content\/uploads\/2024\/10\/Leader-Price-Nettoyant-sans-javel-desinfectant-multi-surfaces-1-L.jpg","datePublished":"2024-10-06T15:02:12+00:00","dateModified":"2025-02-02T13:40:48+00:00","breadcrumb":{"@id":"https:\/\/nirigs.com\/product\/leader-price-nettoyant-sans-javel-desinfectant-multi-surfaces-1-l\/#breadcrumb"},"inLanguage":"ar","potentialAction":[{"@type":"ReadAction","target":["https:\/\/nirigs.com\/product\/leader-price-nettoyant-sans-javel-desinfectant-multi-surfaces-1-l\/"]}]},{"@type":"ImageObject","inLanguage":"ar","@id":"https:\/\/nirigs.com\/product\/leader-price-nettoyant-sans-javel-desinfectant-multi-surfaces-1-l\/#primaryimage","url":"https:\/\/nirigs.com\/wp-content\/uploads\/2024\/10\/Leader-Price-Nettoyant-sans-javel-desinfectant-multi-surfaces-1-L.jpg","contentUrl":"https:\/\/nirigs.com\/wp-content\/uploads\/2024\/10\/Leader-Price-Nettoyant-sans-javel-desinfectant-multi-surfaces-1-L.jpg","width":1000,"height":1000},{"@type":"BreadcrumbList","@id":"https:\/\/nirigs.com\/product\/leader-price-nettoyant-sans-javel-desinfectant-multi-surfaces-1-l\/#breadcrumb","itemListElement":[{"@type":"ListItem","position":1,"name":"Home","item":"https:\/\/nirigs.com\/"},{"@type":"ListItem","position":2,"name":"Parcourir","item":"https:\/\/nirigs.com\/boutique\/"},{"@type":"ListItem","position":3,"name":"Leader Price &#8211; Nettoyant sans javel d\u00e9sinfectant multi-surfaces &#8211; 1 L"}]},{"@type":"WebSite","@id":"https:\/\/nirigs.com\/#website","url":"https:\/\/nirigs.com\/","name":"Nirigs.com","description":"Simplifiez vos achats du quotidien \u00e0 Djibouti","publisher":{"@id":"https:\/\/nirigs.com\/#organization"},"potentialAction":[{"@type":"SearchAction","target":{"@type":"EntryPoint","urlTemplate":"https:\/\/nirigs.com\/?s={search_term_string}"},"query-input":{"@type":"PropertyValueSpecification","valueRequired":true,"valueName":"search_term_string"}}],"inLanguage":"ar"},{"@type":"Organization","@id":"https:\/\/nirigs.com\/#organization","name":"\u0646\u064a\u0631\u064a\u062c\u0633","url":"https:\/\/nirigs.com\/","logo":{"@type":"ImageObject","inLanguage":"ar","@id":"https:\/\/nirigs.com\/#\/schema\/logo\/image\/","url":"https:\/\/nirigs.com\/wp-content\/uploads\/2025\/04\/Design-sans-titre-27.png","contentUrl":"https:\/\/nirigs.com\/wp-content\/uploads\/2025\/04\/Design-sans-titre-27.png","width":500,"height":500,"caption":"Nirigs"},"image":{"@id":"https:\/\/nirigs.com\/#\/schema\/logo\/image\/"}}]}},"brands":[{"id":1166,"name":"\u0633\u0639\u0631 \u0627\u0644\u0632\u0639\u064a\u0645","slug":"leader-price"}],"_links":{"self":[{"href":"https:\/\/nirigs.com\/ar\/wp-json\/wp\/v2\/product\/23310","targetHints":{"allow":["GET"]}}],"collection":[{"href":"https:\/\/nirigs.com\/ar\/wp-json\/wp\/v2\/product"}],"about":[{"href":"https:\/\/nirigs.com\/ar\/wp-json\/wp\/v2\/types\/product"}],"replies":[{"embeddable":true,"href":"https:\/\/nirigs.com\/ar\/wp-json\/wp\/v2\/comments?post=23310"}],"version-history":[{"count":4,"href":"https:\/\/nirigs.com\/ar\/wp-json\/wp\/v2\/product\/23310\/revisions"}],"predecessor-version":[{"id":25427,"href":"https:\/\/nirigs.com\/ar\/wp-json\/wp\/v2\/product\/23310\/revisions\/25427"}],"wp:featuredmedia":[{"embeddable":true,"href":"https:\/\/nirigs.com\/ar\/wp-json\/wp\/v2\/media\/25423"}],"wp:attachment":[{"href":"https:\/\/nirigs.com\/ar\/wp-json\/wp\/v2\/media?parent=23310"}],"wp:term":[{"taxonomy":"pwb-brand","embeddable":true,"href":"https:\/\/nirigs.com\/ar\/wp-json\/wp\/v2\/pwb-brand?post=23310"},{"taxonomy":"product_brand","embeddable":true,"href":"https:\/\/nirigs.com\/ar\/wp-json\/wp\/v2\/product_brand?post=23310"},{"taxonomy":"product_cat","embeddable":true,"href":"https:\/\/nirigs.com\/ar\/wp-json\/wp\/v2\/product_cat?post=23310"},{"taxonomy":"product_tag","embeddable":true,"href":"https:\/\/nirigs.com\/ar\/wp-json\/wp\/v2\/product_tag?post=23310"}],"curies":[{"name":"wp","href":"https:\/\/api.w.org\/{rel}","templated":true}]}}