{"id":23309,"date":"2024-10-06T18:02:11","date_gmt":"2024-10-06T15:02:11","guid":{"rendered":"https:\/\/nirigs.com\/produit\/joyceplus-detergent-a-vaiselle-citron-1-l\/"},"modified":"2025-02-02T16:42:07","modified_gmt":"2025-02-02T13:42:07","slug":"joyceplus-detergent-a-vaiselle-citron-1-l","status":"publish","type":"product","link":"https:\/\/nirigs.com\/ar\/product\/joyceplus-detergent-a-vaiselle-citron-1-l\/","title":{"rendered":"Joyceplus &#8211; D\u00e9tergent \u00e0 vaiselle citron &#8211; 1 L"},"content":{"rendered":"<p>Joyceplus D\u00e9tergent \u00e0 Vaisselle Citron est un nettoyant puissant et efficace, sp\u00e9cialement formul\u00e9 pour \u00e9liminer les graisses tenaces et les r\u00e9sidus alimentaires. Sa formule douce est enrichie avec un agr\u00e9able parfum de citron, laissant une sensation de fra\u00eecheur apr\u00e8s chaque lavage. Ce d\u00e9tergent est adapt\u00e9 \u00e0 tous types de vaisselle et offre un nettoyage rapide et en profondeur tout en \u00e9tant doux pour les mains.<\/p>\n<h4>\u0645\u0643\u0648\u0646\u0627\u062a:<\/h4>\n<p>Agents de surface anioniques (moins de 5%), Agents de surface non ioniques (moins de 5%), Parfum citron, Conservateurs, Eau purifi\u00e9e, Stabilisateur.<\/p>\n<h4>\u0641\u0648\u0627\u0626\u062f:<\/h4>\n<ul>\n<li>Efficace contre les graisses et les r\u00e9sidus alimentaires<\/li>\n<li>Parfum frais et agr\u00e9able de citron<\/li>\n<li>Formule douce pour les mains<\/li>\n<li>Utilisation \u00e9conomique avec une faible quantit\u00e9 suffisante pour un nettoyage complet<\/li>\n<li>Convient pour tous types de vaisselle<\/li>\n<\/ul>\n<h4>\u062a\u0639\u0644\u064a\u0645\u0627\u062a \u0627\u0644\u0627\u0633\u062a\u062e\u062f\u0627\u0645:<\/h4>\n<ol>\n<li>Verser une petite quantit\u00e9 de d\u00e9tergent sur une \u00e9ponge ou directement dans l&rsquo;eau.<\/li>\n<li>Frotter la vaisselle pour \u00e9liminer la salet\u00e9 et les graisses.<\/li>\n<li>Rincer abondamment \u00e0 l&rsquo;eau claire.<\/li>\n<li>Laisser s\u00e9cher ou essuyer avec un chiffon propre.<\/li>\n<\/ol>\n<h4>\u0627\u062d\u062a\u064a\u0627\u0637\u0627\u062a \u0627\u0644\u0627\u0633\u062a\u062e\u062f\u0627\u0645:<\/h4>\n<ul>\n<li>\u00c9viter tout contact avec les yeux. En cas de contact, rincer abondamment \u00e0 l\u2019eau claire.<\/li>\n<li>\u064a\u064f\u062d\u0641\u0638 \u0628\u0639\u064a\u062f\u064b\u0627 \u0639\u0646 \u0645\u062a\u0646\u0627\u0648\u0644 \u0627\u0644\u0623\u0637\u0641\u0627\u0644.<\/li>\n<li>Ne pas ing\u00e9rer. En cas d\u2019ingestion, consulter imm\u00e9diatement un m\u00e9decin et lui montrer l&#8217;emballage ou l&rsquo;\u00e9tiquette du produit.<\/li>\n<li>Conserver dans un endroit sec et frais, \u00e0 l&rsquo;abri de la lumi\u00e8re directe du soleil.<\/li>\n<\/ul>","protected":false},"excerpt":{"rendered":"<p>Joyceplus D\u00e9tergent \u00e0 Vaisselle Citron est un nettoyant puissant et efficace, sp\u00e9cialement formul\u00e9 pour \u00e9liminer les graisses tenaces et les<\/p>","protected":false},"featured_media":25429,"comment_status":"open","ping_status":"closed","template":"","meta":[],"pwb-brand":[1178],"product_brand":[],"product_cat":[948,275,1179,1180],"product_tag":[],"class_list":{"0":"post-23309","1":"product","2":"type-product","3":"status-publish","4":"has-post-thumbnail","6":"pwb-brand-joyceplus","7":"product_cat-entretien-de-la-maison-et-nettoyage","8":"product_cat-epicerie","9":"product_cat-lave-vaisselle","10":"product_cat-liquide-vaisselle","12":"first","13":"instock","14":"shipping-taxable","15":"purchasable","16":"product-type-simple"},"yoast_head":"<!-- This site is optimized with the Yoast SEO plugin v27.1.1 - https:\/\/yoast.com\/product\/yoast-seo-wordpress\/ -->\n<title>Joyceplus - D\u00e9tergent \u00e0 vaiselle citron - 1 L - NIRIGS<\/title>\n<meta name=\"robots\" content=\"index, follow, max-snippet:-1, max-image-preview:large, max-video-preview:-1\" \/>\n<link rel=\"canonical\" href=\"https:\/\/nirigs.com\/ar\/product\/joyceplus-detergent-a-vaiselle-citron-1-l\/\" \/>\n<meta property=\"og:locale\" content=\"ar_AR\" \/>\n<meta property=\"og:type\" content=\"article\" \/>\n<meta property=\"og:title\" content=\"Joyceplus - D\u00e9tergent \u00e0 vaiselle citron - 1 L - NIRIGS\" \/>\n<meta property=\"og:description\" content=\"Joyceplus D\u00e9tergent \u00e0 Vaisselle Citron est un nettoyant puissant et efficace, sp\u00e9cialement formul\u00e9 pour \u00e9liminer les graisses tenaces et les\" \/>\n<meta property=\"og:url\" content=\"https:\/\/nirigs.com\/ar\/product\/joyceplus-detergent-a-vaiselle-citron-1-l\/\" \/>\n<meta property=\"og:site_name\" content=\"NIRIGS\" \/>\n<meta property=\"article:modified_time\" content=\"2025-02-02T13:42:07+00:00\" \/>\n<meta property=\"og:image\" content=\"https:\/\/nirigs.com\/wp-content\/uploads\/2024\/10\/Joyceplus-Detergent-a-vaiselle-citron-1-L.jpg\" \/>\n\t<meta property=\"og:image:width\" content=\"1000\" \/>\n\t<meta property=\"og:image:height\" content=\"1000\" \/>\n\t<meta property=\"og:image:type\" content=\"image\/jpeg\" \/>\n<meta name=\"twitter:card\" content=\"summary_large_image\" \/>\n<meta name=\"twitter:label1\" content=\"\u0648\u0642\u062a \u0627\u0644\u0642\u0631\u0627\u0621\u0629 \u0627\u0644\u0645\u064f\u0642\u062f\u0651\u0631\" \/>\n\t<meta name=\"twitter:data1\" content=\"\u062f\u0642\u064a\u0642\u0629 \u0648\u0627\u062d\u062f\u0629\" \/>\n<script type=\"application\/ld+json\" class=\"yoast-schema-graph\">{\"@context\":\"https:\/\/schema.org\",\"@graph\":[{\"@type\":\"WebPage\",\"@id\":\"https:\/\/nirigs.com\/en\/product\/joyceplus-detergent-a-vaiselle-citron-1-l\/\",\"url\":\"https:\/\/nirigs.com\/en\/product\/joyceplus-detergent-a-vaiselle-citron-1-l\/\",\"name\":\"Joyceplus - D\u00e9tergent \u00e0 vaiselle citron - 1 L - NIRIGS\",\"isPartOf\":{\"@id\":\"https:\/\/nirigs.com\/#website\"},\"primaryImageOfPage\":{\"@id\":\"https:\/\/nirigs.com\/en\/product\/joyceplus-detergent-a-vaiselle-citron-1-l\/#primaryimage\"},\"image\":{\"@id\":\"https:\/\/nirigs.com\/en\/product\/joyceplus-detergent-a-vaiselle-citron-1-l\/#primaryimage\"},\"thumbnailUrl\":\"https:\/\/nirigs.com\/wp-content\/uploads\/2024\/10\/Joyceplus-Detergent-a-vaiselle-citron-1-L.jpg\",\"datePublished\":\"2024-10-06T15:02:11+00:00\",\"dateModified\":\"2025-02-02T13:42:07+00:00\",\"breadcrumb\":{\"@id\":\"https:\/\/nirigs.com\/en\/product\/joyceplus-detergent-a-vaiselle-citron-1-l\/#breadcrumb\"},\"inLanguage\":\"ar\",\"potentialAction\":[{\"@type\":\"ReadAction\",\"target\":[\"https:\/\/nirigs.com\/en\/product\/joyceplus-detergent-a-vaiselle-citron-1-l\/\"]}]},{\"@type\":\"ImageObject\",\"inLanguage\":\"ar\",\"@id\":\"https:\/\/nirigs.com\/en\/product\/joyceplus-detergent-a-vaiselle-citron-1-l\/#primaryimage\",\"url\":\"https:\/\/nirigs.com\/wp-content\/uploads\/2024\/10\/Joyceplus-Detergent-a-vaiselle-citron-1-L.jpg\",\"contentUrl\":\"https:\/\/nirigs.com\/wp-content\/uploads\/2024\/10\/Joyceplus-Detergent-a-vaiselle-citron-1-L.jpg\",\"width\":1000,\"height\":1000},{\"@type\":\"BreadcrumbList\",\"@id\":\"https:\/\/nirigs.com\/en\/product\/joyceplus-detergent-a-vaiselle-citron-1-l\/#breadcrumb\",\"itemListElement\":[{\"@type\":\"ListItem\",\"position\":1,\"name\":\"Home\",\"item\":\"https:\/\/nirigs.com\/\"},{\"@type\":\"ListItem\",\"position\":2,\"name\":\"Parcourir\",\"item\":\"https:\/\/nirigs.com\/boutique\/\"},{\"@type\":\"ListItem\",\"position\":3,\"name\":\"Joyceplus &#8211; D\u00e9tergent \u00e0 vaiselle citron &#8211; 1 L\"}]},{\"@type\":\"WebSite\",\"@id\":\"https:\/\/nirigs.com\/#website\",\"url\":\"https:\/\/nirigs.com\/\",\"name\":\"Nirigs.com\",\"description\":\"Simplifiez vos achats du quotidien \u00e0 Djibouti\",\"publisher\":{\"@id\":\"https:\/\/nirigs.com\/#organization\"},\"potentialAction\":[{\"@type\":\"SearchAction\",\"target\":{\"@type\":\"EntryPoint\",\"urlTemplate\":\"https:\/\/nirigs.com\/?s={search_term_string}\"},\"query-input\":{\"@type\":\"PropertyValueSpecification\",\"valueRequired\":true,\"valueName\":\"search_term_string\"}}],\"inLanguage\":\"ar\"},{\"@type\":\"Organization\",\"@id\":\"https:\/\/nirigs.com\/#organization\",\"name\":\"Nirigs\",\"url\":\"https:\/\/nirigs.com\/\",\"logo\":{\"@type\":\"ImageObject\",\"inLanguage\":\"ar\",\"@id\":\"https:\/\/nirigs.com\/#\/schema\/logo\/image\/\",\"url\":\"https:\/\/nirigs.com\/wp-content\/uploads\/2025\/04\/Design-sans-titre-27.png\",\"contentUrl\":\"https:\/\/nirigs.com\/wp-content\/uploads\/2025\/04\/Design-sans-titre-27.png\",\"width\":500,\"height\":500,\"caption\":\"Nirigs\"},\"image\":{\"@id\":\"https:\/\/nirigs.com\/#\/schema\/logo\/image\/\"}}]}<\/script>\n<!-- \/ Yoast SEO plugin. -->","yoast_head_json":{"title":"Joyceplus - D\u00e9tergent \u00e0 vaiselle citron - 1 L - NIRIGS","robots":{"index":"index","follow":"follow","max-snippet":"max-snippet:-1","max-image-preview":"max-image-preview:large","max-video-preview":"max-video-preview:-1"},"canonical":"https:\/\/nirigs.com\/ar\/product\/joyceplus-detergent-a-vaiselle-citron-1-l\/","og_locale":"ar_AR","og_type":"article","og_title":"Joyceplus - D\u00e9tergent \u00e0 vaiselle citron - 1 L - NIRIGS","og_description":"Joyceplus D\u00e9tergent \u00e0 Vaisselle Citron est un nettoyant puissant et efficace, sp\u00e9cialement formul\u00e9 pour \u00e9liminer les graisses tenaces et les","og_url":"https:\/\/nirigs.com\/ar\/product\/joyceplus-detergent-a-vaiselle-citron-1-l\/","og_site_name":"NIRIGS","article_modified_time":"2025-02-02T13:42:07+00:00","og_image":[{"width":1000,"height":1000,"url":"https:\/\/nirigs.com\/wp-content\/uploads\/2024\/10\/Joyceplus-Detergent-a-vaiselle-citron-1-L.jpg","type":"image\/jpeg"}],"twitter_card":"summary_large_image","twitter_misc":{"\u0648\u0642\u062a \u0627\u0644\u0642\u0631\u0627\u0621\u0629 \u0627\u0644\u0645\u064f\u0642\u062f\u0651\u0631":"\u062f\u0642\u064a\u0642\u0629 \u0648\u0627\u062d\u062f\u0629"},"schema":{"@context":"https:\/\/schema.org","@graph":[{"@type":"WebPage","@id":"https:\/\/nirigs.com\/en\/product\/joyceplus-detergent-a-vaiselle-citron-1-l\/","url":"https:\/\/nirigs.com\/en\/product\/joyceplus-detergent-a-vaiselle-citron-1-l\/","name":"Joyceplus - D\u00e9tergent \u00e0 vaiselle citron - 1 L - NIRIGS","isPartOf":{"@id":"https:\/\/nirigs.com\/#website"},"primaryImageOfPage":{"@id":"https:\/\/nirigs.com\/en\/product\/joyceplus-detergent-a-vaiselle-citron-1-l\/#primaryimage"},"image":{"@id":"https:\/\/nirigs.com\/en\/product\/joyceplus-detergent-a-vaiselle-citron-1-l\/#primaryimage"},"thumbnailUrl":"https:\/\/nirigs.com\/wp-content\/uploads\/2024\/10\/Joyceplus-Detergent-a-vaiselle-citron-1-L.jpg","datePublished":"2024-10-06T15:02:11+00:00","dateModified":"2025-02-02T13:42:07+00:00","breadcrumb":{"@id":"https:\/\/nirigs.com\/en\/product\/joyceplus-detergent-a-vaiselle-citron-1-l\/#breadcrumb"},"inLanguage":"ar","potentialAction":[{"@type":"ReadAction","target":["https:\/\/nirigs.com\/en\/product\/joyceplus-detergent-a-vaiselle-citron-1-l\/"]}]},{"@type":"ImageObject","inLanguage":"ar","@id":"https:\/\/nirigs.com\/en\/product\/joyceplus-detergent-a-vaiselle-citron-1-l\/#primaryimage","url":"https:\/\/nirigs.com\/wp-content\/uploads\/2024\/10\/Joyceplus-Detergent-a-vaiselle-citron-1-L.jpg","contentUrl":"https:\/\/nirigs.com\/wp-content\/uploads\/2024\/10\/Joyceplus-Detergent-a-vaiselle-citron-1-L.jpg","width":1000,"height":1000},{"@type":"BreadcrumbList","@id":"https:\/\/nirigs.com\/en\/product\/joyceplus-detergent-a-vaiselle-citron-1-l\/#breadcrumb","itemListElement":[{"@type":"ListItem","position":1,"name":"Home","item":"https:\/\/nirigs.com\/"},{"@type":"ListItem","position":2,"name":"Parcourir","item":"https:\/\/nirigs.com\/boutique\/"},{"@type":"ListItem","position":3,"name":"Joyceplus &#8211; D\u00e9tergent \u00e0 vaiselle citron &#8211; 1 L"}]},{"@type":"WebSite","@id":"https:\/\/nirigs.com\/#website","url":"https:\/\/nirigs.com\/","name":"Nirigs.com","description":"Simplifiez vos achats du quotidien \u00e0 Djibouti","publisher":{"@id":"https:\/\/nirigs.com\/#organization"},"potentialAction":[{"@type":"SearchAction","target":{"@type":"EntryPoint","urlTemplate":"https:\/\/nirigs.com\/?s={search_term_string}"},"query-input":{"@type":"PropertyValueSpecification","valueRequired":true,"valueName":"search_term_string"}}],"inLanguage":"ar"},{"@type":"Organization","@id":"https:\/\/nirigs.com\/#organization","name":"\u0646\u064a\u0631\u064a\u062c\u0633","url":"https:\/\/nirigs.com\/","logo":{"@type":"ImageObject","inLanguage":"ar","@id":"https:\/\/nirigs.com\/#\/schema\/logo\/image\/","url":"https:\/\/nirigs.com\/wp-content\/uploads\/2025\/04\/Design-sans-titre-27.png","contentUrl":"https:\/\/nirigs.com\/wp-content\/uploads\/2025\/04\/Design-sans-titre-27.png","width":500,"height":500,"caption":"Nirigs"},"image":{"@id":"https:\/\/nirigs.com\/#\/schema\/logo\/image\/"}}]}},"brands":[{"id":1178,"name":"Joyceplus","slug":"joyceplus"}],"_links":{"self":[{"href":"https:\/\/nirigs.com\/ar\/wp-json\/wp\/v2\/product\/23309","targetHints":{"allow":["GET"]}}],"collection":[{"href":"https:\/\/nirigs.com\/ar\/wp-json\/wp\/v2\/product"}],"about":[{"href":"https:\/\/nirigs.com\/ar\/wp-json\/wp\/v2\/types\/product"}],"replies":[{"embeddable":true,"href":"https:\/\/nirigs.com\/ar\/wp-json\/wp\/v2\/comments?post=23309"}],"version-history":[{"count":3,"href":"https:\/\/nirigs.com\/ar\/wp-json\/wp\/v2\/product\/23309\/revisions"}],"predecessor-version":[{"id":25432,"href":"https:\/\/nirigs.com\/ar\/wp-json\/wp\/v2\/product\/23309\/revisions\/25432"}],"wp:featuredmedia":[{"embeddable":true,"href":"https:\/\/nirigs.com\/ar\/wp-json\/wp\/v2\/media\/25429"}],"wp:attachment":[{"href":"https:\/\/nirigs.com\/ar\/wp-json\/wp\/v2\/media?parent=23309"}],"wp:term":[{"taxonomy":"pwb-brand","embeddable":true,"href":"https:\/\/nirigs.com\/ar\/wp-json\/wp\/v2\/pwb-brand?post=23309"},{"taxonomy":"product_brand","embeddable":true,"href":"https:\/\/nirigs.com\/ar\/wp-json\/wp\/v2\/product_brand?post=23309"},{"taxonomy":"product_cat","embeddable":true,"href":"https:\/\/nirigs.com\/ar\/wp-json\/wp\/v2\/product_cat?post=23309"},{"taxonomy":"product_tag","embeddable":true,"href":"https:\/\/nirigs.com\/ar\/wp-json\/wp\/v2\/product_tag?post=23309"}],"curies":[{"name":"wp","href":"https:\/\/api.w.org\/{rel}","templated":true}]}}