{"id":23299,"date":"2024-10-06T18:02:06","date_gmt":"2024-10-06T15:02:06","guid":{"rendered":"https:\/\/nirigs.com\/produit\/casino-avenir-recharge-lessive-liquide-fraicheur-1-815-l\/"},"modified":"2025-02-02T16:54:29","modified_gmt":"2025-02-02T13:54:29","slug":"casino-avenir-recharge-lessive-liquide-fraicheur-1-815-l","status":"publish","type":"product","link":"https:\/\/nirigs.com\/ar\/product\/casino-avenir-recharge-lessive-liquide-fraicheur-1-815-l\/","title":{"rendered":"\u0643\u0627\u0632\u064a\u0646\u0648 \u2013 \u0623\u0641\u064a\u0646\u064a\u0631 \u2013 \u0639\u0628\u0648\u0629 \u0625\u0639\u0627\u062f\u0629 \u062a\u0639\u0628\u0626\u0629 \u0633\u0627\u0626\u0644 \u063a\u0633\u064a\u0644 \u0627\u0644\u0645\u0644\u0627\u0628\u0633 \u0627\u0644\u0633\u0627\u0626\u0644 \u0627\u0644\u0637\u0627\u0632\u062c \u2013 1,815 \u0644\u062a\u0631"},"content":{"rendered":"<p>La lessive liquide fra\u00eecheur Casino Avenir est une solution id\u00e9ale pour un linge \u00e9clatant de propret\u00e9 et d\u00e9licatement parfum\u00e9. Con\u00e7ue pour tous types de textiles, elle combine efficacit\u00e9 et respect de l\u2019environnement gr\u00e2ce \u00e0 sa formule douce. Sa recharge \u00e9conomique permet de r\u00e9duire l\u2019utilisation de plastique et favorise un usage plus responsable. Chaque goutte de cette lessive enveloppe votre linge d\u2019un parfum frais, tout en assurant un nettoyage impeccable, m\u00eame \u00e0 basse temp\u00e9rature.<\/p>\n<h4>\u0645\u0643\u0648\u0646\u0627\u062a:<\/h4>\n<p>Agents de surface anioniques, 5-15 %, Savon, &lt; 5 %, Phosphonates, &lt; 5 %, Parfum, Conservateurs, Benzisothiazolinone, Methylisothiazolinone.<\/p>\n<h4>\u0641\u0648\u0627\u0626\u062f:<\/h4>\n<ul>\n<li>Efficacit\u00e9 : \u00c9limine les taches tenaces, m\u00eame \u00e0 basse temp\u00e9rature.<\/li>\n<li>Parfum frais : Apporte une fra\u00eecheur durable \u00e0 votre linge.<\/li>\n<li>Respect des textiles : Convient \u00e0 tous types de tissus, m\u00eame les plus d\u00e9licats.<\/li>\n<li>\u00c9coresponsable : Recharge qui permet de limiter la consommation de plastique.<\/li>\n<li>\u00c9conomique : Format pratique pour plusieurs utilisations, id\u00e9al pour les grandes lessives.<\/li>\n<\/ul>\n<h4>\u062a\u0639\u0644\u064a\u0645\u0627\u062a \u0627\u0644\u0627\u0633\u062a\u062e\u062f\u0627\u0645:<\/h4>\n<ol>\n<li>Ouvrez le bouchon de la recharge.<\/li>\n<li>Versez la quantit\u00e9 de lessive recommand\u00e9e dans le compartiment d\u00e9di\u00e9 de votre machine \u00e0 laver ou directement dans le tambour.\n<ul>\n<li>Dosage recommand\u00e9 :\n<ul>\n<li>Linge peu sale : 35 ml<\/li>\n<li>Linge normalement sale : 50 ml<\/li>\n<li>Linge tr\u00e8s sale : 70 ml<\/li>\n<\/ul>\n<\/li>\n<\/ul>\n<\/li>\n<li>Lancez votre cycle de lavage habituel.<\/li>\n<li>Pour un meilleur r\u00e9sultat, respectez les consignes de lavage indiqu\u00e9es sur les \u00e9tiquettes de vos v\u00eatements.<\/li>\n<\/ol>\n<h4>\u0627\u062d\u062a\u064a\u0627\u0637\u0627\u062a \u0627\u0644\u0627\u0633\u062a\u062e\u062f\u0627\u0645:<\/h4>\n<ul>\n<li>\u064a\u064f\u062d\u0641\u0638 \u0628\u0639\u064a\u062f\u064b\u0627 \u0639\u0646 \u0645\u062a\u0646\u0627\u0648\u0644 \u0627\u0644\u0623\u0637\u0641\u0627\u0644.<\/li>\n<li>\u00c9viter le contact avec les yeux. En cas de contact, rincer abondamment \u00e0 l\u2019eau.<\/li>\n<li>Ne pas ing\u00e9rer. En cas d\u2019ingestion, consulter imm\u00e9diatement un m\u00e9decin et montrer l\u2019emballage ou l&rsquo;\u00e9tiquette.<\/li>\n<li>Conserver \u00e0 l\u2019abri de la chaleur et de l\u2019humidit\u00e9.<\/li>\n<li>Ne pas verser directement sur le linge pour \u00e9viter les t\u00e2ches de lessive.<\/li>\n<\/ul>","protected":false},"excerpt":{"rendered":"<p>La lessive liquide fra\u00eecheur Casino Avenir est une solution id\u00e9ale pour un linge \u00e9clatant de propret\u00e9 et d\u00e9licatement parfum\u00e9. Con\u00e7ue<\/p>","protected":false},"featured_media":25472,"comment_status":"open","ping_status":"closed","template":"","meta":[],"pwb-brand":[843],"product_brand":[],"product_cat":[948,275,954,956],"product_tag":[],"class_list":{"0":"post-23299","1":"product","2":"type-product","3":"status-publish","4":"has-post-thumbnail","6":"pwb-brand-casino","7":"product_cat-entretien-de-la-maison-et-nettoyage","8":"product_cat-epicerie","9":"product_cat-lessive","10":"product_cat-lessive-liquide","12":"first","13":"instock","14":"shipping-taxable","15":"purchasable","16":"product-type-simple"},"yoast_head":"<!-- This site is optimized with the Yoast SEO plugin v27.1.1 - https:\/\/yoast.com\/product\/yoast-seo-wordpress\/ -->\n<title>Casino - Avenir - Recharge lessive liquide fraicheur - 1.815 L - NIRIGS<\/title>\n<meta name=\"robots\" content=\"index, follow, max-snippet:-1, max-image-preview:large, max-video-preview:-1\" \/>\n<link rel=\"canonical\" href=\"https:\/\/nirigs.com\/ar\/product\/casino-avenir-recharge-lessive-liquide-fraicheur-1-815-l\/\" \/>\n<meta property=\"og:locale\" content=\"ar_AR\" \/>\n<meta property=\"og:type\" content=\"article\" \/>\n<meta property=\"og:title\" content=\"Casino - Avenir - Recharge lessive liquide fraicheur - 1.815 L - NIRIGS\" \/>\n<meta property=\"og:description\" content=\"La lessive liquide fra\u00eecheur Casino Avenir est une solution id\u00e9ale pour un linge \u00e9clatant de propret\u00e9 et d\u00e9licatement parfum\u00e9. Con\u00e7ue\" \/>\n<meta property=\"og:url\" content=\"https:\/\/nirigs.com\/ar\/product\/casino-avenir-recharge-lessive-liquide-fraicheur-1-815-l\/\" \/>\n<meta property=\"og:site_name\" content=\"NIRIGS\" \/>\n<meta property=\"article:modified_time\" content=\"2025-02-02T13:54:29+00:00\" \/>\n<meta property=\"og:image\" content=\"https:\/\/nirigs.com\/wp-content\/uploads\/2024\/10\/Casino-Avenir-Recharge-lessive-liquide-fraicheur-1.815-L.jpg\" \/>\n\t<meta property=\"og:image:width\" content=\"1000\" \/>\n\t<meta property=\"og:image:height\" content=\"1000\" \/>\n\t<meta property=\"og:image:type\" content=\"image\/jpeg\" \/>\n<meta name=\"twitter:card\" content=\"summary_large_image\" \/>\n<meta name=\"twitter:label1\" content=\"\u0648\u0642\u062a \u0627\u0644\u0642\u0631\u0627\u0621\u0629 \u0627\u0644\u0645\u064f\u0642\u062f\u0651\u0631\" \/>\n\t<meta name=\"twitter:data1\" content=\"\u062f\u0642\u064a\u0642\u0629 \u0648\u0627\u062d\u062f\u0629\" \/>\n<script type=\"application\/ld+json\" class=\"yoast-schema-graph\">{\"@context\":\"https:\/\/schema.org\",\"@graph\":[{\"@type\":\"WebPage\",\"@id\":\"https:\/\/nirigs.com\/en\/product\/casino-avenir-recharge-lessive-liquide-fraicheur-1-815-l\/\",\"url\":\"https:\/\/nirigs.com\/en\/product\/casino-avenir-recharge-lessive-liquide-fraicheur-1-815-l\/\",\"name\":\"Casino - Avenir - Recharge lessive liquide fraicheur - 1.815 L - NIRIGS\",\"isPartOf\":{\"@id\":\"https:\/\/nirigs.com\/#website\"},\"primaryImageOfPage\":{\"@id\":\"https:\/\/nirigs.com\/en\/product\/casino-avenir-recharge-lessive-liquide-fraicheur-1-815-l\/#primaryimage\"},\"image\":{\"@id\":\"https:\/\/nirigs.com\/en\/product\/casino-avenir-recharge-lessive-liquide-fraicheur-1-815-l\/#primaryimage\"},\"thumbnailUrl\":\"https:\/\/nirigs.com\/wp-content\/uploads\/2024\/10\/Casino-Avenir-Recharge-lessive-liquide-fraicheur-1.815-L.jpg\",\"datePublished\":\"2024-10-06T15:02:06+00:00\",\"dateModified\":\"2025-02-02T13:54:29+00:00\",\"breadcrumb\":{\"@id\":\"https:\/\/nirigs.com\/en\/product\/casino-avenir-recharge-lessive-liquide-fraicheur-1-815-l\/#breadcrumb\"},\"inLanguage\":\"ar\",\"potentialAction\":[{\"@type\":\"ReadAction\",\"target\":[\"https:\/\/nirigs.com\/en\/product\/casino-avenir-recharge-lessive-liquide-fraicheur-1-815-l\/\"]}]},{\"@type\":\"ImageObject\",\"inLanguage\":\"ar\",\"@id\":\"https:\/\/nirigs.com\/en\/product\/casino-avenir-recharge-lessive-liquide-fraicheur-1-815-l\/#primaryimage\",\"url\":\"https:\/\/nirigs.com\/wp-content\/uploads\/2024\/10\/Casino-Avenir-Recharge-lessive-liquide-fraicheur-1.815-L.jpg\",\"contentUrl\":\"https:\/\/nirigs.com\/wp-content\/uploads\/2024\/10\/Casino-Avenir-Recharge-lessive-liquide-fraicheur-1.815-L.jpg\",\"width\":1000,\"height\":1000},{\"@type\":\"BreadcrumbList\",\"@id\":\"https:\/\/nirigs.com\/en\/product\/casino-avenir-recharge-lessive-liquide-fraicheur-1-815-l\/#breadcrumb\",\"itemListElement\":[{\"@type\":\"ListItem\",\"position\":1,\"name\":\"Home\",\"item\":\"https:\/\/nirigs.com\/\"},{\"@type\":\"ListItem\",\"position\":2,\"name\":\"Parcourir\",\"item\":\"https:\/\/nirigs.com\/boutique\/\"},{\"@type\":\"ListItem\",\"position\":3,\"name\":\"Casino &#8211; Avenir &#8211; Recharge lessive liquide fraicheur &#8211; 1.815 L\"}]},{\"@type\":\"WebSite\",\"@id\":\"https:\/\/nirigs.com\/#website\",\"url\":\"https:\/\/nirigs.com\/\",\"name\":\"Nirigs.com\",\"description\":\"Simplifiez vos achats du quotidien \u00e0 Djibouti\",\"publisher\":{\"@id\":\"https:\/\/nirigs.com\/#organization\"},\"potentialAction\":[{\"@type\":\"SearchAction\",\"target\":{\"@type\":\"EntryPoint\",\"urlTemplate\":\"https:\/\/nirigs.com\/?s={search_term_string}\"},\"query-input\":{\"@type\":\"PropertyValueSpecification\",\"valueRequired\":true,\"valueName\":\"search_term_string\"}}],\"inLanguage\":\"ar\"},{\"@type\":\"Organization\",\"@id\":\"https:\/\/nirigs.com\/#organization\",\"name\":\"Nirigs\",\"url\":\"https:\/\/nirigs.com\/\",\"logo\":{\"@type\":\"ImageObject\",\"inLanguage\":\"ar\",\"@id\":\"https:\/\/nirigs.com\/#\/schema\/logo\/image\/\",\"url\":\"https:\/\/nirigs.com\/wp-content\/uploads\/2025\/04\/Design-sans-titre-27.png\",\"contentUrl\":\"https:\/\/nirigs.com\/wp-content\/uploads\/2025\/04\/Design-sans-titre-27.png\",\"width\":500,\"height\":500,\"caption\":\"Nirigs\"},\"image\":{\"@id\":\"https:\/\/nirigs.com\/#\/schema\/logo\/image\/\"}}]}<\/script>\n<!-- \/ Yoast SEO plugin. -->","yoast_head_json":{"title":"Casino - Avenir - Recharge lessive liquide fraicheur - 1.815 L - NIRIGS","robots":{"index":"index","follow":"follow","max-snippet":"max-snippet:-1","max-image-preview":"max-image-preview:large","max-video-preview":"max-video-preview:-1"},"canonical":"https:\/\/nirigs.com\/ar\/product\/casino-avenir-recharge-lessive-liquide-fraicheur-1-815-l\/","og_locale":"ar_AR","og_type":"article","og_title":"Casino - Avenir - Recharge lessive liquide fraicheur - 1.815 L - NIRIGS","og_description":"La lessive liquide fra\u00eecheur Casino Avenir est une solution id\u00e9ale pour un linge \u00e9clatant de propret\u00e9 et d\u00e9licatement parfum\u00e9. Con\u00e7ue","og_url":"https:\/\/nirigs.com\/ar\/product\/casino-avenir-recharge-lessive-liquide-fraicheur-1-815-l\/","og_site_name":"NIRIGS","article_modified_time":"2025-02-02T13:54:29+00:00","og_image":[{"width":1000,"height":1000,"url":"https:\/\/nirigs.com\/wp-content\/uploads\/2024\/10\/Casino-Avenir-Recharge-lessive-liquide-fraicheur-1.815-L.jpg","type":"image\/jpeg"}],"twitter_card":"summary_large_image","twitter_misc":{"\u0648\u0642\u062a \u0627\u0644\u0642\u0631\u0627\u0621\u0629 \u0627\u0644\u0645\u064f\u0642\u062f\u0651\u0631":"\u062f\u0642\u064a\u0642\u0629 \u0648\u0627\u062d\u062f\u0629"},"schema":{"@context":"https:\/\/schema.org","@graph":[{"@type":"WebPage","@id":"https:\/\/nirigs.com\/en\/product\/casino-avenir-recharge-lessive-liquide-fraicheur-1-815-l\/","url":"https:\/\/nirigs.com\/en\/product\/casino-avenir-recharge-lessive-liquide-fraicheur-1-815-l\/","name":"Casino - Avenir - Recharge lessive liquide fraicheur - 1.815 L - NIRIGS","isPartOf":{"@id":"https:\/\/nirigs.com\/#website"},"primaryImageOfPage":{"@id":"https:\/\/nirigs.com\/en\/product\/casino-avenir-recharge-lessive-liquide-fraicheur-1-815-l\/#primaryimage"},"image":{"@id":"https:\/\/nirigs.com\/en\/product\/casino-avenir-recharge-lessive-liquide-fraicheur-1-815-l\/#primaryimage"},"thumbnailUrl":"https:\/\/nirigs.com\/wp-content\/uploads\/2024\/10\/Casino-Avenir-Recharge-lessive-liquide-fraicheur-1.815-L.jpg","datePublished":"2024-10-06T15:02:06+00:00","dateModified":"2025-02-02T13:54:29+00:00","breadcrumb":{"@id":"https:\/\/nirigs.com\/en\/product\/casino-avenir-recharge-lessive-liquide-fraicheur-1-815-l\/#breadcrumb"},"inLanguage":"ar","potentialAction":[{"@type":"ReadAction","target":["https:\/\/nirigs.com\/en\/product\/casino-avenir-recharge-lessive-liquide-fraicheur-1-815-l\/"]}]},{"@type":"ImageObject","inLanguage":"ar","@id":"https:\/\/nirigs.com\/en\/product\/casino-avenir-recharge-lessive-liquide-fraicheur-1-815-l\/#primaryimage","url":"https:\/\/nirigs.com\/wp-content\/uploads\/2024\/10\/Casino-Avenir-Recharge-lessive-liquide-fraicheur-1.815-L.jpg","contentUrl":"https:\/\/nirigs.com\/wp-content\/uploads\/2024\/10\/Casino-Avenir-Recharge-lessive-liquide-fraicheur-1.815-L.jpg","width":1000,"height":1000},{"@type":"BreadcrumbList","@id":"https:\/\/nirigs.com\/en\/product\/casino-avenir-recharge-lessive-liquide-fraicheur-1-815-l\/#breadcrumb","itemListElement":[{"@type":"ListItem","position":1,"name":"Home","item":"https:\/\/nirigs.com\/"},{"@type":"ListItem","position":2,"name":"Parcourir","item":"https:\/\/nirigs.com\/boutique\/"},{"@type":"ListItem","position":3,"name":"Casino &#8211; Avenir &#8211; Recharge lessive liquide fraicheur &#8211; 1.815 L"}]},{"@type":"WebSite","@id":"https:\/\/nirigs.com\/#website","url":"https:\/\/nirigs.com\/","name":"Nirigs.com","description":"Simplifiez vos achats du quotidien \u00e0 Djibouti","publisher":{"@id":"https:\/\/nirigs.com\/#organization"},"potentialAction":[{"@type":"SearchAction","target":{"@type":"EntryPoint","urlTemplate":"https:\/\/nirigs.com\/?s={search_term_string}"},"query-input":{"@type":"PropertyValueSpecification","valueRequired":true,"valueName":"search_term_string"}}],"inLanguage":"ar"},{"@type":"Organization","@id":"https:\/\/nirigs.com\/#organization","name":"\u0646\u064a\u0631\u064a\u062c\u0633","url":"https:\/\/nirigs.com\/","logo":{"@type":"ImageObject","inLanguage":"ar","@id":"https:\/\/nirigs.com\/#\/schema\/logo\/image\/","url":"https:\/\/nirigs.com\/wp-content\/uploads\/2025\/04\/Design-sans-titre-27.png","contentUrl":"https:\/\/nirigs.com\/wp-content\/uploads\/2025\/04\/Design-sans-titre-27.png","width":500,"height":500,"caption":"Nirigs"},"image":{"@id":"https:\/\/nirigs.com\/#\/schema\/logo\/image\/"}}]}},"brands":[{"id":843,"name":"\u0643\u0627\u0632\u064a\u0646\u0648","slug":"casino"}],"_links":{"self":[{"href":"https:\/\/nirigs.com\/ar\/wp-json\/wp\/v2\/product\/23299","targetHints":{"allow":["GET"]}}],"collection":[{"href":"https:\/\/nirigs.com\/ar\/wp-json\/wp\/v2\/product"}],"about":[{"href":"https:\/\/nirigs.com\/ar\/wp-json\/wp\/v2\/types\/product"}],"replies":[{"embeddable":true,"href":"https:\/\/nirigs.com\/ar\/wp-json\/wp\/v2\/comments?post=23299"}],"version-history":[{"count":4,"href":"https:\/\/nirigs.com\/ar\/wp-json\/wp\/v2\/product\/23299\/revisions"}],"predecessor-version":[{"id":25471,"href":"https:\/\/nirigs.com\/ar\/wp-json\/wp\/v2\/product\/23299\/revisions\/25471"}],"wp:featuredmedia":[{"embeddable":true,"href":"https:\/\/nirigs.com\/ar\/wp-json\/wp\/v2\/media\/25472"}],"wp:attachment":[{"href":"https:\/\/nirigs.com\/ar\/wp-json\/wp\/v2\/media?parent=23299"}],"wp:term":[{"taxonomy":"pwb-brand","embeddable":true,"href":"https:\/\/nirigs.com\/ar\/wp-json\/wp\/v2\/pwb-brand?post=23299"},{"taxonomy":"product_brand","embeddable":true,"href":"https:\/\/nirigs.com\/ar\/wp-json\/wp\/v2\/product_brand?post=23299"},{"taxonomy":"product_cat","embeddable":true,"href":"https:\/\/nirigs.com\/ar\/wp-json\/wp\/v2\/product_cat?post=23299"},{"taxonomy":"product_tag","embeddable":true,"href":"https:\/\/nirigs.com\/ar\/wp-json\/wp\/v2\/product_tag?post=23299"}],"curies":[{"name":"wp","href":"https:\/\/api.w.org\/{rel}","templated":true}]}}