{"id":23296,"date":"2024-10-06T18:02:05","date_gmt":"2024-10-06T15:02:05","guid":{"rendered":"https:\/\/nirigs.com\/produit\/sunlight-liquide-vaiselle-avec-du-vrai-jus-de-citron-750-ml\/"},"modified":"2025-06-06T22:56:04","modified_gmt":"2025-06-06T19:56:04","slug":"sunlight-liquide-vaiselle-avec-du-vrai-jus-de-citron-750-ml","status":"publish","type":"product","link":"https:\/\/nirigs.com\/ar\/product\/sunlight-liquide-vaiselle-avec-du-vrai-jus-de-citron-750-ml\/","title":{"rendered":"Sunlight &#8211; Liquide vaiselle avec du vrai jus de citron  &#8211; 750 ml"},"content":{"rendered":"<p>Sunlight Liquide Vaisselle est un produit nettoyant ultra-efficace, enrichi avec du vrai jus de citron pour \u00e9liminer rapidement la graisse et les r\u00e9sidus tenaces sur votre vaisselle. Sa formule douce respecte vos mains tout en laissant vos assiettes, verres et couverts impeccablement propres et brillants, avec une fra\u00eeche odeur de citron.<\/p>\n<h4>\u0645\u0643\u0648\u0646\u0627\u062a :<\/h4>\n<p>Jus de citron naturel, Agents tensioactifs anioniques (pour une d\u00e9graissage optimal), Conservateurs, Agents moussants, Eau, Parfum citron, Colorants<\/p>\n<h4>\u0641\u0648\u0627\u0626\u062f :<\/h4>\n<ul>\n<li>\u00c9limine efficacement la graisse : Gr\u00e2ce \u00e0 l\u2019ajout de jus de citron, ce liquide vaisselle s\u2019attaque aux graisses les plus tenaces.<\/li>\n<li>Soin des mains : Sa formule douce est con\u00e7ue pour ne pas dess\u00e9cher la peau apr\u00e8s utilisation.<\/li>\n<li>Parfum frais de citron : Laisse une odeur agr\u00e9able et rafra\u00eechissante apr\u00e8s chaque lavage.<\/li>\n<li>Respectueux de l\u2019environnement : Biod\u00e9gradable, il est sans danger pour l\u2019environnement.<\/li>\n<li>\u00c9conomique : Une petite quantit\u00e9 suffit pour un nettoyage efficace.<\/li>\n<\/ul>\n<h4>Mode d\u2019emploi :<\/h4>\n<ol>\n<li>Verser une petite quantit\u00e9 de liquide vaisselle dans l\u2019eau ou directement sur l\u2019\u00e9ponge.<\/li>\n<li>Frotter la vaisselle pour retirer la salet\u00e9 et les graisses.<\/li>\n<li>Rincer abondamment \u00e0 l\u2019eau claire.<\/li>\n<li>Pour des t\u00e2ches particuli\u00e8rement difficiles, laisser tremper la vaisselle quelques minutes avant de laver.<\/li>\n<\/ol>\n<h4>\u0627\u062d\u062a\u064a\u0627\u0637\u0627\u062a \u0627\u0644\u0627\u0633\u062a\u062e\u062f\u0627\u0645:<\/h4>\n<ul>\n<li>\u00c9viter tout contact avec les yeux. En cas de contact, rincer abondamment avec de l\u2019eau.<\/li>\n<li>Conserver hors de port\u00e9e des enfants.<\/li>\n<li>Ne pas ing\u00e9rer. En cas d\u2019ingestion, consulter un m\u00e9decin imm\u00e9diatement.<\/li>\n<li>\u00c9viter de m\u00e9langer avec d\u2019autres produits m\u00e9nagers.<\/li>\n<\/ul>","protected":false},"excerpt":{"rendered":"<p>Sunlight Liquide Vaisselle est un produit nettoyant ultra-efficace, enrichi avec du vrai jus de citron pour \u00e9liminer rapidement la graisse<\/p>","protected":false},"featured_media":25490,"comment_status":"open","ping_status":"closed","template":"","meta":[],"pwb-brand":[1204],"product_brand":[],"product_cat":[948,275,1179,1180],"product_tag":[],"class_list":{"0":"post-23296","1":"product","2":"type-product","3":"status-publish","4":"has-post-thumbnail","6":"pwb-brand-sunlight","7":"product_cat-entretien-de-la-maison-et-nettoyage","8":"product_cat-epicerie","9":"product_cat-lave-vaisselle","10":"product_cat-liquide-vaisselle","12":"first","13":"instock","14":"shipping-taxable","15":"purchasable","16":"product-type-simple"},"yoast_head":"<!-- This site is optimized with the Yoast SEO plugin v27.4 - https:\/\/yoast.com\/product\/yoast-seo-wordpress\/ -->\n<title>Sunlight - Liquide vaiselle avec du vrai jus de citron - 750 ml - NIRIGS<\/title>\n<meta name=\"robots\" content=\"index, follow, max-snippet:-1, max-image-preview:large, max-video-preview:-1\" \/>\n<link rel=\"canonical\" href=\"https:\/\/nirigs.com\/ar\/product\/sunlight-liquide-vaiselle-avec-du-vrai-jus-de-citron-750-ml\/\" \/>\n<meta property=\"og:locale\" content=\"ar_AR\" \/>\n<meta property=\"og:type\" content=\"article\" \/>\n<meta property=\"og:title\" content=\"Sunlight - Liquide vaiselle avec du vrai jus de citron - 750 ml - NIRIGS\" \/>\n<meta property=\"og:description\" content=\"Sunlight Liquide Vaisselle est un produit nettoyant ultra-efficace, enrichi avec du vrai jus de citron pour \u00e9liminer rapidement la graisse\" \/>\n<meta property=\"og:url\" content=\"https:\/\/nirigs.com\/ar\/product\/sunlight-liquide-vaiselle-avec-du-vrai-jus-de-citron-750-ml\/\" \/>\n<meta property=\"og:site_name\" content=\"NIRIGS\" \/>\n<meta property=\"article:modified_time\" content=\"2025-06-06T19:56:04+00:00\" \/>\n<meta property=\"og:image\" content=\"https:\/\/nirigs.com\/wp-content\/uploads\/2024\/10\/Sunlight-Liquide-vaiselle-avec-du-vrai-jus-de-citron-750-ml.jpg\" \/>\n\t<meta property=\"og:image:width\" content=\"1000\" \/>\n\t<meta property=\"og:image:height\" content=\"1000\" \/>\n\t<meta property=\"og:image:type\" content=\"image\/jpeg\" \/>\n<meta name=\"twitter:card\" content=\"summary_large_image\" \/>\n<meta name=\"twitter:label1\" content=\"\u0648\u0642\u062a \u0627\u0644\u0642\u0631\u0627\u0621\u0629 \u0627\u0644\u0645\u064f\u0642\u062f\u0651\u0631\" \/>\n\t<meta name=\"twitter:data1\" content=\"\u062f\u0642\u064a\u0642\u0629 \u0648\u0627\u062d\u062f\u0629\" \/>\n<script type=\"application\/ld+json\" class=\"yoast-schema-graph\">{\"@context\":\"https:\\\/\\\/schema.org\",\"@graph\":[{\"@type\":\"WebPage\",\"@id\":\"https:\\\/\\\/nirigs.com\\\/ar\\\/product\\\/sunlight-liquide-vaiselle-avec-du-vrai-jus-de-citron-750-ml\\\/\",\"url\":\"https:\\\/\\\/nirigs.com\\\/ar\\\/product\\\/sunlight-liquide-vaiselle-avec-du-vrai-jus-de-citron-750-ml\\\/\",\"name\":\"Sunlight - Liquide vaiselle avec du vrai jus de citron - 750 ml - NIRIGS\",\"isPartOf\":{\"@id\":\"https:\\\/\\\/nirigs.com\\\/#website\"},\"primaryImageOfPage\":{\"@id\":\"https:\\\/\\\/nirigs.com\\\/ar\\\/product\\\/sunlight-liquide-vaiselle-avec-du-vrai-jus-de-citron-750-ml\\\/#primaryimage\"},\"image\":{\"@id\":\"https:\\\/\\\/nirigs.com\\\/ar\\\/product\\\/sunlight-liquide-vaiselle-avec-du-vrai-jus-de-citron-750-ml\\\/#primaryimage\"},\"thumbnailUrl\":\"https:\\\/\\\/nirigs.com\\\/wp-content\\\/uploads\\\/2024\\\/10\\\/Sunlight-Liquide-vaiselle-avec-du-vrai-jus-de-citron-750-ml.jpg\",\"datePublished\":\"2024-10-06T15:02:05+00:00\",\"dateModified\":\"2025-06-06T19:56:04+00:00\",\"breadcrumb\":{\"@id\":\"https:\\\/\\\/nirigs.com\\\/ar\\\/product\\\/sunlight-liquide-vaiselle-avec-du-vrai-jus-de-citron-750-ml\\\/#breadcrumb\"},\"inLanguage\":\"ar\",\"potentialAction\":[{\"@type\":\"ReadAction\",\"target\":[\"https:\\\/\\\/nirigs.com\\\/ar\\\/product\\\/sunlight-liquide-vaiselle-avec-du-vrai-jus-de-citron-750-ml\\\/\"]}]},{\"@type\":\"ImageObject\",\"inLanguage\":\"ar\",\"@id\":\"https:\\\/\\\/nirigs.com\\\/ar\\\/product\\\/sunlight-liquide-vaiselle-avec-du-vrai-jus-de-citron-750-ml\\\/#primaryimage\",\"url\":\"https:\\\/\\\/nirigs.com\\\/wp-content\\\/uploads\\\/2024\\\/10\\\/Sunlight-Liquide-vaiselle-avec-du-vrai-jus-de-citron-750-ml.jpg\",\"contentUrl\":\"https:\\\/\\\/nirigs.com\\\/wp-content\\\/uploads\\\/2024\\\/10\\\/Sunlight-Liquide-vaiselle-avec-du-vrai-jus-de-citron-750-ml.jpg\",\"width\":1000,\"height\":1000},{\"@type\":\"BreadcrumbList\",\"@id\":\"https:\\\/\\\/nirigs.com\\\/ar\\\/product\\\/sunlight-liquide-vaiselle-avec-du-vrai-jus-de-citron-750-ml\\\/#breadcrumb\",\"itemListElement\":[{\"@type\":\"ListItem\",\"position\":1,\"name\":\"Home\",\"item\":\"https:\\\/\\\/nirigs.com\\\/\"},{\"@type\":\"ListItem\",\"position\":2,\"name\":\"Parcourir\",\"item\":\"https:\\\/\\\/nirigs.com\\\/boutique\\\/\"},{\"@type\":\"ListItem\",\"position\":3,\"name\":\"Sunlight &#8211; Liquide vaiselle avec du vrai jus de citron &#8211; 750 ml\"}]},{\"@type\":\"WebSite\",\"@id\":\"https:\\\/\\\/nirigs.com\\\/#website\",\"url\":\"https:\\\/\\\/nirigs.com\\\/\",\"name\":\"Nirigs.com\",\"description\":\"Simplifiez vos achats du quotidien \u00e0 Djibouti\",\"publisher\":{\"@id\":\"https:\\\/\\\/nirigs.com\\\/#organization\"},\"potentialAction\":[{\"@type\":\"SearchAction\",\"target\":{\"@type\":\"EntryPoint\",\"urlTemplate\":\"https:\\\/\\\/nirigs.com\\\/?s={search_term_string}\"},\"query-input\":{\"@type\":\"PropertyValueSpecification\",\"valueRequired\":true,\"valueName\":\"search_term_string\"}}],\"inLanguage\":\"ar\"},{\"@type\":\"Organization\",\"@id\":\"https:\\\/\\\/nirigs.com\\\/#organization\",\"name\":\"Nirigs\",\"url\":\"https:\\\/\\\/nirigs.com\\\/\",\"logo\":{\"@type\":\"ImageObject\",\"inLanguage\":\"ar\",\"@id\":\"https:\\\/\\\/nirigs.com\\\/#\\\/schema\\\/logo\\\/image\\\/\",\"url\":\"https:\\\/\\\/nirigs.com\\\/wp-content\\\/uploads\\\/2025\\\/04\\\/Design-sans-titre-27.png\",\"contentUrl\":\"https:\\\/\\\/nirigs.com\\\/wp-content\\\/uploads\\\/2025\\\/04\\\/Design-sans-titre-27.png\",\"width\":500,\"height\":500,\"caption\":\"Nirigs\"},\"image\":{\"@id\":\"https:\\\/\\\/nirigs.com\\\/#\\\/schema\\\/logo\\\/image\\\/\"}}]}<\/script>\n<!-- \/ Yoast SEO plugin. -->","yoast_head_json":{"title":"Sunlight - Liquide vaiselle avec du vrai jus de citron - 750 ml - NIRIGS","robots":{"index":"index","follow":"follow","max-snippet":"max-snippet:-1","max-image-preview":"max-image-preview:large","max-video-preview":"max-video-preview:-1"},"canonical":"https:\/\/nirigs.com\/ar\/product\/sunlight-liquide-vaiselle-avec-du-vrai-jus-de-citron-750-ml\/","og_locale":"ar_AR","og_type":"article","og_title":"Sunlight - Liquide vaiselle avec du vrai jus de citron - 750 ml - NIRIGS","og_description":"Sunlight Liquide Vaisselle est un produit nettoyant ultra-efficace, enrichi avec du vrai jus de citron pour \u00e9liminer rapidement la graisse","og_url":"https:\/\/nirigs.com\/ar\/product\/sunlight-liquide-vaiselle-avec-du-vrai-jus-de-citron-750-ml\/","og_site_name":"NIRIGS","article_modified_time":"2025-06-06T19:56:04+00:00","og_image":[{"width":1000,"height":1000,"url":"https:\/\/nirigs.com\/wp-content\/uploads\/2024\/10\/Sunlight-Liquide-vaiselle-avec-du-vrai-jus-de-citron-750-ml.jpg","type":"image\/jpeg"}],"twitter_card":"summary_large_image","twitter_misc":{"\u0648\u0642\u062a \u0627\u0644\u0642\u0631\u0627\u0621\u0629 \u0627\u0644\u0645\u064f\u0642\u062f\u0651\u0631":"\u062f\u0642\u064a\u0642\u0629 \u0648\u0627\u062d\u062f\u0629"},"schema":{"@context":"https:\/\/schema.org","@graph":[{"@type":"WebPage","@id":"https:\/\/nirigs.com\/ar\/product\/sunlight-liquide-vaiselle-avec-du-vrai-jus-de-citron-750-ml\/","url":"https:\/\/nirigs.com\/ar\/product\/sunlight-liquide-vaiselle-avec-du-vrai-jus-de-citron-750-ml\/","name":"Sunlight - Liquide vaiselle avec du vrai jus de citron - 750 ml - NIRIGS","isPartOf":{"@id":"https:\/\/nirigs.com\/#website"},"primaryImageOfPage":{"@id":"https:\/\/nirigs.com\/ar\/product\/sunlight-liquide-vaiselle-avec-du-vrai-jus-de-citron-750-ml\/#primaryimage"},"image":{"@id":"https:\/\/nirigs.com\/ar\/product\/sunlight-liquide-vaiselle-avec-du-vrai-jus-de-citron-750-ml\/#primaryimage"},"thumbnailUrl":"https:\/\/nirigs.com\/wp-content\/uploads\/2024\/10\/Sunlight-Liquide-vaiselle-avec-du-vrai-jus-de-citron-750-ml.jpg","datePublished":"2024-10-06T15:02:05+00:00","dateModified":"2025-06-06T19:56:04+00:00","breadcrumb":{"@id":"https:\/\/nirigs.com\/ar\/product\/sunlight-liquide-vaiselle-avec-du-vrai-jus-de-citron-750-ml\/#breadcrumb"},"inLanguage":"ar","potentialAction":[{"@type":"ReadAction","target":["https:\/\/nirigs.com\/ar\/product\/sunlight-liquide-vaiselle-avec-du-vrai-jus-de-citron-750-ml\/"]}]},{"@type":"ImageObject","inLanguage":"ar","@id":"https:\/\/nirigs.com\/ar\/product\/sunlight-liquide-vaiselle-avec-du-vrai-jus-de-citron-750-ml\/#primaryimage","url":"https:\/\/nirigs.com\/wp-content\/uploads\/2024\/10\/Sunlight-Liquide-vaiselle-avec-du-vrai-jus-de-citron-750-ml.jpg","contentUrl":"https:\/\/nirigs.com\/wp-content\/uploads\/2024\/10\/Sunlight-Liquide-vaiselle-avec-du-vrai-jus-de-citron-750-ml.jpg","width":1000,"height":1000},{"@type":"BreadcrumbList","@id":"https:\/\/nirigs.com\/ar\/product\/sunlight-liquide-vaiselle-avec-du-vrai-jus-de-citron-750-ml\/#breadcrumb","itemListElement":[{"@type":"ListItem","position":1,"name":"Home","item":"https:\/\/nirigs.com\/"},{"@type":"ListItem","position":2,"name":"Parcourir","item":"https:\/\/nirigs.com\/boutique\/"},{"@type":"ListItem","position":3,"name":"Sunlight &#8211; Liquide vaiselle avec du vrai jus de citron &#8211; 750 ml"}]},{"@type":"WebSite","@id":"https:\/\/nirigs.com\/#website","url":"https:\/\/nirigs.com\/","name":"Nirigs.com","description":"Simplifiez vos achats du quotidien \u00e0 Djibouti","publisher":{"@id":"https:\/\/nirigs.com\/#organization"},"potentialAction":[{"@type":"SearchAction","target":{"@type":"EntryPoint","urlTemplate":"https:\/\/nirigs.com\/?s={search_term_string}"},"query-input":{"@type":"PropertyValueSpecification","valueRequired":true,"valueName":"search_term_string"}}],"inLanguage":"ar"},{"@type":"Organization","@id":"https:\/\/nirigs.com\/#organization","name":"\u0646\u064a\u0631\u064a\u062c\u0633","url":"https:\/\/nirigs.com\/","logo":{"@type":"ImageObject","inLanguage":"ar","@id":"https:\/\/nirigs.com\/#\/schema\/logo\/image\/","url":"https:\/\/nirigs.com\/wp-content\/uploads\/2025\/04\/Design-sans-titre-27.png","contentUrl":"https:\/\/nirigs.com\/wp-content\/uploads\/2025\/04\/Design-sans-titre-27.png","width":500,"height":500,"caption":"Nirigs"},"image":{"@id":"https:\/\/nirigs.com\/#\/schema\/logo\/image\/"}}]}},"brands":[{"id":1204,"name":"Sunlight","slug":"sunlight"}],"_links":{"self":[{"href":"https:\/\/nirigs.com\/ar\/wp-json\/wp\/v2\/product\/23296","targetHints":{"allow":["GET"]}}],"collection":[{"href":"https:\/\/nirigs.com\/ar\/wp-json\/wp\/v2\/product"}],"about":[{"href":"https:\/\/nirigs.com\/ar\/wp-json\/wp\/v2\/types\/product"}],"replies":[{"embeddable":true,"href":"https:\/\/nirigs.com\/ar\/wp-json\/wp\/v2\/comments?post=23296"}],"version-history":[{"count":2,"href":"https:\/\/nirigs.com\/ar\/wp-json\/wp\/v2\/product\/23296\/revisions"}],"predecessor-version":[{"id":25489,"href":"https:\/\/nirigs.com\/ar\/wp-json\/wp\/v2\/product\/23296\/revisions\/25489"}],"wp:featuredmedia":[{"embeddable":true,"href":"https:\/\/nirigs.com\/ar\/wp-json\/wp\/v2\/media\/25490"}],"wp:attachment":[{"href":"https:\/\/nirigs.com\/ar\/wp-json\/wp\/v2\/media?parent=23296"}],"wp:term":[{"taxonomy":"pwb-brand","embeddable":true,"href":"https:\/\/nirigs.com\/ar\/wp-json\/wp\/v2\/pwb-brand?post=23296"},{"taxonomy":"product_brand","embeddable":true,"href":"https:\/\/nirigs.com\/ar\/wp-json\/wp\/v2\/product_brand?post=23296"},{"taxonomy":"product_cat","embeddable":true,"href":"https:\/\/nirigs.com\/ar\/wp-json\/wp\/v2\/product_cat?post=23296"},{"taxonomy":"product_tag","embeddable":true,"href":"https:\/\/nirigs.com\/ar\/wp-json\/wp\/v2\/product_tag?post=23296"}],"curies":[{"name":"wp","href":"https:\/\/api.w.org\/{rel}","templated":true}]}}