{"id":23284,"date":"2024-10-06T18:02:01","date_gmt":"2024-10-06T15:02:01","guid":{"rendered":"https:\/\/nirigs.com\/produit\/soupline-adoucissant-grand-air-1-9l\/"},"modified":"2025-02-02T16:58:21","modified_gmt":"2025-02-02T13:58:21","slug":"soupline-adoucissant-grand-air-1-9l","status":"publish","type":"product","link":"https:\/\/nirigs.com\/ar\/product\/soupline-adoucissant-grand-air-1-9l\/","title":{"rendered":"Soupline &#8211; Adoucissant grand air &#8211; 1.9L"},"content":{"rendered":"<p>Le Soupline Adoucissant Grand Air offre \u00e0 votre linge une douceur in\u00e9gal\u00e9e tout en lui conf\u00e9rant un parfum frais et l\u00e9ger. Con\u00e7u pour adoucir vos textiles, cet adoucissant rend le repassage plus facile et prolonge la dur\u00e9e de vie de vos v\u00eatements. Sa formule sp\u00e9ciale permet de prot\u00e9ger les fibres tout en laissant un parfum agr\u00e9able sur votre linge.<\/p>\n<h4>\u0645\u0643\u0648\u0646\u0627\u062a :<\/h4>\n<p>Cationiques : 5 % ou plus, mais moins de 15 %, Parfums : Contient des agents parfumants pour un parfum frais, Conservateurs : Pr\u00e9serve la qualit\u00e9 du produit.<\/p>\n<p><em>* Pour la liste compl\u00e8te des ingr\u00e9dients, veuillez consulter l&rsquo;\u00e9tiquette du produit.<\/em><\/p>\n<h4>\u0641\u0648\u0627\u0626\u062f :<\/h4>\n<ul>\n<li>Douceur exceptionnelle : Rends vos v\u00eatements agr\u00e9ablement doux au toucher.<\/li>\n<li>Facilit\u00e9 de repassage : R\u00e9duit l&rsquo;adh\u00e9rence des textiles, rendant le repassage plus simple et rapide.<\/li>\n<li>Parfum frais : Laisse un parfum l\u00e9ger et agr\u00e9able sur vos v\u00eatements.<\/li>\n<li>Protection des fibres : Prolonge la dur\u00e9e de vie de vos textiles gr\u00e2ce \u00e0 sa formule protectrice.<\/li>\n<\/ul>\n<h4>\u062a\u0639\u0644\u064a\u0645\u0627\u062a :<\/h4>\n<ol>\n<li>Lavage en machine : Ajoutez l\u2019adoucissant Soupline dans le compartiment pr\u00e9vu lors du dernier cycle de rin\u00e7age.\n<ul>\n<li>Utilisez environ 60 ml pour une charge normale (environ 4-5 kg de linge).<\/li>\n<li>Ajustez la quantit\u00e9 en fonction de la duret\u00e9 de l&rsquo;eau et de vos pr\u00e9f\u00e9rences.<\/li>\n<\/ul>\n<\/li>\n<li>Lavage \u00e0 la main : Diluez 20 ml d\u2019adoucissant dans un seau d&rsquo;eau et laissez tremper vos v\u00eatements pendant 10-15 minutes avant de les rincer.<\/li>\n<\/ol>\n<h4>\u0627\u062d\u062a\u064a\u0627\u0637\u0627\u062a \u0627\u0644\u0627\u0633\u062a\u062e\u062f\u0627\u0645:<\/h4>\n<ul>\n<li>\u064a\u064f\u062d\u0641\u0638 \u0628\u0639\u064a\u062f\u064b\u0627 \u0639\u0646 \u0645\u062a\u0646\u0627\u0648\u0644 \u0627\u0644\u0623\u0637\u0641\u0627\u0644.<\/li>\n<li>\u00c9viter le contact avec les yeux. En cas de contact, rincer abondamment \u00e0 l&rsquo;eau.<\/li>\n<li>\u0644\u0627 \u062a\u0628\u062a\u0644\u0639. \u0641\u064a \u062d\u0627\u0644\u0629 \u0627\u0628\u062a\u0644\u0627\u0639\u0647\u060c \u0627\u0637\u0644\u0628 \u0627\u0644\u0639\u0646\u0627\u064a\u0629 \u0627\u0644\u0637\u0628\u064a\u0629 \u0639\u0644\u0649 \u0627\u0644\u0641\u0648\u0631.<\/li>\n<li>Stockage : Conserver dans un endroit frais et sec, \u00e0 l&rsquo;abri de la lumi\u00e8re directe.<\/li>\n<\/ul>","protected":false},"excerpt":{"rendered":"<p>Le Soupline Adoucissant Grand Air offre \u00e0 votre linge une douceur in\u00e9gal\u00e9e tout en lui conf\u00e9rant un parfum frais et<\/p>","protected":false},"featured_media":25556,"comment_status":"open","ping_status":"closed","template":"","meta":[],"pwb-brand":[1206],"product_brand":[],"product_cat":[957,948,275,954],"product_tag":[],"class_list":{"0":"post-23284","1":"product","2":"type-product","3":"status-publish","4":"has-post-thumbnail","6":"pwb-brand-soupline","7":"product_cat-assouplissant-textile-liquide","8":"product_cat-entretien-de-la-maison-et-nettoyage","9":"product_cat-epicerie","10":"product_cat-lessive","12":"first","13":"instock","14":"shipping-taxable","15":"purchasable","16":"product-type-simple"},"yoast_head":"<!-- This site is optimized with the Yoast SEO plugin v27.1.1 - https:\/\/yoast.com\/product\/yoast-seo-wordpress\/ -->\n<title>Soupline - Adoucissant grand air - 1.9L - NIRIGS<\/title>\n<meta name=\"robots\" content=\"index, follow, max-snippet:-1, max-image-preview:large, max-video-preview:-1\" \/>\n<link rel=\"canonical\" href=\"https:\/\/nirigs.com\/ar\/product\/soupline-adoucissant-grand-air-1-9l\/\" \/>\n<meta property=\"og:locale\" content=\"ar_AR\" \/>\n<meta property=\"og:type\" content=\"article\" \/>\n<meta property=\"og:title\" content=\"Soupline - Adoucissant grand air - 1.9L - NIRIGS\" \/>\n<meta property=\"og:description\" content=\"Le Soupline Adoucissant Grand Air offre \u00e0 votre linge une douceur in\u00e9gal\u00e9e tout en lui conf\u00e9rant un parfum frais et\" \/>\n<meta property=\"og:url\" content=\"https:\/\/nirigs.com\/ar\/product\/soupline-adoucissant-grand-air-1-9l\/\" \/>\n<meta property=\"og:site_name\" content=\"NIRIGS\" \/>\n<meta property=\"article:modified_time\" content=\"2025-02-02T13:58:21+00:00\" \/>\n<meta property=\"og:image\" content=\"https:\/\/nirigs.com\/wp-content\/uploads\/2024\/10\/Soupline-Adoucissant-grand-air-1.9L.jpg\" \/>\n\t<meta property=\"og:image:width\" content=\"1000\" \/>\n\t<meta property=\"og:image:height\" content=\"1000\" \/>\n\t<meta property=\"og:image:type\" content=\"image\/jpeg\" \/>\n<meta name=\"twitter:card\" content=\"summary_large_image\" \/>\n<meta name=\"twitter:label1\" content=\"\u0648\u0642\u062a \u0627\u0644\u0642\u0631\u0627\u0621\u0629 \u0627\u0644\u0645\u064f\u0642\u062f\u0651\u0631\" \/>\n\t<meta name=\"twitter:data1\" content=\"\u062f\u0642\u064a\u0642\u0629 \u0648\u0627\u062d\u062f\u0629\" \/>\n<script type=\"application\/ld+json\" class=\"yoast-schema-graph\">{\"@context\":\"https:\/\/schema.org\",\"@graph\":[{\"@type\":\"WebPage\",\"@id\":\"https:\/\/nirigs.com\/product\/soupline-adoucissant-grand-air-1-9l\/\",\"url\":\"https:\/\/nirigs.com\/product\/soupline-adoucissant-grand-air-1-9l\/\",\"name\":\"Soupline - Adoucissant grand air - 1.9L - NIRIGS\",\"isPartOf\":{\"@id\":\"https:\/\/nirigs.com\/#website\"},\"primaryImageOfPage\":{\"@id\":\"https:\/\/nirigs.com\/product\/soupline-adoucissant-grand-air-1-9l\/#primaryimage\"},\"image\":{\"@id\":\"https:\/\/nirigs.com\/product\/soupline-adoucissant-grand-air-1-9l\/#primaryimage\"},\"thumbnailUrl\":\"https:\/\/nirigs.com\/wp-content\/uploads\/2024\/10\/Soupline-Adoucissant-grand-air-1.9L.jpg\",\"datePublished\":\"2024-10-06T15:02:01+00:00\",\"dateModified\":\"2025-02-02T13:58:21+00:00\",\"breadcrumb\":{\"@id\":\"https:\/\/nirigs.com\/product\/soupline-adoucissant-grand-air-1-9l\/#breadcrumb\"},\"inLanguage\":\"ar\",\"potentialAction\":[{\"@type\":\"ReadAction\",\"target\":[\"https:\/\/nirigs.com\/product\/soupline-adoucissant-grand-air-1-9l\/\"]}]},{\"@type\":\"ImageObject\",\"inLanguage\":\"ar\",\"@id\":\"https:\/\/nirigs.com\/product\/soupline-adoucissant-grand-air-1-9l\/#primaryimage\",\"url\":\"https:\/\/nirigs.com\/wp-content\/uploads\/2024\/10\/Soupline-Adoucissant-grand-air-1.9L.jpg\",\"contentUrl\":\"https:\/\/nirigs.com\/wp-content\/uploads\/2024\/10\/Soupline-Adoucissant-grand-air-1.9L.jpg\",\"width\":1000,\"height\":1000},{\"@type\":\"BreadcrumbList\",\"@id\":\"https:\/\/nirigs.com\/product\/soupline-adoucissant-grand-air-1-9l\/#breadcrumb\",\"itemListElement\":[{\"@type\":\"ListItem\",\"position\":1,\"name\":\"Home\",\"item\":\"https:\/\/nirigs.com\/\"},{\"@type\":\"ListItem\",\"position\":2,\"name\":\"Parcourir\",\"item\":\"https:\/\/nirigs.com\/boutique\/\"},{\"@type\":\"ListItem\",\"position\":3,\"name\":\"Soupline &#8211; Adoucissant grand air &#8211; 1.9L\"}]},{\"@type\":\"WebSite\",\"@id\":\"https:\/\/nirigs.com\/#website\",\"url\":\"https:\/\/nirigs.com\/\",\"name\":\"Nirigs.com\",\"description\":\"Simplifiez vos achats du quotidien \u00e0 Djibouti\",\"publisher\":{\"@id\":\"https:\/\/nirigs.com\/#organization\"},\"potentialAction\":[{\"@type\":\"SearchAction\",\"target\":{\"@type\":\"EntryPoint\",\"urlTemplate\":\"https:\/\/nirigs.com\/?s={search_term_string}\"},\"query-input\":{\"@type\":\"PropertyValueSpecification\",\"valueRequired\":true,\"valueName\":\"search_term_string\"}}],\"inLanguage\":\"ar\"},{\"@type\":\"Organization\",\"@id\":\"https:\/\/nirigs.com\/#organization\",\"name\":\"Nirigs\",\"url\":\"https:\/\/nirigs.com\/\",\"logo\":{\"@type\":\"ImageObject\",\"inLanguage\":\"ar\",\"@id\":\"https:\/\/nirigs.com\/#\/schema\/logo\/image\/\",\"url\":\"https:\/\/nirigs.com\/wp-content\/uploads\/2025\/04\/Design-sans-titre-27.png\",\"contentUrl\":\"https:\/\/nirigs.com\/wp-content\/uploads\/2025\/04\/Design-sans-titre-27.png\",\"width\":500,\"height\":500,\"caption\":\"Nirigs\"},\"image\":{\"@id\":\"https:\/\/nirigs.com\/#\/schema\/logo\/image\/\"}}]}<\/script>\n<!-- \/ Yoast SEO plugin. -->","yoast_head_json":{"title":"Soupline - Adoucissant grand air - 1.9L - NIRIGS","robots":{"index":"index","follow":"follow","max-snippet":"max-snippet:-1","max-image-preview":"max-image-preview:large","max-video-preview":"max-video-preview:-1"},"canonical":"https:\/\/nirigs.com\/ar\/product\/soupline-adoucissant-grand-air-1-9l\/","og_locale":"ar_AR","og_type":"article","og_title":"Soupline - Adoucissant grand air - 1.9L - NIRIGS","og_description":"Le Soupline Adoucissant Grand Air offre \u00e0 votre linge une douceur in\u00e9gal\u00e9e tout en lui conf\u00e9rant un parfum frais et","og_url":"https:\/\/nirigs.com\/ar\/product\/soupline-adoucissant-grand-air-1-9l\/","og_site_name":"NIRIGS","article_modified_time":"2025-02-02T13:58:21+00:00","og_image":[{"width":1000,"height":1000,"url":"https:\/\/nirigs.com\/wp-content\/uploads\/2024\/10\/Soupline-Adoucissant-grand-air-1.9L.jpg","type":"image\/jpeg"}],"twitter_card":"summary_large_image","twitter_misc":{"\u0648\u0642\u062a \u0627\u0644\u0642\u0631\u0627\u0621\u0629 \u0627\u0644\u0645\u064f\u0642\u062f\u0651\u0631":"\u062f\u0642\u064a\u0642\u0629 \u0648\u0627\u062d\u062f\u0629"},"schema":{"@context":"https:\/\/schema.org","@graph":[{"@type":"WebPage","@id":"https:\/\/nirigs.com\/product\/soupline-adoucissant-grand-air-1-9l\/","url":"https:\/\/nirigs.com\/product\/soupline-adoucissant-grand-air-1-9l\/","name":"Soupline - Adoucissant grand air - 1.9L - NIRIGS","isPartOf":{"@id":"https:\/\/nirigs.com\/#website"},"primaryImageOfPage":{"@id":"https:\/\/nirigs.com\/product\/soupline-adoucissant-grand-air-1-9l\/#primaryimage"},"image":{"@id":"https:\/\/nirigs.com\/product\/soupline-adoucissant-grand-air-1-9l\/#primaryimage"},"thumbnailUrl":"https:\/\/nirigs.com\/wp-content\/uploads\/2024\/10\/Soupline-Adoucissant-grand-air-1.9L.jpg","datePublished":"2024-10-06T15:02:01+00:00","dateModified":"2025-02-02T13:58:21+00:00","breadcrumb":{"@id":"https:\/\/nirigs.com\/product\/soupline-adoucissant-grand-air-1-9l\/#breadcrumb"},"inLanguage":"ar","potentialAction":[{"@type":"ReadAction","target":["https:\/\/nirigs.com\/product\/soupline-adoucissant-grand-air-1-9l\/"]}]},{"@type":"ImageObject","inLanguage":"ar","@id":"https:\/\/nirigs.com\/product\/soupline-adoucissant-grand-air-1-9l\/#primaryimage","url":"https:\/\/nirigs.com\/wp-content\/uploads\/2024\/10\/Soupline-Adoucissant-grand-air-1.9L.jpg","contentUrl":"https:\/\/nirigs.com\/wp-content\/uploads\/2024\/10\/Soupline-Adoucissant-grand-air-1.9L.jpg","width":1000,"height":1000},{"@type":"BreadcrumbList","@id":"https:\/\/nirigs.com\/product\/soupline-adoucissant-grand-air-1-9l\/#breadcrumb","itemListElement":[{"@type":"ListItem","position":1,"name":"Home","item":"https:\/\/nirigs.com\/"},{"@type":"ListItem","position":2,"name":"Parcourir","item":"https:\/\/nirigs.com\/boutique\/"},{"@type":"ListItem","position":3,"name":"Soupline &#8211; Adoucissant grand air &#8211; 1.9L"}]},{"@type":"WebSite","@id":"https:\/\/nirigs.com\/#website","url":"https:\/\/nirigs.com\/","name":"Nirigs.com","description":"Simplifiez vos achats du quotidien \u00e0 Djibouti","publisher":{"@id":"https:\/\/nirigs.com\/#organization"},"potentialAction":[{"@type":"SearchAction","target":{"@type":"EntryPoint","urlTemplate":"https:\/\/nirigs.com\/?s={search_term_string}"},"query-input":{"@type":"PropertyValueSpecification","valueRequired":true,"valueName":"search_term_string"}}],"inLanguage":"ar"},{"@type":"Organization","@id":"https:\/\/nirigs.com\/#organization","name":"\u0646\u064a\u0631\u064a\u062c\u0633","url":"https:\/\/nirigs.com\/","logo":{"@type":"ImageObject","inLanguage":"ar","@id":"https:\/\/nirigs.com\/#\/schema\/logo\/image\/","url":"https:\/\/nirigs.com\/wp-content\/uploads\/2025\/04\/Design-sans-titre-27.png","contentUrl":"https:\/\/nirigs.com\/wp-content\/uploads\/2025\/04\/Design-sans-titre-27.png","width":500,"height":500,"caption":"Nirigs"},"image":{"@id":"https:\/\/nirigs.com\/#\/schema\/logo\/image\/"}}]}},"brands":[{"id":1206,"name":"Soupline","slug":"soupline"}],"_links":{"self":[{"href":"https:\/\/nirigs.com\/ar\/wp-json\/wp\/v2\/product\/23284","targetHints":{"allow":["GET"]}}],"collection":[{"href":"https:\/\/nirigs.com\/ar\/wp-json\/wp\/v2\/product"}],"about":[{"href":"https:\/\/nirigs.com\/ar\/wp-json\/wp\/v2\/types\/product"}],"replies":[{"embeddable":true,"href":"https:\/\/nirigs.com\/ar\/wp-json\/wp\/v2\/comments?post=23284"}],"version-history":[{"count":3,"href":"https:\/\/nirigs.com\/ar\/wp-json\/wp\/v2\/product\/23284\/revisions"}],"predecessor-version":[{"id":25557,"href":"https:\/\/nirigs.com\/ar\/wp-json\/wp\/v2\/product\/23284\/revisions\/25557"}],"wp:featuredmedia":[{"embeddable":true,"href":"https:\/\/nirigs.com\/ar\/wp-json\/wp\/v2\/media\/25556"}],"wp:attachment":[{"href":"https:\/\/nirigs.com\/ar\/wp-json\/wp\/v2\/media?parent=23284"}],"wp:term":[{"taxonomy":"pwb-brand","embeddable":true,"href":"https:\/\/nirigs.com\/ar\/wp-json\/wp\/v2\/pwb-brand?post=23284"},{"taxonomy":"product_brand","embeddable":true,"href":"https:\/\/nirigs.com\/ar\/wp-json\/wp\/v2\/product_brand?post=23284"},{"taxonomy":"product_cat","embeddable":true,"href":"https:\/\/nirigs.com\/ar\/wp-json\/wp\/v2\/product_cat?post=23284"},{"taxonomy":"product_tag","embeddable":true,"href":"https:\/\/nirigs.com\/ar\/wp-json\/wp\/v2\/product_tag?post=23284"}],"curies":[{"name":"wp","href":"https:\/\/api.w.org\/{rel}","templated":true}]}}