{"id":23280,"date":"2024-10-06T18:02:00","date_gmt":"2024-10-06T15:02:00","guid":{"rendered":"https:\/\/nirigs.com\/produit\/comfort-adoucissant-spring-dew-3l\/"},"modified":"2025-03-13T10:33:25","modified_gmt":"2025-03-13T07:33:25","slug":"comfort-adoucissant-spring-dew-3l","status":"publish","type":"product","link":"https:\/\/nirigs.com\/ar\/product\/comfort-adoucissant-spring-dew-3l\/","title":{"rendered":"\u0643\u0648\u0645\u0641\u0648\u0631\u062a \u2013 \u0645\u0646\u0639\u0645 \u0627\u0644\u0623\u0642\u0645\u0634\u0629 \u0628\u0646\u062f\u0649 \u0627\u0644\u0631\u0628\u064a\u0639 \u2013 3 \u0644\u062a\u0631"},"content":{"rendered":"<p>L&rsquo;adoucissant Comfort Spring Dew enveloppe vos v\u00eatements d&rsquo;une douceur exquise tout en leur apportant une fragrance fra\u00eeche et florale. Sa formule concentr\u00e9e permet d\u2019obtenir des tissus agr\u00e9ablement doux et faciles \u00e0 repasser. Il est id\u00e9al pour tous les types de textiles, laissant un parfum subtil et durable sur votre linge.<\/p>\n<h4>\u0645\u0643\u0648\u0646\u0627\u062a :<\/h4>\n<ul>\n<li>Cationic Surfactants : Agents adoucissants qui rendent le linge doux.<\/li>\n<li>Fragrance : Un m\u00e9lange de notes florales et fra\u00eeches.<\/li>\n<li>Conservateurs : Assurent la durabilit\u00e9 du produit.<\/li>\n<li>Colorants : Pour une couleur attrayante.<\/li>\n<\/ul>\n<p><em>* Veuillez consulter l\u2019\u00e9tiquette du produit pour une liste compl\u00e8te des ingr\u00e9dients.<\/em><\/p>\n<h4>\u0641\u0648\u0627\u0626\u062f :<\/h4>\n<ul>\n<li>Douceur Exceptionnelle : Rend vos v\u00eatements plus doux et agr\u00e9ables \u00e0 porter.<\/li>\n<li>Parfum Durable : Offre un parfum frais qui dure longtemps sur le linge.<\/li>\n<li>Facilit\u00e9 de Repassage : R\u00e9duit l&rsquo;\u00e9lectricit\u00e9 statique et facilite le repassage.<\/li>\n<li>Utilisation Universelle : Convient \u00e0 tous les types de tissus, y compris les v\u00eatements d\u00e9licats.<\/li>\n<\/ul>\n<h4>\u062a\u0639\u0644\u064a\u0645\u0627\u062a :<\/h4>\n<ol>\n<li>Mesurer : Versez la quantit\u00e9 recommand\u00e9e d&rsquo;adoucissant dans le compartiment pr\u00e9vu de votre machine \u00e0 laver.<\/li>\n<li>Laver : Lancez votre cycle de lavage comme d&rsquo;habitude.<\/li>\n<li>S\u00e9cher : Apr\u00e8s le lavage, s\u00e9chez vos v\u00eatements selon les instructions de lavage. Pour une odeur encore plus fra\u00eeche, vous pouvez les \u00e9tendre \u00e0 l&rsquo;air libre.<\/li>\n<\/ol>\n<h4>\u0627\u062d\u062a\u064a\u0627\u0637\u0627\u062a \u0627\u0644\u0627\u0633\u062a\u062e\u062f\u0627\u0645:<\/h4>\n<ul>\n<li>\u064a\u064f\u062d\u0641\u0638 \u0628\u0639\u064a\u062f\u064b\u0627 \u0639\u0646 \u0645\u062a\u0646\u0627\u0648\u0644 \u0627\u0644\u0623\u0637\u0641\u0627\u0644.<\/li>\n<li>\u00c9viter le contact avec les yeux. En cas de contact, rincer abondamment \u00e0 l&rsquo;eau.<\/li>\n<li>\u0644\u0627 \u062a\u0628\u062a\u0644\u0639. \u0641\u064a \u062d\u0627\u0644\u0629 \u0627\u0628\u062a\u0644\u0627\u0639\u0647\u060c \u0627\u0637\u0644\u0628 \u0627\u0644\u0639\u0646\u0627\u064a\u0629 \u0627\u0644\u0637\u0628\u064a\u0629 \u0639\u0644\u0649 \u0627\u0644\u0641\u0648\u0631.<\/li>\n<li>Stocker dans un endroit frais et sec, \u00e0 l&rsquo;abri de la lumi\u00e8re directe du soleil.<\/li>\n<\/ul>","protected":false},"excerpt":{"rendered":"<p>L&rsquo;adoucissant Comfort Spring Dew enveloppe vos v\u00eatements d&rsquo;une douceur exquise tout en leur apportant une fragrance fra\u00eeche et florale. Sa<\/p>","protected":false},"featured_media":25572,"comment_status":"open","ping_status":"closed","template":"","meta":[],"pwb-brand":[832],"product_brand":[],"product_cat":[957,948,275,954],"product_tag":[],"class_list":{"0":"post-23280","1":"product","2":"type-product","3":"status-publish","4":"has-post-thumbnail","6":"pwb-brand-comfort","7":"product_cat-assouplissant-textile-liquide","8":"product_cat-entretien-de-la-maison-et-nettoyage","9":"product_cat-epicerie","10":"product_cat-lessive","12":"first","13":"instock","14":"shipping-taxable","15":"purchasable","16":"product-type-simple"},"yoast_head":"<!-- This site is optimized with the Yoast SEO plugin v27.1.1 - https:\/\/yoast.com\/product\/yoast-seo-wordpress\/ -->\n<title>Comfort - Adoucissant spring dew - 3L - NIRIGS<\/title>\n<meta name=\"robots\" content=\"index, follow, max-snippet:-1, max-image-preview:large, max-video-preview:-1\" \/>\n<link rel=\"canonical\" href=\"https:\/\/nirigs.com\/ar\/product\/comfort-adoucissant-spring-dew-3l\/\" \/>\n<meta property=\"og:locale\" content=\"ar_AR\" \/>\n<meta property=\"og:type\" content=\"article\" \/>\n<meta property=\"og:title\" content=\"Comfort - Adoucissant spring dew - 3L - NIRIGS\" \/>\n<meta property=\"og:description\" content=\"L&rsquo;adoucissant Comfort Spring Dew enveloppe vos v\u00eatements d&rsquo;une douceur exquise tout en leur apportant une fragrance fra\u00eeche et florale. Sa\" \/>\n<meta property=\"og:url\" content=\"https:\/\/nirigs.com\/ar\/product\/comfort-adoucissant-spring-dew-3l\/\" \/>\n<meta property=\"og:site_name\" content=\"NIRIGS\" \/>\n<meta property=\"article:modified_time\" content=\"2025-03-13T07:33:25+00:00\" \/>\n<meta property=\"og:image\" content=\"https:\/\/nirigs.com\/wp-content\/uploads\/2024\/10\/Comfort-Adoucissant-spring-dew-3L.jpg\" \/>\n\t<meta property=\"og:image:width\" content=\"1000\" \/>\n\t<meta property=\"og:image:height\" content=\"1000\" \/>\n\t<meta property=\"og:image:type\" content=\"image\/jpeg\" \/>\n<meta name=\"twitter:card\" content=\"summary_large_image\" \/>\n<meta name=\"twitter:label1\" content=\"\u0648\u0642\u062a \u0627\u0644\u0642\u0631\u0627\u0621\u0629 \u0627\u0644\u0645\u064f\u0642\u062f\u0651\u0631\" \/>\n\t<meta name=\"twitter:data1\" content=\"\u062f\u0642\u064a\u0642\u0629 \u0648\u0627\u062d\u062f\u0629\" \/>\n<script type=\"application\/ld+json\" class=\"yoast-schema-graph\">{\"@context\":\"https:\/\/schema.org\",\"@graph\":[{\"@type\":\"WebPage\",\"@id\":\"https:\/\/nirigs.com\/en\/product\/comfort-adoucissant-spring-dew-3l\/\",\"url\":\"https:\/\/nirigs.com\/en\/product\/comfort-adoucissant-spring-dew-3l\/\",\"name\":\"Comfort - Adoucissant spring dew - 3L - NIRIGS\",\"isPartOf\":{\"@id\":\"https:\/\/nirigs.com\/#website\"},\"primaryImageOfPage\":{\"@id\":\"https:\/\/nirigs.com\/en\/product\/comfort-adoucissant-spring-dew-3l\/#primaryimage\"},\"image\":{\"@id\":\"https:\/\/nirigs.com\/en\/product\/comfort-adoucissant-spring-dew-3l\/#primaryimage\"},\"thumbnailUrl\":\"https:\/\/nirigs.com\/wp-content\/uploads\/2024\/10\/Comfort-Adoucissant-spring-dew-3L.jpg\",\"datePublished\":\"2024-10-06T15:02:00+00:00\",\"dateModified\":\"2025-03-13T07:33:25+00:00\",\"breadcrumb\":{\"@id\":\"https:\/\/nirigs.com\/en\/product\/comfort-adoucissant-spring-dew-3l\/#breadcrumb\"},\"inLanguage\":\"ar\",\"potentialAction\":[{\"@type\":\"ReadAction\",\"target\":[\"https:\/\/nirigs.com\/en\/product\/comfort-adoucissant-spring-dew-3l\/\"]}]},{\"@type\":\"ImageObject\",\"inLanguage\":\"ar\",\"@id\":\"https:\/\/nirigs.com\/en\/product\/comfort-adoucissant-spring-dew-3l\/#primaryimage\",\"url\":\"https:\/\/nirigs.com\/wp-content\/uploads\/2024\/10\/Comfort-Adoucissant-spring-dew-3L.jpg\",\"contentUrl\":\"https:\/\/nirigs.com\/wp-content\/uploads\/2024\/10\/Comfort-Adoucissant-spring-dew-3L.jpg\",\"width\":1000,\"height\":1000},{\"@type\":\"BreadcrumbList\",\"@id\":\"https:\/\/nirigs.com\/en\/product\/comfort-adoucissant-spring-dew-3l\/#breadcrumb\",\"itemListElement\":[{\"@type\":\"ListItem\",\"position\":1,\"name\":\"Home\",\"item\":\"https:\/\/nirigs.com\/\"},{\"@type\":\"ListItem\",\"position\":2,\"name\":\"Parcourir\",\"item\":\"https:\/\/nirigs.com\/boutique\/\"},{\"@type\":\"ListItem\",\"position\":3,\"name\":\"Comfort &#8211; Adoucissant spring dew &#8211; 3L\"}]},{\"@type\":\"WebSite\",\"@id\":\"https:\/\/nirigs.com\/#website\",\"url\":\"https:\/\/nirigs.com\/\",\"name\":\"Nirigs.com\",\"description\":\"Simplifiez vos achats du quotidien \u00e0 Djibouti\",\"publisher\":{\"@id\":\"https:\/\/nirigs.com\/#organization\"},\"potentialAction\":[{\"@type\":\"SearchAction\",\"target\":{\"@type\":\"EntryPoint\",\"urlTemplate\":\"https:\/\/nirigs.com\/?s={search_term_string}\"},\"query-input\":{\"@type\":\"PropertyValueSpecification\",\"valueRequired\":true,\"valueName\":\"search_term_string\"}}],\"inLanguage\":\"ar\"},{\"@type\":\"Organization\",\"@id\":\"https:\/\/nirigs.com\/#organization\",\"name\":\"Nirigs\",\"url\":\"https:\/\/nirigs.com\/\",\"logo\":{\"@type\":\"ImageObject\",\"inLanguage\":\"ar\",\"@id\":\"https:\/\/nirigs.com\/#\/schema\/logo\/image\/\",\"url\":\"https:\/\/nirigs.com\/wp-content\/uploads\/2025\/04\/Design-sans-titre-27.png\",\"contentUrl\":\"https:\/\/nirigs.com\/wp-content\/uploads\/2025\/04\/Design-sans-titre-27.png\",\"width\":500,\"height\":500,\"caption\":\"Nirigs\"},\"image\":{\"@id\":\"https:\/\/nirigs.com\/#\/schema\/logo\/image\/\"}}]}<\/script>\n<!-- \/ Yoast SEO plugin. -->","yoast_head_json":{"title":"Comfort - Adoucissant spring dew - 3L - NIRIGS","robots":{"index":"index","follow":"follow","max-snippet":"max-snippet:-1","max-image-preview":"max-image-preview:large","max-video-preview":"max-video-preview:-1"},"canonical":"https:\/\/nirigs.com\/ar\/product\/comfort-adoucissant-spring-dew-3l\/","og_locale":"ar_AR","og_type":"article","og_title":"Comfort - Adoucissant spring dew - 3L - NIRIGS","og_description":"L&rsquo;adoucissant Comfort Spring Dew enveloppe vos v\u00eatements d&rsquo;une douceur exquise tout en leur apportant une fragrance fra\u00eeche et florale. Sa","og_url":"https:\/\/nirigs.com\/ar\/product\/comfort-adoucissant-spring-dew-3l\/","og_site_name":"NIRIGS","article_modified_time":"2025-03-13T07:33:25+00:00","og_image":[{"width":1000,"height":1000,"url":"https:\/\/nirigs.com\/wp-content\/uploads\/2024\/10\/Comfort-Adoucissant-spring-dew-3L.jpg","type":"image\/jpeg"}],"twitter_card":"summary_large_image","twitter_misc":{"\u0648\u0642\u062a \u0627\u0644\u0642\u0631\u0627\u0621\u0629 \u0627\u0644\u0645\u064f\u0642\u062f\u0651\u0631":"\u062f\u0642\u064a\u0642\u0629 \u0648\u0627\u062d\u062f\u0629"},"schema":{"@context":"https:\/\/schema.org","@graph":[{"@type":"WebPage","@id":"https:\/\/nirigs.com\/en\/product\/comfort-adoucissant-spring-dew-3l\/","url":"https:\/\/nirigs.com\/en\/product\/comfort-adoucissant-spring-dew-3l\/","name":"Comfort - Adoucissant spring dew - 3L - NIRIGS","isPartOf":{"@id":"https:\/\/nirigs.com\/#website"},"primaryImageOfPage":{"@id":"https:\/\/nirigs.com\/en\/product\/comfort-adoucissant-spring-dew-3l\/#primaryimage"},"image":{"@id":"https:\/\/nirigs.com\/en\/product\/comfort-adoucissant-spring-dew-3l\/#primaryimage"},"thumbnailUrl":"https:\/\/nirigs.com\/wp-content\/uploads\/2024\/10\/Comfort-Adoucissant-spring-dew-3L.jpg","datePublished":"2024-10-06T15:02:00+00:00","dateModified":"2025-03-13T07:33:25+00:00","breadcrumb":{"@id":"https:\/\/nirigs.com\/en\/product\/comfort-adoucissant-spring-dew-3l\/#breadcrumb"},"inLanguage":"ar","potentialAction":[{"@type":"ReadAction","target":["https:\/\/nirigs.com\/en\/product\/comfort-adoucissant-spring-dew-3l\/"]}]},{"@type":"ImageObject","inLanguage":"ar","@id":"https:\/\/nirigs.com\/en\/product\/comfort-adoucissant-spring-dew-3l\/#primaryimage","url":"https:\/\/nirigs.com\/wp-content\/uploads\/2024\/10\/Comfort-Adoucissant-spring-dew-3L.jpg","contentUrl":"https:\/\/nirigs.com\/wp-content\/uploads\/2024\/10\/Comfort-Adoucissant-spring-dew-3L.jpg","width":1000,"height":1000},{"@type":"BreadcrumbList","@id":"https:\/\/nirigs.com\/en\/product\/comfort-adoucissant-spring-dew-3l\/#breadcrumb","itemListElement":[{"@type":"ListItem","position":1,"name":"Home","item":"https:\/\/nirigs.com\/"},{"@type":"ListItem","position":2,"name":"Parcourir","item":"https:\/\/nirigs.com\/boutique\/"},{"@type":"ListItem","position":3,"name":"Comfort &#8211; Adoucissant spring dew &#8211; 3L"}]},{"@type":"WebSite","@id":"https:\/\/nirigs.com\/#website","url":"https:\/\/nirigs.com\/","name":"Nirigs.com","description":"Simplifiez vos achats du quotidien \u00e0 Djibouti","publisher":{"@id":"https:\/\/nirigs.com\/#organization"},"potentialAction":[{"@type":"SearchAction","target":{"@type":"EntryPoint","urlTemplate":"https:\/\/nirigs.com\/?s={search_term_string}"},"query-input":{"@type":"PropertyValueSpecification","valueRequired":true,"valueName":"search_term_string"}}],"inLanguage":"ar"},{"@type":"Organization","@id":"https:\/\/nirigs.com\/#organization","name":"\u0646\u064a\u0631\u064a\u062c\u0633","url":"https:\/\/nirigs.com\/","logo":{"@type":"ImageObject","inLanguage":"ar","@id":"https:\/\/nirigs.com\/#\/schema\/logo\/image\/","url":"https:\/\/nirigs.com\/wp-content\/uploads\/2025\/04\/Design-sans-titre-27.png","contentUrl":"https:\/\/nirigs.com\/wp-content\/uploads\/2025\/04\/Design-sans-titre-27.png","width":500,"height":500,"caption":"Nirigs"},"image":{"@id":"https:\/\/nirigs.com\/#\/schema\/logo\/image\/"}}]}},"brands":[{"id":832,"name":"Comfort","slug":"comfort"}],"_links":{"self":[{"href":"https:\/\/nirigs.com\/ar\/wp-json\/wp\/v2\/product\/23280","targetHints":{"allow":["GET"]}}],"collection":[{"href":"https:\/\/nirigs.com\/ar\/wp-json\/wp\/v2\/product"}],"about":[{"href":"https:\/\/nirigs.com\/ar\/wp-json\/wp\/v2\/types\/product"}],"replies":[{"embeddable":true,"href":"https:\/\/nirigs.com\/ar\/wp-json\/wp\/v2\/comments?post=23280"}],"version-history":[{"count":4,"href":"https:\/\/nirigs.com\/ar\/wp-json\/wp\/v2\/product\/23280\/revisions"}],"predecessor-version":[{"id":25574,"href":"https:\/\/nirigs.com\/ar\/wp-json\/wp\/v2\/product\/23280\/revisions\/25574"}],"wp:featuredmedia":[{"embeddable":true,"href":"https:\/\/nirigs.com\/ar\/wp-json\/wp\/v2\/media\/25572"}],"wp:attachment":[{"href":"https:\/\/nirigs.com\/ar\/wp-json\/wp\/v2\/media?parent=23280"}],"wp:term":[{"taxonomy":"pwb-brand","embeddable":true,"href":"https:\/\/nirigs.com\/ar\/wp-json\/wp\/v2\/pwb-brand?post=23280"},{"taxonomy":"product_brand","embeddable":true,"href":"https:\/\/nirigs.com\/ar\/wp-json\/wp\/v2\/product_brand?post=23280"},{"taxonomy":"product_cat","embeddable":true,"href":"https:\/\/nirigs.com\/ar\/wp-json\/wp\/v2\/product_cat?post=23280"},{"taxonomy":"product_tag","embeddable":true,"href":"https:\/\/nirigs.com\/ar\/wp-json\/wp\/v2\/product_tag?post=23280"}],"curies":[{"name":"wp","href":"https:\/\/api.w.org\/{rel}","templated":true}]}}