{"id":23275,"date":"2024-10-06T18:01:58","date_gmt":"2024-10-06T15:01:58","guid":{"rendered":"https:\/\/nirigs.com\/produit\/blondor-megachocs-375-g\/"},"modified":"2025-03-13T10:37:13","modified_gmt":"2025-03-13T07:37:13","slug":"blondor-megachocs-375-g","status":"publish","type":"product","link":"https:\/\/nirigs.com\/ar\/product\/blondor-megachocs-375-g\/","title":{"rendered":"Blondor &#8211; Megachocs &#8211; 375 g"},"content":{"rendered":"<p>Blondor Megachocs est une d\u00e9licieuse combinaison de c\u00e9r\u00e9ales croquantes enrob\u00e9es de chocolat. Id\u00e9ales pour le petit d\u00e9jeuner ou une collation rapide, ces c\u00e9r\u00e9ales sont con\u00e7ues pour plaire aux amateurs de chocolat. Leurs textures croquantes et fondantes offrent une exp\u00e9rience gourmande qui ravira petits et grands. Profitez d\u2019un moment de plaisir chocolat\u00e9 d\u00e8s le matin !<\/p>\n<h4>\u0645\u0643\u0648\u0646\u0627\u062a :<\/h4>\n<p>Farine de bl\u00e9 complet, Sucre, Poudre de cacao maigre, Extrait de malt d&rsquo;orge, Lait \u00e9cr\u00e9m\u00e9 en poudre, Sel, Ar\u00f4me naturel, \u00c9mulsifiant : l\u00e9cithine de soja, Correcteurs d&rsquo;acidit\u00e9 : phosphate de sodium, carbonate de sodium, Vitamines et min\u00e9raux : fer, niacine, acide pantoth\u00e9nique, vitamine B6, riboflavine, acide folique<\/p>\n<h4>\u0641\u0648\u0627\u0626\u062f :<\/h4>\n<ol>\n<li>Source d&rsquo;\u00e9nergie : Riche en glucides et fibres pour bien d\u00e9marrer la journ\u00e9e.<\/li>\n<li>Apport nutritionnel \u00e9quilibr\u00e9 : Contient des vitamines et min\u00e9raux essentiels tels que le fer, la vitamine B6 et le calcium.<\/li>\n<li>Convient aux amateurs de chocolat : Un go\u00fbt intense de cacao pour combler toutes les envies de sucr\u00e9.<\/li>\n<li>Texture agr\u00e9able : Allie le croquant des c\u00e9r\u00e9ales avec la douceur du chocolat.<\/li>\n<\/ol>\n<h4>\u062a\u0639\u0644\u064a\u0645\u0627\u062a :<\/h4>\n<p>Pr\u00eat \u00e0 consommer tel quel ou \u00e0 int\u00e9grer dans vos bols de c\u00e9r\u00e9ales avec du lait, ou encore en accompagnement avec des fruits pour un petit-d\u00e9jeuner complet.<\/p>\n<h4>\u0627\u062d\u062a\u064a\u0627\u0637\u0627\u062a:<\/h4>\n<ul>\n<li>Conserver dans un endroit sec et \u00e0 l\u2019abri de la chaleur.<\/li>\n<li>Ne convient pas aux personnes allergiques au gluten, au soja ou au lait.<\/li>\n<li>Apr\u00e8s ouverture, veillez \u00e0 bien refermer le sachet pour conserver le croustillant des c\u00e9r\u00e9ales.<\/li>\n<\/ul>","protected":false},"excerpt":{"rendered":"<p>Blondor Megachocs est une d\u00e9licieuse combinaison de c\u00e9r\u00e9ales croquantes enrob\u00e9es de chocolat. Id\u00e9ales pour le petit d\u00e9jeuner ou une collation<\/p>","protected":false},"featured_media":25602,"comment_status":"open","ping_status":"closed","template":"","meta":[],"pwb-brand":[1207],"product_brand":[],"product_cat":[941,942,275],"product_tag":[],"class_list":{"0":"post-23275","1":"product","2":"type-product","3":"status-publish","4":"has-post-thumbnail","6":"pwb-brand-blondor","7":"product_cat-cereales-pour-petit-dejeuner","8":"product_cat-cereales-pretes-a-consommer","9":"product_cat-epicerie","11":"first","12":"instock","13":"shipping-taxable","14":"purchasable","15":"product-type-simple"},"yoast_head":"<!-- This site is optimized with the Yoast SEO plugin v27.1.1 - https:\/\/yoast.com\/product\/yoast-seo-wordpress\/ -->\n<title>Blondor - Megachocs - 375 g - NIRIGS<\/title>\n<meta name=\"robots\" content=\"index, follow, max-snippet:-1, max-image-preview:large, max-video-preview:-1\" \/>\n<link rel=\"canonical\" href=\"https:\/\/nirigs.com\/ar\/product\/blondor-megachocs-375-g\/\" \/>\n<meta property=\"og:locale\" content=\"ar_AR\" \/>\n<meta property=\"og:type\" content=\"article\" \/>\n<meta property=\"og:title\" content=\"Blondor - Megachocs - 375 g - NIRIGS\" \/>\n<meta property=\"og:description\" content=\"Blondor Megachocs est une d\u00e9licieuse combinaison de c\u00e9r\u00e9ales croquantes enrob\u00e9es de chocolat. Id\u00e9ales pour le petit d\u00e9jeuner ou une collation\" \/>\n<meta property=\"og:url\" content=\"https:\/\/nirigs.com\/ar\/product\/blondor-megachocs-375-g\/\" \/>\n<meta property=\"og:site_name\" content=\"NIRIGS\" \/>\n<meta property=\"article:modified_time\" content=\"2025-03-13T07:37:13+00:00\" \/>\n<meta property=\"og:image\" content=\"https:\/\/nirigs.com\/wp-content\/uploads\/2024\/10\/Blondor-Megachocs-375-g.jpg\" \/>\n\t<meta property=\"og:image:width\" content=\"1000\" \/>\n\t<meta property=\"og:image:height\" content=\"1000\" \/>\n\t<meta property=\"og:image:type\" content=\"image\/jpeg\" \/>\n<meta name=\"twitter:card\" content=\"summary_large_image\" \/>\n<meta name=\"twitter:label1\" content=\"\u0648\u0642\u062a \u0627\u0644\u0642\u0631\u0627\u0621\u0629 \u0627\u0644\u0645\u064f\u0642\u062f\u0651\u0631\" \/>\n\t<meta name=\"twitter:data1\" content=\"\u062f\u0642\u064a\u0642\u0629 \u0648\u0627\u062d\u062f\u0629\" \/>\n<script type=\"application\/ld+json\" class=\"yoast-schema-graph\">{\"@context\":\"https:\/\/schema.org\",\"@graph\":[{\"@type\":\"WebPage\",\"@id\":\"https:\/\/nirigs.com\/product\/blondor-megachocs-375-g\/\",\"url\":\"https:\/\/nirigs.com\/product\/blondor-megachocs-375-g\/\",\"name\":\"Blondor - Megachocs - 375 g - NIRIGS\",\"isPartOf\":{\"@id\":\"https:\/\/nirigs.com\/#website\"},\"primaryImageOfPage\":{\"@id\":\"https:\/\/nirigs.com\/product\/blondor-megachocs-375-g\/#primaryimage\"},\"image\":{\"@id\":\"https:\/\/nirigs.com\/product\/blondor-megachocs-375-g\/#primaryimage\"},\"thumbnailUrl\":\"https:\/\/nirigs.com\/wp-content\/uploads\/2024\/10\/Blondor-Megachocs-375-g.jpg\",\"datePublished\":\"2024-10-06T15:01:58+00:00\",\"dateModified\":\"2025-03-13T07:37:13+00:00\",\"breadcrumb\":{\"@id\":\"https:\/\/nirigs.com\/product\/blondor-megachocs-375-g\/#breadcrumb\"},\"inLanguage\":\"ar\",\"potentialAction\":[{\"@type\":\"ReadAction\",\"target\":[\"https:\/\/nirigs.com\/product\/blondor-megachocs-375-g\/\"]}]},{\"@type\":\"ImageObject\",\"inLanguage\":\"ar\",\"@id\":\"https:\/\/nirigs.com\/product\/blondor-megachocs-375-g\/#primaryimage\",\"url\":\"https:\/\/nirigs.com\/wp-content\/uploads\/2024\/10\/Blondor-Megachocs-375-g.jpg\",\"contentUrl\":\"https:\/\/nirigs.com\/wp-content\/uploads\/2024\/10\/Blondor-Megachocs-375-g.jpg\",\"width\":1000,\"height\":1000},{\"@type\":\"BreadcrumbList\",\"@id\":\"https:\/\/nirigs.com\/product\/blondor-megachocs-375-g\/#breadcrumb\",\"itemListElement\":[{\"@type\":\"ListItem\",\"position\":1,\"name\":\"Home\",\"item\":\"https:\/\/nirigs.com\/\"},{\"@type\":\"ListItem\",\"position\":2,\"name\":\"Parcourir\",\"item\":\"https:\/\/nirigs.com\/boutique\/\"},{\"@type\":\"ListItem\",\"position\":3,\"name\":\"Blondor &#8211; Megachocs &#8211; 375 g\"}]},{\"@type\":\"WebSite\",\"@id\":\"https:\/\/nirigs.com\/#website\",\"url\":\"https:\/\/nirigs.com\/\",\"name\":\"Nirigs.com\",\"description\":\"Simplifiez vos achats du quotidien \u00e0 Djibouti\",\"publisher\":{\"@id\":\"https:\/\/nirigs.com\/#organization\"},\"potentialAction\":[{\"@type\":\"SearchAction\",\"target\":{\"@type\":\"EntryPoint\",\"urlTemplate\":\"https:\/\/nirigs.com\/?s={search_term_string}\"},\"query-input\":{\"@type\":\"PropertyValueSpecification\",\"valueRequired\":true,\"valueName\":\"search_term_string\"}}],\"inLanguage\":\"ar\"},{\"@type\":\"Organization\",\"@id\":\"https:\/\/nirigs.com\/#organization\",\"name\":\"Nirigs\",\"url\":\"https:\/\/nirigs.com\/\",\"logo\":{\"@type\":\"ImageObject\",\"inLanguage\":\"ar\",\"@id\":\"https:\/\/nirigs.com\/#\/schema\/logo\/image\/\",\"url\":\"https:\/\/nirigs.com\/wp-content\/uploads\/2025\/04\/Design-sans-titre-27.png\",\"contentUrl\":\"https:\/\/nirigs.com\/wp-content\/uploads\/2025\/04\/Design-sans-titre-27.png\",\"width\":500,\"height\":500,\"caption\":\"Nirigs\"},\"image\":{\"@id\":\"https:\/\/nirigs.com\/#\/schema\/logo\/image\/\"}}]}<\/script>\n<!-- \/ Yoast SEO plugin. -->","yoast_head_json":{"title":"Blondor - Megachocs - 375 g - NIRIGS","robots":{"index":"index","follow":"follow","max-snippet":"max-snippet:-1","max-image-preview":"max-image-preview:large","max-video-preview":"max-video-preview:-1"},"canonical":"https:\/\/nirigs.com\/ar\/product\/blondor-megachocs-375-g\/","og_locale":"ar_AR","og_type":"article","og_title":"Blondor - Megachocs - 375 g - NIRIGS","og_description":"Blondor Megachocs est une d\u00e9licieuse combinaison de c\u00e9r\u00e9ales croquantes enrob\u00e9es de chocolat. Id\u00e9ales pour le petit d\u00e9jeuner ou une collation","og_url":"https:\/\/nirigs.com\/ar\/product\/blondor-megachocs-375-g\/","og_site_name":"NIRIGS","article_modified_time":"2025-03-13T07:37:13+00:00","og_image":[{"width":1000,"height":1000,"url":"https:\/\/nirigs.com\/wp-content\/uploads\/2024\/10\/Blondor-Megachocs-375-g.jpg","type":"image\/jpeg"}],"twitter_card":"summary_large_image","twitter_misc":{"\u0648\u0642\u062a \u0627\u0644\u0642\u0631\u0627\u0621\u0629 \u0627\u0644\u0645\u064f\u0642\u062f\u0651\u0631":"\u062f\u0642\u064a\u0642\u0629 \u0648\u0627\u062d\u062f\u0629"},"schema":{"@context":"https:\/\/schema.org","@graph":[{"@type":"WebPage","@id":"https:\/\/nirigs.com\/product\/blondor-megachocs-375-g\/","url":"https:\/\/nirigs.com\/product\/blondor-megachocs-375-g\/","name":"Blondor - Megachocs - 375 g - NIRIGS","isPartOf":{"@id":"https:\/\/nirigs.com\/#website"},"primaryImageOfPage":{"@id":"https:\/\/nirigs.com\/product\/blondor-megachocs-375-g\/#primaryimage"},"image":{"@id":"https:\/\/nirigs.com\/product\/blondor-megachocs-375-g\/#primaryimage"},"thumbnailUrl":"https:\/\/nirigs.com\/wp-content\/uploads\/2024\/10\/Blondor-Megachocs-375-g.jpg","datePublished":"2024-10-06T15:01:58+00:00","dateModified":"2025-03-13T07:37:13+00:00","breadcrumb":{"@id":"https:\/\/nirigs.com\/product\/blondor-megachocs-375-g\/#breadcrumb"},"inLanguage":"ar","potentialAction":[{"@type":"ReadAction","target":["https:\/\/nirigs.com\/product\/blondor-megachocs-375-g\/"]}]},{"@type":"ImageObject","inLanguage":"ar","@id":"https:\/\/nirigs.com\/product\/blondor-megachocs-375-g\/#primaryimage","url":"https:\/\/nirigs.com\/wp-content\/uploads\/2024\/10\/Blondor-Megachocs-375-g.jpg","contentUrl":"https:\/\/nirigs.com\/wp-content\/uploads\/2024\/10\/Blondor-Megachocs-375-g.jpg","width":1000,"height":1000},{"@type":"BreadcrumbList","@id":"https:\/\/nirigs.com\/product\/blondor-megachocs-375-g\/#breadcrumb","itemListElement":[{"@type":"ListItem","position":1,"name":"Home","item":"https:\/\/nirigs.com\/"},{"@type":"ListItem","position":2,"name":"Parcourir","item":"https:\/\/nirigs.com\/boutique\/"},{"@type":"ListItem","position":3,"name":"Blondor &#8211; Megachocs &#8211; 375 g"}]},{"@type":"WebSite","@id":"https:\/\/nirigs.com\/#website","url":"https:\/\/nirigs.com\/","name":"Nirigs.com","description":"Simplifiez vos achats du quotidien \u00e0 Djibouti","publisher":{"@id":"https:\/\/nirigs.com\/#organization"},"potentialAction":[{"@type":"SearchAction","target":{"@type":"EntryPoint","urlTemplate":"https:\/\/nirigs.com\/?s={search_term_string}"},"query-input":{"@type":"PropertyValueSpecification","valueRequired":true,"valueName":"search_term_string"}}],"inLanguage":"ar"},{"@type":"Organization","@id":"https:\/\/nirigs.com\/#organization","name":"\u0646\u064a\u0631\u064a\u062c\u0633","url":"https:\/\/nirigs.com\/","logo":{"@type":"ImageObject","inLanguage":"ar","@id":"https:\/\/nirigs.com\/#\/schema\/logo\/image\/","url":"https:\/\/nirigs.com\/wp-content\/uploads\/2025\/04\/Design-sans-titre-27.png","contentUrl":"https:\/\/nirigs.com\/wp-content\/uploads\/2025\/04\/Design-sans-titre-27.png","width":500,"height":500,"caption":"Nirigs"},"image":{"@id":"https:\/\/nirigs.com\/#\/schema\/logo\/image\/"}}]}},"brands":[{"id":1207,"name":"Blondor","slug":"blondor"}],"_links":{"self":[{"href":"https:\/\/nirigs.com\/ar\/wp-json\/wp\/v2\/product\/23275","targetHints":{"allow":["GET"]}}],"collection":[{"href":"https:\/\/nirigs.com\/ar\/wp-json\/wp\/v2\/product"}],"about":[{"href":"https:\/\/nirigs.com\/ar\/wp-json\/wp\/v2\/types\/product"}],"replies":[{"embeddable":true,"href":"https:\/\/nirigs.com\/ar\/wp-json\/wp\/v2\/comments?post=23275"}],"version-history":[{"count":3,"href":"https:\/\/nirigs.com\/ar\/wp-json\/wp\/v2\/product\/23275\/revisions"}],"predecessor-version":[{"id":25605,"href":"https:\/\/nirigs.com\/ar\/wp-json\/wp\/v2\/product\/23275\/revisions\/25605"}],"wp:featuredmedia":[{"embeddable":true,"href":"https:\/\/nirigs.com\/ar\/wp-json\/wp\/v2\/media\/25602"}],"wp:attachment":[{"href":"https:\/\/nirigs.com\/ar\/wp-json\/wp\/v2\/media?parent=23275"}],"wp:term":[{"taxonomy":"pwb-brand","embeddable":true,"href":"https:\/\/nirigs.com\/ar\/wp-json\/wp\/v2\/pwb-brand?post=23275"},{"taxonomy":"product_brand","embeddable":true,"href":"https:\/\/nirigs.com\/ar\/wp-json\/wp\/v2\/product_brand?post=23275"},{"taxonomy":"product_cat","embeddable":true,"href":"https:\/\/nirigs.com\/ar\/wp-json\/wp\/v2\/product_cat?post=23275"},{"taxonomy":"product_tag","embeddable":true,"href":"https:\/\/nirigs.com\/ar\/wp-json\/wp\/v2\/product_tag?post=23275"}],"curies":[{"name":"wp","href":"https:\/\/api.w.org\/{rel}","templated":true}]}}