{"id":23272,"date":"2024-10-06T18:01:57","date_gmt":"2024-10-06T15:01:57","guid":{"rendered":"https:\/\/nirigs.com\/produit\/casino-mouchoirs-3-epaisseurs-x60-mouchoirs\/"},"modified":"2025-03-13T10:37:27","modified_gmt":"2025-03-13T07:37:27","slug":"casino-mouchoirs-3-epaisseurs-x60-mouchoirs","status":"publish","type":"product","link":"https:\/\/nirigs.com\/ar\/product\/casino-mouchoirs-3-epaisseurs-x60-mouchoirs\/","title":{"rendered":"\u0627\u0644\u0643\u0627\u0632\u064a\u0646\u0648 \u2013 \u0645\u0646\u0627\u062f\u064a\u0644 \u062b\u0644\u0627\u062b\u064a\u0629 \u0627\u0644\u0637\u0628\u0642\u0627\u062a \u00d7 60 \u0645\u0646\u062f\u064a\u0644"},"content":{"rendered":"<p>Les mouchoirs 3 \u00e9paisseurs de Casino sont con\u00e7us pour offrir une douceur et une r\u00e9sistance optimales. Leur triple \u00e9paisseur les rend plus r\u00e9sistants et absorbants, tout en restant doux au toucher, ce qui les rend parfaits pour un usage quotidien, en particulier en cas de rhume ou d\u2019allergies.<\/p>\n<h4><strong>\u0645\u0643\u0648\u0646\u0627\u062a :<\/strong><\/h4>\n<p>100 % fibres de cellulose.<\/p>\n<h4><strong>\u0641\u0648\u0627\u0626\u062f :<\/strong><\/h4>\n<ul>\n<li><strong>Douceur exceptionnelle :<\/strong> La triple \u00e9paisseur offre un confort maximal, id\u00e9al pour les peaux sensibles.<\/li>\n<li><strong>Haute r\u00e9sistance :<\/strong> Plus solides que les mouchoirs traditionnels, ils ne se d\u00e9chirent pas facilement.<\/li>\n<li><strong>Absorption optimale :<\/strong> Gr\u00e2ce \u00e0 leurs trois couches, ils sont tr\u00e8s absorbants, parfaits pour les nez qui coulent souvent.<\/li>\n<li><strong>\u0627\u0644\u0634\u0643\u0644 \u0627\u0644\u0639\u0645\u0644\u064a:<\/strong> Bo\u00eete de 60 mouchoirs, pratique \u00e0 emporter ou \u00e0 garder \u00e0 port\u00e9e de main dans la maison.<\/li>\n<li><strong>Id\u00e9al pour les peaux sensibles :<\/strong> Doux au toucher, ils pr\u00e9viennent les irritations caus\u00e9es par les frottements fr\u00e9quents.<\/li>\n<\/ul>\n<h4><strong>\u062a\u0639\u0644\u064a\u0645\u0627\u062a :<\/strong><\/h4>\n<p>Sortir un mouchoir de la bo\u00eete et l\u2019utiliser pour se moucher ou nettoyer la peau. Jeter apr\u00e8s usage.<\/p>\n<h4><strong>\u0627\u062d\u062a\u064a\u0627\u0637\u0627\u062a \u0627\u0644\u0627\u0633\u062a\u062e\u062f\u0627\u0645:<\/strong><\/h4>\n<ul>\n<li>Conserver dans un endroit sec pour pr\u00e9server la qualit\u00e9 des mouchoirs.<\/li>\n<li>Tenir hors de port\u00e9e des jeunes enfants pour \u00e9viter tout risque d\u2019\u00e9touffement.<\/li>\n<\/ul>","protected":false},"excerpt":{"rendered":"<p>Les mouchoirs 3 \u00e9paisseurs de Casino sont con\u00e7us pour offrir une douceur et une r\u00e9sistance optimales. Leur triple \u00e9paisseur les<\/p>","protected":false},"featured_media":25497,"comment_status":"open","ping_status":"closed","template":"","meta":[],"pwb-brand":[843],"product_brand":[],"product_cat":[948,275,949,952],"product_tag":[],"class_list":{"0":"post-23272","1":"product","2":"type-product","3":"status-publish","4":"has-post-thumbnail","6":"pwb-brand-casino","7":"product_cat-entretien-de-la-maison-et-nettoyage","8":"product_cat-epicerie","9":"product_cat-essuie-tout-papier-toilette-et-mouchoirs","10":"product_cat-mouchoirs","12":"first","13":"instock","14":"shipping-taxable","15":"purchasable","16":"product-type-simple"},"yoast_head":"<!-- This site is optimized with the Yoast SEO plugin v27.1.1 - https:\/\/yoast.com\/product\/yoast-seo-wordpress\/ -->\n<title>Casino - Mouchoirs 3 \u00e9paisseurs x60 mouchoirs - NIRIGS<\/title>\n<meta name=\"robots\" content=\"index, follow, max-snippet:-1, max-image-preview:large, max-video-preview:-1\" \/>\n<link rel=\"canonical\" href=\"https:\/\/nirigs.com\/ar\/product\/casino-mouchoirs-3-epaisseurs-x60-mouchoirs\/\" \/>\n<meta property=\"og:locale\" content=\"ar_AR\" \/>\n<meta property=\"og:type\" content=\"article\" \/>\n<meta property=\"og:title\" content=\"Casino - Mouchoirs 3 \u00e9paisseurs x60 mouchoirs - NIRIGS\" \/>\n<meta property=\"og:description\" content=\"Les mouchoirs 3 \u00e9paisseurs de Casino sont con\u00e7us pour offrir une douceur et une r\u00e9sistance optimales. Leur triple \u00e9paisseur les\" \/>\n<meta property=\"og:url\" content=\"https:\/\/nirigs.com\/ar\/product\/casino-mouchoirs-3-epaisseurs-x60-mouchoirs\/\" \/>\n<meta property=\"og:site_name\" content=\"NIRIGS\" \/>\n<meta property=\"article:modified_time\" content=\"2025-03-13T07:37:27+00:00\" \/>\n<meta property=\"og:image\" content=\"https:\/\/nirigs.com\/wp-content\/uploads\/2024\/10\/Casino-Mouchoirs-3-epaisseurs-x60-mouchoirs.jpg\" \/>\n\t<meta property=\"og:image:width\" content=\"1000\" \/>\n\t<meta property=\"og:image:height\" content=\"1000\" \/>\n\t<meta property=\"og:image:type\" content=\"image\/jpeg\" \/>\n<meta name=\"twitter:card\" content=\"summary_large_image\" \/>\n<meta name=\"twitter:label1\" content=\"\u0648\u0642\u062a \u0627\u0644\u0642\u0631\u0627\u0621\u0629 \u0627\u0644\u0645\u064f\u0642\u062f\u0651\u0631\" \/>\n\t<meta name=\"twitter:data1\" content=\"\u062f\u0642\u064a\u0642\u0629 \u0648\u0627\u062d\u062f\u0629\" \/>\n<script type=\"application\/ld+json\" class=\"yoast-schema-graph\">{\"@context\":\"https:\/\/schema.org\",\"@graph\":[{\"@type\":\"WebPage\",\"@id\":\"https:\/\/nirigs.com\/en\/product\/casino-mouchoirs-3-epaisseurs-x60-mouchoirs\/\",\"url\":\"https:\/\/nirigs.com\/en\/product\/casino-mouchoirs-3-epaisseurs-x60-mouchoirs\/\",\"name\":\"Casino - Mouchoirs 3 \u00e9paisseurs x60 mouchoirs - NIRIGS\",\"isPartOf\":{\"@id\":\"https:\/\/nirigs.com\/#website\"},\"primaryImageOfPage\":{\"@id\":\"https:\/\/nirigs.com\/en\/product\/casino-mouchoirs-3-epaisseurs-x60-mouchoirs\/#primaryimage\"},\"image\":{\"@id\":\"https:\/\/nirigs.com\/en\/product\/casino-mouchoirs-3-epaisseurs-x60-mouchoirs\/#primaryimage\"},\"thumbnailUrl\":\"https:\/\/nirigs.com\/wp-content\/uploads\/2024\/10\/Casino-Mouchoirs-3-epaisseurs-x60-mouchoirs.jpg\",\"datePublished\":\"2024-10-06T15:01:57+00:00\",\"dateModified\":\"2025-03-13T07:37:27+00:00\",\"breadcrumb\":{\"@id\":\"https:\/\/nirigs.com\/en\/product\/casino-mouchoirs-3-epaisseurs-x60-mouchoirs\/#breadcrumb\"},\"inLanguage\":\"ar\",\"potentialAction\":[{\"@type\":\"ReadAction\",\"target\":[\"https:\/\/nirigs.com\/en\/product\/casino-mouchoirs-3-epaisseurs-x60-mouchoirs\/\"]}]},{\"@type\":\"ImageObject\",\"inLanguage\":\"ar\",\"@id\":\"https:\/\/nirigs.com\/en\/product\/casino-mouchoirs-3-epaisseurs-x60-mouchoirs\/#primaryimage\",\"url\":\"https:\/\/nirigs.com\/wp-content\/uploads\/2024\/10\/Casino-Mouchoirs-3-epaisseurs-x60-mouchoirs.jpg\",\"contentUrl\":\"https:\/\/nirigs.com\/wp-content\/uploads\/2024\/10\/Casino-Mouchoirs-3-epaisseurs-x60-mouchoirs.jpg\",\"width\":1000,\"height\":1000},{\"@type\":\"BreadcrumbList\",\"@id\":\"https:\/\/nirigs.com\/en\/product\/casino-mouchoirs-3-epaisseurs-x60-mouchoirs\/#breadcrumb\",\"itemListElement\":[{\"@type\":\"ListItem\",\"position\":1,\"name\":\"Home\",\"item\":\"https:\/\/nirigs.com\/\"},{\"@type\":\"ListItem\",\"position\":2,\"name\":\"Parcourir\",\"item\":\"https:\/\/nirigs.com\/boutique\/\"},{\"@type\":\"ListItem\",\"position\":3,\"name\":\"Casino &#8211; Mouchoirs 3 \u00e9paisseurs x60 mouchoirs\"}]},{\"@type\":\"WebSite\",\"@id\":\"https:\/\/nirigs.com\/#website\",\"url\":\"https:\/\/nirigs.com\/\",\"name\":\"Nirigs.com\",\"description\":\"Simplifiez vos achats du quotidien \u00e0 Djibouti\",\"publisher\":{\"@id\":\"https:\/\/nirigs.com\/#organization\"},\"potentialAction\":[{\"@type\":\"SearchAction\",\"target\":{\"@type\":\"EntryPoint\",\"urlTemplate\":\"https:\/\/nirigs.com\/?s={search_term_string}\"},\"query-input\":{\"@type\":\"PropertyValueSpecification\",\"valueRequired\":true,\"valueName\":\"search_term_string\"}}],\"inLanguage\":\"ar\"},{\"@type\":\"Organization\",\"@id\":\"https:\/\/nirigs.com\/#organization\",\"name\":\"Nirigs\",\"url\":\"https:\/\/nirigs.com\/\",\"logo\":{\"@type\":\"ImageObject\",\"inLanguage\":\"ar\",\"@id\":\"https:\/\/nirigs.com\/#\/schema\/logo\/image\/\",\"url\":\"https:\/\/nirigs.com\/wp-content\/uploads\/2025\/04\/Design-sans-titre-27.png\",\"contentUrl\":\"https:\/\/nirigs.com\/wp-content\/uploads\/2025\/04\/Design-sans-titre-27.png\",\"width\":500,\"height\":500,\"caption\":\"Nirigs\"},\"image\":{\"@id\":\"https:\/\/nirigs.com\/#\/schema\/logo\/image\/\"}}]}<\/script>\n<!-- \/ Yoast SEO plugin. -->","yoast_head_json":{"title":"Casino - Mouchoirs 3 \u00e9paisseurs x60 mouchoirs - NIRIGS","robots":{"index":"index","follow":"follow","max-snippet":"max-snippet:-1","max-image-preview":"max-image-preview:large","max-video-preview":"max-video-preview:-1"},"canonical":"https:\/\/nirigs.com\/ar\/product\/casino-mouchoirs-3-epaisseurs-x60-mouchoirs\/","og_locale":"ar_AR","og_type":"article","og_title":"Casino - Mouchoirs 3 \u00e9paisseurs x60 mouchoirs - NIRIGS","og_description":"Les mouchoirs 3 \u00e9paisseurs de Casino sont con\u00e7us pour offrir une douceur et une r\u00e9sistance optimales. Leur triple \u00e9paisseur les","og_url":"https:\/\/nirigs.com\/ar\/product\/casino-mouchoirs-3-epaisseurs-x60-mouchoirs\/","og_site_name":"NIRIGS","article_modified_time":"2025-03-13T07:37:27+00:00","og_image":[{"width":1000,"height":1000,"url":"https:\/\/nirigs.com\/wp-content\/uploads\/2024\/10\/Casino-Mouchoirs-3-epaisseurs-x60-mouchoirs.jpg","type":"image\/jpeg"}],"twitter_card":"summary_large_image","twitter_misc":{"\u0648\u0642\u062a \u0627\u0644\u0642\u0631\u0627\u0621\u0629 \u0627\u0644\u0645\u064f\u0642\u062f\u0651\u0631":"\u062f\u0642\u064a\u0642\u0629 \u0648\u0627\u062d\u062f\u0629"},"schema":{"@context":"https:\/\/schema.org","@graph":[{"@type":"WebPage","@id":"https:\/\/nirigs.com\/en\/product\/casino-mouchoirs-3-epaisseurs-x60-mouchoirs\/","url":"https:\/\/nirigs.com\/en\/product\/casino-mouchoirs-3-epaisseurs-x60-mouchoirs\/","name":"Casino - Mouchoirs 3 \u00e9paisseurs x60 mouchoirs - NIRIGS","isPartOf":{"@id":"https:\/\/nirigs.com\/#website"},"primaryImageOfPage":{"@id":"https:\/\/nirigs.com\/en\/product\/casino-mouchoirs-3-epaisseurs-x60-mouchoirs\/#primaryimage"},"image":{"@id":"https:\/\/nirigs.com\/en\/product\/casino-mouchoirs-3-epaisseurs-x60-mouchoirs\/#primaryimage"},"thumbnailUrl":"https:\/\/nirigs.com\/wp-content\/uploads\/2024\/10\/Casino-Mouchoirs-3-epaisseurs-x60-mouchoirs.jpg","datePublished":"2024-10-06T15:01:57+00:00","dateModified":"2025-03-13T07:37:27+00:00","breadcrumb":{"@id":"https:\/\/nirigs.com\/en\/product\/casino-mouchoirs-3-epaisseurs-x60-mouchoirs\/#breadcrumb"},"inLanguage":"ar","potentialAction":[{"@type":"ReadAction","target":["https:\/\/nirigs.com\/en\/product\/casino-mouchoirs-3-epaisseurs-x60-mouchoirs\/"]}]},{"@type":"ImageObject","inLanguage":"ar","@id":"https:\/\/nirigs.com\/en\/product\/casino-mouchoirs-3-epaisseurs-x60-mouchoirs\/#primaryimage","url":"https:\/\/nirigs.com\/wp-content\/uploads\/2024\/10\/Casino-Mouchoirs-3-epaisseurs-x60-mouchoirs.jpg","contentUrl":"https:\/\/nirigs.com\/wp-content\/uploads\/2024\/10\/Casino-Mouchoirs-3-epaisseurs-x60-mouchoirs.jpg","width":1000,"height":1000},{"@type":"BreadcrumbList","@id":"https:\/\/nirigs.com\/en\/product\/casino-mouchoirs-3-epaisseurs-x60-mouchoirs\/#breadcrumb","itemListElement":[{"@type":"ListItem","position":1,"name":"Home","item":"https:\/\/nirigs.com\/"},{"@type":"ListItem","position":2,"name":"Parcourir","item":"https:\/\/nirigs.com\/boutique\/"},{"@type":"ListItem","position":3,"name":"Casino &#8211; Mouchoirs 3 \u00e9paisseurs x60 mouchoirs"}]},{"@type":"WebSite","@id":"https:\/\/nirigs.com\/#website","url":"https:\/\/nirigs.com\/","name":"Nirigs.com","description":"Simplifiez vos achats du quotidien \u00e0 Djibouti","publisher":{"@id":"https:\/\/nirigs.com\/#organization"},"potentialAction":[{"@type":"SearchAction","target":{"@type":"EntryPoint","urlTemplate":"https:\/\/nirigs.com\/?s={search_term_string}"},"query-input":{"@type":"PropertyValueSpecification","valueRequired":true,"valueName":"search_term_string"}}],"inLanguage":"ar"},{"@type":"Organization","@id":"https:\/\/nirigs.com\/#organization","name":"\u0646\u064a\u0631\u064a\u062c\u0633","url":"https:\/\/nirigs.com\/","logo":{"@type":"ImageObject","inLanguage":"ar","@id":"https:\/\/nirigs.com\/#\/schema\/logo\/image\/","url":"https:\/\/nirigs.com\/wp-content\/uploads\/2025\/04\/Design-sans-titre-27.png","contentUrl":"https:\/\/nirigs.com\/wp-content\/uploads\/2025\/04\/Design-sans-titre-27.png","width":500,"height":500,"caption":"Nirigs"},"image":{"@id":"https:\/\/nirigs.com\/#\/schema\/logo\/image\/"}}]}},"brands":[{"id":843,"name":"\u0643\u0627\u0632\u064a\u0646\u0648","slug":"casino"}],"_links":{"self":[{"href":"https:\/\/nirigs.com\/ar\/wp-json\/wp\/v2\/product\/23272","targetHints":{"allow":["GET"]}}],"collection":[{"href":"https:\/\/nirigs.com\/ar\/wp-json\/wp\/v2\/product"}],"about":[{"href":"https:\/\/nirigs.com\/ar\/wp-json\/wp\/v2\/types\/product"}],"replies":[{"embeddable":true,"href":"https:\/\/nirigs.com\/ar\/wp-json\/wp\/v2\/comments?post=23272"}],"version-history":[{"count":2,"href":"https:\/\/nirigs.com\/ar\/wp-json\/wp\/v2\/product\/23272\/revisions"}],"predecessor-version":[{"id":25500,"href":"https:\/\/nirigs.com\/ar\/wp-json\/wp\/v2\/product\/23272\/revisions\/25500"}],"wp:featuredmedia":[{"embeddable":true,"href":"https:\/\/nirigs.com\/ar\/wp-json\/wp\/v2\/media\/25497"}],"wp:attachment":[{"href":"https:\/\/nirigs.com\/ar\/wp-json\/wp\/v2\/media?parent=23272"}],"wp:term":[{"taxonomy":"pwb-brand","embeddable":true,"href":"https:\/\/nirigs.com\/ar\/wp-json\/wp\/v2\/pwb-brand?post=23272"},{"taxonomy":"product_brand","embeddable":true,"href":"https:\/\/nirigs.com\/ar\/wp-json\/wp\/v2\/product_brand?post=23272"},{"taxonomy":"product_cat","embeddable":true,"href":"https:\/\/nirigs.com\/ar\/wp-json\/wp\/v2\/product_cat?post=23272"},{"taxonomy":"product_tag","embeddable":true,"href":"https:\/\/nirigs.com\/ar\/wp-json\/wp\/v2\/product_tag?post=23272"}],"curies":[{"name":"wp","href":"https:\/\/api.w.org\/{rel}","templated":true}]}}