{"id":23268,"date":"2024-10-06T18:01:55","date_gmt":"2024-10-06T15:01:55","guid":{"rendered":"https:\/\/nirigs.com\/produit\/fine-papier-toilette-deluxe-pour-plus-de-douceur-epais-et-plus-absorbant-3-plis-x4-rouleaux\/"},"modified":"2025-03-16T11:15:35","modified_gmt":"2025-03-16T08:15:35","slug":"fine-papier-toilette-deluxe-pour-plus-de-douceur-epais-et-plus-absorbant-3-plis-x4-rouleaux","status":"publish","type":"product","link":"https:\/\/nirigs.com\/ar\/product\/fine-papier-toilette-deluxe-pour-plus-de-douceur-epais-et-plus-absorbant-3-plis-x4-rouleaux\/","title":{"rendered":"Fine &#8211; Papier toilette deluxe pour plus de douceur \u00e9pais et plus absorbant 3 plis x4 rouleaux"},"content":{"rendered":"<p>Le papier toilette Fine Deluxe est con\u00e7u pour offrir une douceur et un confort exceptionnels gr\u00e2ce \u00e0 sa triple \u00e9paisseur. \u00c9pais et ultra absorbant, il garantit une exp\u00e9rience d\u2019utilisation agr\u00e9able et efficace, tout en \u00e9tant doux au toucher. Id\u00e9al pour un usage quotidien, il convient particuli\u00e8rement aux personnes \u00e0 la recherche de confort et de qualit\u00e9 sup\u00e9rieure.<\/p>\n<h4><strong>\u0645\u0643\u0648\u0646\u0627\u062a :<\/strong><\/h4>\n<p>100 % fibres de cellulose.<\/p>\n<h4><strong>\u0641\u0648\u0627\u0626\u062f :<\/strong><\/h4>\n<ul>\n<li><strong>Douceur exceptionnelle :<\/strong> Les 3 plis offrent une sensation de douceur maximale, id\u00e9ale pour les peaux sensibles.<\/li>\n<li><strong>\u00c9pais et absorbant :<\/strong> Une absorption am\u00e9lior\u00e9e qui permet d\u2019utiliser moins de papier tout en garantissant une efficacit\u00e9 optimale.<\/li>\n<li><strong>Confort sup\u00e9rieur :<\/strong> Le papier est con\u00e7u pour \u00eatre plus r\u00e9sistant tout en offrant une sensation moelleuse au toucher.<\/li>\n<li><strong>\u0627\u0644\u0634\u0643\u0644 \u0627\u0644\u0639\u0645\u0644\u064a:<\/strong> Pack de 4 rouleaux, parfait pour un usage familial ou personnel.<\/li>\n<\/ul>\n<h4><strong>\u062a\u0639\u0644\u064a\u0645\u0627\u062a :<\/strong><\/h4>\n<p>Utiliser comme papier toilette habituel. D\u00e9chirer \u00e0 la taille souhait\u00e9e pour une utilisation confortable et efficace.<\/p>\n<h4><strong>\u0627\u062d\u062a\u064a\u0627\u0637\u0627\u062a \u0627\u0644\u0627\u0633\u062a\u062e\u062f\u0627\u0645:<\/strong><\/h4>\n<ul>\n<li>Conserver dans un endroit sec pour maintenir la qualit\u00e9 du papier.<\/li>\n<li>Tenir hors de port\u00e9e des jeunes enfants pour \u00e9viter tout risque d&rsquo;ingestion accidentelle.<\/li>\n<\/ul>","protected":false},"excerpt":{"rendered":"<p>Le papier toilette Fine Deluxe est con\u00e7u pour offrir une douceur et un confort exceptionnels gr\u00e2ce \u00e0 sa triple \u00e9paisseur.<\/p>","protected":false},"featured_media":25518,"comment_status":"open","ping_status":"closed","template":"","meta":[],"pwb-brand":[1209],"product_brand":[],"product_cat":[948,275,949,953],"product_tag":[],"class_list":{"0":"post-23268","1":"product","2":"type-product","3":"status-publish","4":"has-post-thumbnail","6":"pwb-brand-fine","7":"product_cat-entretien-de-la-maison-et-nettoyage","8":"product_cat-epicerie","9":"product_cat-essuie-tout-papier-toilette-et-mouchoirs","10":"product_cat-papier-toilette","12":"first","13":"instock","14":"shipping-taxable","15":"purchasable","16":"product-type-simple"},"yoast_head":"<!-- This site is optimized with the Yoast SEO plugin v27.1.1 - https:\/\/yoast.com\/product\/yoast-seo-wordpress\/ -->\n<title>Fine - Papier toilette deluxe pour plus de douceur \u00e9pais et plus absorbant 3 plis x4 rouleaux - NIRIGS<\/title>\n<meta name=\"robots\" content=\"index, follow, max-snippet:-1, max-image-preview:large, max-video-preview:-1\" \/>\n<link rel=\"canonical\" href=\"https:\/\/nirigs.com\/ar\/product\/fine-papier-toilette-deluxe-pour-plus-de-douceur-epais-et-plus-absorbant-3-plis-x4-rouleaux\/\" \/>\n<meta property=\"og:locale\" content=\"ar_AR\" \/>\n<meta property=\"og:type\" content=\"article\" \/>\n<meta property=\"og:title\" content=\"Fine - Papier toilette deluxe pour plus de douceur \u00e9pais et plus absorbant 3 plis x4 rouleaux - NIRIGS\" \/>\n<meta property=\"og:description\" content=\"Le papier toilette Fine Deluxe est con\u00e7u pour offrir une douceur et un confort exceptionnels gr\u00e2ce \u00e0 sa triple \u00e9paisseur.\" \/>\n<meta property=\"og:url\" content=\"https:\/\/nirigs.com\/ar\/product\/fine-papier-toilette-deluxe-pour-plus-de-douceur-epais-et-plus-absorbant-3-plis-x4-rouleaux\/\" \/>\n<meta property=\"og:site_name\" content=\"NIRIGS\" \/>\n<meta property=\"article:modified_time\" content=\"2025-03-16T08:15:35+00:00\" \/>\n<meta property=\"og:image\" content=\"https:\/\/nirigs.com\/wp-content\/uploads\/2024\/10\/Fine-Papier-toilette-deluxe-pour-plus-de-douceur-epais-et-plus-absorbant-3-plis-x4-rouleaux.jpg\" \/>\n\t<meta property=\"og:image:width\" content=\"1000\" \/>\n\t<meta property=\"og:image:height\" content=\"1000\" \/>\n\t<meta property=\"og:image:type\" content=\"image\/jpeg\" \/>\n<meta name=\"twitter:card\" content=\"summary_large_image\" \/>\n<meta name=\"twitter:label1\" content=\"\u0648\u0642\u062a \u0627\u0644\u0642\u0631\u0627\u0621\u0629 \u0627\u0644\u0645\u064f\u0642\u062f\u0651\u0631\" \/>\n\t<meta name=\"twitter:data1\" content=\"\u062f\u0642\u064a\u0642\u0629 \u0648\u0627\u062d\u062f\u0629\" \/>\n<script type=\"application\/ld+json\" class=\"yoast-schema-graph\">{\"@context\":\"https:\/\/schema.org\",\"@graph\":[{\"@type\":\"WebPage\",\"@id\":\"https:\/\/nirigs.com\/product\/fine-papier-toilette-deluxe-pour-plus-de-douceur-epais-et-plus-absorbant-3-plis-x4-rouleaux\/\",\"url\":\"https:\/\/nirigs.com\/product\/fine-papier-toilette-deluxe-pour-plus-de-douceur-epais-et-plus-absorbant-3-plis-x4-rouleaux\/\",\"name\":\"Fine - Papier toilette deluxe pour plus de douceur \u00e9pais et plus absorbant 3 plis x4 rouleaux - NIRIGS\",\"isPartOf\":{\"@id\":\"https:\/\/nirigs.com\/#website\"},\"primaryImageOfPage\":{\"@id\":\"https:\/\/nirigs.com\/product\/fine-papier-toilette-deluxe-pour-plus-de-douceur-epais-et-plus-absorbant-3-plis-x4-rouleaux\/#primaryimage\"},\"image\":{\"@id\":\"https:\/\/nirigs.com\/product\/fine-papier-toilette-deluxe-pour-plus-de-douceur-epais-et-plus-absorbant-3-plis-x4-rouleaux\/#primaryimage\"},\"thumbnailUrl\":\"https:\/\/nirigs.com\/wp-content\/uploads\/2024\/10\/Fine-Papier-toilette-deluxe-pour-plus-de-douceur-epais-et-plus-absorbant-3-plis-x4-rouleaux.jpg\",\"datePublished\":\"2024-10-06T15:01:55+00:00\",\"dateModified\":\"2025-03-16T08:15:35+00:00\",\"breadcrumb\":{\"@id\":\"https:\/\/nirigs.com\/product\/fine-papier-toilette-deluxe-pour-plus-de-douceur-epais-et-plus-absorbant-3-plis-x4-rouleaux\/#breadcrumb\"},\"inLanguage\":\"ar\",\"potentialAction\":[{\"@type\":\"ReadAction\",\"target\":[\"https:\/\/nirigs.com\/product\/fine-papier-toilette-deluxe-pour-plus-de-douceur-epais-et-plus-absorbant-3-plis-x4-rouleaux\/\"]}]},{\"@type\":\"ImageObject\",\"inLanguage\":\"ar\",\"@id\":\"https:\/\/nirigs.com\/product\/fine-papier-toilette-deluxe-pour-plus-de-douceur-epais-et-plus-absorbant-3-plis-x4-rouleaux\/#primaryimage\",\"url\":\"https:\/\/nirigs.com\/wp-content\/uploads\/2024\/10\/Fine-Papier-toilette-deluxe-pour-plus-de-douceur-epais-et-plus-absorbant-3-plis-x4-rouleaux.jpg\",\"contentUrl\":\"https:\/\/nirigs.com\/wp-content\/uploads\/2024\/10\/Fine-Papier-toilette-deluxe-pour-plus-de-douceur-epais-et-plus-absorbant-3-plis-x4-rouleaux.jpg\",\"width\":1000,\"height\":1000},{\"@type\":\"BreadcrumbList\",\"@id\":\"https:\/\/nirigs.com\/product\/fine-papier-toilette-deluxe-pour-plus-de-douceur-epais-et-plus-absorbant-3-plis-x4-rouleaux\/#breadcrumb\",\"itemListElement\":[{\"@type\":\"ListItem\",\"position\":1,\"name\":\"Home\",\"item\":\"https:\/\/nirigs.com\/\"},{\"@type\":\"ListItem\",\"position\":2,\"name\":\"Parcourir\",\"item\":\"https:\/\/nirigs.com\/boutique\/\"},{\"@type\":\"ListItem\",\"position\":3,\"name\":\"Fine &#8211; Papier toilette deluxe pour plus de douceur \u00e9pais et plus absorbant 3 plis x4 rouleaux\"}]},{\"@type\":\"WebSite\",\"@id\":\"https:\/\/nirigs.com\/#website\",\"url\":\"https:\/\/nirigs.com\/\",\"name\":\"Nirigs.com\",\"description\":\"Simplifiez vos achats du quotidien \u00e0 Djibouti\",\"publisher\":{\"@id\":\"https:\/\/nirigs.com\/#organization\"},\"potentialAction\":[{\"@type\":\"SearchAction\",\"target\":{\"@type\":\"EntryPoint\",\"urlTemplate\":\"https:\/\/nirigs.com\/?s={search_term_string}\"},\"query-input\":{\"@type\":\"PropertyValueSpecification\",\"valueRequired\":true,\"valueName\":\"search_term_string\"}}],\"inLanguage\":\"ar\"},{\"@type\":\"Organization\",\"@id\":\"https:\/\/nirigs.com\/#organization\",\"name\":\"Nirigs\",\"url\":\"https:\/\/nirigs.com\/\",\"logo\":{\"@type\":\"ImageObject\",\"inLanguage\":\"ar\",\"@id\":\"https:\/\/nirigs.com\/#\/schema\/logo\/image\/\",\"url\":\"https:\/\/nirigs.com\/wp-content\/uploads\/2025\/04\/Design-sans-titre-27.png\",\"contentUrl\":\"https:\/\/nirigs.com\/wp-content\/uploads\/2025\/04\/Design-sans-titre-27.png\",\"width\":500,\"height\":500,\"caption\":\"Nirigs\"},\"image\":{\"@id\":\"https:\/\/nirigs.com\/#\/schema\/logo\/image\/\"}}]}<\/script>\n<!-- \/ Yoast SEO plugin. -->","yoast_head_json":{"title":"Fine - Papier toilette deluxe pour plus de douceur \u00e9pais et plus absorbant 3 plis x4 rouleaux - NIRIGS","robots":{"index":"index","follow":"follow","max-snippet":"max-snippet:-1","max-image-preview":"max-image-preview:large","max-video-preview":"max-video-preview:-1"},"canonical":"https:\/\/nirigs.com\/ar\/product\/fine-papier-toilette-deluxe-pour-plus-de-douceur-epais-et-plus-absorbant-3-plis-x4-rouleaux\/","og_locale":"ar_AR","og_type":"article","og_title":"Fine - Papier toilette deluxe pour plus de douceur \u00e9pais et plus absorbant 3 plis x4 rouleaux - NIRIGS","og_description":"Le papier toilette Fine Deluxe est con\u00e7u pour offrir une douceur et un confort exceptionnels gr\u00e2ce \u00e0 sa triple \u00e9paisseur.","og_url":"https:\/\/nirigs.com\/ar\/product\/fine-papier-toilette-deluxe-pour-plus-de-douceur-epais-et-plus-absorbant-3-plis-x4-rouleaux\/","og_site_name":"NIRIGS","article_modified_time":"2025-03-16T08:15:35+00:00","og_image":[{"width":1000,"height":1000,"url":"https:\/\/nirigs.com\/wp-content\/uploads\/2024\/10\/Fine-Papier-toilette-deluxe-pour-plus-de-douceur-epais-et-plus-absorbant-3-plis-x4-rouleaux.jpg","type":"image\/jpeg"}],"twitter_card":"summary_large_image","twitter_misc":{"\u0648\u0642\u062a \u0627\u0644\u0642\u0631\u0627\u0621\u0629 \u0627\u0644\u0645\u064f\u0642\u062f\u0651\u0631":"\u062f\u0642\u064a\u0642\u0629 \u0648\u0627\u062d\u062f\u0629"},"schema":{"@context":"https:\/\/schema.org","@graph":[{"@type":"WebPage","@id":"https:\/\/nirigs.com\/product\/fine-papier-toilette-deluxe-pour-plus-de-douceur-epais-et-plus-absorbant-3-plis-x4-rouleaux\/","url":"https:\/\/nirigs.com\/product\/fine-papier-toilette-deluxe-pour-plus-de-douceur-epais-et-plus-absorbant-3-plis-x4-rouleaux\/","name":"Fine - Papier toilette deluxe pour plus de douceur \u00e9pais et plus absorbant 3 plis x4 rouleaux - NIRIGS","isPartOf":{"@id":"https:\/\/nirigs.com\/#website"},"primaryImageOfPage":{"@id":"https:\/\/nirigs.com\/product\/fine-papier-toilette-deluxe-pour-plus-de-douceur-epais-et-plus-absorbant-3-plis-x4-rouleaux\/#primaryimage"},"image":{"@id":"https:\/\/nirigs.com\/product\/fine-papier-toilette-deluxe-pour-plus-de-douceur-epais-et-plus-absorbant-3-plis-x4-rouleaux\/#primaryimage"},"thumbnailUrl":"https:\/\/nirigs.com\/wp-content\/uploads\/2024\/10\/Fine-Papier-toilette-deluxe-pour-plus-de-douceur-epais-et-plus-absorbant-3-plis-x4-rouleaux.jpg","datePublished":"2024-10-06T15:01:55+00:00","dateModified":"2025-03-16T08:15:35+00:00","breadcrumb":{"@id":"https:\/\/nirigs.com\/product\/fine-papier-toilette-deluxe-pour-plus-de-douceur-epais-et-plus-absorbant-3-plis-x4-rouleaux\/#breadcrumb"},"inLanguage":"ar","potentialAction":[{"@type":"ReadAction","target":["https:\/\/nirigs.com\/product\/fine-papier-toilette-deluxe-pour-plus-de-douceur-epais-et-plus-absorbant-3-plis-x4-rouleaux\/"]}]},{"@type":"ImageObject","inLanguage":"ar","@id":"https:\/\/nirigs.com\/product\/fine-papier-toilette-deluxe-pour-plus-de-douceur-epais-et-plus-absorbant-3-plis-x4-rouleaux\/#primaryimage","url":"https:\/\/nirigs.com\/wp-content\/uploads\/2024\/10\/Fine-Papier-toilette-deluxe-pour-plus-de-douceur-epais-et-plus-absorbant-3-plis-x4-rouleaux.jpg","contentUrl":"https:\/\/nirigs.com\/wp-content\/uploads\/2024\/10\/Fine-Papier-toilette-deluxe-pour-plus-de-douceur-epais-et-plus-absorbant-3-plis-x4-rouleaux.jpg","width":1000,"height":1000},{"@type":"BreadcrumbList","@id":"https:\/\/nirigs.com\/product\/fine-papier-toilette-deluxe-pour-plus-de-douceur-epais-et-plus-absorbant-3-plis-x4-rouleaux\/#breadcrumb","itemListElement":[{"@type":"ListItem","position":1,"name":"Home","item":"https:\/\/nirigs.com\/"},{"@type":"ListItem","position":2,"name":"Parcourir","item":"https:\/\/nirigs.com\/boutique\/"},{"@type":"ListItem","position":3,"name":"Fine &#8211; Papier toilette deluxe pour plus de douceur \u00e9pais et plus absorbant 3 plis x4 rouleaux"}]},{"@type":"WebSite","@id":"https:\/\/nirigs.com\/#website","url":"https:\/\/nirigs.com\/","name":"Nirigs.com","description":"Simplifiez vos achats du quotidien \u00e0 Djibouti","publisher":{"@id":"https:\/\/nirigs.com\/#organization"},"potentialAction":[{"@type":"SearchAction","target":{"@type":"EntryPoint","urlTemplate":"https:\/\/nirigs.com\/?s={search_term_string}"},"query-input":{"@type":"PropertyValueSpecification","valueRequired":true,"valueName":"search_term_string"}}],"inLanguage":"ar"},{"@type":"Organization","@id":"https:\/\/nirigs.com\/#organization","name":"\u0646\u064a\u0631\u064a\u062c\u0633","url":"https:\/\/nirigs.com\/","logo":{"@type":"ImageObject","inLanguage":"ar","@id":"https:\/\/nirigs.com\/#\/schema\/logo\/image\/","url":"https:\/\/nirigs.com\/wp-content\/uploads\/2025\/04\/Design-sans-titre-27.png","contentUrl":"https:\/\/nirigs.com\/wp-content\/uploads\/2025\/04\/Design-sans-titre-27.png","width":500,"height":500,"caption":"Nirigs"},"image":{"@id":"https:\/\/nirigs.com\/#\/schema\/logo\/image\/"}}]}},"brands":[{"id":1209,"name":"Fine","slug":"fine"}],"_links":{"self":[{"href":"https:\/\/nirigs.com\/ar\/wp-json\/wp\/v2\/product\/23268","targetHints":{"allow":["GET"]}}],"collection":[{"href":"https:\/\/nirigs.com\/ar\/wp-json\/wp\/v2\/product"}],"about":[{"href":"https:\/\/nirigs.com\/ar\/wp-json\/wp\/v2\/types\/product"}],"replies":[{"embeddable":true,"href":"https:\/\/nirigs.com\/ar\/wp-json\/wp\/v2\/comments?post=23268"}],"version-history":[{"count":2,"href":"https:\/\/nirigs.com\/ar\/wp-json\/wp\/v2\/product\/23268\/revisions"}],"predecessor-version":[{"id":25522,"href":"https:\/\/nirigs.com\/ar\/wp-json\/wp\/v2\/product\/23268\/revisions\/25522"}],"wp:featuredmedia":[{"embeddable":true,"href":"https:\/\/nirigs.com\/ar\/wp-json\/wp\/v2\/media\/25518"}],"wp:attachment":[{"href":"https:\/\/nirigs.com\/ar\/wp-json\/wp\/v2\/media?parent=23268"}],"wp:term":[{"taxonomy":"pwb-brand","embeddable":true,"href":"https:\/\/nirigs.com\/ar\/wp-json\/wp\/v2\/pwb-brand?post=23268"},{"taxonomy":"product_brand","embeddable":true,"href":"https:\/\/nirigs.com\/ar\/wp-json\/wp\/v2\/product_brand?post=23268"},{"taxonomy":"product_cat","embeddable":true,"href":"https:\/\/nirigs.com\/ar\/wp-json\/wp\/v2\/product_cat?post=23268"},{"taxonomy":"product_tag","embeddable":true,"href":"https:\/\/nirigs.com\/ar\/wp-json\/wp\/v2\/product_tag?post=23268"}],"curies":[{"name":"wp","href":"https:\/\/api.w.org\/{rel}","templated":true}]}}