{"id":23257,"date":"2024-10-06T18:01:52","date_gmt":"2024-10-06T15:01:52","guid":{"rendered":"https:\/\/nirigs.com\/produit\/teisseire-fruit-shoot-tropical-sans-sucres-ajoutes\/"},"modified":"2025-03-13T10:41:30","modified_gmt":"2025-03-13T07:41:30","slug":"teisseire-fruit-shoot-tropical-sans-sucres-ajoutes","status":"publish","type":"product","link":"https:\/\/nirigs.com\/ar\/product\/teisseire-fruit-shoot-tropical-sans-sucres-ajoutes\/","title":{"rendered":"\u062a\u064a\u0633\u064a\u0631 \u2013 \u0628\u0631\u0627\u0639\u0645 \u0627\u0644\u0641\u0627\u0643\u0647\u0629 \u0627\u0644\u0627\u0633\u062a\u0648\u0627\u0626\u064a\u0629 \u0628\u062f\u0648\u0646 \u0633\u0643\u0631 \u0645\u0636\u0627\u0641 \u2013 200 \u0645\u0644"},"content":{"rendered":"<p>Fruit Shoot Tropical \u0628\u062f\u0648\u0646 \u0633\u0643\u0631\u064a\u0627\u062a \u0645\u0636\u0627\u0641\u0629 \u0645\u0646 Teisseire \u0647\u0648 \u0645\u0634\u0631\u0648\u0628 \u0641\u0627\u0643\u0647\u064a \u0645\u0635\u0646\u0648\u0639 \u0645\u0646 \u0639\u0635\u0627\u0626\u0631 \u0627\u0644\u0641\u0627\u0643\u0647\u0629 \u0627\u0644\u0627\u0633\u062a\u0648\u0627\u0626\u064a\u0629\u060c \u0645\u062b\u0627\u0644\u064a \u0644\u0644\u0623\u0637\u0641\u0627\u0644 \u0627\u0644\u0646\u0634\u0637\u064a\u0646. \u062a\u0645 \u062a\u0631\u0643\u064a\u0628\u0647 \u0628\u062f\u0648\u0646 \u0633\u0643\u0631\u064a\u0627\u062a \u0645\u0636\u0627\u0641\u0629\u060c \u0648\u0647\u0648 \u0645\u062b\u0627\u0644\u064a \u0644\u0644\u062a\u0631\u0637\u064a\u0628 \u0627\u0644\u0635\u062d\u064a \u0637\u0648\u0627\u0644 \u0627\u0644\u064a\u0648\u0645\u060c \u062f\u0648\u0646 \u0627\u0644\u0645\u0633\u0627\u0633 \u0628\u0627\u0644\u0637\u0639\u0645. \u0628\u0641\u0636\u0644 \u0634\u0643\u0644\u0647 \u0627\u0644\u0645\u062d\u0645\u0648\u0644 \u0648\u063a\u0637\u0627\u0626\u0647 \u0627\u0644\u0642\u0627\u0628\u0644 \u0644\u0644\u0625\u063a\u0644\u0627\u0642\u060c \u0641\u0647\u0648 \u0627\u0644\u062d\u0644\u064a\u0641 \u0627\u0644\u0645\u062b\u0627\u0644\u064a \u0644\u0644\u0648\u062c\u0628\u0627\u062a \u0627\u0644\u062e\u0641\u064a\u0641\u0629 \u0623\u0648 \u0627\u0644\u0646\u0632\u0647\u0627\u062a \u0623\u0648 \u0627\u0644\u0623\u0646\u0634\u0637\u0629 \u0627\u0644\u0631\u064a\u0627\u0636\u064a\u0629.<\/p>\n<h4><strong>\u0645\u0643\u0648\u0646\u0627\u062a :<\/strong><\/h4>\n<p>\u0645\u0627\u0621\u060c \u0639\u0635\u0627\u0626\u0631 \u0641\u0648\u0627\u0643\u0647 \u0645\u0631\u0643\u0632\u0629 (\u0623\u0646\u0627\u0646\u0627\u0633\u060c \u0628\u0631\u062a\u0642\u0627\u0644\u060c \u0628\u0627\u0634\u0646 \u0641\u0631\u0648\u062a)\u060c \u0645\u062d\u0645\u0636 (\u062d\u0645\u0636 \u0627\u0644\u0633\u062a\u0631\u064a\u0643)\u060c \u0646\u0643\u0647\u0627\u062a \u0637\u0628\u064a\u0639\u064a\u0629\u060c \u0645\u0648\u0627\u062f \u062d\u0627\u0641\u0638\u0629 (\u0633\u0648\u0631\u0628\u0627\u062a \u0627\u0644\u0628\u0648\u062a\u0627\u0633\u064a\u0648\u0645)\u060c \u0645\u062d\u0644\u064a\u0627\u062a (\u0633\u0643\u0631\u0627\u0644\u0648\u0632).<\/p>\n<h4><strong>\u0641\u0648\u0627\u0626\u062f :<\/strong><\/h4>\n<ul>\n<li><strong>\u0639\u062f\u0645 \u0625\u0636\u0627\u0641\u0629 \u0633\u0643\u0631\u064a\u0627\u062a:<\/strong> \u062a\u0645 \u062a\u0631\u0643\u064a\u0628\u0647 \u0628\u062f\u0648\u0646 \u0633\u0643\u0631\u064a\u0627\u062a \u0645\u0636\u0627\u0641\u0629\u060c \u0645\u0645\u0627 \u064a\u062c\u0639\u0644\u0647 \u0645\u0634\u0631\u0648\u0628\u064b\u0627 \u0645\u0646\u062e\u0641\u0636 \u0627\u0644\u0633\u0639\u0631\u0627\u062a \u0627\u0644\u062d\u0631\u0627\u0631\u064a\u0629\u060c \u0648\u0645\u062b\u0627\u0644\u064a\u064b\u0627 \u0644\u0644\u0622\u0628\u0627\u0621 \u0627\u0644\u0645\u0647\u062a\u0645\u064a\u0646 \u0628\u0635\u062d\u0629 \u0623\u0637\u0641\u0627\u0644\u0647\u0645.<\/li>\n<li><strong>\u0627\u0644\u0646\u0643\u0647\u0629 \u0627\u0644\u0627\u0633\u062a\u0648\u0627\u0626\u064a\u0629:<\/strong> \u0645\u0632\u064a\u062c \u0644\u0630\u064a\u0630 \u0645\u0646 \u0627\u0644\u0641\u0648\u0627\u0643\u0647 \u0627\u0644\u0627\u0633\u062a\u0648\u0627\u0626\u064a\u0629 \u0627\u0644\u062a\u064a \u062a\u0646\u0627\u0644 \u0625\u0639\u062c\u0627\u0628 \u0627\u0644\u0623\u0637\u0641\u0627\u0644\u060c \u0645\u0639 \u062a\u0648\u0641\u064a\u0631 \u062a\u0631\u0637\u064a\u0628 \u0644\u0630\u064a\u0630.<\/li>\n<li><strong>\u0627\u0644\u0645\u0643\u0648\u0646\u0627\u062a \u0627\u0644\u0637\u0628\u064a\u0639\u064a\u0629:<\/strong> \u064a\u062d\u062a\u0648\u064a \u0639\u0644\u0649 \u0646\u0643\u0647\u0627\u062a \u0637\u0628\u064a\u0639\u064a\u0629 \u0644\u0645\u0630\u0627\u0642 \u0623\u0635\u064a\u0644 \u0648\u0644\u0627 \u064a\u062d\u062a\u0648\u064a \u0639\u0644\u0649 \u0623\u0644\u0648\u0627\u0646 \u0635\u0646\u0627\u0639\u064a\u0629.<\/li>\n<li><strong>\u0627\u0644\u0634\u0643\u0644 \u0627\u0644\u0639\u0645\u0644\u064a:<\/strong> \u062a\u0639\u062a\u0628\u0631 \u0627\u0644\u0632\u062c\u0627\u062c\u0629 \u0633\u0639\u0629 200 \u0645\u0644 \u0630\u0627\u062a \u0627\u0644\u063a\u0637\u0627\u0621 \u0627\u0644\u0642\u0627\u0628\u0644 \u0644\u0644\u0625\u063a\u0644\u0627\u0642 \u0645\u062b\u0627\u0644\u064a\u0629 \u0644\u0644\u0648\u062c\u0628\u0627\u062a \u0627\u0644\u062e\u0641\u064a\u0641\u0629 \u0623\u0648 \u0627\u0644\u0646\u0632\u0647\u0627\u062a \u0623\u0648 \u0627\u0644\u0623\u064a\u0627\u0645 \u0627\u0644\u0646\u0634\u0637\u0629.<\/li>\n<li><strong>\u0645\u0646\u062e\u0641\u0636\u0629 \u0627\u0644\u0633\u0639\u0631\u0627\u062a \u0627\u0644\u062d\u0631\u0627\u0631\u064a\u0629:<\/strong> \u0645\u062b\u0627\u0644\u064a \u0644\u0644\u0627\u0633\u062a\u0647\u0644\u0627\u0643 \u0627\u0644\u0645\u0646\u062a\u0638\u0645 \u062f\u0648\u0646 \u0632\u064a\u0627\u062f\u0629 \u0627\u0644\u0633\u0643\u0631.<\/li>\n<\/ul>\n<h4><strong>\u062a\u0639\u0644\u064a\u0645\u0627\u062a :<\/strong><\/h4>\n<p>\u064a\u0647\u0632 \u0642\u0628\u0644 \u0627\u0644\u0627\u0633\u062a\u062e\u062f\u0627\u0645. \u062a\u0633\u062a\u0647\u0644\u0643 \u0637\u0627\u0632\u062c\u0629 \u0623\u0648 \u0641\u064a \u062f\u0631\u062c\u0629 \u062d\u0631\u0627\u0631\u0629 \u0627\u0644\u063a\u0631\u0641\u0629. \u0628\u0645\u062c\u0631\u062f \u0641\u062a\u062d\u0647\u060c \u0623\u063a\u0644\u0642 \u0627\u0644\u063a\u0637\u0627\u0621 \u0648\u0627\u062d\u0641\u0638\u0647 \u0641\u064a \u0627\u0644\u062b\u0644\u0627\u062c\u0629.<\/p>\n<h4><strong>\u0627\u062d\u062a\u064a\u0627\u0637\u0627\u062a \u0627\u0644\u0627\u0633\u062a\u062e\u062f\u0627\u0645:<\/strong><\/h4>\n<ul>\n<li>\u064a\u064f\u062d\u0641\u0638 \u0641\u064a \u0645\u0643\u0627\u0646 \u0628\u0627\u0631\u062f \u0648\u062c\u0627\u0641 \u0642\u0628\u0644 \u0627\u0644\u0641\u062a\u062d.<\/li>\n<li>\u0628\u0639\u062f \u0627\u0644\u0641\u062a\u062d\u060c \u064a\u0633\u062a\u0647\u0644\u0643 \u062e\u0644\u0627\u0644 24 \u0633\u0627\u0639\u0629 \u0648\u064a\u062d\u0641\u0638 \u0641\u064a \u0627\u0644\u062b\u0644\u0627\u062c\u0629.<\/li>\n<\/ul>","protected":false},"excerpt":{"rendered":"<p>Le Fruit Shoot Tropical Sans Sucres Ajout\u00e9s de Teisseire est une boisson fruit\u00e9e \u00e0 base de jus de fruits tropicaux,<\/p>","protected":false},"featured_media":25528,"comment_status":"open","ping_status":"closed","template":"","meta":[],"pwb-brand":[1212],"product_brand":[],"product_cat":[936,1211,929,275],"product_tag":[],"class_list":{"0":"post-23257","1":"product","2":"type-product","3":"status-publish","4":"has-post-thumbnail","6":"pwb-brand-teisseire-fruit-shoot","7":"product_cat-boissons","8":"product_cat-boissons-pour-enfants","9":"product_cat-cafe-the-et-boissons","10":"product_cat-epicerie","12":"first","13":"instock","14":"shipping-taxable","15":"purchasable","16":"product-type-simple"},"yoast_head":"<!-- This site is optimized with the Yoast SEO plugin v27.4 - https:\/\/yoast.com\/product\/yoast-seo-wordpress\/ -->\n<title>Teisseire - Fruit shoot tropical sans sucres ajout\u00e9s - 200 ml - NIRIGS<\/title>\n<meta name=\"robots\" content=\"index, follow, max-snippet:-1, max-image-preview:large, max-video-preview:-1\" \/>\n<link rel=\"canonical\" href=\"https:\/\/nirigs.com\/ar\/product\/teisseire-fruit-shoot-tropical-sans-sucres-ajoutes\/\" \/>\n<meta property=\"og:locale\" content=\"ar_AR\" \/>\n<meta property=\"og:type\" content=\"article\" \/>\n<meta property=\"og:title\" content=\"Teisseire - Fruit shoot tropical sans sucres ajout\u00e9s - 200 ml - NIRIGS\" \/>\n<meta property=\"og:description\" content=\"Le Fruit Shoot Tropical Sans Sucres Ajout\u00e9s de Teisseire est une boisson fruit\u00e9e \u00e0 base de jus de fruits tropicaux,\" \/>\n<meta property=\"og:url\" content=\"https:\/\/nirigs.com\/ar\/product\/teisseire-fruit-shoot-tropical-sans-sucres-ajoutes\/\" \/>\n<meta property=\"og:site_name\" content=\"NIRIGS\" \/>\n<meta property=\"article:modified_time\" content=\"2025-03-13T07:41:30+00:00\" \/>\n<meta property=\"og:image\" content=\"https:\/\/nirigs.com\/wp-content\/uploads\/2024\/10\/Teisseire-Fruit-shoot-tropical-sans-sucres-ajoutes-200-ml.jpg\" \/>\n\t<meta property=\"og:image:width\" content=\"1000\" \/>\n\t<meta property=\"og:image:height\" content=\"1000\" \/>\n\t<meta property=\"og:image:type\" content=\"image\/jpeg\" \/>\n<meta name=\"twitter:card\" content=\"summary_large_image\" \/>\n<meta name=\"twitter:label1\" content=\"\u0648\u0642\u062a \u0627\u0644\u0642\u0631\u0627\u0621\u0629 \u0627\u0644\u0645\u064f\u0642\u062f\u0651\u0631\" \/>\n\t<meta name=\"twitter:data1\" content=\"\u062f\u0642\u064a\u0642\u0629 \u0648\u0627\u062d\u062f\u0629\" \/>\n<script type=\"application\/ld+json\" class=\"yoast-schema-graph\">{\"@context\":\"https:\\\/\\\/schema.org\",\"@graph\":[{\"@type\":\"WebPage\",\"@id\":\"https:\\\/\\\/nirigs.com\\\/product\\\/teisseire-fruit-shoot-tropical-sans-sucres-ajoutes\\\/\",\"url\":\"https:\\\/\\\/nirigs.com\\\/product\\\/teisseire-fruit-shoot-tropical-sans-sucres-ajoutes\\\/\",\"name\":\"Teisseire - Fruit shoot tropical sans sucres ajout\u00e9s - 200 ml - NIRIGS\",\"isPartOf\":{\"@id\":\"https:\\\/\\\/nirigs.com\\\/#website\"},\"primaryImageOfPage\":{\"@id\":\"https:\\\/\\\/nirigs.com\\\/product\\\/teisseire-fruit-shoot-tropical-sans-sucres-ajoutes\\\/#primaryimage\"},\"image\":{\"@id\":\"https:\\\/\\\/nirigs.com\\\/product\\\/teisseire-fruit-shoot-tropical-sans-sucres-ajoutes\\\/#primaryimage\"},\"thumbnailUrl\":\"https:\\\/\\\/nirigs.com\\\/wp-content\\\/uploads\\\/2024\\\/10\\\/Teisseire-Fruit-shoot-tropical-sans-sucres-ajoutes-200-ml.jpg\",\"datePublished\":\"2024-10-06T15:01:52+00:00\",\"dateModified\":\"2025-03-13T07:41:30+00:00\",\"breadcrumb\":{\"@id\":\"https:\\\/\\\/nirigs.com\\\/product\\\/teisseire-fruit-shoot-tropical-sans-sucres-ajoutes\\\/#breadcrumb\"},\"inLanguage\":\"ar\",\"potentialAction\":[{\"@type\":\"ReadAction\",\"target\":[\"https:\\\/\\\/nirigs.com\\\/product\\\/teisseire-fruit-shoot-tropical-sans-sucres-ajoutes\\\/\"]}]},{\"@type\":\"ImageObject\",\"inLanguage\":\"ar\",\"@id\":\"https:\\\/\\\/nirigs.com\\\/product\\\/teisseire-fruit-shoot-tropical-sans-sucres-ajoutes\\\/#primaryimage\",\"url\":\"https:\\\/\\\/nirigs.com\\\/wp-content\\\/uploads\\\/2024\\\/10\\\/Teisseire-Fruit-shoot-tropical-sans-sucres-ajoutes-200-ml.jpg\",\"contentUrl\":\"https:\\\/\\\/nirigs.com\\\/wp-content\\\/uploads\\\/2024\\\/10\\\/Teisseire-Fruit-shoot-tropical-sans-sucres-ajoutes-200-ml.jpg\",\"width\":1000,\"height\":1000},{\"@type\":\"BreadcrumbList\",\"@id\":\"https:\\\/\\\/nirigs.com\\\/product\\\/teisseire-fruit-shoot-tropical-sans-sucres-ajoutes\\\/#breadcrumb\",\"itemListElement\":[{\"@type\":\"ListItem\",\"position\":1,\"name\":\"Home\",\"item\":\"https:\\\/\\\/nirigs.com\\\/\"},{\"@type\":\"ListItem\",\"position\":2,\"name\":\"Parcourir\",\"item\":\"https:\\\/\\\/nirigs.com\\\/boutique\\\/\"},{\"@type\":\"ListItem\",\"position\":3,\"name\":\"Teisseire &#8211; Fruit shoot tropical sans sucres ajout\u00e9s &#8211; 200 ml\"}]},{\"@type\":\"WebSite\",\"@id\":\"https:\\\/\\\/nirigs.com\\\/#website\",\"url\":\"https:\\\/\\\/nirigs.com\\\/\",\"name\":\"Nirigs.com\",\"description\":\"Simplifiez vos achats du quotidien \u00e0 Djibouti\",\"publisher\":{\"@id\":\"https:\\\/\\\/nirigs.com\\\/#organization\"},\"potentialAction\":[{\"@type\":\"SearchAction\",\"target\":{\"@type\":\"EntryPoint\",\"urlTemplate\":\"https:\\\/\\\/nirigs.com\\\/?s={search_term_string}\"},\"query-input\":{\"@type\":\"PropertyValueSpecification\",\"valueRequired\":true,\"valueName\":\"search_term_string\"}}],\"inLanguage\":\"ar\"},{\"@type\":\"Organization\",\"@id\":\"https:\\\/\\\/nirigs.com\\\/#organization\",\"name\":\"Nirigs\",\"url\":\"https:\\\/\\\/nirigs.com\\\/\",\"logo\":{\"@type\":\"ImageObject\",\"inLanguage\":\"ar\",\"@id\":\"https:\\\/\\\/nirigs.com\\\/#\\\/schema\\\/logo\\\/image\\\/\",\"url\":\"https:\\\/\\\/nirigs.com\\\/wp-content\\\/uploads\\\/2025\\\/04\\\/Design-sans-titre-27.png\",\"contentUrl\":\"https:\\\/\\\/nirigs.com\\\/wp-content\\\/uploads\\\/2025\\\/04\\\/Design-sans-titre-27.png\",\"width\":500,\"height\":500,\"caption\":\"Nirigs\"},\"image\":{\"@id\":\"https:\\\/\\\/nirigs.com\\\/#\\\/schema\\\/logo\\\/image\\\/\"}}]}<\/script>\n<!-- \/ Yoast SEO plugin. -->","yoast_head_json":{"title":"Teisseire - Fruit shoot tropical sans sucres ajout\u00e9s - 200 ml - NIRIGS","robots":{"index":"index","follow":"follow","max-snippet":"max-snippet:-1","max-image-preview":"max-image-preview:large","max-video-preview":"max-video-preview:-1"},"canonical":"https:\/\/nirigs.com\/ar\/product\/teisseire-fruit-shoot-tropical-sans-sucres-ajoutes\/","og_locale":"ar_AR","og_type":"article","og_title":"Teisseire - Fruit shoot tropical sans sucres ajout\u00e9s - 200 ml - NIRIGS","og_description":"Le Fruit Shoot Tropical Sans Sucres Ajout\u00e9s de Teisseire est une boisson fruit\u00e9e \u00e0 base de jus de fruits tropicaux,","og_url":"https:\/\/nirigs.com\/ar\/product\/teisseire-fruit-shoot-tropical-sans-sucres-ajoutes\/","og_site_name":"NIRIGS","article_modified_time":"2025-03-13T07:41:30+00:00","og_image":[{"width":1000,"height":1000,"url":"https:\/\/nirigs.com\/wp-content\/uploads\/2024\/10\/Teisseire-Fruit-shoot-tropical-sans-sucres-ajoutes-200-ml.jpg","type":"image\/jpeg"}],"twitter_card":"summary_large_image","twitter_misc":{"\u0648\u0642\u062a \u0627\u0644\u0642\u0631\u0627\u0621\u0629 \u0627\u0644\u0645\u064f\u0642\u062f\u0651\u0631":"\u062f\u0642\u064a\u0642\u0629 \u0648\u0627\u062d\u062f\u0629"},"schema":{"@context":"https:\/\/schema.org","@graph":[{"@type":"WebPage","@id":"https:\/\/nirigs.com\/product\/teisseire-fruit-shoot-tropical-sans-sucres-ajoutes\/","url":"https:\/\/nirigs.com\/product\/teisseire-fruit-shoot-tropical-sans-sucres-ajoutes\/","name":"Teisseire - Fruit shoot tropical sans sucres ajout\u00e9s - 200 ml - NIRIGS","isPartOf":{"@id":"https:\/\/nirigs.com\/#website"},"primaryImageOfPage":{"@id":"https:\/\/nirigs.com\/product\/teisseire-fruit-shoot-tropical-sans-sucres-ajoutes\/#primaryimage"},"image":{"@id":"https:\/\/nirigs.com\/product\/teisseire-fruit-shoot-tropical-sans-sucres-ajoutes\/#primaryimage"},"thumbnailUrl":"https:\/\/nirigs.com\/wp-content\/uploads\/2024\/10\/Teisseire-Fruit-shoot-tropical-sans-sucres-ajoutes-200-ml.jpg","datePublished":"2024-10-06T15:01:52+00:00","dateModified":"2025-03-13T07:41:30+00:00","breadcrumb":{"@id":"https:\/\/nirigs.com\/product\/teisseire-fruit-shoot-tropical-sans-sucres-ajoutes\/#breadcrumb"},"inLanguage":"ar","potentialAction":[{"@type":"ReadAction","target":["https:\/\/nirigs.com\/product\/teisseire-fruit-shoot-tropical-sans-sucres-ajoutes\/"]}]},{"@type":"ImageObject","inLanguage":"ar","@id":"https:\/\/nirigs.com\/product\/teisseire-fruit-shoot-tropical-sans-sucres-ajoutes\/#primaryimage","url":"https:\/\/nirigs.com\/wp-content\/uploads\/2024\/10\/Teisseire-Fruit-shoot-tropical-sans-sucres-ajoutes-200-ml.jpg","contentUrl":"https:\/\/nirigs.com\/wp-content\/uploads\/2024\/10\/Teisseire-Fruit-shoot-tropical-sans-sucres-ajoutes-200-ml.jpg","width":1000,"height":1000},{"@type":"BreadcrumbList","@id":"https:\/\/nirigs.com\/product\/teisseire-fruit-shoot-tropical-sans-sucres-ajoutes\/#breadcrumb","itemListElement":[{"@type":"ListItem","position":1,"name":"Home","item":"https:\/\/nirigs.com\/"},{"@type":"ListItem","position":2,"name":"Parcourir","item":"https:\/\/nirigs.com\/boutique\/"},{"@type":"ListItem","position":3,"name":"Teisseire &#8211; Fruit shoot tropical sans sucres ajout\u00e9s &#8211; 200 ml"}]},{"@type":"WebSite","@id":"https:\/\/nirigs.com\/#website","url":"https:\/\/nirigs.com\/","name":"Nirigs.com","description":"Simplifiez vos achats du quotidien \u00e0 Djibouti","publisher":{"@id":"https:\/\/nirigs.com\/#organization"},"potentialAction":[{"@type":"SearchAction","target":{"@type":"EntryPoint","urlTemplate":"https:\/\/nirigs.com\/?s={search_term_string}"},"query-input":{"@type":"PropertyValueSpecification","valueRequired":true,"valueName":"search_term_string"}}],"inLanguage":"ar"},{"@type":"Organization","@id":"https:\/\/nirigs.com\/#organization","name":"\u0646\u064a\u0631\u064a\u062c\u0633","url":"https:\/\/nirigs.com\/","logo":{"@type":"ImageObject","inLanguage":"ar","@id":"https:\/\/nirigs.com\/#\/schema\/logo\/image\/","url":"https:\/\/nirigs.com\/wp-content\/uploads\/2025\/04\/Design-sans-titre-27.png","contentUrl":"https:\/\/nirigs.com\/wp-content\/uploads\/2025\/04\/Design-sans-titre-27.png","width":500,"height":500,"caption":"Nirigs"},"image":{"@id":"https:\/\/nirigs.com\/#\/schema\/logo\/image\/"}}]}},"brands":[{"id":1212,"name":"\u062a\u064a\u0633\u064a\u0631 - \u062a\u0628\u0627\u062f\u0644 \u0644\u0627\u0637\u0644\u0627\u0642 \u0627\u0644\u0646\u0627\u0631 \u0627\u0644\u0641\u0627\u0643\u0647\u0629","slug":"teisseire-fruit-shoot"}],"_links":{"self":[{"href":"https:\/\/nirigs.com\/ar\/wp-json\/wp\/v2\/product\/23257","targetHints":{"allow":["GET"]}}],"collection":[{"href":"https:\/\/nirigs.com\/ar\/wp-json\/wp\/v2\/product"}],"about":[{"href":"https:\/\/nirigs.com\/ar\/wp-json\/wp\/v2\/types\/product"}],"replies":[{"embeddable":true,"href":"https:\/\/nirigs.com\/ar\/wp-json\/wp\/v2\/comments?post=23257"}],"version-history":[{"count":3,"href":"https:\/\/nirigs.com\/ar\/wp-json\/wp\/v2\/product\/23257\/revisions"}],"predecessor-version":[{"id":25532,"href":"https:\/\/nirigs.com\/ar\/wp-json\/wp\/v2\/product\/23257\/revisions\/25532"}],"wp:featuredmedia":[{"embeddable":true,"href":"https:\/\/nirigs.com\/ar\/wp-json\/wp\/v2\/media\/25528"}],"wp:attachment":[{"href":"https:\/\/nirigs.com\/ar\/wp-json\/wp\/v2\/media?parent=23257"}],"wp:term":[{"taxonomy":"pwb-brand","embeddable":true,"href":"https:\/\/nirigs.com\/ar\/wp-json\/wp\/v2\/pwb-brand?post=23257"},{"taxonomy":"product_brand","embeddable":true,"href":"https:\/\/nirigs.com\/ar\/wp-json\/wp\/v2\/product_brand?post=23257"},{"taxonomy":"product_cat","embeddable":true,"href":"https:\/\/nirigs.com\/ar\/wp-json\/wp\/v2\/product_cat?post=23257"},{"taxonomy":"product_tag","embeddable":true,"href":"https:\/\/nirigs.com\/ar\/wp-json\/wp\/v2\/product_tag?post=23257"}],"curies":[{"name":"wp","href":"https:\/\/api.w.org\/{rel}","templated":true}]}}