{"id":23256,"date":"2024-10-06T18:01:51","date_gmt":"2024-10-06T15:01:51","guid":{"rendered":"https:\/\/nirigs.com\/produit\/teisseire-fruit-shoot-tropical-100-ingredients-dorigine-naturelle\/"},"modified":"2025-03-13T10:42:29","modified_gmt":"2025-03-13T07:42:29","slug":"teisseire-fruit-shoot-tropical-100-ingredients-dorigine-naturelle","status":"publish","type":"product","link":"https:\/\/nirigs.com\/ar\/product\/teisseire-fruit-shoot-tropical-100-ingredients-dorigine-naturelle\/","title":{"rendered":"\u062a\u064a\u0633\u064a\u0631 \u2013 \u0641\u0648\u0627\u0643\u0647 \u0627\u0633\u062a\u0648\u0627\u0626\u064a\u0629 100% \u0645\u0643\u0648\u0646\u0627\u062a \u0630\u0627\u062a \u0623\u0635\u0644 \u0637\u0628\u064a\u0639\u064a \u2013 200 \u0645\u0644"},"content":{"rendered":"<p>Le Fruit Shoot Tropical de Teisseire est une boisson rafra\u00eechissante con\u00e7ue pour les enfants, alliant plaisir et qualit\u00e9. Avec son go\u00fbt fruit\u00e9 tropical et ses ingr\u00e9dients d&rsquo;origine 100% naturelle, elle est parfaite pour accompagner les go\u00fbters ou les moments de d\u00e9tente. Son petit format de 200 ml avec bouchon refermable permet une consommation facile et nomade, id\u00e9ale pour les sorties et les activit\u00e9s des enfants.<\/p>\n<h4>\u0645\u0643\u0648\u0646\u0627\u062a<\/h4>\n<p>Eau (85%), jus et pur\u00e9es de fruits partiellement \u00e0 base de concentr\u00e9s 10% (orange 4,1%, pomme 4%, ananas 1%, fruit de la passion 0,7%, goyave 0,1%, banane 0,1%), sucre, extrait d&rsquo;ac\u00e9rola, acidifiant : acide citrique, ar\u00f4mes naturels, colorant : carot\u00e9no\u00efdes.<\/p>\n<h4>\u0641\u0648\u0627\u0626\u062f<\/h4>\n<ul>\n<li>100% ingr\u00e9dients d&rsquo;origine naturelle : Sans conservateurs ni colorants artificiels.<\/li>\n<li>Go\u00fbt tropical d\u00e9licieux : Un m\u00e9lange fruit\u00e9 rafra\u00eechissant appr\u00e9ci\u00e9 des enfants.<\/li>\n<li>Format pratique : Petite bouteille refermable facile \u00e0 transporter.<\/li>\n<li>Source d\u2019hydratation saine : Id\u00e9ale pour accompagner les activit\u00e9s des enfants tout en les hydratant.<\/li>\n<li>Sans sucres ajout\u00e9s : Contribue \u00e0 un \u00e9quilibre nutritionnel sain.<\/li>\n<\/ul>\n<h4>\u062a\u0639\u0644\u064a\u0645\u0627\u062a<\/h4>\n<ol>\n<li>Secouez la bouteille avant consommation pour bien m\u00e9langer les saveurs.<\/li>\n<li>A consommer directement ou \u00e0 temp\u00e9rature ambiante. Pour une boisson plus rafra\u00eechissante, elle peut \u00eatre conserv\u00e9e au r\u00e9frig\u00e9rateur avant ouverture.<\/li>\n<\/ol>\n<h4>Pr\u00e9cautions d&#8217;emploi<\/h4>\n<ul>\n<li>Ne pas donner aux enfants de moins de 3 ans sans surveillance en raison du bouchon.<\/li>\n<li>Conserver dans un endroit frais et sec. Apr\u00e8s ouverture, \u00e0 consommer rapidement.<\/li>\n<li>V\u00e9rifiez toujours les ingr\u00e9dients si votre enfant a des allergies alimentaires.<\/li>\n<\/ul>","protected":false},"excerpt":{"rendered":"<p>Le Fruit Shoot Tropical de Teisseire est une boisson rafra\u00eechissante con\u00e7ue pour les enfants, alliant plaisir et qualit\u00e9. Avec son<\/p>","protected":false},"featured_media":25866,"comment_status":"open","ping_status":"closed","template":"","meta":[],"pwb-brand":[1212],"product_brand":[],"product_cat":[936,1211,929,275],"product_tag":[],"class_list":{"0":"post-23256","1":"product","2":"type-product","3":"status-publish","4":"has-post-thumbnail","6":"pwb-brand-teisseire-fruit-shoot","7":"product_cat-boissons","8":"product_cat-boissons-pour-enfants","9":"product_cat-cafe-the-et-boissons","10":"product_cat-epicerie","12":"first","13":"instock","14":"shipping-taxable","15":"purchasable","16":"product-type-simple"},"yoast_head":"<!-- This site is optimized with the Yoast SEO plugin v27.1.1 - https:\/\/yoast.com\/product\/yoast-seo-wordpress\/ -->\n<title>Teisseire - Fruit shoot tropical 100% ingr\u00e9dients d&#039;origine naturelle - 200 ml - NIRIGS<\/title>\n<meta name=\"robots\" content=\"index, follow, max-snippet:-1, max-image-preview:large, max-video-preview:-1\" \/>\n<link rel=\"canonical\" href=\"https:\/\/nirigs.com\/ar\/product\/teisseire-fruit-shoot-tropical-100-ingredients-dorigine-naturelle\/\" \/>\n<meta property=\"og:locale\" content=\"ar_AR\" \/>\n<meta property=\"og:type\" content=\"article\" \/>\n<meta property=\"og:title\" content=\"Teisseire - Fruit shoot tropical 100% ingr\u00e9dients d&#039;origine naturelle - 200 ml - NIRIGS\" \/>\n<meta property=\"og:description\" content=\"Le Fruit Shoot Tropical de Teisseire est une boisson rafra\u00eechissante con\u00e7ue pour les enfants, alliant plaisir et qualit\u00e9. Avec son\" \/>\n<meta property=\"og:url\" content=\"https:\/\/nirigs.com\/ar\/product\/teisseire-fruit-shoot-tropical-100-ingredients-dorigine-naturelle\/\" \/>\n<meta property=\"og:site_name\" content=\"NIRIGS\" \/>\n<meta property=\"article:modified_time\" content=\"2025-03-13T07:42:29+00:00\" \/>\n<meta property=\"og:image\" content=\"https:\/\/nirigs.com\/wp-content\/uploads\/2024\/10\/Fruit-shoot-tropical-100-ingredients-dorigine-naturelle-200-ml-.jpg\" \/>\n\t<meta property=\"og:image:width\" content=\"1000\" \/>\n\t<meta property=\"og:image:height\" content=\"1000\" \/>\n\t<meta property=\"og:image:type\" content=\"image\/jpeg\" \/>\n<meta name=\"twitter:card\" content=\"summary_large_image\" \/>\n<meta name=\"twitter:label1\" content=\"\u0648\u0642\u062a \u0627\u0644\u0642\u0631\u0627\u0621\u0629 \u0627\u0644\u0645\u064f\u0642\u062f\u0651\u0631\" \/>\n\t<meta name=\"twitter:data1\" content=\"\u062f\u0642\u064a\u0642\u0629 \u0648\u0627\u062d\u062f\u0629\" \/>\n<script type=\"application\/ld+json\" class=\"yoast-schema-graph\">{\"@context\":\"https:\/\/schema.org\",\"@graph\":[{\"@type\":\"WebPage\",\"@id\":\"https:\/\/nirigs.com\/ar\/product\/teisseire-fruit-shoot-tropical-100-ingredients-dorigine-naturelle\/\",\"url\":\"https:\/\/nirigs.com\/ar\/product\/teisseire-fruit-shoot-tropical-100-ingredients-dorigine-naturelle\/\",\"name\":\"Teisseire - Fruit shoot tropical 100% ingr\u00e9dients d'origine naturelle - 200 ml - NIRIGS\",\"isPartOf\":{\"@id\":\"https:\/\/nirigs.com\/#website\"},\"primaryImageOfPage\":{\"@id\":\"https:\/\/nirigs.com\/ar\/product\/teisseire-fruit-shoot-tropical-100-ingredients-dorigine-naturelle\/#primaryimage\"},\"image\":{\"@id\":\"https:\/\/nirigs.com\/ar\/product\/teisseire-fruit-shoot-tropical-100-ingredients-dorigine-naturelle\/#primaryimage\"},\"thumbnailUrl\":\"https:\/\/nirigs.com\/wp-content\/uploads\/2024\/10\/Fruit-shoot-tropical-100-ingredients-dorigine-naturelle-200-ml-.jpg\",\"datePublished\":\"2024-10-06T15:01:51+00:00\",\"dateModified\":\"2025-03-13T07:42:29+00:00\",\"breadcrumb\":{\"@id\":\"https:\/\/nirigs.com\/ar\/product\/teisseire-fruit-shoot-tropical-100-ingredients-dorigine-naturelle\/#breadcrumb\"},\"inLanguage\":\"ar\",\"potentialAction\":[{\"@type\":\"ReadAction\",\"target\":[\"https:\/\/nirigs.com\/ar\/product\/teisseire-fruit-shoot-tropical-100-ingredients-dorigine-naturelle\/\"]}]},{\"@type\":\"ImageObject\",\"inLanguage\":\"ar\",\"@id\":\"https:\/\/nirigs.com\/ar\/product\/teisseire-fruit-shoot-tropical-100-ingredients-dorigine-naturelle\/#primaryimage\",\"url\":\"https:\/\/nirigs.com\/wp-content\/uploads\/2024\/10\/Fruit-shoot-tropical-100-ingredients-dorigine-naturelle-200-ml-.jpg\",\"contentUrl\":\"https:\/\/nirigs.com\/wp-content\/uploads\/2024\/10\/Fruit-shoot-tropical-100-ingredients-dorigine-naturelle-200-ml-.jpg\",\"width\":1000,\"height\":1000},{\"@type\":\"BreadcrumbList\",\"@id\":\"https:\/\/nirigs.com\/ar\/product\/teisseire-fruit-shoot-tropical-100-ingredients-dorigine-naturelle\/#breadcrumb\",\"itemListElement\":[{\"@type\":\"ListItem\",\"position\":1,\"name\":\"Home\",\"item\":\"https:\/\/nirigs.com\/\"},{\"@type\":\"ListItem\",\"position\":2,\"name\":\"Parcourir\",\"item\":\"https:\/\/nirigs.com\/boutique\/\"},{\"@type\":\"ListItem\",\"position\":3,\"name\":\"Teisseire &#8211; Fruit shoot tropical 100% ingr\u00e9dients d&rsquo;origine naturelle &#8211; 200 ml\"}]},{\"@type\":\"WebSite\",\"@id\":\"https:\/\/nirigs.com\/#website\",\"url\":\"https:\/\/nirigs.com\/\",\"name\":\"Nirigs.com\",\"description\":\"Simplifiez vos achats du quotidien \u00e0 Djibouti\",\"publisher\":{\"@id\":\"https:\/\/nirigs.com\/#organization\"},\"potentialAction\":[{\"@type\":\"SearchAction\",\"target\":{\"@type\":\"EntryPoint\",\"urlTemplate\":\"https:\/\/nirigs.com\/?s={search_term_string}\"},\"query-input\":{\"@type\":\"PropertyValueSpecification\",\"valueRequired\":true,\"valueName\":\"search_term_string\"}}],\"inLanguage\":\"ar\"},{\"@type\":\"Organization\",\"@id\":\"https:\/\/nirigs.com\/#organization\",\"name\":\"Nirigs\",\"url\":\"https:\/\/nirigs.com\/\",\"logo\":{\"@type\":\"ImageObject\",\"inLanguage\":\"ar\",\"@id\":\"https:\/\/nirigs.com\/#\/schema\/logo\/image\/\",\"url\":\"https:\/\/nirigs.com\/wp-content\/uploads\/2025\/04\/Design-sans-titre-27.png\",\"contentUrl\":\"https:\/\/nirigs.com\/wp-content\/uploads\/2025\/04\/Design-sans-titre-27.png\",\"width\":500,\"height\":500,\"caption\":\"Nirigs\"},\"image\":{\"@id\":\"https:\/\/nirigs.com\/#\/schema\/logo\/image\/\"}}]}<\/script>\n<!-- \/ Yoast SEO plugin. -->","yoast_head_json":{"title":"Teisseire - Fruit shoot tropical 100% ingr\u00e9dients d'origine naturelle - 200 ml - NIRIGS","robots":{"index":"index","follow":"follow","max-snippet":"max-snippet:-1","max-image-preview":"max-image-preview:large","max-video-preview":"max-video-preview:-1"},"canonical":"https:\/\/nirigs.com\/ar\/product\/teisseire-fruit-shoot-tropical-100-ingredients-dorigine-naturelle\/","og_locale":"ar_AR","og_type":"article","og_title":"Teisseire - Fruit shoot tropical 100% ingr\u00e9dients d'origine naturelle - 200 ml - NIRIGS","og_description":"Le Fruit Shoot Tropical de Teisseire est une boisson rafra\u00eechissante con\u00e7ue pour les enfants, alliant plaisir et qualit\u00e9. Avec son","og_url":"https:\/\/nirigs.com\/ar\/product\/teisseire-fruit-shoot-tropical-100-ingredients-dorigine-naturelle\/","og_site_name":"NIRIGS","article_modified_time":"2025-03-13T07:42:29+00:00","og_image":[{"width":1000,"height":1000,"url":"https:\/\/nirigs.com\/wp-content\/uploads\/2024\/10\/Fruit-shoot-tropical-100-ingredients-dorigine-naturelle-200-ml-.jpg","type":"image\/jpeg"}],"twitter_card":"summary_large_image","twitter_misc":{"\u0648\u0642\u062a \u0627\u0644\u0642\u0631\u0627\u0621\u0629 \u0627\u0644\u0645\u064f\u0642\u062f\u0651\u0631":"\u062f\u0642\u064a\u0642\u0629 \u0648\u0627\u062d\u062f\u0629"},"schema":{"@context":"https:\/\/schema.org","@graph":[{"@type":"WebPage","@id":"https:\/\/nirigs.com\/ar\/product\/teisseire-fruit-shoot-tropical-100-ingredients-dorigine-naturelle\/","url":"https:\/\/nirigs.com\/ar\/product\/teisseire-fruit-shoot-tropical-100-ingredients-dorigine-naturelle\/","name":"Teisseire - Fruit shoot tropical 100% ingr\u00e9dients d'origine naturelle - 200 ml - NIRIGS","isPartOf":{"@id":"https:\/\/nirigs.com\/#website"},"primaryImageOfPage":{"@id":"https:\/\/nirigs.com\/ar\/product\/teisseire-fruit-shoot-tropical-100-ingredients-dorigine-naturelle\/#primaryimage"},"image":{"@id":"https:\/\/nirigs.com\/ar\/product\/teisseire-fruit-shoot-tropical-100-ingredients-dorigine-naturelle\/#primaryimage"},"thumbnailUrl":"https:\/\/nirigs.com\/wp-content\/uploads\/2024\/10\/Fruit-shoot-tropical-100-ingredients-dorigine-naturelle-200-ml-.jpg","datePublished":"2024-10-06T15:01:51+00:00","dateModified":"2025-03-13T07:42:29+00:00","breadcrumb":{"@id":"https:\/\/nirigs.com\/ar\/product\/teisseire-fruit-shoot-tropical-100-ingredients-dorigine-naturelle\/#breadcrumb"},"inLanguage":"ar","potentialAction":[{"@type":"ReadAction","target":["https:\/\/nirigs.com\/ar\/product\/teisseire-fruit-shoot-tropical-100-ingredients-dorigine-naturelle\/"]}]},{"@type":"ImageObject","inLanguage":"ar","@id":"https:\/\/nirigs.com\/ar\/product\/teisseire-fruit-shoot-tropical-100-ingredients-dorigine-naturelle\/#primaryimage","url":"https:\/\/nirigs.com\/wp-content\/uploads\/2024\/10\/Fruit-shoot-tropical-100-ingredients-dorigine-naturelle-200-ml-.jpg","contentUrl":"https:\/\/nirigs.com\/wp-content\/uploads\/2024\/10\/Fruit-shoot-tropical-100-ingredients-dorigine-naturelle-200-ml-.jpg","width":1000,"height":1000},{"@type":"BreadcrumbList","@id":"https:\/\/nirigs.com\/ar\/product\/teisseire-fruit-shoot-tropical-100-ingredients-dorigine-naturelle\/#breadcrumb","itemListElement":[{"@type":"ListItem","position":1,"name":"Home","item":"https:\/\/nirigs.com\/"},{"@type":"ListItem","position":2,"name":"Parcourir","item":"https:\/\/nirigs.com\/boutique\/"},{"@type":"ListItem","position":3,"name":"Teisseire &#8211; Fruit shoot tropical 100% ingr\u00e9dients d&rsquo;origine naturelle &#8211; 200 ml"}]},{"@type":"WebSite","@id":"https:\/\/nirigs.com\/#website","url":"https:\/\/nirigs.com\/","name":"Nirigs.com","description":"Simplifiez vos achats du quotidien \u00e0 Djibouti","publisher":{"@id":"https:\/\/nirigs.com\/#organization"},"potentialAction":[{"@type":"SearchAction","target":{"@type":"EntryPoint","urlTemplate":"https:\/\/nirigs.com\/?s={search_term_string}"},"query-input":{"@type":"PropertyValueSpecification","valueRequired":true,"valueName":"search_term_string"}}],"inLanguage":"ar"},{"@type":"Organization","@id":"https:\/\/nirigs.com\/#organization","name":"\u0646\u064a\u0631\u064a\u062c\u0633","url":"https:\/\/nirigs.com\/","logo":{"@type":"ImageObject","inLanguage":"ar","@id":"https:\/\/nirigs.com\/#\/schema\/logo\/image\/","url":"https:\/\/nirigs.com\/wp-content\/uploads\/2025\/04\/Design-sans-titre-27.png","contentUrl":"https:\/\/nirigs.com\/wp-content\/uploads\/2025\/04\/Design-sans-titre-27.png","width":500,"height":500,"caption":"Nirigs"},"image":{"@id":"https:\/\/nirigs.com\/#\/schema\/logo\/image\/"}}]}},"brands":[{"id":1212,"name":"\u062a\u064a\u0633\u064a\u0631 - \u062a\u0628\u0627\u062f\u0644 \u0644\u0627\u0637\u0644\u0627\u0642 \u0627\u0644\u0646\u0627\u0631 \u0627\u0644\u0641\u0627\u0643\u0647\u0629","slug":"teisseire-fruit-shoot"}],"_links":{"self":[{"href":"https:\/\/nirigs.com\/ar\/wp-json\/wp\/v2\/product\/23256","targetHints":{"allow":["GET"]}}],"collection":[{"href":"https:\/\/nirigs.com\/ar\/wp-json\/wp\/v2\/product"}],"about":[{"href":"https:\/\/nirigs.com\/ar\/wp-json\/wp\/v2\/types\/product"}],"replies":[{"embeddable":true,"href":"https:\/\/nirigs.com\/ar\/wp-json\/wp\/v2\/comments?post=23256"}],"version-history":[{"count":3,"href":"https:\/\/nirigs.com\/ar\/wp-json\/wp\/v2\/product\/23256\/revisions"}],"predecessor-version":[{"id":24290,"href":"https:\/\/nirigs.com\/ar\/wp-json\/wp\/v2\/product\/23256\/revisions\/24290"}],"wp:featuredmedia":[{"embeddable":true,"href":"https:\/\/nirigs.com\/ar\/wp-json\/wp\/v2\/media\/25866"}],"wp:attachment":[{"href":"https:\/\/nirigs.com\/ar\/wp-json\/wp\/v2\/media?parent=23256"}],"wp:term":[{"taxonomy":"pwb-brand","embeddable":true,"href":"https:\/\/nirigs.com\/ar\/wp-json\/wp\/v2\/pwb-brand?post=23256"},{"taxonomy":"product_brand","embeddable":true,"href":"https:\/\/nirigs.com\/ar\/wp-json\/wp\/v2\/product_brand?post=23256"},{"taxonomy":"product_cat","embeddable":true,"href":"https:\/\/nirigs.com\/ar\/wp-json\/wp\/v2\/product_cat?post=23256"},{"taxonomy":"product_tag","embeddable":true,"href":"https:\/\/nirigs.com\/ar\/wp-json\/wp\/v2\/product_tag?post=23256"}],"curies":[{"name":"wp","href":"https:\/\/api.w.org\/{rel}","templated":true}]}}