{"id":23254,"date":"2024-10-06T18:01:51","date_gmt":"2024-10-06T15:01:51","guid":{"rendered":"https:\/\/nirigs.com\/produit\/casino-papier-toilette-douceur-double-epaisseur-x6-rouleaux-2-plis\/"},"modified":"2025-03-13T10:42:56","modified_gmt":"2025-03-13T07:42:56","slug":"casino-papier-toilette-douceur-double-epaisseur-x6-rouleaux-2-plis","status":"publish","type":"product","link":"https:\/\/nirigs.com\/ar\/product\/casino-papier-toilette-douceur-double-epaisseur-x6-rouleaux-2-plis\/","title":{"rendered":"\u0643\u0627\u0632\u064a\u0646\u0648 - \u0648\u0631\u0642 \u062a\u0648\u0627\u0644\u064a\u062a \u0646\u0627\u0639\u0645 \u0645\u0632\u062f\u0648\u062c \u0627\u0644\u0633\u0645\u0643 \u00d7 6 \u0644\u0641\u0627\u062a \u0628\u0637\u0628\u0642\u062a\u064a\u0646"},"content":{"rendered":"<p>Le papier toilette Casino Douceur Double \u00c9paisseur est con\u00e7u pour vous offrir un maximum de confort et de douceur \u00e0 chaque utilisation. Gr\u00e2ce \u00e0 sa double \u00e9paisseur, il est \u00e0 la fois r\u00e9sistant et agr\u00e9able au toucher, garantissant un nettoyage efficace tout en \u00e9tant d\u00e9licat sur la peau. Le format \u00e9conomique de 6 rouleaux vous permet de faire des provisions tout en optimisant votre budget. Ce papier toilette est parfait pour toute la famille et convient aux peaux les plus sensibles.<\/p>\n<h4>\u0645\u0643\u0648\u0646\u0627\u062a :<\/h4>\n<p>100% fibres de cellulose vierge, sans agents blanchissants chimiques agressifs, non parfum\u00e9 pour \u00e9viter toute irritation.<\/p>\n<h4>\u0641\u0648\u0627\u0626\u062f :<\/h4>\n<ul>\n<li>Douceur optimale : Sa double \u00e9paisseur apporte un toucher doux pour un confort maximal lors de l&rsquo;utilisation.<\/li>\n<li>R\u00e9sistance : Malgr\u00e9 sa douceur, ce papier toilette est r\u00e9sistant et ne se d\u00e9chire pas facilement.<\/li>\n<li>Format pratique : 6 rouleaux de grande taille pour une utilisation prolong\u00e9e.<\/li>\n<li>Convient aux peaux sensibles : Sans parfum ni additifs irritants, il respecte les peaux les plus d\u00e9licates.<\/li>\n<li>\u00c9cologique : Produit \u00e0 partir de fibres naturelles, biod\u00e9gradable et respectueux de l&rsquo;environnement.<\/li>\n<\/ul>\n<h4>\u062a\u0639\u0644\u064a\u0645\u0627\u062a :<\/h4>\n<p>D\u00e9tachez la quantit\u00e9 de papier n\u00e9cessaire et utilisez-la pour un nettoyage doux et efficace et apr\u00e8s utilisation, jetez le papier dans les toilettes.<\/p>\n<h4>\u0627\u062d\u062a\u064a\u0627\u0637\u0627\u062a \u0627\u0644\u0627\u0633\u062a\u062e\u062f\u0627\u0645:<\/h4>\n<ul>\n<li>Conserver dans un endroit sec pour pr\u00e9server la qualit\u00e9 et la douceur du papier.<\/li>\n<li>Ne pas jeter dans les toilettes en grande quantit\u00e9 pour \u00e9viter tout risque d&rsquo;obstruction des canalisations.<\/li>\n<li>Tenir hors de port\u00e9e des enfants en bas \u00e2ge pour \u00e9viter tout risque d&rsquo;\u00e9touffement.<\/li>\n<\/ul>","protected":false},"excerpt":{"rendered":"<p>Le papier toilette Casino Douceur Double \u00c9paisseur est con\u00e7u pour vous offrir un maximum de confort et de douceur \u00e0<\/p>","protected":false},"featured_media":25876,"comment_status":"open","ping_status":"closed","template":"","meta":[],"pwb-brand":[843],"product_brand":[],"product_cat":[948,275,949,953],"product_tag":[],"class_list":{"0":"post-23254","1":"product","2":"type-product","3":"status-publish","4":"has-post-thumbnail","6":"pwb-brand-casino","7":"product_cat-entretien-de-la-maison-et-nettoyage","8":"product_cat-epicerie","9":"product_cat-essuie-tout-papier-toilette-et-mouchoirs","10":"product_cat-papier-toilette","12":"first","13":"instock","14":"shipping-taxable","15":"purchasable","16":"product-type-simple"},"yoast_head":"<!-- This site is optimized with the Yoast SEO plugin v27.1.1 - https:\/\/yoast.com\/product\/yoast-seo-wordpress\/ -->\n<title>Casino - Papier toilette douceur double \u00e9paisseur x6 rouleaux 2 plis - NIRIGS<\/title>\n<meta name=\"robots\" content=\"index, follow, max-snippet:-1, max-image-preview:large, max-video-preview:-1\" \/>\n<link rel=\"canonical\" href=\"https:\/\/nirigs.com\/ar\/product\/casino-papier-toilette-douceur-double-epaisseur-x6-rouleaux-2-plis\/\" \/>\n<meta property=\"og:locale\" content=\"ar_AR\" \/>\n<meta property=\"og:type\" content=\"article\" \/>\n<meta property=\"og:title\" content=\"Casino - Papier toilette douceur double \u00e9paisseur x6 rouleaux 2 plis - NIRIGS\" \/>\n<meta property=\"og:description\" content=\"Le papier toilette Casino Douceur Double \u00c9paisseur est con\u00e7u pour vous offrir un maximum de confort et de douceur \u00e0\" \/>\n<meta property=\"og:url\" content=\"https:\/\/nirigs.com\/ar\/product\/casino-papier-toilette-douceur-double-epaisseur-x6-rouleaux-2-plis\/\" \/>\n<meta property=\"og:site_name\" content=\"NIRIGS\" \/>\n<meta property=\"article:modified_time\" content=\"2025-03-13T07:42:56+00:00\" \/>\n<meta property=\"og:image\" content=\"https:\/\/nirigs.com\/wp-content\/uploads\/2024\/10\/Casino-Papier-toilette-douceur-double-epaisseur-x6-rouleaux-2-plis.jpg\" \/>\n\t<meta property=\"og:image:width\" content=\"1000\" \/>\n\t<meta property=\"og:image:height\" content=\"1000\" \/>\n\t<meta property=\"og:image:type\" content=\"image\/jpeg\" \/>\n<meta name=\"twitter:card\" content=\"summary_large_image\" \/>\n<meta name=\"twitter:label1\" content=\"\u0648\u0642\u062a \u0627\u0644\u0642\u0631\u0627\u0621\u0629 \u0627\u0644\u0645\u064f\u0642\u062f\u0651\u0631\" \/>\n\t<meta name=\"twitter:data1\" content=\"\u062f\u0642\u064a\u0642\u0629 \u0648\u0627\u062d\u062f\u0629\" \/>\n<script type=\"application\/ld+json\" class=\"yoast-schema-graph\">{\"@context\":\"https:\/\/schema.org\",\"@graph\":[{\"@type\":\"WebPage\",\"@id\":\"https:\/\/nirigs.com\/en\/product\/casino-papier-toilette-douceur-double-epaisseur-x6-rouleaux-2-plis\/\",\"url\":\"https:\/\/nirigs.com\/en\/product\/casino-papier-toilette-douceur-double-epaisseur-x6-rouleaux-2-plis\/\",\"name\":\"Casino - Papier toilette douceur double \u00e9paisseur x6 rouleaux 2 plis - NIRIGS\",\"isPartOf\":{\"@id\":\"https:\/\/nirigs.com\/#website\"},\"primaryImageOfPage\":{\"@id\":\"https:\/\/nirigs.com\/en\/product\/casino-papier-toilette-douceur-double-epaisseur-x6-rouleaux-2-plis\/#primaryimage\"},\"image\":{\"@id\":\"https:\/\/nirigs.com\/en\/product\/casino-papier-toilette-douceur-double-epaisseur-x6-rouleaux-2-plis\/#primaryimage\"},\"thumbnailUrl\":\"https:\/\/nirigs.com\/wp-content\/uploads\/2024\/10\/Casino-Papier-toilette-douceur-double-epaisseur-x6-rouleaux-2-plis.jpg\",\"datePublished\":\"2024-10-06T15:01:51+00:00\",\"dateModified\":\"2025-03-13T07:42:56+00:00\",\"breadcrumb\":{\"@id\":\"https:\/\/nirigs.com\/en\/product\/casino-papier-toilette-douceur-double-epaisseur-x6-rouleaux-2-plis\/#breadcrumb\"},\"inLanguage\":\"ar\",\"potentialAction\":[{\"@type\":\"ReadAction\",\"target\":[\"https:\/\/nirigs.com\/en\/product\/casino-papier-toilette-douceur-double-epaisseur-x6-rouleaux-2-plis\/\"]}]},{\"@type\":\"ImageObject\",\"inLanguage\":\"ar\",\"@id\":\"https:\/\/nirigs.com\/en\/product\/casino-papier-toilette-douceur-double-epaisseur-x6-rouleaux-2-plis\/#primaryimage\",\"url\":\"https:\/\/nirigs.com\/wp-content\/uploads\/2024\/10\/Casino-Papier-toilette-douceur-double-epaisseur-x6-rouleaux-2-plis.jpg\",\"contentUrl\":\"https:\/\/nirigs.com\/wp-content\/uploads\/2024\/10\/Casino-Papier-toilette-douceur-double-epaisseur-x6-rouleaux-2-plis.jpg\",\"width\":1000,\"height\":1000},{\"@type\":\"BreadcrumbList\",\"@id\":\"https:\/\/nirigs.com\/en\/product\/casino-papier-toilette-douceur-double-epaisseur-x6-rouleaux-2-plis\/#breadcrumb\",\"itemListElement\":[{\"@type\":\"ListItem\",\"position\":1,\"name\":\"Home\",\"item\":\"https:\/\/nirigs.com\/\"},{\"@type\":\"ListItem\",\"position\":2,\"name\":\"Parcourir\",\"item\":\"https:\/\/nirigs.com\/boutique\/\"},{\"@type\":\"ListItem\",\"position\":3,\"name\":\"Casino &#8211; Papier toilette douceur double \u00e9paisseur x6 rouleaux 2 plis\"}]},{\"@type\":\"WebSite\",\"@id\":\"https:\/\/nirigs.com\/#website\",\"url\":\"https:\/\/nirigs.com\/\",\"name\":\"Nirigs.com\",\"description\":\"Simplifiez vos achats du quotidien \u00e0 Djibouti\",\"publisher\":{\"@id\":\"https:\/\/nirigs.com\/#organization\"},\"potentialAction\":[{\"@type\":\"SearchAction\",\"target\":{\"@type\":\"EntryPoint\",\"urlTemplate\":\"https:\/\/nirigs.com\/?s={search_term_string}\"},\"query-input\":{\"@type\":\"PropertyValueSpecification\",\"valueRequired\":true,\"valueName\":\"search_term_string\"}}],\"inLanguage\":\"ar\"},{\"@type\":\"Organization\",\"@id\":\"https:\/\/nirigs.com\/#organization\",\"name\":\"Nirigs\",\"url\":\"https:\/\/nirigs.com\/\",\"logo\":{\"@type\":\"ImageObject\",\"inLanguage\":\"ar\",\"@id\":\"https:\/\/nirigs.com\/#\/schema\/logo\/image\/\",\"url\":\"https:\/\/nirigs.com\/wp-content\/uploads\/2025\/04\/Design-sans-titre-27.png\",\"contentUrl\":\"https:\/\/nirigs.com\/wp-content\/uploads\/2025\/04\/Design-sans-titre-27.png\",\"width\":500,\"height\":500,\"caption\":\"Nirigs\"},\"image\":{\"@id\":\"https:\/\/nirigs.com\/#\/schema\/logo\/image\/\"}}]}<\/script>\n<!-- \/ Yoast SEO plugin. -->","yoast_head_json":{"title":"Casino - Papier toilette douceur double \u00e9paisseur x6 rouleaux 2 plis - NIRIGS","robots":{"index":"index","follow":"follow","max-snippet":"max-snippet:-1","max-image-preview":"max-image-preview:large","max-video-preview":"max-video-preview:-1"},"canonical":"https:\/\/nirigs.com\/ar\/product\/casino-papier-toilette-douceur-double-epaisseur-x6-rouleaux-2-plis\/","og_locale":"ar_AR","og_type":"article","og_title":"Casino - Papier toilette douceur double \u00e9paisseur x6 rouleaux 2 plis - NIRIGS","og_description":"Le papier toilette Casino Douceur Double \u00c9paisseur est con\u00e7u pour vous offrir un maximum de confort et de douceur \u00e0","og_url":"https:\/\/nirigs.com\/ar\/product\/casino-papier-toilette-douceur-double-epaisseur-x6-rouleaux-2-plis\/","og_site_name":"NIRIGS","article_modified_time":"2025-03-13T07:42:56+00:00","og_image":[{"width":1000,"height":1000,"url":"https:\/\/nirigs.com\/wp-content\/uploads\/2024\/10\/Casino-Papier-toilette-douceur-double-epaisseur-x6-rouleaux-2-plis.jpg","type":"image\/jpeg"}],"twitter_card":"summary_large_image","twitter_misc":{"\u0648\u0642\u062a \u0627\u0644\u0642\u0631\u0627\u0621\u0629 \u0627\u0644\u0645\u064f\u0642\u062f\u0651\u0631":"\u062f\u0642\u064a\u0642\u0629 \u0648\u0627\u062d\u062f\u0629"},"schema":{"@context":"https:\/\/schema.org","@graph":[{"@type":"WebPage","@id":"https:\/\/nirigs.com\/en\/product\/casino-papier-toilette-douceur-double-epaisseur-x6-rouleaux-2-plis\/","url":"https:\/\/nirigs.com\/en\/product\/casino-papier-toilette-douceur-double-epaisseur-x6-rouleaux-2-plis\/","name":"Casino - Papier toilette douceur double \u00e9paisseur x6 rouleaux 2 plis - NIRIGS","isPartOf":{"@id":"https:\/\/nirigs.com\/#website"},"primaryImageOfPage":{"@id":"https:\/\/nirigs.com\/en\/product\/casino-papier-toilette-douceur-double-epaisseur-x6-rouleaux-2-plis\/#primaryimage"},"image":{"@id":"https:\/\/nirigs.com\/en\/product\/casino-papier-toilette-douceur-double-epaisseur-x6-rouleaux-2-plis\/#primaryimage"},"thumbnailUrl":"https:\/\/nirigs.com\/wp-content\/uploads\/2024\/10\/Casino-Papier-toilette-douceur-double-epaisseur-x6-rouleaux-2-plis.jpg","datePublished":"2024-10-06T15:01:51+00:00","dateModified":"2025-03-13T07:42:56+00:00","breadcrumb":{"@id":"https:\/\/nirigs.com\/en\/product\/casino-papier-toilette-douceur-double-epaisseur-x6-rouleaux-2-plis\/#breadcrumb"},"inLanguage":"ar","potentialAction":[{"@type":"ReadAction","target":["https:\/\/nirigs.com\/en\/product\/casino-papier-toilette-douceur-double-epaisseur-x6-rouleaux-2-plis\/"]}]},{"@type":"ImageObject","inLanguage":"ar","@id":"https:\/\/nirigs.com\/en\/product\/casino-papier-toilette-douceur-double-epaisseur-x6-rouleaux-2-plis\/#primaryimage","url":"https:\/\/nirigs.com\/wp-content\/uploads\/2024\/10\/Casino-Papier-toilette-douceur-double-epaisseur-x6-rouleaux-2-plis.jpg","contentUrl":"https:\/\/nirigs.com\/wp-content\/uploads\/2024\/10\/Casino-Papier-toilette-douceur-double-epaisseur-x6-rouleaux-2-plis.jpg","width":1000,"height":1000},{"@type":"BreadcrumbList","@id":"https:\/\/nirigs.com\/en\/product\/casino-papier-toilette-douceur-double-epaisseur-x6-rouleaux-2-plis\/#breadcrumb","itemListElement":[{"@type":"ListItem","position":1,"name":"Home","item":"https:\/\/nirigs.com\/"},{"@type":"ListItem","position":2,"name":"Parcourir","item":"https:\/\/nirigs.com\/boutique\/"},{"@type":"ListItem","position":3,"name":"Casino &#8211; Papier toilette douceur double \u00e9paisseur x6 rouleaux 2 plis"}]},{"@type":"WebSite","@id":"https:\/\/nirigs.com\/#website","url":"https:\/\/nirigs.com\/","name":"Nirigs.com","description":"Simplifiez vos achats du quotidien \u00e0 Djibouti","publisher":{"@id":"https:\/\/nirigs.com\/#organization"},"potentialAction":[{"@type":"SearchAction","target":{"@type":"EntryPoint","urlTemplate":"https:\/\/nirigs.com\/?s={search_term_string}"},"query-input":{"@type":"PropertyValueSpecification","valueRequired":true,"valueName":"search_term_string"}}],"inLanguage":"ar"},{"@type":"Organization","@id":"https:\/\/nirigs.com\/#organization","name":"\u0646\u064a\u0631\u064a\u062c\u0633","url":"https:\/\/nirigs.com\/","logo":{"@type":"ImageObject","inLanguage":"ar","@id":"https:\/\/nirigs.com\/#\/schema\/logo\/image\/","url":"https:\/\/nirigs.com\/wp-content\/uploads\/2025\/04\/Design-sans-titre-27.png","contentUrl":"https:\/\/nirigs.com\/wp-content\/uploads\/2025\/04\/Design-sans-titre-27.png","width":500,"height":500,"caption":"Nirigs"},"image":{"@id":"https:\/\/nirigs.com\/#\/schema\/logo\/image\/"}}]}},"brands":[{"id":843,"name":"\u0643\u0627\u0632\u064a\u0646\u0648","slug":"casino"}],"_links":{"self":[{"href":"https:\/\/nirigs.com\/ar\/wp-json\/wp\/v2\/product\/23254","targetHints":{"allow":["GET"]}}],"collection":[{"href":"https:\/\/nirigs.com\/ar\/wp-json\/wp\/v2\/product"}],"about":[{"href":"https:\/\/nirigs.com\/ar\/wp-json\/wp\/v2\/types\/product"}],"replies":[{"embeddable":true,"href":"https:\/\/nirigs.com\/ar\/wp-json\/wp\/v2\/comments?post=23254"}],"version-history":[{"count":4,"href":"https:\/\/nirigs.com\/ar\/wp-json\/wp\/v2\/product\/23254\/revisions"}],"predecessor-version":[{"id":25883,"href":"https:\/\/nirigs.com\/ar\/wp-json\/wp\/v2\/product\/23254\/revisions\/25883"}],"wp:featuredmedia":[{"embeddable":true,"href":"https:\/\/nirigs.com\/ar\/wp-json\/wp\/v2\/media\/25876"}],"wp:attachment":[{"href":"https:\/\/nirigs.com\/ar\/wp-json\/wp\/v2\/media?parent=23254"}],"wp:term":[{"taxonomy":"pwb-brand","embeddable":true,"href":"https:\/\/nirigs.com\/ar\/wp-json\/wp\/v2\/pwb-brand?post=23254"},{"taxonomy":"product_brand","embeddable":true,"href":"https:\/\/nirigs.com\/ar\/wp-json\/wp\/v2\/product_brand?post=23254"},{"taxonomy":"product_cat","embeddable":true,"href":"https:\/\/nirigs.com\/ar\/wp-json\/wp\/v2\/product_cat?post=23254"},{"taxonomy":"product_tag","embeddable":true,"href":"https:\/\/nirigs.com\/ar\/wp-json\/wp\/v2\/product_tag?post=23254"}],"curies":[{"name":"wp","href":"https:\/\/api.w.org\/{rel}","templated":true}]}}