{"id":23230,"date":"2024-10-06T18:00:48","date_gmt":"2024-10-06T15:00:48","guid":{"rendered":"https:\/\/nirigs.com\/produit\/tous-les-jours-lingettes-multi-usages-x80\/"},"modified":"2025-03-13T10:52:05","modified_gmt":"2025-03-13T07:52:05","slug":"tous-les-jours-lingettes-multi-usages-x80","status":"publish","type":"product","link":"https:\/\/nirigs.com\/ar\/product\/tous-les-jours-lingettes-multi-usages-x80\/","title":{"rendered":"Tous les jours &#8211; Lingettes multi-usages x80"},"content":{"rendered":"<p>Les lingettes multi-usages Tous les jours sont id\u00e9ales pour nettoyer et d\u00e9sinfecter toutes les surfaces de votre maison. Pratiques et efficaces, elles \u00e9liminent la salet\u00e9, les taches et les bact\u00e9ries en un seul passage. Que ce soit dans la cuisine, la salle de bain ou pour vos meubles, ces lingettes sont con\u00e7ues pour un nettoyage rapide et sans effort. Leur format pratique et leur emballage refermable garantissent qu\u2019elles restent fra\u00eeches et pr\u00eates \u00e0 l&#8217;emploi \u00e0 tout moment.<\/p>\n<h4>\u0645\u0643\u0648\u0646\u0627\u062a :<\/h4>\n<p>Eau, alcool d\u00e9natur\u00e9, glyc\u00e9rine, agents nettoyants, parfum, conservateurs (pour assurer la dur\u00e9e de vie du produit), tensioactifs doux pour un nettoyage en profondeur sans ab\u00eemer les surfaces.<\/p>\n<h4>\u0641\u0648\u0627\u0626\u062f :<\/h4>\n<ul>\n<li>Multi-usages : adapt\u00e9es \u00e0 toutes les surfaces (plan de travail, vitres, miroirs, meubles, carrelage).<\/li>\n<li>Nettoyage rapide : \u00e9limine les salet\u00e9s, les t\u00e2ches et les germes en un seul geste.<\/li>\n<li>Sans rin\u00e7age : pratique pour les surfaces non alimentaires.<\/li>\n<li>Parfum frais : laisse une odeur agr\u00e9able apr\u00e8s utilisation.<\/li>\n<li>Format \u00e9conomique : 80 lingettes dans un emballage refermable pour une utilisation prolong\u00e9e.<\/li>\n<\/ul>\n<h4>\u062a\u0639\u0644\u064a\u0645\u0627\u062a :<\/h4>\n<ol>\n<li>Appliquer la lingette directement sur la surface \u00e0 nettoyer.<\/li>\n<li>Laisser s\u00e9cher. Aucun rin\u00e7age n\u00e9cessaire pour les surfaces non alimentaires.<\/li>\n<li>Bien refermer l\u2019emballage pour conserver la fra\u00eecheur des lingettes.<\/li>\n<\/ol>\n<h4>\u0627\u062d\u062a\u064a\u0627\u0637\u0627\u062a \u0627\u0644\u0627\u0633\u062a\u062e\u062f\u0627\u0645:<\/h4>\n<ul>\n<li>Ne pas utiliser sur la peau.<\/li>\n<li>\u064a\u064f\u062d\u0641\u0638 \u0628\u0639\u064a\u062f\u064b\u0627 \u0639\u0646 \u0645\u062a\u0646\u0627\u0648\u0644 \u0627\u0644\u0623\u0637\u0641\u0627\u0644.<\/li>\n<li>Ne pas ing\u00e9rer. En cas d\u2019ingestion, consulter imm\u00e9diatement un m\u00e9decin.<\/li>\n<li>\u062a\u062c\u0646\u0628 \u0645\u0644\u0627\u0645\u0633\u0629 \u0627\u0644\u0639\u064a\u0646\u064a\u0646. \u0641\u064a \u062d\u0627\u0644\u0629 \u0645\u0644\u0627\u0645\u0633\u062a\u0647\u060c \u0627\u0634\u0637\u0641\u064a\u0647 \u0628\u0627\u0644\u0643\u062b\u064a\u0631 \u0645\u0646 \u0627\u0644\u0645\u0627\u0621 \u0627\u0644\u0646\u0638\u064a\u0641.<\/li>\n<li>Conserver dans un endroit sec et frais.<\/li>\n<\/ul>","protected":false},"excerpt":{"rendered":"<p>Les lingettes multi-usages Tous les jours sont id\u00e9ales pour nettoyer et d\u00e9sinfecter toutes les surfaces de votre maison. Pratiques et<\/p>","protected":false},"featured_media":25943,"comment_status":"open","ping_status":"closed","template":"","meta":[],"pwb-brand":[1169],"product_brand":[],"product_cat":[948,275,949,951],"product_tag":[],"class_list":{"0":"post-23230","1":"product","2":"type-product","3":"status-publish","4":"has-post-thumbnail","6":"pwb-brand-tous-les-jours","7":"product_cat-entretien-de-la-maison-et-nettoyage","8":"product_cat-epicerie","9":"product_cat-essuie-tout-papier-toilette-et-mouchoirs","10":"product_cat-lingettes-nettoyantes","12":"first","13":"instock","14":"shipping-taxable","15":"purchasable","16":"product-type-simple"},"yoast_head":"<!-- This site is optimized with the Yoast SEO plugin v27.1.1 - https:\/\/yoast.com\/product\/yoast-seo-wordpress\/ -->\n<title>Tous les jours - Lingettes multi-usages x80 - NIRIGS<\/title>\n<meta name=\"robots\" content=\"index, follow, max-snippet:-1, max-image-preview:large, max-video-preview:-1\" \/>\n<link rel=\"canonical\" href=\"https:\/\/nirigs.com\/ar\/product\/tous-les-jours-lingettes-multi-usages-x80\/\" \/>\n<meta property=\"og:locale\" content=\"ar_AR\" \/>\n<meta property=\"og:type\" content=\"article\" \/>\n<meta property=\"og:title\" content=\"Tous les jours - Lingettes multi-usages x80 - NIRIGS\" \/>\n<meta property=\"og:description\" content=\"Les lingettes multi-usages Tous les jours sont id\u00e9ales pour nettoyer et d\u00e9sinfecter toutes les surfaces de votre maison. Pratiques et\" \/>\n<meta property=\"og:url\" content=\"https:\/\/nirigs.com\/ar\/product\/tous-les-jours-lingettes-multi-usages-x80\/\" \/>\n<meta property=\"og:site_name\" content=\"NIRIGS\" \/>\n<meta property=\"article:modified_time\" content=\"2025-03-13T07:52:05+00:00\" \/>\n<meta property=\"og:image\" content=\"https:\/\/nirigs.com\/wp-content\/uploads\/2024\/10\/Tous-les-jours-Lingettes-multi-usages-x80.jpg\" \/>\n\t<meta property=\"og:image:width\" content=\"1000\" \/>\n\t<meta property=\"og:image:height\" content=\"1000\" \/>\n\t<meta property=\"og:image:type\" content=\"image\/jpeg\" \/>\n<meta name=\"twitter:card\" content=\"summary_large_image\" \/>\n<meta name=\"twitter:label1\" content=\"\u0648\u0642\u062a \u0627\u0644\u0642\u0631\u0627\u0621\u0629 \u0627\u0644\u0645\u064f\u0642\u062f\u0651\u0631\" \/>\n\t<meta name=\"twitter:data1\" content=\"\u062f\u0642\u064a\u0642\u0629 \u0648\u0627\u062d\u062f\u0629\" \/>\n<script type=\"application\/ld+json\" class=\"yoast-schema-graph\">{\"@context\":\"https:\/\/schema.org\",\"@graph\":[{\"@type\":\"WebPage\",\"@id\":\"https:\/\/nirigs.com\/ar\/product\/tous-les-jours-lingettes-multi-usages-x80\/\",\"url\":\"https:\/\/nirigs.com\/ar\/product\/tous-les-jours-lingettes-multi-usages-x80\/\",\"name\":\"Tous les jours - Lingettes multi-usages x80 - NIRIGS\",\"isPartOf\":{\"@id\":\"https:\/\/nirigs.com\/#website\"},\"primaryImageOfPage\":{\"@id\":\"https:\/\/nirigs.com\/ar\/product\/tous-les-jours-lingettes-multi-usages-x80\/#primaryimage\"},\"image\":{\"@id\":\"https:\/\/nirigs.com\/ar\/product\/tous-les-jours-lingettes-multi-usages-x80\/#primaryimage\"},\"thumbnailUrl\":\"https:\/\/nirigs.com\/wp-content\/uploads\/2024\/10\/Tous-les-jours-Lingettes-multi-usages-x80.jpg\",\"datePublished\":\"2024-10-06T15:00:48+00:00\",\"dateModified\":\"2025-03-13T07:52:05+00:00\",\"breadcrumb\":{\"@id\":\"https:\/\/nirigs.com\/ar\/product\/tous-les-jours-lingettes-multi-usages-x80\/#breadcrumb\"},\"inLanguage\":\"ar\",\"potentialAction\":[{\"@type\":\"ReadAction\",\"target\":[\"https:\/\/nirigs.com\/ar\/product\/tous-les-jours-lingettes-multi-usages-x80\/\"]}]},{\"@type\":\"ImageObject\",\"inLanguage\":\"ar\",\"@id\":\"https:\/\/nirigs.com\/ar\/product\/tous-les-jours-lingettes-multi-usages-x80\/#primaryimage\",\"url\":\"https:\/\/nirigs.com\/wp-content\/uploads\/2024\/10\/Tous-les-jours-Lingettes-multi-usages-x80.jpg\",\"contentUrl\":\"https:\/\/nirigs.com\/wp-content\/uploads\/2024\/10\/Tous-les-jours-Lingettes-multi-usages-x80.jpg\",\"width\":1000,\"height\":1000},{\"@type\":\"BreadcrumbList\",\"@id\":\"https:\/\/nirigs.com\/ar\/product\/tous-les-jours-lingettes-multi-usages-x80\/#breadcrumb\",\"itemListElement\":[{\"@type\":\"ListItem\",\"position\":1,\"name\":\"Home\",\"item\":\"https:\/\/nirigs.com\/\"},{\"@type\":\"ListItem\",\"position\":2,\"name\":\"Parcourir\",\"item\":\"https:\/\/nirigs.com\/boutique\/\"},{\"@type\":\"ListItem\",\"position\":3,\"name\":\"Tous les jours &#8211; Lingettes multi-usages x80\"}]},{\"@type\":\"WebSite\",\"@id\":\"https:\/\/nirigs.com\/#website\",\"url\":\"https:\/\/nirigs.com\/\",\"name\":\"Nirigs.com\",\"description\":\"Simplifiez vos achats du quotidien \u00e0 Djibouti\",\"publisher\":{\"@id\":\"https:\/\/nirigs.com\/#organization\"},\"potentialAction\":[{\"@type\":\"SearchAction\",\"target\":{\"@type\":\"EntryPoint\",\"urlTemplate\":\"https:\/\/nirigs.com\/?s={search_term_string}\"},\"query-input\":{\"@type\":\"PropertyValueSpecification\",\"valueRequired\":true,\"valueName\":\"search_term_string\"}}],\"inLanguage\":\"ar\"},{\"@type\":\"Organization\",\"@id\":\"https:\/\/nirigs.com\/#organization\",\"name\":\"Nirigs\",\"url\":\"https:\/\/nirigs.com\/\",\"logo\":{\"@type\":\"ImageObject\",\"inLanguage\":\"ar\",\"@id\":\"https:\/\/nirigs.com\/#\/schema\/logo\/image\/\",\"url\":\"https:\/\/nirigs.com\/wp-content\/uploads\/2025\/04\/Design-sans-titre-27.png\",\"contentUrl\":\"https:\/\/nirigs.com\/wp-content\/uploads\/2025\/04\/Design-sans-titre-27.png\",\"width\":500,\"height\":500,\"caption\":\"Nirigs\"},\"image\":{\"@id\":\"https:\/\/nirigs.com\/#\/schema\/logo\/image\/\"}}]}<\/script>\n<!-- \/ Yoast SEO plugin. -->","yoast_head_json":{"title":"Tous les jours - Lingettes multi-usages x80 - NIRIGS","robots":{"index":"index","follow":"follow","max-snippet":"max-snippet:-1","max-image-preview":"max-image-preview:large","max-video-preview":"max-video-preview:-1"},"canonical":"https:\/\/nirigs.com\/ar\/product\/tous-les-jours-lingettes-multi-usages-x80\/","og_locale":"ar_AR","og_type":"article","og_title":"Tous les jours - Lingettes multi-usages x80 - NIRIGS","og_description":"Les lingettes multi-usages Tous les jours sont id\u00e9ales pour nettoyer et d\u00e9sinfecter toutes les surfaces de votre maison. Pratiques et","og_url":"https:\/\/nirigs.com\/ar\/product\/tous-les-jours-lingettes-multi-usages-x80\/","og_site_name":"NIRIGS","article_modified_time":"2025-03-13T07:52:05+00:00","og_image":[{"width":1000,"height":1000,"url":"https:\/\/nirigs.com\/wp-content\/uploads\/2024\/10\/Tous-les-jours-Lingettes-multi-usages-x80.jpg","type":"image\/jpeg"}],"twitter_card":"summary_large_image","twitter_misc":{"\u0648\u0642\u062a \u0627\u0644\u0642\u0631\u0627\u0621\u0629 \u0627\u0644\u0645\u064f\u0642\u062f\u0651\u0631":"\u062f\u0642\u064a\u0642\u0629 \u0648\u0627\u062d\u062f\u0629"},"schema":{"@context":"https:\/\/schema.org","@graph":[{"@type":"WebPage","@id":"https:\/\/nirigs.com\/ar\/product\/tous-les-jours-lingettes-multi-usages-x80\/","url":"https:\/\/nirigs.com\/ar\/product\/tous-les-jours-lingettes-multi-usages-x80\/","name":"Tous les jours - Lingettes multi-usages x80 - NIRIGS","isPartOf":{"@id":"https:\/\/nirigs.com\/#website"},"primaryImageOfPage":{"@id":"https:\/\/nirigs.com\/ar\/product\/tous-les-jours-lingettes-multi-usages-x80\/#primaryimage"},"image":{"@id":"https:\/\/nirigs.com\/ar\/product\/tous-les-jours-lingettes-multi-usages-x80\/#primaryimage"},"thumbnailUrl":"https:\/\/nirigs.com\/wp-content\/uploads\/2024\/10\/Tous-les-jours-Lingettes-multi-usages-x80.jpg","datePublished":"2024-10-06T15:00:48+00:00","dateModified":"2025-03-13T07:52:05+00:00","breadcrumb":{"@id":"https:\/\/nirigs.com\/ar\/product\/tous-les-jours-lingettes-multi-usages-x80\/#breadcrumb"},"inLanguage":"ar","potentialAction":[{"@type":"ReadAction","target":["https:\/\/nirigs.com\/ar\/product\/tous-les-jours-lingettes-multi-usages-x80\/"]}]},{"@type":"ImageObject","inLanguage":"ar","@id":"https:\/\/nirigs.com\/ar\/product\/tous-les-jours-lingettes-multi-usages-x80\/#primaryimage","url":"https:\/\/nirigs.com\/wp-content\/uploads\/2024\/10\/Tous-les-jours-Lingettes-multi-usages-x80.jpg","contentUrl":"https:\/\/nirigs.com\/wp-content\/uploads\/2024\/10\/Tous-les-jours-Lingettes-multi-usages-x80.jpg","width":1000,"height":1000},{"@type":"BreadcrumbList","@id":"https:\/\/nirigs.com\/ar\/product\/tous-les-jours-lingettes-multi-usages-x80\/#breadcrumb","itemListElement":[{"@type":"ListItem","position":1,"name":"Home","item":"https:\/\/nirigs.com\/"},{"@type":"ListItem","position":2,"name":"Parcourir","item":"https:\/\/nirigs.com\/boutique\/"},{"@type":"ListItem","position":3,"name":"Tous les jours &#8211; Lingettes multi-usages x80"}]},{"@type":"WebSite","@id":"https:\/\/nirigs.com\/#website","url":"https:\/\/nirigs.com\/","name":"Nirigs.com","description":"Simplifiez vos achats du quotidien \u00e0 Djibouti","publisher":{"@id":"https:\/\/nirigs.com\/#organization"},"potentialAction":[{"@type":"SearchAction","target":{"@type":"EntryPoint","urlTemplate":"https:\/\/nirigs.com\/?s={search_term_string}"},"query-input":{"@type":"PropertyValueSpecification","valueRequired":true,"valueName":"search_term_string"}}],"inLanguage":"ar"},{"@type":"Organization","@id":"https:\/\/nirigs.com\/#organization","name":"\u0646\u064a\u0631\u064a\u062c\u0633","url":"https:\/\/nirigs.com\/","logo":{"@type":"ImageObject","inLanguage":"ar","@id":"https:\/\/nirigs.com\/#\/schema\/logo\/image\/","url":"https:\/\/nirigs.com\/wp-content\/uploads\/2025\/04\/Design-sans-titre-27.png","contentUrl":"https:\/\/nirigs.com\/wp-content\/uploads\/2025\/04\/Design-sans-titre-27.png","width":500,"height":500,"caption":"Nirigs"},"image":{"@id":"https:\/\/nirigs.com\/#\/schema\/logo\/image\/"}}]}},"brands":[{"id":1169,"name":"Tous les jours","slug":"tous-les-jours"}],"_links":{"self":[{"href":"https:\/\/nirigs.com\/ar\/wp-json\/wp\/v2\/product\/23230","targetHints":{"allow":["GET"]}}],"collection":[{"href":"https:\/\/nirigs.com\/ar\/wp-json\/wp\/v2\/product"}],"about":[{"href":"https:\/\/nirigs.com\/ar\/wp-json\/wp\/v2\/types\/product"}],"replies":[{"embeddable":true,"href":"https:\/\/nirigs.com\/ar\/wp-json\/wp\/v2\/comments?post=23230"}],"version-history":[{"count":3,"href":"https:\/\/nirigs.com\/ar\/wp-json\/wp\/v2\/product\/23230\/revisions"}],"predecessor-version":[{"id":25942,"href":"https:\/\/nirigs.com\/ar\/wp-json\/wp\/v2\/product\/23230\/revisions\/25942"}],"wp:featuredmedia":[{"embeddable":true,"href":"https:\/\/nirigs.com\/ar\/wp-json\/wp\/v2\/media\/25943"}],"wp:attachment":[{"href":"https:\/\/nirigs.com\/ar\/wp-json\/wp\/v2\/media?parent=23230"}],"wp:term":[{"taxonomy":"pwb-brand","embeddable":true,"href":"https:\/\/nirigs.com\/ar\/wp-json\/wp\/v2\/pwb-brand?post=23230"},{"taxonomy":"product_brand","embeddable":true,"href":"https:\/\/nirigs.com\/ar\/wp-json\/wp\/v2\/product_brand?post=23230"},{"taxonomy":"product_cat","embeddable":true,"href":"https:\/\/nirigs.com\/ar\/wp-json\/wp\/v2\/product_cat?post=23230"},{"taxonomy":"product_tag","embeddable":true,"href":"https:\/\/nirigs.com\/ar\/wp-json\/wp\/v2\/product_tag?post=23230"}],"curies":[{"name":"wp","href":"https:\/\/api.w.org\/{rel}","templated":true}]}}