{"id":23229,"date":"2024-10-06T18:00:47","date_gmt":"2024-10-06T15:00:47","guid":{"rendered":"https:\/\/nirigs.com\/produit\/casino-les-doodingues-lingettes-papier-toilette-humides-x60\/"},"modified":"2025-03-13T10:53:22","modified_gmt":"2025-03-13T07:53:22","slug":"casino-les-doodingues-lingettes-papier-toilette-humides-x60","status":"publish","type":"product","link":"https:\/\/nirigs.com\/ar\/product\/casino-les-doodingues-lingettes-papier-toilette-humides-x60\/","title":{"rendered":"\u0643\u0627\u0632\u064a\u0646\u0648 \u2013 Les Doodingues \u2013 \u0645\u0646\u0627\u062f\u064a\u0644 \u0645\u0628\u0644\u0644\u0629 \u0644\u0648\u0631\u0642 \u0627\u0644\u062a\u0648\u0627\u0644\u064a\u062a \u00d7 60"},"content":{"rendered":"<p>Les lingettes humides Casino &#8211; Les Doodingues sont con\u00e7ues pour offrir une hygi\u00e8ne optimale apr\u00e8s chaque passage aux toilettes. Douces, r\u00e9sistantes, et d\u00e9licatement parfum\u00e9es, elles apportent une sensation de fra\u00eecheur et de propret\u00e9 tout en respectant les peaux les plus sensibles, y compris celles des enfants. Leur format pratique en paquet de 60 lingettes est id\u00e9al pour un usage quotidien \u00e0 la maison ou en d\u00e9placement.<br \/>\nLes lingettes sont \u00e9galement biod\u00e9gradables et peuvent \u00eatre jet\u00e9es dans les toilettes (dans des conditions raisonnables), ce qui en fait un choix respectueux de l\u2019environnement.<\/p>\n<h4><strong>\u0645\u0643\u0648\u0646\u0627\u062a :<\/strong><\/h4>\n<p>Aqua (Eau), glycerin (Hydratant), cocamidopropyl Betaine (Agent nettoyant doux), panthenol (Pro-vitamine B5 pour apaiser la peau), aloe Barbadensis Leaf Extract (Extrait d&rsquo;aloe vera pour hydrater et apaiser), parfum (Fragrance douce), phenoxyethanol (Conservateur), potassium Sorbate (Conservateur), sodium Benzoate (Conservateur), citric Acid (R\u00e9gulateur de pH).<\/p>\n<h4>\u0641\u0648\u0627\u0626\u062f :<\/h4>\n<ul>\n<li>Douceur et soin : Formul\u00e9es pour respecter toutes les peaux, m\u00eame les plus sensibles, gr\u00e2ce \u00e0 la pr\u00e9sence d&rsquo;aloe vera et de panth\u00e9nol.<\/li>\n<li>Format pratique : Le paquet de 60 lingettes est facile \u00e0 transporter et \u00e0 utiliser.<\/li>\n<li>Biod\u00e9gradables : Con\u00e7ues pour \u00eatre jet\u00e9es dans les toilettes, en quantit\u00e9s raisonnables, ces lingettes sont respectueuses de l\u2019environnement.<\/li>\n<li>Multi-usages : Id\u00e9ales pour toute la famille, les lingettes peuvent \u00eatre utilis\u00e9es pour les enfants comme pour les adultes.<\/li>\n<li>Sans alcool : Adapt\u00e9 aux peaux sensibles, sans risque d&rsquo;irritation li\u00e9 \u00e0 l&rsquo;alcool.<\/li>\n<\/ul>\n<h4>\u062a\u0639\u0644\u064a\u0645\u0627\u062a :<\/h4>\n<ol>\n<li>Ouvrez le paquet en soulevant la languette autocollante.<\/li>\n<li>Retirez une lingette humide et refermez bien le paquet pour maintenir la fra\u00eecheur des lingettes restantes.<\/li>\n<li>Utilisez la lingette pour nettoyer d\u00e9licatement la zone intime apr\u00e8s \u00eatre all\u00e9 aux toilettes.<\/li>\n<li>Jetez la lingette dans les toilettes ou dans une poubelle si vous utilisez plusieurs lingettes \u00e0 la fois.<\/li>\n<\/ol>\n<p><em>Convient pour un usage quotidien.<\/em><\/p>\n<h4>\u0627\u062d\u062a\u064a\u0627\u0637\u0627\u062a:<\/h4>\n<ul>\n<li>Ne pas jeter plus de deux lingettes \u00e0 la fois dans les toilettes afin d\u2019\u00e9viter tout risque de bouchon.<\/li>\n<li>Tenir hors de la port\u00e9e des enfants lorsqu\u2019ils ne sont pas sous surveillance.<\/li>\n<li>Usage externe uniquement. \u00c9vitez le contact avec les yeux. En cas de contact avec les yeux, rincer abondamment \u00e0 l&rsquo;eau claire.<\/li>\n<li>Ne pas utiliser sur une peau irrit\u00e9e ou bless\u00e9e.<\/li>\n<\/ul>","protected":false},"excerpt":{"rendered":"<p>Les lingettes humides Casino &#8211; Les Doodingues sont con\u00e7ues pour offrir une hygi\u00e8ne optimale apr\u00e8s chaque passage aux toilettes. Douces,<\/p>","protected":false},"featured_media":26322,"comment_status":"open","ping_status":"closed","template":"","meta":[],"pwb-brand":[1219],"product_brand":[],"product_cat":[986,274,993],"product_tag":[],"class_list":{"0":"post-23229","1":"product","2":"type-product","3":"status-publish","4":"has-post-thumbnail","6":"pwb-brand-casino-les-doodingues","7":"product_cat-bain-et-toilette","8":"product_cat-bebe-et-famille","9":"product_cat-lingettes","11":"first","12":"instock","13":"shipping-taxable","14":"purchasable","15":"product-type-simple"},"yoast_head":"<!-- This site is optimized with the Yoast SEO plugin v27.1.1 - https:\/\/yoast.com\/product\/yoast-seo-wordpress\/ -->\n<title>Casino - Les Doodingues - Lingettes papier toilette humides x60 - NIRIGS<\/title>\n<meta name=\"robots\" content=\"index, follow, max-snippet:-1, max-image-preview:large, max-video-preview:-1\" \/>\n<link rel=\"canonical\" href=\"https:\/\/nirigs.com\/ar\/product\/casino-les-doodingues-lingettes-papier-toilette-humides-x60\/\" \/>\n<meta property=\"og:locale\" content=\"ar_AR\" \/>\n<meta property=\"og:type\" content=\"article\" \/>\n<meta property=\"og:title\" content=\"Casino - Les Doodingues - Lingettes papier toilette humides x60 - NIRIGS\" \/>\n<meta property=\"og:description\" content=\"Les lingettes humides Casino &#8211; Les Doodingues sont con\u00e7ues pour offrir une hygi\u00e8ne optimale apr\u00e8s chaque passage aux toilettes. Douces,\" \/>\n<meta property=\"og:url\" content=\"https:\/\/nirigs.com\/ar\/product\/casino-les-doodingues-lingettes-papier-toilette-humides-x60\/\" \/>\n<meta property=\"og:site_name\" content=\"NIRIGS\" \/>\n<meta property=\"article:modified_time\" content=\"2025-03-13T07:53:22+00:00\" \/>\n<meta property=\"og:image\" content=\"https:\/\/nirigs.com\/wp-content\/uploads\/2024\/10\/Casino-Les-Doodingues-Lingettes-papier-toilette-humides-x60-1.jpg\" \/>\n\t<meta property=\"og:image:width\" content=\"1000\" \/>\n\t<meta property=\"og:image:height\" content=\"1000\" \/>\n\t<meta property=\"og:image:type\" content=\"image\/jpeg\" \/>\n<meta name=\"twitter:card\" content=\"summary_large_image\" \/>\n<meta name=\"twitter:label1\" content=\"\u0648\u0642\u062a \u0627\u0644\u0642\u0631\u0627\u0621\u0629 \u0627\u0644\u0645\u064f\u0642\u062f\u0651\u0631\" \/>\n\t<meta name=\"twitter:data1\" content=\"\u062f\u0642\u064a\u0642\u062a\u0627\u0646\" \/>\n<script type=\"application\/ld+json\" class=\"yoast-schema-graph\">{\"@context\":\"https:\/\/schema.org\",\"@graph\":[{\"@type\":\"WebPage\",\"@id\":\"https:\/\/nirigs.com\/product\/casino-les-doodingues-lingettes-papier-toilette-humides-x60\/\",\"url\":\"https:\/\/nirigs.com\/product\/casino-les-doodingues-lingettes-papier-toilette-humides-x60\/\",\"name\":\"Casino - Les Doodingues - Lingettes papier toilette humides x60 - NIRIGS\",\"isPartOf\":{\"@id\":\"https:\/\/nirigs.com\/#website\"},\"primaryImageOfPage\":{\"@id\":\"https:\/\/nirigs.com\/product\/casino-les-doodingues-lingettes-papier-toilette-humides-x60\/#primaryimage\"},\"image\":{\"@id\":\"https:\/\/nirigs.com\/product\/casino-les-doodingues-lingettes-papier-toilette-humides-x60\/#primaryimage\"},\"thumbnailUrl\":\"https:\/\/nirigs.com\/wp-content\/uploads\/2024\/10\/Casino-Les-Doodingues-Lingettes-papier-toilette-humides-x60-1.jpg\",\"datePublished\":\"2024-10-06T15:00:47+00:00\",\"dateModified\":\"2025-03-13T07:53:22+00:00\",\"breadcrumb\":{\"@id\":\"https:\/\/nirigs.com\/product\/casino-les-doodingues-lingettes-papier-toilette-humides-x60\/#breadcrumb\"},\"inLanguage\":\"ar\",\"potentialAction\":[{\"@type\":\"ReadAction\",\"target\":[\"https:\/\/nirigs.com\/product\/casino-les-doodingues-lingettes-papier-toilette-humides-x60\/\"]}]},{\"@type\":\"ImageObject\",\"inLanguage\":\"ar\",\"@id\":\"https:\/\/nirigs.com\/product\/casino-les-doodingues-lingettes-papier-toilette-humides-x60\/#primaryimage\",\"url\":\"https:\/\/nirigs.com\/wp-content\/uploads\/2024\/10\/Casino-Les-Doodingues-Lingettes-papier-toilette-humides-x60-1.jpg\",\"contentUrl\":\"https:\/\/nirigs.com\/wp-content\/uploads\/2024\/10\/Casino-Les-Doodingues-Lingettes-papier-toilette-humides-x60-1.jpg\",\"width\":1000,\"height\":1000},{\"@type\":\"BreadcrumbList\",\"@id\":\"https:\/\/nirigs.com\/product\/casino-les-doodingues-lingettes-papier-toilette-humides-x60\/#breadcrumb\",\"itemListElement\":[{\"@type\":\"ListItem\",\"position\":1,\"name\":\"Home\",\"item\":\"https:\/\/nirigs.com\/\"},{\"@type\":\"ListItem\",\"position\":2,\"name\":\"Parcourir\",\"item\":\"https:\/\/nirigs.com\/boutique\/\"},{\"@type\":\"ListItem\",\"position\":3,\"name\":\"Casino &#8211; Les Doodingues &#8211; Lingettes papier toilette humides x60\"}]},{\"@type\":\"WebSite\",\"@id\":\"https:\/\/nirigs.com\/#website\",\"url\":\"https:\/\/nirigs.com\/\",\"name\":\"Nirigs.com\",\"description\":\"Simplifiez vos achats du quotidien \u00e0 Djibouti\",\"publisher\":{\"@id\":\"https:\/\/nirigs.com\/#organization\"},\"potentialAction\":[{\"@type\":\"SearchAction\",\"target\":{\"@type\":\"EntryPoint\",\"urlTemplate\":\"https:\/\/nirigs.com\/?s={search_term_string}\"},\"query-input\":{\"@type\":\"PropertyValueSpecification\",\"valueRequired\":true,\"valueName\":\"search_term_string\"}}],\"inLanguage\":\"ar\"},{\"@type\":\"Organization\",\"@id\":\"https:\/\/nirigs.com\/#organization\",\"name\":\"Nirigs\",\"url\":\"https:\/\/nirigs.com\/\",\"logo\":{\"@type\":\"ImageObject\",\"inLanguage\":\"ar\",\"@id\":\"https:\/\/nirigs.com\/#\/schema\/logo\/image\/\",\"url\":\"https:\/\/nirigs.com\/wp-content\/uploads\/2025\/04\/Design-sans-titre-27.png\",\"contentUrl\":\"https:\/\/nirigs.com\/wp-content\/uploads\/2025\/04\/Design-sans-titre-27.png\",\"width\":500,\"height\":500,\"caption\":\"Nirigs\"},\"image\":{\"@id\":\"https:\/\/nirigs.com\/#\/schema\/logo\/image\/\"}}]}<\/script>\n<!-- \/ Yoast SEO plugin. -->","yoast_head_json":{"title":"Casino - Les Doodingues - Lingettes papier toilette humides x60 - NIRIGS","robots":{"index":"index","follow":"follow","max-snippet":"max-snippet:-1","max-image-preview":"max-image-preview:large","max-video-preview":"max-video-preview:-1"},"canonical":"https:\/\/nirigs.com\/ar\/product\/casino-les-doodingues-lingettes-papier-toilette-humides-x60\/","og_locale":"ar_AR","og_type":"article","og_title":"Casino - Les Doodingues - Lingettes papier toilette humides x60 - NIRIGS","og_description":"Les lingettes humides Casino &#8211; Les Doodingues sont con\u00e7ues pour offrir une hygi\u00e8ne optimale apr\u00e8s chaque passage aux toilettes. Douces,","og_url":"https:\/\/nirigs.com\/ar\/product\/casino-les-doodingues-lingettes-papier-toilette-humides-x60\/","og_site_name":"NIRIGS","article_modified_time":"2025-03-13T07:53:22+00:00","og_image":[{"width":1000,"height":1000,"url":"https:\/\/nirigs.com\/wp-content\/uploads\/2024\/10\/Casino-Les-Doodingues-Lingettes-papier-toilette-humides-x60-1.jpg","type":"image\/jpeg"}],"twitter_card":"summary_large_image","twitter_misc":{"\u0648\u0642\u062a \u0627\u0644\u0642\u0631\u0627\u0621\u0629 \u0627\u0644\u0645\u064f\u0642\u062f\u0651\u0631":"\u062f\u0642\u064a\u0642\u062a\u0627\u0646"},"schema":{"@context":"https:\/\/schema.org","@graph":[{"@type":"WebPage","@id":"https:\/\/nirigs.com\/product\/casino-les-doodingues-lingettes-papier-toilette-humides-x60\/","url":"https:\/\/nirigs.com\/product\/casino-les-doodingues-lingettes-papier-toilette-humides-x60\/","name":"Casino - Les Doodingues - Lingettes papier toilette humides x60 - NIRIGS","isPartOf":{"@id":"https:\/\/nirigs.com\/#website"},"primaryImageOfPage":{"@id":"https:\/\/nirigs.com\/product\/casino-les-doodingues-lingettes-papier-toilette-humides-x60\/#primaryimage"},"image":{"@id":"https:\/\/nirigs.com\/product\/casino-les-doodingues-lingettes-papier-toilette-humides-x60\/#primaryimage"},"thumbnailUrl":"https:\/\/nirigs.com\/wp-content\/uploads\/2024\/10\/Casino-Les-Doodingues-Lingettes-papier-toilette-humides-x60-1.jpg","datePublished":"2024-10-06T15:00:47+00:00","dateModified":"2025-03-13T07:53:22+00:00","breadcrumb":{"@id":"https:\/\/nirigs.com\/product\/casino-les-doodingues-lingettes-papier-toilette-humides-x60\/#breadcrumb"},"inLanguage":"ar","potentialAction":[{"@type":"ReadAction","target":["https:\/\/nirigs.com\/product\/casino-les-doodingues-lingettes-papier-toilette-humides-x60\/"]}]},{"@type":"ImageObject","inLanguage":"ar","@id":"https:\/\/nirigs.com\/product\/casino-les-doodingues-lingettes-papier-toilette-humides-x60\/#primaryimage","url":"https:\/\/nirigs.com\/wp-content\/uploads\/2024\/10\/Casino-Les-Doodingues-Lingettes-papier-toilette-humides-x60-1.jpg","contentUrl":"https:\/\/nirigs.com\/wp-content\/uploads\/2024\/10\/Casino-Les-Doodingues-Lingettes-papier-toilette-humides-x60-1.jpg","width":1000,"height":1000},{"@type":"BreadcrumbList","@id":"https:\/\/nirigs.com\/product\/casino-les-doodingues-lingettes-papier-toilette-humides-x60\/#breadcrumb","itemListElement":[{"@type":"ListItem","position":1,"name":"Home","item":"https:\/\/nirigs.com\/"},{"@type":"ListItem","position":2,"name":"Parcourir","item":"https:\/\/nirigs.com\/boutique\/"},{"@type":"ListItem","position":3,"name":"Casino &#8211; Les Doodingues &#8211; Lingettes papier toilette humides x60"}]},{"@type":"WebSite","@id":"https:\/\/nirigs.com\/#website","url":"https:\/\/nirigs.com\/","name":"Nirigs.com","description":"Simplifiez vos achats du quotidien \u00e0 Djibouti","publisher":{"@id":"https:\/\/nirigs.com\/#organization"},"potentialAction":[{"@type":"SearchAction","target":{"@type":"EntryPoint","urlTemplate":"https:\/\/nirigs.com\/?s={search_term_string}"},"query-input":{"@type":"PropertyValueSpecification","valueRequired":true,"valueName":"search_term_string"}}],"inLanguage":"ar"},{"@type":"Organization","@id":"https:\/\/nirigs.com\/#organization","name":"\u0646\u064a\u0631\u064a\u062c\u0633","url":"https:\/\/nirigs.com\/","logo":{"@type":"ImageObject","inLanguage":"ar","@id":"https:\/\/nirigs.com\/#\/schema\/logo\/image\/","url":"https:\/\/nirigs.com\/wp-content\/uploads\/2025\/04\/Design-sans-titre-27.png","contentUrl":"https:\/\/nirigs.com\/wp-content\/uploads\/2025\/04\/Design-sans-titre-27.png","width":500,"height":500,"caption":"Nirigs"},"image":{"@id":"https:\/\/nirigs.com\/#\/schema\/logo\/image\/"}}]}},"brands":[{"id":1219,"name":"Casino - Les Doodingues","slug":"casino-les-doodingues"}],"_links":{"self":[{"href":"https:\/\/nirigs.com\/ar\/wp-json\/wp\/v2\/product\/23229","targetHints":{"allow":["GET"]}}],"collection":[{"href":"https:\/\/nirigs.com\/ar\/wp-json\/wp\/v2\/product"}],"about":[{"href":"https:\/\/nirigs.com\/ar\/wp-json\/wp\/v2\/types\/product"}],"replies":[{"embeddable":true,"href":"https:\/\/nirigs.com\/ar\/wp-json\/wp\/v2\/comments?post=23229"}],"version-history":[{"count":3,"href":"https:\/\/nirigs.com\/ar\/wp-json\/wp\/v2\/product\/23229\/revisions"}],"predecessor-version":[{"id":25946,"href":"https:\/\/nirigs.com\/ar\/wp-json\/wp\/v2\/product\/23229\/revisions\/25946"}],"wp:featuredmedia":[{"embeddable":true,"href":"https:\/\/nirigs.com\/ar\/wp-json\/wp\/v2\/media\/26322"}],"wp:attachment":[{"href":"https:\/\/nirigs.com\/ar\/wp-json\/wp\/v2\/media?parent=23229"}],"wp:term":[{"taxonomy":"pwb-brand","embeddable":true,"href":"https:\/\/nirigs.com\/ar\/wp-json\/wp\/v2\/pwb-brand?post=23229"},{"taxonomy":"product_brand","embeddable":true,"href":"https:\/\/nirigs.com\/ar\/wp-json\/wp\/v2\/product_brand?post=23229"},{"taxonomy":"product_cat","embeddable":true,"href":"https:\/\/nirigs.com\/ar\/wp-json\/wp\/v2\/product_cat?post=23229"},{"taxonomy":"product_tag","embeddable":true,"href":"https:\/\/nirigs.com\/ar\/wp-json\/wp\/v2\/product_tag?post=23229"}],"curies":[{"name":"wp","href":"https:\/\/api.w.org\/{rel}","templated":true}]}}