{"id":23217,"date":"2024-10-06T18:00:43","date_gmt":"2024-10-06T15:00:43","guid":{"rendered":"https:\/\/nirigs.com\/produit\/baby-dove-lavage-de-la-tete-aux-pieds-pour-peau-sensible-200-ml\/"},"modified":"2025-03-13T11:11:56","modified_gmt":"2025-03-13T08:11:56","slug":"baby-dove-lavage-de-la-tete-aux-pieds-pour-peau-sensible-200-ml","status":"publish","type":"product","link":"https:\/\/nirigs.com\/ar\/product\/baby-dove-lavage-de-la-tete-aux-pieds-pour-peau-sensible-200-ml\/","title":{"rendered":"\u0628\u064a\u0628\u064a \u062f\u0648\u0641 \u2013 \u063a\u0633\u0648\u0644 \u0645\u0646 \u0627\u0644\u0631\u0623\u0633 \u0625\u0644\u0649 \u0623\u062e\u0645\u0635 \u0627\u0644\u0642\u062f\u0645\u064a\u0646 \u0644\u0644\u0628\u0634\u0631\u0629 \u0627\u0644\u062d\u0633\u0627\u0633\u0629 \u2013 200 \u0645\u0644"},"content":{"rendered":"<p>Le gel lavant Baby Dove est sp\u00e9cialement formul\u00e9 pour la peau d\u00e9licate des b\u00e9b\u00e9s. Il nettoie en douceur de la t\u00eate aux pieds, sans irriter ni ass\u00e9cher la peau. Gr\u00e2ce \u00e0 sa formule hypoallerg\u00e9nique et son pH doux, il respecte l&rsquo;\u00e9quilibre naturel de la peau et aide \u00e0 pr\u00e9venir la d\u00e9shydratation. Ce produit est test\u00e9 dermatologiquement et convient aux peaux sensibles des nourrissons.<\/p>\n<h4>\u0645\u0643\u0648\u0646\u0627\u062a :<\/h4>\n<p>Aqua (eau), Sodium Lauroyl Glutamate, Cocamidopropyl Betaine, Glycerin, Sodium Chloride, Sodium Benzoate, Citric Acid, Sodium Sulfate, Sodium Citrate, Parfum, Tocopheryl Acetate (Vitamine E).<\/p>\n<h4>\u0641\u0648\u0627\u0626\u062f :<\/h4>\n<ul>\n<li>Nettoyage doux : Sp\u00e9cialement con\u00e7u pour les peaux sensibles, il nettoie en douceur sans alt\u00e9rer la barri\u00e8re cutan\u00e9e.<\/li>\n<li>Hydratation : Aide \u00e0 maintenir l&rsquo;hydratation de la peau et pr\u00e9vient la s\u00e9cheresse.<\/li>\n<li>Hypoallerg\u00e9nique : Formul\u00e9 pour minimiser les risques de r\u00e9actions allergiques.<\/li>\n<li>Test\u00e9 dermatologiquement : Convient aux peaux d\u00e9licates des b\u00e9b\u00e9s, m\u00eame aux plus sensibles.<\/li>\n<li>Formule sans sulfates : \u00c9vite les irritations, notamment pour les peaux sensibles et atopiques.<\/li>\n<\/ul>\n<h4>\u062a\u0639\u0644\u064a\u0645\u0627\u062a :<\/h4>\n<ol>\n<li>Appliquez une petite quantit\u00e9 de gel sur une \u00e9ponge ou directement dans la main.<\/li>\n<li>Massez d\u00e9licatement sur la peau humide de votre b\u00e9b\u00e9, en \u00e9vitant le contact avec les yeux.<\/li>\n<li>Rincez soigneusement \u00e0 l&rsquo;eau ti\u00e8de.<\/li>\n<li>S\u00e9chez d\u00e9licatement la peau avec une serviette douce.<\/li>\n<\/ol>\n<h4>Pr\u00e9cautions d\u2019emploi :<\/h4>\n<ul>\n<li>Ne pas appliquer sur une peau irrit\u00e9e ou ab\u00eem\u00e9e.<\/li>\n<li>\u00c9vitez le contact avec les yeux. En cas de contact, rincez abondamment \u00e0 l&rsquo;eau claire.<\/li>\n<li>\u062a\u062e\u0632\u064a\u0646\u0647\u0627 \u0641\u064a \u0645\u0643\u0627\u0646 \u0628\u0627\u0631\u062f \u0648\u062c\u0627\u0641.<\/li>\n<li>Usage externe uniquement.<\/li>\n<\/ul>","protected":false},"excerpt":{"rendered":"<p>Le gel lavant Baby Dove est sp\u00e9cialement formul\u00e9 pour la peau d\u00e9licate des b\u00e9b\u00e9s. Il nettoie en douceur de la<\/p>","protected":false},"featured_media":25969,"comment_status":"open","ping_status":"closed","template":"","meta":[],"pwb-brand":[1220],"product_brand":[],"product_cat":[986,274,991],"product_tag":[],"class_list":{"0":"post-23217","1":"product","2":"type-product","3":"status-publish","4":"has-post-thumbnail","6":"pwb-brand-baby-dove","7":"product_cat-bain-et-toilette","8":"product_cat-bebe-et-famille","9":"product_cat-gels-nettoyants","11":"first","12":"instock","13":"shipping-taxable","14":"purchasable","15":"product-type-simple"},"yoast_head":"<!-- This site is optimized with the Yoast SEO plugin v27.1.1 - https:\/\/yoast.com\/product\/yoast-seo-wordpress\/ -->\n<title>Baby Dove - lavage de la t\u00eate aux pieds pour peau sensible - 200 ml - NIRIGS<\/title>\n<meta name=\"robots\" content=\"index, follow, max-snippet:-1, max-image-preview:large, max-video-preview:-1\" \/>\n<link rel=\"canonical\" href=\"https:\/\/nirigs.com\/ar\/product\/baby-dove-lavage-de-la-tete-aux-pieds-pour-peau-sensible-200-ml\/\" \/>\n<meta property=\"og:locale\" content=\"ar_AR\" \/>\n<meta property=\"og:type\" content=\"article\" \/>\n<meta property=\"og:title\" content=\"Baby Dove - lavage de la t\u00eate aux pieds pour peau sensible - 200 ml - NIRIGS\" \/>\n<meta property=\"og:description\" content=\"Le gel lavant Baby Dove est sp\u00e9cialement formul\u00e9 pour la peau d\u00e9licate des b\u00e9b\u00e9s. Il nettoie en douceur de la\" \/>\n<meta property=\"og:url\" content=\"https:\/\/nirigs.com\/ar\/product\/baby-dove-lavage-de-la-tete-aux-pieds-pour-peau-sensible-200-ml\/\" \/>\n<meta property=\"og:site_name\" content=\"NIRIGS\" \/>\n<meta property=\"article:modified_time\" content=\"2025-03-13T08:11:56+00:00\" \/>\n<meta property=\"og:image\" content=\"https:\/\/nirigs.com\/wp-content\/uploads\/2024\/10\/Baby-Dove-lavage-de-la-tete-aux-pieds-pour-peau-sensible-200-ml.jpg\" \/>\n\t<meta property=\"og:image:width\" content=\"1000\" \/>\n\t<meta property=\"og:image:height\" content=\"1000\" \/>\n\t<meta property=\"og:image:type\" content=\"image\/jpeg\" \/>\n<meta name=\"twitter:card\" content=\"summary_large_image\" \/>\n<meta name=\"twitter:label1\" content=\"\u0648\u0642\u062a \u0627\u0644\u0642\u0631\u0627\u0621\u0629 \u0627\u0644\u0645\u064f\u0642\u062f\u0651\u0631\" \/>\n\t<meta name=\"twitter:data1\" content=\"\u062f\u0642\u064a\u0642\u0629 \u0648\u0627\u062d\u062f\u0629\" \/>\n<script type=\"application\/ld+json\" class=\"yoast-schema-graph\">{\"@context\":\"https:\/\/schema.org\",\"@graph\":[{\"@type\":\"WebPage\",\"@id\":\"https:\/\/nirigs.com\/product\/baby-dove-lavage-de-la-tete-aux-pieds-pour-peau-sensible-200-ml\/\",\"url\":\"https:\/\/nirigs.com\/product\/baby-dove-lavage-de-la-tete-aux-pieds-pour-peau-sensible-200-ml\/\",\"name\":\"Baby Dove - lavage de la t\u00eate aux pieds pour peau sensible - 200 ml - NIRIGS\",\"isPartOf\":{\"@id\":\"https:\/\/nirigs.com\/#website\"},\"primaryImageOfPage\":{\"@id\":\"https:\/\/nirigs.com\/product\/baby-dove-lavage-de-la-tete-aux-pieds-pour-peau-sensible-200-ml\/#primaryimage\"},\"image\":{\"@id\":\"https:\/\/nirigs.com\/product\/baby-dove-lavage-de-la-tete-aux-pieds-pour-peau-sensible-200-ml\/#primaryimage\"},\"thumbnailUrl\":\"https:\/\/nirigs.com\/wp-content\/uploads\/2024\/10\/Baby-Dove-lavage-de-la-tete-aux-pieds-pour-peau-sensible-200-ml.jpg\",\"datePublished\":\"2024-10-06T15:00:43+00:00\",\"dateModified\":\"2025-03-13T08:11:56+00:00\",\"breadcrumb\":{\"@id\":\"https:\/\/nirigs.com\/product\/baby-dove-lavage-de-la-tete-aux-pieds-pour-peau-sensible-200-ml\/#breadcrumb\"},\"inLanguage\":\"ar\",\"potentialAction\":[{\"@type\":\"ReadAction\",\"target\":[\"https:\/\/nirigs.com\/product\/baby-dove-lavage-de-la-tete-aux-pieds-pour-peau-sensible-200-ml\/\"]}]},{\"@type\":\"ImageObject\",\"inLanguage\":\"ar\",\"@id\":\"https:\/\/nirigs.com\/product\/baby-dove-lavage-de-la-tete-aux-pieds-pour-peau-sensible-200-ml\/#primaryimage\",\"url\":\"https:\/\/nirigs.com\/wp-content\/uploads\/2024\/10\/Baby-Dove-lavage-de-la-tete-aux-pieds-pour-peau-sensible-200-ml.jpg\",\"contentUrl\":\"https:\/\/nirigs.com\/wp-content\/uploads\/2024\/10\/Baby-Dove-lavage-de-la-tete-aux-pieds-pour-peau-sensible-200-ml.jpg\",\"width\":1000,\"height\":1000},{\"@type\":\"BreadcrumbList\",\"@id\":\"https:\/\/nirigs.com\/product\/baby-dove-lavage-de-la-tete-aux-pieds-pour-peau-sensible-200-ml\/#breadcrumb\",\"itemListElement\":[{\"@type\":\"ListItem\",\"position\":1,\"name\":\"Home\",\"item\":\"https:\/\/nirigs.com\/\"},{\"@type\":\"ListItem\",\"position\":2,\"name\":\"Parcourir\",\"item\":\"https:\/\/nirigs.com\/boutique\/\"},{\"@type\":\"ListItem\",\"position\":3,\"name\":\"Baby Dove &#8211; lavage de la t\u00eate aux pieds pour peau sensible &#8211; 200 ml\"}]},{\"@type\":\"WebSite\",\"@id\":\"https:\/\/nirigs.com\/#website\",\"url\":\"https:\/\/nirigs.com\/\",\"name\":\"Nirigs.com\",\"description\":\"Simplifiez vos achats du quotidien \u00e0 Djibouti\",\"publisher\":{\"@id\":\"https:\/\/nirigs.com\/#organization\"},\"potentialAction\":[{\"@type\":\"SearchAction\",\"target\":{\"@type\":\"EntryPoint\",\"urlTemplate\":\"https:\/\/nirigs.com\/?s={search_term_string}\"},\"query-input\":{\"@type\":\"PropertyValueSpecification\",\"valueRequired\":true,\"valueName\":\"search_term_string\"}}],\"inLanguage\":\"ar\"},{\"@type\":\"Organization\",\"@id\":\"https:\/\/nirigs.com\/#organization\",\"name\":\"Nirigs\",\"url\":\"https:\/\/nirigs.com\/\",\"logo\":{\"@type\":\"ImageObject\",\"inLanguage\":\"ar\",\"@id\":\"https:\/\/nirigs.com\/#\/schema\/logo\/image\/\",\"url\":\"https:\/\/nirigs.com\/wp-content\/uploads\/2025\/04\/Design-sans-titre-27.png\",\"contentUrl\":\"https:\/\/nirigs.com\/wp-content\/uploads\/2025\/04\/Design-sans-titre-27.png\",\"width\":500,\"height\":500,\"caption\":\"Nirigs\"},\"image\":{\"@id\":\"https:\/\/nirigs.com\/#\/schema\/logo\/image\/\"}}]}<\/script>\n<!-- \/ Yoast SEO plugin. -->","yoast_head_json":{"title":"Baby Dove - lavage de la t\u00eate aux pieds pour peau sensible - 200 ml - NIRIGS","robots":{"index":"index","follow":"follow","max-snippet":"max-snippet:-1","max-image-preview":"max-image-preview:large","max-video-preview":"max-video-preview:-1"},"canonical":"https:\/\/nirigs.com\/ar\/product\/baby-dove-lavage-de-la-tete-aux-pieds-pour-peau-sensible-200-ml\/","og_locale":"ar_AR","og_type":"article","og_title":"Baby Dove - lavage de la t\u00eate aux pieds pour peau sensible - 200 ml - NIRIGS","og_description":"Le gel lavant Baby Dove est sp\u00e9cialement formul\u00e9 pour la peau d\u00e9licate des b\u00e9b\u00e9s. Il nettoie en douceur de la","og_url":"https:\/\/nirigs.com\/ar\/product\/baby-dove-lavage-de-la-tete-aux-pieds-pour-peau-sensible-200-ml\/","og_site_name":"NIRIGS","article_modified_time":"2025-03-13T08:11:56+00:00","og_image":[{"width":1000,"height":1000,"url":"https:\/\/nirigs.com\/wp-content\/uploads\/2024\/10\/Baby-Dove-lavage-de-la-tete-aux-pieds-pour-peau-sensible-200-ml.jpg","type":"image\/jpeg"}],"twitter_card":"summary_large_image","twitter_misc":{"\u0648\u0642\u062a \u0627\u0644\u0642\u0631\u0627\u0621\u0629 \u0627\u0644\u0645\u064f\u0642\u062f\u0651\u0631":"\u062f\u0642\u064a\u0642\u0629 \u0648\u0627\u062d\u062f\u0629"},"schema":{"@context":"https:\/\/schema.org","@graph":[{"@type":"WebPage","@id":"https:\/\/nirigs.com\/product\/baby-dove-lavage-de-la-tete-aux-pieds-pour-peau-sensible-200-ml\/","url":"https:\/\/nirigs.com\/product\/baby-dove-lavage-de-la-tete-aux-pieds-pour-peau-sensible-200-ml\/","name":"Baby Dove - lavage de la t\u00eate aux pieds pour peau sensible - 200 ml - NIRIGS","isPartOf":{"@id":"https:\/\/nirigs.com\/#website"},"primaryImageOfPage":{"@id":"https:\/\/nirigs.com\/product\/baby-dove-lavage-de-la-tete-aux-pieds-pour-peau-sensible-200-ml\/#primaryimage"},"image":{"@id":"https:\/\/nirigs.com\/product\/baby-dove-lavage-de-la-tete-aux-pieds-pour-peau-sensible-200-ml\/#primaryimage"},"thumbnailUrl":"https:\/\/nirigs.com\/wp-content\/uploads\/2024\/10\/Baby-Dove-lavage-de-la-tete-aux-pieds-pour-peau-sensible-200-ml.jpg","datePublished":"2024-10-06T15:00:43+00:00","dateModified":"2025-03-13T08:11:56+00:00","breadcrumb":{"@id":"https:\/\/nirigs.com\/product\/baby-dove-lavage-de-la-tete-aux-pieds-pour-peau-sensible-200-ml\/#breadcrumb"},"inLanguage":"ar","potentialAction":[{"@type":"ReadAction","target":["https:\/\/nirigs.com\/product\/baby-dove-lavage-de-la-tete-aux-pieds-pour-peau-sensible-200-ml\/"]}]},{"@type":"ImageObject","inLanguage":"ar","@id":"https:\/\/nirigs.com\/product\/baby-dove-lavage-de-la-tete-aux-pieds-pour-peau-sensible-200-ml\/#primaryimage","url":"https:\/\/nirigs.com\/wp-content\/uploads\/2024\/10\/Baby-Dove-lavage-de-la-tete-aux-pieds-pour-peau-sensible-200-ml.jpg","contentUrl":"https:\/\/nirigs.com\/wp-content\/uploads\/2024\/10\/Baby-Dove-lavage-de-la-tete-aux-pieds-pour-peau-sensible-200-ml.jpg","width":1000,"height":1000},{"@type":"BreadcrumbList","@id":"https:\/\/nirigs.com\/product\/baby-dove-lavage-de-la-tete-aux-pieds-pour-peau-sensible-200-ml\/#breadcrumb","itemListElement":[{"@type":"ListItem","position":1,"name":"Home","item":"https:\/\/nirigs.com\/"},{"@type":"ListItem","position":2,"name":"Parcourir","item":"https:\/\/nirigs.com\/boutique\/"},{"@type":"ListItem","position":3,"name":"Baby Dove &#8211; lavage de la t\u00eate aux pieds pour peau sensible &#8211; 200 ml"}]},{"@type":"WebSite","@id":"https:\/\/nirigs.com\/#website","url":"https:\/\/nirigs.com\/","name":"Nirigs.com","description":"Simplifiez vos achats du quotidien \u00e0 Djibouti","publisher":{"@id":"https:\/\/nirigs.com\/#organization"},"potentialAction":[{"@type":"SearchAction","target":{"@type":"EntryPoint","urlTemplate":"https:\/\/nirigs.com\/?s={search_term_string}"},"query-input":{"@type":"PropertyValueSpecification","valueRequired":true,"valueName":"search_term_string"}}],"inLanguage":"ar"},{"@type":"Organization","@id":"https:\/\/nirigs.com\/#organization","name":"\u0646\u064a\u0631\u064a\u062c\u0633","url":"https:\/\/nirigs.com\/","logo":{"@type":"ImageObject","inLanguage":"ar","@id":"https:\/\/nirigs.com\/#\/schema\/logo\/image\/","url":"https:\/\/nirigs.com\/wp-content\/uploads\/2025\/04\/Design-sans-titre-27.png","contentUrl":"https:\/\/nirigs.com\/wp-content\/uploads\/2025\/04\/Design-sans-titre-27.png","width":500,"height":500,"caption":"Nirigs"},"image":{"@id":"https:\/\/nirigs.com\/#\/schema\/logo\/image\/"}}]}},"brands":[{"id":1220,"name":"Baby Dove","slug":"baby-dove"}],"_links":{"self":[{"href":"https:\/\/nirigs.com\/ar\/wp-json\/wp\/v2\/product\/23217","targetHints":{"allow":["GET"]}}],"collection":[{"href":"https:\/\/nirigs.com\/ar\/wp-json\/wp\/v2\/product"}],"about":[{"href":"https:\/\/nirigs.com\/ar\/wp-json\/wp\/v2\/types\/product"}],"replies":[{"embeddable":true,"href":"https:\/\/nirigs.com\/ar\/wp-json\/wp\/v2\/comments?post=23217"}],"version-history":[{"count":2,"href":"https:\/\/nirigs.com\/ar\/wp-json\/wp\/v2\/product\/23217\/revisions"}],"predecessor-version":[{"id":25971,"href":"https:\/\/nirigs.com\/ar\/wp-json\/wp\/v2\/product\/23217\/revisions\/25971"}],"wp:featuredmedia":[{"embeddable":true,"href":"https:\/\/nirigs.com\/ar\/wp-json\/wp\/v2\/media\/25969"}],"wp:attachment":[{"href":"https:\/\/nirigs.com\/ar\/wp-json\/wp\/v2\/media?parent=23217"}],"wp:term":[{"taxonomy":"pwb-brand","embeddable":true,"href":"https:\/\/nirigs.com\/ar\/wp-json\/wp\/v2\/pwb-brand?post=23217"},{"taxonomy":"product_brand","embeddable":true,"href":"https:\/\/nirigs.com\/ar\/wp-json\/wp\/v2\/product_brand?post=23217"},{"taxonomy":"product_cat","embeddable":true,"href":"https:\/\/nirigs.com\/ar\/wp-json\/wp\/v2\/product_cat?post=23217"},{"taxonomy":"product_tag","embeddable":true,"href":"https:\/\/nirigs.com\/ar\/wp-json\/wp\/v2\/product_tag?post=23217"}],"curies":[{"name":"wp","href":"https:\/\/api.w.org\/{rel}","templated":true}]}}