{"id":23213,"date":"2024-10-06T18:00:41","date_gmt":"2024-10-06T15:00:41","guid":{"rendered":"https:\/\/nirigs.com\/produit\/bledina-nursie-lait-en-poudre-2eme-age-6-a-12-mois-400-g\/"},"modified":"2025-03-13T11:14:28","modified_gmt":"2025-03-13T08:14:28","slug":"bledina-nursie-lait-en-poudre-2eme-age-6-a-12-mois-400-g","status":"publish","type":"product","link":"https:\/\/nirigs.com\/ar\/product\/bledina-nursie-lait-en-poudre-2eme-age-6-a-12-mois-400-g\/","title":{"rendered":"\u0628\u0644\u0627\u062f\u064a\u0646\u0627 \u2013 \u0646\u0648\u0631\u0633\u064a \u2013 \u062d\u0644\u064a\u0628 \u0645\u062c\u0641\u0641 \u0639\u0645\u0631 \u062b\u0627\u0646\u064a \u0645\u0646 6 \u0627\u0644\u0649 12 \u0634\u0647\u0631 \u2013 400 \u062c\u0631\u0627\u0645"},"content":{"rendered":"<p>\u062a\u0645 \u062a\u0635\u0645\u064a\u0645 \u062d\u0644\u064a\u0628 \u0628\u0644\u064a\u062f\u064a\u0646\u0627 \u0646\u0648\u0631\u0633\u064a \u0627\u0644\u0645\u062c\u0641\u0641 \u0644\u0644\u0639\u0645\u0631 \u0627\u0644\u0623\u0648\u0644 \u0644\u062a\u0644\u0628\u064a\u0629 \u0627\u0644\u0627\u062d\u062a\u064a\u0627\u062c\u0627\u062a \u0627\u0644\u063a\u0630\u0627\u0626\u064a\u0629 \u0644\u0644\u0631\u0636\u0639 \u0645\u0646\u0630 \u0627\u0644\u0648\u0644\u0627\u062f\u0629 \u0648\u062d\u062a\u0649 6 \u0623\u0634\u0647\u0631. \u0647\u0630\u0647 \u0627\u0644\u062a\u0631\u0643\u064a\u0628\u0629 \u063a\u0646\u064a\u0629 \u0628\u0627\u0644\u0639\u0646\u0627\u0635\u0631 \u0627\u0644\u063a\u0630\u0627\u0626\u064a\u0629 \u0627\u0644\u0623\u0633\u0627\u0633\u064a\u0629\u060c \u0645\u062b\u0644 \u0627\u0644\u0641\u064a\u062a\u0627\u0645\u064a\u0646\u0627\u062a \u0648\u0627\u0644\u0645\u0639\u0627\u062f\u0646\u060c \u0627\u0644\u062a\u064a \u062a\u062f\u0639\u0645 \u0627\u0644\u0646\u0645\u0648 \u0648\u0627\u0644\u062a\u0637\u0648\u0631 \u0627\u0644\u0635\u062d\u064a \u0644\u0637\u0641\u0644\u0643.<\/p>\n<h4>\u0645\u0643\u0648\u0646\u0627\u062a :<\/h4>\n<p>Lait \u00e9cr\u00e9m\u00e9 en poudre, lactose, huiles v\u00e9g\u00e9tales (palme, colza, tournesol), maltodextrine, min\u00e9raux (calcium, fer, zinc), vitamines (A, D, E, K, C, B1, B2, B6, B12), acides gras essentiels (Om\u00e9ga 3 et 6), prot\u00e9ines, fibres alimentaires, antioxydants.<\/p>\n<h4>\u0641\u0648\u0627\u0626\u062f :<\/h4>\n<ol>\n<li>\u0627\u0644\u0646\u0645\u0648 \u0648\u0627\u0644\u062a\u0637\u0648\u0631 \u0627\u0644\u0645\u062a\u0648\u0627\u0632\u0646: \u064a\u062a\u0643\u0648\u0646 \u0645\u0646 \u0627\u0644\u0639\u0646\u0627\u0635\u0631 \u0627\u0644\u063a\u0630\u0627\u0626\u064a\u0629 \u0627\u0644\u0623\u0633\u0627\u0633\u064a\u0629 \u0645\u062b\u0644 \u0627\u0644\u0643\u0627\u0644\u0633\u064a\u0648\u0645 \u0648\u0627\u0644\u062d\u062f\u064a\u062f \u0648\u0627\u0644\u0641\u064a\u062a\u0627\u0645\u064a\u0646\u0627\u062a \u0644\u062a\u0639\u0632\u064a\u0632 \u0646\u0645\u0648 \u0627\u0644\u0639\u0638\u0627\u0645 \u0648\u0627\u0644\u062f\u0645\u0627\u063a \u0627\u0644\u0635\u062d\u064a.<\/li>\n<li>\u064a\u062f\u0639\u0645 \u062c\u0647\u0627\u0632 \u0627\u0644\u0645\u0646\u0627\u0639\u0629: \u0628\u0641\u0636\u0644 \u0648\u062c\u0648\u062f \u0627\u0644\u0641\u064a\u062a\u0627\u0645\u064a\u0646\u0627\u062a A \u0648C \u0648D\u060c \u064a\u0642\u0648\u064a \u0627\u0644\u062d\u0644\u064a\u0628 \u062f\u0641\u0627\u0639\u0627\u062a \u0627\u0644\u0637\u0641\u0644 \u0627\u0644\u0637\u0628\u064a\u0639\u064a\u0629.<\/li>\n<li>\u0633\u0647\u0648\u0644\u0629 \u0627\u0644\u0647\u0636\u0645 \u0627\u0644\u0645\u062b\u0627\u0644\u064a\u0629: \u062a\u0633\u0627\u0639\u062f \u062a\u0631\u0643\u064a\u0628\u062a\u0647 \u0627\u0644\u0645\u062a\u0648\u0627\u0632\u0646\u0629 \u0639\u0644\u0649 \u0627\u0644\u062d\u062f \u0645\u0646 \u0627\u0644\u0645\u063a\u0635 \u0648\u062a\u0633\u0647\u064a\u0644 \u0639\u0645\u0644\u064a\u0629 \u0627\u0644\u0647\u0636\u0645 \u0644\u062f\u0649 \u0627\u0644\u0637\u0641\u0644.<\/li>\n<li>\u062a\u0644\u0628\u064a\u0629 \u0627\u0644\u0627\u062d\u062a\u064a\u0627\u062c\u0627\u062a \u0627\u0644\u063a\u0630\u0627\u0626\u064a\u0629: \u0645\u0635\u0645\u0645 \u0644\u062a\u0642\u0644\u064a\u062f \u0627\u0644\u0639\u0646\u0627\u0635\u0631 \u0627\u0644\u063a\u0630\u0627\u0626\u064a\u0629 \u0627\u0644\u0645\u0648\u062c\u0648\u062f\u0629 \u0641\u064a \u062d\u0644\u064a\u0628 \u0627\u0644\u062b\u062f\u064a\u060c \u0641\u0647\u0648 \u064a\u0648\u0641\u0631 \u0627\u0644\u0623\u062d\u0645\u0627\u0636 \u0627\u0644\u062f\u0647\u0646\u064a\u0629 \u0627\u0644\u0623\u0633\u0627\u0633\u064a\u0629 \u0648\u0627\u0644\u0628\u0631\u0648\u062a\u064a\u0646\u0627\u062a \u0627\u0644\u0644\u0627\u0632\u0645\u0629 \u0644\u0644\u0646\u0645\u0648.<\/li>\n<li>\u0628\u062f\u0648\u0646 \u0645\u0648\u0627\u062f \u062d\u0627\u0641\u0638\u0629 \u0623\u0648 \u0645\u0644\u0648\u0646\u0627\u062a \u0645\u0636\u0627\u0641\u0629: \u0645\u0646\u062a\u062c \u0622\u0645\u0646 \u0644\u0644\u0631\u0636\u0639 \u0645\u0639 \u0636\u0648\u0627\u0628\u0637 \u0635\u0627\u0631\u0645\u0629 \u0644\u0644\u062c\u0648\u062f\u0629.<\/li>\n<\/ol>\n<h4>\u062a\u0639\u0644\u064a\u0645\u0627\u062a :<\/h4>\n<ol>\n<li>\u0627\u063a\u0633\u0644 \u064a\u062f\u064a\u0643 \u062c\u064a\u062f\u064b\u0627 \u0642\u0628\u0644 \u062a\u062d\u0636\u064a\u0631 \u0627\u0644\u0632\u062c\u0627\u062c\u0629.<\/li>\n<li>\u062a\u0639\u0642\u064a\u0645 \u0627\u0644\u0632\u062c\u0627\u062c\u0627\u062a \u0648\u0627\u0644\u062d\u0644\u0645\u0627\u062a \u0648\u063a\u064a\u0631\u0647\u0627 \u0645\u0646 \u0627\u0644\u0645\u0644\u062d\u0642\u0627\u062a.<\/li>\n<li>\u0635\u0628 \u0627\u0644\u0643\u0645\u064a\u0629 \u0627\u0644\u0645\u0637\u0644\u0648\u0628\u0629 \u0645\u0646 \u0627\u0644\u0645\u0627\u0621 \u0641\u064a \u0627\u0644\u0632\u062c\u0627\u062c\u0629 (\u0645\u0627\u0621 \u0645\u0639\u062f\u0646\u064a \u0623\u0648 \u0645\u0627\u0621 \u0645\u063a\u0644\u064a \u0645\u0628\u0631\u062f).<\/li>\n<li>\u0623\u0636\u0641 \u0627\u0644\u0643\u0645\u064a\u0629 \u0627\u0644\u0645\u0648\u0635\u0649 \u0628\u0647\u0627 \u0645\u0646 \u0627\u0644\u0645\u0633\u062d\u0648\u0642 \u0648\u0641\u0642\u064b\u0627 \u0644\u0644\u062a\u0639\u0644\u064a\u0645\u0627\u062a \u0627\u0644\u0645\u0648\u062c\u0648\u062f\u0629 \u0639\u0644\u0649 \u0627\u0644\u0639\u0628\u0648\u0629 (\u0645\u063a\u0631\u0641\u0629 \u0648\u0627\u062d\u062f\u0629 \u0644\u0643\u0644 30 \u0645\u0644 \u0645\u0646 \u0627\u0644\u0645\u0627\u0621).<\/li>\n<li>\u0623\u063a\u0644\u0642 \u0627\u0644\u0632\u062c\u0627\u062c\u0629 \u0648\u0631\u062c\u0647\u0627 \u0628\u0642\u0648\u0629 \u0644\u064a\u0630\u0648\u0628 \u0627\u0644\u0645\u0633\u062d\u0648\u0642.<\/li>\n<li>\u062a\u062d\u0643\u0645 \u0641\u064a \u062f\u0631\u062c\u0629 \u0627\u0644\u062d\u0631\u0627\u0631\u0629 \u0639\u0646 \u0637\u0631\u064a\u0642 \u0633\u0643\u0628 \u0628\u0636\u0639 \u0642\u0637\u0631\u0627\u062a \u0639\u0644\u0649 \u0627\u0644\u062c\u0632\u0621 \u0627\u0644\u062f\u0627\u062e\u0644\u064a \u0645\u0646 \u0645\u0639\u0635\u0645\u0643.<\/li>\n<li>\u0623\u0639\u0637 \u0637\u0641\u0644\u0643 \u0627\u0644\u0632\u062c\u0627\u062c\u0629 \u0639\u0644\u0649 \u0627\u0644\u0641\u0648\u0631.<\/li>\n<\/ol>\n<h4>\u0627\u062d\u062a\u064a\u0627\u0637\u0627\u062a \u0627\u0644\u0627\u0633\u062a\u062e\u062f\u0627\u0645:<\/h4>\n<ul>\n<li>\u064a\u062c\u0628 \u0627\u0633\u062a\u062e\u062f\u0627\u0645 \u0647\u0630\u0627 \u0627\u0644\u062d\u0644\u064a\u0628 \u0627\u0644\u0645\u062c\u0641\u0641 \u0641\u0642\u0637 \u0628\u0645\u0648\u062c\u0628 \u0646\u0635\u064a\u062d\u0629 \u0637\u0628\u064a\u0629\u060c \u062e\u0627\u0635\u0629 \u0644\u0644\u0631\u0636\u0639 \u0627\u0644\u0630\u064a\u0646 \u064a\u0639\u0627\u0646\u0648\u0646 \u0645\u0646 \u0627\u0644\u062d\u0633\u0627\u0633\u064a\u0629 \u0627\u0644\u063a\u0630\u0627\u0626\u064a\u0629.<\/li>\n<li>\u062a\u062d\u0636\u064a\u0631 \u0627\u0644\u0632\u062c\u0627\u062c\u0629 \u0642\u0628\u0644 \u0627\u0644\u0648\u062c\u0628\u0629 \u0645\u0628\u0627\u0634\u0631\u0629. \u0644\u0627 \u062a\u0642\u0645 \u0623\u0628\u062f\u064b\u0627 \u0628\u062a\u062e\u0632\u064a\u0646 \u0632\u062c\u0627\u062c\u0629 \u063a\u064a\u0631 \u0645\u0643\u062a\u0645\u0644\u0629.<\/li>\n<li>\u0627\u062d\u062a\u0631\u0645 \u0628\u062f\u0642\u0629 \u0627\u0644\u062c\u0631\u0639\u0627\u062a \u0644\u062a\u062c\u0646\u0628 \u0627\u0644\u0625\u0641\u0631\u0627\u0637 \u0641\u064a \u0627\u0644\u062a\u063a\u0630\u064a\u0629 \u0623\u0648 \u0646\u0642\u0635 \u0627\u0644\u062a\u063a\u0630\u064a\u0629.<\/li>\n<li>\u0642\u0645 \u0628\u062a\u062e\u0632\u064a\u0646 \u0627\u0644\u0639\u0644\u0628\u0629 \u0645\u063a\u0644\u0642\u0629 \u0628\u0625\u062d\u0643\u0627\u0645 \u0641\u064a \u0645\u0643\u0627\u0646 \u062c\u0627\u0641\u060c \u0628\u0639\u064a\u062f\u0627\u064b \u0639\u0646 \u0627\u0644\u062d\u0631\u0627\u0631\u0629\u060c \u0648\u0627\u0633\u062a\u062e\u062f\u0645\u0647\u0627 \u062e\u0644\u0627\u0644 \u0634\u0647\u0631 \u0648\u0627\u062d\u062f \u0628\u0639\u062f \u0627\u0644\u0641\u062a\u062d.<\/li>\n<li>\u0644\u0627 \u062a\u0639\u0637\u064a \u0637\u0641\u0644\u0643 \u0627\u0644\u062d\u0644\u064a\u0628 \u0627\u0644\u0630\u064a \u062a\u0645 \u062a\u062d\u0636\u064a\u0631\u0647 \u0642\u0628\u0644 \u0623\u0643\u062b\u0631 \u0645\u0646 \u0633\u0627\u0639\u0629.<\/li>\n<\/ul>","protected":false},"excerpt":{"rendered":"<p>Le lait en poudre Bl\u00e9dina Nursie 1er \u00c2ge est con\u00e7u pour r\u00e9pondre aux besoins nutritionnels des nourrissons d\u00e8s la naissance<\/p>","protected":false},"featured_media":25981,"comment_status":"open","ping_status":"closed","template":"","meta":[],"pwb-brand":[1222],"product_brand":[],"product_cat":[1060,274,1062],"product_tag":[],"class_list":{"0":"post-23213","1":"product","2":"type-product","3":"status-publish","4":"has-post-thumbnail","6":"pwb-brand-bledina-nursie","7":"product_cat-alimentation-produits-bebes","8":"product_cat-bebe-et-famille","9":"product_cat-laits-infantiles","11":"first","12":"instock","13":"shipping-taxable","14":"purchasable","15":"product-type-simple"},"yoast_head":"<!-- This site is optimized with the Yoast SEO plugin v27.1.1 - https:\/\/yoast.com\/product\/yoast-seo-wordpress\/ -->\n<title>Bl\u00e9dina - Nursie - Lait en poudre 2\u00e8me \u00e2ge 6 \u00e0 12 mois - 400 g - NIRIGS<\/title>\n<meta name=\"robots\" content=\"index, follow, max-snippet:-1, max-image-preview:large, max-video-preview:-1\" \/>\n<link rel=\"canonical\" href=\"https:\/\/nirigs.com\/ar\/product\/bledina-nursie-lait-en-poudre-2eme-age-6-a-12-mois-400-g\/\" \/>\n<meta property=\"og:locale\" content=\"ar_AR\" \/>\n<meta property=\"og:type\" content=\"article\" \/>\n<meta property=\"og:title\" content=\"Bl\u00e9dina - Nursie - Lait en poudre 2\u00e8me \u00e2ge 6 \u00e0 12 mois - 400 g - NIRIGS\" \/>\n<meta property=\"og:description\" content=\"Le lait en poudre Bl\u00e9dina Nursie 1er \u00c2ge est con\u00e7u pour r\u00e9pondre aux besoins nutritionnels des nourrissons d\u00e8s la naissance\" \/>\n<meta property=\"og:url\" content=\"https:\/\/nirigs.com\/ar\/product\/bledina-nursie-lait-en-poudre-2eme-age-6-a-12-mois-400-g\/\" \/>\n<meta property=\"og:site_name\" content=\"NIRIGS\" \/>\n<meta property=\"article:modified_time\" content=\"2025-03-13T08:14:28+00:00\" \/>\n<meta property=\"og:image\" content=\"https:\/\/nirigs.com\/wp-content\/uploads\/2024\/10\/Bledina-Nursie-Lait-en-poudre-2eme-age-6-a-12-mois-400-g.jpg\" \/>\n\t<meta property=\"og:image:width\" content=\"1000\" \/>\n\t<meta property=\"og:image:height\" content=\"1000\" \/>\n\t<meta property=\"og:image:type\" content=\"image\/jpeg\" \/>\n<meta name=\"twitter:card\" content=\"summary_large_image\" \/>\n<meta name=\"twitter:label1\" content=\"\u0648\u0642\u062a \u0627\u0644\u0642\u0631\u0627\u0621\u0629 \u0627\u0644\u0645\u064f\u0642\u062f\u0651\u0631\" \/>\n\t<meta name=\"twitter:data1\" content=\"\u062f\u0642\u064a\u0642\u062a\u0627\u0646\" \/>\n<script type=\"application\/ld+json\" class=\"yoast-schema-graph\">{\"@context\":\"https:\/\/schema.org\",\"@graph\":[{\"@type\":\"WebPage\",\"@id\":\"https:\/\/nirigs.com\/product\/bledina-nursie-lait-en-poudre-2eme-age-6-a-12-mois-400-g\/\",\"url\":\"https:\/\/nirigs.com\/product\/bledina-nursie-lait-en-poudre-2eme-age-6-a-12-mois-400-g\/\",\"name\":\"Bl\u00e9dina - Nursie - Lait en poudre 2\u00e8me \u00e2ge 6 \u00e0 12 mois - 400 g - NIRIGS\",\"isPartOf\":{\"@id\":\"https:\/\/nirigs.com\/#website\"},\"primaryImageOfPage\":{\"@id\":\"https:\/\/nirigs.com\/product\/bledina-nursie-lait-en-poudre-2eme-age-6-a-12-mois-400-g\/#primaryimage\"},\"image\":{\"@id\":\"https:\/\/nirigs.com\/product\/bledina-nursie-lait-en-poudre-2eme-age-6-a-12-mois-400-g\/#primaryimage\"},\"thumbnailUrl\":\"https:\/\/nirigs.com\/wp-content\/uploads\/2024\/10\/Bledina-Nursie-Lait-en-poudre-2eme-age-6-a-12-mois-400-g.jpg\",\"datePublished\":\"2024-10-06T15:00:41+00:00\",\"dateModified\":\"2025-03-13T08:14:28+00:00\",\"breadcrumb\":{\"@id\":\"https:\/\/nirigs.com\/product\/bledina-nursie-lait-en-poudre-2eme-age-6-a-12-mois-400-g\/#breadcrumb\"},\"inLanguage\":\"ar\",\"potentialAction\":[{\"@type\":\"ReadAction\",\"target\":[\"https:\/\/nirigs.com\/product\/bledina-nursie-lait-en-poudre-2eme-age-6-a-12-mois-400-g\/\"]}]},{\"@type\":\"ImageObject\",\"inLanguage\":\"ar\",\"@id\":\"https:\/\/nirigs.com\/product\/bledina-nursie-lait-en-poudre-2eme-age-6-a-12-mois-400-g\/#primaryimage\",\"url\":\"https:\/\/nirigs.com\/wp-content\/uploads\/2024\/10\/Bledina-Nursie-Lait-en-poudre-2eme-age-6-a-12-mois-400-g.jpg\",\"contentUrl\":\"https:\/\/nirigs.com\/wp-content\/uploads\/2024\/10\/Bledina-Nursie-Lait-en-poudre-2eme-age-6-a-12-mois-400-g.jpg\",\"width\":1000,\"height\":1000},{\"@type\":\"BreadcrumbList\",\"@id\":\"https:\/\/nirigs.com\/product\/bledina-nursie-lait-en-poudre-2eme-age-6-a-12-mois-400-g\/#breadcrumb\",\"itemListElement\":[{\"@type\":\"ListItem\",\"position\":1,\"name\":\"Home\",\"item\":\"https:\/\/nirigs.com\/\"},{\"@type\":\"ListItem\",\"position\":2,\"name\":\"Parcourir\",\"item\":\"https:\/\/nirigs.com\/boutique\/\"},{\"@type\":\"ListItem\",\"position\":3,\"name\":\"Bl\u00e9dina &#8211; Nursie &#8211; Lait en poudre 2\u00e8me \u00e2ge 6 \u00e0 12 mois &#8211; 400 g\"}]},{\"@type\":\"WebSite\",\"@id\":\"https:\/\/nirigs.com\/#website\",\"url\":\"https:\/\/nirigs.com\/\",\"name\":\"Nirigs.com\",\"description\":\"Simplifiez vos achats du quotidien \u00e0 Djibouti\",\"publisher\":{\"@id\":\"https:\/\/nirigs.com\/#organization\"},\"potentialAction\":[{\"@type\":\"SearchAction\",\"target\":{\"@type\":\"EntryPoint\",\"urlTemplate\":\"https:\/\/nirigs.com\/?s={search_term_string}\"},\"query-input\":{\"@type\":\"PropertyValueSpecification\",\"valueRequired\":true,\"valueName\":\"search_term_string\"}}],\"inLanguage\":\"ar\"},{\"@type\":\"Organization\",\"@id\":\"https:\/\/nirigs.com\/#organization\",\"name\":\"Nirigs\",\"url\":\"https:\/\/nirigs.com\/\",\"logo\":{\"@type\":\"ImageObject\",\"inLanguage\":\"ar\",\"@id\":\"https:\/\/nirigs.com\/#\/schema\/logo\/image\/\",\"url\":\"https:\/\/nirigs.com\/wp-content\/uploads\/2025\/04\/Design-sans-titre-27.png\",\"contentUrl\":\"https:\/\/nirigs.com\/wp-content\/uploads\/2025\/04\/Design-sans-titre-27.png\",\"width\":500,\"height\":500,\"caption\":\"Nirigs\"},\"image\":{\"@id\":\"https:\/\/nirigs.com\/#\/schema\/logo\/image\/\"}}]}<\/script>\n<!-- \/ Yoast SEO plugin. -->","yoast_head_json":{"title":"Bl\u00e9dina - Nursie - Lait en poudre 2\u00e8me \u00e2ge 6 \u00e0 12 mois - 400 g - NIRIGS","robots":{"index":"index","follow":"follow","max-snippet":"max-snippet:-1","max-image-preview":"max-image-preview:large","max-video-preview":"max-video-preview:-1"},"canonical":"https:\/\/nirigs.com\/ar\/product\/bledina-nursie-lait-en-poudre-2eme-age-6-a-12-mois-400-g\/","og_locale":"ar_AR","og_type":"article","og_title":"Bl\u00e9dina - Nursie - Lait en poudre 2\u00e8me \u00e2ge 6 \u00e0 12 mois - 400 g - NIRIGS","og_description":"Le lait en poudre Bl\u00e9dina Nursie 1er \u00c2ge est con\u00e7u pour r\u00e9pondre aux besoins nutritionnels des nourrissons d\u00e8s la naissance","og_url":"https:\/\/nirigs.com\/ar\/product\/bledina-nursie-lait-en-poudre-2eme-age-6-a-12-mois-400-g\/","og_site_name":"NIRIGS","article_modified_time":"2025-03-13T08:14:28+00:00","og_image":[{"width":1000,"height":1000,"url":"https:\/\/nirigs.com\/wp-content\/uploads\/2024\/10\/Bledina-Nursie-Lait-en-poudre-2eme-age-6-a-12-mois-400-g.jpg","type":"image\/jpeg"}],"twitter_card":"summary_large_image","twitter_misc":{"\u0648\u0642\u062a \u0627\u0644\u0642\u0631\u0627\u0621\u0629 \u0627\u0644\u0645\u064f\u0642\u062f\u0651\u0631":"\u062f\u0642\u064a\u0642\u062a\u0627\u0646"},"schema":{"@context":"https:\/\/schema.org","@graph":[{"@type":"WebPage","@id":"https:\/\/nirigs.com\/product\/bledina-nursie-lait-en-poudre-2eme-age-6-a-12-mois-400-g\/","url":"https:\/\/nirigs.com\/product\/bledina-nursie-lait-en-poudre-2eme-age-6-a-12-mois-400-g\/","name":"Bl\u00e9dina - Nursie - Lait en poudre 2\u00e8me \u00e2ge 6 \u00e0 12 mois - 400 g - NIRIGS","isPartOf":{"@id":"https:\/\/nirigs.com\/#website"},"primaryImageOfPage":{"@id":"https:\/\/nirigs.com\/product\/bledina-nursie-lait-en-poudre-2eme-age-6-a-12-mois-400-g\/#primaryimage"},"image":{"@id":"https:\/\/nirigs.com\/product\/bledina-nursie-lait-en-poudre-2eme-age-6-a-12-mois-400-g\/#primaryimage"},"thumbnailUrl":"https:\/\/nirigs.com\/wp-content\/uploads\/2024\/10\/Bledina-Nursie-Lait-en-poudre-2eme-age-6-a-12-mois-400-g.jpg","datePublished":"2024-10-06T15:00:41+00:00","dateModified":"2025-03-13T08:14:28+00:00","breadcrumb":{"@id":"https:\/\/nirigs.com\/product\/bledina-nursie-lait-en-poudre-2eme-age-6-a-12-mois-400-g\/#breadcrumb"},"inLanguage":"ar","potentialAction":[{"@type":"ReadAction","target":["https:\/\/nirigs.com\/product\/bledina-nursie-lait-en-poudre-2eme-age-6-a-12-mois-400-g\/"]}]},{"@type":"ImageObject","inLanguage":"ar","@id":"https:\/\/nirigs.com\/product\/bledina-nursie-lait-en-poudre-2eme-age-6-a-12-mois-400-g\/#primaryimage","url":"https:\/\/nirigs.com\/wp-content\/uploads\/2024\/10\/Bledina-Nursie-Lait-en-poudre-2eme-age-6-a-12-mois-400-g.jpg","contentUrl":"https:\/\/nirigs.com\/wp-content\/uploads\/2024\/10\/Bledina-Nursie-Lait-en-poudre-2eme-age-6-a-12-mois-400-g.jpg","width":1000,"height":1000},{"@type":"BreadcrumbList","@id":"https:\/\/nirigs.com\/product\/bledina-nursie-lait-en-poudre-2eme-age-6-a-12-mois-400-g\/#breadcrumb","itemListElement":[{"@type":"ListItem","position":1,"name":"Home","item":"https:\/\/nirigs.com\/"},{"@type":"ListItem","position":2,"name":"Parcourir","item":"https:\/\/nirigs.com\/boutique\/"},{"@type":"ListItem","position":3,"name":"Bl\u00e9dina &#8211; Nursie &#8211; Lait en poudre 2\u00e8me \u00e2ge 6 \u00e0 12 mois &#8211; 400 g"}]},{"@type":"WebSite","@id":"https:\/\/nirigs.com\/#website","url":"https:\/\/nirigs.com\/","name":"Nirigs.com","description":"Simplifiez vos achats du quotidien \u00e0 Djibouti","publisher":{"@id":"https:\/\/nirigs.com\/#organization"},"potentialAction":[{"@type":"SearchAction","target":{"@type":"EntryPoint","urlTemplate":"https:\/\/nirigs.com\/?s={search_term_string}"},"query-input":{"@type":"PropertyValueSpecification","valueRequired":true,"valueName":"search_term_string"}}],"inLanguage":"ar"},{"@type":"Organization","@id":"https:\/\/nirigs.com\/#organization","name":"\u0646\u064a\u0631\u064a\u062c\u0633","url":"https:\/\/nirigs.com\/","logo":{"@type":"ImageObject","inLanguage":"ar","@id":"https:\/\/nirigs.com\/#\/schema\/logo\/image\/","url":"https:\/\/nirigs.com\/wp-content\/uploads\/2025\/04\/Design-sans-titre-27.png","contentUrl":"https:\/\/nirigs.com\/wp-content\/uploads\/2025\/04\/Design-sans-titre-27.png","width":500,"height":500,"caption":"Nirigs"},"image":{"@id":"https:\/\/nirigs.com\/#\/schema\/logo\/image\/"}}]}},"brands":[{"id":1222,"name":"\u0628\u0644\u062f\u064a\u0646\u0627 - \u0646\u0648\u0631\u0633\u064a","slug":"bledina-nursie"}],"_links":{"self":[{"href":"https:\/\/nirigs.com\/ar\/wp-json\/wp\/v2\/product\/23213","targetHints":{"allow":["GET"]}}],"collection":[{"href":"https:\/\/nirigs.com\/ar\/wp-json\/wp\/v2\/product"}],"about":[{"href":"https:\/\/nirigs.com\/ar\/wp-json\/wp\/v2\/types\/product"}],"replies":[{"embeddable":true,"href":"https:\/\/nirigs.com\/ar\/wp-json\/wp\/v2\/comments?post=23213"}],"version-history":[{"count":3,"href":"https:\/\/nirigs.com\/ar\/wp-json\/wp\/v2\/product\/23213\/revisions"}],"predecessor-version":[{"id":25984,"href":"https:\/\/nirigs.com\/ar\/wp-json\/wp\/v2\/product\/23213\/revisions\/25984"}],"wp:featuredmedia":[{"embeddable":true,"href":"https:\/\/nirigs.com\/ar\/wp-json\/wp\/v2\/media\/25981"}],"wp:attachment":[{"href":"https:\/\/nirigs.com\/ar\/wp-json\/wp\/v2\/media?parent=23213"}],"wp:term":[{"taxonomy":"pwb-brand","embeddable":true,"href":"https:\/\/nirigs.com\/ar\/wp-json\/wp\/v2\/pwb-brand?post=23213"},{"taxonomy":"product_brand","embeddable":true,"href":"https:\/\/nirigs.com\/ar\/wp-json\/wp\/v2\/product_brand?post=23213"},{"taxonomy":"product_cat","embeddable":true,"href":"https:\/\/nirigs.com\/ar\/wp-json\/wp\/v2\/product_cat?post=23213"},{"taxonomy":"product_tag","embeddable":true,"href":"https:\/\/nirigs.com\/ar\/wp-json\/wp\/v2\/product_tag?post=23213"}],"curies":[{"name":"wp","href":"https:\/\/api.w.org\/{rel}","templated":true}]}}