{"id":23212,"date":"2024-10-06T18:00:41","date_gmt":"2024-10-06T15:00:41","guid":{"rendered":"https:\/\/nirigs.com\/produit\/bledina-bledilait-croissance-lait-en-poudre-1-a-3-ans-400-g\/"},"modified":"2025-03-13T11:14:00","modified_gmt":"2025-03-13T08:14:00","slug":"bledina-bledilait-croissance-lait-en-poudre-1-a-3-ans-400-g","status":"publish","type":"product","link":"https:\/\/nirigs.com\/ar\/product\/bledina-bledilait-croissance-lait-en-poudre-1-a-3-ans-400-g\/","title":{"rendered":"\u0628\u0644\u064a\u062f\u064a\u0646\u0627 \u2013 \u0646\u0645\u0648 \u0628\u0644\u064a\u062f\u064a\u0644\u064a\u062a \u2013 \u062d\u0644\u064a\u0628 \u0645\u062c\u0641\u0641 \u0645\u0646 1 \u0625\u0644\u0649 3 \u0633\u0646\u0648\u0627\u062a \u2013 400 \u062c\u0631\u0627\u0645"},"content":{"rendered":"<p>Bl\u00e9dilait Croissance est un lait infantile en poudre sp\u00e9cialement con\u00e7u pour r\u00e9pondre aux besoins nutritionnels des tout-petits de 1 \u00e0 3 ans. Formul\u00e9 par Bl\u00e9dina, il est enrichi en vitamines, min\u00e9raux, et nutriments essentiels pour accompagner votre enfant dans sa phase de croissance tout en contribuant \u00e0 un bon d\u00e9veloppement physique et intellectuel. Facile \u00e0 dig\u00e9rer, il apporte les nutriments n\u00e9cessaires pour renforcer les d\u00e9fenses immunitaires, favoriser une bonne croissance osseuse et cognitive.<\/p>\n<h4>\u0645\u0643\u0648\u0646\u0627\u062a :<\/h4>\n<p>Lait \u00e9cr\u00e9m\u00e9, lactos\u00e9rum d\u00e9min\u00e9ralis\u00e9, huiles v\u00e9g\u00e9tales (tournesol, colza), maltodextrin, lactose, min\u00e9raux (calcium, magn\u00e9sium, zinc, etc.), vitamines (A, D, E, K, C, etc, DHA (Omega 3), l\u00e9cithine de soja, ar\u00f4mes naturels.<\/p>\n<h4>\u0641\u0648\u0627\u0626\u062f :<\/h4>\n<ul>\n<li>Renforcement immunitaire : Enrichi en fer, zinc et vitamines A, C, et D, essentiels pour le syst\u00e8me immunitaire de l\u2019enfant.<\/li>\n<li>D\u00e9veloppement osseux : Source de calcium et de vitamine D pour favoriser la croissance et le d\u00e9veloppement sain des os.<\/li>\n<li>D\u00e9veloppement c\u00e9r\u00e9bral : Contient du DHA, un acide gras om\u00e9ga 3, reconnu pour soutenir le bon d\u00e9veloppement c\u00e9r\u00e9bral.<\/li>\n<li>Digestion facilit\u00e9e : Formul\u00e9 pour une meilleure tol\u00e9rance digestive chez les enfants en bas \u00e2ge.<\/li>\n<li>Pratique : Facile \u00e0 pr\u00e9parer et adapt\u00e9 aux besoins sp\u00e9cifiques des enfants en pleine croissance.<\/li>\n<\/ul>\n<h4>\u062a\u0639\u0644\u064a\u0645\u0627\u062a :<\/h4>\n<ol>\n<li>Nettoyez et st\u00e9rilisez soigneusement le biberon et la t\u00e9tine avant usage.<\/li>\n<li>Faites bouillir de l&rsquo;eau et laissez-la refroidir \u00e0 environ 40\u00b0C.<\/li>\n<li>Versez la quantit\u00e9 d&rsquo;eau recommand\u00e9e dans le biberon.<\/li>\n<li>Ajoutez le nombre de dosettes de poudre indiqu\u00e9 selon les recommandations (1 dosette = 30 ml d&rsquo;eau).<\/li>\n<li>Fermez le biberon et secouez-le jusqu&rsquo;\u00e0 obtenir un m\u00e9lange homog\u00e8ne.<\/li>\n<li>V\u00e9rifiez la temp\u00e9rature du lait avant de le donner \u00e0 votre enfant (environ 37\u00b0C).<\/li>\n<\/ol>\n<h4>\u0627\u062d\u062a\u064a\u0627\u0637\u0627\u062a:<\/h4>\n<ul>\n<li>Ne pas utiliser de lait rest\u00e9 \u00e0 temp\u00e9rature ambiante plus d&rsquo;une heure.<\/li>\n<li>Ne pas r\u00e9chauffer au micro-ondes (risque de br\u00fblure).<\/li>\n<li>Conservez la bo\u00eete bien ferm\u00e9e dans un endroit sec et frais, et consommez dans les 4 semaines apr\u00e8s ouverture.<\/li>\n<li>Ce produit ne doit pas \u00eatre utilis\u00e9 comme substitut du lait maternel pendant les 12 premiers mois.<\/li>\n<li>Respecter les doses indiqu\u00e9es pour \u00e9viter tout risque de suralimentation.<\/li>\n<\/ul>","protected":false},"excerpt":{"rendered":"<p>Bl\u00e9dilait Croissance est un lait infantile en poudre sp\u00e9cialement con\u00e7u pour r\u00e9pondre aux besoins nutritionnels des tout-petits de 1 \u00e0<\/p>","protected":false},"featured_media":25986,"comment_status":"open","ping_status":"closed","template":"","meta":[],"pwb-brand":[1223],"product_brand":[],"product_cat":[1060,274,1062],"product_tag":[],"class_list":{"0":"post-23212","1":"product","2":"type-product","3":"status-publish","4":"has-post-thumbnail","6":"pwb-brand-bledina-bledilait","7":"product_cat-alimentation-produits-bebes","8":"product_cat-bebe-et-famille","9":"product_cat-laits-infantiles","11":"first","12":"instock","13":"shipping-taxable","14":"purchasable","15":"product-type-simple"},"yoast_head":"<!-- This site is optimized with the Yoast SEO plugin v27.1.1 - https:\/\/yoast.com\/product\/yoast-seo-wordpress\/ -->\n<title>Bl\u00e9dina - Bl\u00e9dilait croissance - Lait en poudre 1 \u00e0 3 ans - 400 g - NIRIGS<\/title>\n<meta name=\"robots\" content=\"index, follow, max-snippet:-1, max-image-preview:large, max-video-preview:-1\" \/>\n<link rel=\"canonical\" href=\"https:\/\/nirigs.com\/ar\/product\/bledina-bledilait-croissance-lait-en-poudre-1-a-3-ans-400-g\/\" \/>\n<meta property=\"og:locale\" content=\"ar_AR\" \/>\n<meta property=\"og:type\" content=\"article\" \/>\n<meta property=\"og:title\" content=\"Bl\u00e9dina - Bl\u00e9dilait croissance - Lait en poudre 1 \u00e0 3 ans - 400 g - NIRIGS\" \/>\n<meta property=\"og:description\" content=\"Bl\u00e9dilait Croissance est un lait infantile en poudre sp\u00e9cialement con\u00e7u pour r\u00e9pondre aux besoins nutritionnels des tout-petits de 1 \u00e0\" \/>\n<meta property=\"og:url\" content=\"https:\/\/nirigs.com\/ar\/product\/bledina-bledilait-croissance-lait-en-poudre-1-a-3-ans-400-g\/\" \/>\n<meta property=\"og:site_name\" content=\"NIRIGS\" \/>\n<meta property=\"article:modified_time\" content=\"2025-03-13T08:14:00+00:00\" \/>\n<meta property=\"og:image\" content=\"https:\/\/nirigs.com\/wp-content\/uploads\/2024\/10\/Bledina-Bledilait-croissance-Lait-en-poudre-1-a-3-ans-400-g.jpg\" \/>\n\t<meta property=\"og:image:width\" content=\"1000\" \/>\n\t<meta property=\"og:image:height\" content=\"1000\" \/>\n\t<meta property=\"og:image:type\" content=\"image\/jpeg\" \/>\n<meta name=\"twitter:card\" content=\"summary_large_image\" \/>\n<meta name=\"twitter:label1\" content=\"\u0648\u0642\u062a \u0627\u0644\u0642\u0631\u0627\u0621\u0629 \u0627\u0644\u0645\u064f\u0642\u062f\u0651\u0631\" \/>\n\t<meta name=\"twitter:data1\" content=\"\u062f\u0642\u064a\u0642\u062a\u0627\u0646\" \/>\n<script type=\"application\/ld+json\" class=\"yoast-schema-graph\">{\"@context\":\"https:\/\/schema.org\",\"@graph\":[{\"@type\":\"WebPage\",\"@id\":\"https:\/\/nirigs.com\/product\/bledina-bledilait-croissance-lait-en-poudre-1-a-3-ans-400-g\/\",\"url\":\"https:\/\/nirigs.com\/product\/bledina-bledilait-croissance-lait-en-poudre-1-a-3-ans-400-g\/\",\"name\":\"Bl\u00e9dina - Bl\u00e9dilait croissance - Lait en poudre 1 \u00e0 3 ans - 400 g - NIRIGS\",\"isPartOf\":{\"@id\":\"https:\/\/nirigs.com\/#website\"},\"primaryImageOfPage\":{\"@id\":\"https:\/\/nirigs.com\/product\/bledina-bledilait-croissance-lait-en-poudre-1-a-3-ans-400-g\/#primaryimage\"},\"image\":{\"@id\":\"https:\/\/nirigs.com\/product\/bledina-bledilait-croissance-lait-en-poudre-1-a-3-ans-400-g\/#primaryimage\"},\"thumbnailUrl\":\"https:\/\/nirigs.com\/wp-content\/uploads\/2024\/10\/Bledina-Bledilait-croissance-Lait-en-poudre-1-a-3-ans-400-g.jpg\",\"datePublished\":\"2024-10-06T15:00:41+00:00\",\"dateModified\":\"2025-03-13T08:14:00+00:00\",\"breadcrumb\":{\"@id\":\"https:\/\/nirigs.com\/product\/bledina-bledilait-croissance-lait-en-poudre-1-a-3-ans-400-g\/#breadcrumb\"},\"inLanguage\":\"ar\",\"potentialAction\":[{\"@type\":\"ReadAction\",\"target\":[\"https:\/\/nirigs.com\/product\/bledina-bledilait-croissance-lait-en-poudre-1-a-3-ans-400-g\/\"]}]},{\"@type\":\"ImageObject\",\"inLanguage\":\"ar\",\"@id\":\"https:\/\/nirigs.com\/product\/bledina-bledilait-croissance-lait-en-poudre-1-a-3-ans-400-g\/#primaryimage\",\"url\":\"https:\/\/nirigs.com\/wp-content\/uploads\/2024\/10\/Bledina-Bledilait-croissance-Lait-en-poudre-1-a-3-ans-400-g.jpg\",\"contentUrl\":\"https:\/\/nirigs.com\/wp-content\/uploads\/2024\/10\/Bledina-Bledilait-croissance-Lait-en-poudre-1-a-3-ans-400-g.jpg\",\"width\":1000,\"height\":1000},{\"@type\":\"BreadcrumbList\",\"@id\":\"https:\/\/nirigs.com\/product\/bledina-bledilait-croissance-lait-en-poudre-1-a-3-ans-400-g\/#breadcrumb\",\"itemListElement\":[{\"@type\":\"ListItem\",\"position\":1,\"name\":\"Home\",\"item\":\"https:\/\/nirigs.com\/\"},{\"@type\":\"ListItem\",\"position\":2,\"name\":\"Parcourir\",\"item\":\"https:\/\/nirigs.com\/boutique\/\"},{\"@type\":\"ListItem\",\"position\":3,\"name\":\"Bl\u00e9dina &#8211; Bl\u00e9dilait croissance &#8211; Lait en poudre 1 \u00e0 3 ans &#8211; 400 g\"}]},{\"@type\":\"WebSite\",\"@id\":\"https:\/\/nirigs.com\/#website\",\"url\":\"https:\/\/nirigs.com\/\",\"name\":\"Nirigs.com\",\"description\":\"Simplifiez vos achats du quotidien \u00e0 Djibouti\",\"publisher\":{\"@id\":\"https:\/\/nirigs.com\/#organization\"},\"potentialAction\":[{\"@type\":\"SearchAction\",\"target\":{\"@type\":\"EntryPoint\",\"urlTemplate\":\"https:\/\/nirigs.com\/?s={search_term_string}\"},\"query-input\":{\"@type\":\"PropertyValueSpecification\",\"valueRequired\":true,\"valueName\":\"search_term_string\"}}],\"inLanguage\":\"ar\"},{\"@type\":\"Organization\",\"@id\":\"https:\/\/nirigs.com\/#organization\",\"name\":\"Nirigs\",\"url\":\"https:\/\/nirigs.com\/\",\"logo\":{\"@type\":\"ImageObject\",\"inLanguage\":\"ar\",\"@id\":\"https:\/\/nirigs.com\/#\/schema\/logo\/image\/\",\"url\":\"https:\/\/nirigs.com\/wp-content\/uploads\/2025\/04\/Design-sans-titre-27.png\",\"contentUrl\":\"https:\/\/nirigs.com\/wp-content\/uploads\/2025\/04\/Design-sans-titre-27.png\",\"width\":500,\"height\":500,\"caption\":\"Nirigs\"},\"image\":{\"@id\":\"https:\/\/nirigs.com\/#\/schema\/logo\/image\/\"}}]}<\/script>\n<!-- \/ Yoast SEO plugin. -->","yoast_head_json":{"title":"Bl\u00e9dina - Bl\u00e9dilait croissance - Lait en poudre 1 \u00e0 3 ans - 400 g - NIRIGS","robots":{"index":"index","follow":"follow","max-snippet":"max-snippet:-1","max-image-preview":"max-image-preview:large","max-video-preview":"max-video-preview:-1"},"canonical":"https:\/\/nirigs.com\/ar\/product\/bledina-bledilait-croissance-lait-en-poudre-1-a-3-ans-400-g\/","og_locale":"ar_AR","og_type":"article","og_title":"Bl\u00e9dina - Bl\u00e9dilait croissance - Lait en poudre 1 \u00e0 3 ans - 400 g - NIRIGS","og_description":"Bl\u00e9dilait Croissance est un lait infantile en poudre sp\u00e9cialement con\u00e7u pour r\u00e9pondre aux besoins nutritionnels des tout-petits de 1 \u00e0","og_url":"https:\/\/nirigs.com\/ar\/product\/bledina-bledilait-croissance-lait-en-poudre-1-a-3-ans-400-g\/","og_site_name":"NIRIGS","article_modified_time":"2025-03-13T08:14:00+00:00","og_image":[{"width":1000,"height":1000,"url":"https:\/\/nirigs.com\/wp-content\/uploads\/2024\/10\/Bledina-Bledilait-croissance-Lait-en-poudre-1-a-3-ans-400-g.jpg","type":"image\/jpeg"}],"twitter_card":"summary_large_image","twitter_misc":{"\u0648\u0642\u062a \u0627\u0644\u0642\u0631\u0627\u0621\u0629 \u0627\u0644\u0645\u064f\u0642\u062f\u0651\u0631":"\u062f\u0642\u064a\u0642\u062a\u0627\u0646"},"schema":{"@context":"https:\/\/schema.org","@graph":[{"@type":"WebPage","@id":"https:\/\/nirigs.com\/product\/bledina-bledilait-croissance-lait-en-poudre-1-a-3-ans-400-g\/","url":"https:\/\/nirigs.com\/product\/bledina-bledilait-croissance-lait-en-poudre-1-a-3-ans-400-g\/","name":"Bl\u00e9dina - Bl\u00e9dilait croissance - Lait en poudre 1 \u00e0 3 ans - 400 g - NIRIGS","isPartOf":{"@id":"https:\/\/nirigs.com\/#website"},"primaryImageOfPage":{"@id":"https:\/\/nirigs.com\/product\/bledina-bledilait-croissance-lait-en-poudre-1-a-3-ans-400-g\/#primaryimage"},"image":{"@id":"https:\/\/nirigs.com\/product\/bledina-bledilait-croissance-lait-en-poudre-1-a-3-ans-400-g\/#primaryimage"},"thumbnailUrl":"https:\/\/nirigs.com\/wp-content\/uploads\/2024\/10\/Bledina-Bledilait-croissance-Lait-en-poudre-1-a-3-ans-400-g.jpg","datePublished":"2024-10-06T15:00:41+00:00","dateModified":"2025-03-13T08:14:00+00:00","breadcrumb":{"@id":"https:\/\/nirigs.com\/product\/bledina-bledilait-croissance-lait-en-poudre-1-a-3-ans-400-g\/#breadcrumb"},"inLanguage":"ar","potentialAction":[{"@type":"ReadAction","target":["https:\/\/nirigs.com\/product\/bledina-bledilait-croissance-lait-en-poudre-1-a-3-ans-400-g\/"]}]},{"@type":"ImageObject","inLanguage":"ar","@id":"https:\/\/nirigs.com\/product\/bledina-bledilait-croissance-lait-en-poudre-1-a-3-ans-400-g\/#primaryimage","url":"https:\/\/nirigs.com\/wp-content\/uploads\/2024\/10\/Bledina-Bledilait-croissance-Lait-en-poudre-1-a-3-ans-400-g.jpg","contentUrl":"https:\/\/nirigs.com\/wp-content\/uploads\/2024\/10\/Bledina-Bledilait-croissance-Lait-en-poudre-1-a-3-ans-400-g.jpg","width":1000,"height":1000},{"@type":"BreadcrumbList","@id":"https:\/\/nirigs.com\/product\/bledina-bledilait-croissance-lait-en-poudre-1-a-3-ans-400-g\/#breadcrumb","itemListElement":[{"@type":"ListItem","position":1,"name":"Home","item":"https:\/\/nirigs.com\/"},{"@type":"ListItem","position":2,"name":"Parcourir","item":"https:\/\/nirigs.com\/boutique\/"},{"@type":"ListItem","position":3,"name":"Bl\u00e9dina &#8211; Bl\u00e9dilait croissance &#8211; Lait en poudre 1 \u00e0 3 ans &#8211; 400 g"}]},{"@type":"WebSite","@id":"https:\/\/nirigs.com\/#website","url":"https:\/\/nirigs.com\/","name":"Nirigs.com","description":"Simplifiez vos achats du quotidien \u00e0 Djibouti","publisher":{"@id":"https:\/\/nirigs.com\/#organization"},"potentialAction":[{"@type":"SearchAction","target":{"@type":"EntryPoint","urlTemplate":"https:\/\/nirigs.com\/?s={search_term_string}"},"query-input":{"@type":"PropertyValueSpecification","valueRequired":true,"valueName":"search_term_string"}}],"inLanguage":"ar"},{"@type":"Organization","@id":"https:\/\/nirigs.com\/#organization","name":"\u0646\u064a\u0631\u064a\u062c\u0633","url":"https:\/\/nirigs.com\/","logo":{"@type":"ImageObject","inLanguage":"ar","@id":"https:\/\/nirigs.com\/#\/schema\/logo\/image\/","url":"https:\/\/nirigs.com\/wp-content\/uploads\/2025\/04\/Design-sans-titre-27.png","contentUrl":"https:\/\/nirigs.com\/wp-content\/uploads\/2025\/04\/Design-sans-titre-27.png","width":500,"height":500,"caption":"Nirigs"},"image":{"@id":"https:\/\/nirigs.com\/#\/schema\/logo\/image\/"}}]}},"brands":[{"id":1223,"name":"Bl\u00e9dina - Bl\u00e9dilait","slug":"bledina-bledilait"}],"_links":{"self":[{"href":"https:\/\/nirigs.com\/ar\/wp-json\/wp\/v2\/product\/23212","targetHints":{"allow":["GET"]}}],"collection":[{"href":"https:\/\/nirigs.com\/ar\/wp-json\/wp\/v2\/product"}],"about":[{"href":"https:\/\/nirigs.com\/ar\/wp-json\/wp\/v2\/types\/product"}],"replies":[{"embeddable":true,"href":"https:\/\/nirigs.com\/ar\/wp-json\/wp\/v2\/comments?post=23212"}],"version-history":[{"count":2,"href":"https:\/\/nirigs.com\/ar\/wp-json\/wp\/v2\/product\/23212\/revisions"}],"predecessor-version":[{"id":25988,"href":"https:\/\/nirigs.com\/ar\/wp-json\/wp\/v2\/product\/23212\/revisions\/25988"}],"wp:featuredmedia":[{"embeddable":true,"href":"https:\/\/nirigs.com\/ar\/wp-json\/wp\/v2\/media\/25986"}],"wp:attachment":[{"href":"https:\/\/nirigs.com\/ar\/wp-json\/wp\/v2\/media?parent=23212"}],"wp:term":[{"taxonomy":"pwb-brand","embeddable":true,"href":"https:\/\/nirigs.com\/ar\/wp-json\/wp\/v2\/pwb-brand?post=23212"},{"taxonomy":"product_brand","embeddable":true,"href":"https:\/\/nirigs.com\/ar\/wp-json\/wp\/v2\/product_brand?post=23212"},{"taxonomy":"product_cat","embeddable":true,"href":"https:\/\/nirigs.com\/ar\/wp-json\/wp\/v2\/product_cat?post=23212"},{"taxonomy":"product_tag","embeddable":true,"href":"https:\/\/nirigs.com\/ar\/wp-json\/wp\/v2\/product_tag?post=23212"}],"curies":[{"name":"wp","href":"https:\/\/api.w.org\/{rel}","templated":true}]}}