{"id":23196,"date":"2024-10-06T18:00:35","date_gmt":"2024-10-06T15:00:35","guid":{"rendered":"https:\/\/nirigs.com\/produit\/casino-les-doodingues-ptits-granules-cacaotes-7-vitamines-400-g\/"},"modified":"2025-03-13T11:21:46","modified_gmt":"2025-03-13T08:21:46","slug":"casino-les-doodingues-ptits-granules-cacaotes-7-vitamines-400-g","status":"publish","type":"product","link":"https:\/\/nirigs.com\/ar\/product\/casino-les-doodingues-ptits-granules-cacaotes-7-vitamines-400-g\/","title":{"rendered":"\u0643\u0627\u0632\u064a\u0646\u0648 \u2013 Les Doodingues \u2013 \u062d\u0628\u064a\u0628\u0627\u062a \u0627\u0644\u0643\u0627\u0643\u0627\u0648 P\u2019tits 7 \u0641\u064a\u062a\u0627\u0645\u064a\u0646\u0627\u062a \u2013 400 \u062c\u0631\u0627\u0645"},"content":{"rendered":"<p>Les Doodingues P&rsquo;tits granul\u00e9s cacaot\u00e9s 7 vitamines sont une d\u00e9licieuse sp\u00e9cialit\u00e9 de cacao con\u00e7ue pour les enfants et toute la famille. Ces petites billes croquantes \u00e0 base de cacao sont enrichies en 7 vitamines essentielles, pour accompagner vos matins et go\u00fbters de fa\u00e7on savoureuse tout en apportant un compl\u00e9ment nutritionnel. Id\u00e9ales avec du lait chaud ou froid, elles peuvent \u00e9galement \u00eatre consomm\u00e9es seules comme encas.<\/p>\n<h4>\u0645\u0643\u0648\u0646\u0627\u062a :<\/h4>\n<p>Farine de bl\u00e9, sucre, cacao maigre en poudre (2,5%), sirop de glucose, huile de colza, carbonate de calcium, sel, emulsifiant : l\u00e9cithine de soja, ar\u00f4me naturel de vanille, vitamines : C, B1, B2, B3, B5, B6, B9.<\/p>\n<h4>\u0641\u0648\u0627\u0626\u062f :<\/h4>\n<ol>\n<li>Enrichi en 7 vitamines : Contribue \u00e0 combler les besoins quotidiens en vitamines essentielles (C, B1, B2, B3, B5, B6, B9).<\/li>\n<li>Go\u00fbt d\u00e9licieux et croustillant : Parfait pour agr\u00e9menter les petits-d\u00e9jeuners ou les go\u00fbters.<\/li>\n<li>Polyvalent : Peut \u00eatre consomm\u00e9 avec du lait, du yaourt ou seul.<\/li>\n<li>Source de fibres et faible en mati\u00e8res grasses.<\/li>\n<li>Facile \u00e0 doser : Conditionn\u00e9 dans un format de 400 g pour plusieurs portions.<\/li>\n<\/ol>\n<h4>\u062a\u0639\u0644\u064a\u0645\u0627\u062a :<\/h4>\n<ul>\n<li>Petit-d\u00e9jeuner : Ajoutez 30 \u00e0 40 g de granul\u00e9s dans un bol de lait chaud ou froid.<\/li>\n<li>Go\u00fbter : Consommez les granul\u00e9s tels quels ou ajoutez-les \u00e0 un yaourt nature ou aux fruits.<\/li>\n<li>Encas : \u00c0 grignoter directement comme friandise l\u00e9g\u00e8re et gourmande.<\/li>\n<\/ul>\n<hr \/>\n<h4>\u0627\u062d\u062a\u064a\u0627\u0637\u0627\u062a:<\/h4>\n<ul>\n<li>Conservation : \u00c0 conserver dans un endroit frais et sec, \u00e0 l&rsquo;abri de l&rsquo;humidit\u00e9.<\/li>\n<li>Allerg\u00e8nes : Contient du bl\u00e9 (gluten) et de la l\u00e9cithine de soja.<\/li>\n<li>Attention : Ne pas laisser \u00e0 la port\u00e9e des jeunes enfants sans surveillance en raison du risque d\u2019\u00e9touffement.<\/li>\n<\/ul>","protected":false},"excerpt":{"rendered":"<p>Les Doodingues P&rsquo;tits granul\u00e9s cacaot\u00e9s 7 vitamines sont une d\u00e9licieuse sp\u00e9cialit\u00e9 de cacao con\u00e7ue pour les enfants et toute la<\/p>","protected":false},"featured_media":26033,"comment_status":"open","ping_status":"closed","template":"","meta":[],"pwb-brand":[],"product_brand":[],"product_cat":[929,938,939,275],"product_tag":[],"class_list":{"0":"post-23196","1":"product","2":"type-product","3":"status-publish","4":"has-post-thumbnail","6":"product_cat-cafe-the-et-boissons","7":"product_cat-chocolat-chaud-et-boissons-a-base-de-malt","8":"product_cat-chocolat-en-poudre","9":"product_cat-epicerie","11":"first","12":"instock","13":"shipping-taxable","14":"purchasable","15":"product-type-simple"},"yoast_head":"<!-- This site is optimized with the Yoast SEO plugin v27.1.1 - https:\/\/yoast.com\/product\/yoast-seo-wordpress\/ -->\n<title>Casino - Les Doodingues - P&#039;tits granul\u00e9s cacaot\u00e9s 7 vitamines - 400 g - NIRIGS<\/title>\n<meta name=\"robots\" content=\"index, follow, max-snippet:-1, max-image-preview:large, max-video-preview:-1\" \/>\n<link rel=\"canonical\" href=\"https:\/\/nirigs.com\/ar\/product\/casino-les-doodingues-ptits-granules-cacaotes-7-vitamines-400-g\/\" \/>\n<meta property=\"og:locale\" content=\"ar_AR\" \/>\n<meta property=\"og:type\" content=\"article\" \/>\n<meta property=\"og:title\" content=\"Casino - Les Doodingues - P&#039;tits granul\u00e9s cacaot\u00e9s 7 vitamines - 400 g - NIRIGS\" \/>\n<meta property=\"og:description\" content=\"Les Doodingues P&rsquo;tits granul\u00e9s cacaot\u00e9s 7 vitamines sont une d\u00e9licieuse sp\u00e9cialit\u00e9 de cacao con\u00e7ue pour les enfants et toute la\" \/>\n<meta property=\"og:url\" content=\"https:\/\/nirigs.com\/ar\/product\/casino-les-doodingues-ptits-granules-cacaotes-7-vitamines-400-g\/\" \/>\n<meta property=\"og:site_name\" content=\"NIRIGS\" \/>\n<meta property=\"article:modified_time\" content=\"2025-03-13T08:21:46+00:00\" \/>\n<meta property=\"og:image\" content=\"https:\/\/nirigs.com\/wp-content\/uploads\/2024\/10\/Casino-Les-Doodingues-Ptits-granules-cacaotes-7-vitamines-400-g.jpg\" \/>\n\t<meta property=\"og:image:width\" content=\"1000\" \/>\n\t<meta property=\"og:image:height\" content=\"1000\" \/>\n\t<meta property=\"og:image:type\" content=\"image\/jpeg\" \/>\n<meta name=\"twitter:card\" content=\"summary_large_image\" \/>\n<meta name=\"twitter:label1\" content=\"\u0648\u0642\u062a \u0627\u0644\u0642\u0631\u0627\u0621\u0629 \u0627\u0644\u0645\u064f\u0642\u062f\u0651\u0631\" \/>\n\t<meta name=\"twitter:data1\" content=\"\u062f\u0642\u064a\u0642\u0629 \u0648\u0627\u062d\u062f\u0629\" \/>\n<script type=\"application\/ld+json\" class=\"yoast-schema-graph\">{\"@context\":\"https:\/\/schema.org\",\"@graph\":[{\"@type\":\"WebPage\",\"@id\":\"https:\/\/nirigs.com\/product\/casino-les-doodingues-ptits-granules-cacaotes-7-vitamines-400-g\/\",\"url\":\"https:\/\/nirigs.com\/product\/casino-les-doodingues-ptits-granules-cacaotes-7-vitamines-400-g\/\",\"name\":\"Casino - Les Doodingues - P'tits granul\u00e9s cacaot\u00e9s 7 vitamines - 400 g - NIRIGS\",\"isPartOf\":{\"@id\":\"https:\/\/nirigs.com\/#website\"},\"primaryImageOfPage\":{\"@id\":\"https:\/\/nirigs.com\/product\/casino-les-doodingues-ptits-granules-cacaotes-7-vitamines-400-g\/#primaryimage\"},\"image\":{\"@id\":\"https:\/\/nirigs.com\/product\/casino-les-doodingues-ptits-granules-cacaotes-7-vitamines-400-g\/#primaryimage\"},\"thumbnailUrl\":\"https:\/\/nirigs.com\/wp-content\/uploads\/2024\/10\/Casino-Les-Doodingues-Ptits-granules-cacaotes-7-vitamines-400-g.jpg\",\"datePublished\":\"2024-10-06T15:00:35+00:00\",\"dateModified\":\"2025-03-13T08:21:46+00:00\",\"breadcrumb\":{\"@id\":\"https:\/\/nirigs.com\/product\/casino-les-doodingues-ptits-granules-cacaotes-7-vitamines-400-g\/#breadcrumb\"},\"inLanguage\":\"ar\",\"potentialAction\":[{\"@type\":\"ReadAction\",\"target\":[\"https:\/\/nirigs.com\/product\/casino-les-doodingues-ptits-granules-cacaotes-7-vitamines-400-g\/\"]}]},{\"@type\":\"ImageObject\",\"inLanguage\":\"ar\",\"@id\":\"https:\/\/nirigs.com\/product\/casino-les-doodingues-ptits-granules-cacaotes-7-vitamines-400-g\/#primaryimage\",\"url\":\"https:\/\/nirigs.com\/wp-content\/uploads\/2024\/10\/Casino-Les-Doodingues-Ptits-granules-cacaotes-7-vitamines-400-g.jpg\",\"contentUrl\":\"https:\/\/nirigs.com\/wp-content\/uploads\/2024\/10\/Casino-Les-Doodingues-Ptits-granules-cacaotes-7-vitamines-400-g.jpg\",\"width\":1000,\"height\":1000},{\"@type\":\"BreadcrumbList\",\"@id\":\"https:\/\/nirigs.com\/product\/casino-les-doodingues-ptits-granules-cacaotes-7-vitamines-400-g\/#breadcrumb\",\"itemListElement\":[{\"@type\":\"ListItem\",\"position\":1,\"name\":\"Home\",\"item\":\"https:\/\/nirigs.com\/\"},{\"@type\":\"ListItem\",\"position\":2,\"name\":\"Parcourir\",\"item\":\"https:\/\/nirigs.com\/boutique\/\"},{\"@type\":\"ListItem\",\"position\":3,\"name\":\"Casino &#8211; Les Doodingues &#8211; P&rsquo;tits granul\u00e9s cacaot\u00e9s 7 vitamines &#8211; 400 g\"}]},{\"@type\":\"WebSite\",\"@id\":\"https:\/\/nirigs.com\/#website\",\"url\":\"https:\/\/nirigs.com\/\",\"name\":\"Nirigs.com\",\"description\":\"Simplifiez vos achats du quotidien \u00e0 Djibouti\",\"publisher\":{\"@id\":\"https:\/\/nirigs.com\/#organization\"},\"potentialAction\":[{\"@type\":\"SearchAction\",\"target\":{\"@type\":\"EntryPoint\",\"urlTemplate\":\"https:\/\/nirigs.com\/?s={search_term_string}\"},\"query-input\":{\"@type\":\"PropertyValueSpecification\",\"valueRequired\":true,\"valueName\":\"search_term_string\"}}],\"inLanguage\":\"ar\"},{\"@type\":\"Organization\",\"@id\":\"https:\/\/nirigs.com\/#organization\",\"name\":\"Nirigs\",\"url\":\"https:\/\/nirigs.com\/\",\"logo\":{\"@type\":\"ImageObject\",\"inLanguage\":\"ar\",\"@id\":\"https:\/\/nirigs.com\/#\/schema\/logo\/image\/\",\"url\":\"https:\/\/nirigs.com\/wp-content\/uploads\/2025\/04\/Design-sans-titre-27.png\",\"contentUrl\":\"https:\/\/nirigs.com\/wp-content\/uploads\/2025\/04\/Design-sans-titre-27.png\",\"width\":500,\"height\":500,\"caption\":\"Nirigs\"},\"image\":{\"@id\":\"https:\/\/nirigs.com\/#\/schema\/logo\/image\/\"}}]}<\/script>\n<!-- \/ Yoast SEO plugin. -->","yoast_head_json":{"title":"Casino - Les Doodingues - P'tits granul\u00e9s cacaot\u00e9s 7 vitamines - 400 g - NIRIGS","robots":{"index":"index","follow":"follow","max-snippet":"max-snippet:-1","max-image-preview":"max-image-preview:large","max-video-preview":"max-video-preview:-1"},"canonical":"https:\/\/nirigs.com\/ar\/product\/casino-les-doodingues-ptits-granules-cacaotes-7-vitamines-400-g\/","og_locale":"ar_AR","og_type":"article","og_title":"Casino - Les Doodingues - P'tits granul\u00e9s cacaot\u00e9s 7 vitamines - 400 g - NIRIGS","og_description":"Les Doodingues P&rsquo;tits granul\u00e9s cacaot\u00e9s 7 vitamines sont une d\u00e9licieuse sp\u00e9cialit\u00e9 de cacao con\u00e7ue pour les enfants et toute la","og_url":"https:\/\/nirigs.com\/ar\/product\/casino-les-doodingues-ptits-granules-cacaotes-7-vitamines-400-g\/","og_site_name":"NIRIGS","article_modified_time":"2025-03-13T08:21:46+00:00","og_image":[{"width":1000,"height":1000,"url":"https:\/\/nirigs.com\/wp-content\/uploads\/2024\/10\/Casino-Les-Doodingues-Ptits-granules-cacaotes-7-vitamines-400-g.jpg","type":"image\/jpeg"}],"twitter_card":"summary_large_image","twitter_misc":{"\u0648\u0642\u062a \u0627\u0644\u0642\u0631\u0627\u0621\u0629 \u0627\u0644\u0645\u064f\u0642\u062f\u0651\u0631":"\u062f\u0642\u064a\u0642\u0629 \u0648\u0627\u062d\u062f\u0629"},"schema":{"@context":"https:\/\/schema.org","@graph":[{"@type":"WebPage","@id":"https:\/\/nirigs.com\/product\/casino-les-doodingues-ptits-granules-cacaotes-7-vitamines-400-g\/","url":"https:\/\/nirigs.com\/product\/casino-les-doodingues-ptits-granules-cacaotes-7-vitamines-400-g\/","name":"Casino - Les Doodingues - P'tits granul\u00e9s cacaot\u00e9s 7 vitamines - 400 g - NIRIGS","isPartOf":{"@id":"https:\/\/nirigs.com\/#website"},"primaryImageOfPage":{"@id":"https:\/\/nirigs.com\/product\/casino-les-doodingues-ptits-granules-cacaotes-7-vitamines-400-g\/#primaryimage"},"image":{"@id":"https:\/\/nirigs.com\/product\/casino-les-doodingues-ptits-granules-cacaotes-7-vitamines-400-g\/#primaryimage"},"thumbnailUrl":"https:\/\/nirigs.com\/wp-content\/uploads\/2024\/10\/Casino-Les-Doodingues-Ptits-granules-cacaotes-7-vitamines-400-g.jpg","datePublished":"2024-10-06T15:00:35+00:00","dateModified":"2025-03-13T08:21:46+00:00","breadcrumb":{"@id":"https:\/\/nirigs.com\/product\/casino-les-doodingues-ptits-granules-cacaotes-7-vitamines-400-g\/#breadcrumb"},"inLanguage":"ar","potentialAction":[{"@type":"ReadAction","target":["https:\/\/nirigs.com\/product\/casino-les-doodingues-ptits-granules-cacaotes-7-vitamines-400-g\/"]}]},{"@type":"ImageObject","inLanguage":"ar","@id":"https:\/\/nirigs.com\/product\/casino-les-doodingues-ptits-granules-cacaotes-7-vitamines-400-g\/#primaryimage","url":"https:\/\/nirigs.com\/wp-content\/uploads\/2024\/10\/Casino-Les-Doodingues-Ptits-granules-cacaotes-7-vitamines-400-g.jpg","contentUrl":"https:\/\/nirigs.com\/wp-content\/uploads\/2024\/10\/Casino-Les-Doodingues-Ptits-granules-cacaotes-7-vitamines-400-g.jpg","width":1000,"height":1000},{"@type":"BreadcrumbList","@id":"https:\/\/nirigs.com\/product\/casino-les-doodingues-ptits-granules-cacaotes-7-vitamines-400-g\/#breadcrumb","itemListElement":[{"@type":"ListItem","position":1,"name":"Home","item":"https:\/\/nirigs.com\/"},{"@type":"ListItem","position":2,"name":"Parcourir","item":"https:\/\/nirigs.com\/boutique\/"},{"@type":"ListItem","position":3,"name":"Casino &#8211; Les Doodingues &#8211; P&rsquo;tits granul\u00e9s cacaot\u00e9s 7 vitamines &#8211; 400 g"}]},{"@type":"WebSite","@id":"https:\/\/nirigs.com\/#website","url":"https:\/\/nirigs.com\/","name":"Nirigs.com","description":"Simplifiez vos achats du quotidien \u00e0 Djibouti","publisher":{"@id":"https:\/\/nirigs.com\/#organization"},"potentialAction":[{"@type":"SearchAction","target":{"@type":"EntryPoint","urlTemplate":"https:\/\/nirigs.com\/?s={search_term_string}"},"query-input":{"@type":"PropertyValueSpecification","valueRequired":true,"valueName":"search_term_string"}}],"inLanguage":"ar"},{"@type":"Organization","@id":"https:\/\/nirigs.com\/#organization","name":"\u0646\u064a\u0631\u064a\u062c\u0633","url":"https:\/\/nirigs.com\/","logo":{"@type":"ImageObject","inLanguage":"ar","@id":"https:\/\/nirigs.com\/#\/schema\/logo\/image\/","url":"https:\/\/nirigs.com\/wp-content\/uploads\/2025\/04\/Design-sans-titre-27.png","contentUrl":"https:\/\/nirigs.com\/wp-content\/uploads\/2025\/04\/Design-sans-titre-27.png","width":500,"height":500,"caption":"Nirigs"},"image":{"@id":"https:\/\/nirigs.com\/#\/schema\/logo\/image\/"}}]}},"brands":[],"_links":{"self":[{"href":"https:\/\/nirigs.com\/ar\/wp-json\/wp\/v2\/product\/23196","targetHints":{"allow":["GET"]}}],"collection":[{"href":"https:\/\/nirigs.com\/ar\/wp-json\/wp\/v2\/product"}],"about":[{"href":"https:\/\/nirigs.com\/ar\/wp-json\/wp\/v2\/types\/product"}],"replies":[{"embeddable":true,"href":"https:\/\/nirigs.com\/ar\/wp-json\/wp\/v2\/comments?post=23196"}],"version-history":[{"count":3,"href":"https:\/\/nirigs.com\/ar\/wp-json\/wp\/v2\/product\/23196\/revisions"}],"predecessor-version":[{"id":24407,"href":"https:\/\/nirigs.com\/ar\/wp-json\/wp\/v2\/product\/23196\/revisions\/24407"}],"wp:featuredmedia":[{"embeddable":true,"href":"https:\/\/nirigs.com\/ar\/wp-json\/wp\/v2\/media\/26033"}],"wp:attachment":[{"href":"https:\/\/nirigs.com\/ar\/wp-json\/wp\/v2\/media?parent=23196"}],"wp:term":[{"taxonomy":"pwb-brand","embeddable":true,"href":"https:\/\/nirigs.com\/ar\/wp-json\/wp\/v2\/pwb-brand?post=23196"},{"taxonomy":"product_brand","embeddable":true,"href":"https:\/\/nirigs.com\/ar\/wp-json\/wp\/v2\/product_brand?post=23196"},{"taxonomy":"product_cat","embeddable":true,"href":"https:\/\/nirigs.com\/ar\/wp-json\/wp\/v2\/product_cat?post=23196"},{"taxonomy":"product_tag","embeddable":true,"href":"https:\/\/nirigs.com\/ar\/wp-json\/wp\/v2\/product_tag?post=23196"}],"curies":[{"name":"wp","href":"https:\/\/api.w.org\/{rel}","templated":true}]}}