{"id":23186,"date":"2024-10-06T18:00:32","date_gmt":"2024-10-06T15:00:32","guid":{"rendered":"https:\/\/nirigs.com\/produit\/beghin-say-morceaux-de-sucre-de-canne-stevia-250-g\/"},"modified":"2025-03-13T11:23:29","modified_gmt":"2025-03-13T08:23:29","slug":"beghin-say-morceaux-de-sucre-de-canne-stevia-250-g","status":"publish","type":"product","link":"https:\/\/nirigs.com\/ar\/product\/beghin-say-morceaux-de-sucre-de-canne-stevia-250-g\/","title":{"rendered":"\u0628\u064a\u062c\u064a\u0646 \u0633\u0627\u064a \u2013 \u0642\u0637\u0639 \u0645\u0646 \u0642\u0635\u0628 \u0627\u0644\u0633\u0643\u0631 \u0648\u0633\u062a\u064a\u0641\u064a\u0627 \u2013 250 \u062c\u0645"},"content":{"rendered":"<p>Les morceaux de sucre de canne et st\u00e9via de B\u00e9ghin Say sont un m\u00e9lange innovant qui combine le go\u00fbt naturel du sucre de canne avec l&rsquo;extrait de st\u00e9via, une plante \u00e9dulcorante connue pour son pouvoir sucrant \u00e9lev\u00e9. Ce produit permet de sucrer vos boissons et desserts tout en r\u00e9duisant votre consommation de sucre traditionnel gr\u00e2ce \u00e0 la st\u00e9via, qui apporte de la douceur sans les calories. Id\u00e9al pour les personnes souhaitant un \u00e9quilibre entre plaisir et contr\u00f4le de la consommation de sucre.<\/p>\n<h4>\u0645\u0643\u0648\u0646\u0627\u062a :<\/h4>\n<p>Sucre de canne (70%), extrait de st\u00e9via (glycosides de st\u00e9viol) (30%).<\/p>\n<h4>\u0641\u0648\u0627\u0626\u062f :<\/h4>\n<ul>\n<li>R\u00e9duction des calories : La pr\u00e9sence de st\u00e9via permet de sucrer sans ajouter trop de calories, parfait pour les personnes qui surveillent leur apport en sucre.<\/li>\n<li>Go\u00fbt naturel : Le sucre de canne apporte une douceur naturelle, tandis que la st\u00e9via permet de conserver la sensation sucr\u00e9e sans exc\u00e8s.<\/li>\n<li>Morceaux pratiques : Format en morceaux, id\u00e9al pour les boissons chaudes ou pour sucrer les recettes maison.<\/li>\n<li>Meilleur contr\u00f4le glyc\u00e9mique : Compar\u00e9 au sucre pur, ce m\u00e9lange aide \u00e0 mieux g\u00e9rer les pics de glyc\u00e9mie.<\/li>\n<\/ul>\n<h4>\u062a\u0639\u0644\u064a\u0645\u0627\u062a :<\/h4>\n<ol>\n<li>Ajouter le morceau dans votre boisson chaude (th\u00e9, caf\u00e9, chocolat chaud) ou sur vos desserts selon vos envies.<\/li>\n<li>Remuer pour que le sucre se dissolve correctement.<\/li>\n<\/ol>\n<h4>\u0627\u062d\u062a\u064a\u0627\u0637\u0627\u062a:<\/h4>\n<ul>\n<li>Conserver dans un endroit sec, \u00e0 l&rsquo;abri de l&rsquo;humidit\u00e9.<\/li>\n<li>Ce produit ne doit pas \u00eatre consomm\u00e9 en exc\u00e8s, car une surconsommation de st\u00e9via peut provoquer des troubles digestifs chez certaines personnes.<\/li>\n<li>\u064a\u064f\u062d\u0641\u0638 \u0628\u0639\u064a\u062f\u064b\u0627 \u0639\u0646 \u0645\u062a\u0646\u0627\u0648\u0644 \u0627\u0644\u0623\u0637\u0641\u0627\u0644.<\/li>\n<\/ul>","protected":false},"excerpt":{"rendered":"<p>Les morceaux de sucre de canne et st\u00e9via de B\u00e9ghin Say sont un m\u00e9lange innovant qui combine le go\u00fbt naturel<\/p>","protected":false},"featured_media":26076,"comment_status":"open","ping_status":"closed","template":"","meta":[],"pwb-brand":[1230],"product_brand":[],"product_cat":[275,1120,1122,1124],"product_tag":[],"class_list":{"0":"post-23186","1":"product","2":"type-product","3":"status-publish","4":"has-post-thumbnail","6":"pwb-brand-beghin-say","7":"product_cat-epicerie","8":"product_cat-ingredients-de-cuisine-et-patisserie","9":"product_cat-sirops-sucres-et-edulcorants-pour-patisserie","10":"product_cat-sucres","12":"first","13":"instock","14":"shipping-taxable","15":"purchasable","16":"product-type-simple"},"yoast_head":"<!-- This site is optimized with the Yoast SEO plugin v27.1.1 - https:\/\/yoast.com\/product\/yoast-seo-wordpress\/ -->\n<title>B\u00e9ghin Say - Morceaux de sucre de canne et st\u00e9via - 250 g - NIRIGS<\/title>\n<meta name=\"robots\" content=\"index, follow, max-snippet:-1, max-image-preview:large, max-video-preview:-1\" \/>\n<link rel=\"canonical\" href=\"https:\/\/nirigs.com\/ar\/product\/beghin-say-morceaux-de-sucre-de-canne-stevia-250-g\/\" \/>\n<meta property=\"og:locale\" content=\"ar_AR\" \/>\n<meta property=\"og:type\" content=\"article\" \/>\n<meta property=\"og:title\" content=\"B\u00e9ghin Say - Morceaux de sucre de canne et st\u00e9via - 250 g - NIRIGS\" \/>\n<meta property=\"og:description\" content=\"Les morceaux de sucre de canne et st\u00e9via de B\u00e9ghin Say sont un m\u00e9lange innovant qui combine le go\u00fbt naturel\" \/>\n<meta property=\"og:url\" content=\"https:\/\/nirigs.com\/ar\/product\/beghin-say-morceaux-de-sucre-de-canne-stevia-250-g\/\" \/>\n<meta property=\"og:site_name\" content=\"NIRIGS\" \/>\n<meta property=\"article:modified_time\" content=\"2025-03-13T08:23:29+00:00\" \/>\n<meta property=\"og:image\" content=\"https:\/\/nirigs.com\/wp-content\/uploads\/2024\/10\/Beghin-Say-Morceaux-de-sucre-de-canne-et-stevia-250-g.jpg\" \/>\n\t<meta property=\"og:image:width\" content=\"1000\" \/>\n\t<meta property=\"og:image:height\" content=\"1000\" \/>\n\t<meta property=\"og:image:type\" content=\"image\/jpeg\" \/>\n<meta name=\"twitter:card\" content=\"summary_large_image\" \/>\n<meta name=\"twitter:label1\" content=\"\u0648\u0642\u062a \u0627\u0644\u0642\u0631\u0627\u0621\u0629 \u0627\u0644\u0645\u064f\u0642\u062f\u0651\u0631\" \/>\n\t<meta name=\"twitter:data1\" content=\"\u062f\u0642\u064a\u0642\u0629 \u0648\u0627\u062d\u062f\u0629\" \/>\n<script type=\"application\/ld+json\" class=\"yoast-schema-graph\">{\"@context\":\"https:\/\/schema.org\",\"@graph\":[{\"@type\":\"WebPage\",\"@id\":\"https:\/\/nirigs.com\/ar\/product\/beghin-say-morceaux-de-sucre-de-canne-stevia-250-g\/\",\"url\":\"https:\/\/nirigs.com\/ar\/product\/beghin-say-morceaux-de-sucre-de-canne-stevia-250-g\/\",\"name\":\"B\u00e9ghin Say - Morceaux de sucre de canne et st\u00e9via - 250 g - NIRIGS\",\"isPartOf\":{\"@id\":\"https:\/\/nirigs.com\/#website\"},\"primaryImageOfPage\":{\"@id\":\"https:\/\/nirigs.com\/ar\/product\/beghin-say-morceaux-de-sucre-de-canne-stevia-250-g\/#primaryimage\"},\"image\":{\"@id\":\"https:\/\/nirigs.com\/ar\/product\/beghin-say-morceaux-de-sucre-de-canne-stevia-250-g\/#primaryimage\"},\"thumbnailUrl\":\"https:\/\/nirigs.com\/wp-content\/uploads\/2024\/10\/Beghin-Say-Morceaux-de-sucre-de-canne-et-stevia-250-g.jpg\",\"datePublished\":\"2024-10-06T15:00:32+00:00\",\"dateModified\":\"2025-03-13T08:23:29+00:00\",\"breadcrumb\":{\"@id\":\"https:\/\/nirigs.com\/ar\/product\/beghin-say-morceaux-de-sucre-de-canne-stevia-250-g\/#breadcrumb\"},\"inLanguage\":\"ar\",\"potentialAction\":[{\"@type\":\"ReadAction\",\"target\":[\"https:\/\/nirigs.com\/ar\/product\/beghin-say-morceaux-de-sucre-de-canne-stevia-250-g\/\"]}]},{\"@type\":\"ImageObject\",\"inLanguage\":\"ar\",\"@id\":\"https:\/\/nirigs.com\/ar\/product\/beghin-say-morceaux-de-sucre-de-canne-stevia-250-g\/#primaryimage\",\"url\":\"https:\/\/nirigs.com\/wp-content\/uploads\/2024\/10\/Beghin-Say-Morceaux-de-sucre-de-canne-et-stevia-250-g.jpg\",\"contentUrl\":\"https:\/\/nirigs.com\/wp-content\/uploads\/2024\/10\/Beghin-Say-Morceaux-de-sucre-de-canne-et-stevia-250-g.jpg\",\"width\":1000,\"height\":1000},{\"@type\":\"BreadcrumbList\",\"@id\":\"https:\/\/nirigs.com\/ar\/product\/beghin-say-morceaux-de-sucre-de-canne-stevia-250-g\/#breadcrumb\",\"itemListElement\":[{\"@type\":\"ListItem\",\"position\":1,\"name\":\"Home\",\"item\":\"https:\/\/nirigs.com\/\"},{\"@type\":\"ListItem\",\"position\":2,\"name\":\"Parcourir\",\"item\":\"https:\/\/nirigs.com\/boutique\/\"},{\"@type\":\"ListItem\",\"position\":3,\"name\":\"B\u00e9ghin Say &#8211; Morceaux de sucre de canne et st\u00e9via &#8211; 250 g\"}]},{\"@type\":\"WebSite\",\"@id\":\"https:\/\/nirigs.com\/#website\",\"url\":\"https:\/\/nirigs.com\/\",\"name\":\"Nirigs.com\",\"description\":\"Simplifiez vos achats du quotidien \u00e0 Djibouti\",\"publisher\":{\"@id\":\"https:\/\/nirigs.com\/#organization\"},\"potentialAction\":[{\"@type\":\"SearchAction\",\"target\":{\"@type\":\"EntryPoint\",\"urlTemplate\":\"https:\/\/nirigs.com\/?s={search_term_string}\"},\"query-input\":{\"@type\":\"PropertyValueSpecification\",\"valueRequired\":true,\"valueName\":\"search_term_string\"}}],\"inLanguage\":\"ar\"},{\"@type\":\"Organization\",\"@id\":\"https:\/\/nirigs.com\/#organization\",\"name\":\"Nirigs\",\"url\":\"https:\/\/nirigs.com\/\",\"logo\":{\"@type\":\"ImageObject\",\"inLanguage\":\"ar\",\"@id\":\"https:\/\/nirigs.com\/#\/schema\/logo\/image\/\",\"url\":\"https:\/\/nirigs.com\/wp-content\/uploads\/2025\/04\/Design-sans-titre-27.png\",\"contentUrl\":\"https:\/\/nirigs.com\/wp-content\/uploads\/2025\/04\/Design-sans-titre-27.png\",\"width\":500,\"height\":500,\"caption\":\"Nirigs\"},\"image\":{\"@id\":\"https:\/\/nirigs.com\/#\/schema\/logo\/image\/\"}}]}<\/script>\n<!-- \/ Yoast SEO plugin. -->","yoast_head_json":{"title":"B\u00e9ghin Say - Morceaux de sucre de canne et st\u00e9via - 250 g - NIRIGS","robots":{"index":"index","follow":"follow","max-snippet":"max-snippet:-1","max-image-preview":"max-image-preview:large","max-video-preview":"max-video-preview:-1"},"canonical":"https:\/\/nirigs.com\/ar\/product\/beghin-say-morceaux-de-sucre-de-canne-stevia-250-g\/","og_locale":"ar_AR","og_type":"article","og_title":"B\u00e9ghin Say - Morceaux de sucre de canne et st\u00e9via - 250 g - NIRIGS","og_description":"Les morceaux de sucre de canne et st\u00e9via de B\u00e9ghin Say sont un m\u00e9lange innovant qui combine le go\u00fbt naturel","og_url":"https:\/\/nirigs.com\/ar\/product\/beghin-say-morceaux-de-sucre-de-canne-stevia-250-g\/","og_site_name":"NIRIGS","article_modified_time":"2025-03-13T08:23:29+00:00","og_image":[{"width":1000,"height":1000,"url":"https:\/\/nirigs.com\/wp-content\/uploads\/2024\/10\/Beghin-Say-Morceaux-de-sucre-de-canne-et-stevia-250-g.jpg","type":"image\/jpeg"}],"twitter_card":"summary_large_image","twitter_misc":{"\u0648\u0642\u062a \u0627\u0644\u0642\u0631\u0627\u0621\u0629 \u0627\u0644\u0645\u064f\u0642\u062f\u0651\u0631":"\u062f\u0642\u064a\u0642\u0629 \u0648\u0627\u062d\u062f\u0629"},"schema":{"@context":"https:\/\/schema.org","@graph":[{"@type":"WebPage","@id":"https:\/\/nirigs.com\/ar\/product\/beghin-say-morceaux-de-sucre-de-canne-stevia-250-g\/","url":"https:\/\/nirigs.com\/ar\/product\/beghin-say-morceaux-de-sucre-de-canne-stevia-250-g\/","name":"B\u00e9ghin Say - Morceaux de sucre de canne et st\u00e9via - 250 g - NIRIGS","isPartOf":{"@id":"https:\/\/nirigs.com\/#website"},"primaryImageOfPage":{"@id":"https:\/\/nirigs.com\/ar\/product\/beghin-say-morceaux-de-sucre-de-canne-stevia-250-g\/#primaryimage"},"image":{"@id":"https:\/\/nirigs.com\/ar\/product\/beghin-say-morceaux-de-sucre-de-canne-stevia-250-g\/#primaryimage"},"thumbnailUrl":"https:\/\/nirigs.com\/wp-content\/uploads\/2024\/10\/Beghin-Say-Morceaux-de-sucre-de-canne-et-stevia-250-g.jpg","datePublished":"2024-10-06T15:00:32+00:00","dateModified":"2025-03-13T08:23:29+00:00","breadcrumb":{"@id":"https:\/\/nirigs.com\/ar\/product\/beghin-say-morceaux-de-sucre-de-canne-stevia-250-g\/#breadcrumb"},"inLanguage":"ar","potentialAction":[{"@type":"ReadAction","target":["https:\/\/nirigs.com\/ar\/product\/beghin-say-morceaux-de-sucre-de-canne-stevia-250-g\/"]}]},{"@type":"ImageObject","inLanguage":"ar","@id":"https:\/\/nirigs.com\/ar\/product\/beghin-say-morceaux-de-sucre-de-canne-stevia-250-g\/#primaryimage","url":"https:\/\/nirigs.com\/wp-content\/uploads\/2024\/10\/Beghin-Say-Morceaux-de-sucre-de-canne-et-stevia-250-g.jpg","contentUrl":"https:\/\/nirigs.com\/wp-content\/uploads\/2024\/10\/Beghin-Say-Morceaux-de-sucre-de-canne-et-stevia-250-g.jpg","width":1000,"height":1000},{"@type":"BreadcrumbList","@id":"https:\/\/nirigs.com\/ar\/product\/beghin-say-morceaux-de-sucre-de-canne-stevia-250-g\/#breadcrumb","itemListElement":[{"@type":"ListItem","position":1,"name":"Home","item":"https:\/\/nirigs.com\/"},{"@type":"ListItem","position":2,"name":"Parcourir","item":"https:\/\/nirigs.com\/boutique\/"},{"@type":"ListItem","position":3,"name":"B\u00e9ghin Say &#8211; Morceaux de sucre de canne et st\u00e9via &#8211; 250 g"}]},{"@type":"WebSite","@id":"https:\/\/nirigs.com\/#website","url":"https:\/\/nirigs.com\/","name":"Nirigs.com","description":"Simplifiez vos achats du quotidien \u00e0 Djibouti","publisher":{"@id":"https:\/\/nirigs.com\/#organization"},"potentialAction":[{"@type":"SearchAction","target":{"@type":"EntryPoint","urlTemplate":"https:\/\/nirigs.com\/?s={search_term_string}"},"query-input":{"@type":"PropertyValueSpecification","valueRequired":true,"valueName":"search_term_string"}}],"inLanguage":"ar"},{"@type":"Organization","@id":"https:\/\/nirigs.com\/#organization","name":"\u0646\u064a\u0631\u064a\u062c\u0633","url":"https:\/\/nirigs.com\/","logo":{"@type":"ImageObject","inLanguage":"ar","@id":"https:\/\/nirigs.com\/#\/schema\/logo\/image\/","url":"https:\/\/nirigs.com\/wp-content\/uploads\/2025\/04\/Design-sans-titre-27.png","contentUrl":"https:\/\/nirigs.com\/wp-content\/uploads\/2025\/04\/Design-sans-titre-27.png","width":500,"height":500,"caption":"Nirigs"},"image":{"@id":"https:\/\/nirigs.com\/#\/schema\/logo\/image\/"}}]}},"brands":[{"id":1230,"name":"B\u00e9ghin Say","slug":"beghin-say"}],"_links":{"self":[{"href":"https:\/\/nirigs.com\/ar\/wp-json\/wp\/v2\/product\/23186","targetHints":{"allow":["GET"]}}],"collection":[{"href":"https:\/\/nirigs.com\/ar\/wp-json\/wp\/v2\/product"}],"about":[{"href":"https:\/\/nirigs.com\/ar\/wp-json\/wp\/v2\/types\/product"}],"replies":[{"embeddable":true,"href":"https:\/\/nirigs.com\/ar\/wp-json\/wp\/v2\/comments?post=23186"}],"version-history":[{"count":4,"href":"https:\/\/nirigs.com\/ar\/wp-json\/wp\/v2\/product\/23186\/revisions"}],"predecessor-version":[{"id":26077,"href":"https:\/\/nirigs.com\/ar\/wp-json\/wp\/v2\/product\/23186\/revisions\/26077"}],"wp:featuredmedia":[{"embeddable":true,"href":"https:\/\/nirigs.com\/ar\/wp-json\/wp\/v2\/media\/26076"}],"wp:attachment":[{"href":"https:\/\/nirigs.com\/ar\/wp-json\/wp\/v2\/media?parent=23186"}],"wp:term":[{"taxonomy":"pwb-brand","embeddable":true,"href":"https:\/\/nirigs.com\/ar\/wp-json\/wp\/v2\/pwb-brand?post=23186"},{"taxonomy":"product_brand","embeddable":true,"href":"https:\/\/nirigs.com\/ar\/wp-json\/wp\/v2\/product_brand?post=23186"},{"taxonomy":"product_cat","embeddable":true,"href":"https:\/\/nirigs.com\/ar\/wp-json\/wp\/v2\/product_cat?post=23186"},{"taxonomy":"product_tag","embeddable":true,"href":"https:\/\/nirigs.com\/ar\/wp-json\/wp\/v2\/product_tag?post=23186"}],"curies":[{"name":"wp","href":"https:\/\/api.w.org\/{rel}","templated":true}]}}