{"id":23178,"date":"2024-10-06T18:00:28","date_gmt":"2024-10-06T15:00:28","guid":{"rendered":"https:\/\/nirigs.com\/produit\/euromiel-miel-de-fleurs-pot-en-verre-500-g\/"},"modified":"2025-03-13T11:56:56","modified_gmt":"2025-03-13T08:56:56","slug":"euromiel-miel-de-fleurs-pot-en-verre-500-g","status":"publish","type":"product","link":"https:\/\/nirigs.com\/ar\/product\/euromiel-miel-de-fleurs-pot-en-verre-500-g\/","title":{"rendered":"\u064a\u0648\u0631\u0648\u0645\u064a\u0644 \u2013 \u0628\u0631\u0637\u0645\u0627\u0646 \u0632\u062c\u0627\u062c\u064a \u0644\u0639\u0633\u0644 \u0627\u0644\u0632\u0647\u0648\u0631 \u2013 500 \u062c\u0645"},"content":{"rendered":"<p>Le Miel de Fleurs Euromiel est un miel naturel r\u00e9colt\u00e9 \u00e0 partir de diff\u00e9rentes fleurs sauvages, offrant une saveur douce et d\u00e9licate. Ce miel est id\u00e9al pour sucrer vos boissons, en cuisine ou en p\u00e2tisserie, et pour b\u00e9n\u00e9ficier des vertus naturelles du miel. Il est soigneusement r\u00e9colt\u00e9 et mis en pot dans un emballage en verre, garantissant une conservation optimale.<\/p>\n<h4>\u0645\u0643\u0648\u0646\u0627\u062a :<\/h4>\n<ul>\n<li>Miel de fleurs 100 % naturel.<\/li>\n<\/ul>\n<h4>\u0641\u0648\u0627\u0626\u062f :<\/h4>\n<ul>\n<li>Naturel et pur : Aucun ajout de conservateurs ni d&rsquo;agents de conservation.<\/li>\n<li>Richesse en nutriments : Source d&rsquo;antioxydants, de vitamines et de min\u00e9raux.<\/li>\n<li>Polyvalent : Parfait pour le th\u00e9, les infusions, les c\u00e9r\u00e9ales, ou m\u00eame en remplacement du sucre dans vos recettes.<\/li>\n<li>Propri\u00e9t\u00e9s apaisantes et \u00e9nergisantes : Id\u00e9al pour renforcer l&rsquo;immunit\u00e9 et apaiser la gorge.<\/li>\n<li>Emballage respectueux : Pot en verre recyclable, garantissant une conservation saine et \u00e9cologique.<\/li>\n<\/ul>\n<h4>\u062a\u0639\u0644\u064a\u0645\u0627\u062a :<\/h4>\n<ol>\n<li>Consommation directe : D\u00e9gustez \u00e0 la cuill\u00e8re, sur du pain, des cr\u00eapes, ou dans vos yaourts.<\/li>\n<li>En cuisine : Utilisez dans vos recettes de p\u00e2tisserie, dans des sauces ou pour glacer des viandes.<\/li>\n<li>Dans les boissons : M\u00e9langez \u00e0 vos infusions ou th\u00e9s pour une touche sucr\u00e9e et naturelle.<\/li>\n<\/ol>\n<h4>\u0627\u062d\u062a\u064a\u0627\u0637\u0627\u062a:<\/h4>\n<ul>\n<li>Ne pas donner aux enfants de moins de 1 an en raison du risque de botulisme infantile.<\/li>\n<li>Conservez dans un endroit frais et sec, \u00e0 l\u2019abri de la chaleur et de la lumi\u00e8re directe pour une meilleure conservation.<\/li>\n<li>Le miel peut cristalliser naturellement avec le temps, ce qui n\u2019affecte en rien sa qualit\u00e9. Pour le liqu\u00e9fier, il suffit de le chauffer doucement au bain-marie.<\/li>\n<\/ul>","protected":false},"excerpt":{"rendered":"<p>Le Miel de Fleurs Euromiel est un miel naturel r\u00e9colt\u00e9 \u00e0 partir de diff\u00e9rentes fleurs sauvages, offrant une saveur douce<\/p>","protected":false},"featured_media":26103,"comment_status":"open","ping_status":"closed","template":"","meta":[],"pwb-brand":[1234],"product_brand":[],"product_cat":[944,275,945],"product_tag":[],"class_list":{"0":"post-23178","1":"product","2":"type-product","3":"status-publish","4":"has-post-thumbnail","6":"pwb-brand-euromiel","7":"product_cat-confiture-miel-et-pate-a-tartiner","8":"product_cat-epicerie","9":"product_cat-miel-confiture-miel-et-pate-a-tartiner","11":"first","12":"instock","13":"shipping-taxable","14":"purchasable","15":"product-type-simple"},"yoast_head":"<!-- This site is optimized with the Yoast SEO plugin v27.1.1 - https:\/\/yoast.com\/product\/yoast-seo-wordpress\/ -->\n<title>Euromiel - Miel de Fleurs pot en verre - 500 g - NIRIGS<\/title>\n<meta name=\"robots\" content=\"index, follow, max-snippet:-1, max-image-preview:large, max-video-preview:-1\" \/>\n<link rel=\"canonical\" href=\"https:\/\/nirigs.com\/ar\/product\/euromiel-miel-de-fleurs-pot-en-verre-500-g\/\" \/>\n<meta property=\"og:locale\" content=\"ar_AR\" \/>\n<meta property=\"og:type\" content=\"article\" \/>\n<meta property=\"og:title\" content=\"Euromiel - Miel de Fleurs pot en verre - 500 g - NIRIGS\" \/>\n<meta property=\"og:description\" content=\"Le Miel de Fleurs Euromiel est un miel naturel r\u00e9colt\u00e9 \u00e0 partir de diff\u00e9rentes fleurs sauvages, offrant une saveur douce\" \/>\n<meta property=\"og:url\" content=\"https:\/\/nirigs.com\/ar\/product\/euromiel-miel-de-fleurs-pot-en-verre-500-g\/\" \/>\n<meta property=\"og:site_name\" content=\"NIRIGS\" \/>\n<meta property=\"article:modified_time\" content=\"2025-03-13T08:56:56+00:00\" \/>\n<meta property=\"og:image\" content=\"https:\/\/nirigs.com\/wp-content\/uploads\/2024\/10\/Euromiel-Miel-de-Fleurs-pot-en-verre-500-g.jpg\" \/>\n\t<meta property=\"og:image:width\" content=\"1000\" \/>\n\t<meta property=\"og:image:height\" content=\"1000\" \/>\n\t<meta property=\"og:image:type\" content=\"image\/jpeg\" \/>\n<meta name=\"twitter:card\" content=\"summary_large_image\" \/>\n<meta name=\"twitter:label1\" content=\"\u0648\u0642\u062a \u0627\u0644\u0642\u0631\u0627\u0621\u0629 \u0627\u0644\u0645\u064f\u0642\u062f\u0651\u0631\" \/>\n\t<meta name=\"twitter:data1\" content=\"\u062f\u0642\u064a\u0642\u0629 \u0648\u0627\u062d\u062f\u0629\" \/>\n<script type=\"application\/ld+json\" class=\"yoast-schema-graph\">{\"@context\":\"https:\/\/schema.org\",\"@graph\":[{\"@type\":\"WebPage\",\"@id\":\"https:\/\/nirigs.com\/product\/euromiel-miel-de-fleurs-pot-en-verre-500-g\/\",\"url\":\"https:\/\/nirigs.com\/product\/euromiel-miel-de-fleurs-pot-en-verre-500-g\/\",\"name\":\"Euromiel - Miel de Fleurs pot en verre - 500 g - NIRIGS\",\"isPartOf\":{\"@id\":\"https:\/\/nirigs.com\/#website\"},\"primaryImageOfPage\":{\"@id\":\"https:\/\/nirigs.com\/product\/euromiel-miel-de-fleurs-pot-en-verre-500-g\/#primaryimage\"},\"image\":{\"@id\":\"https:\/\/nirigs.com\/product\/euromiel-miel-de-fleurs-pot-en-verre-500-g\/#primaryimage\"},\"thumbnailUrl\":\"https:\/\/nirigs.com\/wp-content\/uploads\/2024\/10\/Euromiel-Miel-de-Fleurs-pot-en-verre-500-g.jpg\",\"datePublished\":\"2024-10-06T15:00:28+00:00\",\"dateModified\":\"2025-03-13T08:56:56+00:00\",\"breadcrumb\":{\"@id\":\"https:\/\/nirigs.com\/product\/euromiel-miel-de-fleurs-pot-en-verre-500-g\/#breadcrumb\"},\"inLanguage\":\"ar\",\"potentialAction\":[{\"@type\":\"ReadAction\",\"target\":[\"https:\/\/nirigs.com\/product\/euromiel-miel-de-fleurs-pot-en-verre-500-g\/\"]}]},{\"@type\":\"ImageObject\",\"inLanguage\":\"ar\",\"@id\":\"https:\/\/nirigs.com\/product\/euromiel-miel-de-fleurs-pot-en-verre-500-g\/#primaryimage\",\"url\":\"https:\/\/nirigs.com\/wp-content\/uploads\/2024\/10\/Euromiel-Miel-de-Fleurs-pot-en-verre-500-g.jpg\",\"contentUrl\":\"https:\/\/nirigs.com\/wp-content\/uploads\/2024\/10\/Euromiel-Miel-de-Fleurs-pot-en-verre-500-g.jpg\",\"width\":1000,\"height\":1000},{\"@type\":\"BreadcrumbList\",\"@id\":\"https:\/\/nirigs.com\/product\/euromiel-miel-de-fleurs-pot-en-verre-500-g\/#breadcrumb\",\"itemListElement\":[{\"@type\":\"ListItem\",\"position\":1,\"name\":\"Home\",\"item\":\"https:\/\/nirigs.com\/\"},{\"@type\":\"ListItem\",\"position\":2,\"name\":\"Parcourir\",\"item\":\"https:\/\/nirigs.com\/boutique\/\"},{\"@type\":\"ListItem\",\"position\":3,\"name\":\"Euromiel &#8211; Miel de Fleurs pot en verre &#8211; 500 g\"}]},{\"@type\":\"WebSite\",\"@id\":\"https:\/\/nirigs.com\/#website\",\"url\":\"https:\/\/nirigs.com\/\",\"name\":\"Nirigs.com\",\"description\":\"Simplifiez vos achats du quotidien \u00e0 Djibouti\",\"publisher\":{\"@id\":\"https:\/\/nirigs.com\/#organization\"},\"potentialAction\":[{\"@type\":\"SearchAction\",\"target\":{\"@type\":\"EntryPoint\",\"urlTemplate\":\"https:\/\/nirigs.com\/?s={search_term_string}\"},\"query-input\":{\"@type\":\"PropertyValueSpecification\",\"valueRequired\":true,\"valueName\":\"search_term_string\"}}],\"inLanguage\":\"ar\"},{\"@type\":\"Organization\",\"@id\":\"https:\/\/nirigs.com\/#organization\",\"name\":\"Nirigs\",\"url\":\"https:\/\/nirigs.com\/\",\"logo\":{\"@type\":\"ImageObject\",\"inLanguage\":\"ar\",\"@id\":\"https:\/\/nirigs.com\/#\/schema\/logo\/image\/\",\"url\":\"https:\/\/nirigs.com\/wp-content\/uploads\/2025\/04\/Design-sans-titre-27.png\",\"contentUrl\":\"https:\/\/nirigs.com\/wp-content\/uploads\/2025\/04\/Design-sans-titre-27.png\",\"width\":500,\"height\":500,\"caption\":\"Nirigs\"},\"image\":{\"@id\":\"https:\/\/nirigs.com\/#\/schema\/logo\/image\/\"}}]}<\/script>\n<!-- \/ Yoast SEO plugin. -->","yoast_head_json":{"title":"Euromiel - Miel de Fleurs pot en verre - 500 g - NIRIGS","robots":{"index":"index","follow":"follow","max-snippet":"max-snippet:-1","max-image-preview":"max-image-preview:large","max-video-preview":"max-video-preview:-1"},"canonical":"https:\/\/nirigs.com\/ar\/product\/euromiel-miel-de-fleurs-pot-en-verre-500-g\/","og_locale":"ar_AR","og_type":"article","og_title":"Euromiel - Miel de Fleurs pot en verre - 500 g - NIRIGS","og_description":"Le Miel de Fleurs Euromiel est un miel naturel r\u00e9colt\u00e9 \u00e0 partir de diff\u00e9rentes fleurs sauvages, offrant une saveur douce","og_url":"https:\/\/nirigs.com\/ar\/product\/euromiel-miel-de-fleurs-pot-en-verre-500-g\/","og_site_name":"NIRIGS","article_modified_time":"2025-03-13T08:56:56+00:00","og_image":[{"width":1000,"height":1000,"url":"https:\/\/nirigs.com\/wp-content\/uploads\/2024\/10\/Euromiel-Miel-de-Fleurs-pot-en-verre-500-g.jpg","type":"image\/jpeg"}],"twitter_card":"summary_large_image","twitter_misc":{"\u0648\u0642\u062a \u0627\u0644\u0642\u0631\u0627\u0621\u0629 \u0627\u0644\u0645\u064f\u0642\u062f\u0651\u0631":"\u062f\u0642\u064a\u0642\u0629 \u0648\u0627\u062d\u062f\u0629"},"schema":{"@context":"https:\/\/schema.org","@graph":[{"@type":"WebPage","@id":"https:\/\/nirigs.com\/product\/euromiel-miel-de-fleurs-pot-en-verre-500-g\/","url":"https:\/\/nirigs.com\/product\/euromiel-miel-de-fleurs-pot-en-verre-500-g\/","name":"Euromiel - Miel de Fleurs pot en verre - 500 g - NIRIGS","isPartOf":{"@id":"https:\/\/nirigs.com\/#website"},"primaryImageOfPage":{"@id":"https:\/\/nirigs.com\/product\/euromiel-miel-de-fleurs-pot-en-verre-500-g\/#primaryimage"},"image":{"@id":"https:\/\/nirigs.com\/product\/euromiel-miel-de-fleurs-pot-en-verre-500-g\/#primaryimage"},"thumbnailUrl":"https:\/\/nirigs.com\/wp-content\/uploads\/2024\/10\/Euromiel-Miel-de-Fleurs-pot-en-verre-500-g.jpg","datePublished":"2024-10-06T15:00:28+00:00","dateModified":"2025-03-13T08:56:56+00:00","breadcrumb":{"@id":"https:\/\/nirigs.com\/product\/euromiel-miel-de-fleurs-pot-en-verre-500-g\/#breadcrumb"},"inLanguage":"ar","potentialAction":[{"@type":"ReadAction","target":["https:\/\/nirigs.com\/product\/euromiel-miel-de-fleurs-pot-en-verre-500-g\/"]}]},{"@type":"ImageObject","inLanguage":"ar","@id":"https:\/\/nirigs.com\/product\/euromiel-miel-de-fleurs-pot-en-verre-500-g\/#primaryimage","url":"https:\/\/nirigs.com\/wp-content\/uploads\/2024\/10\/Euromiel-Miel-de-Fleurs-pot-en-verre-500-g.jpg","contentUrl":"https:\/\/nirigs.com\/wp-content\/uploads\/2024\/10\/Euromiel-Miel-de-Fleurs-pot-en-verre-500-g.jpg","width":1000,"height":1000},{"@type":"BreadcrumbList","@id":"https:\/\/nirigs.com\/product\/euromiel-miel-de-fleurs-pot-en-verre-500-g\/#breadcrumb","itemListElement":[{"@type":"ListItem","position":1,"name":"Home","item":"https:\/\/nirigs.com\/"},{"@type":"ListItem","position":2,"name":"Parcourir","item":"https:\/\/nirigs.com\/boutique\/"},{"@type":"ListItem","position":3,"name":"Euromiel &#8211; Miel de Fleurs pot en verre &#8211; 500 g"}]},{"@type":"WebSite","@id":"https:\/\/nirigs.com\/#website","url":"https:\/\/nirigs.com\/","name":"Nirigs.com","description":"Simplifiez vos achats du quotidien \u00e0 Djibouti","publisher":{"@id":"https:\/\/nirigs.com\/#organization"},"potentialAction":[{"@type":"SearchAction","target":{"@type":"EntryPoint","urlTemplate":"https:\/\/nirigs.com\/?s={search_term_string}"},"query-input":{"@type":"PropertyValueSpecification","valueRequired":true,"valueName":"search_term_string"}}],"inLanguage":"ar"},{"@type":"Organization","@id":"https:\/\/nirigs.com\/#organization","name":"\u0646\u064a\u0631\u064a\u062c\u0633","url":"https:\/\/nirigs.com\/","logo":{"@type":"ImageObject","inLanguage":"ar","@id":"https:\/\/nirigs.com\/#\/schema\/logo\/image\/","url":"https:\/\/nirigs.com\/wp-content\/uploads\/2025\/04\/Design-sans-titre-27.png","contentUrl":"https:\/\/nirigs.com\/wp-content\/uploads\/2025\/04\/Design-sans-titre-27.png","width":500,"height":500,"caption":"Nirigs"},"image":{"@id":"https:\/\/nirigs.com\/#\/schema\/logo\/image\/"}}]}},"brands":[{"id":1234,"name":"Euromiel","slug":"euromiel"}],"_links":{"self":[{"href":"https:\/\/nirigs.com\/ar\/wp-json\/wp\/v2\/product\/23178","targetHints":{"allow":["GET"]}}],"collection":[{"href":"https:\/\/nirigs.com\/ar\/wp-json\/wp\/v2\/product"}],"about":[{"href":"https:\/\/nirigs.com\/ar\/wp-json\/wp\/v2\/types\/product"}],"replies":[{"embeddable":true,"href":"https:\/\/nirigs.com\/ar\/wp-json\/wp\/v2\/comments?post=23178"}],"version-history":[{"count":3,"href":"https:\/\/nirigs.com\/ar\/wp-json\/wp\/v2\/product\/23178\/revisions"}],"predecessor-version":[{"id":24495,"href":"https:\/\/nirigs.com\/ar\/wp-json\/wp\/v2\/product\/23178\/revisions\/24495"}],"wp:featuredmedia":[{"embeddable":true,"href":"https:\/\/nirigs.com\/ar\/wp-json\/wp\/v2\/media\/26103"}],"wp:attachment":[{"href":"https:\/\/nirigs.com\/ar\/wp-json\/wp\/v2\/media?parent=23178"}],"wp:term":[{"taxonomy":"pwb-brand","embeddable":true,"href":"https:\/\/nirigs.com\/ar\/wp-json\/wp\/v2\/pwb-brand?post=23178"},{"taxonomy":"product_brand","embeddable":true,"href":"https:\/\/nirigs.com\/ar\/wp-json\/wp\/v2\/product_brand?post=23178"},{"taxonomy":"product_cat","embeddable":true,"href":"https:\/\/nirigs.com\/ar\/wp-json\/wp\/v2\/product_cat?post=23178"},{"taxonomy":"product_tag","embeddable":true,"href":"https:\/\/nirigs.com\/ar\/wp-json\/wp\/v2\/product_tag?post=23178"}],"curies":[{"name":"wp","href":"https:\/\/api.w.org\/{rel}","templated":true}]}}