{"id":23176,"date":"2024-10-06T18:00:27","date_gmt":"2024-10-06T15:00:27","guid":{"rendered":"https:\/\/nirigs.com\/produit\/andros-confiture-abricot-30-de-sucres-350-g\/"},"modified":"2025-03-13T11:57:24","modified_gmt":"2025-03-13T08:57:24","slug":"andros-confiture-abricot-30-de-sucres-350-g","status":"publish","type":"product","link":"https:\/\/nirigs.com\/ar\/product\/andros-confiture-abricot-30-de-sucres-350-g\/","title":{"rendered":"\u0623\u0646\u062f\u0631\u0648\u0633 \u2013 \u0645\u0631\u0628\u0649 \u0627\u0644\u0645\u0634\u0645\u0634 \u2013 30% \u0633\u0643\u0631\u064a\u0627\u062a \u2013 350 \u062c\u0645"},"content":{"rendered":"<p>La confiture d&rsquo;abricot Andros -30% de sucres est une d\u00e9licieuse pr\u00e9paration aux abricots, avec 30% de sucres en moins par rapport \u00e0 une confiture classique. Elle offre un go\u00fbt authentique et sucr\u00e9 des abricots m\u00fbrs tout en \u00e9tant plus l\u00e9g\u00e8re en sucre, id\u00e9ale pour ceux qui souhaitent surveiller leur consommation de sucre sans renoncer au plaisir.<\/p>\n<h4>\u0645\u0643\u0648\u0646\u0627\u062a :<\/h4>\n<p>\u0645\u0634\u0645\u0634\u060c \u0633\u0643\u0631\u060c \u0639\u0627\u0645\u0644 \u0627\u0644\u062a\u0628\u0644\u0648\u0631: \u0628\u0643\u062a\u064a\u0646 \u0627\u0644\u0641\u0627\u0643\u0647\u0629\u060c \u0645\u0646\u0638\u0645 \u0627\u0644\u062d\u0645\u0648\u0636\u0629: \u062d\u0627\u0645\u0636 \u0627\u0644\u0633\u062a\u0631\u064a\u0643.<\/p>\n<h4>\u0641\u0648\u0627\u0626\u062f :<\/h4>\n<ul>\n<li>R\u00e9duction de sucre : 30% de sucres en moins, pour un plaisir sucr\u00e9 plus l\u00e9ger.<\/li>\n<li>Go\u00fbt authentique : Pr\u00e9par\u00e9e avec des abricots de qualit\u00e9 pour une saveur naturellement fruit\u00e9e.<\/li>\n<li>Sans conservateurs ni colorants artificiels : Une confiture naturelle, respectant le go\u00fbt des fruits.<\/li>\n<li>Texture onctueuse : Facile \u00e0 tartiner, id\u00e9ale pour les petits d\u00e9jeuners ou les desserts.<\/li>\n<\/ul>\n<h4>\u062a\u0639\u0644\u064a\u0645\u0627\u062a :<\/h4>\n<p>Pr\u00eate \u00e0 l&#8217;emploi. \u00c0 utiliser en tartines sur du pain, des cr\u00eapes, des gaufres, ou comme ingr\u00e9dient dans des p\u00e2tisseries ou des yaourts.<\/p>\n<h4>\u0627\u062d\u062a\u064a\u0627\u0637\u0627\u062a \u0627\u0644\u0627\u0633\u062a\u062e\u062f\u0627\u0645:<\/h4>\n<ul>\n<li>\u0645\u0646 \u0627\u0644\u0623\u0641\u0636\u0644 \u0627\u0633\u062a\u0647\u0644\u0627\u0643\u0647 \u0642\u0628\u0644 \u0627\u0644\u062a\u0627\u0631\u064a\u062e \u0627\u0644\u0645\u0648\u0636\u062d \u0639\u0644\u0649 \u0627\u0644\u0639\u0628\u0648\u0629.<\/li>\n<li>Conserver dans un endroit frais et sec avant ouverture. Apr\u00e8s ouverture, conserver au r\u00e9frig\u00e9rateur et consommer dans les 10 jours.<\/li>\n<\/ul>","protected":false},"excerpt":{"rendered":"<p>La confiture d&rsquo;abricot Andros -30% de sucres est une d\u00e9licieuse pr\u00e9paration aux abricots, avec 30% de sucres en moins par<\/p>","protected":false},"featured_media":26058,"comment_status":"open","ping_status":"closed","template":"","meta":[],"pwb-brand":[1235],"product_brand":[],"product_cat":[944,275,947],"product_tag":[],"class_list":{"0":"post-23176","1":"product","2":"type-product","3":"status-publish","4":"has-post-thumbnail","6":"pwb-brand-andros","7":"product_cat-confiture-miel-et-pate-a-tartiner","8":"product_cat-epicerie","9":"product_cat-tartinables-de-fruit","11":"first","12":"instock","13":"shipping-taxable","14":"purchasable","15":"product-type-simple"},"yoast_head":"<!-- This site is optimized with the Yoast SEO plugin v27.1.1 - https:\/\/yoast.com\/product\/yoast-seo-wordpress\/ -->\n<title>Andros - Confiture abricot -30% de sucres - 350 g - NIRIGS<\/title>\n<meta name=\"robots\" content=\"index, follow, max-snippet:-1, max-image-preview:large, max-video-preview:-1\" \/>\n<link rel=\"canonical\" href=\"https:\/\/nirigs.com\/ar\/product\/andros-confiture-abricot-30-de-sucres-350-g\/\" \/>\n<meta property=\"og:locale\" content=\"ar_AR\" \/>\n<meta property=\"og:type\" content=\"article\" \/>\n<meta property=\"og:title\" content=\"Andros - Confiture abricot -30% de sucres - 350 g - NIRIGS\" \/>\n<meta property=\"og:description\" content=\"La confiture d&rsquo;abricot Andros -30% de sucres est une d\u00e9licieuse pr\u00e9paration aux abricots, avec 30% de sucres en moins par\" \/>\n<meta property=\"og:url\" content=\"https:\/\/nirigs.com\/ar\/product\/andros-confiture-abricot-30-de-sucres-350-g\/\" \/>\n<meta property=\"og:site_name\" content=\"NIRIGS\" \/>\n<meta property=\"article:modified_time\" content=\"2025-03-13T08:57:24+00:00\" \/>\n<meta property=\"og:image\" content=\"https:\/\/nirigs.com\/wp-content\/uploads\/2024\/10\/Andros-\u2013-Confiture-abricot-30-de-sucres-\u2013-350-g.jpg\" \/>\n\t<meta property=\"og:image:width\" content=\"1000\" \/>\n\t<meta property=\"og:image:height\" content=\"1000\" \/>\n\t<meta property=\"og:image:type\" content=\"image\/jpeg\" \/>\n<meta name=\"twitter:card\" content=\"summary_large_image\" \/>\n<meta name=\"twitter:label1\" content=\"\u0648\u0642\u062a \u0627\u0644\u0642\u0631\u0627\u0621\u0629 \u0627\u0644\u0645\u064f\u0642\u062f\u0651\u0631\" \/>\n\t<meta name=\"twitter:data1\" content=\"\u062f\u0642\u064a\u0642\u0629 \u0648\u0627\u062d\u062f\u0629\" \/>\n<script type=\"application\/ld+json\" class=\"yoast-schema-graph\">{\"@context\":\"https:\/\/schema.org\",\"@graph\":[{\"@type\":\"WebPage\",\"@id\":\"https:\/\/nirigs.com\/ar\/product\/andros-confiture-abricot-30-de-sucres-350-g\/\",\"url\":\"https:\/\/nirigs.com\/ar\/product\/andros-confiture-abricot-30-de-sucres-350-g\/\",\"name\":\"Andros - Confiture abricot -30% de sucres - 350 g - NIRIGS\",\"isPartOf\":{\"@id\":\"https:\/\/nirigs.com\/#website\"},\"primaryImageOfPage\":{\"@id\":\"https:\/\/nirigs.com\/ar\/product\/andros-confiture-abricot-30-de-sucres-350-g\/#primaryimage\"},\"image\":{\"@id\":\"https:\/\/nirigs.com\/ar\/product\/andros-confiture-abricot-30-de-sucres-350-g\/#primaryimage\"},\"thumbnailUrl\":\"https:\/\/nirigs.com\/wp-content\/uploads\/2024\/10\/Andros-\u2013-Confiture-abricot-30-de-sucres-\u2013-350-g.jpg\",\"datePublished\":\"2024-10-06T15:00:27+00:00\",\"dateModified\":\"2025-03-13T08:57:24+00:00\",\"breadcrumb\":{\"@id\":\"https:\/\/nirigs.com\/ar\/product\/andros-confiture-abricot-30-de-sucres-350-g\/#breadcrumb\"},\"inLanguage\":\"ar\",\"potentialAction\":[{\"@type\":\"ReadAction\",\"target\":[\"https:\/\/nirigs.com\/ar\/product\/andros-confiture-abricot-30-de-sucres-350-g\/\"]}]},{\"@type\":\"ImageObject\",\"inLanguage\":\"ar\",\"@id\":\"https:\/\/nirigs.com\/ar\/product\/andros-confiture-abricot-30-de-sucres-350-g\/#primaryimage\",\"url\":\"https:\/\/nirigs.com\/wp-content\/uploads\/2024\/10\/Andros-\u2013-Confiture-abricot-30-de-sucres-\u2013-350-g.jpg\",\"contentUrl\":\"https:\/\/nirigs.com\/wp-content\/uploads\/2024\/10\/Andros-\u2013-Confiture-abricot-30-de-sucres-\u2013-350-g.jpg\",\"width\":1000,\"height\":1000},{\"@type\":\"BreadcrumbList\",\"@id\":\"https:\/\/nirigs.com\/ar\/product\/andros-confiture-abricot-30-de-sucres-350-g\/#breadcrumb\",\"itemListElement\":[{\"@type\":\"ListItem\",\"position\":1,\"name\":\"Home\",\"item\":\"https:\/\/nirigs.com\/\"},{\"@type\":\"ListItem\",\"position\":2,\"name\":\"Parcourir\",\"item\":\"https:\/\/nirigs.com\/boutique\/\"},{\"@type\":\"ListItem\",\"position\":3,\"name\":\"Andros &#8211; Confiture abricot -30% de sucres &#8211; 350 g\"}]},{\"@type\":\"WebSite\",\"@id\":\"https:\/\/nirigs.com\/#website\",\"url\":\"https:\/\/nirigs.com\/\",\"name\":\"Nirigs.com\",\"description\":\"Simplifiez vos achats du quotidien \u00e0 Djibouti\",\"publisher\":{\"@id\":\"https:\/\/nirigs.com\/#organization\"},\"potentialAction\":[{\"@type\":\"SearchAction\",\"target\":{\"@type\":\"EntryPoint\",\"urlTemplate\":\"https:\/\/nirigs.com\/?s={search_term_string}\"},\"query-input\":{\"@type\":\"PropertyValueSpecification\",\"valueRequired\":true,\"valueName\":\"search_term_string\"}}],\"inLanguage\":\"ar\"},{\"@type\":\"Organization\",\"@id\":\"https:\/\/nirigs.com\/#organization\",\"name\":\"Nirigs\",\"url\":\"https:\/\/nirigs.com\/\",\"logo\":{\"@type\":\"ImageObject\",\"inLanguage\":\"ar\",\"@id\":\"https:\/\/nirigs.com\/#\/schema\/logo\/image\/\",\"url\":\"https:\/\/nirigs.com\/wp-content\/uploads\/2025\/04\/Design-sans-titre-27.png\",\"contentUrl\":\"https:\/\/nirigs.com\/wp-content\/uploads\/2025\/04\/Design-sans-titre-27.png\",\"width\":500,\"height\":500,\"caption\":\"Nirigs\"},\"image\":{\"@id\":\"https:\/\/nirigs.com\/#\/schema\/logo\/image\/\"}}]}<\/script>\n<!-- \/ Yoast SEO plugin. -->","yoast_head_json":{"title":"Andros - Confiture abricot -30% de sucres - 350 g - NIRIGS","robots":{"index":"index","follow":"follow","max-snippet":"max-snippet:-1","max-image-preview":"max-image-preview:large","max-video-preview":"max-video-preview:-1"},"canonical":"https:\/\/nirigs.com\/ar\/product\/andros-confiture-abricot-30-de-sucres-350-g\/","og_locale":"ar_AR","og_type":"article","og_title":"Andros - Confiture abricot -30% de sucres - 350 g - NIRIGS","og_description":"La confiture d&rsquo;abricot Andros -30% de sucres est une d\u00e9licieuse pr\u00e9paration aux abricots, avec 30% de sucres en moins par","og_url":"https:\/\/nirigs.com\/ar\/product\/andros-confiture-abricot-30-de-sucres-350-g\/","og_site_name":"NIRIGS","article_modified_time":"2025-03-13T08:57:24+00:00","og_image":[{"width":1000,"height":1000,"url":"https:\/\/nirigs.com\/wp-content\/uploads\/2024\/10\/Andros-\u2013-Confiture-abricot-30-de-sucres-\u2013-350-g.jpg","type":"image\/jpeg"}],"twitter_card":"summary_large_image","twitter_misc":{"\u0648\u0642\u062a \u0627\u0644\u0642\u0631\u0627\u0621\u0629 \u0627\u0644\u0645\u064f\u0642\u062f\u0651\u0631":"\u062f\u0642\u064a\u0642\u0629 \u0648\u0627\u062d\u062f\u0629"},"schema":{"@context":"https:\/\/schema.org","@graph":[{"@type":"WebPage","@id":"https:\/\/nirigs.com\/ar\/product\/andros-confiture-abricot-30-de-sucres-350-g\/","url":"https:\/\/nirigs.com\/ar\/product\/andros-confiture-abricot-30-de-sucres-350-g\/","name":"Andros - Confiture abricot -30% de sucres - 350 g - NIRIGS","isPartOf":{"@id":"https:\/\/nirigs.com\/#website"},"primaryImageOfPage":{"@id":"https:\/\/nirigs.com\/ar\/product\/andros-confiture-abricot-30-de-sucres-350-g\/#primaryimage"},"image":{"@id":"https:\/\/nirigs.com\/ar\/product\/andros-confiture-abricot-30-de-sucres-350-g\/#primaryimage"},"thumbnailUrl":"https:\/\/nirigs.com\/wp-content\/uploads\/2024\/10\/Andros-\u2013-Confiture-abricot-30-de-sucres-\u2013-350-g.jpg","datePublished":"2024-10-06T15:00:27+00:00","dateModified":"2025-03-13T08:57:24+00:00","breadcrumb":{"@id":"https:\/\/nirigs.com\/ar\/product\/andros-confiture-abricot-30-de-sucres-350-g\/#breadcrumb"},"inLanguage":"ar","potentialAction":[{"@type":"ReadAction","target":["https:\/\/nirigs.com\/ar\/product\/andros-confiture-abricot-30-de-sucres-350-g\/"]}]},{"@type":"ImageObject","inLanguage":"ar","@id":"https:\/\/nirigs.com\/ar\/product\/andros-confiture-abricot-30-de-sucres-350-g\/#primaryimage","url":"https:\/\/nirigs.com\/wp-content\/uploads\/2024\/10\/Andros-\u2013-Confiture-abricot-30-de-sucres-\u2013-350-g.jpg","contentUrl":"https:\/\/nirigs.com\/wp-content\/uploads\/2024\/10\/Andros-\u2013-Confiture-abricot-30-de-sucres-\u2013-350-g.jpg","width":1000,"height":1000},{"@type":"BreadcrumbList","@id":"https:\/\/nirigs.com\/ar\/product\/andros-confiture-abricot-30-de-sucres-350-g\/#breadcrumb","itemListElement":[{"@type":"ListItem","position":1,"name":"Home","item":"https:\/\/nirigs.com\/"},{"@type":"ListItem","position":2,"name":"Parcourir","item":"https:\/\/nirigs.com\/boutique\/"},{"@type":"ListItem","position":3,"name":"Andros &#8211; Confiture abricot -30% de sucres &#8211; 350 g"}]},{"@type":"WebSite","@id":"https:\/\/nirigs.com\/#website","url":"https:\/\/nirigs.com\/","name":"Nirigs.com","description":"Simplifiez vos achats du quotidien \u00e0 Djibouti","publisher":{"@id":"https:\/\/nirigs.com\/#organization"},"potentialAction":[{"@type":"SearchAction","target":{"@type":"EntryPoint","urlTemplate":"https:\/\/nirigs.com\/?s={search_term_string}"},"query-input":{"@type":"PropertyValueSpecification","valueRequired":true,"valueName":"search_term_string"}}],"inLanguage":"ar"},{"@type":"Organization","@id":"https:\/\/nirigs.com\/#organization","name":"\u0646\u064a\u0631\u064a\u062c\u0633","url":"https:\/\/nirigs.com\/","logo":{"@type":"ImageObject","inLanguage":"ar","@id":"https:\/\/nirigs.com\/#\/schema\/logo\/image\/","url":"https:\/\/nirigs.com\/wp-content\/uploads\/2025\/04\/Design-sans-titre-27.png","contentUrl":"https:\/\/nirigs.com\/wp-content\/uploads\/2025\/04\/Design-sans-titre-27.png","width":500,"height":500,"caption":"Nirigs"},"image":{"@id":"https:\/\/nirigs.com\/#\/schema\/logo\/image\/"}}]}},"brands":[{"id":1235,"name":"\u0623\u0646\u062f\u0631\u0648\u0633","slug":"andros"}],"_links":{"self":[{"href":"https:\/\/nirigs.com\/ar\/wp-json\/wp\/v2\/product\/23176","targetHints":{"allow":["GET"]}}],"collection":[{"href":"https:\/\/nirigs.com\/ar\/wp-json\/wp\/v2\/product"}],"about":[{"href":"https:\/\/nirigs.com\/ar\/wp-json\/wp\/v2\/types\/product"}],"replies":[{"embeddable":true,"href":"https:\/\/nirigs.com\/ar\/wp-json\/wp\/v2\/comments?post=23176"}],"version-history":[{"count":3,"href":"https:\/\/nirigs.com\/ar\/wp-json\/wp\/v2\/product\/23176\/revisions"}],"predecessor-version":[{"id":26059,"href":"https:\/\/nirigs.com\/ar\/wp-json\/wp\/v2\/product\/23176\/revisions\/26059"}],"wp:featuredmedia":[{"embeddable":true,"href":"https:\/\/nirigs.com\/ar\/wp-json\/wp\/v2\/media\/26058"}],"wp:attachment":[{"href":"https:\/\/nirigs.com\/ar\/wp-json\/wp\/v2\/media?parent=23176"}],"wp:term":[{"taxonomy":"pwb-brand","embeddable":true,"href":"https:\/\/nirigs.com\/ar\/wp-json\/wp\/v2\/pwb-brand?post=23176"},{"taxonomy":"product_brand","embeddable":true,"href":"https:\/\/nirigs.com\/ar\/wp-json\/wp\/v2\/product_brand?post=23176"},{"taxonomy":"product_cat","embeddable":true,"href":"https:\/\/nirigs.com\/ar\/wp-json\/wp\/v2\/product_cat?post=23176"},{"taxonomy":"product_tag","embeddable":true,"href":"https:\/\/nirigs.com\/ar\/wp-json\/wp\/v2\/product_tag?post=23176"}],"curies":[{"name":"wp","href":"https:\/\/api.w.org\/{rel}","templated":true}]}}