{"id":23172,"date":"2024-10-06T18:00:26","date_gmt":"2024-10-06T15:00:26","guid":{"rendered":"https:\/\/nirigs.com\/produit\/nutella-pate-a-tartiner-aux-noisettes-et-cacao-350-g\/"},"modified":"2025-03-13T11:59:02","modified_gmt":"2025-03-13T08:59:02","slug":"nutella-pate-a-tartiner-aux-noisettes-et-cacao-350-g","status":"publish","type":"product","link":"https:\/\/nirigs.com\/ar\/product\/nutella-pate-a-tartiner-aux-noisettes-et-cacao-350-g\/","title":{"rendered":"\u0646\u0648\u062a\u064a\u0644\u0627 \u2013 \u0643\u0631\u064a\u0645\u0629 \u0627\u0644\u0628\u0646\u062f\u0642 \u0648\u0627\u0644\u0643\u0627\u0643\u0627\u0648 \u2013 350 \u062c\u0645"},"content":{"rendered":"<p>\u0646\u0648\u062a\u064a\u0644\u0627\u060c \u0627\u0644\u0628\u0646\u062f\u0642 \u0648\u0627\u0644\u0643\u0627\u0643\u0627\u0648 \u0627\u0644\u0634\u0647\u064a\u0631\u060c \u064a\u062c\u0628 \u062a\u0646\u0627\u0648\u0644\u0647\u0627 \u0641\u064a \u0648\u062c\u0628\u0629 \u0627\u0644\u0625\u0641\u0637\u0627\u0631 \u0648\u0627\u0644\u0648\u062c\u0628\u0627\u062a \u0627\u0644\u062e\u0641\u064a\u0641\u0629. \u0628\u0641\u0636\u0644 \u0645\u0630\u0627\u0642\u0647\u0627 \u0627\u0644\u0641\u0631\u064a\u062f \u0648\u062f\u0633\u0645\u062a\u0647\u0627 \u0648\u0631\u0627\u0626\u062d\u062a\u0647\u0627 \u0627\u0644\u0644\u0630\u064a\u0630\u0629\u060c \u064a\u0645\u0643\u0646 \u062f\u0647\u0646 \u0627\u0644\u0646\u0648\u062a\u064a\u0644\u0627 \u0628\u0633\u0647\u0648\u0644\u0629 \u0639\u0644\u0649 \u0627\u0644\u062e\u0628\u0632 \u0623\u0648 \u0627\u0644\u0641\u0637\u0627\u0626\u0631 \u0623\u0648 \u0627\u0644\u0641\u0637\u0627\u0626\u0631.<\/p>\n<h4>\u0645\u0643\u0648\u0646\u0627\u062a :<\/h4>\n<p>\u0633\u0643\u0631\u061b \u0632\u064a\u062a \u0627\u0644\u0646\u062e\u064a\u0644\u060c \u0628\u0646\u062f\u0642 (13%)\u060c \u0643\u0627\u0643\u0627\u0648 \u0642\u0644\u064a\u0644 \u0627\u0644\u062f\u0633\u0645 (7.4%)\u060c \u0645\u0633\u062d\u0648\u0642 \u062d\u0644\u064a\u0628 \u0645\u0646\u0632\u0648\u0639 \u0627\u0644\u062f\u0633\u0645 (6.6%)\u060c \u0645\u0633\u062d\u0648\u0642 \u0645\u0635\u0644 \u0627\u0644\u0644\u0628\u0646\u060c \u0645\u0633\u062a\u062d\u0644\u0628: \u0644\u064a\u0633\u064a\u062b\u064a\u0646 (\u0635\u0648\u064a\u0627)\u060c \u0641\u0627\u0646\u064a\u0644\u064a\u0646 (\u0646\u0643\u0647\u0629).<\/p>\n<h4>\u0641\u0648\u0627\u0626\u062f :<\/h4>\n<ul>\n<li>\u0637\u0639\u0645 \u0644\u0627 \u064a\u0642\u0627\u0648\u0645: \u0645\u0632\u064a\u062c \u0641\u0631\u064a\u062f \u0645\u0646 \u0627\u0644\u0628\u0646\u062f\u0642 \u0648\u0627\u0644\u0643\u0627\u0643\u0627\u0648 \u064a\u0631\u0648\u0642 \u0644\u0644\u0635\u063a\u0627\u0631 \u0648\u0627\u0644\u0643\u0628\u0627\u0631 \u0639\u0644\u0649 \u062d\u062f \u0633\u0648\u0627\u0621.<\/li>\n<li>\u0642\u0648\u0627\u0645 \u0643\u0631\u064a\u0645\u064a: \u0633\u0647\u0644 \u0627\u0644\u062a\u0648\u0632\u064a\u0639\u060c \u0645\u062b\u0627\u0644\u064a \u0644\u0644\u0646\u0634\u0631.<\/li>\n<li>\u0645\u0635\u062f\u0631 \u0644\u0644\u0637\u0627\u0642\u0629: \u0645\u062b\u0627\u0644\u064a \u0644\u0648\u062c\u0628\u0629 \u0625\u0641\u0637\u0627\u0631 \u0633\u0631\u064a\u0639\u0629 \u0623\u0648 \u0648\u062c\u0628\u0629 \u062e\u0641\u064a\u0641\u0629.<\/li>\n<li>\u0623\u064a\u0642\u0648\u0646\u0629 \u0637\u0647\u064a \u062d\u0642\u064a\u0642\u064a\u0629: \u064a\u0645\u0643\u0646 \u0627\u0633\u062a\u062e\u062f\u0627\u0645\u0647\u0627 \u0641\u064a \u0627\u0644\u0639\u062f\u064a\u062f \u0645\u0646 \u0627\u0644\u0648\u0635\u0641\u0627\u062a\u060c \u0633\u0648\u0627\u0621 \u0643\u0627\u0646\u062a \u0645\u0639\u062c\u0646\u0627\u062a \u0623\u0648 \u062d\u0644\u0648\u064a\u0627\u062a \u0623\u0648 \u0637\u0628\u0642\u0627\u062a \u0627\u0644\u0641\u0637\u0627\u0626\u0631.<\/li>\n<\/ul>\n<h4>\u062a\u0639\u0644\u064a\u0645\u0627\u062a :<\/h4>\n<ol>\n<li>\u0627\u0641\u062a\u062d \u0627\u0644\u062c\u0631\u0629 \u0648\u0627\u062e\u0644\u0637\u0647\u0627 \u0628\u062e\u0641\u0629 \u0625\u0630\u0627 \u0644\u0632\u0645 \u0627\u0644\u0623\u0645\u0631.<\/li>\n<li>\u0642\u0645 \u0628\u062a\u0648\u0632\u064a\u0639 \u0637\u0628\u0642\u0629 \u0631\u0642\u064a\u0642\u0629 \u0645\u0646 \u0627\u0644\u0646\u0648\u062a\u064a\u0644\u0627 \u0639\u0644\u0649 \u0627\u0644\u062e\u0628\u0632 \u0623\u0648 \u0627\u0644\u0641\u0637\u0627\u0626\u0631 \u0623\u0648 \u0627\u0644\u0648\u0627\u0641\u0644 \u0623\u0648 \u0623\u064a \u062f\u0639\u0645 \u0622\u062e\u0631 \u0645\u0646 \u0627\u062e\u062a\u064a\u0627\u0631\u0643.<\/li>\n<li>\u0627\u0633\u062a\u0645\u062a\u0639 \u0628\u0647 \u0639\u0644\u0649 \u0627\u0644\u0641\u0648\u0631 \u0623\u0648 \u0642\u0645 \u0628\u062f\u0645\u062c\u0647 \u0641\u064a \u062a\u062d\u0636\u064a\u0631\u0627\u062a \u0627\u0644\u0637\u0647\u064a \u0627\u0644\u062e\u0627\u0635\u0629 \u0628\u0643.<\/li>\n<\/ol>\n<h4>\u0627\u062d\u062a\u064a\u0627\u0637\u0627\u062a:<\/h4>\n<ul>\n<li>\u0627\u0644\u062a\u062e\u0632\u064a\u0646: \u064a\u062e\u0632\u0646 \u0641\u064a \u0645\u0643\u0627\u0646 \u062c\u0627\u0641 \u0641\u064a \u062f\u0631\u062c\u0629 \u062d\u0631\u0627\u0631\u0629 \u0627\u0644\u063a\u0631\u0641\u0629. \u0644\u0627 \u062a\u0628\u0631\u062f.<\/li>\n<li>\u0645\u0633\u0628\u0628\u0627\u062a \u0627\u0644\u062d\u0633\u0627\u0633\u064a\u0629: \u064a\u062d\u062a\u0648\u064a \u0639\u0644\u0649 \u0627\u0644\u0628\u0646\u062f\u0642 \u0648\u0627\u0644\u062d\u0644\u064a\u0628 \u0648\u0641\u0648\u0644 \u0627\u0644\u0635\u0648\u064a\u0627. \u0642\u062f \u062a\u062d\u062a\u0648\u064a \u0639\u0644\u0649 \u0622\u062b\u0627\u0631 \u0645\u0646 \u0627\u0644\u0645\u0643\u0633\u0631\u0627\u062a \u0627\u0644\u0623\u062e\u0631\u0649.<\/li>\n<li>\u0627\u0644\u0627\u0633\u062a\u0647\u0644\u0627\u0643 \u0627\u0644\u0645\u0639\u062a\u062f\u0644: \u0645\u062b\u0644 \u0623\u064a \u0637\u0639\u0627\u0645 \u062d\u0644\u0648\u060c \u064a\u062c\u0628 \u0627\u0633\u062a\u0647\u0644\u0627\u0643 \u0627\u0644\u0646\u0648\u062a\u064a\u0644\u0627 \u0628\u0627\u0639\u062a\u062f\u0627\u0644 \u0643\u062c\u0632\u0621 \u0645\u0646 \u0646\u0638\u0627\u0645 \u063a\u0630\u0627\u0626\u064a \u0645\u062a\u0648\u0627\u0632\u0646.<\/li>\n<\/ul>","protected":false},"excerpt":{"rendered":"<p>Nutella, la c\u00e9l\u00e8bre p\u00e2te \u00e0 tartiner aux noisettes et cacao, est un incontournable du petit-d\u00e9jeuner et du go\u00fbter. Avec son<\/p>","protected":false},"featured_media":26128,"comment_status":"open","ping_status":"closed","template":"","meta":[],"pwb-brand":[1237],"product_brand":[],"product_cat":[944,275,946],"product_tag":[],"class_list":{"0":"post-23172","1":"product","2":"type-product","3":"status-publish","4":"has-post-thumbnail","6":"pwb-brand-nutella","7":"product_cat-confiture-miel-et-pate-a-tartiner","8":"product_cat-epicerie","9":"product_cat-pate-a-tartiner","11":"first","12":"instock","13":"shipping-taxable","14":"purchasable","15":"product-type-simple"},"yoast_head":"<!-- This site is optimized with the Yoast SEO plugin v27.1.1 - https:\/\/yoast.com\/product\/yoast-seo-wordpress\/ -->\n<title>Nutella - P\u00e2te \u00e0 tartiner aux noisettes et cacao - 350 g - NIRIGS<\/title>\n<meta name=\"robots\" content=\"index, follow, max-snippet:-1, max-image-preview:large, max-video-preview:-1\" \/>\n<link rel=\"canonical\" href=\"https:\/\/nirigs.com\/ar\/product\/nutella-pate-a-tartiner-aux-noisettes-et-cacao-350-g\/\" \/>\n<meta property=\"og:locale\" content=\"ar_AR\" \/>\n<meta property=\"og:type\" content=\"article\" \/>\n<meta property=\"og:title\" content=\"Nutella - P\u00e2te \u00e0 tartiner aux noisettes et cacao - 350 g - NIRIGS\" \/>\n<meta property=\"og:description\" content=\"Nutella, la c\u00e9l\u00e8bre p\u00e2te \u00e0 tartiner aux noisettes et cacao, est un incontournable du petit-d\u00e9jeuner et du go\u00fbter. Avec son\" \/>\n<meta property=\"og:url\" content=\"https:\/\/nirigs.com\/ar\/product\/nutella-pate-a-tartiner-aux-noisettes-et-cacao-350-g\/\" \/>\n<meta property=\"og:site_name\" content=\"NIRIGS\" \/>\n<meta property=\"article:modified_time\" content=\"2025-03-13T08:59:02+00:00\" \/>\n<meta property=\"og:image\" content=\"https:\/\/nirigs.com\/wp-content\/uploads\/2024\/10\/Nutella-Pate-a-tartiner-aux-noisettes-et-cacao-350-g.jpg\" \/>\n\t<meta property=\"og:image:width\" content=\"1000\" \/>\n\t<meta property=\"og:image:height\" content=\"1000\" \/>\n\t<meta property=\"og:image:type\" content=\"image\/jpeg\" \/>\n<meta name=\"twitter:card\" content=\"summary_large_image\" \/>\n<meta name=\"twitter:label1\" content=\"\u0648\u0642\u062a \u0627\u0644\u0642\u0631\u0627\u0621\u0629 \u0627\u0644\u0645\u064f\u0642\u062f\u0651\u0631\" \/>\n\t<meta name=\"twitter:data1\" content=\"\u062f\u0642\u064a\u0642\u0629 \u0648\u0627\u062d\u062f\u0629\" \/>\n<script type=\"application\/ld+json\" class=\"yoast-schema-graph\">{\"@context\":\"https:\/\/schema.org\",\"@graph\":[{\"@type\":\"WebPage\",\"@id\":\"https:\/\/nirigs.com\/product\/nutella-pate-a-tartiner-aux-noisettes-et-cacao-350-g\/\",\"url\":\"https:\/\/nirigs.com\/product\/nutella-pate-a-tartiner-aux-noisettes-et-cacao-350-g\/\",\"name\":\"Nutella - P\u00e2te \u00e0 tartiner aux noisettes et cacao - 350 g - NIRIGS\",\"isPartOf\":{\"@id\":\"https:\/\/nirigs.com\/#website\"},\"primaryImageOfPage\":{\"@id\":\"https:\/\/nirigs.com\/product\/nutella-pate-a-tartiner-aux-noisettes-et-cacao-350-g\/#primaryimage\"},\"image\":{\"@id\":\"https:\/\/nirigs.com\/product\/nutella-pate-a-tartiner-aux-noisettes-et-cacao-350-g\/#primaryimage\"},\"thumbnailUrl\":\"https:\/\/nirigs.com\/wp-content\/uploads\/2024\/10\/Nutella-Pate-a-tartiner-aux-noisettes-et-cacao-350-g.jpg\",\"datePublished\":\"2024-10-06T15:00:26+00:00\",\"dateModified\":\"2025-03-13T08:59:02+00:00\",\"breadcrumb\":{\"@id\":\"https:\/\/nirigs.com\/product\/nutella-pate-a-tartiner-aux-noisettes-et-cacao-350-g\/#breadcrumb\"},\"inLanguage\":\"ar\",\"potentialAction\":[{\"@type\":\"ReadAction\",\"target\":[\"https:\/\/nirigs.com\/product\/nutella-pate-a-tartiner-aux-noisettes-et-cacao-350-g\/\"]}]},{\"@type\":\"ImageObject\",\"inLanguage\":\"ar\",\"@id\":\"https:\/\/nirigs.com\/product\/nutella-pate-a-tartiner-aux-noisettes-et-cacao-350-g\/#primaryimage\",\"url\":\"https:\/\/nirigs.com\/wp-content\/uploads\/2024\/10\/Nutella-Pate-a-tartiner-aux-noisettes-et-cacao-350-g.jpg\",\"contentUrl\":\"https:\/\/nirigs.com\/wp-content\/uploads\/2024\/10\/Nutella-Pate-a-tartiner-aux-noisettes-et-cacao-350-g.jpg\",\"width\":1000,\"height\":1000},{\"@type\":\"BreadcrumbList\",\"@id\":\"https:\/\/nirigs.com\/product\/nutella-pate-a-tartiner-aux-noisettes-et-cacao-350-g\/#breadcrumb\",\"itemListElement\":[{\"@type\":\"ListItem\",\"position\":1,\"name\":\"Home\",\"item\":\"https:\/\/nirigs.com\/\"},{\"@type\":\"ListItem\",\"position\":2,\"name\":\"Parcourir\",\"item\":\"https:\/\/nirigs.com\/boutique\/\"},{\"@type\":\"ListItem\",\"position\":3,\"name\":\"Nutella &#8211; P\u00e2te \u00e0 tartiner aux noisettes et cacao &#8211; 350 g\"}]},{\"@type\":\"WebSite\",\"@id\":\"https:\/\/nirigs.com\/#website\",\"url\":\"https:\/\/nirigs.com\/\",\"name\":\"Nirigs.com\",\"description\":\"Simplifiez vos achats du quotidien \u00e0 Djibouti\",\"publisher\":{\"@id\":\"https:\/\/nirigs.com\/#organization\"},\"potentialAction\":[{\"@type\":\"SearchAction\",\"target\":{\"@type\":\"EntryPoint\",\"urlTemplate\":\"https:\/\/nirigs.com\/?s={search_term_string}\"},\"query-input\":{\"@type\":\"PropertyValueSpecification\",\"valueRequired\":true,\"valueName\":\"search_term_string\"}}],\"inLanguage\":\"ar\"},{\"@type\":\"Organization\",\"@id\":\"https:\/\/nirigs.com\/#organization\",\"name\":\"Nirigs\",\"url\":\"https:\/\/nirigs.com\/\",\"logo\":{\"@type\":\"ImageObject\",\"inLanguage\":\"ar\",\"@id\":\"https:\/\/nirigs.com\/#\/schema\/logo\/image\/\",\"url\":\"https:\/\/nirigs.com\/wp-content\/uploads\/2025\/04\/Design-sans-titre-27.png\",\"contentUrl\":\"https:\/\/nirigs.com\/wp-content\/uploads\/2025\/04\/Design-sans-titre-27.png\",\"width\":500,\"height\":500,\"caption\":\"Nirigs\"},\"image\":{\"@id\":\"https:\/\/nirigs.com\/#\/schema\/logo\/image\/\"}}]}<\/script>\n<!-- \/ Yoast SEO plugin. -->","yoast_head_json":{"title":"Nutella - P\u00e2te \u00e0 tartiner aux noisettes et cacao - 350 g - NIRIGS","robots":{"index":"index","follow":"follow","max-snippet":"max-snippet:-1","max-image-preview":"max-image-preview:large","max-video-preview":"max-video-preview:-1"},"canonical":"https:\/\/nirigs.com\/ar\/product\/nutella-pate-a-tartiner-aux-noisettes-et-cacao-350-g\/","og_locale":"ar_AR","og_type":"article","og_title":"Nutella - P\u00e2te \u00e0 tartiner aux noisettes et cacao - 350 g - NIRIGS","og_description":"Nutella, la c\u00e9l\u00e8bre p\u00e2te \u00e0 tartiner aux noisettes et cacao, est un incontournable du petit-d\u00e9jeuner et du go\u00fbter. Avec son","og_url":"https:\/\/nirigs.com\/ar\/product\/nutella-pate-a-tartiner-aux-noisettes-et-cacao-350-g\/","og_site_name":"NIRIGS","article_modified_time":"2025-03-13T08:59:02+00:00","og_image":[{"width":1000,"height":1000,"url":"https:\/\/nirigs.com\/wp-content\/uploads\/2024\/10\/Nutella-Pate-a-tartiner-aux-noisettes-et-cacao-350-g.jpg","type":"image\/jpeg"}],"twitter_card":"summary_large_image","twitter_misc":{"\u0648\u0642\u062a \u0627\u0644\u0642\u0631\u0627\u0621\u0629 \u0627\u0644\u0645\u064f\u0642\u062f\u0651\u0631":"\u062f\u0642\u064a\u0642\u0629 \u0648\u0627\u062d\u062f\u0629"},"schema":{"@context":"https:\/\/schema.org","@graph":[{"@type":"WebPage","@id":"https:\/\/nirigs.com\/product\/nutella-pate-a-tartiner-aux-noisettes-et-cacao-350-g\/","url":"https:\/\/nirigs.com\/product\/nutella-pate-a-tartiner-aux-noisettes-et-cacao-350-g\/","name":"Nutella - P\u00e2te \u00e0 tartiner aux noisettes et cacao - 350 g - NIRIGS","isPartOf":{"@id":"https:\/\/nirigs.com\/#website"},"primaryImageOfPage":{"@id":"https:\/\/nirigs.com\/product\/nutella-pate-a-tartiner-aux-noisettes-et-cacao-350-g\/#primaryimage"},"image":{"@id":"https:\/\/nirigs.com\/product\/nutella-pate-a-tartiner-aux-noisettes-et-cacao-350-g\/#primaryimage"},"thumbnailUrl":"https:\/\/nirigs.com\/wp-content\/uploads\/2024\/10\/Nutella-Pate-a-tartiner-aux-noisettes-et-cacao-350-g.jpg","datePublished":"2024-10-06T15:00:26+00:00","dateModified":"2025-03-13T08:59:02+00:00","breadcrumb":{"@id":"https:\/\/nirigs.com\/product\/nutella-pate-a-tartiner-aux-noisettes-et-cacao-350-g\/#breadcrumb"},"inLanguage":"ar","potentialAction":[{"@type":"ReadAction","target":["https:\/\/nirigs.com\/product\/nutella-pate-a-tartiner-aux-noisettes-et-cacao-350-g\/"]}]},{"@type":"ImageObject","inLanguage":"ar","@id":"https:\/\/nirigs.com\/product\/nutella-pate-a-tartiner-aux-noisettes-et-cacao-350-g\/#primaryimage","url":"https:\/\/nirigs.com\/wp-content\/uploads\/2024\/10\/Nutella-Pate-a-tartiner-aux-noisettes-et-cacao-350-g.jpg","contentUrl":"https:\/\/nirigs.com\/wp-content\/uploads\/2024\/10\/Nutella-Pate-a-tartiner-aux-noisettes-et-cacao-350-g.jpg","width":1000,"height":1000},{"@type":"BreadcrumbList","@id":"https:\/\/nirigs.com\/product\/nutella-pate-a-tartiner-aux-noisettes-et-cacao-350-g\/#breadcrumb","itemListElement":[{"@type":"ListItem","position":1,"name":"Home","item":"https:\/\/nirigs.com\/"},{"@type":"ListItem","position":2,"name":"Parcourir","item":"https:\/\/nirigs.com\/boutique\/"},{"@type":"ListItem","position":3,"name":"Nutella &#8211; P\u00e2te \u00e0 tartiner aux noisettes et cacao &#8211; 350 g"}]},{"@type":"WebSite","@id":"https:\/\/nirigs.com\/#website","url":"https:\/\/nirigs.com\/","name":"Nirigs.com","description":"Simplifiez vos achats du quotidien \u00e0 Djibouti","publisher":{"@id":"https:\/\/nirigs.com\/#organization"},"potentialAction":[{"@type":"SearchAction","target":{"@type":"EntryPoint","urlTemplate":"https:\/\/nirigs.com\/?s={search_term_string}"},"query-input":{"@type":"PropertyValueSpecification","valueRequired":true,"valueName":"search_term_string"}}],"inLanguage":"ar"},{"@type":"Organization","@id":"https:\/\/nirigs.com\/#organization","name":"\u0646\u064a\u0631\u064a\u062c\u0633","url":"https:\/\/nirigs.com\/","logo":{"@type":"ImageObject","inLanguage":"ar","@id":"https:\/\/nirigs.com\/#\/schema\/logo\/image\/","url":"https:\/\/nirigs.com\/wp-content\/uploads\/2025\/04\/Design-sans-titre-27.png","contentUrl":"https:\/\/nirigs.com\/wp-content\/uploads\/2025\/04\/Design-sans-titre-27.png","width":500,"height":500,"caption":"Nirigs"},"image":{"@id":"https:\/\/nirigs.com\/#\/schema\/logo\/image\/"}}]}},"brands":[{"id":1237,"name":"\u0646\u0648\u062a\u064a\u0644\u0627","slug":"nutella"}],"_links":{"self":[{"href":"https:\/\/nirigs.com\/ar\/wp-json\/wp\/v2\/product\/23172","targetHints":{"allow":["GET"]}}],"collection":[{"href":"https:\/\/nirigs.com\/ar\/wp-json\/wp\/v2\/product"}],"about":[{"href":"https:\/\/nirigs.com\/ar\/wp-json\/wp\/v2\/types\/product"}],"replies":[{"embeddable":true,"href":"https:\/\/nirigs.com\/ar\/wp-json\/wp\/v2\/comments?post=23172"}],"version-history":[{"count":2,"href":"https:\/\/nirigs.com\/ar\/wp-json\/wp\/v2\/product\/23172\/revisions"}],"predecessor-version":[{"id":26129,"href":"https:\/\/nirigs.com\/ar\/wp-json\/wp\/v2\/product\/23172\/revisions\/26129"}],"wp:featuredmedia":[{"embeddable":true,"href":"https:\/\/nirigs.com\/ar\/wp-json\/wp\/v2\/media\/26128"}],"wp:attachment":[{"href":"https:\/\/nirigs.com\/ar\/wp-json\/wp\/v2\/media?parent=23172"}],"wp:term":[{"taxonomy":"pwb-brand","embeddable":true,"href":"https:\/\/nirigs.com\/ar\/wp-json\/wp\/v2\/pwb-brand?post=23172"},{"taxonomy":"product_brand","embeddable":true,"href":"https:\/\/nirigs.com\/ar\/wp-json\/wp\/v2\/product_brand?post=23172"},{"taxonomy":"product_cat","embeddable":true,"href":"https:\/\/nirigs.com\/ar\/wp-json\/wp\/v2\/product_cat?post=23172"},{"taxonomy":"product_tag","embeddable":true,"href":"https:\/\/nirigs.com\/ar\/wp-json\/wp\/v2\/product_tag?post=23172"}],"curies":[{"name":"wp","href":"https:\/\/api.w.org\/{rel}","templated":true}]}}