{"id":23167,"date":"2024-10-06T18:00:24","date_gmt":"2024-10-06T15:00:24","guid":{"rendered":"https:\/\/nirigs.com\/produit\/leader-price-gourdofruits-compotes-pomme-fraise-allegees-en-sucre-4x90-g\/"},"modified":"2024-10-21T18:00:34","modified_gmt":"2024-10-21T15:00:34","slug":"leader-price-gourdofruits-compotes-pomme-fraise-allegees-en-sucre-4x90-g","status":"publish","type":"product","link":"https:\/\/nirigs.com\/ar\/product\/leader-price-gourdofruits-compotes-pomme-fraise-allegees-en-sucre-4x90-g\/","title":{"rendered":"Leader Price &#8211; Gourd&rsquo;O&rsquo;fruits compotes pomme fraise all\u00e9g\u00e9es en sucre &#8211; 4&#215;90 g"},"content":{"rendered":"<p>Les Gourd&rsquo;O&rsquo;fruits Pomme Fraise de Leader Price sont des compotes pratiques en format gourde, id\u00e9ales pour une pause fruit\u00e9e \u00e0 tout moment de la journ\u00e9e. Ces compotes sont all\u00e9g\u00e9es en sucre, offrant une alternative plus saine pour profiter du bon go\u00fbt des pommes et des fraises. Leur format nomade est parfait pour les encas ou \u00e0 emporter.<\/p>\n<h4>\u0645\u0643\u0648\u0646\u0627\u062a :<\/h4>\n<p>Pur\u00e9e de pomme (80%), pur\u00e9e de fraise (20%), jus de citron concentr\u00e9, sucre (teneur r\u00e9duite).<\/p>\n<p><em>* Sans conservateurs, colorants ou ar\u00f4mes artificiels.<\/em><\/p>\n<h4>\u0641\u0648\u0627\u0626\u062f :<\/h4>\n<ul>\n<li>All\u00e9g\u00e9e en sucre : moins de sucre pour un plaisir plus sain.<\/li>\n<li>Format pratique : gourdes refermables faciles \u00e0 transporter.<\/li>\n<li>Sans additifs artificiels : un produit naturel sans conservateurs ni colorants.<\/li>\n<li>Riche en fruits : 100% fruits pour une consommation saine et gourmande.<\/li>\n<li>Sans gluten : convient aux personnes intol\u00e9rantes au gluten.<\/li>\n<\/ul>\n<h4>\u062a\u0639\u0644\u064a\u0645\u0627\u062a :<\/h4>\n<ol>\n<li>Secouer la gourde avant ouverture.<\/li>\n<li>D\u00e9visser le bouchon et consommer directement depuis la gourde.<\/li>\n<li>Convient aux enfants et aux adultes pour une collation rapide.<\/li>\n<\/ol>\n<p><em>* Il est recommand\u00e9 de consommer le produit rapidement apr\u00e8s ouverture pour une meilleure fra\u00eecheur.<\/em><\/p>\n<h4>\u0627\u062d\u062a\u064a\u0627\u0637\u0627\u062a:<\/h4>\n<ul>\n<li>\u064a\u064f\u062e\u0632\u0646 \u0641\u064a \u0645\u0643\u0627\u0646 \u0628\u0627\u0631\u062f \u0648\u062c\u0627\u0641 \u0642\u0628\u0644 \u0627\u0644\u0641\u062a\u062d.<\/li>\n<li>Apr\u00e8s ouverture, conserver au r\u00e9frig\u00e9rateur et consommer sous 24 heures.<\/li>\n<li>Ne pas donner \u00e0 des enfants de moins de 3 ans sans surveillance d\u2019un adulte, en raison du risque d\u2019\u00e9touffement avec le bouchon.<\/li>\n<\/ul>","protected":false},"excerpt":{"rendered":"<p>Les Gourd&rsquo;O&rsquo;fruits Pomme Fraise de Leader Price sont des compotes pratiques en format gourde, id\u00e9ales pour une pause fruit\u00e9e \u00e0<\/p>","protected":false},"featured_media":26144,"comment_status":"open","ping_status":"closed","template":"","meta":[],"pwb-brand":[1238],"product_brand":[],"product_cat":[1239,1126,275,1163],"product_tag":[],"class_list":{"0":"post-23167","1":"product","2":"type-product","3":"status-publish","4":"has-post-thumbnail","6":"pwb-brand-leader-price-gourdofruits","7":"product_cat-compotes","8":"product_cat-en-cas-et-friandises","9":"product_cat-epicerie","10":"product_cat-snacks","12":"first","13":"instock","14":"shipping-taxable","15":"purchasable","16":"product-type-simple"},"yoast_head":"<!-- This site is optimized with the Yoast SEO plugin v27.1.1 - https:\/\/yoast.com\/product\/yoast-seo-wordpress\/ -->\n<title>Leader Price - Gourd&#039;O&#039;fruits compotes pomme fraise all\u00e9g\u00e9es en sucre - 4x90 g - NIRIGS<\/title>\n<meta name=\"robots\" content=\"index, follow, max-snippet:-1, max-image-preview:large, max-video-preview:-1\" \/>\n<link rel=\"canonical\" href=\"https:\/\/nirigs.com\/ar\/product\/leader-price-gourdofruits-compotes-pomme-fraise-allegees-en-sucre-4x90-g\/\" \/>\n<meta property=\"og:locale\" content=\"ar_AR\" \/>\n<meta property=\"og:type\" content=\"article\" \/>\n<meta property=\"og:title\" content=\"Leader Price - Gourd&#039;O&#039;fruits compotes pomme fraise all\u00e9g\u00e9es en sucre - 4x90 g - NIRIGS\" \/>\n<meta property=\"og:description\" content=\"Les Gourd&rsquo;O&rsquo;fruits Pomme Fraise de Leader Price sont des compotes pratiques en format gourde, id\u00e9ales pour une pause fruit\u00e9e \u00e0\" \/>\n<meta property=\"og:url\" content=\"https:\/\/nirigs.com\/ar\/product\/leader-price-gourdofruits-compotes-pomme-fraise-allegees-en-sucre-4x90-g\/\" \/>\n<meta property=\"og:site_name\" content=\"NIRIGS\" \/>\n<meta property=\"article:modified_time\" content=\"2024-10-21T15:00:34+00:00\" \/>\n<meta property=\"og:image\" content=\"https:\/\/nirigs.com\/wp-content\/uploads\/2024\/10\/Leader-Price-GourdOfruits-compotes-pomme-fraise-allegees-en-sucre-4x90-g.jpg\" \/>\n\t<meta property=\"og:image:width\" content=\"1000\" \/>\n\t<meta property=\"og:image:height\" content=\"1000\" \/>\n\t<meta property=\"og:image:type\" content=\"image\/jpeg\" \/>\n<meta name=\"twitter:card\" content=\"summary_large_image\" \/>\n<meta name=\"twitter:label1\" content=\"\u0648\u0642\u062a \u0627\u0644\u0642\u0631\u0627\u0621\u0629 \u0627\u0644\u0645\u064f\u0642\u062f\u0651\u0631\" \/>\n\t<meta name=\"twitter:data1\" content=\"\u062f\u0642\u064a\u0642\u0629 \u0648\u0627\u062d\u062f\u0629\" \/>\n<script type=\"application\/ld+json\" class=\"yoast-schema-graph\">{\"@context\":\"https:\/\/schema.org\",\"@graph\":[{\"@type\":\"WebPage\",\"@id\":\"https:\/\/nirigs.com\/product\/leader-price-gourdofruits-compotes-pomme-fraise-allegees-en-sucre-4x90-g\/\",\"url\":\"https:\/\/nirigs.com\/product\/leader-price-gourdofruits-compotes-pomme-fraise-allegees-en-sucre-4x90-g\/\",\"name\":\"Leader Price - Gourd'O'fruits compotes pomme fraise all\u00e9g\u00e9es en sucre - 4x90 g - NIRIGS\",\"isPartOf\":{\"@id\":\"https:\/\/nirigs.com\/#website\"},\"primaryImageOfPage\":{\"@id\":\"https:\/\/nirigs.com\/product\/leader-price-gourdofruits-compotes-pomme-fraise-allegees-en-sucre-4x90-g\/#primaryimage\"},\"image\":{\"@id\":\"https:\/\/nirigs.com\/product\/leader-price-gourdofruits-compotes-pomme-fraise-allegees-en-sucre-4x90-g\/#primaryimage\"},\"thumbnailUrl\":\"https:\/\/nirigs.com\/wp-content\/uploads\/2024\/10\/Leader-Price-GourdOfruits-compotes-pomme-fraise-allegees-en-sucre-4x90-g.jpg\",\"datePublished\":\"2024-10-06T15:00:24+00:00\",\"dateModified\":\"2024-10-21T15:00:34+00:00\",\"breadcrumb\":{\"@id\":\"https:\/\/nirigs.com\/product\/leader-price-gourdofruits-compotes-pomme-fraise-allegees-en-sucre-4x90-g\/#breadcrumb\"},\"inLanguage\":\"ar\",\"potentialAction\":[{\"@type\":\"ReadAction\",\"target\":[\"https:\/\/nirigs.com\/product\/leader-price-gourdofruits-compotes-pomme-fraise-allegees-en-sucre-4x90-g\/\"]}]},{\"@type\":\"ImageObject\",\"inLanguage\":\"ar\",\"@id\":\"https:\/\/nirigs.com\/product\/leader-price-gourdofruits-compotes-pomme-fraise-allegees-en-sucre-4x90-g\/#primaryimage\",\"url\":\"https:\/\/nirigs.com\/wp-content\/uploads\/2024\/10\/Leader-Price-GourdOfruits-compotes-pomme-fraise-allegees-en-sucre-4x90-g.jpg\",\"contentUrl\":\"https:\/\/nirigs.com\/wp-content\/uploads\/2024\/10\/Leader-Price-GourdOfruits-compotes-pomme-fraise-allegees-en-sucre-4x90-g.jpg\",\"width\":1000,\"height\":1000},{\"@type\":\"BreadcrumbList\",\"@id\":\"https:\/\/nirigs.com\/product\/leader-price-gourdofruits-compotes-pomme-fraise-allegees-en-sucre-4x90-g\/#breadcrumb\",\"itemListElement\":[{\"@type\":\"ListItem\",\"position\":1,\"name\":\"Home\",\"item\":\"https:\/\/nirigs.com\/\"},{\"@type\":\"ListItem\",\"position\":2,\"name\":\"Parcourir\",\"item\":\"https:\/\/nirigs.com\/boutique\/\"},{\"@type\":\"ListItem\",\"position\":3,\"name\":\"Leader Price &#8211; Gourd&rsquo;O&rsquo;fruits compotes pomme fraise all\u00e9g\u00e9es en sucre &#8211; 4&#215;90 g\"}]},{\"@type\":\"WebSite\",\"@id\":\"https:\/\/nirigs.com\/#website\",\"url\":\"https:\/\/nirigs.com\/\",\"name\":\"Nirigs.com\",\"description\":\"Simplifiez vos achats du quotidien \u00e0 Djibouti\",\"publisher\":{\"@id\":\"https:\/\/nirigs.com\/#organization\"},\"potentialAction\":[{\"@type\":\"SearchAction\",\"target\":{\"@type\":\"EntryPoint\",\"urlTemplate\":\"https:\/\/nirigs.com\/?s={search_term_string}\"},\"query-input\":{\"@type\":\"PropertyValueSpecification\",\"valueRequired\":true,\"valueName\":\"search_term_string\"}}],\"inLanguage\":\"ar\"},{\"@type\":\"Organization\",\"@id\":\"https:\/\/nirigs.com\/#organization\",\"name\":\"Nirigs\",\"url\":\"https:\/\/nirigs.com\/\",\"logo\":{\"@type\":\"ImageObject\",\"inLanguage\":\"ar\",\"@id\":\"https:\/\/nirigs.com\/#\/schema\/logo\/image\/\",\"url\":\"https:\/\/nirigs.com\/wp-content\/uploads\/2025\/04\/Design-sans-titre-27.png\",\"contentUrl\":\"https:\/\/nirigs.com\/wp-content\/uploads\/2025\/04\/Design-sans-titre-27.png\",\"width\":500,\"height\":500,\"caption\":\"Nirigs\"},\"image\":{\"@id\":\"https:\/\/nirigs.com\/#\/schema\/logo\/image\/\"}}]}<\/script>\n<!-- \/ Yoast SEO plugin. -->","yoast_head_json":{"title":"Leader Price - Gourd'O'fruits compotes pomme fraise all\u00e9g\u00e9es en sucre - 4x90 g - NIRIGS","robots":{"index":"index","follow":"follow","max-snippet":"max-snippet:-1","max-image-preview":"max-image-preview:large","max-video-preview":"max-video-preview:-1"},"canonical":"https:\/\/nirigs.com\/ar\/product\/leader-price-gourdofruits-compotes-pomme-fraise-allegees-en-sucre-4x90-g\/","og_locale":"ar_AR","og_type":"article","og_title":"Leader Price - Gourd'O'fruits compotes pomme fraise all\u00e9g\u00e9es en sucre - 4x90 g - NIRIGS","og_description":"Les Gourd&rsquo;O&rsquo;fruits Pomme Fraise de Leader Price sont des compotes pratiques en format gourde, id\u00e9ales pour une pause fruit\u00e9e \u00e0","og_url":"https:\/\/nirigs.com\/ar\/product\/leader-price-gourdofruits-compotes-pomme-fraise-allegees-en-sucre-4x90-g\/","og_site_name":"NIRIGS","article_modified_time":"2024-10-21T15:00:34+00:00","og_image":[{"width":1000,"height":1000,"url":"https:\/\/nirigs.com\/wp-content\/uploads\/2024\/10\/Leader-Price-GourdOfruits-compotes-pomme-fraise-allegees-en-sucre-4x90-g.jpg","type":"image\/jpeg"}],"twitter_card":"summary_large_image","twitter_misc":{"\u0648\u0642\u062a \u0627\u0644\u0642\u0631\u0627\u0621\u0629 \u0627\u0644\u0645\u064f\u0642\u062f\u0651\u0631":"\u062f\u0642\u064a\u0642\u0629 \u0648\u0627\u062d\u062f\u0629"},"schema":{"@context":"https:\/\/schema.org","@graph":[{"@type":"WebPage","@id":"https:\/\/nirigs.com\/product\/leader-price-gourdofruits-compotes-pomme-fraise-allegees-en-sucre-4x90-g\/","url":"https:\/\/nirigs.com\/product\/leader-price-gourdofruits-compotes-pomme-fraise-allegees-en-sucre-4x90-g\/","name":"Leader Price - Gourd'O'fruits compotes pomme fraise all\u00e9g\u00e9es en sucre - 4x90 g - NIRIGS","isPartOf":{"@id":"https:\/\/nirigs.com\/#website"},"primaryImageOfPage":{"@id":"https:\/\/nirigs.com\/product\/leader-price-gourdofruits-compotes-pomme-fraise-allegees-en-sucre-4x90-g\/#primaryimage"},"image":{"@id":"https:\/\/nirigs.com\/product\/leader-price-gourdofruits-compotes-pomme-fraise-allegees-en-sucre-4x90-g\/#primaryimage"},"thumbnailUrl":"https:\/\/nirigs.com\/wp-content\/uploads\/2024\/10\/Leader-Price-GourdOfruits-compotes-pomme-fraise-allegees-en-sucre-4x90-g.jpg","datePublished":"2024-10-06T15:00:24+00:00","dateModified":"2024-10-21T15:00:34+00:00","breadcrumb":{"@id":"https:\/\/nirigs.com\/product\/leader-price-gourdofruits-compotes-pomme-fraise-allegees-en-sucre-4x90-g\/#breadcrumb"},"inLanguage":"ar","potentialAction":[{"@type":"ReadAction","target":["https:\/\/nirigs.com\/product\/leader-price-gourdofruits-compotes-pomme-fraise-allegees-en-sucre-4x90-g\/"]}]},{"@type":"ImageObject","inLanguage":"ar","@id":"https:\/\/nirigs.com\/product\/leader-price-gourdofruits-compotes-pomme-fraise-allegees-en-sucre-4x90-g\/#primaryimage","url":"https:\/\/nirigs.com\/wp-content\/uploads\/2024\/10\/Leader-Price-GourdOfruits-compotes-pomme-fraise-allegees-en-sucre-4x90-g.jpg","contentUrl":"https:\/\/nirigs.com\/wp-content\/uploads\/2024\/10\/Leader-Price-GourdOfruits-compotes-pomme-fraise-allegees-en-sucre-4x90-g.jpg","width":1000,"height":1000},{"@type":"BreadcrumbList","@id":"https:\/\/nirigs.com\/product\/leader-price-gourdofruits-compotes-pomme-fraise-allegees-en-sucre-4x90-g\/#breadcrumb","itemListElement":[{"@type":"ListItem","position":1,"name":"Home","item":"https:\/\/nirigs.com\/"},{"@type":"ListItem","position":2,"name":"Parcourir","item":"https:\/\/nirigs.com\/boutique\/"},{"@type":"ListItem","position":3,"name":"Leader Price &#8211; Gourd&rsquo;O&rsquo;fruits compotes pomme fraise all\u00e9g\u00e9es en sucre &#8211; 4&#215;90 g"}]},{"@type":"WebSite","@id":"https:\/\/nirigs.com\/#website","url":"https:\/\/nirigs.com\/","name":"Nirigs.com","description":"Simplifiez vos achats du quotidien \u00e0 Djibouti","publisher":{"@id":"https:\/\/nirigs.com\/#organization"},"potentialAction":[{"@type":"SearchAction","target":{"@type":"EntryPoint","urlTemplate":"https:\/\/nirigs.com\/?s={search_term_string}"},"query-input":{"@type":"PropertyValueSpecification","valueRequired":true,"valueName":"search_term_string"}}],"inLanguage":"ar"},{"@type":"Organization","@id":"https:\/\/nirigs.com\/#organization","name":"\u0646\u064a\u0631\u064a\u062c\u0633","url":"https:\/\/nirigs.com\/","logo":{"@type":"ImageObject","inLanguage":"ar","@id":"https:\/\/nirigs.com\/#\/schema\/logo\/image\/","url":"https:\/\/nirigs.com\/wp-content\/uploads\/2025\/04\/Design-sans-titre-27.png","contentUrl":"https:\/\/nirigs.com\/wp-content\/uploads\/2025\/04\/Design-sans-titre-27.png","width":500,"height":500,"caption":"Nirigs"},"image":{"@id":"https:\/\/nirigs.com\/#\/schema\/logo\/image\/"}}]}},"brands":[{"id":1238,"name":"Leader Price - Gourd'O'fruits","slug":"leader-price-gourdofruits"}],"_links":{"self":[{"href":"https:\/\/nirigs.com\/ar\/wp-json\/wp\/v2\/product\/23167","targetHints":{"allow":["GET"]}}],"collection":[{"href":"https:\/\/nirigs.com\/ar\/wp-json\/wp\/v2\/product"}],"about":[{"href":"https:\/\/nirigs.com\/ar\/wp-json\/wp\/v2\/types\/product"}],"replies":[{"embeddable":true,"href":"https:\/\/nirigs.com\/ar\/wp-json\/wp\/v2\/comments?post=23167"}],"version-history":[{"count":3,"href":"https:\/\/nirigs.com\/ar\/wp-json\/wp\/v2\/product\/23167\/revisions"}],"predecessor-version":[{"id":24523,"href":"https:\/\/nirigs.com\/ar\/wp-json\/wp\/v2\/product\/23167\/revisions\/24523"}],"wp:featuredmedia":[{"embeddable":true,"href":"https:\/\/nirigs.com\/ar\/wp-json\/wp\/v2\/media\/26144"}],"wp:attachment":[{"href":"https:\/\/nirigs.com\/ar\/wp-json\/wp\/v2\/media?parent=23167"}],"wp:term":[{"taxonomy":"pwb-brand","embeddable":true,"href":"https:\/\/nirigs.com\/ar\/wp-json\/wp\/v2\/pwb-brand?post=23167"},{"taxonomy":"product_brand","embeddable":true,"href":"https:\/\/nirigs.com\/ar\/wp-json\/wp\/v2\/product_brand?post=23167"},{"taxonomy":"product_cat","embeddable":true,"href":"https:\/\/nirigs.com\/ar\/wp-json\/wp\/v2\/product_cat?post=23167"},{"taxonomy":"product_tag","embeddable":true,"href":"https:\/\/nirigs.com\/ar\/wp-json\/wp\/v2\/product_tag?post=23167"}],"curies":[{"name":"wp","href":"https:\/\/api.w.org\/{rel}","templated":true}]}}