{"id":23163,"date":"2024-10-06T18:00:23","date_gmt":"2024-10-06T15:00:23","guid":{"rendered":"https:\/\/nirigs.com\/produit\/casino-buchettes-sucre-en-poudre-500-g\/"},"modified":"2025-03-13T12:02:07","modified_gmt":"2025-03-13T09:02:07","slug":"casino-buchettes-sucre-en-poudre-500-g","status":"publish","type":"product","link":"https:\/\/nirigs.com\/ar\/product\/casino-buchettes-sucre-en-poudre-500-g\/","title":{"rendered":"Casino &#8211; B\u00fbchettes sucre en poudre &#8211; 500 g"},"content":{"rendered":"<p>Les B\u00fbchettes de Sucre en Poudre Casino sont id\u00e9ales pour sucrer vos boissons chaudes ou froides de mani\u00e8re pratique et hygi\u00e9nique. Pr\u00e9sent\u00e9es sous forme de b\u00fbchettes individuelles, elles permettent un dosage pr\u00e9cis pour \u00e9viter tout gaspillage. Que ce soit pour un caf\u00e9, un th\u00e9, ou pour ajouter une touche de douceur \u00e0 vos recettes, ces b\u00fbchettes de sucre en poudre sont un incontournable dans votre quotidien.<\/p>\n<h4>\u0645\u0643\u0648\u0646\u0627\u062a :<\/h4>\n<ul>\n<li>100% sucre blanc raffin\u00e9.<\/li>\n<\/ul>\n<h4>\u0641\u0648\u0627\u0626\u062f :<\/h4>\n<ul>\n<li>Praticit\u00e9 : Format en b\u00fbchettes pour un dosage simple et rapide.<\/li>\n<li>Hygi\u00e8ne : Chaque b\u00fbchette est emball\u00e9e individuellement, assurant une meilleure conservation du produit.<\/li>\n<li>Polyvalence : Parfait pour les boissons, les desserts, ou les p\u00e2tisseries.<\/li>\n<li>Conservation optimale : Gr\u00e2ce \u00e0 son conditionnement, le sucre reste sec et ne s\u2019agglom\u00e8re pas.<\/li>\n<\/ul>\n<h4>\u062a\u0639\u0644\u064a\u0645\u0627\u062a :<\/h4>\n<ol>\n<li>D\u00e9tacher une b\u00fbchette de sucre de l\u2019emballage.<\/li>\n<li>Ouvrir d\u00e9licatement la b\u00fbchette.<\/li>\n<li>Verser le sucre en poudre dans votre boisson chaude ou froide, ou dans votre pr\u00e9paration culinaire.<\/li>\n<li>M\u00e9langer et d\u00e9guster.<\/li>\n<\/ol>\n<h4>\u0627\u062d\u062a\u064a\u0627\u0637\u0627\u062a:<\/h4>\n<ul>\n<li>Conserver dans un endroit sec, \u00e0 l\u2019abri de l&rsquo;humidit\u00e9 pour \u00e9viter l&rsquo;agglom\u00e9ration du sucre.<\/li>\n<li>Ne pas laisser \u00e0 la port\u00e9e des jeunes enfants sans surveillance pour \u00e9viter tout risque d&rsquo;\u00e9touffement avec les petits emballages.<\/li>\n<\/ul>","protected":false},"excerpt":{"rendered":"<p>Les B\u00fbchettes de Sucre en Poudre Casino sont id\u00e9ales pour sucrer vos boissons chaudes ou froides de mani\u00e8re pratique et<\/p>","protected":false},"featured_media":26157,"comment_status":"open","ping_status":"closed","template":"","meta":[],"pwb-brand":[843],"product_brand":[],"product_cat":[275,1120,1122,1124],"product_tag":[],"class_list":{"0":"post-23163","1":"product","2":"type-product","3":"status-publish","4":"has-post-thumbnail","6":"pwb-brand-casino","7":"product_cat-epicerie","8":"product_cat-ingredients-de-cuisine-et-patisserie","9":"product_cat-sirops-sucres-et-edulcorants-pour-patisserie","10":"product_cat-sucres","12":"first","13":"instock","14":"shipping-taxable","15":"purchasable","16":"product-type-simple"},"yoast_head":"<!-- This site is optimized with the Yoast SEO plugin v27.1.1 - https:\/\/yoast.com\/product\/yoast-seo-wordpress\/ -->\n<title>Casino - B\u00fbchettes sucre en poudre - 500 g - NIRIGS<\/title>\n<meta name=\"robots\" content=\"index, follow, max-snippet:-1, max-image-preview:large, max-video-preview:-1\" \/>\n<link rel=\"canonical\" href=\"https:\/\/nirigs.com\/ar\/product\/casino-buchettes-sucre-en-poudre-500-g\/\" \/>\n<meta property=\"og:locale\" content=\"ar_AR\" \/>\n<meta property=\"og:type\" content=\"article\" \/>\n<meta property=\"og:title\" content=\"Casino - B\u00fbchettes sucre en poudre - 500 g - NIRIGS\" \/>\n<meta property=\"og:description\" content=\"Les B\u00fbchettes de Sucre en Poudre Casino sont id\u00e9ales pour sucrer vos boissons chaudes ou froides de mani\u00e8re pratique et\" \/>\n<meta property=\"og:url\" content=\"https:\/\/nirigs.com\/ar\/product\/casino-buchettes-sucre-en-poudre-500-g\/\" \/>\n<meta property=\"og:site_name\" content=\"NIRIGS\" \/>\n<meta property=\"article:modified_time\" content=\"2025-03-13T09:02:07+00:00\" \/>\n<meta property=\"og:image\" content=\"https:\/\/nirigs.com\/wp-content\/uploads\/2024\/10\/Casino-Buchettes-sucre-en-poudre-500-g.jpg\" \/>\n\t<meta property=\"og:image:width\" content=\"1000\" \/>\n\t<meta property=\"og:image:height\" content=\"1000\" \/>\n\t<meta property=\"og:image:type\" content=\"image\/jpeg\" \/>\n<meta name=\"twitter:card\" content=\"summary_large_image\" \/>\n<meta name=\"twitter:label1\" content=\"\u0648\u0642\u062a \u0627\u0644\u0642\u0631\u0627\u0621\u0629 \u0627\u0644\u0645\u064f\u0642\u062f\u0651\u0631\" \/>\n\t<meta name=\"twitter:data1\" content=\"\u062f\u0642\u064a\u0642\u0629 \u0648\u0627\u062d\u062f\u0629\" \/>\n<script type=\"application\/ld+json\" class=\"yoast-schema-graph\">{\"@context\":\"https:\/\/schema.org\",\"@graph\":[{\"@type\":\"WebPage\",\"@id\":\"https:\/\/nirigs.com\/product\/casino-buchettes-sucre-en-poudre-500-g\/\",\"url\":\"https:\/\/nirigs.com\/product\/casino-buchettes-sucre-en-poudre-500-g\/\",\"name\":\"Casino - B\u00fbchettes sucre en poudre - 500 g - NIRIGS\",\"isPartOf\":{\"@id\":\"https:\/\/nirigs.com\/#website\"},\"primaryImageOfPage\":{\"@id\":\"https:\/\/nirigs.com\/product\/casino-buchettes-sucre-en-poudre-500-g\/#primaryimage\"},\"image\":{\"@id\":\"https:\/\/nirigs.com\/product\/casino-buchettes-sucre-en-poudre-500-g\/#primaryimage\"},\"thumbnailUrl\":\"https:\/\/nirigs.com\/wp-content\/uploads\/2024\/10\/Casino-Buchettes-sucre-en-poudre-500-g.jpg\",\"datePublished\":\"2024-10-06T15:00:23+00:00\",\"dateModified\":\"2025-03-13T09:02:07+00:00\",\"breadcrumb\":{\"@id\":\"https:\/\/nirigs.com\/product\/casino-buchettes-sucre-en-poudre-500-g\/#breadcrumb\"},\"inLanguage\":\"ar\",\"potentialAction\":[{\"@type\":\"ReadAction\",\"target\":[\"https:\/\/nirigs.com\/product\/casino-buchettes-sucre-en-poudre-500-g\/\"]}]},{\"@type\":\"ImageObject\",\"inLanguage\":\"ar\",\"@id\":\"https:\/\/nirigs.com\/product\/casino-buchettes-sucre-en-poudre-500-g\/#primaryimage\",\"url\":\"https:\/\/nirigs.com\/wp-content\/uploads\/2024\/10\/Casino-Buchettes-sucre-en-poudre-500-g.jpg\",\"contentUrl\":\"https:\/\/nirigs.com\/wp-content\/uploads\/2024\/10\/Casino-Buchettes-sucre-en-poudre-500-g.jpg\",\"width\":1000,\"height\":1000},{\"@type\":\"BreadcrumbList\",\"@id\":\"https:\/\/nirigs.com\/product\/casino-buchettes-sucre-en-poudre-500-g\/#breadcrumb\",\"itemListElement\":[{\"@type\":\"ListItem\",\"position\":1,\"name\":\"Home\",\"item\":\"https:\/\/nirigs.com\/\"},{\"@type\":\"ListItem\",\"position\":2,\"name\":\"Parcourir\",\"item\":\"https:\/\/nirigs.com\/boutique\/\"},{\"@type\":\"ListItem\",\"position\":3,\"name\":\"Casino &#8211; B\u00fbchettes sucre en poudre &#8211; 500 g\"}]},{\"@type\":\"WebSite\",\"@id\":\"https:\/\/nirigs.com\/#website\",\"url\":\"https:\/\/nirigs.com\/\",\"name\":\"Nirigs.com\",\"description\":\"Simplifiez vos achats du quotidien \u00e0 Djibouti\",\"publisher\":{\"@id\":\"https:\/\/nirigs.com\/#organization\"},\"potentialAction\":[{\"@type\":\"SearchAction\",\"target\":{\"@type\":\"EntryPoint\",\"urlTemplate\":\"https:\/\/nirigs.com\/?s={search_term_string}\"},\"query-input\":{\"@type\":\"PropertyValueSpecification\",\"valueRequired\":true,\"valueName\":\"search_term_string\"}}],\"inLanguage\":\"ar\"},{\"@type\":\"Organization\",\"@id\":\"https:\/\/nirigs.com\/#organization\",\"name\":\"Nirigs\",\"url\":\"https:\/\/nirigs.com\/\",\"logo\":{\"@type\":\"ImageObject\",\"inLanguage\":\"ar\",\"@id\":\"https:\/\/nirigs.com\/#\/schema\/logo\/image\/\",\"url\":\"https:\/\/nirigs.com\/wp-content\/uploads\/2025\/04\/Design-sans-titre-27.png\",\"contentUrl\":\"https:\/\/nirigs.com\/wp-content\/uploads\/2025\/04\/Design-sans-titre-27.png\",\"width\":500,\"height\":500,\"caption\":\"Nirigs\"},\"image\":{\"@id\":\"https:\/\/nirigs.com\/#\/schema\/logo\/image\/\"}}]}<\/script>\n<!-- \/ Yoast SEO plugin. -->","yoast_head_json":{"title":"Casino - B\u00fbchettes sucre en poudre - 500 g - NIRIGS","robots":{"index":"index","follow":"follow","max-snippet":"max-snippet:-1","max-image-preview":"max-image-preview:large","max-video-preview":"max-video-preview:-1"},"canonical":"https:\/\/nirigs.com\/ar\/product\/casino-buchettes-sucre-en-poudre-500-g\/","og_locale":"ar_AR","og_type":"article","og_title":"Casino - B\u00fbchettes sucre en poudre - 500 g - NIRIGS","og_description":"Les B\u00fbchettes de Sucre en Poudre Casino sont id\u00e9ales pour sucrer vos boissons chaudes ou froides de mani\u00e8re pratique et","og_url":"https:\/\/nirigs.com\/ar\/product\/casino-buchettes-sucre-en-poudre-500-g\/","og_site_name":"NIRIGS","article_modified_time":"2025-03-13T09:02:07+00:00","og_image":[{"width":1000,"height":1000,"url":"https:\/\/nirigs.com\/wp-content\/uploads\/2024\/10\/Casino-Buchettes-sucre-en-poudre-500-g.jpg","type":"image\/jpeg"}],"twitter_card":"summary_large_image","twitter_misc":{"\u0648\u0642\u062a \u0627\u0644\u0642\u0631\u0627\u0621\u0629 \u0627\u0644\u0645\u064f\u0642\u062f\u0651\u0631":"\u062f\u0642\u064a\u0642\u0629 \u0648\u0627\u062d\u062f\u0629"},"schema":{"@context":"https:\/\/schema.org","@graph":[{"@type":"WebPage","@id":"https:\/\/nirigs.com\/product\/casino-buchettes-sucre-en-poudre-500-g\/","url":"https:\/\/nirigs.com\/product\/casino-buchettes-sucre-en-poudre-500-g\/","name":"Casino - B\u00fbchettes sucre en poudre - 500 g - NIRIGS","isPartOf":{"@id":"https:\/\/nirigs.com\/#website"},"primaryImageOfPage":{"@id":"https:\/\/nirigs.com\/product\/casino-buchettes-sucre-en-poudre-500-g\/#primaryimage"},"image":{"@id":"https:\/\/nirigs.com\/product\/casino-buchettes-sucre-en-poudre-500-g\/#primaryimage"},"thumbnailUrl":"https:\/\/nirigs.com\/wp-content\/uploads\/2024\/10\/Casino-Buchettes-sucre-en-poudre-500-g.jpg","datePublished":"2024-10-06T15:00:23+00:00","dateModified":"2025-03-13T09:02:07+00:00","breadcrumb":{"@id":"https:\/\/nirigs.com\/product\/casino-buchettes-sucre-en-poudre-500-g\/#breadcrumb"},"inLanguage":"ar","potentialAction":[{"@type":"ReadAction","target":["https:\/\/nirigs.com\/product\/casino-buchettes-sucre-en-poudre-500-g\/"]}]},{"@type":"ImageObject","inLanguage":"ar","@id":"https:\/\/nirigs.com\/product\/casino-buchettes-sucre-en-poudre-500-g\/#primaryimage","url":"https:\/\/nirigs.com\/wp-content\/uploads\/2024\/10\/Casino-Buchettes-sucre-en-poudre-500-g.jpg","contentUrl":"https:\/\/nirigs.com\/wp-content\/uploads\/2024\/10\/Casino-Buchettes-sucre-en-poudre-500-g.jpg","width":1000,"height":1000},{"@type":"BreadcrumbList","@id":"https:\/\/nirigs.com\/product\/casino-buchettes-sucre-en-poudre-500-g\/#breadcrumb","itemListElement":[{"@type":"ListItem","position":1,"name":"Home","item":"https:\/\/nirigs.com\/"},{"@type":"ListItem","position":2,"name":"Parcourir","item":"https:\/\/nirigs.com\/boutique\/"},{"@type":"ListItem","position":3,"name":"Casino &#8211; B\u00fbchettes sucre en poudre &#8211; 500 g"}]},{"@type":"WebSite","@id":"https:\/\/nirigs.com\/#website","url":"https:\/\/nirigs.com\/","name":"Nirigs.com","description":"Simplifiez vos achats du quotidien \u00e0 Djibouti","publisher":{"@id":"https:\/\/nirigs.com\/#organization"},"potentialAction":[{"@type":"SearchAction","target":{"@type":"EntryPoint","urlTemplate":"https:\/\/nirigs.com\/?s={search_term_string}"},"query-input":{"@type":"PropertyValueSpecification","valueRequired":true,"valueName":"search_term_string"}}],"inLanguage":"ar"},{"@type":"Organization","@id":"https:\/\/nirigs.com\/#organization","name":"\u0646\u064a\u0631\u064a\u062c\u0633","url":"https:\/\/nirigs.com\/","logo":{"@type":"ImageObject","inLanguage":"ar","@id":"https:\/\/nirigs.com\/#\/schema\/logo\/image\/","url":"https:\/\/nirigs.com\/wp-content\/uploads\/2025\/04\/Design-sans-titre-27.png","contentUrl":"https:\/\/nirigs.com\/wp-content\/uploads\/2025\/04\/Design-sans-titre-27.png","width":500,"height":500,"caption":"Nirigs"},"image":{"@id":"https:\/\/nirigs.com\/#\/schema\/logo\/image\/"}}]}},"brands":[{"id":843,"name":"\u0643\u0627\u0632\u064a\u0646\u0648","slug":"casino"}],"_links":{"self":[{"href":"https:\/\/nirigs.com\/ar\/wp-json\/wp\/v2\/product\/23163","targetHints":{"allow":["GET"]}}],"collection":[{"href":"https:\/\/nirigs.com\/ar\/wp-json\/wp\/v2\/product"}],"about":[{"href":"https:\/\/nirigs.com\/ar\/wp-json\/wp\/v2\/types\/product"}],"replies":[{"embeddable":true,"href":"https:\/\/nirigs.com\/ar\/wp-json\/wp\/v2\/comments?post=23163"}],"version-history":[{"count":2,"href":"https:\/\/nirigs.com\/ar\/wp-json\/wp\/v2\/product\/23163\/revisions"}],"predecessor-version":[{"id":26158,"href":"https:\/\/nirigs.com\/ar\/wp-json\/wp\/v2\/product\/23163\/revisions\/26158"}],"wp:featuredmedia":[{"embeddable":true,"href":"https:\/\/nirigs.com\/ar\/wp-json\/wp\/v2\/media\/26157"}],"wp:attachment":[{"href":"https:\/\/nirigs.com\/ar\/wp-json\/wp\/v2\/media?parent=23163"}],"wp:term":[{"taxonomy":"pwb-brand","embeddable":true,"href":"https:\/\/nirigs.com\/ar\/wp-json\/wp\/v2\/pwb-brand?post=23163"},{"taxonomy":"product_brand","embeddable":true,"href":"https:\/\/nirigs.com\/ar\/wp-json\/wp\/v2\/product_brand?post=23163"},{"taxonomy":"product_cat","embeddable":true,"href":"https:\/\/nirigs.com\/ar\/wp-json\/wp\/v2\/product_cat?post=23163"},{"taxonomy":"product_tag","embeddable":true,"href":"https:\/\/nirigs.com\/ar\/wp-json\/wp\/v2\/product_tag?post=23163"}],"curies":[{"name":"wp","href":"https:\/\/api.w.org\/{rel}","templated":true}]}}