{"id":23157,"date":"2024-10-06T18:00:21","date_gmt":"2024-10-06T15:00:21","guid":{"rendered":"https:\/\/nirigs.com\/produit\/casino-miel-liquide-de-fleurs-de-montagne-500-g\/"},"modified":"2025-03-13T12:03:34","modified_gmt":"2025-03-13T09:03:34","slug":"casino-miel-liquide-de-fleurs-de-montagne-500-g","status":"publish","type":"product","link":"https:\/\/nirigs.com\/ar\/product\/casino-miel-liquide-de-fleurs-de-montagne-500-g\/","title":{"rendered":"\u0643\u0627\u0632\u064a\u0646\u0648 \u2013 \u0639\u0633\u0644 \u0627\u0644\u0632\u0647\u0648\u0631 \u0627\u0644\u062c\u0628\u0644\u064a\u0629 \u0627\u0644\u0633\u0627\u0626\u0644\u0629 \u2013 500 \u062c\u0645"},"content":{"rendered":"<p>\u0639\u0633\u0644 \u0632\u0647\u0648\u0631 \u0643\u0627\u0632\u064a\u0646\u0648 \u0645\u0627\u0648\u0646\u062a\u0646 \u0627\u0644\u0633\u0627\u0626\u0644 \u0647\u0648 \u0639\u0633\u0644 \u0637\u0628\u064a\u0639\u064a \u0648\u0646\u0642\u064a\u060c \u064a\u062a\u0645 \u062d\u0635\u0627\u062f\u0647 \u0641\u064a \u0627\u0644\u062c\u0628\u0627\u0644 \u062d\u064a\u062b \u062a\u0642\u062f\u0645 \u0627\u0644\u0632\u0647\u0648\u0631 \u0627\u0644\u0628\u0631\u064a\u0629 \u0648\u0627\u0644\u0646\u0628\u0627\u062a\u0627\u062a \u0627\u0644\u0645\u062d\u0644\u064a\u0629 \u0645\u062c\u0645\u0648\u0639\u0629 \u0641\u0631\u064a\u062f\u0629 \u0645\u0646 \u0627\u0644\u0646\u0643\u0647\u0627\u062a. \u0647\u0630\u0627 \u0627\u0644\u0639\u0633\u0644 \u0630\u0648 \u0627\u0644\u0644\u0648\u0646 \u0627\u0644\u0630\u0647\u0628\u064a \u0648\u0627\u0644\u0645\u0644\u0645\u0633 \u0627\u0644\u0646\u0627\u0639\u0645 \u0645\u062b\u0627\u0644\u064a \u0644\u062a\u062d\u0644\u064a\u0629 \u0645\u0634\u0631\u0648\u0628\u0627\u062a\u0643 \u0623\u0648 \u0644\u0645\u0631\u0627\u0641\u0642\u0629 \u0623\u0637\u0628\u0627\u0642\u0643 \u0623\u0648 \u0644\u0644\u0627\u0633\u062a\u0647\u0644\u0627\u0643 \u0627\u0644\u0645\u0628\u0627\u0634\u0631.<\/p>\n<h4>\u0645\u0643\u0648\u0646\u0627\u062a :<\/h4>\n<p>\u0639\u0633\u0644 \u0627\u0644\u0632\u0647\u0648\u0631 \u0627\u0644\u062c\u0628\u0644\u064a\u0629 \u0627\u0644\u0646\u0642\u064a 100%.<\/p>\n<h4>\u0641\u0648\u0627\u0626\u062f :<\/h4>\n<ul>\n<li>100% \u0637\u0628\u064a\u0639\u064a: \u0628\u062f\u0648\u0646 \u0625\u0636\u0627\u0641\u0629 \u0645\u0648\u0627\u062f \u062d\u0627\u0641\u0638\u0629 \u0623\u0648 \u0625\u0636\u0627\u0641\u0627\u062a.<\/li>\n<li>\u063a\u0646\u064a \u0628\u0627\u0644\u0645\u063a\u0630\u064a\u0627\u062a: \u064a\u062d\u062a\u0648\u064a \u0639\u0644\u0649 \u0645\u0636\u0627\u062f\u0627\u062a \u0627\u0644\u0623\u0643\u0633\u062f\u0629 \u0648\u0627\u0644\u0641\u064a\u062a\u0627\u0645\u064a\u0646\u0627\u062a \u0648\u0627\u0644\u0645\u0639\u0627\u062f\u0646.<\/li>\n<li>\u064a\u062f\u0639\u0645 \u062c\u0647\u0627\u0632 \u0627\u0644\u0645\u0646\u0627\u0639\u0629: \u064a\u0633\u0627\u0639\u062f \u0639\u0644\u0649 \u062a\u0642\u0648\u064a\u0629 \u0627\u0644\u062f\u0641\u0627\u0639\u0627\u062a \u0627\u0644\u0637\u0628\u064a\u0639\u064a\u0629 \u0628\u0641\u0636\u0644 \u062e\u0635\u0627\u0626\u0635\u0647 \u0627\u0644\u0645\u0636\u0627\u062f\u0629 \u0644\u0644\u0628\u0643\u062a\u064a\u0631\u064a\u0627.<\/li>\n<li>\u0627\u0644\u0637\u0639\u0645 \u0627\u0644\u0623\u0635\u064a\u0644: \u0646\u0643\u0647\u0629 \u062d\u0644\u0648\u0629 \u0648\u0632\u0647\u0631\u064a\u0629 \u0646\u0645\u0648\u0630\u062c\u064a\u0629 \u0644\u0644\u0632\u0647\u0648\u0631 \u0627\u0644\u062c\u0628\u0644\u064a\u0629.<\/li>\n<li>\u0627\u0633\u062a\u062e\u062f\u0627\u0645\u0627\u062a \u0645\u062a\u0639\u062f\u062f\u0629: \u0645\u062b\u0627\u0644\u064a \u0644\u0644\u0634\u0627\u064a \u0623\u0648 \u0627\u0644\u062e\u0628\u0632 \u0627\u0644\u0645\u062d\u0645\u0635 \u0623\u0648 \u0643\u0639\u0646\u0635\u0631 \u0641\u064a \u0648\u0635\u0641\u0627\u062a\u0643 \u0627\u0644\u062d\u0644\u0648\u0629 \u0648\u0627\u0644\u0645\u0627\u0644\u062d\u0629.<\/li>\n<\/ul>\n<h4>\u062a\u0639\u0644\u064a\u0645\u0627\u062a :<\/h4>\n<ol>\n<li>\u062a\u0646\u0627\u0648\u0644 \u0627\u0644\u0637\u0639\u0627\u0645 \u0643\u0645\u0627 \u0647\u0648 \u0639\u0644\u0649 \u0627\u0644\u062e\u0628\u0632 \u0627\u0644\u0645\u062d\u0645\u0635\u060c \u0623\u0648 \u0641\u064a \u0627\u0644\u0632\u0628\u0627\u062f\u064a\u060c \u0623\u0648 \u0644\u062a\u062d\u0644\u064a\u0629 \u0645\u0634\u0631\u0648\u0628\u0627\u062a\u0643.<\/li>\n<li>\u064a\u0645\u0643\u0646 \u062f\u0645\u062c\u0647\u0627 \u0641\u064a \u0648\u0635\u0641\u0627\u062a \u0627\u0644\u0645\u0639\u062c\u0646\u0627\u062a \u0623\u0648 \u0627\u0644\u0635\u0644\u0635\u0627\u062a \u0623\u0648 \u0627\u0644\u0645\u062e\u0644\u0644\u0627\u062a \u0644\u0625\u0636\u0627\u0641\u0629 \u0644\u0645\u0633\u0629 \u062d\u0644\u0648\u0629 \u0637\u0628\u064a\u0639\u064a\u0629.<\/li>\n<\/ol>\n<h4>\u0627\u062d\u062a\u064a\u0627\u0637\u0627\u062a:<\/h4>\n<ul>\n<li>\u0644\u0627 \u062a\u0639\u0637\u064a \u0627\u0644\u0639\u0633\u0644 \u0644\u0644\u0623\u0637\u0641\u0627\u0644 \u0623\u0642\u0644 \u0645\u0646 \u0633\u0646\u0629 \u0648\u0627\u062d\u062f\u0629 \u0628\u0633\u0628\u0628 \u062e\u0637\u0631 \u0627\u0644\u062a\u0633\u0645\u0645 \u0627\u0644\u063a\u0630\u0627\u0626\u064a \u0639\u0646\u062f \u0627\u0644\u0631\u0636\u0639.<\/li>\n<li>\u064a\u062d\u0641\u0638 \u0641\u064a \u0645\u0643\u0627\u0646 \u0628\u0627\u0631\u062f\u060c \u0628\u0639\u064a\u062f\u0627\u064b \u0639\u0646 \u0627\u0644\u0636\u0648\u0621 \u0648\u0627\u0644\u0631\u0637\u0648\u0628\u0629.<\/li>\n<li>\u0645\u0646 \u0627\u0644\u0623\u0641\u0636\u0644 \u0627\u0633\u062a\u0647\u0644\u0627\u0643\u0647 \u0642\u0628\u0644 \u0627\u0644\u062a\u0627\u0631\u064a\u062e \u0627\u0644\u0645\u0648\u0636\u062d \u0639\u0644\u0649 \u0627\u0644\u0639\u0628\u0648\u0629.<\/li>\n<\/ul>","protected":false},"excerpt":{"rendered":"<p>Le Miel liquide de fleurs de montagne Casino est un miel naturel et pur, r\u00e9colt\u00e9 dans les montagnes o\u00f9 les<\/p>","protected":false},"featured_media":26174,"comment_status":"open","ping_status":"closed","template":"","meta":[],"pwb-brand":[843],"product_brand":[],"product_cat":[944,275,945],"product_tag":[],"class_list":{"0":"post-23157","1":"product","2":"type-product","3":"status-publish","4":"has-post-thumbnail","6":"pwb-brand-casino","7":"product_cat-confiture-miel-et-pate-a-tartiner","8":"product_cat-epicerie","9":"product_cat-miel-confiture-miel-et-pate-a-tartiner","11":"first","12":"instock","13":"shipping-taxable","14":"purchasable","15":"product-type-simple"},"yoast_head":"<!-- This site is optimized with the Yoast SEO plugin v27.4 - https:\/\/yoast.com\/product\/yoast-seo-wordpress\/ -->\n<title>Casino - Miel liquide de fleurs de montagne - 500 g - NIRIGS<\/title>\n<meta name=\"robots\" content=\"index, follow, max-snippet:-1, max-image-preview:large, max-video-preview:-1\" \/>\n<link rel=\"canonical\" href=\"https:\/\/nirigs.com\/ar\/product\/casino-miel-liquide-de-fleurs-de-montagne-500-g\/\" \/>\n<meta property=\"og:locale\" content=\"ar_AR\" \/>\n<meta property=\"og:type\" content=\"article\" \/>\n<meta property=\"og:title\" content=\"Casino - Miel liquide de fleurs de montagne - 500 g - NIRIGS\" \/>\n<meta property=\"og:description\" content=\"Le Miel liquide de fleurs de montagne Casino est un miel naturel et pur, r\u00e9colt\u00e9 dans les montagnes o\u00f9 les\" \/>\n<meta property=\"og:url\" content=\"https:\/\/nirigs.com\/ar\/product\/casino-miel-liquide-de-fleurs-de-montagne-500-g\/\" \/>\n<meta property=\"og:site_name\" content=\"NIRIGS\" \/>\n<meta property=\"article:modified_time\" content=\"2025-03-13T09:03:34+00:00\" \/>\n<meta property=\"og:image\" content=\"https:\/\/nirigs.com\/wp-content\/uploads\/2024\/10\/Casino-Miel-liquide-de-fleurs-de-montagne-500-g.jpg\" \/>\n\t<meta property=\"og:image:width\" content=\"1000\" \/>\n\t<meta property=\"og:image:height\" content=\"1000\" \/>\n\t<meta property=\"og:image:type\" content=\"image\/jpeg\" \/>\n<meta name=\"twitter:card\" content=\"summary_large_image\" \/>\n<meta name=\"twitter:label1\" content=\"\u0648\u0642\u062a \u0627\u0644\u0642\u0631\u0627\u0621\u0629 \u0627\u0644\u0645\u064f\u0642\u062f\u0651\u0631\" \/>\n\t<meta name=\"twitter:data1\" content=\"\u062f\u0642\u064a\u0642\u0629 \u0648\u0627\u062d\u062f\u0629\" \/>\n<script type=\"application\/ld+json\" class=\"yoast-schema-graph\">{\"@context\":\"https:\\\/\\\/schema.org\",\"@graph\":[{\"@type\":\"WebPage\",\"@id\":\"https:\\\/\\\/nirigs.com\\\/product\\\/casino-miel-liquide-de-fleurs-de-montagne-500-g\\\/\",\"url\":\"https:\\\/\\\/nirigs.com\\\/product\\\/casino-miel-liquide-de-fleurs-de-montagne-500-g\\\/\",\"name\":\"Casino - Miel liquide de fleurs de montagne - 500 g - NIRIGS\",\"isPartOf\":{\"@id\":\"https:\\\/\\\/nirigs.com\\\/#website\"},\"primaryImageOfPage\":{\"@id\":\"https:\\\/\\\/nirigs.com\\\/product\\\/casino-miel-liquide-de-fleurs-de-montagne-500-g\\\/#primaryimage\"},\"image\":{\"@id\":\"https:\\\/\\\/nirigs.com\\\/product\\\/casino-miel-liquide-de-fleurs-de-montagne-500-g\\\/#primaryimage\"},\"thumbnailUrl\":\"https:\\\/\\\/nirigs.com\\\/wp-content\\\/uploads\\\/2024\\\/10\\\/Casino-Miel-liquide-de-fleurs-de-montagne-500-g.jpg\",\"datePublished\":\"2024-10-06T15:00:21+00:00\",\"dateModified\":\"2025-03-13T09:03:34+00:00\",\"breadcrumb\":{\"@id\":\"https:\\\/\\\/nirigs.com\\\/product\\\/casino-miel-liquide-de-fleurs-de-montagne-500-g\\\/#breadcrumb\"},\"inLanguage\":\"ar\",\"potentialAction\":[{\"@type\":\"ReadAction\",\"target\":[\"https:\\\/\\\/nirigs.com\\\/product\\\/casino-miel-liquide-de-fleurs-de-montagne-500-g\\\/\"]}]},{\"@type\":\"ImageObject\",\"inLanguage\":\"ar\",\"@id\":\"https:\\\/\\\/nirigs.com\\\/product\\\/casino-miel-liquide-de-fleurs-de-montagne-500-g\\\/#primaryimage\",\"url\":\"https:\\\/\\\/nirigs.com\\\/wp-content\\\/uploads\\\/2024\\\/10\\\/Casino-Miel-liquide-de-fleurs-de-montagne-500-g.jpg\",\"contentUrl\":\"https:\\\/\\\/nirigs.com\\\/wp-content\\\/uploads\\\/2024\\\/10\\\/Casino-Miel-liquide-de-fleurs-de-montagne-500-g.jpg\",\"width\":1000,\"height\":1000},{\"@type\":\"BreadcrumbList\",\"@id\":\"https:\\\/\\\/nirigs.com\\\/product\\\/casino-miel-liquide-de-fleurs-de-montagne-500-g\\\/#breadcrumb\",\"itemListElement\":[{\"@type\":\"ListItem\",\"position\":1,\"name\":\"Home\",\"item\":\"https:\\\/\\\/nirigs.com\\\/\"},{\"@type\":\"ListItem\",\"position\":2,\"name\":\"Parcourir\",\"item\":\"https:\\\/\\\/nirigs.com\\\/boutique\\\/\"},{\"@type\":\"ListItem\",\"position\":3,\"name\":\"Casino &#8211; Miel liquide de fleurs de montagne &#8211; 500 g\"}]},{\"@type\":\"WebSite\",\"@id\":\"https:\\\/\\\/nirigs.com\\\/#website\",\"url\":\"https:\\\/\\\/nirigs.com\\\/\",\"name\":\"Nirigs.com\",\"description\":\"Simplifiez vos achats du quotidien \u00e0 Djibouti\",\"publisher\":{\"@id\":\"https:\\\/\\\/nirigs.com\\\/#organization\"},\"potentialAction\":[{\"@type\":\"SearchAction\",\"target\":{\"@type\":\"EntryPoint\",\"urlTemplate\":\"https:\\\/\\\/nirigs.com\\\/?s={search_term_string}\"},\"query-input\":{\"@type\":\"PropertyValueSpecification\",\"valueRequired\":true,\"valueName\":\"search_term_string\"}}],\"inLanguage\":\"ar\"},{\"@type\":\"Organization\",\"@id\":\"https:\\\/\\\/nirigs.com\\\/#organization\",\"name\":\"Nirigs\",\"url\":\"https:\\\/\\\/nirigs.com\\\/\",\"logo\":{\"@type\":\"ImageObject\",\"inLanguage\":\"ar\",\"@id\":\"https:\\\/\\\/nirigs.com\\\/#\\\/schema\\\/logo\\\/image\\\/\",\"url\":\"https:\\\/\\\/nirigs.com\\\/wp-content\\\/uploads\\\/2025\\\/04\\\/Design-sans-titre-27.png\",\"contentUrl\":\"https:\\\/\\\/nirigs.com\\\/wp-content\\\/uploads\\\/2025\\\/04\\\/Design-sans-titre-27.png\",\"width\":500,\"height\":500,\"caption\":\"Nirigs\"},\"image\":{\"@id\":\"https:\\\/\\\/nirigs.com\\\/#\\\/schema\\\/logo\\\/image\\\/\"}}]}<\/script>\n<!-- \/ Yoast SEO plugin. -->","yoast_head_json":{"title":"Casino - Miel liquide de fleurs de montagne - 500 g - NIRIGS","robots":{"index":"index","follow":"follow","max-snippet":"max-snippet:-1","max-image-preview":"max-image-preview:large","max-video-preview":"max-video-preview:-1"},"canonical":"https:\/\/nirigs.com\/ar\/product\/casino-miel-liquide-de-fleurs-de-montagne-500-g\/","og_locale":"ar_AR","og_type":"article","og_title":"Casino - Miel liquide de fleurs de montagne - 500 g - NIRIGS","og_description":"Le Miel liquide de fleurs de montagne Casino est un miel naturel et pur, r\u00e9colt\u00e9 dans les montagnes o\u00f9 les","og_url":"https:\/\/nirigs.com\/ar\/product\/casino-miel-liquide-de-fleurs-de-montagne-500-g\/","og_site_name":"NIRIGS","article_modified_time":"2025-03-13T09:03:34+00:00","og_image":[{"width":1000,"height":1000,"url":"https:\/\/nirigs.com\/wp-content\/uploads\/2024\/10\/Casino-Miel-liquide-de-fleurs-de-montagne-500-g.jpg","type":"image\/jpeg"}],"twitter_card":"summary_large_image","twitter_misc":{"\u0648\u0642\u062a \u0627\u0644\u0642\u0631\u0627\u0621\u0629 \u0627\u0644\u0645\u064f\u0642\u062f\u0651\u0631":"\u062f\u0642\u064a\u0642\u0629 \u0648\u0627\u062d\u062f\u0629"},"schema":{"@context":"https:\/\/schema.org","@graph":[{"@type":"WebPage","@id":"https:\/\/nirigs.com\/product\/casino-miel-liquide-de-fleurs-de-montagne-500-g\/","url":"https:\/\/nirigs.com\/product\/casino-miel-liquide-de-fleurs-de-montagne-500-g\/","name":"Casino - Miel liquide de fleurs de montagne - 500 g - NIRIGS","isPartOf":{"@id":"https:\/\/nirigs.com\/#website"},"primaryImageOfPage":{"@id":"https:\/\/nirigs.com\/product\/casino-miel-liquide-de-fleurs-de-montagne-500-g\/#primaryimage"},"image":{"@id":"https:\/\/nirigs.com\/product\/casino-miel-liquide-de-fleurs-de-montagne-500-g\/#primaryimage"},"thumbnailUrl":"https:\/\/nirigs.com\/wp-content\/uploads\/2024\/10\/Casino-Miel-liquide-de-fleurs-de-montagne-500-g.jpg","datePublished":"2024-10-06T15:00:21+00:00","dateModified":"2025-03-13T09:03:34+00:00","breadcrumb":{"@id":"https:\/\/nirigs.com\/product\/casino-miel-liquide-de-fleurs-de-montagne-500-g\/#breadcrumb"},"inLanguage":"ar","potentialAction":[{"@type":"ReadAction","target":["https:\/\/nirigs.com\/product\/casino-miel-liquide-de-fleurs-de-montagne-500-g\/"]}]},{"@type":"ImageObject","inLanguage":"ar","@id":"https:\/\/nirigs.com\/product\/casino-miel-liquide-de-fleurs-de-montagne-500-g\/#primaryimage","url":"https:\/\/nirigs.com\/wp-content\/uploads\/2024\/10\/Casino-Miel-liquide-de-fleurs-de-montagne-500-g.jpg","contentUrl":"https:\/\/nirigs.com\/wp-content\/uploads\/2024\/10\/Casino-Miel-liquide-de-fleurs-de-montagne-500-g.jpg","width":1000,"height":1000},{"@type":"BreadcrumbList","@id":"https:\/\/nirigs.com\/product\/casino-miel-liquide-de-fleurs-de-montagne-500-g\/#breadcrumb","itemListElement":[{"@type":"ListItem","position":1,"name":"Home","item":"https:\/\/nirigs.com\/"},{"@type":"ListItem","position":2,"name":"Parcourir","item":"https:\/\/nirigs.com\/boutique\/"},{"@type":"ListItem","position":3,"name":"Casino &#8211; Miel liquide de fleurs de montagne &#8211; 500 g"}]},{"@type":"WebSite","@id":"https:\/\/nirigs.com\/#website","url":"https:\/\/nirigs.com\/","name":"Nirigs.com","description":"Simplifiez vos achats du quotidien \u00e0 Djibouti","publisher":{"@id":"https:\/\/nirigs.com\/#organization"},"potentialAction":[{"@type":"SearchAction","target":{"@type":"EntryPoint","urlTemplate":"https:\/\/nirigs.com\/?s={search_term_string}"},"query-input":{"@type":"PropertyValueSpecification","valueRequired":true,"valueName":"search_term_string"}}],"inLanguage":"ar"},{"@type":"Organization","@id":"https:\/\/nirigs.com\/#organization","name":"\u0646\u064a\u0631\u064a\u062c\u0633","url":"https:\/\/nirigs.com\/","logo":{"@type":"ImageObject","inLanguage":"ar","@id":"https:\/\/nirigs.com\/#\/schema\/logo\/image\/","url":"https:\/\/nirigs.com\/wp-content\/uploads\/2025\/04\/Design-sans-titre-27.png","contentUrl":"https:\/\/nirigs.com\/wp-content\/uploads\/2025\/04\/Design-sans-titre-27.png","width":500,"height":500,"caption":"Nirigs"},"image":{"@id":"https:\/\/nirigs.com\/#\/schema\/logo\/image\/"}}]}},"brands":[{"id":843,"name":"\u0643\u0627\u0632\u064a\u0646\u0648","slug":"casino"}],"_links":{"self":[{"href":"https:\/\/nirigs.com\/ar\/wp-json\/wp\/v2\/product\/23157","targetHints":{"allow":["GET"]}}],"collection":[{"href":"https:\/\/nirigs.com\/ar\/wp-json\/wp\/v2\/product"}],"about":[{"href":"https:\/\/nirigs.com\/ar\/wp-json\/wp\/v2\/types\/product"}],"replies":[{"embeddable":true,"href":"https:\/\/nirigs.com\/ar\/wp-json\/wp\/v2\/comments?post=23157"}],"version-history":[{"count":3,"href":"https:\/\/nirigs.com\/ar\/wp-json\/wp\/v2\/product\/23157\/revisions"}],"predecessor-version":[{"id":26180,"href":"https:\/\/nirigs.com\/ar\/wp-json\/wp\/v2\/product\/23157\/revisions\/26180"}],"wp:featuredmedia":[{"embeddable":true,"href":"https:\/\/nirigs.com\/ar\/wp-json\/wp\/v2\/media\/26174"}],"wp:attachment":[{"href":"https:\/\/nirigs.com\/ar\/wp-json\/wp\/v2\/media?parent=23157"}],"wp:term":[{"taxonomy":"pwb-brand","embeddable":true,"href":"https:\/\/nirigs.com\/ar\/wp-json\/wp\/v2\/pwb-brand?post=23157"},{"taxonomy":"product_brand","embeddable":true,"href":"https:\/\/nirigs.com\/ar\/wp-json\/wp\/v2\/product_brand?post=23157"},{"taxonomy":"product_cat","embeddable":true,"href":"https:\/\/nirigs.com\/ar\/wp-json\/wp\/v2\/product_cat?post=23157"},{"taxonomy":"product_tag","embeddable":true,"href":"https:\/\/nirigs.com\/ar\/wp-json\/wp\/v2\/product_tag?post=23157"}],"curies":[{"name":"wp","href":"https:\/\/api.w.org\/{rel}","templated":true}]}}