{"id":23155,"date":"2024-10-06T18:00:19","date_gmt":"2024-10-06T15:00:19","guid":{"rendered":"https:\/\/nirigs.com\/produit\/leader-price-confiture-extra-abricot-30-de-sucres-de-moins-340-g\/"},"modified":"2025-03-13T12:03:43","modified_gmt":"2025-03-13T09:03:43","slug":"leader-price-confiture-extra-abricot-30-de-sucres-de-moins-340-g","status":"publish","type":"product","link":"https:\/\/nirigs.com\/ar\/product\/leader-price-confiture-extra-abricot-30-de-sucres-de-moins-340-g\/","title":{"rendered":"\u0644\u064a\u062f\u0631 \u0628\u0631\u0627\u064a\u0633 \u2013 \u0645\u0631\u0628\u0649 \u0627\u0644\u0645\u0634\u0645\u0634 \u0627\u0644\u0625\u0636\u0627\u0641\u064a 30% \u0633\u0643\u0631\u064a\u0627\u062a \u0623\u0642\u0644 \u2013 340 \u062c\u0645"},"content":{"rendered":"<p>La confiture extra d&rsquo;abricot Leader Price est une pr\u00e9paration gourmande \u00e0 base de fruits s\u00e9lectionn\u00e9s. Avec 30% de sucres en moins par rapport \u00e0 une confiture traditionnelle, elle offre une saveur d\u00e9licate et authentique d&rsquo;abricot tout en \u00e9tant plus l\u00e9g\u00e8re. Id\u00e9ale pour les petits-d\u00e9jeuners ou pour agr\u00e9menter vos desserts, elle allie plaisir et \u00e9quilibre.<\/p>\n<h4>\u0645\u0643\u0648\u0646\u0627\u062a :<\/h4>\n<p>Abricots (55%), sucre, concentr\u00e9 de jus de citron, g\u00e9lifiant : pectine, \u00e9dulcorant : St\u00e9via, acide citrique.<\/p>\n<h4>\u0641\u0648\u0627\u0626\u062f :<\/h4>\n<ul>\n<li>Moins de sucre : R\u00e9duction de 30% des sucres par rapport \u00e0 une confiture classique.<\/li>\n<li>Saveur authentique : Go\u00fbt naturel d&rsquo;abricot gr\u00e2ce \u00e0 une forte teneur en fruits.<\/li>\n<li>Sans conservateurs : Pas d&rsquo;additifs chimiques.<\/li>\n<li>Source de fibres : Contient des fibres naturelles provenant des fruits.<\/li>\n<\/ul>\n<h4>\u062a\u0639\u0644\u064a\u0645\u0627\u062a :<\/h4>\n<p>\u00c0 tartiner sur du pain, des cr\u00eapes, des gaufres ou \u00e0 utiliser dans vos recettes de desserts. Conservez \u00e0 temp\u00e9rature ambiante avant ouverture. Apr\u00e8s ouverture, \u00e0 conserver au r\u00e9frig\u00e9rateur et \u00e0 consommer dans les 3 semaines.<\/p>\n<h4>\u0627\u062d\u062a\u064a\u0627\u0637\u0627\u062a:<\/h4>\n<ul>\n<li>Ne pas consommer en cas d\u2019allergie ou d\u2019intol\u00e9rance \u00e0 l\u2019un des ingr\u00e9dients.<\/li>\n<li>Bien refermer le pot apr\u00e8s chaque utilisation.<\/li>\n<li>Ne pas laisser \u00e0 temp\u00e9rature ambiante une fois ouvert trop longtemps.<\/li>\n<li>Contient des traces de fruits \u00e0 coque et de gluten.<\/li>\n<\/ul>","protected":false},"excerpt":{"rendered":"<p>La confiture extra d&rsquo;abricot Leader Price est une pr\u00e9paration gourmande \u00e0 base de fruits s\u00e9lectionn\u00e9s. Avec 30% de sucres en<\/p>","protected":false},"featured_media":26571,"comment_status":"open","ping_status":"closed","template":"","meta":[],"pwb-brand":[1166],"product_brand":[],"product_cat":[944,275,947],"product_tag":[],"class_list":{"0":"post-23155","1":"product","2":"type-product","3":"status-publish","4":"has-post-thumbnail","6":"pwb-brand-leader-price","7":"product_cat-confiture-miel-et-pate-a-tartiner","8":"product_cat-epicerie","9":"product_cat-tartinables-de-fruit","11":"first","12":"instock","13":"shipping-taxable","14":"purchasable","15":"product-type-simple"},"yoast_head":"<!-- This site is optimized with the Yoast SEO plugin v27.1.1 - https:\/\/yoast.com\/product\/yoast-seo-wordpress\/ -->\n<title>Leader Price - Confiture extra abricot 30% de sucres de moins - 340 g - NIRIGS<\/title>\n<meta name=\"robots\" content=\"index, follow, max-snippet:-1, max-image-preview:large, max-video-preview:-1\" \/>\n<link rel=\"canonical\" href=\"https:\/\/nirigs.com\/ar\/product\/leader-price-confiture-extra-abricot-30-de-sucres-de-moins-340-g\/\" \/>\n<meta property=\"og:locale\" content=\"ar_AR\" \/>\n<meta property=\"og:type\" content=\"article\" \/>\n<meta property=\"og:title\" content=\"Leader Price - Confiture extra abricot 30% de sucres de moins - 340 g - NIRIGS\" \/>\n<meta property=\"og:description\" content=\"La confiture extra d&rsquo;abricot Leader Price est une pr\u00e9paration gourmande \u00e0 base de fruits s\u00e9lectionn\u00e9s. Avec 30% de sucres en\" \/>\n<meta property=\"og:url\" content=\"https:\/\/nirigs.com\/ar\/product\/leader-price-confiture-extra-abricot-30-de-sucres-de-moins-340-g\/\" \/>\n<meta property=\"og:site_name\" content=\"NIRIGS\" \/>\n<meta property=\"article:modified_time\" content=\"2025-03-13T09:03:43+00:00\" \/>\n<meta property=\"og:image\" content=\"https:\/\/nirigs.com\/wp-content\/uploads\/2024\/10\/Leader-Price-Confiture-extra-abricot-30-de-sucres-de-moins-340-g-1.jpg\" \/>\n\t<meta property=\"og:image:width\" content=\"1000\" \/>\n\t<meta property=\"og:image:height\" content=\"1000\" \/>\n\t<meta property=\"og:image:type\" content=\"image\/jpeg\" \/>\n<meta name=\"twitter:card\" content=\"summary_large_image\" \/>\n<meta name=\"twitter:label1\" content=\"\u0648\u0642\u062a \u0627\u0644\u0642\u0631\u0627\u0621\u0629 \u0627\u0644\u0645\u064f\u0642\u062f\u0651\u0631\" \/>\n\t<meta name=\"twitter:data1\" content=\"\u062f\u0642\u064a\u0642\u0629 \u0648\u0627\u062d\u062f\u0629\" \/>\n<script type=\"application\/ld+json\" class=\"yoast-schema-graph\">{\"@context\":\"https:\/\/schema.org\",\"@graph\":[{\"@type\":\"WebPage\",\"@id\":\"https:\/\/nirigs.com\/product\/leader-price-confiture-extra-abricot-30-de-sucres-de-moins-340-g\/\",\"url\":\"https:\/\/nirigs.com\/product\/leader-price-confiture-extra-abricot-30-de-sucres-de-moins-340-g\/\",\"name\":\"Leader Price - Confiture extra abricot 30% de sucres de moins - 340 g - NIRIGS\",\"isPartOf\":{\"@id\":\"https:\/\/nirigs.com\/#website\"},\"primaryImageOfPage\":{\"@id\":\"https:\/\/nirigs.com\/product\/leader-price-confiture-extra-abricot-30-de-sucres-de-moins-340-g\/#primaryimage\"},\"image\":{\"@id\":\"https:\/\/nirigs.com\/product\/leader-price-confiture-extra-abricot-30-de-sucres-de-moins-340-g\/#primaryimage\"},\"thumbnailUrl\":\"https:\/\/nirigs.com\/wp-content\/uploads\/2024\/10\/Leader-Price-Confiture-extra-abricot-30-de-sucres-de-moins-340-g-1.jpg\",\"datePublished\":\"2024-10-06T15:00:19+00:00\",\"dateModified\":\"2025-03-13T09:03:43+00:00\",\"breadcrumb\":{\"@id\":\"https:\/\/nirigs.com\/product\/leader-price-confiture-extra-abricot-30-de-sucres-de-moins-340-g\/#breadcrumb\"},\"inLanguage\":\"ar\",\"potentialAction\":[{\"@type\":\"ReadAction\",\"target\":[\"https:\/\/nirigs.com\/product\/leader-price-confiture-extra-abricot-30-de-sucres-de-moins-340-g\/\"]}]},{\"@type\":\"ImageObject\",\"inLanguage\":\"ar\",\"@id\":\"https:\/\/nirigs.com\/product\/leader-price-confiture-extra-abricot-30-de-sucres-de-moins-340-g\/#primaryimage\",\"url\":\"https:\/\/nirigs.com\/wp-content\/uploads\/2024\/10\/Leader-Price-Confiture-extra-abricot-30-de-sucres-de-moins-340-g-1.jpg\",\"contentUrl\":\"https:\/\/nirigs.com\/wp-content\/uploads\/2024\/10\/Leader-Price-Confiture-extra-abricot-30-de-sucres-de-moins-340-g-1.jpg\",\"width\":1000,\"height\":1000},{\"@type\":\"BreadcrumbList\",\"@id\":\"https:\/\/nirigs.com\/product\/leader-price-confiture-extra-abricot-30-de-sucres-de-moins-340-g\/#breadcrumb\",\"itemListElement\":[{\"@type\":\"ListItem\",\"position\":1,\"name\":\"Home\",\"item\":\"https:\/\/nirigs.com\/\"},{\"@type\":\"ListItem\",\"position\":2,\"name\":\"Parcourir\",\"item\":\"https:\/\/nirigs.com\/boutique\/\"},{\"@type\":\"ListItem\",\"position\":3,\"name\":\"Leader Price &#8211; Confiture extra abricot 30% de sucres de moins &#8211; 340 g\"}]},{\"@type\":\"WebSite\",\"@id\":\"https:\/\/nirigs.com\/#website\",\"url\":\"https:\/\/nirigs.com\/\",\"name\":\"Nirigs.com\",\"description\":\"Simplifiez vos achats du quotidien \u00e0 Djibouti\",\"publisher\":{\"@id\":\"https:\/\/nirigs.com\/#organization\"},\"potentialAction\":[{\"@type\":\"SearchAction\",\"target\":{\"@type\":\"EntryPoint\",\"urlTemplate\":\"https:\/\/nirigs.com\/?s={search_term_string}\"},\"query-input\":{\"@type\":\"PropertyValueSpecification\",\"valueRequired\":true,\"valueName\":\"search_term_string\"}}],\"inLanguage\":\"ar\"},{\"@type\":\"Organization\",\"@id\":\"https:\/\/nirigs.com\/#organization\",\"name\":\"Nirigs\",\"url\":\"https:\/\/nirigs.com\/\",\"logo\":{\"@type\":\"ImageObject\",\"inLanguage\":\"ar\",\"@id\":\"https:\/\/nirigs.com\/#\/schema\/logo\/image\/\",\"url\":\"https:\/\/nirigs.com\/wp-content\/uploads\/2025\/04\/Design-sans-titre-27.png\",\"contentUrl\":\"https:\/\/nirigs.com\/wp-content\/uploads\/2025\/04\/Design-sans-titre-27.png\",\"width\":500,\"height\":500,\"caption\":\"Nirigs\"},\"image\":{\"@id\":\"https:\/\/nirigs.com\/#\/schema\/logo\/image\/\"}}]}<\/script>\n<!-- \/ Yoast SEO plugin. -->","yoast_head_json":{"title":"Leader Price - Confiture extra abricot 30% de sucres de moins - 340 g - NIRIGS","robots":{"index":"index","follow":"follow","max-snippet":"max-snippet:-1","max-image-preview":"max-image-preview:large","max-video-preview":"max-video-preview:-1"},"canonical":"https:\/\/nirigs.com\/ar\/product\/leader-price-confiture-extra-abricot-30-de-sucres-de-moins-340-g\/","og_locale":"ar_AR","og_type":"article","og_title":"Leader Price - Confiture extra abricot 30% de sucres de moins - 340 g - NIRIGS","og_description":"La confiture extra d&rsquo;abricot Leader Price est une pr\u00e9paration gourmande \u00e0 base de fruits s\u00e9lectionn\u00e9s. Avec 30% de sucres en","og_url":"https:\/\/nirigs.com\/ar\/product\/leader-price-confiture-extra-abricot-30-de-sucres-de-moins-340-g\/","og_site_name":"NIRIGS","article_modified_time":"2025-03-13T09:03:43+00:00","og_image":[{"width":1000,"height":1000,"url":"https:\/\/nirigs.com\/wp-content\/uploads\/2024\/10\/Leader-Price-Confiture-extra-abricot-30-de-sucres-de-moins-340-g-1.jpg","type":"image\/jpeg"}],"twitter_card":"summary_large_image","twitter_misc":{"\u0648\u0642\u062a \u0627\u0644\u0642\u0631\u0627\u0621\u0629 \u0627\u0644\u0645\u064f\u0642\u062f\u0651\u0631":"\u062f\u0642\u064a\u0642\u0629 \u0648\u0627\u062d\u062f\u0629"},"schema":{"@context":"https:\/\/schema.org","@graph":[{"@type":"WebPage","@id":"https:\/\/nirigs.com\/product\/leader-price-confiture-extra-abricot-30-de-sucres-de-moins-340-g\/","url":"https:\/\/nirigs.com\/product\/leader-price-confiture-extra-abricot-30-de-sucres-de-moins-340-g\/","name":"Leader Price - Confiture extra abricot 30% de sucres de moins - 340 g - NIRIGS","isPartOf":{"@id":"https:\/\/nirigs.com\/#website"},"primaryImageOfPage":{"@id":"https:\/\/nirigs.com\/product\/leader-price-confiture-extra-abricot-30-de-sucres-de-moins-340-g\/#primaryimage"},"image":{"@id":"https:\/\/nirigs.com\/product\/leader-price-confiture-extra-abricot-30-de-sucres-de-moins-340-g\/#primaryimage"},"thumbnailUrl":"https:\/\/nirigs.com\/wp-content\/uploads\/2024\/10\/Leader-Price-Confiture-extra-abricot-30-de-sucres-de-moins-340-g-1.jpg","datePublished":"2024-10-06T15:00:19+00:00","dateModified":"2025-03-13T09:03:43+00:00","breadcrumb":{"@id":"https:\/\/nirigs.com\/product\/leader-price-confiture-extra-abricot-30-de-sucres-de-moins-340-g\/#breadcrumb"},"inLanguage":"ar","potentialAction":[{"@type":"ReadAction","target":["https:\/\/nirigs.com\/product\/leader-price-confiture-extra-abricot-30-de-sucres-de-moins-340-g\/"]}]},{"@type":"ImageObject","inLanguage":"ar","@id":"https:\/\/nirigs.com\/product\/leader-price-confiture-extra-abricot-30-de-sucres-de-moins-340-g\/#primaryimage","url":"https:\/\/nirigs.com\/wp-content\/uploads\/2024\/10\/Leader-Price-Confiture-extra-abricot-30-de-sucres-de-moins-340-g-1.jpg","contentUrl":"https:\/\/nirigs.com\/wp-content\/uploads\/2024\/10\/Leader-Price-Confiture-extra-abricot-30-de-sucres-de-moins-340-g-1.jpg","width":1000,"height":1000},{"@type":"BreadcrumbList","@id":"https:\/\/nirigs.com\/product\/leader-price-confiture-extra-abricot-30-de-sucres-de-moins-340-g\/#breadcrumb","itemListElement":[{"@type":"ListItem","position":1,"name":"Home","item":"https:\/\/nirigs.com\/"},{"@type":"ListItem","position":2,"name":"Parcourir","item":"https:\/\/nirigs.com\/boutique\/"},{"@type":"ListItem","position":3,"name":"Leader Price &#8211; Confiture extra abricot 30% de sucres de moins &#8211; 340 g"}]},{"@type":"WebSite","@id":"https:\/\/nirigs.com\/#website","url":"https:\/\/nirigs.com\/","name":"Nirigs.com","description":"Simplifiez vos achats du quotidien \u00e0 Djibouti","publisher":{"@id":"https:\/\/nirigs.com\/#organization"},"potentialAction":[{"@type":"SearchAction","target":{"@type":"EntryPoint","urlTemplate":"https:\/\/nirigs.com\/?s={search_term_string}"},"query-input":{"@type":"PropertyValueSpecification","valueRequired":true,"valueName":"search_term_string"}}],"inLanguage":"ar"},{"@type":"Organization","@id":"https:\/\/nirigs.com\/#organization","name":"\u0646\u064a\u0631\u064a\u062c\u0633","url":"https:\/\/nirigs.com\/","logo":{"@type":"ImageObject","inLanguage":"ar","@id":"https:\/\/nirigs.com\/#\/schema\/logo\/image\/","url":"https:\/\/nirigs.com\/wp-content\/uploads\/2025\/04\/Design-sans-titre-27.png","contentUrl":"https:\/\/nirigs.com\/wp-content\/uploads\/2025\/04\/Design-sans-titre-27.png","width":500,"height":500,"caption":"Nirigs"},"image":{"@id":"https:\/\/nirigs.com\/#\/schema\/logo\/image\/"}}]}},"brands":[{"id":1166,"name":"\u0633\u0639\u0631 \u0627\u0644\u0632\u0639\u064a\u0645","slug":"leader-price"}],"_links":{"self":[{"href":"https:\/\/nirigs.com\/ar\/wp-json\/wp\/v2\/product\/23155","targetHints":{"allow":["GET"]}}],"collection":[{"href":"https:\/\/nirigs.com\/ar\/wp-json\/wp\/v2\/product"}],"about":[{"href":"https:\/\/nirigs.com\/ar\/wp-json\/wp\/v2\/types\/product"}],"replies":[{"embeddable":true,"href":"https:\/\/nirigs.com\/ar\/wp-json\/wp\/v2\/comments?post=23155"}],"version-history":[{"count":2,"href":"https:\/\/nirigs.com\/ar\/wp-json\/wp\/v2\/product\/23155\/revisions"}],"predecessor-version":[{"id":26185,"href":"https:\/\/nirigs.com\/ar\/wp-json\/wp\/v2\/product\/23155\/revisions\/26185"}],"wp:featuredmedia":[{"embeddable":true,"href":"https:\/\/nirigs.com\/ar\/wp-json\/wp\/v2\/media\/26571"}],"wp:attachment":[{"href":"https:\/\/nirigs.com\/ar\/wp-json\/wp\/v2\/media?parent=23155"}],"wp:term":[{"taxonomy":"pwb-brand","embeddable":true,"href":"https:\/\/nirigs.com\/ar\/wp-json\/wp\/v2\/pwb-brand?post=23155"},{"taxonomy":"product_brand","embeddable":true,"href":"https:\/\/nirigs.com\/ar\/wp-json\/wp\/v2\/product_brand?post=23155"},{"taxonomy":"product_cat","embeddable":true,"href":"https:\/\/nirigs.com\/ar\/wp-json\/wp\/v2\/product_cat?post=23155"},{"taxonomy":"product_tag","embeddable":true,"href":"https:\/\/nirigs.com\/ar\/wp-json\/wp\/v2\/product_tag?post=23155"}],"curies":[{"name":"wp","href":"https:\/\/api.w.org\/{rel}","templated":true}]}}